{"id":612,"date":"2023-10-19T05:07:52","date_gmt":"2023-10-19T05:07:52","guid":{"rendered":"https:\/\/exceladvisor.org\/pt\/filtrado\/"},"modified":"2023-12-06T11:37:54","modified_gmt":"2023-12-06T11:37:54","slug":"filtrado","status":"publish","type":"page","link":"https:\/\/exceladvisor.org\/pt\/filtrado\/","title":{"rendered":"Como filtrar uma tabela din\u00e2mica no excel?"},"content":{"rendered":"<div class=\"excel-before-content-2\" id=\"excel-1307528704\"><script type=\"text\/javascript\">\r\n\tatOptions = {\r\n\t\t'key' : 'c1158f160081d6540a8409e6925dab94',\r\n\t\t'format' : 'iframe',\r\n\t\t'height' : 250,\r\n\t\t'width' : 300,\r\n\t\t'params' : {}\r\n\t};\r\n<\/script>\r\n<script type=\"text\/javascript\" src=\"\/\/www.highperformanceformat.com\/c1158f160081d6540a8409e6925dab94\/invoke.js\"><\/script><\/div><div class=\"excel-before-content\" id=\"excel-4129280873\"><script type=\"text\/javascript\">\r\n\tatOptions = {\r\n\t\t'key' : 'c1158f160081d6540a8409e6925dab94',\r\n\t\t'format' : 'iframe',\r\n\t\t'height' : 250,\r\n\t\t'width' : 300,\r\n\t\t'params' : {}\r\n\t};\r\n<\/script>\r\n<script type=\"text\/javascript\" src=\"\/\/www.highperformanceformat.com\/c1158f160081d6540a8409e6925dab94\/invoke.js\"><\/script><\/div> <h2 class=\"wp-block-heading\">Filtros de r\u00f3tulo e filtros de valor<\/h2><p> Os filtros de r\u00f3tulo e valor s\u00e3o os filtros integrados em uma tabela din\u00e2mica. A \u00fanica coisa que diferencia os dois \u00e9 que voc\u00ea pode filtrar seus dados com base em n\u00fameros, ou seja, valores usando filtros de valor e texto usando filtros de r\u00f3tulo.<\/p><p> Simplificando, se voc\u00ea estiver filtrando n\u00fameros, dever\u00e1 usar filtros de valor e filtros de r\u00f3tulo ao brincar com texto. Voc\u00ea encontrar\u00e1 algumas op\u00e7\u00f5es interessantes ao clicar nos filtros de valor\/r\u00f3tulo. Algumas das op\u00e7\u00f5es s\u00e3o comuns, exceto as 10 primeiras, que voc\u00ea encontrar\u00e1 nos filtros de valor. <\/p><div class=\"wp-block-image\"><figure class=\"aligncenter size-large is-resized\"><img loading=\"lazy\" decoding=\"async\" class=\"wp-image-59583\" src=\"https:\/\/exceladvisor.org\/wp-content\/uploads\/2023\/08\/1-filtres-de-libelle-et-de-valeur.png\" sizes=\"auto, \" srcset=\"\" alt=\"filtros de r\u00f3tulo e valor\" width=\"451\" height=\"385\"><figcaption class=\"wp-element-caption\"> filtros de r\u00f3tulo e valor<\/figcaption><\/figure><\/div><ol type=\"1\"><li> <strong>Igual a:<\/strong> voc\u00ea pode filtrar seus dados com base em seu valor com correspond\u00eancia exata, \u00e9 como correspond\u00eancia exata para filtrar valores.<\/li><li> <strong>N\u00e3o \u00e9 igual:<\/strong> filtrar\u00e1 todos os valores que n\u00e3o contenham os valores que voc\u00ea mencionou. Este \u00e9 exatamente o oposto da op\u00e7\u00e3o anterior.<\/li><li> <strong>Come\u00e7a com:<\/strong> Isso filtrar\u00e1 os dados come\u00e7ando com o texto espec\u00edfico que voc\u00ea mencionou.<\/li><li> <strong>N\u00e3o come\u00e7a com:<\/strong> Isso o ajudar\u00e1 a filtrar quaisquer dados que n\u00e3o comecem com o texto espec\u00edfico mencionado.<\/li><li> <strong>Termina com:<\/strong> Como o nome sugere, filtra dados que terminam com um texto espec\u00edfico.<\/li><li> <strong>N\u00e3o termina com:<\/strong> \u00c9 exatamente o oposto de \u201cTermina com\u201d. Isso filtrar\u00e1 todos os dados que n\u00e3o terminam com a string mencionada.<\/li><li> <strong>Cont\u00e9m:<\/strong> Agora isso ajuda a filtrar dados que cont\u00eam texto\/palavra espec\u00edfica no meio, in\u00edcio ou fim.<\/li><li> <strong>N\u00e3o cont\u00e9m:<\/strong> Isso ajuda a filtrar dados que n\u00e3o cont\u00eam texto\/palavra espec\u00edfica.<\/li><li> <strong>Maior que:<\/strong> Este \u00e9 um filtro de valor que filtrar\u00e1 todos os dados maiores que o valor mencionado.<\/li><li> <strong>Maior ou igual a:<\/strong> Este \u00e9 um filtro de valor que filtrar\u00e1 todos os dados maiores ou iguais ao valor que voc\u00ea mencionou.<\/li><li> <strong>Menor que:<\/strong> Este \u00e9 um filtro de valor que filtrar\u00e1 todos os dados menores que o valor mencionado.<\/li><li> <strong>Menor ou igual a:<\/strong> Este \u00e9 um filtro de valor que filtrar\u00e1 todos os dados menores ou iguais ao valor que voc\u00ea mencionou.<\/li><li> <strong>Entre:<\/strong> Esta op\u00e7\u00e3o \u00e9 \u00fatil quando voc\u00ea deseja aplicar um filtro entre intervalos <strong>.<\/strong> Por exemplo, voc\u00ea deve filtrar setores com pre\u00e7os de custo entre 100 e 150.<\/li><li> <strong>N\u00e3o entre:<\/strong> Isto \u00e9 \u00fatil quando voc\u00ea deseja aplicar um filtro para alguns valores espec\u00edficos.<\/li><li> <strong>10 principais:<\/strong> quando voc\u00ea precisa filtrar os 10 primeiros ou os 10 valores inferiores em seu piv\u00f4, voc\u00ea precisa deste filtro. Isso exibir\u00e1 apenas o n\u00famero de valores escolhidos que correspondem aos seus crit\u00e9rios.<\/li><\/ol><h2 class=\"wp-block-heading\"> Usando o filtro de relat\u00f3rio<\/h2><p> Os filtros de relat\u00f3rio s\u00e3o incr\u00edveis quando voc\u00ea precisa filtrar dados com base em dois ou mais crit\u00e9rios. Para adicionar uma coluna aos filtros do relat\u00f3rio.<\/p><ul><li> Primeiro, clique em qualquer lugar da tabela din\u00e2mica e habilite a op\u00e7\u00e3o de lista de campos.<\/li><li> Agora selecione a coluna que deseja adicionar aos filtros do relat\u00f3rio. Aqui adicionaremos ind\u00fastria.<\/li><li> Aqui, arraste\/adicione a coluna Ind\u00fastria aos filtros nos campos da Tabela Din\u00e2mica. <br><img loading=\"lazy\" decoding=\"async\" title=\"2-usando o filtro de relat\u00f3rio\" src=\"https:\/\/exceladvisor.org\/wp-content\/uploads\/2023\/08\/2-a-laide-du-filtre-de-rapport.png\" sizes=\"auto, \" srcset=\"\" alt=\"using-report-filter\" width=\"279\" height=\"370\"><\/li><li> Agora a tabela din\u00e2mica ficar\u00e1 assim. <br><img loading=\"lazy\" decoding=\"async\" title=\"3 tabelas din\u00e2micas\" src=\"https:\/\/exceladvisor.org\/wp-content\/uploads\/2023\/08\/3-tableau-croise-dynamique.png\" sizes=\"auto, \" srcset=\"\" alt=\"pivot-table\" width=\"213\" height=\"488\"><\/li><li> Depois disso, clique no pequeno menu suspenso ao lado do setor. <br><img loading=\"lazy\" decoding=\"async\" title=\"4 cliques na lista suspensa\" src=\"https:\/\/exceladvisor.org\/wp-content\/uploads\/2023\/08\/4-cliquez-sur-le-menu-deroulant.png\" sizes=\"auto, \" srcset=\"\" alt=\"click-on-the-drop-down\" width=\"228\" height=\"269\"><\/li><li> Aqui voc\u00ea obter\u00e1 uma lista de setores em seus dados.<\/li><li> Agora, para selecionar v\u00e1rios, marque a caixa na parte inferior \u201cSelecionar v\u00e1rios\u201d. <br><img loading=\"lazy\" decoding=\"async\" title=\"5-selecione v\u00e1rios itens\" src=\"https:\/\/exceladvisor.org\/wp-content\/uploads\/2023\/08\/5-selectionner-plusieurs-elements.png\" sizes=\"auto, \" srcset=\"\" alt=\"select-multiple-items\" width=\"229\" height=\"260\"><\/li><li> No final, se voc\u00ea tiver uma lista longa, basta digitar na caixa de pesquisa. Aqui digitamos \u201cMed\u201d e todos os setores com o texto \u201cMed\u201d s\u00e3o filtrados. <br><img loading=\"lazy\" decoding=\"async\" title=\"6-digite-no-campo-de-pesquisa\" src=\"https:\/\/exceladvisor.org\/wp-content\/uploads\/2023\/08\/6-tapez-dans-le-champ-de-recherche.png\" sizes=\"auto, \" srcset=\"\" alt=\"type-in-the-search-box\" width=\"223\" height=\"252\"><\/li><li> Aqui voc\u00ea pode desmarcar ou selecionar os setores que deseja filtrar.<\/li><\/ul><h2 class=\"wp-block-heading\"> Barra de pesquisa<\/h2><p> A caixa de pesquisa \u00e9 o filtro mais simples e conveniente.<\/p><ul><li> Primeiro, clique na caixa de pesquisa. <br><img loading=\"lazy\" decoding=\"async\" title=\"7 cliques no campo de pesquisa\" src=\"https:\/\/exceladvisor.org\/wp-content\/uploads\/2023\/08\/7-cliquez-dans-le-champ-de-recherche.png\" sizes=\"auto, \" srcset=\"\" alt=\"click-inside-the-search-box\" width=\"229\" height=\"343\"><\/li><li> Aqui, comece a digitar o texto para filtrar os dados. <br><img loading=\"lazy\" decoding=\"async\" title=\"Texto de 8 tipos para filtrar dados\" src=\"https:\/\/exceladvisor.org\/wp-content\/uploads\/2023\/08\/8-saisir-du-texte-pour-filtrer-les-donnees.png\" sizes=\"auto, \" srcset=\"\" alt=\"type-text-to-filter-data\" width=\"236\" height=\"353\"><\/li><li> Depois disso, voc\u00ea ver\u00e1 que os dados s\u00e3o filtrados pelo texto \u201cENT\u201d. Aqui voc\u00ea notar\u00e1 que todos os itens que possuem \u201cENT\u201d est\u00e3o listados abaixo.<\/li><li> Desmarque os itens que voc\u00ea n\u00e3o precisa. <br><img loading=\"lazy\" decoding=\"async\" title=\"9-desmarque os itens\" src=\"https:\/\/exceladvisor.org\/wp-content\/uploads\/2023\/08\/9-decochez-les-elements.png\" sizes=\"auto, \" srcset=\"\" alt=\"untick-the-items\" width=\"238\" height=\"355\"><\/li><li> Pressione OK.<\/li><\/ul><h2 class=\"wp-block-heading\"> Limpar filtro de uma linha ou coluna<\/h2><h3 class=\"wp-block-heading\"> M\u00e9todo 1<\/h3><ul><li> Clique na linha\/coluna onde voc\u00ea aplicou o filtro e clique com o bot\u00e3o direito. <br><img loading=\"lazy\" decoding=\"async\" title=\"Filtro de 10 linhas ou colunas limpas\" src=\"https:\/\/exceladvisor.org\/wp-content\/uploads\/2023\/08\/10-effacer-le-filtre-de-la-ligne-ou-de-la-colonne.png\" sizes=\"auto, \" srcset=\"\" alt=\"clear-filter-from-row-or-column\" width=\"177\" height=\"376\"><\/li><li> Aqui, procure a op\u00e7\u00e3o \u201cFiltro\u201d e clique para obter a op\u00e7\u00e3o \u201cLimpar Filtro de Nome\u201d. <br><img loading=\"lazy\" decoding=\"async\" title=\"Filtro de 11 nomes claros\" src=\"https:\/\/exceladvisor.org\/wp-content\/uploads\/2023\/08\/11-effacer-le-filtre-du-nom.png\" sizes=\"auto, \" srcset=\"\" alt=\"clear-filter-from-name\" width=\"303\" height=\"310\"><\/li><\/ul><h3 class=\"wp-block-heading\"> M\u00e9todo 2<\/h3><ul><li> Outra maneira de fazer isso \u00e9 simplesmente clicar na seta ao lado da coluna \u201cNome\u201d. <br><img loading=\"lazy\" decoding=\"async\" title=\"12 cliques na seta\" src=\"https:\/\/exceladvisor.org\/wp-content\/uploads\/2023\/08\/12-cliquez-sur-la-fleche.png\" sizes=\"auto, \" srcset=\"\" alt=\"click-on-the-arrow\" width=\"240\" height=\"190\"><\/li><li> Agora clique em \u201cLimpar filtros de \u201cNome\u201d\u201d. <br><img loading=\"lazy\" decoding=\"async\" title=\"Limpar filtro em 13 cliques\" src=\"https:\/\/exceladvisor.org\/wp-content\/uploads\/2023\/08\/Effacer-le-filtre-en-13-clics.png\" sizes=\"auto, \" srcset=\"\" alt=\"click-clear-filter\" width=\"258\" height=\"385\"><\/li><\/ul><h2 class=\"wp-block-heading\"> Limpar todos os filtros<\/h2><p> Se quiser limpar todos os filtros, independentemente das colunas e linhas, siga as etapas abaixo.<\/p><ul><li> Para come\u00e7ar, clique na tabela din\u00e2mica para ativar a guia de an\u00e1lise. <br><img loading=\"lazy\" decoding=\"async\" title=\"14 filtros-limpar tudo\" src=\"https:\/\/exceladvisor.org\/wp-content\/uploads\/2023\/08\/14-Effacer-tout-le-filtre.png\" sizes=\"auto, \" srcset=\"\" alt=\"clear-all-filter\" width=\"172\" height=\"175\"><\/li><li> Agora clique na pequena seta para baixo ao lado de excluir. <br><img loading=\"lazy\" decoding=\"async\" title=\"Limpe filtros em 15 cliques\" src=\"https:\/\/exceladvisor.org\/wp-content\/uploads\/2023\/08\/Effacer-les-filtres-en-15-clics.png\" sizes=\"auto, \" srcset=\"\" alt=\"click-clear-filters\" width=\"172\" height=\"167\"><\/li><li> Por fim, clique em \u201cLimpar Filtros\u201d. Isso limpar\u00e1 todos os filtros aplicados \u00e0 tabela din\u00e2mica (em outras palavras, redefinir\u00e1 os filtros). <\/li><\/ul><div class=\"wp-block-group main-page-bottom is-layout-flow\"><div class=\"wp-block-group__inner-container\"><h2 class=\"wp-block-heading\"> Mais tutoriais de tabela din\u00e2mica <\/h2><div class=\"wp-block-columns is-layout-flex wp-container-3\"><div class=\"wp-block-column is-layout-flow\"><ul><li> <a href=\"https:\/\/exceladvisor.org\/pt\/datas-do-grupo\/\">Agrupar datas em um piv\u00f4 no Excel<\/a><\/li><li> <a href=\"https:\/\/exceladvisor.org\/pt\/vincular-o-slicer-a-varias-tabelas-dinamicas\/\">Conecte uma \u00fanica segmenta\u00e7\u00e3o de dados com v\u00e1rias tabelas din\u00e2micas no Excel<\/a><\/li><li> <a href=\"https:\/\/exceladvisor.org\/pt\/mover-a-tabela-dinamica\/\">Mover uma tabela din\u00e2mica no Excel<\/a><\/li><li> <a href=\"https:\/\/exceladvisor.org\/pt\/layout\/\">Formatando tabelas din\u00e2micas no Excel<\/a><\/li><li> <a href=\"https:\/\/exceladvisor.org\/pt\/atalhos-de-teclado-1\/\">Atalhos de teclado da tabela din\u00e2mica<\/a><\/li><\/ul><\/div><\/div><\/div><\/div>","protected":false},"excerpt":{"rendered":"","protected":false},"author":1,"featured_media":0,"parent":0,"menu_order":0,"comment_status":"open","ping_status":"closed","template":"","meta":{"ub_ctt_via":"","footnotes":""},"class_list":["post-612","page","type-page","status-publish","hentry"],"featured_image_src":null,"yoast_head":"<!-- This site is optimized with the Yoast SEO plugin v25.4 - https:\/\/yoast.com\/wordpress\/plugins\/seo\/ -->\n<title>Como filtrar uma tabela din\u00e2mica no Excel?<\/title>\n<meta name=\"description\" content=\"Neste tutorial, entenderemos como filtrar dados em uma tabela din\u00e2mica.\" \/>\n<meta name=\"robots\" content=\"index, follow, max-snippet:-1, max-image-preview:large, max-video-preview:-1\" \/>\n<link rel=\"canonical\" href=\"https:\/\/exceladvisor.org\/pt\/filtrado\/\" \/>\n<meta property=\"og:locale\" content=\"pt_PT\" \/>\n<meta property=\"og:type\" content=\"article\" \/>\n<meta property=\"og:title\" content=\"Como filtrar uma tabela din\u00e2mica no Excel?\" \/>\n<meta property=\"og:description\" content=\"Neste tutorial, entenderemos como filtrar dados em uma tabela din\u00e2mica.\" \/>\n<meta property=\"og:url\" content=\"https:\/\/exceladvisor.org\/pt\/filtrado\/\" \/>\n<meta property=\"og:site_name\" content=\"Excel Advisor\" \/>\n<meta property=\"article:modified_time\" content=\"2023-12-06T11:37:54+00:00\" \/>\n<meta property=\"og:image\" content=\"https:\/\/exceladvisor.org\/wp-content\/uploads\/2023\/08\/1-filtres-de-libelle-et-de-valeur.png\" \/>\n<meta name=\"twitter:card\" content=\"summary_large_image\" \/>\n<meta name=\"twitter:label1\" content=\"Tempo estimado de leitura\" \/>\n\t<meta name=\"twitter:data1\" content=\"4 minutos\" \/>\n<script type=\"application\/ld+json\" class=\"yoast-schema-graph\">{\"@context\":\"https:\/\/schema.org\",\"@graph\":[{\"@type\":\"WebPage\",\"@id\":\"https:\/\/exceladvisor.org\/pt\/filtrado\/\",\"url\":\"https:\/\/exceladvisor.org\/pt\/filtrado\/\",\"name\":\"Como filtrar uma tabela din\u00e2mica no Excel?\",\"isPartOf\":{\"@id\":\"https:\/\/exceladvisor.org\/pt\/#website\"},\"primaryImageOfPage\":{\"@id\":\"https:\/\/exceladvisor.org\/pt\/filtrado\/#primaryimage\"},\"image\":{\"@id\":\"https:\/\/exceladvisor.org\/pt\/filtrado\/#primaryimage\"},\"thumbnailUrl\":\"https:\/\/exceladvisor.org\/wp-content\/uploads\/2023\/08\/1-filtres-de-libelle-et-de-valeur.png\",\"datePublished\":\"2023-10-19T05:07:52+00:00\",\"dateModified\":\"2023-12-06T11:37:54+00:00\",\"description\":\"Neste tutorial, entenderemos como filtrar dados em uma tabela din\u00e2mica.\",\"breadcrumb\":{\"@id\":\"https:\/\/exceladvisor.org\/pt\/filtrado\/#breadcrumb\"},\"inLanguage\":\"pt-PT\",\"potentialAction\":[{\"@type\":\"ReadAction\",\"target\":[\"https:\/\/exceladvisor.org\/pt\/filtrado\/\"]}]},{\"@type\":\"ImageObject\",\"inLanguage\":\"pt-PT\",\"@id\":\"https:\/\/exceladvisor.org\/pt\/filtrado\/#primaryimage\",\"url\":\"https:\/\/exceladvisor.org\/wp-content\/uploads\/2023\/08\/1-filtres-de-libelle-et-de-valeur.png\",\"contentUrl\":\"https:\/\/exceladvisor.org\/wp-content\/uploads\/2023\/08\/1-filtres-de-libelle-et-de-valeur.png\"},{\"@type\":\"BreadcrumbList\",\"@id\":\"https:\/\/exceladvisor.org\/pt\/filtrado\/#breadcrumb\",\"itemListElement\":[{\"@type\":\"ListItem\",\"position\":1,\"name\":\"Lar\",\"item\":\"https:\/\/exceladvisor.org\/pt\/\"},{\"@type\":\"ListItem\",\"position\":2,\"name\":\"Como filtrar uma tabela din\u00e2mica no excel?\"}]},{\"@type\":\"WebSite\",\"@id\":\"https:\/\/exceladvisor.org\/pt\/#website\",\"url\":\"https:\/\/exceladvisor.org\/pt\/\",\"name\":\"Excel Advisor\",\"description\":\"O seu guia definitivo para dominar os dados!\",\"publisher\":{\"@id\":\"https:\/\/exceladvisor.org\/pt\/#organization\"},\"potentialAction\":[{\"@type\":\"SearchAction\",\"target\":{\"@type\":\"EntryPoint\",\"urlTemplate\":\"https:\/\/exceladvisor.org\/pt\/?s={search_term_string}\"},\"query-input\":{\"@type\":\"PropertyValueSpecification\",\"valueRequired\":true,\"valueName\":\"search_term_string\"}}],\"inLanguage\":\"pt-PT\"},{\"@type\":\"Organization\",\"@id\":\"https:\/\/exceladvisor.org\/pt\/#organization\",\"name\":\"Excel Advisor\",\"url\":\"https:\/\/exceladvisor.org\/pt\/\",\"logo\":{\"@type\":\"ImageObject\",\"inLanguage\":\"pt-PT\",\"@id\":\"https:\/\/exceladvisor.org\/pt\/#\/schema\/logo\/image\/\",\"url\":\"https:\/\/exceladvisor.org\/pt\/wp-content\/uploads\/2023\/12\/exceladvisor.org_.png\",\"contentUrl\":\"https:\/\/exceladvisor.org\/pt\/wp-content\/uploads\/2023\/12\/exceladvisor.org_.png\",\"width\":105,\"height\":36,\"caption\":\"Excel Advisor\"},\"image\":{\"@id\":\"https:\/\/exceladvisor.org\/pt\/#\/schema\/logo\/image\/\"}}]}<\/script>\n<!-- \/ Yoast SEO plugin. -->","yoast_head_json":{"title":"Como filtrar uma tabela din\u00e2mica no Excel?","description":"Neste tutorial, entenderemos como filtrar dados em uma tabela din\u00e2mica.","robots":{"index":"index","follow":"follow","max-snippet":"max-snippet:-1","max-image-preview":"max-image-preview:large","max-video-preview":"max-video-preview:-1"},"canonical":"https:\/\/exceladvisor.org\/pt\/filtrado\/","og_locale":"pt_PT","og_type":"article","og_title":"Como filtrar uma tabela din\u00e2mica no Excel?","og_description":"Neste tutorial, entenderemos como filtrar dados em uma tabela din\u00e2mica.","og_url":"https:\/\/exceladvisor.org\/pt\/filtrado\/","og_site_name":"Excel Advisor","article_modified_time":"2023-12-06T11:37:54+00:00","og_image":[{"url":"https:\/\/exceladvisor.org\/wp-content\/uploads\/2023\/08\/1-filtres-de-libelle-et-de-valeur.png","type":"","width":"","height":""}],"twitter_card":"summary_large_image","twitter_misc":{"Tempo estimado de leitura":"4 minutos"},"schema":{"@context":"https:\/\/schema.org","@graph":[{"@type":"WebPage","@id":"https:\/\/exceladvisor.org\/pt\/filtrado\/","url":"https:\/\/exceladvisor.org\/pt\/filtrado\/","name":"Como filtrar uma tabela din\u00e2mica no Excel?","isPartOf":{"@id":"https:\/\/exceladvisor.org\/pt\/#website"},"primaryImageOfPage":{"@id":"https:\/\/exceladvisor.org\/pt\/filtrado\/#primaryimage"},"image":{"@id":"https:\/\/exceladvisor.org\/pt\/filtrado\/#primaryimage"},"thumbnailUrl":"https:\/\/exceladvisor.org\/wp-content\/uploads\/2023\/08\/1-filtres-de-libelle-et-de-valeur.png","datePublished":"2023-10-19T05:07:52+00:00","dateModified":"2023-12-06T11:37:54+00:00","description":"Neste tutorial, entenderemos como filtrar dados em uma tabela din\u00e2mica.","breadcrumb":{"@id":"https:\/\/exceladvisor.org\/pt\/filtrado\/#breadcrumb"},"inLanguage":"pt-PT","potentialAction":[{"@type":"ReadAction","target":["https:\/\/exceladvisor.org\/pt\/filtrado\/"]}]},{"@type":"ImageObject","inLanguage":"pt-PT","@id":"https:\/\/exceladvisor.org\/pt\/filtrado\/#primaryimage","url":"https:\/\/exceladvisor.org\/wp-content\/uploads\/2023\/08\/1-filtres-de-libelle-et-de-valeur.png","contentUrl":"https:\/\/exceladvisor.org\/wp-content\/uploads\/2023\/08\/1-filtres-de-libelle-et-de-valeur.png"},{"@type":"BreadcrumbList","@id":"https:\/\/exceladvisor.org\/pt\/filtrado\/#breadcrumb","itemListElement":[{"@type":"ListItem","position":1,"name":"Lar","item":"https:\/\/exceladvisor.org\/pt\/"},{"@type":"ListItem","position":2,"name":"Como filtrar uma tabela din\u00e2mica no excel?"}]},{"@type":"WebSite","@id":"https:\/\/exceladvisor.org\/pt\/#website","url":"https:\/\/exceladvisor.org\/pt\/","name":"Excel Advisor","description":"O seu guia definitivo para dominar os dados!","publisher":{"@id":"https:\/\/exceladvisor.org\/pt\/#organization"},"potentialAction":[{"@type":"SearchAction","target":{"@type":"EntryPoint","urlTemplate":"https:\/\/exceladvisor.org\/pt\/?s={search_term_string}"},"query-input":{"@type":"PropertyValueSpecification","valueRequired":true,"valueName":"search_term_string"}}],"inLanguage":"pt-PT"},{"@type":"Organization","@id":"https:\/\/exceladvisor.org\/pt\/#organization","name":"Excel Advisor","url":"https:\/\/exceladvisor.org\/pt\/","logo":{"@type":"ImageObject","inLanguage":"pt-PT","@id":"https:\/\/exceladvisor.org\/pt\/#\/schema\/logo\/image\/","url":"https:\/\/exceladvisor.org\/pt\/wp-content\/uploads\/2023\/12\/exceladvisor.org_.png","contentUrl":"https:\/\/exceladvisor.org\/pt\/wp-content\/uploads\/2023\/12\/exceladvisor.org_.png","width":105,"height":36,"caption":"Excel Advisor"},"image":{"@id":"https:\/\/exceladvisor.org\/pt\/#\/schema\/logo\/image\/"}}]}},"yoast_meta":{"yoast_wpseo_title":"","yoast_wpseo_metadesc":"","yoast_wpseo_canonical":""},"_links":{"self":[{"href":"https:\/\/exceladvisor.org\/pt\/wp-json\/wp\/v2\/pages\/612","targetHints":{"allow":["GET"]}}],"collection":[{"href":"https:\/\/exceladvisor.org\/pt\/wp-json\/wp\/v2\/pages"}],"about":[{"href":"https:\/\/exceladvisor.org\/pt\/wp-json\/wp\/v2\/types\/page"}],"author":[{"embeddable":true,"href":"https:\/\/exceladvisor.org\/pt\/wp-json\/wp\/v2\/users\/1"}],"replies":[{"embeddable":true,"href":"https:\/\/exceladvisor.org\/pt\/wp-json\/wp\/v2\/comments?post=612"}],"version-history":[{"count":1,"href":"https:\/\/exceladvisor.org\/pt\/wp-json\/wp\/v2\/pages\/612\/revisions"}],"predecessor-version":[{"id":1078,"href":"https:\/\/exceladvisor.org\/pt\/wp-json\/wp\/v2\/pages\/612\/revisions\/1078"}],"wp:attachment":[{"href":"https:\/\/exceladvisor.org\/pt\/wp-json\/wp\/v2\/media?parent=612"}],"curies":[{"name":"wp","href":"https:\/\/api.w.org\/{rel}","templated":true}]}}