{"id":613,"date":"2023-10-19T04:10:16","date_gmt":"2023-10-19T04:10:16","guid":{"rendered":"https:\/\/exceladvisor.org\/pt\/calculo-em-tabela-dinamica\/"},"modified":"2023-12-06T11:44:15","modified_gmt":"2023-12-06T11:44:15","slug":"calculo-em-tabela-dinamica","status":"publish","type":"page","link":"https:\/\/exceladvisor.org\/pt\/calculo-em-tabela-dinamica\/","title":{"rendered":"Como usar itens e campos calculados no excel?"},"content":{"rendered":"<div class=\"excel-before-content-2\" id=\"excel-793186085\"><script type=\"text\/javascript\">\r\n\tatOptions = {\r\n\t\t'key' : 'c1158f160081d6540a8409e6925dab94',\r\n\t\t'format' : 'iframe',\r\n\t\t'height' : 250,\r\n\t\t'width' : 300,\r\n\t\t'params' : {}\r\n\t};\r\n<\/script>\r\n<script type=\"text\/javascript\" src=\"\/\/www.highperformanceformat.com\/c1158f160081d6540a8409e6925dab94\/invoke.js\"><\/script><\/div><div class=\"excel-before-content\" id=\"excel-390450658\"><script type=\"text\/javascript\">\r\n\tatOptions = {\r\n\t\t'key' : 'c1158f160081d6540a8409e6925dab94',\r\n\t\t'format' : 'iframe',\r\n\t\t'height' : 250,\r\n\t\t'width' : 300,\r\n\t\t'params' : {}\r\n\t};\r\n<\/script>\r\n<script type=\"text\/javascript\" src=\"\/\/www.highperformanceformat.com\/c1158f160081d6540a8409e6925dab94\/invoke.js\"><\/script><\/div> <p>Uma das melhores maneiras de se tornar um usu\u00e1rio <a style=\"outline: none;\" href=\"https:\/\/exceladvisor.org\/pt\/tabela-dinamica-3\/\" data-wpel-link=\"internal\">avan\u00e7ado de tabela din\u00e2mica<\/a> e usar o Excel para an\u00e1lise de dados \u00e9 usar itens e campos calculados em uma tabela din\u00e2mica.<\/p><p> Use f\u00f3rmulas em uma tabela din\u00e2mica ou c\u00e1lculo personalizado que n\u00e3o existem nos dados de origem, mas funcionam como outros campos.<\/p><p> Em termos simples, estes s\u00e3o os c\u00e1lculos da tabela din\u00e2mica. No exemplo abaixo, voc\u00ea pode ver uma tabela din\u00e2mica com um campo calculado que calcula o pre\u00e7o m\u00e9dio de venda. Por outro lado, os dados de origem n\u00e3o possuem nenhum tipo de campo como este. <\/p><div class=\"wp-block-image\"><figure class=\"aligncenter\"><img decoding=\"async\" title=\"inserir c\u00e1lculo na tabela din\u00e2mica\" src=\"https:\/\/exceladvisor.org\/wp-content\/uploads\/2023\/08\/inserer-le-calcul-dans-le-tableau-croise-dynamique-10.png\" sizes=\"\" srcset=\"\" alt=\"insert calculation in pivot table\"><\/figure><\/div><p class=\"qt-tip\"> As tabelas din\u00e2micas fazem parte das <a style=\"outline: none;\" href=\"https:\/\/exceladvisor.org\/pt\/habilidades-de-excelencia\/\">HABILIDADES INTERMEDI\u00c1RIAS DE EXCEL<\/a> .<\/p><h2 class=\"wp-block-heading\"> Campo calculado em uma tabela din\u00e2mica<\/h2><p> Na Tabela Din\u00e2mica do Excel, o campo calculado \u00e9 como todos os outros campos da Tabela Din\u00e2mica, mas n\u00e3o existem nos dados de origem. Mas eles s\u00e3o criados usando f\u00f3rmulas na tabela din\u00e2mica. Siga estas etapas simples para inserir o campo calculado em uma tabela din\u00e2mica.<\/p><ol><li> Primeiro, voc\u00ea precisa de uma tabela din\u00e2mica simples para adicionar um campo calculado. <br><img decoding=\"async\" title=\"Inserir c\u00e1lculo na tabela din\u00e2mica 2\" src=\"https:\/\/exceladvisor.org\/wp-content\/uploads\/2023\/08\/Inserer-le-calcul-dans-le-tableau-croise-dynamique-2-1.png\" sizes=\"\" srcset=\"\" alt=\"Use A Simple Data Table To Add Calculated Field To Insert Calculation In Pivot Table\"><\/li><li> Basta clicar em um dos campos da sua tabela din\u00e2mica. Voc\u00ea ver\u00e1 uma op\u00e7\u00e3o de tabela din\u00e2mica em sua faixa de op\u00e7\u00f5es que ainda possui duas op\u00e7\u00f5es <strong>(Analisar e Design).<\/strong> Clique na op\u00e7\u00e3o de an\u00e1lise e, em seguida, clique em <strong>Campos, itens e conjuntos<\/strong> . Voc\u00ea receber\u00e1 ainda uma lista de op\u00e7\u00f5es, basta clicar no campo calculado. <br><img decoding=\"async\" title=\"Inserir c\u00e1lculo na tabela din\u00e2mica 3\" src=\"https:\/\/exceladvisor.org\/wp-content\/uploads\/2023\/08\/Inserer-le-calcul-dans-le-tableau-croise-dynamique-3-1.png\" sizes=\"\" srcset=\"\" alt=\"Insert Calculated Field To Add Calculation In Pivot Table\"><\/li><li> Ap\u00f3s clicar no campo calculado, voc\u00ea receber\u00e1 um menu de contexto, como abaixo. Este menu de contexto vem com duas op\u00e7\u00f5es de entrada (nome e f\u00f3rmula) e uma op\u00e7\u00e3o de sele\u00e7\u00e3o. <br><img decoding=\"async\" title=\"Inserir c\u00e1lculo na tabela din\u00e2mica 4\" src=\"https:\/\/exceladvisor.org\/wp-content\/uploads\/2023\/08\/Inserer-le-calcul-dans-le-tableau-croise-dynamique-4-1.png\" sizes=\"\" srcset=\"\" alt=\"Calculated Field Pop-Up Box To Insert Calculation In Pivot Table\"><\/li><li> <strong data-rich-text-format-boundary=\"true\">Nome:<\/strong> Nome do campo calculado que ser\u00e1 exibido em sua tabela din\u00e2mica.<\/li><li> <strong>F\u00f3rmula:<\/strong> uma op\u00e7\u00e3o de entrada para inserir uma f\u00f3rmula para o campo calculado.<\/li><li> <strong>Campos:<\/strong> uma op\u00e7\u00e3o suspensa para selecionar outros campos dos dados de origem para calcular um novo campo.<\/li><\/ol><h2 id=\"4\" class=\"wp-block-heading\"> Itens calculados em uma tabela din\u00e2mica<\/h2><p> Os itens calculados s\u00e3o como quaisquer outros itens da tabela din\u00e2mica, mas a diferen\u00e7a \u00e9 que eles n\u00e3o existem nos dados de origem. Eles s\u00e3o simplesmente criados usando uma f\u00f3rmula. Voc\u00ea pode editar, editar ou excluir itens calculados conforme necess\u00e1rio.<\/p><ol><li> Basta clicar em um dos itens da sua tabela din\u00e2mica. Voc\u00ea ver\u00e1 uma op\u00e7\u00e3o de Tabela Din\u00e2mica na faixa de op\u00e7\u00f5es junto com outras duas op\u00e7\u00f5es (Analisar e Design).<\/li><li> Clique em Analisar e em Campos, Elementos e Conjuntos.<\/li><li> Voc\u00ea ainda obter\u00e1 uma lista de op\u00e7\u00f5es, basta clicar em Item Calculado. <br><img decoding=\"async\" title=\"Inserir-c\u00e1lculo-na-tabela din\u00e2mica-7\" src=\"https:\/\/exceladvisor.org\/wp-content\/uploads\/2023\/08\/Inserer-le-calcul-dans-le-tableau-croise-dynamique-7-1.png\" sizes=\"\" srcset=\"\" alt=\"Calculated Item Dialog Box To Insert Calculation In Pivot Table\"><\/li><li> Ap\u00f3s clicar no item calculado, voc\u00ea receber\u00e1 um menu de contexto, como acima. Este menu de contexto inclui duas op\u00e7\u00f5es de entrada (Nome e F\u00f3rmula) e duas op\u00e7\u00f5es de sele\u00e7\u00e3o (Campo e Itens).<\/li><li> J\u00e1 falamos sobre \u201c <strong>Nome, F\u00f3rmula e Campos<\/strong> \u201d em campos calculados.<\/li><li> <strong>Elementos<\/strong> : Para selecionar os elementos a serem calculados.<\/li><li> Neste exemplo calcularemos o pre\u00e7o m\u00e9dio de venda e a f\u00f3rmula ser\u00e1 = valor\/quantidade.<\/li><li> Na op\u00e7\u00e3o Campos, selecione Valor e clique em inserir, em seguida insira o operador de divis\u00e3o \u201c\/\u201d e em seguida insira a quantidade.<\/li><li> Pressione OK.<\/li><li> Agora um novo campo aparece em sua tabela din\u00e2mica. <br><img decoding=\"async\" title=\"Inserir c\u00e1lculo na tabela din\u00e2mica 5\" src=\"https:\/\/exceladvisor.org\/wp-content\/uploads\/2023\/08\/Inserer-le-calcul-dans-le-tableau-croise-dynamique-5-1.png\" sizes=\"\" srcset=\"\" alt=\"Insert Formula In Calculated Feild To Insert Calculation In Pivot Table\"><\/li><li> Seu novo campo calculado \u00e9 criado sem qualquer formato num\u00e9rico. <br><img decoding=\"async\" title=\"Inserir c\u00e1lculo na tabela din\u00e2mica 6\" src=\"https:\/\/exceladvisor.org\/wp-content\/uploads\/2023\/08\/Inserer-le-calcul-dans-le-tableau-croise-dynamique-6-1.png\" sizes=\"\" srcset=\"\" alt=\"Your New Calculated Field By inserting Calculation In Pivot Table\"><\/li><\/ol><p> Neste exemplo, calcularemos a m\u00e9dia do primeiro semestre e do segundo semestre. Basta adicionar a f\u00f3rmula.<\/p><pre class=\"wp-block-code\"> <code class=\"language-excel-formula\" lang=\"excel-formula\">=average(jan, feb, mar, apr, may, jun)<\/code><\/pre><p> Agora voc\u00ea precisa calcular seus itens piv\u00f4s, mostrando uma m\u00e9dia dos primeiros seis meses e dos \u00faltimos seis meses do ano. <\/p><div class=\"wp-block-image\"><figure class=\"aligncenter\"><img decoding=\"async\" src=\"https:\/\/exceladvisor.org\/wp-content\/uploads\/2023\/08\/Inserer-le-calcul-dans-le-tableau-croise-dynamique-8-1.png\" sizes=\"\" srcset=\"\" alt=\"Insira um item calculado para adicionar um c\u00e1lculo \u00e0 tabela din\u00e2mica\"><\/figure><\/div><p> <span style=\"color: #333333;\">Mas espere um minuto. O que \u00e9 isso? O total geral vai de US$ 1.506 e US$ 311.820 para US$ 1.746 e US$ 361.600.<\/span> <\/p><div class=\"wp-block-image\"><figure class=\"aligncenter\"><img decoding=\"async\" src=\"https:\/\/exceladvisor.org\/wp-content\/uploads\/2023\/08\/Inserer-le-calcul-dans-le-tableau-croise-dynamique-9-1.png\" sizes=\"\" srcset=\"\" alt=\"Item calculado inserido para inserir c\u00e1lculo na tabela din\u00e2mica\"><\/figure><\/div><p> A raz\u00e3o por tr\u00e1s disso \u00e9 que os totais e subtotais da tabela din\u00e2mica incluem os campos calculados durante o c\u00e1lculo do total e do subtotal. Portanto, voc\u00ea precisa filtrar os itens calculados se quiser exibir a imagem real.<\/p><h2 id=\"6\" class=\"wp-block-heading\"> Coisas para lembrar<\/h2><ol><li> Lembre-se de remover 0 da op\u00e7\u00e3o de entrada de f\u00f3rmula ao inserir uma f\u00f3rmula para c\u00e1lculo.<\/li><li> Voc\u00ea s\u00f3 pode usar f\u00f3rmulas que n\u00e3o exijam refer\u00eancias de c\u00e9lulas.<\/li><li> Voc\u00ea deve verificar se os itens calculados afetam seus resultados din\u00e2micos (subtotais e totais gerais).<\/li><li> Ajuste a ordem da solu\u00e7\u00e3o de acordo com seus requisitos de c\u00e1lculo. <\/li><\/ol><div class=\"wp-block-group main-page-bottom is-layout-flow\"><div class=\"wp-block-group__inner-container\"><h2 class=\"wp-block-heading\"> Saiba mais sobre tabelas din\u00e2micas<\/h2><ul><li> <a href=\"https:\/\/exceladvisor.org\/pt\/contar-valores-unicos\/\">Conte valores \u00fanicos em uma tabela din\u00e2mica no Excel<\/a><\/li><li> <a href=\"https:\/\/exceladvisor.org\/pt\/coluna-de-classificacoes\/\">Adicionar linhas na tabela din\u00e2mica no Excel<\/a><\/li><li> <a href=\"https:\/\/exceladvisor.org\/pt\/datas-do-grupo\/\">Agrupar datas em uma tabela din\u00e2mica<\/a><\/li><\/ul><\/div><\/div>","protected":false},"excerpt":{"rendered":"","protected":false},"author":1,"featured_media":0,"parent":0,"menu_order":0,"comment_status":"open","ping_status":"closed","template":"","meta":{"ub_ctt_via":"","footnotes":""},"class_list":["post-613","page","type-page","status-publish","hentry"],"featured_image_src":null,"yoast_head":"<!-- This site is optimized with the Yoast SEO plugin v25.4 - https:\/\/yoast.com\/wordpress\/plugins\/seo\/ -->\n<title>Como usar itens e campos calculados no Excel?<\/title>\n<meta name=\"description\" content=\"O c\u00e1lculo na tabela din\u00e2mica pode ser feito calculando campos e itens calculados.\" \/>\n<meta name=\"robots\" content=\"index, follow, max-snippet:-1, max-image-preview:large, max-video-preview:-1\" \/>\n<link rel=\"canonical\" href=\"https:\/\/exceladvisor.org\/pt\/calculo-em-tabela-dinamica\/\" \/>\n<meta property=\"og:locale\" content=\"pt_PT\" \/>\n<meta property=\"og:type\" content=\"article\" \/>\n<meta property=\"og:title\" content=\"Como usar itens e campos calculados no Excel?\" \/>\n<meta property=\"og:description\" content=\"O c\u00e1lculo na tabela din\u00e2mica pode ser feito calculando campos e itens calculados.\" \/>\n<meta property=\"og:url\" content=\"https:\/\/exceladvisor.org\/pt\/calculo-em-tabela-dinamica\/\" \/>\n<meta property=\"og:site_name\" content=\"Excel Advisor\" \/>\n<meta property=\"article:modified_time\" content=\"2023-12-06T11:44:15+00:00\" \/>\n<meta property=\"og:image\" content=\"https:\/\/exceladvisor.org\/wp-content\/uploads\/2023\/08\/inserer-le-calcul-dans-le-tableau-croise-dynamique-10.png\" \/>\n<meta name=\"twitter:card\" content=\"summary_large_image\" \/>\n<meta name=\"twitter:label1\" content=\"Tempo estimado de leitura\" \/>\n\t<meta name=\"twitter:data1\" content=\"4 minutos\" \/>\n<script type=\"application\/ld+json\" class=\"yoast-schema-graph\">{\"@context\":\"https:\/\/schema.org\",\"@graph\":[{\"@type\":\"WebPage\",\"@id\":\"https:\/\/exceladvisor.org\/pt\/calculo-em-tabela-dinamica\/\",\"url\":\"https:\/\/exceladvisor.org\/pt\/calculo-em-tabela-dinamica\/\",\"name\":\"Como usar itens e campos calculados no Excel?\",\"isPartOf\":{\"@id\":\"https:\/\/exceladvisor.org\/pt\/#website\"},\"primaryImageOfPage\":{\"@id\":\"https:\/\/exceladvisor.org\/pt\/calculo-em-tabela-dinamica\/#primaryimage\"},\"image\":{\"@id\":\"https:\/\/exceladvisor.org\/pt\/calculo-em-tabela-dinamica\/#primaryimage\"},\"thumbnailUrl\":\"https:\/\/exceladvisor.org\/wp-content\/uploads\/2023\/08\/inserer-le-calcul-dans-le-tableau-croise-dynamique-10.png\",\"datePublished\":\"2023-10-19T04:10:16+00:00\",\"dateModified\":\"2023-12-06T11:44:15+00:00\",\"description\":\"O c\u00e1lculo na tabela din\u00e2mica pode ser feito calculando campos e itens calculados.\",\"breadcrumb\":{\"@id\":\"https:\/\/exceladvisor.org\/pt\/calculo-em-tabela-dinamica\/#breadcrumb\"},\"inLanguage\":\"pt-PT\",\"potentialAction\":[{\"@type\":\"ReadAction\",\"target\":[\"https:\/\/exceladvisor.org\/pt\/calculo-em-tabela-dinamica\/\"]}]},{\"@type\":\"ImageObject\",\"inLanguage\":\"pt-PT\",\"@id\":\"https:\/\/exceladvisor.org\/pt\/calculo-em-tabela-dinamica\/#primaryimage\",\"url\":\"https:\/\/exceladvisor.org\/wp-content\/uploads\/2023\/08\/inserer-le-calcul-dans-le-tableau-croise-dynamique-10.png\",\"contentUrl\":\"https:\/\/exceladvisor.org\/wp-content\/uploads\/2023\/08\/inserer-le-calcul-dans-le-tableau-croise-dynamique-10.png\"},{\"@type\":\"BreadcrumbList\",\"@id\":\"https:\/\/exceladvisor.org\/pt\/calculo-em-tabela-dinamica\/#breadcrumb\",\"itemListElement\":[{\"@type\":\"ListItem\",\"position\":1,\"name\":\"Lar\",\"item\":\"https:\/\/exceladvisor.org\/pt\/\"},{\"@type\":\"ListItem\",\"position\":2,\"name\":\"Como usar itens e campos calculados no excel?\"}]},{\"@type\":\"WebSite\",\"@id\":\"https:\/\/exceladvisor.org\/pt\/#website\",\"url\":\"https:\/\/exceladvisor.org\/pt\/\",\"name\":\"Excel Advisor\",\"description\":\"O seu guia definitivo para dominar os dados!\",\"publisher\":{\"@id\":\"https:\/\/exceladvisor.org\/pt\/#organization\"},\"potentialAction\":[{\"@type\":\"SearchAction\",\"target\":{\"@type\":\"EntryPoint\",\"urlTemplate\":\"https:\/\/exceladvisor.org\/pt\/?s={search_term_string}\"},\"query-input\":{\"@type\":\"PropertyValueSpecification\",\"valueRequired\":true,\"valueName\":\"search_term_string\"}}],\"inLanguage\":\"pt-PT\"},{\"@type\":\"Organization\",\"@id\":\"https:\/\/exceladvisor.org\/pt\/#organization\",\"name\":\"Excel Advisor\",\"url\":\"https:\/\/exceladvisor.org\/pt\/\",\"logo\":{\"@type\":\"ImageObject\",\"inLanguage\":\"pt-PT\",\"@id\":\"https:\/\/exceladvisor.org\/pt\/#\/schema\/logo\/image\/\",\"url\":\"https:\/\/exceladvisor.org\/pt\/wp-content\/uploads\/2023\/12\/exceladvisor.org_.png\",\"contentUrl\":\"https:\/\/exceladvisor.org\/pt\/wp-content\/uploads\/2023\/12\/exceladvisor.org_.png\",\"width\":105,\"height\":36,\"caption\":\"Excel Advisor\"},\"image\":{\"@id\":\"https:\/\/exceladvisor.org\/pt\/#\/schema\/logo\/image\/\"}}]}<\/script>\n<!-- \/ Yoast SEO plugin. -->","yoast_head_json":{"title":"Como usar itens e campos calculados no Excel?","description":"O c\u00e1lculo na tabela din\u00e2mica pode ser feito calculando campos e itens calculados.","robots":{"index":"index","follow":"follow","max-snippet":"max-snippet:-1","max-image-preview":"max-image-preview:large","max-video-preview":"max-video-preview:-1"},"canonical":"https:\/\/exceladvisor.org\/pt\/calculo-em-tabela-dinamica\/","og_locale":"pt_PT","og_type":"article","og_title":"Como usar itens e campos calculados no Excel?","og_description":"O c\u00e1lculo na tabela din\u00e2mica pode ser feito calculando campos e itens calculados.","og_url":"https:\/\/exceladvisor.org\/pt\/calculo-em-tabela-dinamica\/","og_site_name":"Excel Advisor","article_modified_time":"2023-12-06T11:44:15+00:00","og_image":[{"url":"https:\/\/exceladvisor.org\/wp-content\/uploads\/2023\/08\/inserer-le-calcul-dans-le-tableau-croise-dynamique-10.png","type":"","width":"","height":""}],"twitter_card":"summary_large_image","twitter_misc":{"Tempo estimado de leitura":"4 minutos"},"schema":{"@context":"https:\/\/schema.org","@graph":[{"@type":"WebPage","@id":"https:\/\/exceladvisor.org\/pt\/calculo-em-tabela-dinamica\/","url":"https:\/\/exceladvisor.org\/pt\/calculo-em-tabela-dinamica\/","name":"Como usar itens e campos calculados no Excel?","isPartOf":{"@id":"https:\/\/exceladvisor.org\/pt\/#website"},"primaryImageOfPage":{"@id":"https:\/\/exceladvisor.org\/pt\/calculo-em-tabela-dinamica\/#primaryimage"},"image":{"@id":"https:\/\/exceladvisor.org\/pt\/calculo-em-tabela-dinamica\/#primaryimage"},"thumbnailUrl":"https:\/\/exceladvisor.org\/wp-content\/uploads\/2023\/08\/inserer-le-calcul-dans-le-tableau-croise-dynamique-10.png","datePublished":"2023-10-19T04:10:16+00:00","dateModified":"2023-12-06T11:44:15+00:00","description":"O c\u00e1lculo na tabela din\u00e2mica pode ser feito calculando campos e itens calculados.","breadcrumb":{"@id":"https:\/\/exceladvisor.org\/pt\/calculo-em-tabela-dinamica\/#breadcrumb"},"inLanguage":"pt-PT","potentialAction":[{"@type":"ReadAction","target":["https:\/\/exceladvisor.org\/pt\/calculo-em-tabela-dinamica\/"]}]},{"@type":"ImageObject","inLanguage":"pt-PT","@id":"https:\/\/exceladvisor.org\/pt\/calculo-em-tabela-dinamica\/#primaryimage","url":"https:\/\/exceladvisor.org\/wp-content\/uploads\/2023\/08\/inserer-le-calcul-dans-le-tableau-croise-dynamique-10.png","contentUrl":"https:\/\/exceladvisor.org\/wp-content\/uploads\/2023\/08\/inserer-le-calcul-dans-le-tableau-croise-dynamique-10.png"},{"@type":"BreadcrumbList","@id":"https:\/\/exceladvisor.org\/pt\/calculo-em-tabela-dinamica\/#breadcrumb","itemListElement":[{"@type":"ListItem","position":1,"name":"Lar","item":"https:\/\/exceladvisor.org\/pt\/"},{"@type":"ListItem","position":2,"name":"Como usar itens e campos calculados no excel?"}]},{"@type":"WebSite","@id":"https:\/\/exceladvisor.org\/pt\/#website","url":"https:\/\/exceladvisor.org\/pt\/","name":"Excel Advisor","description":"O seu guia definitivo para dominar os dados!","publisher":{"@id":"https:\/\/exceladvisor.org\/pt\/#organization"},"potentialAction":[{"@type":"SearchAction","target":{"@type":"EntryPoint","urlTemplate":"https:\/\/exceladvisor.org\/pt\/?s={search_term_string}"},"query-input":{"@type":"PropertyValueSpecification","valueRequired":true,"valueName":"search_term_string"}}],"inLanguage":"pt-PT"},{"@type":"Organization","@id":"https:\/\/exceladvisor.org\/pt\/#organization","name":"Excel Advisor","url":"https:\/\/exceladvisor.org\/pt\/","logo":{"@type":"ImageObject","inLanguage":"pt-PT","@id":"https:\/\/exceladvisor.org\/pt\/#\/schema\/logo\/image\/","url":"https:\/\/exceladvisor.org\/pt\/wp-content\/uploads\/2023\/12\/exceladvisor.org_.png","contentUrl":"https:\/\/exceladvisor.org\/pt\/wp-content\/uploads\/2023\/12\/exceladvisor.org_.png","width":105,"height":36,"caption":"Excel Advisor"},"image":{"@id":"https:\/\/exceladvisor.org\/pt\/#\/schema\/logo\/image\/"}}]}},"yoast_meta":{"yoast_wpseo_title":"","yoast_wpseo_metadesc":"","yoast_wpseo_canonical":""},"_links":{"self":[{"href":"https:\/\/exceladvisor.org\/pt\/wp-json\/wp\/v2\/pages\/613","targetHints":{"allow":["GET"]}}],"collection":[{"href":"https:\/\/exceladvisor.org\/pt\/wp-json\/wp\/v2\/pages"}],"about":[{"href":"https:\/\/exceladvisor.org\/pt\/wp-json\/wp\/v2\/types\/page"}],"author":[{"embeddable":true,"href":"https:\/\/exceladvisor.org\/pt\/wp-json\/wp\/v2\/users\/1"}],"replies":[{"embeddable":true,"href":"https:\/\/exceladvisor.org\/pt\/wp-json\/wp\/v2\/comments?post=613"}],"version-history":[{"count":1,"href":"https:\/\/exceladvisor.org\/pt\/wp-json\/wp\/v2\/pages\/613\/revisions"}],"predecessor-version":[{"id":1357,"href":"https:\/\/exceladvisor.org\/pt\/wp-json\/wp\/v2\/pages\/613\/revisions\/1357"}],"wp:attachment":[{"href":"https:\/\/exceladvisor.org\/pt\/wp-json\/wp\/v2\/media?parent=613"}],"curies":[{"name":"wp","href":"https:\/\/api.w.org\/{rel}","templated":true}]}}