{"id":614,"date":"2023-10-18T23:45:41","date_gmt":"2023-10-18T23:45:41","guid":{"rendered":"https:\/\/exceladvisor.org\/pt\/mudar-numero-negativo-para-positivo\/"},"modified":"2023-12-06T11:35:52","modified_gmt":"2023-12-06T11:35:52","slug":"mudar-numero-negativo-para-positivo","status":"publish","type":"page","link":"https:\/\/exceladvisor.org\/pt\/mudar-numero-negativo-para-positivo\/","title":{"rendered":"Como converter um n\u00famero negativo em positivo no excel?"},"content":{"rendered":"<div class=\"excel-before-content-2\" id=\"excel-1283573716\"><script type=\"text\/javascript\">\r\n\tatOptions = {\r\n\t\t'key' : 'c1158f160081d6540a8409e6925dab94',\r\n\t\t'format' : 'iframe',\r\n\t\t'height' : 250,\r\n\t\t'width' : 300,\r\n\t\t'params' : {}\r\n\t};\r\n<\/script>\r\n<script type=\"text\/javascript\" src=\"\/\/www.highperformanceformat.com\/c1158f160081d6540a8409e6925dab94\/invoke.js\"><\/script><\/div><div class=\"excel-before-content\" id=\"excel-707328297\"><script type=\"text\/javascript\">\r\n\tatOptions = {\r\n\t\t'key' : 'c1158f160081d6540a8409e6925dab94',\r\n\t\t'format' : 'iframe',\r\n\t\t'height' : 250,\r\n\t\t'width' : 300,\r\n\t\t'params' : {}\r\n\t};\r\n<\/script>\r\n<script type=\"text\/javascript\" src=\"\/\/www.highperformanceformat.com\/c1158f160081d6540a8409e6925dab94\/invoke.js\"><\/script><\/div> <p>E voc\u00ea ficar\u00e1 surpreso ao saber que tenho sete m\u00e9todos diferentes que voc\u00ea pode usar para lidar com n\u00fameros negativos. <span style=\"font-family: inherit;\">Na semana passada recebi um e-mail de um dos meus assinantes com uma pergunta.<\/span><\/p><p> <span style=\"font-family: inherit;\"><strong>Ei, quantos m\u00e9todos temos para converter um n\u00famero negativo em um n\u00famero positivo?<\/strong><\/span><\/p><p> Voc\u00ea sabe, o que ele pediu \u00e9 uma tarefa comum. Tenho certeza de que isso acontece com frequ\u00eancia, quando voc\u00ea obt\u00e9m valores num\u00e9ricos negativos e depois os converte em valores positivos.<\/p><p> N\u00e3o h\u00e1 #rocketscience nisso. Mas voc\u00ea j\u00e1 verificou como meus diferentes m\u00e9todos permitem fazer isso? Bem, estou sempre curioso sobre os diferentes m\u00e9todos para realizar uma tarefa no Excel.<\/p><p> Ent\u00e3o desta vez peguei um papel e listei todos os m\u00e9todos que posso usar para converter um n\u00famero negativo em positivo. Ent\u00e3o, hoje neste artigo, gostaria de compartilhar todos esses m\u00e9todos com voc\u00ea.<\/p><p> Vamos come\u00e7ar.<\/p><h2 id=\"tab-con-4\" class=\"wp-block-heading\"> 1. Multiplique por menos um para converter um n\u00famero positivo<\/h2><p> Ao contr\u00e1rio de mim, se voc\u00ea \u00e9 bom em matem\u00e1tica, tenho certeza de que sabe que quando multiplica dois sinais de menos, o resultado \u00e9 sempre positivo. Portanto, voc\u00ea pode usar o mesmo m\u00e9todo no Excel para converter um n\u00famero negativo em positivo.<\/p><p> Tudo que voc\u00ea precisa fazer \u00e9 simplesmente multiplicar um valor negativo por -1 e ele retornar\u00e1 o n\u00famero positivo em vez do negativo.<\/p><pre class=\"wp-block-code\"> <code class=\"language-excel-formula\" lang=\"excel-formula\">=negative_value*-1<\/code><\/pre><p> Abaixo voc\u00ea tem um intervalo de c\u00e9lulas com n\u00fameros negativos. Ent\u00e3o, para convert\u00ea-los em positivos, basta inserir a f\u00f3rmula na c\u00e9lula B2 e arrast\u00e1-la para a \u00faltima c\u00e9lula. <\/p><div class=\"wp-block-image\"><figure class=\"aligncenter\"><img decoding=\"async\" src=\"https:\/\/exceladvisor.org\/wp-content\/uploads\/2023\/08\/nombre-negatif-en-positif-avec-simple-multiplication-avec-moins-un-1.gif\" sizes=\"\" srcset=\"\" alt=\"n\u00famero negativo em positivo com multiplica\u00e7\u00e3o simples conosco um\"><\/figure><\/div><p class=\"mynote\"> Se voc\u00ea tiver n\u00fameros mistos (positivos e negativos), poder\u00e1 usar o m\u00e9todo abaixo.<\/p><pre class=\"wp-block-code\"> <code class=\"language-excel-formula\" lang=\"excel-formula\"><kbd>=IF(A1&lt;0,A1*-1,A1)<\/kbd><\/code><\/pre><h2 id=\"tab-con-5\" class=\"wp-block-heading\"> 2. Converta para n\u00famero absoluto com fun\u00e7\u00e3o ABS<\/h2><p> Transformar um n\u00famero negativo em positivo \u00e9 bastante f\u00e1cil com o ABS. Esta fun\u00e7\u00e3o \u00e9 especificamente para esta tarefa.<\/p><p class=\"qt-tip\"> <strong>Introdu\u00e7\u00e3o r\u00e1pida:<\/strong> pode converter qualquer n\u00famero em um n\u00famero absoluto. Em termos simples, ele retornar\u00e1 um n\u00famero ap\u00f3s remover seu sinal.<\/p><pre class=\"wp-block-code\"> <code class=\"language-Visual Basic\" lang=\"Visual Basic\">=ABS(number)<\/code><\/pre><p> Voc\u00ea s\u00f3 precisa fazer refer\u00eancia a um n\u00famero negativo na fun\u00e7\u00e3o e isso o transformar\u00e1 em um valor positivo.<\/p><ol><li> No exemplo abaixo, voc\u00ea tem valores negativos do intervalo A2:A11.<\/li><li> Digite <code><strong>=ABS(A2)<\/strong><\/code> em B2 e arraste-o para a \u00faltima c\u00e9lula. <\/li><\/ol><div class=\"wp-block-image\"><figure class=\"aligncenter\"><img decoding=\"async\" src=\"https:\/\/exceladvisor.org\/wp-content\/uploads\/2023\/08\/nombre-negatif-en-positif-avec-fonction-abs-1.gif\" sizes=\"\" srcset=\"\" alt=\"\"><\/figure><\/div><p> Esta fun\u00e7\u00e3o funciona mesmo quando voc\u00ea tem n\u00fameros mistos (positivos e negativos).<\/p><h2 id=\"tab-con-6\" class=\"wp-block-heading\"> 3. <a href=\"https:\/\/exceladvisor.org\/pt\/colar-especial-multiplicar\/\">M\u00faltiplo usando liga\u00e7\u00e3o especial<\/a><\/h2><p> Vamos pensar em uma situa\u00e7\u00e3o diferente em que, em vez de obter n\u00fameros positivos em uma coluna diferente, voc\u00ea precisa deles na mesma coluna.<\/p><p> E para isso voc\u00ea pode usar a op\u00e7\u00e3o colar especial. Voc\u00ea est\u00e1 se perguntando como? Deixe-me dizer-lhe. Na op\u00e7\u00e3o colar especial, existem op\u00e7\u00f5es de \u201copera\u00e7\u00e3o\u201d que voc\u00ea pode usar para realizar c\u00e1lculos simples. Voc\u00ea pode usar essas mesmas op\u00e7\u00f5es para tornar n\u00fameros negativos positivos sem usar uma f\u00f3rmula ou adicionar uma coluna extra. Basta seguir estas etapas. <\/p><div class=\"wp-block-image\"><figure class=\"aligncenter\"><img decoding=\"async\" src=\"https:\/\/exceladvisor.org\/wp-content\/uploads\/2023\/08\/nombre-negatif-en-positif-avec-pate-speciale-1.gif\" sizes=\"\" srcset=\"\" alt=\"n\u00famero negativo para positivo com pasta especial\"><\/figure><\/div><ol><li> Primeiro, em qualquer c\u00e9lula da planilha, insira -1.<\/li><li> Depois disso, copie-o.<\/li><li> Agora selecione o intervalo de c\u00e9lulas no qual voc\u00ea possui n\u00fameros negativos.<\/li><li> Clique com o bot\u00e3o direito \u21e2 Colar especial \u21e2 Opera\u00e7\u00f5es \u21e2 Multiplicar.<\/li><li> No final, clique em OK.<\/li><\/ol><p> Todos os n\u00fameros negativos s\u00e3o convertidos em n\u00fameros positivos.<\/p><p> A \u00fanica coisa que voc\u00ea precisa cuidar \u00e9 que n\u00e3o \u00e9 um m\u00e9todo din\u00e2mico. Portanto, voc\u00ea ter\u00e1 que fazer isso repetidamente se atualizar seus dados com frequ\u00eancia. Mas esse m\u00e9todo \u00e9 r\u00e1pido e f\u00e1cil de usar e voc\u00ea n\u00e3o precisa de f\u00f3rmula.<\/p><h2 id=\"tab-con-7\" class=\"wp-block-heading\"> 4. Remova o sinal negativo com Flash Fill<\/h2><p> Tenho certeza de que voc\u00ea j\u00e1 usou flash fill uma vez na vida e, se n\u00e3o, ent\u00e3o voc\u00ea deve us\u00e1-lo, \u00e9 uma virada de jogo. Este \u00e9 um m\u00e9todo maluco para transformar n\u00fameros negativos em n\u00fameros positivos. Aqui est\u00e3o os passos. <\/p><div class=\"wp-block-image\"><figure class=\"aligncenter\"><img decoding=\"async\" src=\"https:\/\/exceladvisor.org\/wp-content\/uploads\/2023\/08\/nombre-negatif-en-positif-avec-remplissage-flash-1.gif\" sizes=\"\" srcset=\"\" alt=\"n\u00famero negativo para positivo com preenchimento flash\"><\/figure><\/div><ol><li> Primeiro, na c\u00e9lula B2, insira o n\u00famero positivo do n\u00famero negativo que voc\u00ea possui na c\u00e9lula A2.<\/li><li> Depois disso, v\u00e1 at\u00e9 a c\u00e9lula B3 e pressione a tecla de atalho Ctrl + E.<\/li><li> Neste ponto, na coluna B, voc\u00ea tem todos os n\u00fameros na forma positiva.<\/li><li> Agora, clique no pequeno \u00edcone que voc\u00ea tem no lado direito da coluna B e selecione \u201cAceitar sugest\u00f5es\u201d.<\/li><\/ol><p> Parab\u00e9ns, voc\u00ea converteu todos os n\u00fameros negativos em n\u00fameros positivos com preenchimento flash.<\/p><p><mark class=\"has-inline-color\" style=\"background-color: #f5e053;\"> <em><strong>Este m\u00e9todo tamb\u00e9m n\u00e3o \u00e9 din\u00e2mico, mas r\u00e1pido e f\u00e1cil de usar.<\/strong><\/em><\/mark><\/p><h2 id=\"tab-con-8\" class=\"wp-block-heading\"> 5. Aplique formata\u00e7\u00e3o personalizada para exibir como n\u00fameros positivos<\/h2><p> Tamb\u00e9m \u00e9 poss\u00edvel que, em vez de converter um n\u00famero negativo, voc\u00ea simplesmente queira exibi-lo como um n\u00famero positivo. E nesta situa\u00e7\u00e3o voc\u00ea pode usar a formata\u00e7\u00e3o personalizada. Aqui est\u00e3o os passos a seguir.<\/p><ol><li> Primeiro, selecione o intervalo de c\u00e9lulas que voc\u00ea precisa converter em n\u00fameros positivos.<\/li><li> Depois disso, pressione a tecla de atalho Ctrl + 1. Isso abrir\u00e1 as op\u00e7\u00f5es de formata\u00e7\u00e3o personalizada.<\/li><li> Agora v\u00e1 para \u201cPersonalizado\u201d e na barra de entrada de tipo digite \u201c#,###;#,###\u201d.<\/li><li> No final, clique em OK. <\/li><\/ol><div class=\"wp-block-image\"><figure class=\"aligncenter\"><img decoding=\"async\" src=\"https:\/\/exceladvisor.org\/wp-content\/uploads\/2023\/08\/ajouter-un-format-personnalise-dans-la-barre-de-saisie-pour-convertir-un-nombre-negatif-en-min-positif-1.png\" sizes=\"\" srcset=\"\" alt=\"adicione formato personalizado na barra de entrada para converter n\u00famero negativo em positivo\"><\/figure><\/div><p> Isso mostrar\u00e1 todos os n\u00fameros negativos como positivos. Mas, na realidade, ainda s\u00e3o n\u00fameros negativos, apenas a formata\u00e7\u00e3o \u00e9 alterada. <\/p><div class=\"wp-block-image\"><figure class=\"aligncenter\"><img decoding=\"async\" src=\"https:\/\/exceladvisor.org\/wp-content\/uploads\/2023\/08\/nombre-negatif-en-positif-toujours-negatif-dans-la-barre-de-formule-min-1.png\" sizes=\"\" srcset=\"\" alt=\"n\u00famero negativo em positivo sempre negativo na barra de f\u00f3rmulas\"><\/figure><\/div><p> Se voc\u00ea selecionar uma c\u00e9lula e observar a barra de f\u00f3rmulas, poder\u00e1 verificar se ainda \u00e9 um n\u00famero negativo. Portanto, quando voc\u00ea us\u00e1-lo em um c\u00e1lculo posterior, ele atuar\u00e1 como um n\u00famero negativo.<\/p><h2 id=\"tab-con-1\" class=\"wp-block-heading\"> 6. Execute o c\u00f3digo VBA para converter em n\u00fameros positivos<\/h2><p> Se voc\u00ea adora VBA, pode usar um c\u00f3digo simples para reverter instantaneamente o sinal de n\u00fameros negativos.<\/p><pre class=\"wp-block-code\"> <code class=\"language-visual-basic line-numbers\" lang=\"visual-basic\">Sub numberP2N() Dim myCell As Range For Each myCell In Selection If myCell.Value &lt;&gt; \"\" Then If IsNumeric(myCell.Value) Then myCell.Value = Abs(myCell.Value) End If End If Next myCell End Sub<\/code><\/pre><p> Para usar este c\u00f3digo, basta selecionar o intervalo de n\u00fameros negativos e executar esta macro.<\/p><p> Primeiro, ele verificar\u00e1 se cada c\u00e9lula de sele\u00e7\u00e3o cont\u00e9m um valor num\u00e9rico ou n\u00e3o e depois o converter\u00e1 em um valor positivo.<\/p><p> Depois <a href=\"https:\/\/exceladvisor.org\/pt\/executar-uma-macro-2\/\">de executar este c\u00f3digo<\/a> , voc\u00ea n\u00e3o poder\u00e1 desfazer sua a\u00e7\u00e3o.<\/p><p> <em>Relacionado: <a href=\"https:\/\/exceladvisor.org\/pt\/vba\/\">Tutorial VBA<\/a><\/em><\/p><h2 id=\"tab-con-2\" class=\"wp-block-heading\"> 7. Use o Power Query para converter n\u00fameros positivos<\/h2><p> Sim, voc\u00ea pode usar uma consulta avan\u00e7ada para converter um n\u00famero negativo em um n\u00famero positivo e a melhor parte \u00e9 que \u00e9 uma configura\u00e7\u00e3o \u00fanica. Apenas siga estes simples passos.<\/p><ul><li> Primeiro, selecione uma das c\u00e9lulas no intervalo de dados onde voc\u00ea possui n\u00fameros negativos. <\/li><\/ul><div class=\"wp-block-image\"><figure class=\"aligncenter\"><img decoding=\"async\" src=\"https:\/\/exceladvisor.org\/wp-content\/uploads\/2023\/08\/convertir-un-nombre-negatif-en-positif-a-laide-de-la-requete-de-puissance-selectionner-la-cellule-min-1.png\" sizes=\"\" srcset=\"\" alt=\"converter n\u00famero negativo em positivo usando c\u00e9lula de sele\u00e7\u00e3o de consulta avan\u00e7ada\"><\/figure><\/div><ul><li> Depois disso, v\u00e1 para a aba Dados \u279c Da Tabela. <\/li><\/ul><div class=\"wp-block-image\"><figure class=\"aligncenter\"><img decoding=\"async\" src=\"https:\/\/exceladvisor.org\/wp-content\/uploads\/2023\/08\/convertir-un-nombre-negatif-en-positif-a-laide-dune-requete-de-puissance-cliquez-sur-a-partir-du-tableau-min-1.png\" sizes=\"\" srcset=\"\" alt=\"converta o n\u00famero negativo em positivo usando consulta avan\u00e7ada, clique na tabela\"><\/figure><\/div><ul><li> Ele converter\u00e1 o intervalo em uma tabela e o carregar\u00e1 no poderoso editor de consultas. <\/li><\/ul><div class=\"wp-block-image\"><figure class=\"aligncenter\"><img decoding=\"async\" src=\"https:\/\/exceladvisor.org\/wp-content\/uploads\/2023\/08\/convertir-un-nombre-negatif-en-positif-en-utilisant-les-donnees-de-requete-de-puissance-dans-lediteur-min-1.png\" sizes=\"\" srcset=\"\" alt=\"converter n\u00famero negativo em positivo usando dados de consulta avan\u00e7ada no editor\"><\/figure><\/div><ul><li> Agora clique com o bot\u00e3o direito na coluna e v\u00e1 para Transform \u279c Absolute Value. <\/li><\/ul><div class=\"wp-block-image\"><figure class=\"aligncenter\"><img decoding=\"async\" src=\"https:\/\/exceladvisor.org\/wp-content\/uploads\/2023\/08\/convertir-un-nombre-negatif-en-positif-en-utilisant-une-requete-de-puissance-cliquez-sur-la-valeur-absolue-min-1.png\" sizes=\"\" srcset=\"\" alt=\"converter n\u00famero negativo em positivo usando consulta avan\u00e7ada, clique em valor absoluto\"><\/figure><\/div><ul><li> Ao final, no Power Query Editor, v\u00e1 para a aba Home \u279c Close \u279c Close and Load. <\/li><\/ul><div class=\"wp-block-image\"><figure class=\"aligncenter\"><img decoding=\"async\" src=\"https:\/\/exceladvisor.org\/wp-content\/uploads\/2023\/08\/convertir-un-nombre-negatif-en-positif-en-utilisant-une-requete-de-puissance-cliquez-sur-charger-min-1.png\" sizes=\"\" srcset=\"\" alt=\"converter n\u00famero negativo em positivo usando consulta avan\u00e7ada, clique em carga\"><\/figure><\/div><p> <em>Relacionado: <a style=\"outline: none;\" href=\"https:\/\/exceladvisor.org\/pt\/solicitacao-de-energia\/\">Tutorial de consulta avan\u00e7ada<\/a><\/em><\/p><h2 id=\"t-1597320234891\" class=\"wp-block-heading\"> Conclus\u00e3o<\/h2><p> Como eu disse, para transformar um n\u00famero negativo em um n\u00famero positivo voc\u00ea n\u00e3o precisa usar ci\u00eancia de foguetes. At\u00e9 mesmo um m\u00e9todo pode ser suficiente, mas listei todos esses m\u00e9todos para ajud\u00e1-lo a lidar com diferentes situa\u00e7\u00f5es.<\/p><p> Tenho certeza de que voc\u00ea achou todos esses m\u00e9todos \u00fateis, mas agora voc\u00ea precisa me dizer uma coisa.<\/p><p> Voc\u00ea conhece outro m\u00e9todo para isso? Por favor, compartilhe suas opini\u00f5es comigo na se\u00e7\u00e3o de coment\u00e1rios. Eu adoraria ouvir de voc\u00ea e n\u00e3o se esque\u00e7a de compartilhar com seus amigos, tenho certeza que eles v\u00e3o gostar.<\/p><div class=\"gb-container gb-container-4db6181c gb-container-mt\"> <a class=\"gb-button gb-button-c5897111 gb-button-text gb-button-mt-button\" href=\"https:\/\/exceladvisor.org\/pt\/nocoes-basicas-de-excel\/\">No\u00e7\u00f5es b\u00e1sicas do Microsoft Excel (componentes, pe\u00e7as e notas de conhecimento)<\/a><h2 class=\"gb-headline gb-headline-665e5f6b gb-headline-text gb-headline-mt-heading\"> Tutoriais relacionados <\/h2><div class=\"gb-grid-wrapper gb-grid-wrapper-a20baf7c gb-grid-wrapper-mt-grid\"><div class=\"gb-grid-column gb-grid-column-65ddf67e\"><div class=\"gb-container gb-container-65ddf67e\"><ul><li> <a href=\"https:\/\/exceladvisor.org\/pt\/carimbo-de-datahora\/\">Insira um carimbo de data\/hora no Excel<\/a><\/li><li> <a href=\"https:\/\/exceladvisor.org\/pt\/pulgas\/\">Insira marcadores no Excel<\/a><\/li><li> <a href=\"https:\/\/exceladvisor.org\/pt\/insira-uma-seta\/\">Insira uma seta em uma c\u00e9lula no Excel<\/a><\/li><li> Adicione n\u00fameros de s\u00e9rie automaticamente no Excel<\/li><\/ul><\/div><\/div><\/div><\/div>","protected":false},"excerpt":{"rendered":"","protected":false},"author":1,"featured_media":0,"parent":0,"menu_order":0,"comment_status":"open","ping_status":"closed","template":"","meta":{"ub_ctt_via":"","footnotes":""},"class_list":["post-614","page","type-page","status-publish","hentry"],"featured_image_src":null,"yoast_head":"<!-- This site is optimized with the Yoast SEO plugin v25.4 - https:\/\/yoast.com\/wordpress\/plugins\/seo\/ -->\n<title>Como converter um n\u00famero negativo em positivo no Excel?<\/title>\n<meta name=\"description\" content=\"Listei 7 m\u00e9todos diferentes para alterar um n\u00famero negativo para positivo no Excel.\" \/>\n<meta name=\"robots\" content=\"index, follow, max-snippet:-1, max-image-preview:large, max-video-preview:-1\" \/>\n<link rel=\"canonical\" href=\"https:\/\/exceladvisor.org\/pt\/mudar-numero-negativo-para-positivo\/\" \/>\n<meta property=\"og:locale\" content=\"pt_PT\" \/>\n<meta property=\"og:type\" content=\"article\" \/>\n<meta property=\"og:title\" content=\"Como converter um n\u00famero negativo em positivo no Excel?\" \/>\n<meta property=\"og:description\" content=\"Listei 7 m\u00e9todos diferentes para alterar um n\u00famero negativo para positivo no Excel.\" \/>\n<meta property=\"og:url\" content=\"https:\/\/exceladvisor.org\/pt\/mudar-numero-negativo-para-positivo\/\" \/>\n<meta property=\"og:site_name\" content=\"Excel Advisor\" \/>\n<meta property=\"article:modified_time\" content=\"2023-12-06T11:35:52+00:00\" \/>\n<meta property=\"og:image\" content=\"https:\/\/exceladvisor.org\/wp-content\/uploads\/2023\/08\/nombre-negatif-en-positif-avec-simple-multiplication-avec-moins-un-1.gif\" \/>\n<meta name=\"twitter:card\" content=\"summary_large_image\" \/>\n<meta name=\"twitter:label1\" content=\"Tempo estimado de leitura\" \/>\n\t<meta name=\"twitter:data1\" content=\"7 minutos\" \/>\n<script type=\"application\/ld+json\" class=\"yoast-schema-graph\">{\"@context\":\"https:\/\/schema.org\",\"@graph\":[{\"@type\":\"WebPage\",\"@id\":\"https:\/\/exceladvisor.org\/pt\/mudar-numero-negativo-para-positivo\/\",\"url\":\"https:\/\/exceladvisor.org\/pt\/mudar-numero-negativo-para-positivo\/\",\"name\":\"Como converter um n\u00famero negativo em positivo no Excel?\",\"isPartOf\":{\"@id\":\"https:\/\/exceladvisor.org\/pt\/#website\"},\"primaryImageOfPage\":{\"@id\":\"https:\/\/exceladvisor.org\/pt\/mudar-numero-negativo-para-positivo\/#primaryimage\"},\"image\":{\"@id\":\"https:\/\/exceladvisor.org\/pt\/mudar-numero-negativo-para-positivo\/#primaryimage\"},\"thumbnailUrl\":\"https:\/\/exceladvisor.org\/wp-content\/uploads\/2023\/08\/nombre-negatif-en-positif-avec-simple-multiplication-avec-moins-un-1.gif\",\"datePublished\":\"2023-10-18T23:45:41+00:00\",\"dateModified\":\"2023-12-06T11:35:52+00:00\",\"description\":\"Listei 7 m\u00e9todos diferentes para alterar um n\u00famero negativo para positivo no Excel.\",\"breadcrumb\":{\"@id\":\"https:\/\/exceladvisor.org\/pt\/mudar-numero-negativo-para-positivo\/#breadcrumb\"},\"inLanguage\":\"pt-PT\",\"potentialAction\":[{\"@type\":\"ReadAction\",\"target\":[\"https:\/\/exceladvisor.org\/pt\/mudar-numero-negativo-para-positivo\/\"]}]},{\"@type\":\"ImageObject\",\"inLanguage\":\"pt-PT\",\"@id\":\"https:\/\/exceladvisor.org\/pt\/mudar-numero-negativo-para-positivo\/#primaryimage\",\"url\":\"https:\/\/exceladvisor.org\/wp-content\/uploads\/2023\/08\/nombre-negatif-en-positif-avec-simple-multiplication-avec-moins-un-1.gif\",\"contentUrl\":\"https:\/\/exceladvisor.org\/wp-content\/uploads\/2023\/08\/nombre-negatif-en-positif-avec-simple-multiplication-avec-moins-un-1.gif\"},{\"@type\":\"BreadcrumbList\",\"@id\":\"https:\/\/exceladvisor.org\/pt\/mudar-numero-negativo-para-positivo\/#breadcrumb\",\"itemListElement\":[{\"@type\":\"ListItem\",\"position\":1,\"name\":\"Lar\",\"item\":\"https:\/\/exceladvisor.org\/pt\/\"},{\"@type\":\"ListItem\",\"position\":2,\"name\":\"Como converter um n\u00famero negativo em positivo no excel?\"}]},{\"@type\":\"WebSite\",\"@id\":\"https:\/\/exceladvisor.org\/pt\/#website\",\"url\":\"https:\/\/exceladvisor.org\/pt\/\",\"name\":\"Excel Advisor\",\"description\":\"O seu guia definitivo para dominar os dados!\",\"publisher\":{\"@id\":\"https:\/\/exceladvisor.org\/pt\/#organization\"},\"potentialAction\":[{\"@type\":\"SearchAction\",\"target\":{\"@type\":\"EntryPoint\",\"urlTemplate\":\"https:\/\/exceladvisor.org\/pt\/?s={search_term_string}\"},\"query-input\":{\"@type\":\"PropertyValueSpecification\",\"valueRequired\":true,\"valueName\":\"search_term_string\"}}],\"inLanguage\":\"pt-PT\"},{\"@type\":\"Organization\",\"@id\":\"https:\/\/exceladvisor.org\/pt\/#organization\",\"name\":\"Excel Advisor\",\"url\":\"https:\/\/exceladvisor.org\/pt\/\",\"logo\":{\"@type\":\"ImageObject\",\"inLanguage\":\"pt-PT\",\"@id\":\"https:\/\/exceladvisor.org\/pt\/#\/schema\/logo\/image\/\",\"url\":\"https:\/\/exceladvisor.org\/pt\/wp-content\/uploads\/2023\/12\/exceladvisor.org_.png\",\"contentUrl\":\"https:\/\/exceladvisor.org\/pt\/wp-content\/uploads\/2023\/12\/exceladvisor.org_.png\",\"width\":105,\"height\":36,\"caption\":\"Excel Advisor\"},\"image\":{\"@id\":\"https:\/\/exceladvisor.org\/pt\/#\/schema\/logo\/image\/\"}}]}<\/script>\n<!-- \/ Yoast SEO plugin. -->","yoast_head_json":{"title":"Como converter um n\u00famero negativo em positivo no Excel?","description":"Listei 7 m\u00e9todos diferentes para alterar um n\u00famero negativo para positivo no Excel.","robots":{"index":"index","follow":"follow","max-snippet":"max-snippet:-1","max-image-preview":"max-image-preview:large","max-video-preview":"max-video-preview:-1"},"canonical":"https:\/\/exceladvisor.org\/pt\/mudar-numero-negativo-para-positivo\/","og_locale":"pt_PT","og_type":"article","og_title":"Como converter um n\u00famero negativo em positivo no Excel?","og_description":"Listei 7 m\u00e9todos diferentes para alterar um n\u00famero negativo para positivo no Excel.","og_url":"https:\/\/exceladvisor.org\/pt\/mudar-numero-negativo-para-positivo\/","og_site_name":"Excel Advisor","article_modified_time":"2023-12-06T11:35:52+00:00","og_image":[{"url":"https:\/\/exceladvisor.org\/wp-content\/uploads\/2023\/08\/nombre-negatif-en-positif-avec-simple-multiplication-avec-moins-un-1.gif","type":"","width":"","height":""}],"twitter_card":"summary_large_image","twitter_misc":{"Tempo estimado de leitura":"7 minutos"},"schema":{"@context":"https:\/\/schema.org","@graph":[{"@type":"WebPage","@id":"https:\/\/exceladvisor.org\/pt\/mudar-numero-negativo-para-positivo\/","url":"https:\/\/exceladvisor.org\/pt\/mudar-numero-negativo-para-positivo\/","name":"Como converter um n\u00famero negativo em positivo no Excel?","isPartOf":{"@id":"https:\/\/exceladvisor.org\/pt\/#website"},"primaryImageOfPage":{"@id":"https:\/\/exceladvisor.org\/pt\/mudar-numero-negativo-para-positivo\/#primaryimage"},"image":{"@id":"https:\/\/exceladvisor.org\/pt\/mudar-numero-negativo-para-positivo\/#primaryimage"},"thumbnailUrl":"https:\/\/exceladvisor.org\/wp-content\/uploads\/2023\/08\/nombre-negatif-en-positif-avec-simple-multiplication-avec-moins-un-1.gif","datePublished":"2023-10-18T23:45:41+00:00","dateModified":"2023-12-06T11:35:52+00:00","description":"Listei 7 m\u00e9todos diferentes para alterar um n\u00famero negativo para positivo no Excel.","breadcrumb":{"@id":"https:\/\/exceladvisor.org\/pt\/mudar-numero-negativo-para-positivo\/#breadcrumb"},"inLanguage":"pt-PT","potentialAction":[{"@type":"ReadAction","target":["https:\/\/exceladvisor.org\/pt\/mudar-numero-negativo-para-positivo\/"]}]},{"@type":"ImageObject","inLanguage":"pt-PT","@id":"https:\/\/exceladvisor.org\/pt\/mudar-numero-negativo-para-positivo\/#primaryimage","url":"https:\/\/exceladvisor.org\/wp-content\/uploads\/2023\/08\/nombre-negatif-en-positif-avec-simple-multiplication-avec-moins-un-1.gif","contentUrl":"https:\/\/exceladvisor.org\/wp-content\/uploads\/2023\/08\/nombre-negatif-en-positif-avec-simple-multiplication-avec-moins-un-1.gif"},{"@type":"BreadcrumbList","@id":"https:\/\/exceladvisor.org\/pt\/mudar-numero-negativo-para-positivo\/#breadcrumb","itemListElement":[{"@type":"ListItem","position":1,"name":"Lar","item":"https:\/\/exceladvisor.org\/pt\/"},{"@type":"ListItem","position":2,"name":"Como converter um n\u00famero negativo em positivo no excel?"}]},{"@type":"WebSite","@id":"https:\/\/exceladvisor.org\/pt\/#website","url":"https:\/\/exceladvisor.org\/pt\/","name":"Excel Advisor","description":"O seu guia definitivo para dominar os dados!","publisher":{"@id":"https:\/\/exceladvisor.org\/pt\/#organization"},"potentialAction":[{"@type":"SearchAction","target":{"@type":"EntryPoint","urlTemplate":"https:\/\/exceladvisor.org\/pt\/?s={search_term_string}"},"query-input":{"@type":"PropertyValueSpecification","valueRequired":true,"valueName":"search_term_string"}}],"inLanguage":"pt-PT"},{"@type":"Organization","@id":"https:\/\/exceladvisor.org\/pt\/#organization","name":"Excel Advisor","url":"https:\/\/exceladvisor.org\/pt\/","logo":{"@type":"ImageObject","inLanguage":"pt-PT","@id":"https:\/\/exceladvisor.org\/pt\/#\/schema\/logo\/image\/","url":"https:\/\/exceladvisor.org\/pt\/wp-content\/uploads\/2023\/12\/exceladvisor.org_.png","contentUrl":"https:\/\/exceladvisor.org\/pt\/wp-content\/uploads\/2023\/12\/exceladvisor.org_.png","width":105,"height":36,"caption":"Excel Advisor"},"image":{"@id":"https:\/\/exceladvisor.org\/pt\/#\/schema\/logo\/image\/"}}]}},"yoast_meta":{"yoast_wpseo_title":"","yoast_wpseo_metadesc":"","yoast_wpseo_canonical":""},"_links":{"self":[{"href":"https:\/\/exceladvisor.org\/pt\/wp-json\/wp\/v2\/pages\/614","targetHints":{"allow":["GET"]}}],"collection":[{"href":"https:\/\/exceladvisor.org\/pt\/wp-json\/wp\/v2\/pages"}],"about":[{"href":"https:\/\/exceladvisor.org\/pt\/wp-json\/wp\/v2\/types\/page"}],"author":[{"embeddable":true,"href":"https:\/\/exceladvisor.org\/pt\/wp-json\/wp\/v2\/users\/1"}],"replies":[{"embeddable":true,"href":"https:\/\/exceladvisor.org\/pt\/wp-json\/wp\/v2\/comments?post=614"}],"version-history":[{"count":1,"href":"https:\/\/exceladvisor.org\/pt\/wp-json\/wp\/v2\/pages\/614\/revisions"}],"predecessor-version":[{"id":943,"href":"https:\/\/exceladvisor.org\/pt\/wp-json\/wp\/v2\/pages\/614\/revisions\/943"}],"wp:attachment":[{"href":"https:\/\/exceladvisor.org\/pt\/wp-json\/wp\/v2\/media?parent=614"}],"curies":[{"name":"wp","href":"https:\/\/api.w.org\/{rel}","templated":true}]}}