{"id":616,"date":"2023-10-18T20:03:06","date_gmt":"2023-10-18T20:03:06","guid":{"rendered":"https:\/\/exceladvisor.org\/pt\/insira-uma-seta\/"},"modified":"2023-12-06T11:38:15","modified_gmt":"2023-12-06T11:38:15","slug":"insira-uma-seta","status":"publish","type":"page","link":"https:\/\/exceladvisor.org\/pt\/insira-uma-seta\/","title":{"rendered":"Como inserir uma seta em uma c\u00e9lula do excel?"},"content":{"rendered":"<div class=\"excel-before-content-2\" id=\"excel-3676020824\"><script type=\"text\/javascript\">\r\n\tatOptions = {\r\n\t\t'key' : 'c1158f160081d6540a8409e6925dab94',\r\n\t\t'format' : 'iframe',\r\n\t\t'height' : 250,\r\n\t\t'width' : 300,\r\n\t\t'params' : {}\r\n\t};\r\n<\/script>\r\n<script type=\"text\/javascript\" src=\"\/\/www.highperformanceformat.com\/c1158f160081d6540a8409e6925dab94\/invoke.js\"><\/script><\/div><div class=\"excel-before-content\" id=\"excel-3427466256\"><script type=\"text\/javascript\">\r\n\tatOptions = {\r\n\t\t'key' : 'c1158f160081d6540a8409e6925dab94',\r\n\t\t'format' : 'iframe',\r\n\t\t'height' : 250,\r\n\t\t'width' : 300,\r\n\t\t'params' : {}\r\n\t};\r\n<\/script>\r\n<script type=\"text\/javascript\" src=\"\/\/www.highperformanceformat.com\/c1158f160081d6540a8409e6925dab94\/invoke.js\"><\/script><\/div> <p>\u00c0s vezes voc\u00ea precisa de certos s\u00edmbolos para usar como um indicador r\u00e1pido nos dados do Excel e para isso o Excel tem a op\u00e7\u00e3o de inserir setas e muitos outros s\u00edmbolos ou formas predefinidas nas c\u00e9lulas.<\/p><p> \u00c9 um processo r\u00e1pido com apenas tr\u00eas ou quatro etapas para inserir uma seta e outros s\u00edmbolos no Excel.<\/p><h2 id=\"insert-an-arrow-in-a-cell-as-symbol\" class=\"wp-block-heading\"> Insira uma seta em uma c\u00e9lula como um s\u00edmbolo<\/h2><ol><li> Primeiro, selecione e <a href=\"https:\/\/exceladvisor.org\/pt\/editar-celula\/\">edite a c\u00e9lula<\/a> onde deseja inserir uma seta como s\u00edmbolo.<\/li><li> Depois disso, v\u00e1 at\u00e9 a aba \u201cInserir\u201d, clique no \u00edcone \u201cS\u00edmbolos\u201d da faixa de op\u00e7\u00f5es e clique na op\u00e7\u00e3o \u201cS\u00edmbolo\u201d. <br><img loading=\"lazy\" decoding=\"async\" title=\"1-inserir seta como s\u00edmbolo\" src=\"https:\/\/exceladvisor.org\/wp-content\/uploads\/2023\/08\/1-inserer-une-fleche-comme-symbole.png\" sizes=\"auto, \" srcset=\"\" alt=\"insert-an-arrow-as-symbol\" width=\"811\" height=\"283\"><\/li><li> Depois de clicar na op\u00e7\u00e3o \u201cS\u00edmbolo\u201d, ser\u00e1 exibida uma janela pop-up com v\u00e1rias op\u00e7\u00f5es de s\u00edmbolos para voc\u00ea escolher.<\/li><li> Agora, selecione uma seta que deseja inserir na c\u00e9lula selecionada e clique em \u201cInserir\u201d e depois em \u201cFechar\u201d. <br><img loading=\"lazy\" decoding=\"async\" title=\"2-selecione uma seta\" src=\"https:\/\/exceladvisor.org\/wp-content\/uploads\/2023\/08\/2-selectionner-une-fleche.png\" sizes=\"auto, \" srcset=\"\" alt=\"select-an-arrow\" width=\"454\" height=\"304\"><\/li><li> Neste ponto, a seta selecionada \u00e9 inserida na c\u00e9lula selecionada. <br><img loading=\"lazy\" decoding=\"async\" title=\"S\u00edmbolo de 3 setas no Excel\" src=\"https:\/\/exceladvisor.org\/wp-content\/uploads\/2023\/08\/Symbole-3-fleches-dans-Excel.png\" sizes=\"auto, \" srcset=\"\" alt=\"arrow-symbol-in-excel\" width=\"614\" height=\"156\"><\/li><\/ol><p> Voc\u00ea pode selecionar e inserir diversas setas e op\u00e7\u00f5es de s\u00edmbolos em uma c\u00e9lula, mas n\u00e3o pode inserir o s\u00edmbolo em diversas c\u00e9lulas ao mesmo tempo.<\/p><p> Para isso voc\u00ea precisa inserir o s\u00edmbolo em uma \u00fanica c\u00e9lula e depois copiar esse s\u00edmbolo da c\u00e9lula e col\u00e1-lo em v\u00e1rias c\u00e9lulas.<\/p><h2 id=\"insert-an-arrow-in-a-cell-as-shape\" class=\"wp-block-heading\"> Insira uma seta em uma c\u00e9lula como uma forma<\/h2><ol><li> Primeiro, v\u00e1 at\u00e9 a aba \u201cInserir\u201d, depois clique no \u00edcone \u201cIlustra\u00e7\u00f5es\u201d na faixa de op\u00e7\u00f5es e clique na op\u00e7\u00e3o \u201cFormas\u201d. <br><img loading=\"lazy\" decoding=\"async\" title=\"Formato de seta de inser\u00e7\u00e3o de 4\" src=\"https:\/\/exceladvisor.org\/wp-content\/uploads\/2023\/08\/4-inserer-une-fleche-comme-forme.png\" sizes=\"auto, \" srcset=\"\" alt=\"insert-an-arrow-as-a-shape\" width=\"520\" height=\"269\"><\/li><li> Depois de clicar na op\u00e7\u00e3o \u201cFormas\u201d, v\u00e1rios tipos de formas com v\u00e1rios formatos de seta ser\u00e3o exibidos. <br><img loading=\"lazy\" decoding=\"async\" title=\"5 formas de setas m\u00faltiplas\" src=\"https:\/\/exceladvisor.org\/wp-content\/uploads\/2023\/08\/5-formes-de-fleches-multiples.png\" sizes=\"auto, \" srcset=\"\" alt=\"multiple-arrow-shapes\" width=\"511\" height=\"382\"><\/li><li> Agora clique na seta que deseja inserir e usando o cursor do mouse v\u00e1 para qualquer lugar da planilha e clique, segure o bot\u00e3o do mouse e arraste a seta para onde for necess\u00e1ria.<\/li><li> Neste ponto, a seta selecionada como forma \u00e9 inserida na c\u00e9lula.<\/li><li> Na guia \u201cFormato da forma\u201d no grupo \u201cEstilos de forma\u201d, voc\u00ea pode alterar a cor, o tamanho e o efeito da seta. <br><img loading=\"lazy\" decoding=\"async\" title=\"Seta em forma de 6 formatos\" src=\"https:\/\/exceladvisor.org\/wp-content\/uploads\/2023\/08\/Forme-de-fleche-6-formats.png\" sizes=\"auto, \" srcset=\"\" alt=\"format-arrow-shape\" width=\"549\" height=\"268\"><\/li><\/ol><h2 id=\"insert-upward-and-downward-arrow-using-conditional-formatting\" class=\"wp-block-heading\"> Insira uma seta para cima e para baixo usando formata\u00e7\u00e3o condicional<\/h2><ol><li> Primeiro, selecione as c\u00e9lulas onde deseja inserir as setas para cima e para baixo e, a seguir, clique no \u00edcone \u201cFormata\u00e7\u00e3o Condicional\u201d na faixa de op\u00e7\u00f5es. <br><img loading=\"lazy\" decoding=\"async\" title=\"7 setas de inser\u00e7\u00e3o para cima e para baixo\" src=\"https:\/\/exceladvisor.org\/wp-content\/uploads\/2023\/08\/7-inserer-des-fleches-vers-le-haut-vers-le-bas.png\" sizes=\"auto, \" srcset=\"\" alt=\"insert-upward-downward-arrows\" width=\"310\" height=\"232\"><\/li><li> Agora selecione \u201cconjuntos de \u00edcones\u201d e clique nas setas que deseja inserir.<\/li><li> Neste ponto, setas para cima e para baixo \u201cvermelhas, amarelas e verdes\u201d s\u00e3o inseridas nas c\u00e9lulas selecionadas. <br><img loading=\"lazy\" decoding=\"async\" title=\"8 setas coloridas de sele\u00e7\u00e3o\" src=\"https:\/\/exceladvisor.org\/wp-content\/uploads\/2023\/08\/8-selectionner-les-fleches-colorees.png\" sizes=\"auto, \" srcset=\"\" alt=\"select-colored-arrows\" width=\"523\" height=\"421\"><\/li><\/ol><h2 id=\"insert-an-arrow-using-the-wingdings-3-font\" class=\"wp-block-heading\"> Insira uma seta usando a fonte Wingdings 3<\/h2><p> Para inserir uma seta usando a fonte Wingdings 3, voc\u00ea precisa ter uma lista de caracteres que podem ser convertidos em setas e outros s\u00edmbolos no Excel.<\/p><ol><li> Primeiro, insira o caractere na c\u00e9lula onde deseja inserir uma seta. <br><img loading=\"lazy\" decoding=\"async\" title=\"9 caracteres para setas\" src=\"https:\/\/exceladvisor.org\/wp-content\/uploads\/2023\/08\/9-caracteres-pour-les-fleches.png\" sizes=\"auto, \" srcset=\"\" alt=\"characters-for-arrows\" width=\"243\" height=\"291\"><\/li><li> Depois disso, v\u00e1 para o grupo \u201cFonte\u201d na faixa de op\u00e7\u00f5es e clique no \u00edcone suspenso da fonte e selecione a fonte \u201cWingdings 3\u201d. <br><img loading=\"lazy\" decoding=\"async\" title=\"10 caracteres de convers\u00e3o em seta\" src=\"https:\/\/exceladvisor.org\/wp-content\/uploads\/2023\/08\/10-convertir-le-caractere-en-fleche.png\" sizes=\"auto, \" srcset=\"\" alt=\"convert-character-into-arrow\" width=\"270\" height=\"310\"><\/li><li> Neste ponto, seu caractere \u00e9 convertido em um s\u00edmbolo de seta com base no caractere inserido na c\u00e9lula. <br><img loading=\"lazy\" decoding=\"async\" title=\"11 caracteres de convers\u00e3o em seta\" src=\"https:\/\/exceladvisor.org\/wp-content\/uploads\/2023\/08\/11-convertir-le-caractere-en-fleche.png\" sizes=\"auto, \" srcset=\"\" alt=\"convert-character-into-arrow\" width=\"270\" height=\"317\"><\/li><\/ol><div class=\"gb-container gb-container-4db6181c gb-container-mt\"> <a class=\"gb-button gb-button-c5897111 gb-button-text gb-button-mt-button\" href=\"https:\/\/exceladvisor.org\/pt\/nocoes-basicas-de-excel\/\">No\u00e7\u00f5es b\u00e1sicas do Microsoft Excel (componentes, pe\u00e7as e notas de conhecimento)<\/a><h2 class=\"gb-headline gb-headline-665e5f6b gb-headline-text gb-headline-mt-heading\"> Tutoriais relacionados <\/h2><div class=\"gb-grid-wrapper gb-grid-wrapper-a20baf7c gb-grid-wrapper-mt-grid\"><div class=\"gb-grid-column gb-grid-column-50067b57\"><div class=\"gb-container gb-container-50067b57\"><ul><li> <a href=\"https:\/\/exceladvisor.org\/pt\/delta\/\">Insira o s\u00edmbolo Delta no Excel em uma c\u00e9lula<\/a><\/li><li> <a href=\"https:\/\/exceladvisor.org\/pt\/grau\/\">Inserir (digitar) s\u00edmbolo de grau no Excel<\/a><\/li><li> <a href=\"https:\/\/exceladvisor.org\/pt\/formula-para-valor\/\">Converter f\u00f3rmula em valor no Excel<\/a><\/li><li> <a href=\"https:\/\/exceladvisor.org\/pt\/marca-de-verificacao-2\/\" data-wpil=\"url\">Insira um s\u00edmbolo de marca de sele\u00e7\u00e3o no Excel<\/a><\/li><\/ul><\/div><\/div><\/div><\/div>","protected":false},"excerpt":{"rendered":"","protected":false},"author":1,"featured_media":0,"parent":0,"menu_order":0,"comment_status":"open","ping_status":"closed","template":"","meta":{"ub_ctt_via":"","footnotes":""},"class_list":["post-616","page","type-page","status-publish","hentry"],"featured_image_src":null,"yoast_head":"<!-- This site is optimized with the Yoast SEO plugin v25.4 - https:\/\/yoast.com\/wordpress\/plugins\/seo\/ -->\n<title>Como inserir uma seta em uma c\u00e9lula do Excel?<\/title>\n<meta name=\"description\" content=\"Aprenda como adicionar uma seta a uma c\u00e9lula usando v\u00e1rios m\u00e9todos que voc\u00ea pode usar em diferentes situa\u00e7\u00f5es.\" \/>\n<meta name=\"robots\" content=\"index, follow, max-snippet:-1, max-image-preview:large, max-video-preview:-1\" \/>\n<link rel=\"canonical\" href=\"https:\/\/exceladvisor.org\/pt\/insira-uma-seta\/\" \/>\n<meta property=\"og:locale\" content=\"pt_PT\" \/>\n<meta property=\"og:type\" content=\"article\" \/>\n<meta property=\"og:title\" content=\"Como inserir uma seta em uma c\u00e9lula do Excel?\" \/>\n<meta property=\"og:description\" content=\"Aprenda como adicionar uma seta a uma c\u00e9lula usando v\u00e1rios m\u00e9todos que voc\u00ea pode usar em diferentes situa\u00e7\u00f5es.\" \/>\n<meta property=\"og:url\" content=\"https:\/\/exceladvisor.org\/pt\/insira-uma-seta\/\" \/>\n<meta property=\"og:site_name\" content=\"Excel Advisor\" \/>\n<meta property=\"article:modified_time\" content=\"2023-12-06T11:38:15+00:00\" \/>\n<meta property=\"og:image\" content=\"https:\/\/exceladvisor.org\/wp-content\/uploads\/2023\/08\/1-inserer-une-fleche-comme-symbole.png\" \/>\n<meta name=\"twitter:card\" content=\"summary_large_image\" \/>\n<meta name=\"twitter:label1\" content=\"Tempo estimado de leitura\" \/>\n\t<meta name=\"twitter:data1\" content=\"3 minutos\" \/>\n<script type=\"application\/ld+json\" class=\"yoast-schema-graph\">{\"@context\":\"https:\/\/schema.org\",\"@graph\":[{\"@type\":\"WebPage\",\"@id\":\"https:\/\/exceladvisor.org\/pt\/insira-uma-seta\/\",\"url\":\"https:\/\/exceladvisor.org\/pt\/insira-uma-seta\/\",\"name\":\"Como inserir uma seta em uma c\u00e9lula do Excel?\",\"isPartOf\":{\"@id\":\"https:\/\/exceladvisor.org\/pt\/#website\"},\"primaryImageOfPage\":{\"@id\":\"https:\/\/exceladvisor.org\/pt\/insira-uma-seta\/#primaryimage\"},\"image\":{\"@id\":\"https:\/\/exceladvisor.org\/pt\/insira-uma-seta\/#primaryimage\"},\"thumbnailUrl\":\"https:\/\/exceladvisor.org\/wp-content\/uploads\/2023\/08\/1-inserer-une-fleche-comme-symbole.png\",\"datePublished\":\"2023-10-18T20:03:06+00:00\",\"dateModified\":\"2023-12-06T11:38:15+00:00\",\"description\":\"Aprenda como adicionar uma seta a uma c\u00e9lula usando v\u00e1rios m\u00e9todos que voc\u00ea pode usar em diferentes situa\u00e7\u00f5es.\",\"breadcrumb\":{\"@id\":\"https:\/\/exceladvisor.org\/pt\/insira-uma-seta\/#breadcrumb\"},\"inLanguage\":\"pt-PT\",\"potentialAction\":[{\"@type\":\"ReadAction\",\"target\":[\"https:\/\/exceladvisor.org\/pt\/insira-uma-seta\/\"]}]},{\"@type\":\"ImageObject\",\"inLanguage\":\"pt-PT\",\"@id\":\"https:\/\/exceladvisor.org\/pt\/insira-uma-seta\/#primaryimage\",\"url\":\"https:\/\/exceladvisor.org\/wp-content\/uploads\/2023\/08\/1-inserer-une-fleche-comme-symbole.png\",\"contentUrl\":\"https:\/\/exceladvisor.org\/wp-content\/uploads\/2023\/08\/1-inserer-une-fleche-comme-symbole.png\"},{\"@type\":\"BreadcrumbList\",\"@id\":\"https:\/\/exceladvisor.org\/pt\/insira-uma-seta\/#breadcrumb\",\"itemListElement\":[{\"@type\":\"ListItem\",\"position\":1,\"name\":\"Lar\",\"item\":\"https:\/\/exceladvisor.org\/pt\/\"},{\"@type\":\"ListItem\",\"position\":2,\"name\":\"Como inserir uma seta em uma c\u00e9lula do excel?\"}]},{\"@type\":\"WebSite\",\"@id\":\"https:\/\/exceladvisor.org\/pt\/#website\",\"url\":\"https:\/\/exceladvisor.org\/pt\/\",\"name\":\"Excel Advisor\",\"description\":\"O seu guia definitivo para dominar os dados!\",\"publisher\":{\"@id\":\"https:\/\/exceladvisor.org\/pt\/#organization\"},\"potentialAction\":[{\"@type\":\"SearchAction\",\"target\":{\"@type\":\"EntryPoint\",\"urlTemplate\":\"https:\/\/exceladvisor.org\/pt\/?s={search_term_string}\"},\"query-input\":{\"@type\":\"PropertyValueSpecification\",\"valueRequired\":true,\"valueName\":\"search_term_string\"}}],\"inLanguage\":\"pt-PT\"},{\"@type\":\"Organization\",\"@id\":\"https:\/\/exceladvisor.org\/pt\/#organization\",\"name\":\"Excel Advisor\",\"url\":\"https:\/\/exceladvisor.org\/pt\/\",\"logo\":{\"@type\":\"ImageObject\",\"inLanguage\":\"pt-PT\",\"@id\":\"https:\/\/exceladvisor.org\/pt\/#\/schema\/logo\/image\/\",\"url\":\"https:\/\/exceladvisor.org\/pt\/wp-content\/uploads\/2023\/12\/exceladvisor.org_.png\",\"contentUrl\":\"https:\/\/exceladvisor.org\/pt\/wp-content\/uploads\/2023\/12\/exceladvisor.org_.png\",\"width\":105,\"height\":36,\"caption\":\"Excel Advisor\"},\"image\":{\"@id\":\"https:\/\/exceladvisor.org\/pt\/#\/schema\/logo\/image\/\"}}]}<\/script>\n<!-- \/ Yoast SEO plugin. -->","yoast_head_json":{"title":"Como inserir uma seta em uma c\u00e9lula do Excel?","description":"Aprenda como adicionar uma seta a uma c\u00e9lula usando v\u00e1rios m\u00e9todos que voc\u00ea pode usar em diferentes situa\u00e7\u00f5es.","robots":{"index":"index","follow":"follow","max-snippet":"max-snippet:-1","max-image-preview":"max-image-preview:large","max-video-preview":"max-video-preview:-1"},"canonical":"https:\/\/exceladvisor.org\/pt\/insira-uma-seta\/","og_locale":"pt_PT","og_type":"article","og_title":"Como inserir uma seta em uma c\u00e9lula do Excel?","og_description":"Aprenda como adicionar uma seta a uma c\u00e9lula usando v\u00e1rios m\u00e9todos que voc\u00ea pode usar em diferentes situa\u00e7\u00f5es.","og_url":"https:\/\/exceladvisor.org\/pt\/insira-uma-seta\/","og_site_name":"Excel Advisor","article_modified_time":"2023-12-06T11:38:15+00:00","og_image":[{"url":"https:\/\/exceladvisor.org\/wp-content\/uploads\/2023\/08\/1-inserer-une-fleche-comme-symbole.png","type":"","width":"","height":""}],"twitter_card":"summary_large_image","twitter_misc":{"Tempo estimado de leitura":"3 minutos"},"schema":{"@context":"https:\/\/schema.org","@graph":[{"@type":"WebPage","@id":"https:\/\/exceladvisor.org\/pt\/insira-uma-seta\/","url":"https:\/\/exceladvisor.org\/pt\/insira-uma-seta\/","name":"Como inserir uma seta em uma c\u00e9lula do Excel?","isPartOf":{"@id":"https:\/\/exceladvisor.org\/pt\/#website"},"primaryImageOfPage":{"@id":"https:\/\/exceladvisor.org\/pt\/insira-uma-seta\/#primaryimage"},"image":{"@id":"https:\/\/exceladvisor.org\/pt\/insira-uma-seta\/#primaryimage"},"thumbnailUrl":"https:\/\/exceladvisor.org\/wp-content\/uploads\/2023\/08\/1-inserer-une-fleche-comme-symbole.png","datePublished":"2023-10-18T20:03:06+00:00","dateModified":"2023-12-06T11:38:15+00:00","description":"Aprenda como adicionar uma seta a uma c\u00e9lula usando v\u00e1rios m\u00e9todos que voc\u00ea pode usar em diferentes situa\u00e7\u00f5es.","breadcrumb":{"@id":"https:\/\/exceladvisor.org\/pt\/insira-uma-seta\/#breadcrumb"},"inLanguage":"pt-PT","potentialAction":[{"@type":"ReadAction","target":["https:\/\/exceladvisor.org\/pt\/insira-uma-seta\/"]}]},{"@type":"ImageObject","inLanguage":"pt-PT","@id":"https:\/\/exceladvisor.org\/pt\/insira-uma-seta\/#primaryimage","url":"https:\/\/exceladvisor.org\/wp-content\/uploads\/2023\/08\/1-inserer-une-fleche-comme-symbole.png","contentUrl":"https:\/\/exceladvisor.org\/wp-content\/uploads\/2023\/08\/1-inserer-une-fleche-comme-symbole.png"},{"@type":"BreadcrumbList","@id":"https:\/\/exceladvisor.org\/pt\/insira-uma-seta\/#breadcrumb","itemListElement":[{"@type":"ListItem","position":1,"name":"Lar","item":"https:\/\/exceladvisor.org\/pt\/"},{"@type":"ListItem","position":2,"name":"Como inserir uma seta em uma c\u00e9lula do excel?"}]},{"@type":"WebSite","@id":"https:\/\/exceladvisor.org\/pt\/#website","url":"https:\/\/exceladvisor.org\/pt\/","name":"Excel Advisor","description":"O seu guia definitivo para dominar os dados!","publisher":{"@id":"https:\/\/exceladvisor.org\/pt\/#organization"},"potentialAction":[{"@type":"SearchAction","target":{"@type":"EntryPoint","urlTemplate":"https:\/\/exceladvisor.org\/pt\/?s={search_term_string}"},"query-input":{"@type":"PropertyValueSpecification","valueRequired":true,"valueName":"search_term_string"}}],"inLanguage":"pt-PT"},{"@type":"Organization","@id":"https:\/\/exceladvisor.org\/pt\/#organization","name":"Excel Advisor","url":"https:\/\/exceladvisor.org\/pt\/","logo":{"@type":"ImageObject","inLanguage":"pt-PT","@id":"https:\/\/exceladvisor.org\/pt\/#\/schema\/logo\/image\/","url":"https:\/\/exceladvisor.org\/pt\/wp-content\/uploads\/2023\/12\/exceladvisor.org_.png","contentUrl":"https:\/\/exceladvisor.org\/pt\/wp-content\/uploads\/2023\/12\/exceladvisor.org_.png","width":105,"height":36,"caption":"Excel Advisor"},"image":{"@id":"https:\/\/exceladvisor.org\/pt\/#\/schema\/logo\/image\/"}}]}},"yoast_meta":{"yoast_wpseo_title":"","yoast_wpseo_metadesc":"","yoast_wpseo_canonical":""},"_links":{"self":[{"href":"https:\/\/exceladvisor.org\/pt\/wp-json\/wp\/v2\/pages\/616","targetHints":{"allow":["GET"]}}],"collection":[{"href":"https:\/\/exceladvisor.org\/pt\/wp-json\/wp\/v2\/pages"}],"about":[{"href":"https:\/\/exceladvisor.org\/pt\/wp-json\/wp\/v2\/types\/page"}],"author":[{"embeddable":true,"href":"https:\/\/exceladvisor.org\/pt\/wp-json\/wp\/v2\/users\/1"}],"replies":[{"embeddable":true,"href":"https:\/\/exceladvisor.org\/pt\/wp-json\/wp\/v2\/comments?post=616"}],"version-history":[{"count":1,"href":"https:\/\/exceladvisor.org\/pt\/wp-json\/wp\/v2\/pages\/616\/revisions"}],"predecessor-version":[{"id":1109,"href":"https:\/\/exceladvisor.org\/pt\/wp-json\/wp\/v2\/pages\/616\/revisions\/1109"}],"wp:attachment":[{"href":"https:\/\/exceladvisor.org\/pt\/wp-json\/wp\/v2\/media?parent=616"}],"curies":[{"name":"wp","href":"https:\/\/api.w.org\/{rel}","templated":true}]}}