{"id":618,"date":"2023-10-18T08:38:45","date_gmt":"2023-10-18T08:38:45","guid":{"rendered":"https:\/\/exceladvisor.org\/pt\/copiar-pasta-de-trabalho\/"},"modified":"2023-12-06T11:37:49","modified_gmt":"2023-12-06T11:37:49","slug":"copiar-pasta-de-trabalho","status":"publish","type":"page","link":"https:\/\/exceladvisor.org\/pt\/copiar-pasta-de-trabalho\/","title":{"rendered":"Como fazer uma c\u00f3pia da pasta de trabalho do excel?"},"content":{"rendered":"<div class=\"excel-before-content-2\" id=\"excel-1798521271\"><script type=\"text\/javascript\">\r\n\tatOptions = {\r\n\t\t'key' : 'c1158f160081d6540a8409e6925dab94',\r\n\t\t'format' : 'iframe',\r\n\t\t'height' : 250,\r\n\t\t'width' : 300,\r\n\t\t'params' : {}\r\n\t};\r\n<\/script>\r\n<script type=\"text\/javascript\" src=\"\/\/www.highperformanceformat.com\/c1158f160081d6540a8409e6925dab94\/invoke.js\"><\/script><\/div><div class=\"excel-before-content\" id=\"excel-1096710884\"><script type=\"text\/javascript\">\r\n\tatOptions = {\r\n\t\t'key' : 'c1158f160081d6540a8409e6925dab94',\r\n\t\t'format' : 'iframe',\r\n\t\t'height' : 250,\r\n\t\t'width' : 300,\r\n\t\t'params' : {}\r\n\t};\r\n<\/script>\r\n<script type=\"text\/javascript\" src=\"\/\/www.highperformanceformat.com\/c1158f160081d6540a8409e6925dab94\/invoke.js\"><\/script><\/div> <p>No Excel, \u00e9 f\u00e1cil fazer uma c\u00f3pia da pasta de trabalho existente e voc\u00ea n\u00e3o precisa seguir etapas complexas.<\/p><p> Neste tutorial, aprenderemos dois m\u00e9todos f\u00e1ceis para criar uma c\u00f3pia exata de um arquivo Excel.<\/p><h2 class=\"wp-block-heading\"> Copiar e colar um arquivo Excel (pasta de trabalho) Fazer uma c\u00f3pia<\/h2><ol><li> Primeiro, selecione o arquivo do qual deseja fazer uma c\u00f3pia. <br><img loading=\"lazy\" decoding=\"async\" title=\"1 arquivo selecionado\" src=\"https:\/\/exceladvisor.org\/wp-content\/uploads\/2023\/08\/1-selectionnez-le-fichier.png\" sizes=\"auto, \" srcset=\"\" alt=\"select-the-file\" width=\"672\" height=\"140\"><\/li><li> Depois disso, use o <a href=\"https:\/\/exceladvisor.org\/pt\/atalhos-do-teclado\/\">atalho de teclado<\/a> Ctrl + C para copiar este arquivo. <br><img loading=\"lazy\" decoding=\"async\" title=\"Arquivo de 2 c\u00f3pias\" src=\"https:\/\/exceladvisor.org\/wp-content\/uploads\/2023\/08\/2-copier-le-fichier.png\" sizes=\"auto, \" srcset=\"\" alt=\"copy-the-file\" width=\"446\" height=\"158\"><\/li><li> Depois disso, use o atalho de teclado Ctrl + V para colar este arquivo no mesmo local. <br><img loading=\"lazy\" decoding=\"async\" title=\"3-colar-arquivo1\" src=\"https:\/\/exceladvisor.org\/wp-content\/uploads\/2023\/08\/3-coller-le-fichier1.png\" sizes=\"auto, \" srcset=\"\" alt=\"paste-the-file\" width=\"540\" height=\"166\"><\/li><li> No final, altere o nome do arquivo e substitua-o pelo que voc\u00ea deseja especificar. <br><img loading=\"lazy\" decoding=\"async\" title=\"4-alterar nome do arquivo\" src=\"https:\/\/exceladvisor.org\/wp-content\/uploads\/2023\/08\/4-changer-le-nom-du-fichier.png\" sizes=\"auto, \" srcset=\"\" alt=\"change-the-file-name\" width=\"627\" height=\"154\"><\/li><\/ol><p> Esta \u00e9 a maneira mais f\u00e1cil de fazer uma c\u00f3pia de uma pasta de trabalho do Excel. Quando voc\u00ea copia e cola um arquivo no mesmo local, seu sistema cria uma c\u00f3pia dele e adiciona a palavra \u201cCopiar\u201d depois dela.<\/p><h2 class=\"wp-block-heading\"> Abra como uma c\u00f3pia e salve-a<\/h2><p> Voc\u00ea tamb\u00e9m pode abrir um arquivo Excel primeiro e depois criar uma c\u00f3pia dele.<\/p><ol><li> Em primeiro lugar, abra o Excel e v\u00e1 at\u00e9 a aba Arquivo e clique na op\u00e7\u00e3o Abrir. <br><img loading=\"lazy\" decoding=\"async\" title=\"5-abra o arquivo excel\" src=\"https:\/\/exceladvisor.org\/wp-content\/uploads\/2023\/08\/5-ouvrir-le-fichier-excel.png\" sizes=\"auto, \" srcset=\"\" alt=\"open-the-excel-file\" width=\"177\" height=\"217\"><\/li><li> Depois disso, localize o arquivo e selecione \u201cAbrir como c\u00f3pia\u201d na lista suspensa aberta. <br><img loading=\"lazy\" decoding=\"async\" title=\"6-selecione-abrir-como-c\u00f3pia\" src=\"https:\/\/exceladvisor.org\/wp-content\/uploads\/2023\/08\/6-selectionnez-ouvrir-en-tant-que-copie.png\" sizes=\"auto, \" srcset=\"\" alt=\"select-open-as-copy\" width=\"391\" height=\"393\"><\/li><li> Agora v\u00e1 novamente para a aba Arquivo e clique na op\u00e7\u00e3o \u201cSalvar como\u201d. <br><img loading=\"lazy\" decoding=\"async\" title=\"7-salvar como arquivo\" src=\"https:\/\/exceladvisor.org\/wp-content\/uploads\/2023\/08\/7-enregistrer-en-tant-que-fichier.png\" sizes=\"auto, \" srcset=\"\" alt=\"save-as-the-file\" width=\"422\" height=\"385\"><\/li><li> Ao final, nomeie o arquivo e salve-o no local onde deseja salv\u00e1-lo.<\/li><\/ol><div class=\"gb-container gb-container-4db6181c gb-container-mt\"> <a class=\"gb-button gb-button-c5897111 gb-button-text gb-button-mt-button\" href=\"https:\/\/exceladvisor.org\/pt\/nocoes-basicas-de-excel\/\">No\u00e7\u00f5es b\u00e1sicas do Microsoft Excel (componentes, pe\u00e7as e notas de conhecimento)<\/a><h2 class=\"gb-headline gb-headline-665e5f6b gb-headline-text gb-headline-mt-heading\"> Tutoriais relacionados <\/h2><div class=\"gb-grid-wrapper gb-grid-wrapper-a20baf7c gb-grid-wrapper-mt-grid\"><div class=\"gb-grid-column gb-grid-column-65ddf67e\"><div class=\"gb-container gb-container-65ddf67e\"><ul><li> <a href=\"https:\/\/exceladvisor.org\/pt\/reparar-arquivo-excel-corrompido\/\">Reparar arquivo Excel corrompido<\/a><\/li><li> <a href=\"https:\/\/exceladvisor.org\/pt\/recuperar-arquivos-nao-salvos\/\">Recupere arquivos do Excel n\u00e3o salvos quando o Excel travar<\/a><\/li><li> <a href=\"https:\/\/exceladvisor.org\/pt\/xlsx-para-csv\/\">Salve o arquivo Excel (pasta de trabalho) em formato CSV (XLSX TO CSV)<\/a><\/li><li> <a href=\"https:\/\/exceladvisor.org\/pt\/ocultar-mostrar-pasta-de-trabalho\/\">Ocultar e mostrar uma pasta de trabalho no Excel<\/a><\/li><\/ul><\/div><\/div><\/div><\/div>","protected":false},"excerpt":{"rendered":"","protected":false},"author":1,"featured_media":0,"parent":0,"menu_order":0,"comment_status":"open","ping_status":"closed","template":"","meta":{"ub_ctt_via":"","footnotes":""},"class_list":["post-618","page","type-page","status-publish","hentry"],"featured_image_src":null,"yoast_head":"<!-- This site is optimized with the Yoast SEO plugin v25.4 - https:\/\/yoast.com\/wordpress\/plugins\/seo\/ -->\n<title>Como fazer uma c\u00f3pia da pasta de trabalho do Excel?<\/title>\n<meta name=\"description\" content=\"Neste tutorial, aprenderemos como criar uma c\u00f3pia de um arquivo Excel. Usaremos duas maneiras diferentes de fazer isso...\" \/>\n<meta name=\"robots\" content=\"index, follow, max-snippet:-1, max-image-preview:large, max-video-preview:-1\" \/>\n<link rel=\"canonical\" href=\"https:\/\/exceladvisor.org\/pt\/copiar-pasta-de-trabalho\/\" \/>\n<meta property=\"og:locale\" content=\"pt_PT\" \/>\n<meta property=\"og:type\" content=\"article\" \/>\n<meta property=\"og:title\" content=\"Como fazer uma c\u00f3pia da pasta de trabalho do Excel?\" \/>\n<meta property=\"og:description\" content=\"Neste tutorial, aprenderemos como criar uma c\u00f3pia de um arquivo Excel. Usaremos duas maneiras diferentes de fazer isso...\" \/>\n<meta property=\"og:url\" content=\"https:\/\/exceladvisor.org\/pt\/copiar-pasta-de-trabalho\/\" \/>\n<meta property=\"og:site_name\" content=\"Excel Advisor\" \/>\n<meta property=\"article:modified_time\" content=\"2023-12-06T11:37:49+00:00\" \/>\n<meta property=\"og:image\" content=\"https:\/\/exceladvisor.org\/wp-content\/uploads\/2023\/08\/1-selectionnez-le-fichier.png\" \/>\n<meta name=\"twitter:card\" content=\"summary_large_image\" \/>\n<meta name=\"twitter:label1\" content=\"Tempo estimado de leitura\" \/>\n\t<meta name=\"twitter:data1\" content=\"1 minuto\" \/>\n<script type=\"application\/ld+json\" class=\"yoast-schema-graph\">{\"@context\":\"https:\/\/schema.org\",\"@graph\":[{\"@type\":\"WebPage\",\"@id\":\"https:\/\/exceladvisor.org\/pt\/copiar-pasta-de-trabalho\/\",\"url\":\"https:\/\/exceladvisor.org\/pt\/copiar-pasta-de-trabalho\/\",\"name\":\"Como fazer uma c\u00f3pia da pasta de trabalho do Excel?\",\"isPartOf\":{\"@id\":\"https:\/\/exceladvisor.org\/pt\/#website\"},\"primaryImageOfPage\":{\"@id\":\"https:\/\/exceladvisor.org\/pt\/copiar-pasta-de-trabalho\/#primaryimage\"},\"image\":{\"@id\":\"https:\/\/exceladvisor.org\/pt\/copiar-pasta-de-trabalho\/#primaryimage\"},\"thumbnailUrl\":\"https:\/\/exceladvisor.org\/wp-content\/uploads\/2023\/08\/1-selectionnez-le-fichier.png\",\"datePublished\":\"2023-10-18T08:38:45+00:00\",\"dateModified\":\"2023-12-06T11:37:49+00:00\",\"description\":\"Neste tutorial, aprenderemos como criar uma c\u00f3pia de um arquivo Excel. Usaremos duas maneiras diferentes de fazer isso...\",\"breadcrumb\":{\"@id\":\"https:\/\/exceladvisor.org\/pt\/copiar-pasta-de-trabalho\/#breadcrumb\"},\"inLanguage\":\"pt-PT\",\"potentialAction\":[{\"@type\":\"ReadAction\",\"target\":[\"https:\/\/exceladvisor.org\/pt\/copiar-pasta-de-trabalho\/\"]}]},{\"@type\":\"ImageObject\",\"inLanguage\":\"pt-PT\",\"@id\":\"https:\/\/exceladvisor.org\/pt\/copiar-pasta-de-trabalho\/#primaryimage\",\"url\":\"https:\/\/exceladvisor.org\/wp-content\/uploads\/2023\/08\/1-selectionnez-le-fichier.png\",\"contentUrl\":\"https:\/\/exceladvisor.org\/wp-content\/uploads\/2023\/08\/1-selectionnez-le-fichier.png\"},{\"@type\":\"BreadcrumbList\",\"@id\":\"https:\/\/exceladvisor.org\/pt\/copiar-pasta-de-trabalho\/#breadcrumb\",\"itemListElement\":[{\"@type\":\"ListItem\",\"position\":1,\"name\":\"Lar\",\"item\":\"https:\/\/exceladvisor.org\/pt\/\"},{\"@type\":\"ListItem\",\"position\":2,\"name\":\"Como fazer uma c\u00f3pia da pasta de trabalho do excel?\"}]},{\"@type\":\"WebSite\",\"@id\":\"https:\/\/exceladvisor.org\/pt\/#website\",\"url\":\"https:\/\/exceladvisor.org\/pt\/\",\"name\":\"Excel Advisor\",\"description\":\"O seu guia definitivo para dominar os dados!\",\"publisher\":{\"@id\":\"https:\/\/exceladvisor.org\/pt\/#organization\"},\"potentialAction\":[{\"@type\":\"SearchAction\",\"target\":{\"@type\":\"EntryPoint\",\"urlTemplate\":\"https:\/\/exceladvisor.org\/pt\/?s={search_term_string}\"},\"query-input\":{\"@type\":\"PropertyValueSpecification\",\"valueRequired\":true,\"valueName\":\"search_term_string\"}}],\"inLanguage\":\"pt-PT\"},{\"@type\":\"Organization\",\"@id\":\"https:\/\/exceladvisor.org\/pt\/#organization\",\"name\":\"Excel Advisor\",\"url\":\"https:\/\/exceladvisor.org\/pt\/\",\"logo\":{\"@type\":\"ImageObject\",\"inLanguage\":\"pt-PT\",\"@id\":\"https:\/\/exceladvisor.org\/pt\/#\/schema\/logo\/image\/\",\"url\":\"https:\/\/exceladvisor.org\/pt\/wp-content\/uploads\/2023\/12\/exceladvisor.org_.png\",\"contentUrl\":\"https:\/\/exceladvisor.org\/pt\/wp-content\/uploads\/2023\/12\/exceladvisor.org_.png\",\"width\":105,\"height\":36,\"caption\":\"Excel Advisor\"},\"image\":{\"@id\":\"https:\/\/exceladvisor.org\/pt\/#\/schema\/logo\/image\/\"}}]}<\/script>\n<!-- \/ Yoast SEO plugin. -->","yoast_head_json":{"title":"Como fazer uma c\u00f3pia da pasta de trabalho do Excel?","description":"Neste tutorial, aprenderemos como criar uma c\u00f3pia de um arquivo Excel. Usaremos duas maneiras diferentes de fazer isso...","robots":{"index":"index","follow":"follow","max-snippet":"max-snippet:-1","max-image-preview":"max-image-preview:large","max-video-preview":"max-video-preview:-1"},"canonical":"https:\/\/exceladvisor.org\/pt\/copiar-pasta-de-trabalho\/","og_locale":"pt_PT","og_type":"article","og_title":"Como fazer uma c\u00f3pia da pasta de trabalho do Excel?","og_description":"Neste tutorial, aprenderemos como criar uma c\u00f3pia de um arquivo Excel. Usaremos duas maneiras diferentes de fazer isso...","og_url":"https:\/\/exceladvisor.org\/pt\/copiar-pasta-de-trabalho\/","og_site_name":"Excel Advisor","article_modified_time":"2023-12-06T11:37:49+00:00","og_image":[{"url":"https:\/\/exceladvisor.org\/wp-content\/uploads\/2023\/08\/1-selectionnez-le-fichier.png","type":"","width":"","height":""}],"twitter_card":"summary_large_image","twitter_misc":{"Tempo estimado de leitura":"1 minuto"},"schema":{"@context":"https:\/\/schema.org","@graph":[{"@type":"WebPage","@id":"https:\/\/exceladvisor.org\/pt\/copiar-pasta-de-trabalho\/","url":"https:\/\/exceladvisor.org\/pt\/copiar-pasta-de-trabalho\/","name":"Como fazer uma c\u00f3pia da pasta de trabalho do Excel?","isPartOf":{"@id":"https:\/\/exceladvisor.org\/pt\/#website"},"primaryImageOfPage":{"@id":"https:\/\/exceladvisor.org\/pt\/copiar-pasta-de-trabalho\/#primaryimage"},"image":{"@id":"https:\/\/exceladvisor.org\/pt\/copiar-pasta-de-trabalho\/#primaryimage"},"thumbnailUrl":"https:\/\/exceladvisor.org\/wp-content\/uploads\/2023\/08\/1-selectionnez-le-fichier.png","datePublished":"2023-10-18T08:38:45+00:00","dateModified":"2023-12-06T11:37:49+00:00","description":"Neste tutorial, aprenderemos como criar uma c\u00f3pia de um arquivo Excel. Usaremos duas maneiras diferentes de fazer isso...","breadcrumb":{"@id":"https:\/\/exceladvisor.org\/pt\/copiar-pasta-de-trabalho\/#breadcrumb"},"inLanguage":"pt-PT","potentialAction":[{"@type":"ReadAction","target":["https:\/\/exceladvisor.org\/pt\/copiar-pasta-de-trabalho\/"]}]},{"@type":"ImageObject","inLanguage":"pt-PT","@id":"https:\/\/exceladvisor.org\/pt\/copiar-pasta-de-trabalho\/#primaryimage","url":"https:\/\/exceladvisor.org\/wp-content\/uploads\/2023\/08\/1-selectionnez-le-fichier.png","contentUrl":"https:\/\/exceladvisor.org\/wp-content\/uploads\/2023\/08\/1-selectionnez-le-fichier.png"},{"@type":"BreadcrumbList","@id":"https:\/\/exceladvisor.org\/pt\/copiar-pasta-de-trabalho\/#breadcrumb","itemListElement":[{"@type":"ListItem","position":1,"name":"Lar","item":"https:\/\/exceladvisor.org\/pt\/"},{"@type":"ListItem","position":2,"name":"Como fazer uma c\u00f3pia da pasta de trabalho do excel?"}]},{"@type":"WebSite","@id":"https:\/\/exceladvisor.org\/pt\/#website","url":"https:\/\/exceladvisor.org\/pt\/","name":"Excel Advisor","description":"O seu guia definitivo para dominar os dados!","publisher":{"@id":"https:\/\/exceladvisor.org\/pt\/#organization"},"potentialAction":[{"@type":"SearchAction","target":{"@type":"EntryPoint","urlTemplate":"https:\/\/exceladvisor.org\/pt\/?s={search_term_string}"},"query-input":{"@type":"PropertyValueSpecification","valueRequired":true,"valueName":"search_term_string"}}],"inLanguage":"pt-PT"},{"@type":"Organization","@id":"https:\/\/exceladvisor.org\/pt\/#organization","name":"Excel Advisor","url":"https:\/\/exceladvisor.org\/pt\/","logo":{"@type":"ImageObject","inLanguage":"pt-PT","@id":"https:\/\/exceladvisor.org\/pt\/#\/schema\/logo\/image\/","url":"https:\/\/exceladvisor.org\/pt\/wp-content\/uploads\/2023\/12\/exceladvisor.org_.png","contentUrl":"https:\/\/exceladvisor.org\/pt\/wp-content\/uploads\/2023\/12\/exceladvisor.org_.png","width":105,"height":36,"caption":"Excel Advisor"},"image":{"@id":"https:\/\/exceladvisor.org\/pt\/#\/schema\/logo\/image\/"}}]}},"yoast_meta":{"yoast_wpseo_title":"","yoast_wpseo_metadesc":"","yoast_wpseo_canonical":""},"_links":{"self":[{"href":"https:\/\/exceladvisor.org\/pt\/wp-json\/wp\/v2\/pages\/618","targetHints":{"allow":["GET"]}}],"collection":[{"href":"https:\/\/exceladvisor.org\/pt\/wp-json\/wp\/v2\/pages"}],"about":[{"href":"https:\/\/exceladvisor.org\/pt\/wp-json\/wp\/v2\/types\/page"}],"author":[{"embeddable":true,"href":"https:\/\/exceladvisor.org\/pt\/wp-json\/wp\/v2\/users\/1"}],"replies":[{"embeddable":true,"href":"https:\/\/exceladvisor.org\/pt\/wp-json\/wp\/v2\/comments?post=618"}],"version-history":[{"count":1,"href":"https:\/\/exceladvisor.org\/pt\/wp-json\/wp\/v2\/pages\/618\/revisions"}],"predecessor-version":[{"id":1071,"href":"https:\/\/exceladvisor.org\/pt\/wp-json\/wp\/v2\/pages\/618\/revisions\/1071"}],"wp:attachment":[{"href":"https:\/\/exceladvisor.org\/pt\/wp-json\/wp\/v2\/media?parent=618"}],"curies":[{"name":"wp","href":"https:\/\/api.w.org\/{rel}","templated":true}]}}