{"id":619,"date":"2023-10-18T05:22:43","date_gmt":"2023-10-18T05:22:43","guid":{"rendered":"https:\/\/exceladvisor.org\/pt\/opcoes\/"},"modified":"2023-12-06T11:33:44","modified_gmt":"2023-12-06T11:33:44","slug":"opcoes","status":"publish","type":"page","link":"https:\/\/exceladvisor.org\/pt\/opcoes\/","title":{"rendered":"Como abrir op\u00e7\u00f5es do excel no windows e mac?"},"content":{"rendered":"<div class=\"excel-before-content-2\" id=\"excel-3163327966\"><script type=\"text\/javascript\">\r\n\tatOptions = {\r\n\t\t'key' : 'c1158f160081d6540a8409e6925dab94',\r\n\t\t'format' : 'iframe',\r\n\t\t'height' : 250,\r\n\t\t'width' : 300,\r\n\t\t'params' : {}\r\n\t};\r\n<\/script>\r\n<script type=\"text\/javascript\" src=\"\/\/www.highperformanceformat.com\/c1158f160081d6540a8409e6925dab94\/invoke.js\"><\/script><\/div><div class=\"excel-before-content\" id=\"excel-2880771037\"><script type=\"text\/javascript\">\r\n\tatOptions = {\r\n\t\t'key' : 'c1158f160081d6540a8409e6925dab94',\r\n\t\t'format' : 'iframe',\r\n\t\t'height' : 250,\r\n\t\t'width' : 300,\r\n\t\t'params' : {}\r\n\t};\r\n<\/script>\r\n<script type=\"text\/javascript\" src=\"\/\/www.highperformanceformat.com\/c1158f160081d6540a8409e6925dab94\/invoke.js\"><\/script><\/div> <p>No Mac, as op\u00e7\u00f5es do Excel est\u00e3o l\u00e1 com o nome Prefer\u00eancias do Excel, e no Windows s\u00e3o apenas op\u00e7\u00f5es. <\/p><div class=\"wp-block-image\"><figure class=\"aligncenter size-full is-resized\"><img loading=\"lazy\" decoding=\"async\" class=\"wp-image-77787\" src=\"https:\/\/exceladvisor.org\/wp-content\/uploads\/2023\/08\/1-ouvrir-les-options-excel-dans-mac1.png\" sizes=\"auto, \" srcset=\"\" alt=\"abrir op\u00e7\u00f5es do Excel no Mac\" width=\"596\" height=\"666\"><\/figure><\/div><p> Neste tutorial, veremos etapas simples para abrir e usar as op\u00e7\u00f5es do Excel no Mac e no Windows.<\/p><h2 class=\"wp-block-heading\"> Etapas para abrir op\u00e7\u00f5es do Excel no Mac<\/h2><ol><li> Primeiro, clique em \u201cExcel\u201d na barra de menu que voc\u00ea tem no topo. <br><img loading=\"lazy\" decoding=\"async\" title=\"2 cliques na barra do Excel para Mac\" src=\"https:\/\/exceladvisor.org\/wp-content\/uploads\/2023\/08\/2-clic-sur-la-barre-excel-pour-mac.png\" sizes=\"auto, \" srcset=\"\" alt=\"click-on-excel-bar-for-mac\" width=\"512\" height=\"183\"><\/li><li> Depois disso, clique em \u201cPrefer\u00eancias\u2026\u201d para abrir as op\u00e7\u00f5es do Excel. <br><img loading=\"lazy\" decoding=\"async\" title=\"Prefer\u00eancias em 3 cliques\" src=\"https:\/\/exceladvisor.org\/wp-content\/uploads\/2023\/08\/3-cliquez-sur-preferences.png\" sizes=\"auto, \" srcset=\"\" alt=\"click-on-preferences\" width=\"507\" height=\"249\"><\/li><li> A partir da\u00ed, clique na categoria para abrir as outras op\u00e7\u00f5es internas. <br><img loading=\"lazy\" decoding=\"async\" title=\"4 cliques em caegoria para abrir outras op\u00e7\u00f5es\" src=\"https:\/\/exceladvisor.org\/wp-content\/uploads\/2023\/08\/4-cliquez-sur-caegory-pour-ouvrir-dautres-options.png\" sizes=\"auto, \" srcset=\"\" alt=\"click-category-to-open-further-options\" width=\"505\" height=\"291\"><\/li><li> No final, depois de fazer as altera\u00e7\u00f5es (por exemplo, se quiser alterar a fonte padr\u00e3o), clique no \u00edcone fechar no canto superior esquerdo para salv\u00e1-lo e fech\u00e1-lo. <br><img loading=\"lazy\" decoding=\"async\" title=\"5 cliques no \u00edcone fechar\" src=\"https:\/\/exceladvisor.org\/wp-content\/uploads\/2023\/08\/5-cliquez-sur-licone-de-fermeture.png\" sizes=\"auto, \" srcset=\"\" alt=\"click-on-close-icon\" width=\"623\" height=\"437\"><\/li><\/ol><h2 class=\"wp-block-heading\"> Etapas para abrir op\u00e7\u00f5es do Excel no Windows<\/h2><ol><li> Primeiro, v\u00e1 para a guia Arquivo na faixa de op\u00e7\u00f5es. <br><img loading=\"lazy\" decoding=\"async\" title=\"6-abrir-op\u00e7\u00f5es-do-excel-no-windows\" src=\"https:\/\/exceladvisor.org\/wp-content\/uploads\/2023\/08\/6-options-Excel-ouvertes-dans-Windows.png\" sizes=\"auto, \" srcset=\"\" alt=\"open-excel-options-in-windows\" width=\"370\" height=\"229\"><\/li><li> A partir da\u00ed, clique em Mais e em Op\u00e7\u00f5es. <br><img loading=\"lazy\" decoding=\"async\" title=\"7-clique no arquivo e depois nas op\u00e7\u00f5es\" src=\"https:\/\/exceladvisor.org\/wp-content\/uploads\/2023\/08\/7-cliquez-sur-fichier-puis-sur-options.png\" sizes=\"auto, \" srcset=\"\" alt=\"click-file-and-then-options\" width=\"317\" height=\"221\"><\/li><li> A partir da\u00ed, clique na guia da categoria para abrir as outras op\u00e7\u00f5es internas. <br><img loading=\"lazy\" decoding=\"async\" title=\"Categoria de 8 cliques para explorar outras op\u00e7\u00f5es\" src=\"https:\/\/exceladvisor.org\/wp-content\/uploads\/2023\/08\/8-cliquez-sur-la-categorie-pour-explorer-dautres-options.png\" sizes=\"auto, \" srcset=\"\" alt=\"click-category-to-explore-further-options\" width=\"508\" height=\"377\"><\/li><li> No final, depois de fazer as altera\u00e7\u00f5es (por exemplo, se quiser alterar o tema de cores da \u00e1rea de trabalho), clique no bot\u00e3o OK no canto inferior direito da caixa de di\u00e1logo. <br><img loading=\"lazy\" decoding=\"async\" title=\"9-ap\u00f3s-altera\u00e7\u00f5es-clique-salvar\" src=\"https:\/\/exceladvisor.org\/wp-content\/uploads\/2023\/08\/9-apres-les-modifications-cliquez-sur-Enregistrer.png\" sizes=\"auto, \" srcset=\"\" alt=\"after-changes-click-save\" width=\"734\" height=\"394\"><\/li><\/ol><div class=\"gb-container gb-container-4db6181c gb-container-mt\"> <a class=\"gb-button gb-button-c5897111 gb-button-text gb-button-mt-button\" href=\"https:\/\/exceladvisor.org\/pt\/nocoes-basicas-de-excel\/\">No\u00e7\u00f5es b\u00e1sicas do Microsoft Excel (componentes, pe\u00e7as e notas de conhecimento)<\/a><h2 class=\"gb-headline gb-headline-665e5f6b gb-headline-text gb-headline-mt-heading\"> Tutoriais relacionados <\/h2><div class=\"gb-grid-wrapper gb-grid-wrapper-a20baf7c gb-grid-wrapper-mt-grid\"><div class=\"gb-grid-column gb-grid-column-65ddf67e\"><div class=\"gb-container gb-container-65ddf67e\"><ul><li> <a href=\"https:\/\/exceladvisor.org\/pt\/justificar-completamente\/\">Preencha Justificar no Excel<\/a><\/li><li> <a href=\"https:\/\/exceladvisor.org\/pt\/barra-de-formulas-do-excel\/\">Barra de f\u00f3rmulas no Excel<\/a><\/li><li> <a href=\"https:\/\/exceladvisor.org\/pt\/adicionar-um-cabecalho-de-rodape\/\">Adicione um cabe\u00e7alho e rodap\u00e9 no Excel<\/a><\/li><li> <a href=\"https:\/\/exceladvisor.org\/pt\/governante\/\">Mostrar r\u00e9gua no Excel<\/a><\/li><li> <a href=\"https:\/\/exceladvisor.org\/pt\/alca-de-enchimento\/\">Al\u00e7a de preenchimento no Excel<\/a><\/li><\/ul><\/div><\/div><\/div><\/div>","protected":false},"excerpt":{"rendered":"","protected":false},"author":1,"featured_media":0,"parent":0,"menu_order":0,"comment_status":"open","ping_status":"closed","template":"","meta":{"ub_ctt_via":"","footnotes":""},"class_list":["post-619","page","type-page","status-publish","hentry"],"featured_image_src":null,"yoast_head":"<!-- This site is optimized with the Yoast SEO plugin v25.4 - https:\/\/yoast.com\/wordpress\/plugins\/seo\/ -->\n<title>Como abrir op\u00e7\u00f5es do Excel no Windows e Mac?<\/title>\n<meta name=\"description\" content=\"Vamos aprender como abrir as op\u00e7\u00f5es do Excel nas vers\u00f5es do Excel para Windows e Mac. As Op\u00e7\u00f5es do Excel abrangem muitas op\u00e7\u00f5es...\" \/>\n<meta name=\"robots\" content=\"index, follow, max-snippet:-1, max-image-preview:large, max-video-preview:-1\" \/>\n<link rel=\"canonical\" href=\"https:\/\/exceladvisor.org\/pt\/opcoes\/\" \/>\n<meta property=\"og:locale\" content=\"pt_PT\" \/>\n<meta property=\"og:type\" content=\"article\" \/>\n<meta property=\"og:title\" content=\"Como abrir op\u00e7\u00f5es do Excel no Windows e Mac?\" \/>\n<meta property=\"og:description\" content=\"Vamos aprender como abrir as op\u00e7\u00f5es do Excel nas vers\u00f5es do Excel para Windows e Mac. As Op\u00e7\u00f5es do Excel abrangem muitas op\u00e7\u00f5es...\" \/>\n<meta property=\"og:url\" content=\"https:\/\/exceladvisor.org\/pt\/opcoes\/\" \/>\n<meta property=\"og:site_name\" content=\"Excel Advisor\" \/>\n<meta property=\"article:modified_time\" content=\"2023-12-06T11:33:44+00:00\" \/>\n<meta property=\"og:image\" content=\"https:\/\/exceladvisor.org\/wp-content\/uploads\/2023\/08\/1-ouvrir-les-options-excel-dans-mac1.png\" \/>\n<meta name=\"twitter:card\" content=\"summary_large_image\" \/>\n<meta name=\"twitter:label1\" content=\"Tempo estimado de leitura\" \/>\n\t<meta name=\"twitter:data1\" content=\"1 minuto\" \/>\n<script type=\"application\/ld+json\" class=\"yoast-schema-graph\">{\"@context\":\"https:\/\/schema.org\",\"@graph\":[{\"@type\":\"WebPage\",\"@id\":\"https:\/\/exceladvisor.org\/pt\/opcoes\/\",\"url\":\"https:\/\/exceladvisor.org\/pt\/opcoes\/\",\"name\":\"Como abrir op\u00e7\u00f5es do Excel no Windows e Mac?\",\"isPartOf\":{\"@id\":\"https:\/\/exceladvisor.org\/pt\/#website\"},\"primaryImageOfPage\":{\"@id\":\"https:\/\/exceladvisor.org\/pt\/opcoes\/#primaryimage\"},\"image\":{\"@id\":\"https:\/\/exceladvisor.org\/pt\/opcoes\/#primaryimage\"},\"thumbnailUrl\":\"https:\/\/exceladvisor.org\/wp-content\/uploads\/2023\/08\/1-ouvrir-les-options-excel-dans-mac1.png\",\"datePublished\":\"2023-10-18T05:22:43+00:00\",\"dateModified\":\"2023-12-06T11:33:44+00:00\",\"description\":\"Vamos aprender como abrir as op\u00e7\u00f5es do Excel nas vers\u00f5es do Excel para Windows e Mac. As Op\u00e7\u00f5es do Excel abrangem muitas op\u00e7\u00f5es...\",\"breadcrumb\":{\"@id\":\"https:\/\/exceladvisor.org\/pt\/opcoes\/#breadcrumb\"},\"inLanguage\":\"pt-PT\",\"potentialAction\":[{\"@type\":\"ReadAction\",\"target\":[\"https:\/\/exceladvisor.org\/pt\/opcoes\/\"]}]},{\"@type\":\"ImageObject\",\"inLanguage\":\"pt-PT\",\"@id\":\"https:\/\/exceladvisor.org\/pt\/opcoes\/#primaryimage\",\"url\":\"https:\/\/exceladvisor.org\/wp-content\/uploads\/2023\/08\/1-ouvrir-les-options-excel-dans-mac1.png\",\"contentUrl\":\"https:\/\/exceladvisor.org\/wp-content\/uploads\/2023\/08\/1-ouvrir-les-options-excel-dans-mac1.png\"},{\"@type\":\"BreadcrumbList\",\"@id\":\"https:\/\/exceladvisor.org\/pt\/opcoes\/#breadcrumb\",\"itemListElement\":[{\"@type\":\"ListItem\",\"position\":1,\"name\":\"Lar\",\"item\":\"https:\/\/exceladvisor.org\/pt\/\"},{\"@type\":\"ListItem\",\"position\":2,\"name\":\"Como abrir op\u00e7\u00f5es do excel no windows e mac?\"}]},{\"@type\":\"WebSite\",\"@id\":\"https:\/\/exceladvisor.org\/pt\/#website\",\"url\":\"https:\/\/exceladvisor.org\/pt\/\",\"name\":\"Excel Advisor\",\"description\":\"O seu guia definitivo para dominar os dados!\",\"publisher\":{\"@id\":\"https:\/\/exceladvisor.org\/pt\/#organization\"},\"potentialAction\":[{\"@type\":\"SearchAction\",\"target\":{\"@type\":\"EntryPoint\",\"urlTemplate\":\"https:\/\/exceladvisor.org\/pt\/?s={search_term_string}\"},\"query-input\":{\"@type\":\"PropertyValueSpecification\",\"valueRequired\":true,\"valueName\":\"search_term_string\"}}],\"inLanguage\":\"pt-PT\"},{\"@type\":\"Organization\",\"@id\":\"https:\/\/exceladvisor.org\/pt\/#organization\",\"name\":\"Excel Advisor\",\"url\":\"https:\/\/exceladvisor.org\/pt\/\",\"logo\":{\"@type\":\"ImageObject\",\"inLanguage\":\"pt-PT\",\"@id\":\"https:\/\/exceladvisor.org\/pt\/#\/schema\/logo\/image\/\",\"url\":\"https:\/\/exceladvisor.org\/pt\/wp-content\/uploads\/2023\/12\/exceladvisor.org_.png\",\"contentUrl\":\"https:\/\/exceladvisor.org\/pt\/wp-content\/uploads\/2023\/12\/exceladvisor.org_.png\",\"width\":105,\"height\":36,\"caption\":\"Excel Advisor\"},\"image\":{\"@id\":\"https:\/\/exceladvisor.org\/pt\/#\/schema\/logo\/image\/\"}}]}<\/script>\n<!-- \/ Yoast SEO plugin. -->","yoast_head_json":{"title":"Como abrir op\u00e7\u00f5es do Excel no Windows e Mac?","description":"Vamos aprender como abrir as op\u00e7\u00f5es do Excel nas vers\u00f5es do Excel para Windows e Mac. As Op\u00e7\u00f5es do Excel abrangem muitas op\u00e7\u00f5es...","robots":{"index":"index","follow":"follow","max-snippet":"max-snippet:-1","max-image-preview":"max-image-preview:large","max-video-preview":"max-video-preview:-1"},"canonical":"https:\/\/exceladvisor.org\/pt\/opcoes\/","og_locale":"pt_PT","og_type":"article","og_title":"Como abrir op\u00e7\u00f5es do Excel no Windows e Mac?","og_description":"Vamos aprender como abrir as op\u00e7\u00f5es do Excel nas vers\u00f5es do Excel para Windows e Mac. As Op\u00e7\u00f5es do Excel abrangem muitas op\u00e7\u00f5es...","og_url":"https:\/\/exceladvisor.org\/pt\/opcoes\/","og_site_name":"Excel Advisor","article_modified_time":"2023-12-06T11:33:44+00:00","og_image":[{"url":"https:\/\/exceladvisor.org\/wp-content\/uploads\/2023\/08\/1-ouvrir-les-options-excel-dans-mac1.png","type":"","width":"","height":""}],"twitter_card":"summary_large_image","twitter_misc":{"Tempo estimado de leitura":"1 minuto"},"schema":{"@context":"https:\/\/schema.org","@graph":[{"@type":"WebPage","@id":"https:\/\/exceladvisor.org\/pt\/opcoes\/","url":"https:\/\/exceladvisor.org\/pt\/opcoes\/","name":"Como abrir op\u00e7\u00f5es do Excel no Windows e Mac?","isPartOf":{"@id":"https:\/\/exceladvisor.org\/pt\/#website"},"primaryImageOfPage":{"@id":"https:\/\/exceladvisor.org\/pt\/opcoes\/#primaryimage"},"image":{"@id":"https:\/\/exceladvisor.org\/pt\/opcoes\/#primaryimage"},"thumbnailUrl":"https:\/\/exceladvisor.org\/wp-content\/uploads\/2023\/08\/1-ouvrir-les-options-excel-dans-mac1.png","datePublished":"2023-10-18T05:22:43+00:00","dateModified":"2023-12-06T11:33:44+00:00","description":"Vamos aprender como abrir as op\u00e7\u00f5es do Excel nas vers\u00f5es do Excel para Windows e Mac. As Op\u00e7\u00f5es do Excel abrangem muitas op\u00e7\u00f5es...","breadcrumb":{"@id":"https:\/\/exceladvisor.org\/pt\/opcoes\/#breadcrumb"},"inLanguage":"pt-PT","potentialAction":[{"@type":"ReadAction","target":["https:\/\/exceladvisor.org\/pt\/opcoes\/"]}]},{"@type":"ImageObject","inLanguage":"pt-PT","@id":"https:\/\/exceladvisor.org\/pt\/opcoes\/#primaryimage","url":"https:\/\/exceladvisor.org\/wp-content\/uploads\/2023\/08\/1-ouvrir-les-options-excel-dans-mac1.png","contentUrl":"https:\/\/exceladvisor.org\/wp-content\/uploads\/2023\/08\/1-ouvrir-les-options-excel-dans-mac1.png"},{"@type":"BreadcrumbList","@id":"https:\/\/exceladvisor.org\/pt\/opcoes\/#breadcrumb","itemListElement":[{"@type":"ListItem","position":1,"name":"Lar","item":"https:\/\/exceladvisor.org\/pt\/"},{"@type":"ListItem","position":2,"name":"Como abrir op\u00e7\u00f5es do excel no windows e mac?"}]},{"@type":"WebSite","@id":"https:\/\/exceladvisor.org\/pt\/#website","url":"https:\/\/exceladvisor.org\/pt\/","name":"Excel Advisor","description":"O seu guia definitivo para dominar os dados!","publisher":{"@id":"https:\/\/exceladvisor.org\/pt\/#organization"},"potentialAction":[{"@type":"SearchAction","target":{"@type":"EntryPoint","urlTemplate":"https:\/\/exceladvisor.org\/pt\/?s={search_term_string}"},"query-input":{"@type":"PropertyValueSpecification","valueRequired":true,"valueName":"search_term_string"}}],"inLanguage":"pt-PT"},{"@type":"Organization","@id":"https:\/\/exceladvisor.org\/pt\/#organization","name":"Excel Advisor","url":"https:\/\/exceladvisor.org\/pt\/","logo":{"@type":"ImageObject","inLanguage":"pt-PT","@id":"https:\/\/exceladvisor.org\/pt\/#\/schema\/logo\/image\/","url":"https:\/\/exceladvisor.org\/pt\/wp-content\/uploads\/2023\/12\/exceladvisor.org_.png","contentUrl":"https:\/\/exceladvisor.org\/pt\/wp-content\/uploads\/2023\/12\/exceladvisor.org_.png","width":105,"height":36,"caption":"Excel Advisor"},"image":{"@id":"https:\/\/exceladvisor.org\/pt\/#\/schema\/logo\/image\/"}}]}},"yoast_meta":{"yoast_wpseo_title":"","yoast_wpseo_metadesc":"","yoast_wpseo_canonical":""},"_links":{"self":[{"href":"https:\/\/exceladvisor.org\/pt\/wp-json\/wp\/v2\/pages\/619","targetHints":{"allow":["GET"]}}],"collection":[{"href":"https:\/\/exceladvisor.org\/pt\/wp-json\/wp\/v2\/pages"}],"about":[{"href":"https:\/\/exceladvisor.org\/pt\/wp-json\/wp\/v2\/types\/page"}],"author":[{"embeddable":true,"href":"https:\/\/exceladvisor.org\/pt\/wp-json\/wp\/v2\/users\/1"}],"replies":[{"embeddable":true,"href":"https:\/\/exceladvisor.org\/pt\/wp-json\/wp\/v2\/comments?post=619"}],"version-history":[{"count":1,"href":"https:\/\/exceladvisor.org\/pt\/wp-json\/wp\/v2\/pages\/619\/revisions"}],"predecessor-version":[{"id":768,"href":"https:\/\/exceladvisor.org\/pt\/wp-json\/wp\/v2\/pages\/619\/revisions\/768"}],"wp:attachment":[{"href":"https:\/\/exceladvisor.org\/pt\/wp-json\/wp\/v2\/media?parent=619"}],"curies":[{"name":"wp","href":"https:\/\/api.w.org\/{rel}","templated":true}]}}