{"id":62,"date":"2023-11-17T14:13:09","date_gmt":"2023-11-17T14:13:09","guid":{"rendered":"https:\/\/exceladvisor.org\/pt\/selecionar-tudo\/"},"modified":"2023-12-06T11:42:14","modified_gmt":"2023-12-06T11:42:14","slug":"selecionar-tudo","status":"publish","type":"page","link":"https:\/\/exceladvisor.org\/pt\/selecionar-tudo\/","title":{"rendered":"Como selecionar todas as c\u00e9lulas usando c\u00f3digo vba?"},"content":{"rendered":"<div class=\"excel-before-content-2\" id=\"excel-4166973794\"><script type=\"text\/javascript\">\r\n\tatOptions = {\r\n\t\t'key' : 'c1158f160081d6540a8409e6925dab94',\r\n\t\t'format' : 'iframe',\r\n\t\t'height' : 250,\r\n\t\t'width' : 300,\r\n\t\t'params' : {}\r\n\t};\r\n<\/script>\r\n<script type=\"text\/javascript\" src=\"\/\/www.highperformanceformat.com\/c1158f160081d6540a8409e6925dab94\/invoke.js\"><\/script><\/div><div class=\"excel-before-content\" id=\"excel-2519514175\"><script type=\"text\/javascript\">\r\n\tatOptions = {\r\n\t\t'key' : 'c1158f160081d6540a8409e6925dab94',\r\n\t\t'format' : 'iframe',\r\n\t\t'height' : 250,\r\n\t\t'width' : 300,\r\n\t\t'params' : {}\r\n\t};\r\n<\/script>\r\n<script type=\"text\/javascript\" src=\"\/\/www.highperformanceformat.com\/c1158f160081d6540a8409e6925dab94\/invoke.js\"><\/script><\/div> <p>No VBA, existe uma propriedade chamada CELLS que voc\u00ea pode usar para selecionar todas as c\u00e9lulas que possui em uma planilha.<\/p><pre class=\"wp-block-code\"> <code class=\"language-visual-basic\" lang=\"visual-basic\">Cells.Select<\/code><\/pre><h2 class=\"wp-block-heading\"> VBA para selecionar todas as c\u00e9lulas<\/h2><ol><li> Primeiro, digite a propriedade CELLS para fazer refer\u00eancia a todas as c\u00e9lulas da planilha. <br><img loading=\"lazy\" decoding=\"async\" title=\"1-digite a propriedade das c\u00e9lulas\" src=\"https:\/\/exceladvisor.org\/wp-content\/uploads\/2023\/08\/1-tapez-la-propriete-des-cellules.png\" sizes=\"auto, \" srcset=\"\" alt=\"type-the-cells-property\" width=\"360\" height=\"215\"><\/li><li> Depois disso, insira um ponto final (.).<\/li><li> Neste ponto voc\u00ea ter\u00e1 uma lista de m\u00e9todos e propriedades. <br><img loading=\"lazy\" decoding=\"async\" title=\"2-insira um per\u00edodo\" src=\"https:\/\/exceladvisor.org\/wp-content\/uploads\/2023\/08\/2-entrez-un-point.png\" sizes=\"auto, \" srcset=\"\" alt=\"enter-a-dot\" width=\"391\" height=\"285\"><\/li><li> Nesta lista, selecione \u201cSelecionar\u201d ou digite \u201cSelecionar\u201d. <br><img loading=\"lazy\" decoding=\"async\" title=\"3-na-lista-selecionar-selecionar-ou-selecionar-tipo\" src=\"https:\/\/exceladvisor.org\/wp-content\/uploads\/2023\/08\/3-dans-la-liste-selectionnez-selectionnez-ou-tapez-selectionnez.png\" sizes=\"auto, \" srcset=\"\" alt=\"from-list-select-select-or-type-select\" width=\"356\" height=\"221\"><\/li><\/ol><p> Depois de selecionar a planilha inteira, voc\u00ea pode alterar a fonte, limpar o conte\u00fado ou fazer outras coisas.<\/p><h2 class=\"wp-block-heading\"> Coment\u00e1rios<\/h2><ul><li> A propriedade CELLS funciona da mesma maneira que voc\u00ea usa o <a href=\"https:\/\/exceladvisor.org\/pt\/atalhos-do-teclado\/\">atalho de teclado Control+A<\/a> para selecionar todas as c\u00e9lulas.<\/li><li> Quando voc\u00ea executa este c\u00f3digo VBA, ele seleciona todas as c\u00e9lulas, mesmo que a planilha esteja protegida e algumas c\u00e9lulas estejam bloqueadas.<\/li><li> Ele tamb\u00e9m selecionar\u00e1 c\u00e9lulas ocultas.<\/li><\/ul><h2 class=\"wp-block-heading\"> A planilha deve estar ativada<\/h2><p> Agora voc\u00ea precisa entender uma coisa aqui: quando voc\u00ea seleciona todas as c\u00e9lulas de uma planilha, essa <a href=\"https:\/\/exceladvisor.org\/pt\/ativar-planilha\/\">planilha deve ser habilitada<\/a> . Resumindo, voc\u00ea n\u00e3o pode selecionar c\u00e9lulas de uma planilha que n\u00e3o esteja ativada.<\/p><p> Digamos que voc\u00ea queira selecionar todas as c\u00e9lulas da \u201cPlanilha1\u201d. Se voc\u00ea usar o tipo de c\u00f3digo abaixo, receber\u00e1 um erro. Voc\u00ea deve primeiro ativar &#8220;Planilha1&#8221; e, em seguida, usar a propriedade &#8220;C\u00e9lulas&#8221; para selecionar todas as c\u00e9lulas.<\/p><pre class=\"wp-block-code\"> <code class=\"language-visual-basic\" lang=\"visual-basic\">Worksheets(\"Sheet1\").Activate Cells.Select<\/code><\/pre><p> Agora, ao execut\u00e1-lo, ele primeiro ativar\u00e1 \u201cPlanilha1\u201d e depois selecionar\u00e1 todas as c\u00e9lulas. Isso oferece uma pequena limita\u00e7\u00e3o: voc\u00ea n\u00e3o pode selecionar a planilha inteira se essa planilha n\u00e3o estiver habilitada.<\/p><p> Aqui est\u00e1 outra coisa que voc\u00ea pode fazer: voc\u00ea pode <a href=\"https:\/\/exceladvisor.org\/pt\/adicione-uma-nova-planilha-1\/\">adicionar uma nova planilha<\/a> e selecionar todas as c\u00e9lulas.<\/p><pre class=\"wp-block-code\"> <code class=\"language-visual-basic\" lang=\"visual-basic\">Sheets.Add.Name = \"mySheet\" Cells.Select<\/code><\/pre><div class=\"gb-container gb-container-4db6181c gb-container-mt\"> <a class=\"gb-button gb-button-c5897111 gb-button-text gb-button-mt-button\" href=\"https:\/\/exceladvisor.org\/pt\/vba\/\">O que \u00e9 VBA<\/a><h2 class=\"gb-headline gb-headline-665e5f6b gb-headline-text gb-headline-mt-heading\"> Tutoriais relacionados <\/h2><div class=\"gb-grid-wrapper gb-grid-wrapper-a20baf7c gb-grid-wrapper-mt-grid\"><div class=\"gb-grid-column gb-grid-column-65ddf67e\"><div class=\"gb-container gb-container-65ddf67e\"><ul><li> <a href=\"https:\/\/exceladvisor.org\/pt\/insira-uma-linha-1\/\">Insira uma linha usando VBA no Excel<\/a><\/li><li> <a href=\"https:\/\/exceladvisor.org\/pt\/mesclar\/\">Mesclar c\u00e9lulas no Excel usando c\u00f3digo VBA<\/a><\/li><li> Selecione um intervalo\/c\u00e9lula usando VBA no Excel<\/li><li> <a href=\"https:\/\/exceladvisor.org\/pt\/celula-ativa-1\/\">ActiveCell em VBA no Excel<\/a><\/li><li> <a href=\"https:\/\/exceladvisor.org\/pt\/celulas-especiais\/\">M\u00e9todo de c\u00e9lulas especiais em VBA no Excel<\/a> <\/li><\/ul><\/div><\/div><div class=\"gb-grid-column gb-grid-column-50067b57\"><div class=\"gb-container gb-container-50067b57\"><\/div><\/div><\/div><\/div>","protected":false},"excerpt":{"rendered":"","protected":false},"author":1,"featured_media":0,"parent":0,"menu_order":0,"comment_status":"open","ping_status":"closed","template":"","meta":{"ub_ctt_via":"","footnotes":""},"class_list":["post-62","page","type-page","status-publish","hentry"],"featured_image_src":null,"yoast_head":"<!-- This site is optimized with the Yoast SEO plugin v25.4 - https:\/\/yoast.com\/wordpress\/plugins\/seo\/ -->\n<title>Como selecionar todas as c\u00e9lulas usando c\u00f3digo VBA?<\/title>\n<meta name=\"description\" content=\"No VBA existe uma propriedade chamada CELLS que voc\u00ea pode usar para selecionar todas as c\u00e9lulas que voc\u00ea possui.\" \/>\n<meta name=\"robots\" content=\"index, follow, max-snippet:-1, max-image-preview:large, max-video-preview:-1\" \/>\n<link rel=\"canonical\" href=\"https:\/\/exceladvisor.org\/pt\/selecionar-tudo\/\" \/>\n<meta property=\"og:locale\" content=\"pt_PT\" \/>\n<meta property=\"og:type\" content=\"article\" \/>\n<meta property=\"og:title\" content=\"Como selecionar todas as c\u00e9lulas usando c\u00f3digo VBA?\" \/>\n<meta property=\"og:description\" content=\"No VBA existe uma propriedade chamada CELLS que voc\u00ea pode usar para selecionar todas as c\u00e9lulas que voc\u00ea possui.\" \/>\n<meta property=\"og:url\" content=\"https:\/\/exceladvisor.org\/pt\/selecionar-tudo\/\" \/>\n<meta property=\"og:site_name\" content=\"Excel Advisor\" \/>\n<meta property=\"article:modified_time\" content=\"2023-12-06T11:42:14+00:00\" \/>\n<meta property=\"og:image\" content=\"https:\/\/exceladvisor.org\/wp-content\/uploads\/2023\/08\/1-tapez-la-propriete-des-cellules.png\" \/>\n<meta name=\"twitter:card\" content=\"summary_large_image\" \/>\n<meta name=\"twitter:label1\" content=\"Tempo estimado de leitura\" \/>\n\t<meta name=\"twitter:data1\" content=\"2 minutos\" \/>\n<script type=\"application\/ld+json\" class=\"yoast-schema-graph\">{\"@context\":\"https:\/\/schema.org\",\"@graph\":[{\"@type\":\"WebPage\",\"@id\":\"https:\/\/exceladvisor.org\/pt\/selecionar-tudo\/\",\"url\":\"https:\/\/exceladvisor.org\/pt\/selecionar-tudo\/\",\"name\":\"Como selecionar todas as c\u00e9lulas usando c\u00f3digo VBA?\",\"isPartOf\":{\"@id\":\"https:\/\/exceladvisor.org\/pt\/#website\"},\"primaryImageOfPage\":{\"@id\":\"https:\/\/exceladvisor.org\/pt\/selecionar-tudo\/#primaryimage\"},\"image\":{\"@id\":\"https:\/\/exceladvisor.org\/pt\/selecionar-tudo\/#primaryimage\"},\"thumbnailUrl\":\"https:\/\/exceladvisor.org\/wp-content\/uploads\/2023\/08\/1-tapez-la-propriete-des-cellules.png\",\"datePublished\":\"2023-11-17T14:13:09+00:00\",\"dateModified\":\"2023-12-06T11:42:14+00:00\",\"description\":\"No VBA existe uma propriedade chamada CELLS que voc\u00ea pode usar para selecionar todas as c\u00e9lulas que voc\u00ea possui.\",\"breadcrumb\":{\"@id\":\"https:\/\/exceladvisor.org\/pt\/selecionar-tudo\/#breadcrumb\"},\"inLanguage\":\"pt-PT\",\"potentialAction\":[{\"@type\":\"ReadAction\",\"target\":[\"https:\/\/exceladvisor.org\/pt\/selecionar-tudo\/\"]}]},{\"@type\":\"ImageObject\",\"inLanguage\":\"pt-PT\",\"@id\":\"https:\/\/exceladvisor.org\/pt\/selecionar-tudo\/#primaryimage\",\"url\":\"https:\/\/exceladvisor.org\/wp-content\/uploads\/2023\/08\/1-tapez-la-propriete-des-cellules.png\",\"contentUrl\":\"https:\/\/exceladvisor.org\/wp-content\/uploads\/2023\/08\/1-tapez-la-propriete-des-cellules.png\"},{\"@type\":\"BreadcrumbList\",\"@id\":\"https:\/\/exceladvisor.org\/pt\/selecionar-tudo\/#breadcrumb\",\"itemListElement\":[{\"@type\":\"ListItem\",\"position\":1,\"name\":\"Lar\",\"item\":\"https:\/\/exceladvisor.org\/pt\/\"},{\"@type\":\"ListItem\",\"position\":2,\"name\":\"Como selecionar todas as c\u00e9lulas usando c\u00f3digo vba?\"}]},{\"@type\":\"WebSite\",\"@id\":\"https:\/\/exceladvisor.org\/pt\/#website\",\"url\":\"https:\/\/exceladvisor.org\/pt\/\",\"name\":\"Excel Advisor\",\"description\":\"O seu guia definitivo para dominar os dados!\",\"publisher\":{\"@id\":\"https:\/\/exceladvisor.org\/pt\/#organization\"},\"potentialAction\":[{\"@type\":\"SearchAction\",\"target\":{\"@type\":\"EntryPoint\",\"urlTemplate\":\"https:\/\/exceladvisor.org\/pt\/?s={search_term_string}\"},\"query-input\":{\"@type\":\"PropertyValueSpecification\",\"valueRequired\":true,\"valueName\":\"search_term_string\"}}],\"inLanguage\":\"pt-PT\"},{\"@type\":\"Organization\",\"@id\":\"https:\/\/exceladvisor.org\/pt\/#organization\",\"name\":\"Excel Advisor\",\"url\":\"https:\/\/exceladvisor.org\/pt\/\",\"logo\":{\"@type\":\"ImageObject\",\"inLanguage\":\"pt-PT\",\"@id\":\"https:\/\/exceladvisor.org\/pt\/#\/schema\/logo\/image\/\",\"url\":\"https:\/\/exceladvisor.org\/pt\/wp-content\/uploads\/2023\/12\/exceladvisor.org_.png\",\"contentUrl\":\"https:\/\/exceladvisor.org\/pt\/wp-content\/uploads\/2023\/12\/exceladvisor.org_.png\",\"width\":105,\"height\":36,\"caption\":\"Excel Advisor\"},\"image\":{\"@id\":\"https:\/\/exceladvisor.org\/pt\/#\/schema\/logo\/image\/\"}}]}<\/script>\n<!-- \/ Yoast SEO plugin. -->","yoast_head_json":{"title":"Como selecionar todas as c\u00e9lulas usando c\u00f3digo VBA?","description":"No VBA existe uma propriedade chamada CELLS que voc\u00ea pode usar para selecionar todas as c\u00e9lulas que voc\u00ea possui.","robots":{"index":"index","follow":"follow","max-snippet":"max-snippet:-1","max-image-preview":"max-image-preview:large","max-video-preview":"max-video-preview:-1"},"canonical":"https:\/\/exceladvisor.org\/pt\/selecionar-tudo\/","og_locale":"pt_PT","og_type":"article","og_title":"Como selecionar todas as c\u00e9lulas usando c\u00f3digo VBA?","og_description":"No VBA existe uma propriedade chamada CELLS que voc\u00ea pode usar para selecionar todas as c\u00e9lulas que voc\u00ea possui.","og_url":"https:\/\/exceladvisor.org\/pt\/selecionar-tudo\/","og_site_name":"Excel Advisor","article_modified_time":"2023-12-06T11:42:14+00:00","og_image":[{"url":"https:\/\/exceladvisor.org\/wp-content\/uploads\/2023\/08\/1-tapez-la-propriete-des-cellules.png","type":"","width":"","height":""}],"twitter_card":"summary_large_image","twitter_misc":{"Tempo estimado de leitura":"2 minutos"},"schema":{"@context":"https:\/\/schema.org","@graph":[{"@type":"WebPage","@id":"https:\/\/exceladvisor.org\/pt\/selecionar-tudo\/","url":"https:\/\/exceladvisor.org\/pt\/selecionar-tudo\/","name":"Como selecionar todas as c\u00e9lulas usando c\u00f3digo VBA?","isPartOf":{"@id":"https:\/\/exceladvisor.org\/pt\/#website"},"primaryImageOfPage":{"@id":"https:\/\/exceladvisor.org\/pt\/selecionar-tudo\/#primaryimage"},"image":{"@id":"https:\/\/exceladvisor.org\/pt\/selecionar-tudo\/#primaryimage"},"thumbnailUrl":"https:\/\/exceladvisor.org\/wp-content\/uploads\/2023\/08\/1-tapez-la-propriete-des-cellules.png","datePublished":"2023-11-17T14:13:09+00:00","dateModified":"2023-12-06T11:42:14+00:00","description":"No VBA existe uma propriedade chamada CELLS que voc\u00ea pode usar para selecionar todas as c\u00e9lulas que voc\u00ea possui.","breadcrumb":{"@id":"https:\/\/exceladvisor.org\/pt\/selecionar-tudo\/#breadcrumb"},"inLanguage":"pt-PT","potentialAction":[{"@type":"ReadAction","target":["https:\/\/exceladvisor.org\/pt\/selecionar-tudo\/"]}]},{"@type":"ImageObject","inLanguage":"pt-PT","@id":"https:\/\/exceladvisor.org\/pt\/selecionar-tudo\/#primaryimage","url":"https:\/\/exceladvisor.org\/wp-content\/uploads\/2023\/08\/1-tapez-la-propriete-des-cellules.png","contentUrl":"https:\/\/exceladvisor.org\/wp-content\/uploads\/2023\/08\/1-tapez-la-propriete-des-cellules.png"},{"@type":"BreadcrumbList","@id":"https:\/\/exceladvisor.org\/pt\/selecionar-tudo\/#breadcrumb","itemListElement":[{"@type":"ListItem","position":1,"name":"Lar","item":"https:\/\/exceladvisor.org\/pt\/"},{"@type":"ListItem","position":2,"name":"Como selecionar todas as c\u00e9lulas usando c\u00f3digo vba?"}]},{"@type":"WebSite","@id":"https:\/\/exceladvisor.org\/pt\/#website","url":"https:\/\/exceladvisor.org\/pt\/","name":"Excel Advisor","description":"O seu guia definitivo para dominar os dados!","publisher":{"@id":"https:\/\/exceladvisor.org\/pt\/#organization"},"potentialAction":[{"@type":"SearchAction","target":{"@type":"EntryPoint","urlTemplate":"https:\/\/exceladvisor.org\/pt\/?s={search_term_string}"},"query-input":{"@type":"PropertyValueSpecification","valueRequired":true,"valueName":"search_term_string"}}],"inLanguage":"pt-PT"},{"@type":"Organization","@id":"https:\/\/exceladvisor.org\/pt\/#organization","name":"Excel Advisor","url":"https:\/\/exceladvisor.org\/pt\/","logo":{"@type":"ImageObject","inLanguage":"pt-PT","@id":"https:\/\/exceladvisor.org\/pt\/#\/schema\/logo\/image\/","url":"https:\/\/exceladvisor.org\/pt\/wp-content\/uploads\/2023\/12\/exceladvisor.org_.png","contentUrl":"https:\/\/exceladvisor.org\/pt\/wp-content\/uploads\/2023\/12\/exceladvisor.org_.png","width":105,"height":36,"caption":"Excel Advisor"},"image":{"@id":"https:\/\/exceladvisor.org\/pt\/#\/schema\/logo\/image\/"}}]}},"yoast_meta":{"yoast_wpseo_title":"","yoast_wpseo_metadesc":"","yoast_wpseo_canonical":""},"_links":{"self":[{"href":"https:\/\/exceladvisor.org\/pt\/wp-json\/wp\/v2\/pages\/62","targetHints":{"allow":["GET"]}}],"collection":[{"href":"https:\/\/exceladvisor.org\/pt\/wp-json\/wp\/v2\/pages"}],"about":[{"href":"https:\/\/exceladvisor.org\/pt\/wp-json\/wp\/v2\/types\/page"}],"author":[{"embeddable":true,"href":"https:\/\/exceladvisor.org\/pt\/wp-json\/wp\/v2\/users\/1"}],"replies":[{"embeddable":true,"href":"https:\/\/exceladvisor.org\/pt\/wp-json\/wp\/v2\/comments?post=62"}],"version-history":[{"count":1,"href":"https:\/\/exceladvisor.org\/pt\/wp-json\/wp\/v2\/pages\/62\/revisions"}],"predecessor-version":[{"id":1193,"href":"https:\/\/exceladvisor.org\/pt\/wp-json\/wp\/v2\/pages\/62\/revisions\/1193"}],"wp:attachment":[{"href":"https:\/\/exceladvisor.org\/pt\/wp-json\/wp\/v2\/media?parent=62"}],"curies":[{"name":"wp","href":"https:\/\/api.w.org\/{rel}","templated":true}]}}