{"id":620,"date":"2023-10-18T04:39:54","date_gmt":"2023-10-18T04:39:54","guid":{"rendered":"https:\/\/exceladvisor.org\/pt\/coluna-2\/"},"modified":"2023-12-06T11:51:14","modified_gmt":"2023-12-06T11:51:14","slug":"coluna-2","status":"publish","type":"page","link":"https:\/\/exceladvisor.org\/pt\/coluna-2\/","title":{"rendered":"O que \u00e9 uma coluna no excel?"},"content":{"rendered":"<div class=\"excel-before-content-2\" id=\"excel-1002972283\"><script type=\"text\/javascript\">\r\n\tatOptions = {\r\n\t\t'key' : 'c1158f160081d6540a8409e6925dab94',\r\n\t\t'format' : 'iframe',\r\n\t\t'height' : 250,\r\n\t\t'width' : 300,\r\n\t\t'params' : {}\r\n\t};\r\n<\/script>\r\n<script type=\"text\/javascript\" src=\"\/\/www.highperformanceformat.com\/c1158f160081d6540a8409e6925dab94\/invoke.js\"><\/script><\/div><div class=\"excel-before-content\" id=\"excel-1532046280\"><script type=\"text\/javascript\">\r\n\tatOptions = {\r\n\t\t'key' : 'c1158f160081d6540a8409e6925dab94',\r\n\t\t'format' : 'iframe',\r\n\t\t'height' : 250,\r\n\t\t'width' : 300,\r\n\t\t'params' : {}\r\n\t};\r\n<\/script>\r\n<script type=\"text\/javascript\" src=\"\/\/www.highperformanceformat.com\/c1158f160081d6540a8409e6925dab94\/invoke.js\"><\/script><\/div> <p>Uma coluna no Excel \u00e9 um alinhamento vertical de c\u00e9lulas. Cada coluna tem seu endere\u00e7o exclusivo, rotulado como um alfabeto (de A a XFD). E h\u00e1 mais de um milh\u00e3o de c\u00e9lulas em uma \u00fanica coluna e h\u00e1 um total de 16.384 colunas em uma \u00fanica planilha. <\/p><div class=\"wp-block-image\"><figure class=\"aligncenter size-full is-resized\"><img loading=\"lazy\" decoding=\"async\" class=\"wp-image-77894\" src=\"https:\/\/exceladvisor.org\/wp-content\/uploads\/2023\/08\/1-faisant-reference-a-la-communaute.png\" sizes=\"auto, \" srcset=\"\" alt=\"refer\u00eancia \u00e0 coluna\" width=\"641\" height=\"469\"><\/figure><\/div><h2 class=\"wp-block-heading\"> Selecione uma coluna<\/h2><p> Para selecionar uma coluna, basta clicar no cabe\u00e7alho da coluna onde est\u00e1 o alfabeto da coluna, e ele selecionar\u00e1 a coluna inteira, da primeira \u00e0 \u00faltima c\u00e9lula. <\/p><div class=\"wp-block-image\"><figure class=\"aligncenter size-full is-resized\"><img loading=\"lazy\" decoding=\"async\" class=\"wp-image-77895\" src=\"https:\/\/exceladvisor.org\/wp-content\/uploads\/2023\/08\/2-se-referant-a-une-seule-colonne.png\" sizes=\"auto, \" srcset=\"\" alt=\"referindo-se a uma \u00fanica coluna\" width=\"478\" height=\"296\"><\/figure><\/div><p> Outra forma de selecionar uma coluna inteira \u00e9 usar o atalho do teclado. Depois de selecionar uma das c\u00e9lulas da coluna que deseja selecionar, pressione e segure a tecla Control e pressione a barra de espa\u00e7o. Isso selecionar\u00e1 a coluna inteira.<\/p><p> <em><strong>Relacionado:<\/strong><\/em><mark class=\"has-inline-color\" style=\"background-color: #eafaeb;\"> <strong><em><a href=\"https:\/\/exceladvisor.org\/pt\/atalhos-do-teclado\/\">Atalhos de teclado para Excel (folha de dicas em PDF)<\/a><\/em><\/strong><\/mark><\/p><h2 class=\"wp-block-heading\"> Referenciar uma coluna no Excel<\/h2><p> Como eu disse e voc\u00ea tamb\u00e9m pode ver no instant\u00e2neo acima que cada coluna tem seu nome \u00fanico, que \u00e9 composto pelo alfabeto. Agora, para se referir a uma coluna, voc\u00ea deve usar o seu nome. Se quiser se referir \u00e0 coluna A, voc\u00ea deve usar seu endere\u00e7o como A:A. <\/p><div class=\"wp-block-image\"><figure class=\"aligncenter size-full is-resized\"><img loading=\"lazy\" decoding=\"async\" class=\"wp-image-77896\" src=\"https:\/\/exceladvisor.org\/wp-content\/uploads\/2023\/08\/3-se-referant-a-une-colonne-en-utilisant-ladresse.png\" sizes=\"auto, \" srcset=\"\" alt=\"refer\u00eancia a uma coluna usando um endere\u00e7o\" width=\"502\" height=\"480\"><\/figure><\/div><p> No exemplo acima, voc\u00ea pode ver que estamos nos referindo \u00e0 coluna A usando seu endere\u00e7o na fun\u00e7\u00e3o soma. Agora, se quiser fazer refer\u00eancia a v\u00e1rias colunas, voc\u00ea pode usar um endere\u00e7o que fa\u00e7a refer\u00eancia a v\u00e1rias colunas. <\/p><div class=\"wp-block-image\"><figure class=\"aligncenter size-full is-resized\"><img loading=\"lazy\" decoding=\"async\" class=\"wp-image-77897\" src=\"https:\/\/exceladvisor.org\/wp-content\/uploads\/2023\/08\/4-faisant-reference-a-plusieurs-colonnes-adjacentes.png\" sizes=\"auto, \" srcset=\"\" alt=\"referindo-se a v\u00e1rias colunas adjacentes\" width=\"517\" height=\"501\"><\/figure><\/div><p> Agora no exemplo acima estamos nos referindo \u00e0s quatro colunas de A a D e no endere\u00e7o usamos A:D que significa da coluna A \u00e0 coluna D. <\/p><div class=\"wp-block-image\"><figure class=\"aligncenter size-full is-resized\"><img loading=\"lazy\" decoding=\"async\" class=\"wp-image-77898\" src=\"https:\/\/exceladvisor.org\/wp-content\/uploads\/2023\/08\/5-se-referant-a-deux-colonnes-non-continues.png\" sizes=\"auto, \" srcset=\"\" alt=\"refer\u00eancia n\u00e3o cont\u00ednua de duas colunas\" width=\"642\" height=\"463\"><\/figure><\/div><p> E no exemplo acima, estamos nos referindo a duas colunas que n\u00e3o s\u00e3o cont\u00ednuas e as usamos usando seus endere\u00e7os separadamente usando uma v\u00edrgula entre elas.<\/p><h2 class=\"wp-block-heading\"> Qual \u00e9 a \u00faltima coluna do Excel<\/h2><p> A \u00faltima coluna do Excel \u00e9 a coluna XFD. Em uma \u00fanica planilha, existem 16.384 colunas. Este n\u00famero \u00e9 fixo, voc\u00ea n\u00e3o pode adicionar mais colunas a uma \u00fanica planilha e se quiser adicionar mais dados ser\u00e1 necess\u00e1rio <a href=\"https:\/\/exceladvisor.org\/pt\/adicionar\/\" data-wpil=\"url\">inserir uma nova planilha<\/a> que ter\u00e1 adicionalmente 16.384 colunas. <\/p><div class=\"wp-block-image\"><figure class=\"aligncenter size-full is-resized\"><img loading=\"lazy\" decoding=\"async\" class=\"wp-image-77899\" src=\"https:\/\/exceladvisor.org\/wp-content\/uploads\/2023\/08\/6-total-16384-colonnes.png\" sizes=\"auto, \" srcset=\"\" alt=\"total-16384 colunas\" width=\"359\" height=\"209\"><\/figure><\/div><h2 class=\"wp-block-heading\"> Posso ter o nome da coluna como um n\u00famero?<\/h2><p> Sim, voc\u00ea pode ter o nome de uma coluna como um n\u00famero em vez de um alfabeto. Para fazer isso, voc\u00ea precisa alterar o estilo de refer\u00eancia para R1C1. <\/p><div class=\"wp-block-image\"><figure class=\"aligncenter size-full is-resized\"><img loading=\"lazy\" decoding=\"async\" class=\"wp-image-77900\" src=\"https:\/\/exceladvisor.org\/wp-content\/uploads\/2023\/08\/7-nom-de-colonne-sous-forme-de-nombre.png\" sizes=\"auto, \" srcset=\"\" alt=\"nome da coluna como n\u00famero\" width=\"451\" height=\"266\"><\/figure><\/div><p> Com R1C1, voc\u00ea pode alterar a refer\u00eancia da coluna, permitindo fazer refer\u00eancia a uma coluna usando um n\u00famero. Para fazer isso, v\u00e1 at\u00e9 a aba Arquivo \u279c <a href=\"https:\/\/exceladvisor.org\/pt\/opcoes\/\">Op\u00e7\u00f5es<\/a> \u279c Trabalhar com f\u00f3rmulas. Em seguida, verifique \u201cEstilo de refer\u00eancia R1C1\u201d. <\/p><div class=\"wp-block-image\"><figure class=\"aligncenter size-full is-resized\"><img loading=\"lazy\" decoding=\"async\" class=\"wp-image-77901\" src=\"https:\/\/exceladvisor.org\/wp-content\/uploads\/2023\/08\/8-changer-la-reference-de-la-colonne.png\" sizes=\"auto, \" srcset=\"\" alt=\"alterar refer\u00eancia de coluna\" width=\"580\" height=\"448\"><\/figure><\/div><p> Mas antes de passar para este <a href=\"https:\/\/exceladvisor.org\/pt\/r1c1\/\">, leia sobre ele<\/a> .<\/p><div class=\"gb-container gb-container-4db6181c gb-container-mt\"> <a class=\"gb-button gb-button-c5897111 gb-button-text gb-button-mt-button\" href=\"https:\/\/exceladvisor.org\/pt\/nocoes-basicas-de-excel\/\">No\u00e7\u00f5es b\u00e1sicas do Microsoft Excel (componentes, pe\u00e7as e notas de conhecimento)<\/a><h2 class=\"gb-headline gb-headline-665e5f6b gb-headline-text gb-headline-mt-heading\"> Tutoriais relacionados <\/h2><div class=\"gb-grid-wrapper gb-grid-wrapper-a20baf7c gb-grid-wrapper-mt-grid\"><div class=\"gb-grid-column gb-grid-column-50067b57\"><div class=\"gb-container gb-container-50067b57\"><ul><li> <a href=\"https:\/\/exceladvisor.org\/pt\/linha-2\/\">Linha no Excel<\/a><\/li><li> <a href=\"https:\/\/exceladvisor.org\/pt\/mostrar-linhas\/\">Mostrar linhas no Excel<\/a><\/li><li> <a href=\"https:\/\/exceladvisor.org\/pt\/faixa\/\">Intervalo no Excel<\/a><\/li><li> <a href=\"https:\/\/exceladvisor.org\/pt\/selecione-o-intervalo\/\">Selecione o intervalo no Excel<\/a><\/li><li> <a href=\"https:\/\/exceladvisor.org\/pt\/celula-ativa\/\">Ativar c\u00e9lula no Excel<\/a><\/li><\/ul><\/div><\/div><\/div><\/div>","protected":false},"excerpt":{"rendered":"","protected":false},"author":1,"featured_media":0,"parent":0,"menu_order":0,"comment_status":"open","ping_status":"closed","template":"","meta":{"ub_ctt_via":"","footnotes":""},"class_list":["post-620","page","type-page","status-publish","hentry"],"featured_image_src":null,"yoast_head":"<!-- This site is optimized with the Yoast SEO plugin v25.4 - https:\/\/yoast.com\/wordpress\/plugins\/seo\/ -->\n<title>O que \u00e9 uma coluna no Excel? \u2013 Consultor Excel<\/title>\n<meta name=\"description\" content=\"Se voc\u00ea acabou de come\u00e7ar a aprender Excel, este tutorial ir\u00e1 ajud\u00e1-lo a entender algumas coisas importantes sobre colunas...\" \/>\n<meta name=\"robots\" content=\"index, follow, max-snippet:-1, max-image-preview:large, max-video-preview:-1\" \/>\n<link rel=\"canonical\" href=\"https:\/\/exceladvisor.org\/pt\/coluna-2\/\" \/>\n<meta property=\"og:locale\" content=\"pt_PT\" \/>\n<meta property=\"og:type\" content=\"article\" \/>\n<meta property=\"og:title\" content=\"O que \u00e9 uma coluna no Excel? \u2013 Consultor Excel\" \/>\n<meta property=\"og:description\" content=\"Se voc\u00ea acabou de come\u00e7ar a aprender Excel, este tutorial ir\u00e1 ajud\u00e1-lo a entender algumas coisas importantes sobre colunas...\" \/>\n<meta property=\"og:url\" content=\"https:\/\/exceladvisor.org\/pt\/coluna-2\/\" \/>\n<meta property=\"og:site_name\" content=\"Excel Advisor\" \/>\n<meta property=\"article:modified_time\" content=\"2023-12-06T11:51:14+00:00\" \/>\n<meta property=\"og:image\" content=\"https:\/\/exceladvisor.org\/wp-content\/uploads\/2023\/08\/1-faisant-reference-a-la-communaute.png\" \/>\n<meta name=\"twitter:card\" content=\"summary_large_image\" \/>\n<meta name=\"twitter:label1\" content=\"Tempo estimado de leitura\" \/>\n\t<meta name=\"twitter:data1\" content=\"2 minutos\" \/>\n<script type=\"application\/ld+json\" class=\"yoast-schema-graph\">{\"@context\":\"https:\/\/schema.org\",\"@graph\":[{\"@type\":\"WebPage\",\"@id\":\"https:\/\/exceladvisor.org\/pt\/coluna-2\/\",\"url\":\"https:\/\/exceladvisor.org\/pt\/coluna-2\/\",\"name\":\"O que \u00e9 uma coluna no Excel? \u2013 Consultor Excel\",\"isPartOf\":{\"@id\":\"https:\/\/exceladvisor.org\/pt\/#website\"},\"primaryImageOfPage\":{\"@id\":\"https:\/\/exceladvisor.org\/pt\/coluna-2\/#primaryimage\"},\"image\":{\"@id\":\"https:\/\/exceladvisor.org\/pt\/coluna-2\/#primaryimage\"},\"thumbnailUrl\":\"https:\/\/exceladvisor.org\/wp-content\/uploads\/2023\/08\/1-faisant-reference-a-la-communaute.png\",\"datePublished\":\"2023-10-18T04:39:54+00:00\",\"dateModified\":\"2023-12-06T11:51:14+00:00\",\"description\":\"Se voc\u00ea acabou de come\u00e7ar a aprender Excel, este tutorial ir\u00e1 ajud\u00e1-lo a entender algumas coisas importantes sobre colunas...\",\"breadcrumb\":{\"@id\":\"https:\/\/exceladvisor.org\/pt\/coluna-2\/#breadcrumb\"},\"inLanguage\":\"pt-PT\",\"potentialAction\":[{\"@type\":\"ReadAction\",\"target\":[\"https:\/\/exceladvisor.org\/pt\/coluna-2\/\"]}]},{\"@type\":\"ImageObject\",\"inLanguage\":\"pt-PT\",\"@id\":\"https:\/\/exceladvisor.org\/pt\/coluna-2\/#primaryimage\",\"url\":\"https:\/\/exceladvisor.org\/wp-content\/uploads\/2023\/08\/1-faisant-reference-a-la-communaute.png\",\"contentUrl\":\"https:\/\/exceladvisor.org\/wp-content\/uploads\/2023\/08\/1-faisant-reference-a-la-communaute.png\"},{\"@type\":\"BreadcrumbList\",\"@id\":\"https:\/\/exceladvisor.org\/pt\/coluna-2\/#breadcrumb\",\"itemListElement\":[{\"@type\":\"ListItem\",\"position\":1,\"name\":\"Lar\",\"item\":\"https:\/\/exceladvisor.org\/pt\/\"},{\"@type\":\"ListItem\",\"position\":2,\"name\":\"O que \u00e9 uma coluna no excel?\"}]},{\"@type\":\"WebSite\",\"@id\":\"https:\/\/exceladvisor.org\/pt\/#website\",\"url\":\"https:\/\/exceladvisor.org\/pt\/\",\"name\":\"Excel Advisor\",\"description\":\"O seu guia definitivo para dominar os dados!\",\"publisher\":{\"@id\":\"https:\/\/exceladvisor.org\/pt\/#organization\"},\"potentialAction\":[{\"@type\":\"SearchAction\",\"target\":{\"@type\":\"EntryPoint\",\"urlTemplate\":\"https:\/\/exceladvisor.org\/pt\/?s={search_term_string}\"},\"query-input\":{\"@type\":\"PropertyValueSpecification\",\"valueRequired\":true,\"valueName\":\"search_term_string\"}}],\"inLanguage\":\"pt-PT\"},{\"@type\":\"Organization\",\"@id\":\"https:\/\/exceladvisor.org\/pt\/#organization\",\"name\":\"Excel Advisor\",\"url\":\"https:\/\/exceladvisor.org\/pt\/\",\"logo\":{\"@type\":\"ImageObject\",\"inLanguage\":\"pt-PT\",\"@id\":\"https:\/\/exceladvisor.org\/pt\/#\/schema\/logo\/image\/\",\"url\":\"https:\/\/exceladvisor.org\/pt\/wp-content\/uploads\/2023\/12\/exceladvisor.org_.png\",\"contentUrl\":\"https:\/\/exceladvisor.org\/pt\/wp-content\/uploads\/2023\/12\/exceladvisor.org_.png\",\"width\":105,\"height\":36,\"caption\":\"Excel Advisor\"},\"image\":{\"@id\":\"https:\/\/exceladvisor.org\/pt\/#\/schema\/logo\/image\/\"}}]}<\/script>\n<!-- \/ Yoast SEO plugin. -->","yoast_head_json":{"title":"O que \u00e9 uma coluna no Excel? \u2013 Consultor Excel","description":"Se voc\u00ea acabou de come\u00e7ar a aprender Excel, este tutorial ir\u00e1 ajud\u00e1-lo a entender algumas coisas importantes sobre colunas...","robots":{"index":"index","follow":"follow","max-snippet":"max-snippet:-1","max-image-preview":"max-image-preview:large","max-video-preview":"max-video-preview:-1"},"canonical":"https:\/\/exceladvisor.org\/pt\/coluna-2\/","og_locale":"pt_PT","og_type":"article","og_title":"O que \u00e9 uma coluna no Excel? \u2013 Consultor Excel","og_description":"Se voc\u00ea acabou de come\u00e7ar a aprender Excel, este tutorial ir\u00e1 ajud\u00e1-lo a entender algumas coisas importantes sobre colunas...","og_url":"https:\/\/exceladvisor.org\/pt\/coluna-2\/","og_site_name":"Excel Advisor","article_modified_time":"2023-12-06T11:51:14+00:00","og_image":[{"url":"https:\/\/exceladvisor.org\/wp-content\/uploads\/2023\/08\/1-faisant-reference-a-la-communaute.png","type":"","width":"","height":""}],"twitter_card":"summary_large_image","twitter_misc":{"Tempo estimado de leitura":"2 minutos"},"schema":{"@context":"https:\/\/schema.org","@graph":[{"@type":"WebPage","@id":"https:\/\/exceladvisor.org\/pt\/coluna-2\/","url":"https:\/\/exceladvisor.org\/pt\/coluna-2\/","name":"O que \u00e9 uma coluna no Excel? \u2013 Consultor Excel","isPartOf":{"@id":"https:\/\/exceladvisor.org\/pt\/#website"},"primaryImageOfPage":{"@id":"https:\/\/exceladvisor.org\/pt\/coluna-2\/#primaryimage"},"image":{"@id":"https:\/\/exceladvisor.org\/pt\/coluna-2\/#primaryimage"},"thumbnailUrl":"https:\/\/exceladvisor.org\/wp-content\/uploads\/2023\/08\/1-faisant-reference-a-la-communaute.png","datePublished":"2023-10-18T04:39:54+00:00","dateModified":"2023-12-06T11:51:14+00:00","description":"Se voc\u00ea acabou de come\u00e7ar a aprender Excel, este tutorial ir\u00e1 ajud\u00e1-lo a entender algumas coisas importantes sobre colunas...","breadcrumb":{"@id":"https:\/\/exceladvisor.org\/pt\/coluna-2\/#breadcrumb"},"inLanguage":"pt-PT","potentialAction":[{"@type":"ReadAction","target":["https:\/\/exceladvisor.org\/pt\/coluna-2\/"]}]},{"@type":"ImageObject","inLanguage":"pt-PT","@id":"https:\/\/exceladvisor.org\/pt\/coluna-2\/#primaryimage","url":"https:\/\/exceladvisor.org\/wp-content\/uploads\/2023\/08\/1-faisant-reference-a-la-communaute.png","contentUrl":"https:\/\/exceladvisor.org\/wp-content\/uploads\/2023\/08\/1-faisant-reference-a-la-communaute.png"},{"@type":"BreadcrumbList","@id":"https:\/\/exceladvisor.org\/pt\/coluna-2\/#breadcrumb","itemListElement":[{"@type":"ListItem","position":1,"name":"Lar","item":"https:\/\/exceladvisor.org\/pt\/"},{"@type":"ListItem","position":2,"name":"O que \u00e9 uma coluna no excel?"}]},{"@type":"WebSite","@id":"https:\/\/exceladvisor.org\/pt\/#website","url":"https:\/\/exceladvisor.org\/pt\/","name":"Excel Advisor","description":"O seu guia definitivo para dominar os dados!","publisher":{"@id":"https:\/\/exceladvisor.org\/pt\/#organization"},"potentialAction":[{"@type":"SearchAction","target":{"@type":"EntryPoint","urlTemplate":"https:\/\/exceladvisor.org\/pt\/?s={search_term_string}"},"query-input":{"@type":"PropertyValueSpecification","valueRequired":true,"valueName":"search_term_string"}}],"inLanguage":"pt-PT"},{"@type":"Organization","@id":"https:\/\/exceladvisor.org\/pt\/#organization","name":"Excel Advisor","url":"https:\/\/exceladvisor.org\/pt\/","logo":{"@type":"ImageObject","inLanguage":"pt-PT","@id":"https:\/\/exceladvisor.org\/pt\/#\/schema\/logo\/image\/","url":"https:\/\/exceladvisor.org\/pt\/wp-content\/uploads\/2023\/12\/exceladvisor.org_.png","contentUrl":"https:\/\/exceladvisor.org\/pt\/wp-content\/uploads\/2023\/12\/exceladvisor.org_.png","width":105,"height":36,"caption":"Excel Advisor"},"image":{"@id":"https:\/\/exceladvisor.org\/pt\/#\/schema\/logo\/image\/"}}]}},"yoast_meta":{"yoast_wpseo_title":"","yoast_wpseo_metadesc":"","yoast_wpseo_canonical":""},"_links":{"self":[{"href":"https:\/\/exceladvisor.org\/pt\/wp-json\/wp\/v2\/pages\/620","targetHints":{"allow":["GET"]}}],"collection":[{"href":"https:\/\/exceladvisor.org\/pt\/wp-json\/wp\/v2\/pages"}],"about":[{"href":"https:\/\/exceladvisor.org\/pt\/wp-json\/wp\/v2\/types\/page"}],"author":[{"embeddable":true,"href":"https:\/\/exceladvisor.org\/pt\/wp-json\/wp\/v2\/users\/1"}],"replies":[{"embeddable":true,"href":"https:\/\/exceladvisor.org\/pt\/wp-json\/wp\/v2\/comments?post=620"}],"version-history":[{"count":1,"href":"https:\/\/exceladvisor.org\/pt\/wp-json\/wp\/v2\/pages\/620\/revisions"}],"predecessor-version":[{"id":1458,"href":"https:\/\/exceladvisor.org\/pt\/wp-json\/wp\/v2\/pages\/620\/revisions\/1458"}],"wp:attachment":[{"href":"https:\/\/exceladvisor.org\/pt\/wp-json\/wp\/v2\/media?parent=620"}],"curies":[{"name":"wp","href":"https:\/\/api.w.org\/{rel}","templated":true}]}}