{"id":621,"date":"2023-10-18T03:07:27","date_gmt":"2023-10-18T03:07:27","guid":{"rendered":"https:\/\/exceladvisor.org\/pt\/atalhos-de-teclado-1\/"},"modified":"2023-12-06T11:33:39","modified_gmt":"2023-12-06T11:33:39","slug":"atalhos-de-teclado-1","status":"publish","type":"page","link":"https:\/\/exceladvisor.org\/pt\/atalhos-de-teclado-1\/","title":{"rendered":"Atalhos de teclado da tabela din\u00e2mica no excel"},"content":{"rendered":"<div class=\"excel-before-content-2\" id=\"excel-4086750845\"><script type=\"text\/javascript\">\r\n\tatOptions = {\r\n\t\t'key' : 'c1158f160081d6540a8409e6925dab94',\r\n\t\t'format' : 'iframe',\r\n\t\t'height' : 250,\r\n\t\t'width' : 300,\r\n\t\t'params' : {}\r\n\t};\r\n<\/script>\r\n<script type=\"text\/javascript\" src=\"\/\/www.highperformanceformat.com\/c1158f160081d6540a8409e6925dab94\/invoke.js\"><\/script><\/div><div class=\"excel-before-content\" id=\"excel-4069444619\"><script type=\"text\/javascript\">\r\n\tatOptions = {\r\n\t\t'key' : 'c1158f160081d6540a8409e6925dab94',\r\n\t\t'format' : 'iframe',\r\n\t\t'height' : 250,\r\n\t\t'width' : 300,\r\n\t\t'params' : {}\r\n\t};\r\n<\/script>\r\n<script type=\"text\/javascript\" src=\"\/\/www.highperformanceformat.com\/c1158f160081d6540a8409e6925dab94\/invoke.js\"><\/script><\/div> <p>Todos n\u00f3s amamos atalhos de teclado. CERTO? Listei aqui alguns dos atalhos de teclado <a href=\"https:\/\/exceladvisor.org\/pt\/atalhos-do-teclado\/\">comuns, mas \u00fateis,<\/a> que voc\u00ea pode usar para acelerar o trabalho da tabela din\u00e2mica.<\/p><h2 class=\"wp-block-heading\"> 1. Crie uma tabela din\u00e2mica<\/h2><p> <strong>Alt + N + V<\/strong><\/p><p> Para usar esta tecla de atalho, certifique-se de ter selecionado os dados de origem ou de que a c\u00e9lula ativa seja dos dados de origem. E se voc\u00ea estiver usando a vers\u00e3o Excel 2007, poder\u00e1 usar Alt+N+V+T.<\/p><h2 class=\"wp-block-heading\"> 2. Agrupar\/desagrupar itens selecionados da tabela din\u00e2mica<\/h2><p> <strong>Alt + Shift + Seta para a direita<\/strong><\/p><p> Digamos que voc\u00ea tenha uma tabela din\u00e2mica com meses e queira agrupar os primeiros seis ou os \u00faltimos seis meses. Tudo que voc\u00ea precisa fazer \u00e9 selecionar essas seis c\u00e9lulas e usar esta tecla de atalho.<\/p><p> <strong>Alt + Shift + Seta para a esquerda<\/strong><\/p><p> Assim como voc\u00ea pode criar um grupo de itens, este atalho ajuda a desagrupar esses itens do grupo.<\/p><h2 class=\"wp-block-heading\"> 3. Oculte o item ou campo selecionado<\/h2><p> <strong>Ctrl + \u2013<\/strong><\/p><p> Esta tecla de atalho simplesmente ocultar\u00e1 as c\u00e9lulas selecionadas. Na verdade, ele n\u00e3o oculta as c\u00e9lulas, mas as filtra, o que voc\u00ea pode limpar nas op\u00e7\u00f5es de filtros.<\/p><h2 class=\"wp-block-heading\"> 4. Abra a janela Campo Calculado<\/h2><p> <strong>Alt + D e P<\/strong><\/p><p> Neste atalho de teclado, voc\u00ea deve pressionar as teclas posteriormente.<\/p><h2 class=\"wp-block-heading\"> 5. Abra a lista de campos da c\u00e9lula ativa<\/h2><p> <strong>Alt + seta para baixo<\/strong><\/p><p> Esta chave abre a lista de campos.<\/p><h2 class=\"wp-block-heading\"> (B\u00f4nus) Insira um gr\u00e1fico din\u00e2mico de uma tabela din\u00e2mica<\/h2><p> <strong>Alt+F1<\/strong><\/p><p> Para usar este atalho de teclado, voc\u00ea deve selecionar uma c\u00e9lula na tabela din\u00e2mica. Esta chave insere uma tabela din\u00e2mica na planilha existente. <\/p><div class=\"wp-block-group main-page-bottom is-layout-flow\"><div class=\"wp-block-group__inner-container\"><h2 class=\"wp-block-heading\"> Saiba mais sobre tabelas din\u00e2micas<\/h2><ul><li> <a href=\"https:\/\/exceladvisor.org\/pt\/excluir-tabela-dinamica\/\">Excluir uma tabela din\u00e2mica no Excel<\/a><\/li><li> <a href=\"https:\/\/exceladvisor.org\/pt\/mover-a-tabela-dinamica\/\">Mover uma tabela din\u00e2mica<\/a><\/li><li> <a href=\"https:\/\/exceladvisor.org\/pt\/dinamizar-a-partir-de-varias-planilhas\/\" data-wpil=\"url\">Tabela din\u00e2mica de v\u00e1rias planilhas<\/a><\/li><li> <a href=\"https:\/\/exceladvisor.org\/pt\/tabela-dinamica-2\/\" data-wpil=\"url\">Tabela din\u00e2mica no Excel<\/a><\/li><\/ul><\/div><\/div>","protected":false},"excerpt":{"rendered":"","protected":false},"author":1,"featured_media":0,"parent":0,"menu_order":0,"comment_status":"open","ping_status":"closed","template":"","meta":{"ub_ctt_via":"","footnotes":""},"class_list":["post-621","page","type-page","status-publish","hentry"],"featured_image_src":null,"yoast_head":"<!-- This site is optimized with the Yoast SEO plugin v25.4 - https:\/\/yoast.com\/wordpress\/plugins\/seo\/ -->\n<title>Atalhos de teclado da tabela din\u00e2mica no Excel<\/title>\n<meta name=\"description\" content=\"Neste tutorial, voc\u00ea aprender\u00e1 atalhos de teclado que podem ser usados com tabelas din\u00e2micas.\" \/>\n<meta name=\"robots\" content=\"index, follow, max-snippet:-1, max-image-preview:large, max-video-preview:-1\" \/>\n<link rel=\"canonical\" href=\"https:\/\/exceladvisor.org\/pt\/atalhos-de-teclado-1\/\" \/>\n<meta property=\"og:locale\" content=\"pt_PT\" \/>\n<meta property=\"og:type\" content=\"article\" \/>\n<meta property=\"og:title\" content=\"Atalhos de teclado da tabela din\u00e2mica no Excel\" \/>\n<meta property=\"og:description\" content=\"Neste tutorial, voc\u00ea aprender\u00e1 atalhos de teclado que podem ser usados com tabelas din\u00e2micas.\" \/>\n<meta property=\"og:url\" content=\"https:\/\/exceladvisor.org\/pt\/atalhos-de-teclado-1\/\" \/>\n<meta property=\"og:site_name\" content=\"Excel Advisor\" \/>\n<meta property=\"article:modified_time\" content=\"2023-12-06T11:33:39+00:00\" \/>\n<meta name=\"twitter:card\" content=\"summary_large_image\" \/>\n<meta name=\"twitter:label1\" content=\"Tempo estimado de leitura\" \/>\n\t<meta name=\"twitter:data1\" content=\"2 minutos\" \/>\n<script type=\"application\/ld+json\" class=\"yoast-schema-graph\">{\"@context\":\"https:\/\/schema.org\",\"@graph\":[{\"@type\":\"WebPage\",\"@id\":\"https:\/\/exceladvisor.org\/pt\/atalhos-de-teclado-1\/\",\"url\":\"https:\/\/exceladvisor.org\/pt\/atalhos-de-teclado-1\/\",\"name\":\"Atalhos de teclado da tabela din\u00e2mica no Excel\",\"isPartOf\":{\"@id\":\"https:\/\/exceladvisor.org\/pt\/#website\"},\"datePublished\":\"2023-10-18T03:07:27+00:00\",\"dateModified\":\"2023-12-06T11:33:39+00:00\",\"description\":\"Neste tutorial, voc\u00ea aprender\u00e1 atalhos de teclado que podem ser usados com tabelas din\u00e2micas.\",\"breadcrumb\":{\"@id\":\"https:\/\/exceladvisor.org\/pt\/atalhos-de-teclado-1\/#breadcrumb\"},\"inLanguage\":\"pt-PT\",\"potentialAction\":[{\"@type\":\"ReadAction\",\"target\":[\"https:\/\/exceladvisor.org\/pt\/atalhos-de-teclado-1\/\"]}]},{\"@type\":\"BreadcrumbList\",\"@id\":\"https:\/\/exceladvisor.org\/pt\/atalhos-de-teclado-1\/#breadcrumb\",\"itemListElement\":[{\"@type\":\"ListItem\",\"position\":1,\"name\":\"Lar\",\"item\":\"https:\/\/exceladvisor.org\/pt\/\"},{\"@type\":\"ListItem\",\"position\":2,\"name\":\"Atalhos de teclado da tabela din\u00e2mica no excel\"}]},{\"@type\":\"WebSite\",\"@id\":\"https:\/\/exceladvisor.org\/pt\/#website\",\"url\":\"https:\/\/exceladvisor.org\/pt\/\",\"name\":\"Excel Advisor\",\"description\":\"O seu guia definitivo para dominar os dados!\",\"publisher\":{\"@id\":\"https:\/\/exceladvisor.org\/pt\/#organization\"},\"potentialAction\":[{\"@type\":\"SearchAction\",\"target\":{\"@type\":\"EntryPoint\",\"urlTemplate\":\"https:\/\/exceladvisor.org\/pt\/?s={search_term_string}\"},\"query-input\":{\"@type\":\"PropertyValueSpecification\",\"valueRequired\":true,\"valueName\":\"search_term_string\"}}],\"inLanguage\":\"pt-PT\"},{\"@type\":\"Organization\",\"@id\":\"https:\/\/exceladvisor.org\/pt\/#organization\",\"name\":\"Excel Advisor\",\"url\":\"https:\/\/exceladvisor.org\/pt\/\",\"logo\":{\"@type\":\"ImageObject\",\"inLanguage\":\"pt-PT\",\"@id\":\"https:\/\/exceladvisor.org\/pt\/#\/schema\/logo\/image\/\",\"url\":\"https:\/\/exceladvisor.org\/pt\/wp-content\/uploads\/2023\/12\/exceladvisor.org_.png\",\"contentUrl\":\"https:\/\/exceladvisor.org\/pt\/wp-content\/uploads\/2023\/12\/exceladvisor.org_.png\",\"width\":105,\"height\":36,\"caption\":\"Excel Advisor\"},\"image\":{\"@id\":\"https:\/\/exceladvisor.org\/pt\/#\/schema\/logo\/image\/\"}}]}<\/script>\n<!-- \/ Yoast SEO plugin. -->","yoast_head_json":{"title":"Atalhos de teclado da tabela din\u00e2mica no Excel","description":"Neste tutorial, voc\u00ea aprender\u00e1 atalhos de teclado que podem ser usados com tabelas din\u00e2micas.","robots":{"index":"index","follow":"follow","max-snippet":"max-snippet:-1","max-image-preview":"max-image-preview:large","max-video-preview":"max-video-preview:-1"},"canonical":"https:\/\/exceladvisor.org\/pt\/atalhos-de-teclado-1\/","og_locale":"pt_PT","og_type":"article","og_title":"Atalhos de teclado da tabela din\u00e2mica no Excel","og_description":"Neste tutorial, voc\u00ea aprender\u00e1 atalhos de teclado que podem ser usados com tabelas din\u00e2micas.","og_url":"https:\/\/exceladvisor.org\/pt\/atalhos-de-teclado-1\/","og_site_name":"Excel Advisor","article_modified_time":"2023-12-06T11:33:39+00:00","twitter_card":"summary_large_image","twitter_misc":{"Tempo estimado de leitura":"2 minutos"},"schema":{"@context":"https:\/\/schema.org","@graph":[{"@type":"WebPage","@id":"https:\/\/exceladvisor.org\/pt\/atalhos-de-teclado-1\/","url":"https:\/\/exceladvisor.org\/pt\/atalhos-de-teclado-1\/","name":"Atalhos de teclado da tabela din\u00e2mica no Excel","isPartOf":{"@id":"https:\/\/exceladvisor.org\/pt\/#website"},"datePublished":"2023-10-18T03:07:27+00:00","dateModified":"2023-12-06T11:33:39+00:00","description":"Neste tutorial, voc\u00ea aprender\u00e1 atalhos de teclado que podem ser usados com tabelas din\u00e2micas.","breadcrumb":{"@id":"https:\/\/exceladvisor.org\/pt\/atalhos-de-teclado-1\/#breadcrumb"},"inLanguage":"pt-PT","potentialAction":[{"@type":"ReadAction","target":["https:\/\/exceladvisor.org\/pt\/atalhos-de-teclado-1\/"]}]},{"@type":"BreadcrumbList","@id":"https:\/\/exceladvisor.org\/pt\/atalhos-de-teclado-1\/#breadcrumb","itemListElement":[{"@type":"ListItem","position":1,"name":"Lar","item":"https:\/\/exceladvisor.org\/pt\/"},{"@type":"ListItem","position":2,"name":"Atalhos de teclado da tabela din\u00e2mica no excel"}]},{"@type":"WebSite","@id":"https:\/\/exceladvisor.org\/pt\/#website","url":"https:\/\/exceladvisor.org\/pt\/","name":"Excel Advisor","description":"O seu guia definitivo para dominar os dados!","publisher":{"@id":"https:\/\/exceladvisor.org\/pt\/#organization"},"potentialAction":[{"@type":"SearchAction","target":{"@type":"EntryPoint","urlTemplate":"https:\/\/exceladvisor.org\/pt\/?s={search_term_string}"},"query-input":{"@type":"PropertyValueSpecification","valueRequired":true,"valueName":"search_term_string"}}],"inLanguage":"pt-PT"},{"@type":"Organization","@id":"https:\/\/exceladvisor.org\/pt\/#organization","name":"Excel Advisor","url":"https:\/\/exceladvisor.org\/pt\/","logo":{"@type":"ImageObject","inLanguage":"pt-PT","@id":"https:\/\/exceladvisor.org\/pt\/#\/schema\/logo\/image\/","url":"https:\/\/exceladvisor.org\/pt\/wp-content\/uploads\/2023\/12\/exceladvisor.org_.png","contentUrl":"https:\/\/exceladvisor.org\/pt\/wp-content\/uploads\/2023\/12\/exceladvisor.org_.png","width":105,"height":36,"caption":"Excel Advisor"},"image":{"@id":"https:\/\/exceladvisor.org\/pt\/#\/schema\/logo\/image\/"}}]}},"yoast_meta":{"yoast_wpseo_title":"","yoast_wpseo_metadesc":"","yoast_wpseo_canonical":""},"_links":{"self":[{"href":"https:\/\/exceladvisor.org\/pt\/wp-json\/wp\/v2\/pages\/621","targetHints":{"allow":["GET"]}}],"collection":[{"href":"https:\/\/exceladvisor.org\/pt\/wp-json\/wp\/v2\/pages"}],"about":[{"href":"https:\/\/exceladvisor.org\/pt\/wp-json\/wp\/v2\/types\/page"}],"author":[{"embeddable":true,"href":"https:\/\/exceladvisor.org\/pt\/wp-json\/wp\/v2\/users\/1"}],"replies":[{"embeddable":true,"href":"https:\/\/exceladvisor.org\/pt\/wp-json\/wp\/v2\/comments?post=621"}],"version-history":[{"count":1,"href":"https:\/\/exceladvisor.org\/pt\/wp-json\/wp\/v2\/pages\/621\/revisions"}],"predecessor-version":[{"id":762,"href":"https:\/\/exceladvisor.org\/pt\/wp-json\/wp\/v2\/pages\/621\/revisions\/762"}],"wp:attachment":[{"href":"https:\/\/exceladvisor.org\/pt\/wp-json\/wp\/v2\/media?parent=621"}],"curies":[{"name":"wp","href":"https:\/\/api.w.org\/{rel}","templated":true}]}}