{"id":622,"date":"2023-10-18T02:34:04","date_gmt":"2023-10-18T02:34:04","guid":{"rendered":"https:\/\/exceladvisor.org\/pt\/linha-2\/"},"modified":"2023-12-06T11:51:16","modified_gmt":"2023-12-06T11:51:16","slug":"linha-2","status":"publish","type":"page","link":"https:\/\/exceladvisor.org\/pt\/linha-2\/","title":{"rendered":"O que \u00e9 uma linha no excel?"},"content":{"rendered":"<div class=\"excel-before-content-2\" id=\"excel-366775659\"><script type=\"text\/javascript\">\r\n\tatOptions = {\r\n\t\t'key' : 'c1158f160081d6540a8409e6925dab94',\r\n\t\t'format' : 'iframe',\r\n\t\t'height' : 250,\r\n\t\t'width' : 300,\r\n\t\t'params' : {}\r\n\t};\r\n<\/script>\r\n<script type=\"text\/javascript\" src=\"\/\/www.highperformanceformat.com\/c1158f160081d6540a8409e6925dab94\/invoke.js\"><\/script><\/div><div class=\"excel-before-content\" id=\"excel-4136401772\"><script type=\"text\/javascript\">\r\n\tatOptions = {\r\n\t\t'key' : 'c1158f160081d6540a8409e6925dab94',\r\n\t\t'format' : 'iframe',\r\n\t\t'height' : 250,\r\n\t\t'width' : 300,\r\n\t\t'params' : {}\r\n\t};\r\n<\/script>\r\n<script type=\"text\/javascript\" src=\"\/\/www.highperformanceformat.com\/c1158f160081d6540a8409e6925dab94\/invoke.js\"><\/script><\/div> <h2 class=\"wp-block-heading\">Linha no Excel<\/h2><p> Uma linha no Excel \u00e9 um alinhamento horizontal de c\u00e9lulas e se estende da esquerda para a direita na planilha. Cada linha \u00e9 identificada pelo n\u00famero exclusivo no lado esquerdo de onde come\u00e7ou. O n\u00famero total de linhas que voc\u00ea possui em uma \u00fanica planilha \u00e9 1.048.576. <\/p><div class=\"wp-block-image\"><figure class=\"aligncenter size-full is-resized\"><img loading=\"lazy\" decoding=\"async\" class=\"wp-image-78175\" src=\"https:\/\/exceladvisor.org\/wp-content\/uploads\/2023\/08\/1-ligne1-dans-excel.png\" sizes=\"auto, \" srcset=\"\" alt=\"linha1 no Excel\" width=\"637\" height=\"269\"><\/figure><\/div><h2 class=\"wp-block-heading\"> Selecione uma linha<\/h2><p> Para selecionar uma linha, basta clicar no cabe\u00e7alho da linha onde voc\u00ea possui um valor num\u00e9rico. Em seguida, ele selecionar\u00e1 a linha inteira, da primeira \u00e0 \u00faltima c\u00e9lula. <\/p><div class=\"wp-block-image\"><figure class=\"aligncenter size-full is-resized\"><img loading=\"lazy\" decoding=\"async\" class=\"wp-image-78176\" src=\"https:\/\/exceladvisor.org\/wp-content\/uploads\/2023\/08\/2-selectionnez-la-ligne-de-len-tete.png\" sizes=\"auto, \" srcset=\"\" alt=\"selecionar linha de cabe\u00e7alho\" width=\"608\" height=\"287\"><\/figure><\/div><p> Outra forma de selecionar a coluna inteira \u00e9 usar o atalho do teclado. Primeiro, selecione uma das c\u00e9lulas da linha que deseja selecionar. Em seguida, mantenha pressionada a tecla Shift e pressione a barra de espa\u00e7o. Agora isso selecionar\u00e1 a linha inteira.<\/p><h2 class=\"wp-block-heading\"> Fazer refer\u00eancia a uma linha no Excel<\/h2><p> Como voc\u00ea pode ver no instant\u00e2neo acima, cada linha possui seu n\u00famero \u00fanico, que come\u00e7a com 1. E, para se referir a uma linha, voc\u00ea precisa usar seu n\u00famero. Portanto, se voc\u00ea quiser se referir \u00e0 linha 1, dever\u00e1 usar esse endere\u00e7o como 2:2. <\/p><div class=\"wp-block-image\"><figure class=\"aligncenter size-full is-resized\"><img loading=\"lazy\" decoding=\"async\" class=\"wp-image-78177\" src=\"https:\/\/exceladvisor.org\/wp-content\/uploads\/2023\/08\/3-referents-simple-rangee.png\" sizes=\"auto, \" srcset=\"\" alt=\"referindo-se a uma \u00fanica linha\" width=\"440\" height=\"364\"><\/figure><\/div><p> Voc\u00ea pode ver no exemplo acima que estamos nos referindo \u00e0 linha 1 usando seu endere\u00e7o na fun\u00e7\u00e3o soma. Agora, se quiser fazer refer\u00eancia a v\u00e1rias linhas, voc\u00ea precisa usar um endere\u00e7o que fa\u00e7a refer\u00eancia a v\u00e1rias linhas. <\/p><div class=\"wp-block-image\"><figure class=\"aligncenter size-full is-resized\"><img loading=\"lazy\" decoding=\"async\" class=\"wp-image-78178\" src=\"https:\/\/exceladvisor.org\/wp-content\/uploads\/2023\/08\/4-se-referant-a-plusieurs-lignes-continues.png\" sizes=\"auto, \" srcset=\"\" alt=\"refer\u00eancia-m\u00faltiplas-linhas-cont\u00ednuas\" width=\"453\" height=\"392\"><\/figure><\/div><p> No exemplo acima estamos nos referindo \u00e0s tr\u00eas linhas de 2 a 4 e no endere\u00e7o usamos a fun\u00e7\u00e3o soma (2:4) que significa da linha 2 \u00e0 linha 4. <\/p><div class=\"wp-block-image\"><figure class=\"aligncenter size-full is-resized\"><img loading=\"lazy\" decoding=\"async\" class=\"wp-image-78179\" src=\"https:\/\/exceladvisor.org\/wp-content\/uploads\/2023\/08\/5-lignes-non-continues-referentes.png\" sizes=\"auto, \" srcset=\"\" alt=\"refer\u00eancia de linhas n\u00e3o cont\u00ednuas\" width=\"462\" height=\"403\"><\/figure><\/div><p> Finalmente, nos referimos a tr\u00eas linhas n\u00e3o cont\u00ednuas e para nos referirmos a essas linhas usamos seus endere\u00e7os separadamente usando uma v\u00edrgula entre eles.<\/p><h2 class=\"wp-block-heading\"> Qual \u00e9 a \u00faltima linha no Excel<\/h2><p> Em uma \u00fanica planilha, existem 1.048.576 linhas no total. E o \u00faltimo n\u00famero da linha no Excel \u00e9 1.048.576. Este n\u00famero \u00e9 fixo e voc\u00ea n\u00e3o pode adicionar mais linhas a uma planilha. Se quiser adicionar mais dados, voc\u00ea precisa inserir uma nova planilha que tamb\u00e9m ter\u00e1 o mesmo n\u00famero de linhas. <\/p><div class=\"wp-block-image\"><figure class=\"aligncenter size-full is-resized\"><img loading=\"lazy\" decoding=\"async\" class=\"wp-image-78180\" src=\"https:\/\/exceladvisor.org\/wp-content\/uploads\/2023\/08\/6-derniere-ligne-dans-excel.png\" sizes=\"auto, \" srcset=\"\" alt=\"\u00faltima linha na planilha do Excel\" width=\"443\" height=\"191\"><\/figure><\/div><div class=\"gb-container gb-container-4db6181c gb-container-mt\"> <a class=\"gb-button gb-button-c5897111 gb-button-text gb-button-mt-button\" href=\"https:\/\/exceladvisor.org\/pt\/nocoes-basicas-de-excel\/\">No\u00e7\u00f5es b\u00e1sicas do Microsoft Excel (componentes, pe\u00e7as e notas de conhecimento)<\/a><h2 class=\"gb-headline gb-headline-665e5f6b gb-headline-text gb-headline-mt-heading\"> Tutoriais relacionados <\/h2><div class=\"gb-grid-wrapper gb-grid-wrapper-a20baf7c gb-grid-wrapper-mt-grid\"><div class=\"gb-grid-column gb-grid-column-50067b57\"><div class=\"gb-container gb-container-50067b57\"><ul><li> <a href=\"https:\/\/exceladvisor.org\/pt\/coluna-2\/\">O que \u00e9 uma coluna no Excel<\/a><\/li><li> <a href=\"https:\/\/exceladvisor.org\/pt\/mostrar-linhas\/\">Mostrar linhas no Excel<\/a><\/li><li> <a href=\"https:\/\/exceladvisor.org\/pt\/faixa\/\">Intervalo no Excel<\/a><\/li><li> <a href=\"https:\/\/exceladvisor.org\/pt\/selecione-o-intervalo\/\">Selecione o intervalo no Excel<\/a><\/li><li> <a href=\"https:\/\/exceladvisor.org\/pt\/celula-ativa\/\">Ativar c\u00e9lula no Excel<\/a><\/li><\/ul><\/div><\/div><\/div><\/div>","protected":false},"excerpt":{"rendered":"","protected":false},"author":1,"featured_media":0,"parent":0,"menu_order":0,"comment_status":"open","ping_status":"closed","template":"","meta":{"ub_ctt_via":"","footnotes":""},"class_list":["post-622","page","type-page","status-publish","hentry"],"featured_image_src":null,"yoast_head":"<!-- This site is optimized with the Yoast SEO plugin v25.4 - https:\/\/yoast.com\/wordpress\/plugins\/seo\/ -->\n<title>O que \u00e9 uma linha no Excel? \u2013 Consultor Excel<\/title>\n<meta name=\"description\" content=\"Neste tutorial aprenderemos sobre uma linha no Excel, o que \u00e9, como se referir a uma linha em uma fun\u00e7\u00e3o.\" \/>\n<meta name=\"robots\" content=\"index, follow, max-snippet:-1, max-image-preview:large, max-video-preview:-1\" \/>\n<link rel=\"canonical\" href=\"https:\/\/exceladvisor.org\/pt\/linha-2\/\" \/>\n<meta property=\"og:locale\" content=\"pt_PT\" \/>\n<meta property=\"og:type\" content=\"article\" \/>\n<meta property=\"og:title\" content=\"O que \u00e9 uma linha no Excel? \u2013 Consultor Excel\" \/>\n<meta property=\"og:description\" content=\"Neste tutorial aprenderemos sobre uma linha no Excel, o que \u00e9, como se referir a uma linha em uma fun\u00e7\u00e3o.\" \/>\n<meta property=\"og:url\" content=\"https:\/\/exceladvisor.org\/pt\/linha-2\/\" \/>\n<meta property=\"og:site_name\" content=\"Excel Advisor\" \/>\n<meta property=\"article:modified_time\" content=\"2023-12-06T11:51:16+00:00\" \/>\n<meta property=\"og:image\" content=\"https:\/\/exceladvisor.org\/wp-content\/uploads\/2023\/08\/1-ligne1-dans-excel.png\" \/>\n<meta name=\"twitter:card\" content=\"summary_large_image\" \/>\n<meta name=\"twitter:label1\" content=\"Tempo estimado de leitura\" \/>\n\t<meta name=\"twitter:data1\" content=\"2 minutos\" \/>\n<script type=\"application\/ld+json\" class=\"yoast-schema-graph\">{\"@context\":\"https:\/\/schema.org\",\"@graph\":[{\"@type\":\"WebPage\",\"@id\":\"https:\/\/exceladvisor.org\/pt\/linha-2\/\",\"url\":\"https:\/\/exceladvisor.org\/pt\/linha-2\/\",\"name\":\"O que \u00e9 uma linha no Excel? \u2013 Consultor Excel\",\"isPartOf\":{\"@id\":\"https:\/\/exceladvisor.org\/pt\/#website\"},\"primaryImageOfPage\":{\"@id\":\"https:\/\/exceladvisor.org\/pt\/linha-2\/#primaryimage\"},\"image\":{\"@id\":\"https:\/\/exceladvisor.org\/pt\/linha-2\/#primaryimage\"},\"thumbnailUrl\":\"https:\/\/exceladvisor.org\/wp-content\/uploads\/2023\/08\/1-ligne1-dans-excel.png\",\"datePublished\":\"2023-10-18T02:34:04+00:00\",\"dateModified\":\"2023-12-06T11:51:16+00:00\",\"description\":\"Neste tutorial aprenderemos sobre uma linha no Excel, o que \u00e9, como se referir a uma linha em uma fun\u00e7\u00e3o.\",\"breadcrumb\":{\"@id\":\"https:\/\/exceladvisor.org\/pt\/linha-2\/#breadcrumb\"},\"inLanguage\":\"pt-PT\",\"potentialAction\":[{\"@type\":\"ReadAction\",\"target\":[\"https:\/\/exceladvisor.org\/pt\/linha-2\/\"]}]},{\"@type\":\"ImageObject\",\"inLanguage\":\"pt-PT\",\"@id\":\"https:\/\/exceladvisor.org\/pt\/linha-2\/#primaryimage\",\"url\":\"https:\/\/exceladvisor.org\/wp-content\/uploads\/2023\/08\/1-ligne1-dans-excel.png\",\"contentUrl\":\"https:\/\/exceladvisor.org\/wp-content\/uploads\/2023\/08\/1-ligne1-dans-excel.png\"},{\"@type\":\"BreadcrumbList\",\"@id\":\"https:\/\/exceladvisor.org\/pt\/linha-2\/#breadcrumb\",\"itemListElement\":[{\"@type\":\"ListItem\",\"position\":1,\"name\":\"Lar\",\"item\":\"https:\/\/exceladvisor.org\/pt\/\"},{\"@type\":\"ListItem\",\"position\":2,\"name\":\"O que \u00e9 uma linha no excel?\"}]},{\"@type\":\"WebSite\",\"@id\":\"https:\/\/exceladvisor.org\/pt\/#website\",\"url\":\"https:\/\/exceladvisor.org\/pt\/\",\"name\":\"Excel Advisor\",\"description\":\"O seu guia definitivo para dominar os dados!\",\"publisher\":{\"@id\":\"https:\/\/exceladvisor.org\/pt\/#organization\"},\"potentialAction\":[{\"@type\":\"SearchAction\",\"target\":{\"@type\":\"EntryPoint\",\"urlTemplate\":\"https:\/\/exceladvisor.org\/pt\/?s={search_term_string}\"},\"query-input\":{\"@type\":\"PropertyValueSpecification\",\"valueRequired\":true,\"valueName\":\"search_term_string\"}}],\"inLanguage\":\"pt-PT\"},{\"@type\":\"Organization\",\"@id\":\"https:\/\/exceladvisor.org\/pt\/#organization\",\"name\":\"Excel Advisor\",\"url\":\"https:\/\/exceladvisor.org\/pt\/\",\"logo\":{\"@type\":\"ImageObject\",\"inLanguage\":\"pt-PT\",\"@id\":\"https:\/\/exceladvisor.org\/pt\/#\/schema\/logo\/image\/\",\"url\":\"https:\/\/exceladvisor.org\/pt\/wp-content\/uploads\/2023\/12\/exceladvisor.org_.png\",\"contentUrl\":\"https:\/\/exceladvisor.org\/pt\/wp-content\/uploads\/2023\/12\/exceladvisor.org_.png\",\"width\":105,\"height\":36,\"caption\":\"Excel Advisor\"},\"image\":{\"@id\":\"https:\/\/exceladvisor.org\/pt\/#\/schema\/logo\/image\/\"}}]}<\/script>\n<!-- \/ Yoast SEO plugin. -->","yoast_head_json":{"title":"O que \u00e9 uma linha no Excel? \u2013 Consultor Excel","description":"Neste tutorial aprenderemos sobre uma linha no Excel, o que \u00e9, como se referir a uma linha em uma fun\u00e7\u00e3o.","robots":{"index":"index","follow":"follow","max-snippet":"max-snippet:-1","max-image-preview":"max-image-preview:large","max-video-preview":"max-video-preview:-1"},"canonical":"https:\/\/exceladvisor.org\/pt\/linha-2\/","og_locale":"pt_PT","og_type":"article","og_title":"O que \u00e9 uma linha no Excel? \u2013 Consultor Excel","og_description":"Neste tutorial aprenderemos sobre uma linha no Excel, o que \u00e9, como se referir a uma linha em uma fun\u00e7\u00e3o.","og_url":"https:\/\/exceladvisor.org\/pt\/linha-2\/","og_site_name":"Excel Advisor","article_modified_time":"2023-12-06T11:51:16+00:00","og_image":[{"url":"https:\/\/exceladvisor.org\/wp-content\/uploads\/2023\/08\/1-ligne1-dans-excel.png","type":"","width":"","height":""}],"twitter_card":"summary_large_image","twitter_misc":{"Tempo estimado de leitura":"2 minutos"},"schema":{"@context":"https:\/\/schema.org","@graph":[{"@type":"WebPage","@id":"https:\/\/exceladvisor.org\/pt\/linha-2\/","url":"https:\/\/exceladvisor.org\/pt\/linha-2\/","name":"O que \u00e9 uma linha no Excel? \u2013 Consultor Excel","isPartOf":{"@id":"https:\/\/exceladvisor.org\/pt\/#website"},"primaryImageOfPage":{"@id":"https:\/\/exceladvisor.org\/pt\/linha-2\/#primaryimage"},"image":{"@id":"https:\/\/exceladvisor.org\/pt\/linha-2\/#primaryimage"},"thumbnailUrl":"https:\/\/exceladvisor.org\/wp-content\/uploads\/2023\/08\/1-ligne1-dans-excel.png","datePublished":"2023-10-18T02:34:04+00:00","dateModified":"2023-12-06T11:51:16+00:00","description":"Neste tutorial aprenderemos sobre uma linha no Excel, o que \u00e9, como se referir a uma linha em uma fun\u00e7\u00e3o.","breadcrumb":{"@id":"https:\/\/exceladvisor.org\/pt\/linha-2\/#breadcrumb"},"inLanguage":"pt-PT","potentialAction":[{"@type":"ReadAction","target":["https:\/\/exceladvisor.org\/pt\/linha-2\/"]}]},{"@type":"ImageObject","inLanguage":"pt-PT","@id":"https:\/\/exceladvisor.org\/pt\/linha-2\/#primaryimage","url":"https:\/\/exceladvisor.org\/wp-content\/uploads\/2023\/08\/1-ligne1-dans-excel.png","contentUrl":"https:\/\/exceladvisor.org\/wp-content\/uploads\/2023\/08\/1-ligne1-dans-excel.png"},{"@type":"BreadcrumbList","@id":"https:\/\/exceladvisor.org\/pt\/linha-2\/#breadcrumb","itemListElement":[{"@type":"ListItem","position":1,"name":"Lar","item":"https:\/\/exceladvisor.org\/pt\/"},{"@type":"ListItem","position":2,"name":"O que \u00e9 uma linha no excel?"}]},{"@type":"WebSite","@id":"https:\/\/exceladvisor.org\/pt\/#website","url":"https:\/\/exceladvisor.org\/pt\/","name":"Excel Advisor","description":"O seu guia definitivo para dominar os dados!","publisher":{"@id":"https:\/\/exceladvisor.org\/pt\/#organization"},"potentialAction":[{"@type":"SearchAction","target":{"@type":"EntryPoint","urlTemplate":"https:\/\/exceladvisor.org\/pt\/?s={search_term_string}"},"query-input":{"@type":"PropertyValueSpecification","valueRequired":true,"valueName":"search_term_string"}}],"inLanguage":"pt-PT"},{"@type":"Organization","@id":"https:\/\/exceladvisor.org\/pt\/#organization","name":"Excel Advisor","url":"https:\/\/exceladvisor.org\/pt\/","logo":{"@type":"ImageObject","inLanguage":"pt-PT","@id":"https:\/\/exceladvisor.org\/pt\/#\/schema\/logo\/image\/","url":"https:\/\/exceladvisor.org\/pt\/wp-content\/uploads\/2023\/12\/exceladvisor.org_.png","contentUrl":"https:\/\/exceladvisor.org\/pt\/wp-content\/uploads\/2023\/12\/exceladvisor.org_.png","width":105,"height":36,"caption":"Excel Advisor"},"image":{"@id":"https:\/\/exceladvisor.org\/pt\/#\/schema\/logo\/image\/"}}]}},"yoast_meta":{"yoast_wpseo_title":"","yoast_wpseo_metadesc":"","yoast_wpseo_canonical":""},"_links":{"self":[{"href":"https:\/\/exceladvisor.org\/pt\/wp-json\/wp\/v2\/pages\/622","targetHints":{"allow":["GET"]}}],"collection":[{"href":"https:\/\/exceladvisor.org\/pt\/wp-json\/wp\/v2\/pages"}],"about":[{"href":"https:\/\/exceladvisor.org\/pt\/wp-json\/wp\/v2\/types\/page"}],"author":[{"embeddable":true,"href":"https:\/\/exceladvisor.org\/pt\/wp-json\/wp\/v2\/users\/1"}],"replies":[{"embeddable":true,"href":"https:\/\/exceladvisor.org\/pt\/wp-json\/wp\/v2\/comments?post=622"}],"version-history":[{"count":1,"href":"https:\/\/exceladvisor.org\/pt\/wp-json\/wp\/v2\/pages\/622\/revisions"}],"predecessor-version":[{"id":1462,"href":"https:\/\/exceladvisor.org\/pt\/wp-json\/wp\/v2\/pages\/622\/revisions\/1462"}],"wp:attachment":[{"href":"https:\/\/exceladvisor.org\/pt\/wp-json\/wp\/v2\/media?parent=622"}],"curies":[{"name":"wp","href":"https:\/\/api.w.org\/{rel}","templated":true}]}}