{"id":623,"date":"2023-10-18T00:33:31","date_gmt":"2023-10-18T00:33:31","guid":{"rendered":"https:\/\/exceladvisor.org\/pt\/mostrar-linhas\/"},"modified":"2023-12-06T11:37:41","modified_gmt":"2023-12-06T11:37:41","slug":"mostrar-linhas","status":"publish","type":"page","link":"https:\/\/exceladvisor.org\/pt\/mostrar-linhas\/","title":{"rendered":"Como exibir linhas no excel?"},"content":{"rendered":"<div class=\"excel-before-content-2\" id=\"excel-1083412768\"><script type=\"text\/javascript\">\r\n\tatOptions = {\r\n\t\t'key' : 'c1158f160081d6540a8409e6925dab94',\r\n\t\t'format' : 'iframe',\r\n\t\t'height' : 250,\r\n\t\t'width' : 300,\r\n\t\t'params' : {}\r\n\t};\r\n<\/script>\r\n<script type=\"text\/javascript\" src=\"\/\/www.highperformanceformat.com\/c1158f160081d6540a8409e6925dab94\/invoke.js\"><\/script><\/div><div class=\"excel-before-content\" id=\"excel-3551798675\"><script type=\"text\/javascript\">\r\n\tatOptions = {\r\n\t\t'key' : 'c1158f160081d6540a8409e6925dab94',\r\n\t\t'format' : 'iframe',\r\n\t\t'height' : 250,\r\n\t\t'width' : 300,\r\n\t\t'params' : {}\r\n\t};\r\n<\/script>\r\n<script type=\"text\/javascript\" src=\"\/\/www.highperformanceformat.com\/c1158f160081d6540a8409e6925dab94\/invoke.js\"><\/script><\/div> <p>Este tutorial ensinar\u00e1 como exibir linhas \u00fanicas e m\u00faltiplas (cont\u00ednuas e n\u00e3o cont\u00ednuas) no Excel.<\/p><h2 id=\"h-steps-to-unhide-a-single-row\" class=\"wp-block-heading\"> Etapas para exibir uma \u00fanica linha<\/h2><p> Voc\u00ea pode usar as seguintes etapas:<\/p><ol type=\"1\"><li> Primeiro, voc\u00ea precisa encontrar o n\u00famero da linha que falta no cabe\u00e7alho da linha.<\/li><li> Depois disso, mova o cursor sobre o n\u00famero da linha oculta e ele mostrar\u00e1 o sinal de arrastar.<\/li><li> Em seguida, clique nele e segure o mouse.<\/li><li> E segurando-o, expanda a linha oculta. Voc\u00ea poder\u00e1 ver esta linha oculta. <\/li><\/ol><div class=\"wp-block-image\"><figure class=\"aligncenter size-full is-resized\"><img loading=\"lazy\" decoding=\"async\" class=\"wp-image-79053\" src=\"https:\/\/exceladvisor.org\/wp-content\/uploads\/2023\/08\/gif-afficher-une-seule-ligne.gif\" sizes=\"auto, \" srcset=\"\" alt=\"Mostrar linha \u00fanica\" width=\"571\" height=\"371\"><\/figure><\/div><p> No entanto, voc\u00ea tamb\u00e9m pode &#8220;exibir&#8221; esta linha clicando com o bot\u00e3o direito no espa\u00e7o entre as linhas. <\/p><div class=\"wp-block-image\"><figure class=\"aligncenter size-full is-resized\"><img loading=\"lazy\" decoding=\"async\" class=\"wp-image-79054\" src=\"https:\/\/exceladvisor.org\/wp-content\/uploads\/2023\/08\/1-clic-droit-dessus-1.png\" sizes=\"auto, \" srcset=\"\" alt=\"clique com o bot\u00e3o direito nele\" width=\"284\" height=\"292\"><\/figure><\/div><p> E ent\u00e3o clique na op\u00e7\u00e3o \u201cMostrar\u201d para mostrar a linha oculta. <\/p><div class=\"wp-block-image\"><figure class=\"aligncenter size-full is-resized\"><img loading=\"lazy\" decoding=\"async\" class=\"wp-image-79055\" src=\"https:\/\/exceladvisor.org\/wp-content\/uploads\/2023\/08\/2-cliquez-sur-afficher-pour-afficher-la-ligne.png\" sizes=\"auto, \" srcset=\"\" alt=\"clique em mostrar para mostrar linha\" width=\"275\" height=\"480\"><\/figure><\/div><h2 id=\"h-unhide-the-multiple-continues-rows\" class=\"wp-block-heading\"> Mostrar v\u00e1rias linhas s\u00f3lidas<\/h2><p> Quando quiser exibir v\u00e1rias linhas s\u00f3lidas de uma vez, siga estas etapas:<\/p><ul><li> Novamente, a primeira etapa \u00e9 encontrar o intervalo de linhas ocultas na planilha. <\/li><\/ul><div class=\"wp-block-image\"><figure class=\"aligncenter size-full is-resized\"><img loading=\"lazy\" decoding=\"async\" class=\"wp-image-79056\" src=\"https:\/\/exceladvisor.org\/wp-content\/uploads\/2023\/08\/3-lignes-multiples-manquantes.png\" sizes=\"auto, \" srcset=\"\" alt=\"falta de m\u00faltiplas linhas\" width=\"543\" height=\"204\"><\/figure><\/div><ul><li> No futuro, selecione a \u00fanica linha acima das linhas ocultas e mantenha pressionada a tecla Shift para selecionar outra linha abaixo das linhas ocultas do cabe\u00e7alho da linha. <\/li><\/ul><div class=\"wp-block-image\"><figure class=\"aligncenter size-full is-resized\"><img loading=\"lazy\" decoding=\"async\" class=\"wp-image-79057\" src=\"https:\/\/exceladvisor.org\/wp-content\/uploads\/2023\/08\/4-au-dessus-et-au-dessous-de-la-ligne.png\" sizes=\"auto, \" srcset=\"\" alt=\"selecione acima e abaixo da linha\" width=\"558\" height=\"236\"><\/figure><\/div><ul><li> Depois disso, clique com o bot\u00e3o direito em qualquer uma das linhas selecionadas e escolha a op\u00e7\u00e3o \u201cMostrar\u201d. <\/li><\/ul><div class=\"wp-block-image\"><figure class=\"aligncenter size-full is-resized\"><img loading=\"lazy\" decoding=\"async\" class=\"wp-image-79058\" src=\"https:\/\/exceladvisor.org\/wp-content\/uploads\/2023\/08\/5-clic-droit-et-afficher.png\" sizes=\"auto, \" srcset=\"\" alt=\"clique com o bot\u00e3o direito e exiba\" width=\"436\" height=\"504\"><\/figure><\/div><ul><li> Agora todos os dados ficam vis\u00edveis na planilha quando as v\u00e1rias linhas ocultas s\u00e3o exibidas. <\/li><\/ul><div class=\"wp-block-image\"><figure class=\"aligncenter size-full is-resized\"><img loading=\"lazy\" decoding=\"async\" class=\"wp-image-79059\" src=\"https:\/\/exceladvisor.org\/wp-content\/uploads\/2023\/08\/6-toutes-les-lignes-masquees.png\" sizes=\"auto, \" srcset=\"\" alt=\"todas as linhas escondidas\" width=\"553\" height=\"339\"><\/figure><\/div><p class=\"mynote\"> Se desejar exibir a \u00fanica linha oculta entre v\u00e1rias linhas, coloque o cursor no cabe\u00e7alho da linha oculta. Depois disso, clique duas vezes nele e ele mostrar\u00e1 a \u00fanica linha oculta anteriormente. Dessa forma, voc\u00ea pode exibir as linhas uma por uma.<\/p><h2 id=\"h-unhide-all-rows-from-the-worksheet\" class=\"wp-block-heading\"> Mostrar todas as linhas da planilha<\/h2><p> \u00c9 bastante interessante exibir todas as linhas da planilha inteira. Pois economiza seu tempo e esfor\u00e7o. Voc\u00ea pode usar as seguintes etapas:<\/p><ul><li> Primeiro, verifique todas as linhas ocultas no cabe\u00e7alho. <\/li><\/ul><div class=\"wp-block-image\"><figure class=\"aligncenter size-full is-resized\"><img loading=\"lazy\" decoding=\"async\" class=\"wp-image-79060\" src=\"https:\/\/exceladvisor.org\/wp-content\/uploads\/2023\/08\/7-toutes-les-lignes-masquees-de-la-feuille.png\" sizes=\"auto, \" srcset=\"\" alt=\"todas as linhas ocultas na planilha\" width=\"638\" height=\"213\"><\/figure><\/div><ul><li> Depois disso, v\u00e1 para <a href=\"https:\/\/exceladvisor.org\/pt\/fita\/\">a faixa do Excel<\/a> \u21e2 guia In\u00edcio \u21e2 Formato. <\/li><\/ul><div class=\"wp-block-image\"><figure class=\"aligncenter size-full is-resized\"><img loading=\"lazy\" decoding=\"async\" class=\"wp-image-79061\" src=\"https:\/\/exceladvisor.org\/wp-content\/uploads\/2023\/08\/8-cliquez-sur-format-selectionner-masquer-afficher.png\" sizes=\"auto, \" srcset=\"\" alt=\"clique em formatar-selecionar-ocultar-mostrar\" width=\"772\" height=\"429\"><\/figure><\/div><ul><li> Em seguida, selecione a planilha inteira e clique na op\u00e7\u00e3o Mostrar linhas na lista suspensa \u201cOcultar e mostrar\u201d. <\/li><\/ul><div class=\"wp-block-image\"><figure class=\"aligncenter size-full is-resized\"><img loading=\"lazy\" decoding=\"async\" class=\"wp-image-79062\" src=\"https:\/\/exceladvisor.org\/wp-content\/uploads\/2023\/08\/9-selectionnez-la-feuille-entiere-cliquez-sur-afficher-les-lignes.png\" sizes=\"auto, \" srcset=\"\" alt=\"selecione a planilha inteira, clique em mostrar linhas\" width=\"356\" height=\"448\"><\/figure><\/div><ul><li> Depois de clicar nele, voc\u00ea recuperar\u00e1 todas as linhas ocultas da planilha. <\/li><\/ul><div class=\"wp-block-image\"><figure class=\"aligncenter size-full is-resized\"><img loading=\"lazy\" decoding=\"async\" class=\"wp-image-79063\" src=\"https:\/\/exceladvisor.org\/wp-content\/uploads\/2023\/08\/10-toutes-les-lignes-disponibles.png\" sizes=\"auto, \" srcset=\"\" alt=\"dispon\u00edvel em todas as linhas\" width=\"433\" height=\"306\"><\/figure><\/div><div class=\"gb-container gb-container-4db6181c gb-container-mt\"> <a class=\"gb-button gb-button-c5897111 gb-button-text gb-button-mt-button\" href=\"https:\/\/exceladvisor.org\/pt\/nocoes-basicas-de-excel\/\">No\u00e7\u00f5es b\u00e1sicas do Microsoft Excel (componentes, pe\u00e7as e notas de conhecimento)<\/a><h2 class=\"gb-headline gb-headline-665e5f6b gb-headline-text gb-headline-mt-heading\"> Tutoriais relacionados <\/h2><div class=\"gb-grid-wrapper gb-grid-wrapper-a20baf7c gb-grid-wrapper-mt-grid\"><div class=\"gb-grid-column gb-grid-column-50067b57\"><div class=\"gb-container gb-container-50067b57\"><ul><li> <a href=\"https:\/\/exceladvisor.org\/pt\/excluir-linhas\/\">Exclua uma linha ou v\u00e1rias linhas no Excel<\/a><\/li><li> <a href=\"https:\/\/exceladvisor.org\/pt\/copiar-coluna\/\">Copie e cole uma coluna no Excel<\/a><\/li><li> <a href=\"https:\/\/exceladvisor.org\/pt\/mover-linha-coluna\/\">Mova uma linha e coluna no Excel<\/a><\/li><li> <a href=\"https:\/\/exceladvisor.org\/pt\/largura-da-coluna\/\">Como alterar a largura das colunas no Excel<\/a><\/li><li> <a href=\"https:\/\/exceladvisor.org\/pt\/trocar-o-celular\/\">Troque rapidamente duas c\u00e9lulas no Excel<\/a><\/li><\/ul><\/div><\/div><\/div><\/div>","protected":false},"excerpt":{"rendered":"","protected":false},"author":1,"featured_media":0,"parent":0,"menu_order":0,"comment_status":"open","ping_status":"closed","template":"","meta":{"ub_ctt_via":"","footnotes":""},"class_list":["post-623","page","type-page","status-publish","hentry"],"featured_image_src":null,"yoast_head":"<!-- This site is optimized with the Yoast SEO plugin v25.4 - https:\/\/yoast.com\/wordpress\/plugins\/seo\/ -->\n<title>Como exibir linhas no Excel? \u2013 Consultor Excel<\/title>\n<meta name=\"description\" content=\"Este \u00e9 um tutorial b\u00e1sico do Microsoft Excel para aprender como exibir linhas em uma planilha (\u00fanica + todas as linhas).\" \/>\n<meta name=\"robots\" content=\"index, follow, max-snippet:-1, max-image-preview:large, max-video-preview:-1\" \/>\n<link rel=\"canonical\" href=\"https:\/\/exceladvisor.org\/pt\/mostrar-linhas\/\" \/>\n<meta property=\"og:locale\" content=\"pt_PT\" \/>\n<meta property=\"og:type\" content=\"article\" \/>\n<meta property=\"og:title\" content=\"Como exibir linhas no Excel? \u2013 Consultor Excel\" \/>\n<meta property=\"og:description\" content=\"Este \u00e9 um tutorial b\u00e1sico do Microsoft Excel para aprender como exibir linhas em uma planilha (\u00fanica + todas as linhas).\" \/>\n<meta property=\"og:url\" content=\"https:\/\/exceladvisor.org\/pt\/mostrar-linhas\/\" \/>\n<meta property=\"og:site_name\" content=\"Excel Advisor\" \/>\n<meta property=\"article:modified_time\" content=\"2023-12-06T11:37:41+00:00\" \/>\n<meta property=\"og:image\" content=\"https:\/\/exceladvisor.org\/wp-content\/uploads\/2023\/08\/gif-afficher-une-seule-ligne.gif\" \/>\n<meta name=\"twitter:card\" content=\"summary_large_image\" \/>\n<meta name=\"twitter:label1\" content=\"Tempo estimado de leitura\" \/>\n\t<meta name=\"twitter:data1\" content=\"2 minutos\" \/>\n<script type=\"application\/ld+json\" class=\"yoast-schema-graph\">{\"@context\":\"https:\/\/schema.org\",\"@graph\":[{\"@type\":\"WebPage\",\"@id\":\"https:\/\/exceladvisor.org\/pt\/mostrar-linhas\/\",\"url\":\"https:\/\/exceladvisor.org\/pt\/mostrar-linhas\/\",\"name\":\"Como exibir linhas no Excel? \u2013 Consultor Excel\",\"isPartOf\":{\"@id\":\"https:\/\/exceladvisor.org\/pt\/#website\"},\"primaryImageOfPage\":{\"@id\":\"https:\/\/exceladvisor.org\/pt\/mostrar-linhas\/#primaryimage\"},\"image\":{\"@id\":\"https:\/\/exceladvisor.org\/pt\/mostrar-linhas\/#primaryimage\"},\"thumbnailUrl\":\"https:\/\/exceladvisor.org\/wp-content\/uploads\/2023\/08\/gif-afficher-une-seule-ligne.gif\",\"datePublished\":\"2023-10-18T00:33:31+00:00\",\"dateModified\":\"2023-12-06T11:37:41+00:00\",\"description\":\"Este \u00e9 um tutorial b\u00e1sico do Microsoft Excel para aprender como exibir linhas em uma planilha (\u00fanica + todas as linhas).\",\"breadcrumb\":{\"@id\":\"https:\/\/exceladvisor.org\/pt\/mostrar-linhas\/#breadcrumb\"},\"inLanguage\":\"pt-PT\",\"potentialAction\":[{\"@type\":\"ReadAction\",\"target\":[\"https:\/\/exceladvisor.org\/pt\/mostrar-linhas\/\"]}]},{\"@type\":\"ImageObject\",\"inLanguage\":\"pt-PT\",\"@id\":\"https:\/\/exceladvisor.org\/pt\/mostrar-linhas\/#primaryimage\",\"url\":\"https:\/\/exceladvisor.org\/wp-content\/uploads\/2023\/08\/gif-afficher-une-seule-ligne.gif\",\"contentUrl\":\"https:\/\/exceladvisor.org\/wp-content\/uploads\/2023\/08\/gif-afficher-une-seule-ligne.gif\"},{\"@type\":\"BreadcrumbList\",\"@id\":\"https:\/\/exceladvisor.org\/pt\/mostrar-linhas\/#breadcrumb\",\"itemListElement\":[{\"@type\":\"ListItem\",\"position\":1,\"name\":\"Lar\",\"item\":\"https:\/\/exceladvisor.org\/pt\/\"},{\"@type\":\"ListItem\",\"position\":2,\"name\":\"Como exibir linhas no excel?\"}]},{\"@type\":\"WebSite\",\"@id\":\"https:\/\/exceladvisor.org\/pt\/#website\",\"url\":\"https:\/\/exceladvisor.org\/pt\/\",\"name\":\"Excel Advisor\",\"description\":\"O seu guia definitivo para dominar os dados!\",\"publisher\":{\"@id\":\"https:\/\/exceladvisor.org\/pt\/#organization\"},\"potentialAction\":[{\"@type\":\"SearchAction\",\"target\":{\"@type\":\"EntryPoint\",\"urlTemplate\":\"https:\/\/exceladvisor.org\/pt\/?s={search_term_string}\"},\"query-input\":{\"@type\":\"PropertyValueSpecification\",\"valueRequired\":true,\"valueName\":\"search_term_string\"}}],\"inLanguage\":\"pt-PT\"},{\"@type\":\"Organization\",\"@id\":\"https:\/\/exceladvisor.org\/pt\/#organization\",\"name\":\"Excel Advisor\",\"url\":\"https:\/\/exceladvisor.org\/pt\/\",\"logo\":{\"@type\":\"ImageObject\",\"inLanguage\":\"pt-PT\",\"@id\":\"https:\/\/exceladvisor.org\/pt\/#\/schema\/logo\/image\/\",\"url\":\"https:\/\/exceladvisor.org\/pt\/wp-content\/uploads\/2023\/12\/exceladvisor.org_.png\",\"contentUrl\":\"https:\/\/exceladvisor.org\/pt\/wp-content\/uploads\/2023\/12\/exceladvisor.org_.png\",\"width\":105,\"height\":36,\"caption\":\"Excel Advisor\"},\"image\":{\"@id\":\"https:\/\/exceladvisor.org\/pt\/#\/schema\/logo\/image\/\"}}]}<\/script>\n<!-- \/ Yoast SEO plugin. -->","yoast_head_json":{"title":"Como exibir linhas no Excel? \u2013 Consultor Excel","description":"Este \u00e9 um tutorial b\u00e1sico do Microsoft Excel para aprender como exibir linhas em uma planilha (\u00fanica + todas as linhas).","robots":{"index":"index","follow":"follow","max-snippet":"max-snippet:-1","max-image-preview":"max-image-preview:large","max-video-preview":"max-video-preview:-1"},"canonical":"https:\/\/exceladvisor.org\/pt\/mostrar-linhas\/","og_locale":"pt_PT","og_type":"article","og_title":"Como exibir linhas no Excel? \u2013 Consultor Excel","og_description":"Este \u00e9 um tutorial b\u00e1sico do Microsoft Excel para aprender como exibir linhas em uma planilha (\u00fanica + todas as linhas).","og_url":"https:\/\/exceladvisor.org\/pt\/mostrar-linhas\/","og_site_name":"Excel Advisor","article_modified_time":"2023-12-06T11:37:41+00:00","og_image":[{"url":"https:\/\/exceladvisor.org\/wp-content\/uploads\/2023\/08\/gif-afficher-une-seule-ligne.gif","type":"","width":"","height":""}],"twitter_card":"summary_large_image","twitter_misc":{"Tempo estimado de leitura":"2 minutos"},"schema":{"@context":"https:\/\/schema.org","@graph":[{"@type":"WebPage","@id":"https:\/\/exceladvisor.org\/pt\/mostrar-linhas\/","url":"https:\/\/exceladvisor.org\/pt\/mostrar-linhas\/","name":"Como exibir linhas no Excel? \u2013 Consultor Excel","isPartOf":{"@id":"https:\/\/exceladvisor.org\/pt\/#website"},"primaryImageOfPage":{"@id":"https:\/\/exceladvisor.org\/pt\/mostrar-linhas\/#primaryimage"},"image":{"@id":"https:\/\/exceladvisor.org\/pt\/mostrar-linhas\/#primaryimage"},"thumbnailUrl":"https:\/\/exceladvisor.org\/wp-content\/uploads\/2023\/08\/gif-afficher-une-seule-ligne.gif","datePublished":"2023-10-18T00:33:31+00:00","dateModified":"2023-12-06T11:37:41+00:00","description":"Este \u00e9 um tutorial b\u00e1sico do Microsoft Excel para aprender como exibir linhas em uma planilha (\u00fanica + todas as linhas).","breadcrumb":{"@id":"https:\/\/exceladvisor.org\/pt\/mostrar-linhas\/#breadcrumb"},"inLanguage":"pt-PT","potentialAction":[{"@type":"ReadAction","target":["https:\/\/exceladvisor.org\/pt\/mostrar-linhas\/"]}]},{"@type":"ImageObject","inLanguage":"pt-PT","@id":"https:\/\/exceladvisor.org\/pt\/mostrar-linhas\/#primaryimage","url":"https:\/\/exceladvisor.org\/wp-content\/uploads\/2023\/08\/gif-afficher-une-seule-ligne.gif","contentUrl":"https:\/\/exceladvisor.org\/wp-content\/uploads\/2023\/08\/gif-afficher-une-seule-ligne.gif"},{"@type":"BreadcrumbList","@id":"https:\/\/exceladvisor.org\/pt\/mostrar-linhas\/#breadcrumb","itemListElement":[{"@type":"ListItem","position":1,"name":"Lar","item":"https:\/\/exceladvisor.org\/pt\/"},{"@type":"ListItem","position":2,"name":"Como exibir linhas no excel?"}]},{"@type":"WebSite","@id":"https:\/\/exceladvisor.org\/pt\/#website","url":"https:\/\/exceladvisor.org\/pt\/","name":"Excel Advisor","description":"O seu guia definitivo para dominar os dados!","publisher":{"@id":"https:\/\/exceladvisor.org\/pt\/#organization"},"potentialAction":[{"@type":"SearchAction","target":{"@type":"EntryPoint","urlTemplate":"https:\/\/exceladvisor.org\/pt\/?s={search_term_string}"},"query-input":{"@type":"PropertyValueSpecification","valueRequired":true,"valueName":"search_term_string"}}],"inLanguage":"pt-PT"},{"@type":"Organization","@id":"https:\/\/exceladvisor.org\/pt\/#organization","name":"Excel Advisor","url":"https:\/\/exceladvisor.org\/pt\/","logo":{"@type":"ImageObject","inLanguage":"pt-PT","@id":"https:\/\/exceladvisor.org\/pt\/#\/schema\/logo\/image\/","url":"https:\/\/exceladvisor.org\/pt\/wp-content\/uploads\/2023\/12\/exceladvisor.org_.png","contentUrl":"https:\/\/exceladvisor.org\/pt\/wp-content\/uploads\/2023\/12\/exceladvisor.org_.png","width":105,"height":36,"caption":"Excel Advisor"},"image":{"@id":"https:\/\/exceladvisor.org\/pt\/#\/schema\/logo\/image\/"}}]}},"yoast_meta":{"yoast_wpseo_title":"","yoast_wpseo_metadesc":"","yoast_wpseo_canonical":""},"_links":{"self":[{"href":"https:\/\/exceladvisor.org\/pt\/wp-json\/wp\/v2\/pages\/623","targetHints":{"allow":["GET"]}}],"collection":[{"href":"https:\/\/exceladvisor.org\/pt\/wp-json\/wp\/v2\/pages"}],"about":[{"href":"https:\/\/exceladvisor.org\/pt\/wp-json\/wp\/v2\/types\/page"}],"author":[{"embeddable":true,"href":"https:\/\/exceladvisor.org\/pt\/wp-json\/wp\/v2\/users\/1"}],"replies":[{"embeddable":true,"href":"https:\/\/exceladvisor.org\/pt\/wp-json\/wp\/v2\/comments?post=623"}],"version-history":[{"count":1,"href":"https:\/\/exceladvisor.org\/pt\/wp-json\/wp\/v2\/pages\/623\/revisions"}],"predecessor-version":[{"id":1059,"href":"https:\/\/exceladvisor.org\/pt\/wp-json\/wp\/v2\/pages\/623\/revisions\/1059"}],"wp:attachment":[{"href":"https:\/\/exceladvisor.org\/pt\/wp-json\/wp\/v2\/media?parent=623"}],"curies":[{"name":"wp","href":"https:\/\/api.w.org\/{rel}","templated":true}]}}