{"id":624,"date":"2023-10-17T21:47:55","date_gmt":"2023-10-17T21:47:55","guid":{"rendered":"https:\/\/exceladvisor.org\/pt\/crie-o-cabecalho-da-primeira-linha\/"},"modified":"2023-12-06T11:36:44","modified_gmt":"2023-12-06T11:36:44","slug":"crie-o-cabecalho-da-primeira-linha","status":"publish","type":"page","link":"https:\/\/exceladvisor.org\/pt\/crie-o-cabecalho-da-primeira-linha\/","title":{"rendered":"Como criar um cabe\u00e7alho de primeira linha no excel?"},"content":{"rendered":"<div class=\"excel-before-content-2\" id=\"excel-2907036461\"><script type=\"text\/javascript\">\r\n\tatOptions = {\r\n\t\t'key' : 'c1158f160081d6540a8409e6925dab94',\r\n\t\t'format' : 'iframe',\r\n\t\t'height' : 250,\r\n\t\t'width' : 300,\r\n\t\t'params' : {}\r\n\t};\r\n<\/script>\r\n<script type=\"text\/javascript\" src=\"\/\/www.highperformanceformat.com\/c1158f160081d6540a8409e6925dab94\/invoke.js\"><\/script><\/div><div class=\"excel-before-content\" id=\"excel-2495548155\"><script type=\"text\/javascript\">\r\n\tatOptions = {\r\n\t\t'key' : 'c1158f160081d6540a8409e6925dab94',\r\n\t\t'format' : 'iframe',\r\n\t\t'height' : 250,\r\n\t\t'width' : 300,\r\n\t\t'params' : {}\r\n\t};\r\n<\/script>\r\n<script type=\"text\/javascript\" src=\"\/\/www.highperformanceformat.com\/c1158f160081d6540a8409e6925dab94\/invoke.js\"><\/script><\/div> <p>No Excel, os cabe\u00e7alhos s\u00e3o uma parte muito importante da estrutura de dados, o que torna os dados mais f\u00e1ceis de ler e compreender.<\/p><p> Isso ajuda os usu\u00e1rios a entender que tipo de dados as c\u00e9lulas ter\u00e3o em diferentes colunas com base nos nomes dos cabe\u00e7alhos.<\/p><p> Portanto, todos que trabalham no Excel sabem a import\u00e2ncia de ter a primeira linha dos seus dados definida como linha de cabe\u00e7alho.<\/p><p> Este tutorial explica como transformar a primeira linha dos seus dados em uma linha de cabe\u00e7alho.<\/p><h2 class=\"wp-block-heading\"> Etapas para transformar a primeira linha em uma linha de cabe\u00e7alho usando a op\u00e7\u00e3o Congelar<\/h2><p> Ao aplicar Congelar \u00e0 primeira linha do conjunto de dados, a primeira linha ser\u00e1 congelada como a linha do cabe\u00e7alho e, quando voc\u00ea rolar para baixo na planilha, a primeira linha do cabe\u00e7alho ser\u00e1 congelada. a cabe\u00e7a ficar\u00e1 vis\u00edvel o tempo todo.<\/p><ol><li> Primeiro, abra os dados da planilha onde deseja congelar a primeira linha como linha de cabe\u00e7alho.<\/li><li> Depois disso, v\u00e1 at\u00e9 a aba \u201cVisualizar\u201d e clique no \u00edcone \u201cCongelar Pain\u00e9is\u201d, a seguir clique na op\u00e7\u00e3o \u201cCongelar Linha Superior\u201d no menu suspenso.<\/li><li> Ou use o atalho de teclado \u201cAlt \u2192 W \u2192 F \u2192 R\u201d para escolher diretamente a op\u00e7\u00e3o \u201cCongelar linha superior\u201d.<\/li><li> Neste momento, sua primeira linha foi congelada como uma linha de cabe\u00e7alhos e, quando voc\u00ea rolar para baixo na planilha do Excel, os cabe\u00e7alhos ficar\u00e3o vis\u00edveis o tempo todo. <\/li><\/ol><div class=\"wp-block-image\"><figure class=\"aligncenter size-full is-resized\"><img loading=\"lazy\" decoding=\"async\" class=\"wp-image-80423\" src=\"https:\/\/exceladvisor.org\/wp-content\/uploads\/2023\/08\/1-figer-la-rangee-du-haut.png\" sizes=\"auto, \" srcset=\"\" alt=\"congelar linha superior\" width=\"785\" height=\"331\"><\/figure><\/div><h2 class=\"wp-block-heading\"> Converta dados em formato de tabela para transformar a primeira linha em uma linha de cabe\u00e7alho<\/h2><p> Voc\u00ea pode converter seu conjunto de dados para o formato de tabela e transformar a primeira linha em uma linha de cabe\u00e7alho seguindo as etapas abaixo:<\/p><ol><li> Primeiro, navegue at\u00e9 qualquer c\u00e9lula dos dados e depois navegue at\u00e9 a guia \u201cHome\u201d.<\/li><li> Em seguida, clique no \u00edcone \u201cFormatar como Tabela\u201d e escolha o formato do formato da tabela. <br><img loading=\"lazy\" decoding=\"async\" title=\"Lista suspensa de tabela de 2 formatos\" src=\"https:\/\/exceladvisor.org\/wp-content\/uploads\/2023\/08\/2-format-de-tableau-deroulant.png\" sizes=\"auto, \" srcset=\"\" alt=\"table-format-drop-down\" width=\"819\" height=\"317\"><\/li><li> Depois de escolher o formato da tabela ou pressionar o atalho de teclado \u201cCtrl + T\u201d ao mesmo tempo, a caixa de di\u00e1logo \u201cCriar Tabela\u201d ser\u00e1 aberta.<\/li><li> Agora voc\u00ea ver\u00e1 que seu intervalo de dados est\u00e1 selecionado automaticamente e basta selecionar a op\u00e7\u00e3o \u201cMinha tabela tem cabe\u00e7alhos\u201d e clicar em OK. <br><img loading=\"lazy\" decoding=\"async\" title=\"Caixa de di\u00e1logo de cria\u00e7\u00e3o de 3 tabelas\" src=\"https:\/\/exceladvisor.org\/wp-content\/uploads\/2023\/08\/3-creer-une-boite-de-dialogue-de-table.png\" sizes=\"auto, \" srcset=\"\" alt=\"create-table-dialog-box\" width=\"671\" height=\"240\"><\/li><li> Neste momento, os dados ser\u00e3o convertidos para o formato de tabela com a primeira linha como linha de cabe\u00e7alho com \u00edcones de filtro. <br><img loading=\"lazy\" decoding=\"async\" title=\"4-primeira linha como linha de cabe\u00e7alho\" src=\"https:\/\/exceladvisor.org\/wp-content\/uploads\/2023\/08\/4-premiere-ligne-comme-ligne-den-tete.png\" sizes=\"auto, \" srcset=\"\" alt=\"first-row-as-header-row\" width=\"478\" height=\"233\"><\/li><\/ol><h2 class=\"wp-block-heading\"> Selecione a primeira linha como linha de cabe\u00e7alho usando o editor Power Query<\/h2><p> Voc\u00ea pode usar o editor do Power Query para transformar a primeira linha do seu conjunto de dados na linha de cabe\u00e7alhos seguindo as etapas abaixo:<\/p><ol><li> Primeiro, navegue at\u00e9 qualquer c\u00e9lula do conjunto de dados, navegue at\u00e9 a guia \u201cDados\u201d e clique na op\u00e7\u00e3o \u201cDa tabela\/intervalo\u201d. <br><img loading=\"lazy\" decoding=\"async\" title=\"Intervalo de 5 tabelas\" src=\"https:\/\/exceladvisor.org\/wp-content\/uploads\/2023\/08\/5-obtenir-la-plage-de-la-table.png\" sizes=\"auto, \" srcset=\"\" alt=\"get-table-range\" width=\"429\" height=\"381\"><\/li><li> Depois disso, veja se o intervalo selecionado cobre todo o seu conjunto de dados, desmarque a op\u00e7\u00e3o \u201cMinha tabela tem cabe\u00e7alhos\u201d e clique em OK. <br><img loading=\"lazy\" decoding=\"async\" title=\"6-op\u00e7\u00e3o de desmarcar minha tabela com cabe\u00e7alhos\" src=\"https:\/\/exceladvisor.org\/wp-content\/uploads\/2023\/08\/6-deselectionnez-loption-mon-tableau-a-des-en-tetes.png\" sizes=\"auto, \" srcset=\"\" alt=\"un-select-my-table-has-headers-option\" width=\"619\" height=\"215\"><\/li><li> Agora, na guia \u201cHome\u201d, clique no \u00edcone suspenso \u201cUsar primeira linha como cabe\u00e7alho\u201d e selecione a primeira op\u00e7\u00e3o \u201cUsar primeira linha como cabe\u00e7alho\u201d. <br><img loading=\"lazy\" decoding=\"async\" title=\"7-use a primeira linha como cabe\u00e7alho\" src=\"https:\/\/exceladvisor.org\/wp-content\/uploads\/2023\/08\/7-utiliser-la-premiere-ligne-comme-en-tetes.png\" sizes=\"auto, \" srcset=\"\" alt=\"use-first-row-as-headers\" width=\"705\" height=\"405\"><\/li><li> Depois de clicar em \u201cUsar a primeira linha como cabe\u00e7alhos\u201d, a primeira linha dos seus dados ser\u00e1 convertida em cabe\u00e7alhos. <br><img loading=\"lazy\" decoding=\"async\" title=\"8-converter a primeira linha como cabe\u00e7alhos\" src=\"https:\/\/exceladvisor.org\/wp-content\/uploads\/2023\/08\/8-convertir-la-premiere-ligne-en-en-tetes.png\" sizes=\"auto, \" srcset=\"\" alt=\"convert-first-row-as-headers\" width=\"493\" height=\"244\"><\/li><li> Ao final, clique no \u00edcone \u201cFechar e Carregar\u201d e a seguir clique na op\u00e7\u00e3o \u201cFechar e Carregar\u201d do menu suspenso. <br><img loading=\"lazy\" decoding=\"async\" title=\"9-escolha-fechar-carregar-\u00edcone\" src=\"https:\/\/exceladvisor.org\/wp-content\/uploads\/2023\/08\/9-choisissez-fermer-licone-de-chargement.png\" sizes=\"auto, \" srcset=\"\" alt=\"choose-close-&amp;-load-icon\" width=\"486\" height=\"208\"><\/li><li> Ao clicar na op\u00e7\u00e3o \u201cFechar e Carregar\u201d, seus dados ser\u00e3o transferidos para uma nova planilha na mesma pasta de trabalho com a primeira linha como cabe\u00e7alho. <br><img loading=\"lazy\" decoding=\"async\" title=\"10 dados com primeira linha como cabe\u00e7alhos\" src=\"https:\/\/exceladvisor.org\/wp-content\/uploads\/2023\/08\/10-donnees-avec-la-premiere-ligne-comme-en-tete.png\" sizes=\"auto, \" srcset=\"\" alt=\"data-with-first-row-as-headers\" width=\"479\" height=\"253\"><\/li><\/ol><h2 class=\"wp-block-heading\"> Selecione a primeira linha como linha de cabe\u00e7alho usando layout<\/h2><p> Freq\u00fcentemente, voc\u00ea precisa fazer com que a primeira linha do seu conjunto de dados seja a linha do cabe\u00e7alho e deseja imprimir essa linha do cabe\u00e7alho em todas as p\u00e1ginas ao imprimir os dados. Siga as etapas abaixo para o mesmo:<\/p><ol><li> Primeiro, v\u00e1 at\u00e9 a aba \u201cLayout de p\u00e1gina\u201d, depois clique na op\u00e7\u00e3o \u201cImprimir t\u00edtulos\u201d e a caixa de di\u00e1logo \u201cConfigura\u00e7\u00e3o de p\u00e1gina\u201d ser\u00e1 aberta. <br><img loading=\"lazy\" decoding=\"async\" title=\"T\u00edtulos de impress\u00e3o com layout de 11 p\u00e1ginas\" src=\"https:\/\/exceladvisor.org\/wp-content\/uploads\/2023\/08\/11-titres-dimpression-de-mise-en-page.png\" sizes=\"auto, \" srcset=\"\" alt=\"page-layout-print-titles\" width=\"812\" height=\"131\"><\/li><li> Depois disso, v\u00e1 at\u00e9 o campo \u201cLinhas para repetir no topo\u201d e selecione a primeira linha do cabe\u00e7alho, a seguir clique no bot\u00e3o \u201cVisualizar impress\u00e3o\u201d para ver se os cabe\u00e7alhos est\u00e3o corretamente vis\u00edveis nas p\u00e1ginas. <br><img loading=\"lazy\" decoding=\"async\" title=\"Caixa de di\u00e1logo de configura\u00e7\u00e3o de 12 p\u00e1ginas\" src=\"https:\/\/exceladvisor.org\/wp-content\/uploads\/2023\/08\/Boite-de-dialogue-de-configuration-de-12-pages.png\" sizes=\"auto, \" srcset=\"\" alt=\"page-setup-dialog-box\" width=\"717\" height=\"371\"><\/li><li> Ao final, v\u00e1 at\u00e9 a aba \u201cArquivo\u201d e clique na op\u00e7\u00e3o \u201cImprimir\u201d ou use o atalho de teclado \u201cCtrl + P\u201d para ir at\u00e9 a caixa de di\u00e1logo \u201cImprimir\u201d para imprimir as p\u00e1ginas.<\/li><\/ol><div class=\"gb-container gb-container-4db6181c gb-container-mt\"> <a class=\"gb-button gb-button-c5897111 gb-button-text gb-button-mt-button\" href=\"https:\/\/exceladvisor.org\/pt\/nocoes-basicas-de-excel\/\">No\u00e7\u00f5es b\u00e1sicas do Microsoft Excel (componentes, pe\u00e7as e notas de conhecimento)<\/a><h2 class=\"gb-headline gb-headline-665e5f6b gb-headline-text gb-headline-mt-heading\"> Tutoriais relacionados <\/h2><div class=\"gb-grid-wrapper gb-grid-wrapper-a20baf7c gb-grid-wrapper-mt-grid\"><div class=\"gb-grid-column gb-grid-column-50067b57\"><div class=\"gb-container gb-container-50067b57\"><ul><li> <a href=\"https:\/\/exceladvisor.org\/pt\/encontrar-substituir\/\">Localizar e substituir no Excel<\/a><\/li><li> <a href=\"https:\/\/exceladvisor.org\/pt\/copiar-e-colar-largura-da-coluna\/\">Copie e cole a largura da coluna no Excel<\/a><\/li><li> <a href=\"https:\/\/exceladvisor.org\/pt\/colar-valores-sem-formatacao\/\">Copie e cole valores sem formata\u00e7\u00e3o no Excel<\/a><\/li><li> <a href=\"https:\/\/exceladvisor.org\/pt\/cifrao\/\">Adicione um cifr\u00e3o no Excel<\/a><\/li><\/ul><\/div><\/div><\/div><\/div>","protected":false},"excerpt":{"rendered":"","protected":false},"author":1,"featured_media":0,"parent":0,"menu_order":0,"comment_status":"open","ping_status":"closed","template":"","meta":{"ub_ctt_via":"","footnotes":""},"class_list":["post-624","page","type-page","status-publish","hentry"],"featured_image_src":null,"yoast_head":"<!-- This site is optimized with the Yoast SEO plugin v25.4 - https:\/\/yoast.com\/wordpress\/plugins\/seo\/ -->\n<title>Como criar um cabe\u00e7alho de primeira linha no Excel? (Guia)<\/title>\n<meta name=\"description\" content=\"Este tutorial se concentra na cria\u00e7\u00e3o da primeira linha da planilha como cabe\u00e7alho. Isso \u00e9 algo importante para aprender.\" \/>\n<meta name=\"robots\" content=\"index, follow, max-snippet:-1, max-image-preview:large, max-video-preview:-1\" \/>\n<link rel=\"canonical\" href=\"https:\/\/exceladvisor.org\/pt\/crie-o-cabecalho-da-primeira-linha\/\" \/>\n<meta property=\"og:locale\" content=\"pt_PT\" \/>\n<meta property=\"og:type\" content=\"article\" \/>\n<meta property=\"og:title\" content=\"Como criar um cabe\u00e7alho de primeira linha no Excel? (Guia)\" \/>\n<meta property=\"og:description\" content=\"Este tutorial se concentra na cria\u00e7\u00e3o da primeira linha da planilha como cabe\u00e7alho. Isso \u00e9 algo importante para aprender.\" \/>\n<meta property=\"og:url\" content=\"https:\/\/exceladvisor.org\/pt\/crie-o-cabecalho-da-primeira-linha\/\" \/>\n<meta property=\"og:site_name\" content=\"Excel Advisor\" \/>\n<meta property=\"article:modified_time\" content=\"2023-12-06T11:36:44+00:00\" \/>\n<meta property=\"og:image\" content=\"https:\/\/exceladvisor.org\/wp-content\/uploads\/2023\/08\/1-figer-la-rangee-du-haut.png\" \/>\n<meta name=\"twitter:card\" content=\"summary_large_image\" \/>\n<meta name=\"twitter:label1\" content=\"Tempo estimado de leitura\" \/>\n\t<meta name=\"twitter:data1\" content=\"4 minutos\" \/>\n<script type=\"application\/ld+json\" class=\"yoast-schema-graph\">{\"@context\":\"https:\/\/schema.org\",\"@graph\":[{\"@type\":\"WebPage\",\"@id\":\"https:\/\/exceladvisor.org\/pt\/crie-o-cabecalho-da-primeira-linha\/\",\"url\":\"https:\/\/exceladvisor.org\/pt\/crie-o-cabecalho-da-primeira-linha\/\",\"name\":\"Como criar um cabe\u00e7alho de primeira linha no Excel? (Guia)\",\"isPartOf\":{\"@id\":\"https:\/\/exceladvisor.org\/pt\/#website\"},\"primaryImageOfPage\":{\"@id\":\"https:\/\/exceladvisor.org\/pt\/crie-o-cabecalho-da-primeira-linha\/#primaryimage\"},\"image\":{\"@id\":\"https:\/\/exceladvisor.org\/pt\/crie-o-cabecalho-da-primeira-linha\/#primaryimage\"},\"thumbnailUrl\":\"https:\/\/exceladvisor.org\/wp-content\/uploads\/2023\/08\/1-figer-la-rangee-du-haut.png\",\"datePublished\":\"2023-10-17T21:47:55+00:00\",\"dateModified\":\"2023-12-06T11:36:44+00:00\",\"description\":\"Este tutorial se concentra na cria\u00e7\u00e3o da primeira linha da planilha como cabe\u00e7alho. Isso \u00e9 algo importante para aprender.\",\"breadcrumb\":{\"@id\":\"https:\/\/exceladvisor.org\/pt\/crie-o-cabecalho-da-primeira-linha\/#breadcrumb\"},\"inLanguage\":\"pt-PT\",\"potentialAction\":[{\"@type\":\"ReadAction\",\"target\":[\"https:\/\/exceladvisor.org\/pt\/crie-o-cabecalho-da-primeira-linha\/\"]}]},{\"@type\":\"ImageObject\",\"inLanguage\":\"pt-PT\",\"@id\":\"https:\/\/exceladvisor.org\/pt\/crie-o-cabecalho-da-primeira-linha\/#primaryimage\",\"url\":\"https:\/\/exceladvisor.org\/wp-content\/uploads\/2023\/08\/1-figer-la-rangee-du-haut.png\",\"contentUrl\":\"https:\/\/exceladvisor.org\/wp-content\/uploads\/2023\/08\/1-figer-la-rangee-du-haut.png\"},{\"@type\":\"BreadcrumbList\",\"@id\":\"https:\/\/exceladvisor.org\/pt\/crie-o-cabecalho-da-primeira-linha\/#breadcrumb\",\"itemListElement\":[{\"@type\":\"ListItem\",\"position\":1,\"name\":\"Lar\",\"item\":\"https:\/\/exceladvisor.org\/pt\/\"},{\"@type\":\"ListItem\",\"position\":2,\"name\":\"Como criar um cabe\u00e7alho de primeira linha no excel?\"}]},{\"@type\":\"WebSite\",\"@id\":\"https:\/\/exceladvisor.org\/pt\/#website\",\"url\":\"https:\/\/exceladvisor.org\/pt\/\",\"name\":\"Excel Advisor\",\"description\":\"O seu guia definitivo para dominar os dados!\",\"publisher\":{\"@id\":\"https:\/\/exceladvisor.org\/pt\/#organization\"},\"potentialAction\":[{\"@type\":\"SearchAction\",\"target\":{\"@type\":\"EntryPoint\",\"urlTemplate\":\"https:\/\/exceladvisor.org\/pt\/?s={search_term_string}\"},\"query-input\":{\"@type\":\"PropertyValueSpecification\",\"valueRequired\":true,\"valueName\":\"search_term_string\"}}],\"inLanguage\":\"pt-PT\"},{\"@type\":\"Organization\",\"@id\":\"https:\/\/exceladvisor.org\/pt\/#organization\",\"name\":\"Excel Advisor\",\"url\":\"https:\/\/exceladvisor.org\/pt\/\",\"logo\":{\"@type\":\"ImageObject\",\"inLanguage\":\"pt-PT\",\"@id\":\"https:\/\/exceladvisor.org\/pt\/#\/schema\/logo\/image\/\",\"url\":\"https:\/\/exceladvisor.org\/pt\/wp-content\/uploads\/2023\/12\/exceladvisor.org_.png\",\"contentUrl\":\"https:\/\/exceladvisor.org\/pt\/wp-content\/uploads\/2023\/12\/exceladvisor.org_.png\",\"width\":105,\"height\":36,\"caption\":\"Excel Advisor\"},\"image\":{\"@id\":\"https:\/\/exceladvisor.org\/pt\/#\/schema\/logo\/image\/\"}}]}<\/script>\n<!-- \/ Yoast SEO plugin. -->","yoast_head_json":{"title":"Como criar um cabe\u00e7alho de primeira linha no Excel? (Guia)","description":"Este tutorial se concentra na cria\u00e7\u00e3o da primeira linha da planilha como cabe\u00e7alho. Isso \u00e9 algo importante para aprender.","robots":{"index":"index","follow":"follow","max-snippet":"max-snippet:-1","max-image-preview":"max-image-preview:large","max-video-preview":"max-video-preview:-1"},"canonical":"https:\/\/exceladvisor.org\/pt\/crie-o-cabecalho-da-primeira-linha\/","og_locale":"pt_PT","og_type":"article","og_title":"Como criar um cabe\u00e7alho de primeira linha no Excel? (Guia)","og_description":"Este tutorial se concentra na cria\u00e7\u00e3o da primeira linha da planilha como cabe\u00e7alho. Isso \u00e9 algo importante para aprender.","og_url":"https:\/\/exceladvisor.org\/pt\/crie-o-cabecalho-da-primeira-linha\/","og_site_name":"Excel Advisor","article_modified_time":"2023-12-06T11:36:44+00:00","og_image":[{"url":"https:\/\/exceladvisor.org\/wp-content\/uploads\/2023\/08\/1-figer-la-rangee-du-haut.png","type":"","width":"","height":""}],"twitter_card":"summary_large_image","twitter_misc":{"Tempo estimado de leitura":"4 minutos"},"schema":{"@context":"https:\/\/schema.org","@graph":[{"@type":"WebPage","@id":"https:\/\/exceladvisor.org\/pt\/crie-o-cabecalho-da-primeira-linha\/","url":"https:\/\/exceladvisor.org\/pt\/crie-o-cabecalho-da-primeira-linha\/","name":"Como criar um cabe\u00e7alho de primeira linha no Excel? (Guia)","isPartOf":{"@id":"https:\/\/exceladvisor.org\/pt\/#website"},"primaryImageOfPage":{"@id":"https:\/\/exceladvisor.org\/pt\/crie-o-cabecalho-da-primeira-linha\/#primaryimage"},"image":{"@id":"https:\/\/exceladvisor.org\/pt\/crie-o-cabecalho-da-primeira-linha\/#primaryimage"},"thumbnailUrl":"https:\/\/exceladvisor.org\/wp-content\/uploads\/2023\/08\/1-figer-la-rangee-du-haut.png","datePublished":"2023-10-17T21:47:55+00:00","dateModified":"2023-12-06T11:36:44+00:00","description":"Este tutorial se concentra na cria\u00e7\u00e3o da primeira linha da planilha como cabe\u00e7alho. Isso \u00e9 algo importante para aprender.","breadcrumb":{"@id":"https:\/\/exceladvisor.org\/pt\/crie-o-cabecalho-da-primeira-linha\/#breadcrumb"},"inLanguage":"pt-PT","potentialAction":[{"@type":"ReadAction","target":["https:\/\/exceladvisor.org\/pt\/crie-o-cabecalho-da-primeira-linha\/"]}]},{"@type":"ImageObject","inLanguage":"pt-PT","@id":"https:\/\/exceladvisor.org\/pt\/crie-o-cabecalho-da-primeira-linha\/#primaryimage","url":"https:\/\/exceladvisor.org\/wp-content\/uploads\/2023\/08\/1-figer-la-rangee-du-haut.png","contentUrl":"https:\/\/exceladvisor.org\/wp-content\/uploads\/2023\/08\/1-figer-la-rangee-du-haut.png"},{"@type":"BreadcrumbList","@id":"https:\/\/exceladvisor.org\/pt\/crie-o-cabecalho-da-primeira-linha\/#breadcrumb","itemListElement":[{"@type":"ListItem","position":1,"name":"Lar","item":"https:\/\/exceladvisor.org\/pt\/"},{"@type":"ListItem","position":2,"name":"Como criar um cabe\u00e7alho de primeira linha no excel?"}]},{"@type":"WebSite","@id":"https:\/\/exceladvisor.org\/pt\/#website","url":"https:\/\/exceladvisor.org\/pt\/","name":"Excel Advisor","description":"O seu guia definitivo para dominar os dados!","publisher":{"@id":"https:\/\/exceladvisor.org\/pt\/#organization"},"potentialAction":[{"@type":"SearchAction","target":{"@type":"EntryPoint","urlTemplate":"https:\/\/exceladvisor.org\/pt\/?s={search_term_string}"},"query-input":{"@type":"PropertyValueSpecification","valueRequired":true,"valueName":"search_term_string"}}],"inLanguage":"pt-PT"},{"@type":"Organization","@id":"https:\/\/exceladvisor.org\/pt\/#organization","name":"Excel Advisor","url":"https:\/\/exceladvisor.org\/pt\/","logo":{"@type":"ImageObject","inLanguage":"pt-PT","@id":"https:\/\/exceladvisor.org\/pt\/#\/schema\/logo\/image\/","url":"https:\/\/exceladvisor.org\/pt\/wp-content\/uploads\/2023\/12\/exceladvisor.org_.png","contentUrl":"https:\/\/exceladvisor.org\/pt\/wp-content\/uploads\/2023\/12\/exceladvisor.org_.png","width":105,"height":36,"caption":"Excel Advisor"},"image":{"@id":"https:\/\/exceladvisor.org\/pt\/#\/schema\/logo\/image\/"}}]}},"yoast_meta":{"yoast_wpseo_title":"","yoast_wpseo_metadesc":"","yoast_wpseo_canonical":""},"_links":{"self":[{"href":"https:\/\/exceladvisor.org\/pt\/wp-json\/wp\/v2\/pages\/624","targetHints":{"allow":["GET"]}}],"collection":[{"href":"https:\/\/exceladvisor.org\/pt\/wp-json\/wp\/v2\/pages"}],"about":[{"href":"https:\/\/exceladvisor.org\/pt\/wp-json\/wp\/v2\/types\/page"}],"author":[{"embeddable":true,"href":"https:\/\/exceladvisor.org\/pt\/wp-json\/wp\/v2\/users\/1"}],"replies":[{"embeddable":true,"href":"https:\/\/exceladvisor.org\/pt\/wp-json\/wp\/v2\/comments?post=624"}],"version-history":[{"count":1,"href":"https:\/\/exceladvisor.org\/pt\/wp-json\/wp\/v2\/pages\/624\/revisions"}],"predecessor-version":[{"id":981,"href":"https:\/\/exceladvisor.org\/pt\/wp-json\/wp\/v2\/pages\/624\/revisions\/981"}],"wp:attachment":[{"href":"https:\/\/exceladvisor.org\/pt\/wp-json\/wp\/v2\/media?parent=624"}],"curies":[{"name":"wp","href":"https:\/\/api.w.org\/{rel}","templated":true}]}}