{"id":625,"date":"2023-10-17T19:47:21","date_gmt":"2023-10-17T19:47:21","guid":{"rendered":"https:\/\/exceladvisor.org\/pt\/foco-na-selecao\/"},"modified":"2023-12-06T11:35:14","modified_gmt":"2023-12-06T11:35:14","slug":"foco-na-selecao","status":"publish","type":"page","link":"https:\/\/exceladvisor.org\/pt\/foco-na-selecao\/","title":{"rendered":"Como centralizar uma sele\u00e7\u00e3o no excel?"},"content":{"rendered":"<div class=\"excel-before-content-2\" id=\"excel-2975867680\"><script type=\"text\/javascript\">\r\n\tatOptions = {\r\n\t\t'key' : 'c1158f160081d6540a8409e6925dab94',\r\n\t\t'format' : 'iframe',\r\n\t\t'height' : 250,\r\n\t\t'width' : 300,\r\n\t\t'params' : {}\r\n\t};\r\n<\/script>\r\n<script type=\"text\/javascript\" src=\"\/\/www.highperformanceformat.com\/c1158f160081d6540a8409e6925dab94\/invoke.js\"><\/script><\/div><div class=\"excel-before-content\" id=\"excel-321402549\"><script type=\"text\/javascript\">\r\n\tatOptions = {\r\n\t\t'key' : 'c1158f160081d6540a8409e6925dab94',\r\n\t\t'format' : 'iframe',\r\n\t\t'height' : 250,\r\n\t\t'width' : 300,\r\n\t\t'params' : {}\r\n\t};\r\n<\/script>\r\n<script type=\"text\/javascript\" src=\"\/\/www.highperformanceformat.com\/c1158f160081d6540a8409e6925dab94\/invoke.js\"><\/script><\/div> <p>No Excel, muitos de n\u00f3s ainda usamos o recurso \u201cMesclar c\u00e9lulas\u201d para centralizar o texto em v\u00e1rias colunas mesclando as c\u00e9lulas, mas h\u00e1 outro recurso chamado \u201cCentralizar na sele\u00e7\u00e3o\u201d que tamb\u00e9m permite aos usu\u00e1rios centralizar o texto horizontalmente em v\u00e1rias colunas. mas sem mesclar as c\u00e9lulas.<\/p><p> Este recurso de centralizar o texto sem mesclar a sele\u00e7\u00e3o torna mais prefer\u00edvel us\u00e1-lo em c\u00e9lulas mescladas porque no caso de mesclar c\u00e9lulas sua estrutura de dados pode ser manipulada e se voc\u00ea selecionar uma coluna que faz parte das c\u00e9lulas mescladas as outras Colunas que fazem parte da mesclagem c\u00e9lulas tamb\u00e9m ser\u00e3o selecionadas.<\/p><p> Neste tutorial, mostraremos como centralizar o texto em v\u00e1rias c\u00e9lulas selecionadas.<\/p><h2 class=\"wp-block-heading\"> Etapas para centralizar a sele\u00e7\u00e3o no Excel<\/h2><ol><li> Primeiro, selecione o intervalo de c\u00e9lulas no qual deseja centralizar o texto.<\/li><li> Depois disso, clique com o bot\u00e3o direito e clique na op\u00e7\u00e3o \u201cFormatar c\u00e9lulas\u201d na lista suspensa. <br><img loading=\"lazy\" decoding=\"async\" title=\"-selecionar intervalo de c\u00e9lulas\" src=\"https:\/\/exceladvisor.org\/wp-content\/uploads\/2023\/08\/1-selectionner-la-plage-de-cellules-2.png\" sizes=\"auto, \" srcset=\"\" alt=\"select-the-cells-range\" width=\"482\" height=\"391\"><\/li><li> Ou selecione o intervalo de c\u00e9lulas, v\u00e1 para a guia &#8220;P\u00e1gina inicial&#8221; e clique em &#8220;Seta de agrupamento de alinhamento&#8221; no grupo &#8220;Alinhamento&#8221;. <br><img loading=\"lazy\" decoding=\"async\" title=\"-align-agrupamento-seta\" src=\"https:\/\/exceladvisor.org\/wp-content\/uploads\/2023\/08\/2-fleche-de-regroupement-dalignement.png\" sizes=\"auto, \" srcset=\"\" alt=\"alignment-grouping-arrow\" width=\"603\" height=\"253\"><\/li><li> Neste ponto, a caixa de di\u00e1logo \u201cFormatar c\u00e9lulas\u201d ser\u00e1 aberta.<\/li><li> Aqui, v\u00e1 para a guia \u201cAlinhamento\u201d, clique na seta suspensa do campo \u201cHorizontal\u201d e escolha \u201cCentralizar na sele\u00e7\u00e3o\u201d e clique em OK. <br><img loading=\"lazy\" decoding=\"async\" title=\"-escolha o centro na sele\u00e7\u00e3o\" src=\"https:\/\/exceladvisor.org\/wp-content\/uploads\/2023\/08\/3-choisir-le-centre-de-la-selection.png\" sizes=\"auto, \" srcset=\"\" alt=\"choose-center-across-selection\" width=\"514\" height=\"419\"><\/li><li> Agora ao inserir o texto na primeira c\u00e9lula da sele\u00e7\u00e3o, o Excel ir\u00e1 coloc\u00e1-lo \u201cCentrado na Sele\u00e7\u00e3o\u201d. <br><img loading=\"lazy\" decoding=\"async\" title=\"-insira o texto na primeira c\u00e9lula do intervalo de sele\u00e7\u00e3o\" src=\"https:\/\/exceladvisor.org\/wp-content\/uploads\/2023\/08\/4-saisir-du-texte-dans-la-premiere-cellule-de-la-plage-de-selection.png\" sizes=\"auto, \" srcset=\"\" alt=\"enter-text-in-first-cell-of-selection-range\" width=\"659\" height=\"140\"><\/li><\/ol><p> Na imagem acima voc\u00ea pode ver que inserimos o texto na coluna A e, Excel criado em \u201cCentro na Sele\u00e7\u00e3o\u201d e parece que as c\u00e9lulas est\u00e3o mescladas, mas n\u00e3o est\u00e3o.<\/p><p> Mesmo se voc\u00ea inserir o texto em uma das c\u00e9lulas da sele\u00e7\u00e3o em vez de na primeira c\u00e9lula, ele ainda estar\u00e1 centralizado na sele\u00e7\u00e3o, mas esse centro n\u00e3o ser\u00e1 o centro exato.<\/p><h2 class=\"wp-block-heading\"> Centralize a sele\u00e7\u00e3o usando o atalho do teclado<\/h2><p> N\u00e3o existe um atalho de teclado direto para centralizar o texto na sele\u00e7\u00e3o, mas sim, usando a combina\u00e7\u00e3o de alguns atalhos de teclado voc\u00ea pode fazer isso.<\/p><p> <kbd>Ctrl<\/kbd> + <kbd>1<\/kbd> \u2192 <kbd>A<\/kbd> \u2192 <kbd>Tab<\/kbd> \u2192 <kbd>C<\/kbd> \u2192 <kbd>C<\/kbd> \u2192 <kbd>Enter<\/kbd> \u2192 <kbd>Enter<\/kbd><\/p><ul><li> Primeiro, selecione o intervalo de c\u00e9lulas e pressione o atalho \u201cCtrl+1\u201d para abrir a caixa de di\u00e1logo \u201cFormatar c\u00e9lulas\u201d.<\/li><li> Depois de aberto, basta pressionar \u201cA\u201d para navegar at\u00e9 a guia \u201cAlinhamento\u201d na caixa de di\u00e1logo \u201cFormatar c\u00e9lulas\u201d.<\/li><li> Depois disso, pressione a tecla \u201cTab\u201d para destacar o campo \u201cHorizontal\u201d.<\/li><li> Agora, pressione a tecla \u201cC\u201d duas vezes para selecionar a op\u00e7\u00e3o \u201cCentralizar na sele\u00e7\u00e3o\u201d e, a seguir, pressione a tecla \u201cEnter\u201d duas vezes.<\/li><\/ul><h2 class=\"wp-block-heading\"> Centralize na sele\u00e7\u00e3o VS mesclar c\u00e9lulas<\/h2><p> Acredito que voc\u00ea j\u00e1 tenha notado que a diferen\u00e7a entre os dois \u00e9 a \u201cMesclagem e n\u00e3o mesclagem de c\u00e9lulas\u201d ao fazer o texto \u201cCentralizar na sele\u00e7\u00e3o\u201d.<\/p><p> At\u00e9 agora, enquanto escrev\u00edamos este blog, n\u00e3o encontramos nenhuma maneira de usar este &#8220;Center Across Selection&#8221; na sele\u00e7\u00e3o vertical.<\/p><div class=\"gb-container gb-container-4db6181c gb-container-mt\"> <a class=\"gb-button gb-button-c5897111 gb-button-text gb-button-mt-button\" href=\"https:\/\/exceladvisor.org\/pt\/nocoes-basicas-de-excel\/\">No\u00e7\u00f5es b\u00e1sicas do Microsoft Excel (componentes, pe\u00e7as e notas de conhecimento)<\/a><h2 class=\"gb-headline gb-headline-665e5f6b gb-headline-text gb-headline-mt-heading\"> Tutoriais relacionados <\/h2><div class=\"gb-grid-wrapper gb-grid-wrapper-a20baf7c gb-grid-wrapper-mt-grid\"><div class=\"gb-grid-column gb-grid-column-65ddf67e\"><div class=\"gb-container gb-container-65ddf67e\"><ul><li> <a href=\"https:\/\/exceladvisor.org\/pt\/imprimir-titulos\/\">Aplicar t\u00edtulos de impress\u00e3o no Excel (defina a linha 1 para imprimir em todas as p\u00e1ginas)<\/a><\/li><li> <a href=\"https:\/\/exceladvisor.org\/pt\/papel-grafico\/\">Imprima um papel milimetrado no Excel (modelo de grade quadrada)<\/a><\/li><li> <a href=\"https:\/\/exceladvisor.org\/pt\/remover-quebra-de-pagina\/\">Remover quebra de p\u00e1gina no Excel<\/a><\/li><li> <a href=\"https:\/\/exceladvisor.org\/pt\/definir-area-de-impressao\/\">Definir \u00e1rea de impress\u00e3o no Excel<\/a><\/li><li> <a href=\"https:\/\/exceladvisor.org\/pt\/centralize-a-planilha-horizontalmente\/\">Centralize uma planilha horizontal e verticalmente no Excel<\/a><\/li><\/ul><\/div><\/div><\/div><\/div>","protected":false},"excerpt":{"rendered":"","protected":false},"author":1,"featured_media":0,"parent":0,"menu_order":0,"comment_status":"open","ping_status":"closed","template":"","meta":{"ub_ctt_via":"","footnotes":""},"class_list":["post-625","page","type-page","status-publish","hentry"],"featured_image_src":null,"yoast_head":"<!-- This site is optimized with the Yoast SEO plugin v25.4 - https:\/\/yoast.com\/wordpress\/plugins\/seo\/ -->\n<title>Como centralizar uma sele\u00e7\u00e3o no Excel?<\/title>\n<meta name=\"description\" content=\"Este guia r\u00e1pido o ajudar\u00e1 a mesclar c\u00e9lulas com Center Across Selection. Discutiremos isso em etapas f\u00e1ceis de seguir.\" \/>\n<meta name=\"robots\" content=\"index, follow, max-snippet:-1, max-image-preview:large, max-video-preview:-1\" \/>\n<link rel=\"canonical\" href=\"https:\/\/exceladvisor.org\/pt\/foco-na-selecao\/\" \/>\n<meta property=\"og:locale\" content=\"pt_PT\" \/>\n<meta property=\"og:type\" content=\"article\" \/>\n<meta property=\"og:title\" content=\"Como centralizar uma sele\u00e7\u00e3o no Excel?\" \/>\n<meta property=\"og:description\" content=\"Este guia r\u00e1pido o ajudar\u00e1 a mesclar c\u00e9lulas com Center Across Selection. Discutiremos isso em etapas f\u00e1ceis de seguir.\" \/>\n<meta property=\"og:url\" content=\"https:\/\/exceladvisor.org\/pt\/foco-na-selecao\/\" \/>\n<meta property=\"og:site_name\" content=\"Excel Advisor\" \/>\n<meta property=\"article:modified_time\" content=\"2023-12-06T11:35:14+00:00\" \/>\n<meta property=\"og:image\" content=\"https:\/\/exceladvisor.org\/wp-content\/uploads\/2023\/08\/1-selectionner-la-plage-de-cellules-2.png\" \/>\n<meta name=\"twitter:card\" content=\"summary_large_image\" \/>\n<meta name=\"twitter:label1\" content=\"Tempo estimado de leitura\" \/>\n\t<meta name=\"twitter:data1\" content=\"3 minutos\" \/>\n<script type=\"application\/ld+json\" class=\"yoast-schema-graph\">{\"@context\":\"https:\/\/schema.org\",\"@graph\":[{\"@type\":\"WebPage\",\"@id\":\"https:\/\/exceladvisor.org\/pt\/foco-na-selecao\/\",\"url\":\"https:\/\/exceladvisor.org\/pt\/foco-na-selecao\/\",\"name\":\"Como centralizar uma sele\u00e7\u00e3o no Excel?\",\"isPartOf\":{\"@id\":\"https:\/\/exceladvisor.org\/pt\/#website\"},\"primaryImageOfPage\":{\"@id\":\"https:\/\/exceladvisor.org\/pt\/foco-na-selecao\/#primaryimage\"},\"image\":{\"@id\":\"https:\/\/exceladvisor.org\/pt\/foco-na-selecao\/#primaryimage\"},\"thumbnailUrl\":\"https:\/\/exceladvisor.org\/wp-content\/uploads\/2023\/08\/1-selectionner-la-plage-de-cellules-2.png\",\"datePublished\":\"2023-10-17T19:47:21+00:00\",\"dateModified\":\"2023-12-06T11:35:14+00:00\",\"description\":\"Este guia r\u00e1pido o ajudar\u00e1 a mesclar c\u00e9lulas com Center Across Selection. Discutiremos isso em etapas f\u00e1ceis de seguir.\",\"breadcrumb\":{\"@id\":\"https:\/\/exceladvisor.org\/pt\/foco-na-selecao\/#breadcrumb\"},\"inLanguage\":\"pt-PT\",\"potentialAction\":[{\"@type\":\"ReadAction\",\"target\":[\"https:\/\/exceladvisor.org\/pt\/foco-na-selecao\/\"]}]},{\"@type\":\"ImageObject\",\"inLanguage\":\"pt-PT\",\"@id\":\"https:\/\/exceladvisor.org\/pt\/foco-na-selecao\/#primaryimage\",\"url\":\"https:\/\/exceladvisor.org\/wp-content\/uploads\/2023\/08\/1-selectionner-la-plage-de-cellules-2.png\",\"contentUrl\":\"https:\/\/exceladvisor.org\/wp-content\/uploads\/2023\/08\/1-selectionner-la-plage-de-cellules-2.png\"},{\"@type\":\"BreadcrumbList\",\"@id\":\"https:\/\/exceladvisor.org\/pt\/foco-na-selecao\/#breadcrumb\",\"itemListElement\":[{\"@type\":\"ListItem\",\"position\":1,\"name\":\"Lar\",\"item\":\"https:\/\/exceladvisor.org\/pt\/\"},{\"@type\":\"ListItem\",\"position\":2,\"name\":\"Como centralizar uma sele\u00e7\u00e3o no excel?\"}]},{\"@type\":\"WebSite\",\"@id\":\"https:\/\/exceladvisor.org\/pt\/#website\",\"url\":\"https:\/\/exceladvisor.org\/pt\/\",\"name\":\"Excel Advisor\",\"description\":\"O seu guia definitivo para dominar os dados!\",\"publisher\":{\"@id\":\"https:\/\/exceladvisor.org\/pt\/#organization\"},\"potentialAction\":[{\"@type\":\"SearchAction\",\"target\":{\"@type\":\"EntryPoint\",\"urlTemplate\":\"https:\/\/exceladvisor.org\/pt\/?s={search_term_string}\"},\"query-input\":{\"@type\":\"PropertyValueSpecification\",\"valueRequired\":true,\"valueName\":\"search_term_string\"}}],\"inLanguage\":\"pt-PT\"},{\"@type\":\"Organization\",\"@id\":\"https:\/\/exceladvisor.org\/pt\/#organization\",\"name\":\"Excel Advisor\",\"url\":\"https:\/\/exceladvisor.org\/pt\/\",\"logo\":{\"@type\":\"ImageObject\",\"inLanguage\":\"pt-PT\",\"@id\":\"https:\/\/exceladvisor.org\/pt\/#\/schema\/logo\/image\/\",\"url\":\"https:\/\/exceladvisor.org\/pt\/wp-content\/uploads\/2023\/12\/exceladvisor.org_.png\",\"contentUrl\":\"https:\/\/exceladvisor.org\/pt\/wp-content\/uploads\/2023\/12\/exceladvisor.org_.png\",\"width\":105,\"height\":36,\"caption\":\"Excel Advisor\"},\"image\":{\"@id\":\"https:\/\/exceladvisor.org\/pt\/#\/schema\/logo\/image\/\"}}]}<\/script>\n<!-- \/ Yoast SEO plugin. -->","yoast_head_json":{"title":"Como centralizar uma sele\u00e7\u00e3o no Excel?","description":"Este guia r\u00e1pido o ajudar\u00e1 a mesclar c\u00e9lulas com Center Across Selection. Discutiremos isso em etapas f\u00e1ceis de seguir.","robots":{"index":"index","follow":"follow","max-snippet":"max-snippet:-1","max-image-preview":"max-image-preview:large","max-video-preview":"max-video-preview:-1"},"canonical":"https:\/\/exceladvisor.org\/pt\/foco-na-selecao\/","og_locale":"pt_PT","og_type":"article","og_title":"Como centralizar uma sele\u00e7\u00e3o no Excel?","og_description":"Este guia r\u00e1pido o ajudar\u00e1 a mesclar c\u00e9lulas com Center Across Selection. Discutiremos isso em etapas f\u00e1ceis de seguir.","og_url":"https:\/\/exceladvisor.org\/pt\/foco-na-selecao\/","og_site_name":"Excel Advisor","article_modified_time":"2023-12-06T11:35:14+00:00","og_image":[{"url":"https:\/\/exceladvisor.org\/wp-content\/uploads\/2023\/08\/1-selectionner-la-plage-de-cellules-2.png","type":"","width":"","height":""}],"twitter_card":"summary_large_image","twitter_misc":{"Tempo estimado de leitura":"3 minutos"},"schema":{"@context":"https:\/\/schema.org","@graph":[{"@type":"WebPage","@id":"https:\/\/exceladvisor.org\/pt\/foco-na-selecao\/","url":"https:\/\/exceladvisor.org\/pt\/foco-na-selecao\/","name":"Como centralizar uma sele\u00e7\u00e3o no Excel?","isPartOf":{"@id":"https:\/\/exceladvisor.org\/pt\/#website"},"primaryImageOfPage":{"@id":"https:\/\/exceladvisor.org\/pt\/foco-na-selecao\/#primaryimage"},"image":{"@id":"https:\/\/exceladvisor.org\/pt\/foco-na-selecao\/#primaryimage"},"thumbnailUrl":"https:\/\/exceladvisor.org\/wp-content\/uploads\/2023\/08\/1-selectionner-la-plage-de-cellules-2.png","datePublished":"2023-10-17T19:47:21+00:00","dateModified":"2023-12-06T11:35:14+00:00","description":"Este guia r\u00e1pido o ajudar\u00e1 a mesclar c\u00e9lulas com Center Across Selection. Discutiremos isso em etapas f\u00e1ceis de seguir.","breadcrumb":{"@id":"https:\/\/exceladvisor.org\/pt\/foco-na-selecao\/#breadcrumb"},"inLanguage":"pt-PT","potentialAction":[{"@type":"ReadAction","target":["https:\/\/exceladvisor.org\/pt\/foco-na-selecao\/"]}]},{"@type":"ImageObject","inLanguage":"pt-PT","@id":"https:\/\/exceladvisor.org\/pt\/foco-na-selecao\/#primaryimage","url":"https:\/\/exceladvisor.org\/wp-content\/uploads\/2023\/08\/1-selectionner-la-plage-de-cellules-2.png","contentUrl":"https:\/\/exceladvisor.org\/wp-content\/uploads\/2023\/08\/1-selectionner-la-plage-de-cellules-2.png"},{"@type":"BreadcrumbList","@id":"https:\/\/exceladvisor.org\/pt\/foco-na-selecao\/#breadcrumb","itemListElement":[{"@type":"ListItem","position":1,"name":"Lar","item":"https:\/\/exceladvisor.org\/pt\/"},{"@type":"ListItem","position":2,"name":"Como centralizar uma sele\u00e7\u00e3o no excel?"}]},{"@type":"WebSite","@id":"https:\/\/exceladvisor.org\/pt\/#website","url":"https:\/\/exceladvisor.org\/pt\/","name":"Excel Advisor","description":"O seu guia definitivo para dominar os dados!","publisher":{"@id":"https:\/\/exceladvisor.org\/pt\/#organization"},"potentialAction":[{"@type":"SearchAction","target":{"@type":"EntryPoint","urlTemplate":"https:\/\/exceladvisor.org\/pt\/?s={search_term_string}"},"query-input":{"@type":"PropertyValueSpecification","valueRequired":true,"valueName":"search_term_string"}}],"inLanguage":"pt-PT"},{"@type":"Organization","@id":"https:\/\/exceladvisor.org\/pt\/#organization","name":"Excel Advisor","url":"https:\/\/exceladvisor.org\/pt\/","logo":{"@type":"ImageObject","inLanguage":"pt-PT","@id":"https:\/\/exceladvisor.org\/pt\/#\/schema\/logo\/image\/","url":"https:\/\/exceladvisor.org\/pt\/wp-content\/uploads\/2023\/12\/exceladvisor.org_.png","contentUrl":"https:\/\/exceladvisor.org\/pt\/wp-content\/uploads\/2023\/12\/exceladvisor.org_.png","width":105,"height":36,"caption":"Excel Advisor"},"image":{"@id":"https:\/\/exceladvisor.org\/pt\/#\/schema\/logo\/image\/"}}]}},"yoast_meta":{"yoast_wpseo_title":"","yoast_wpseo_metadesc":"","yoast_wpseo_canonical":""},"_links":{"self":[{"href":"https:\/\/exceladvisor.org\/pt\/wp-json\/wp\/v2\/pages\/625","targetHints":{"allow":["GET"]}}],"collection":[{"href":"https:\/\/exceladvisor.org\/pt\/wp-json\/wp\/v2\/pages"}],"about":[{"href":"https:\/\/exceladvisor.org\/pt\/wp-json\/wp\/v2\/types\/page"}],"author":[{"embeddable":true,"href":"https:\/\/exceladvisor.org\/pt\/wp-json\/wp\/v2\/users\/1"}],"replies":[{"embeddable":true,"href":"https:\/\/exceladvisor.org\/pt\/wp-json\/wp\/v2\/comments?post=625"}],"version-history":[{"count":1,"href":"https:\/\/exceladvisor.org\/pt\/wp-json\/wp\/v2\/pages\/625\/revisions"}],"predecessor-version":[{"id":889,"href":"https:\/\/exceladvisor.org\/pt\/wp-json\/wp\/v2\/pages\/625\/revisions\/889"}],"wp:attachment":[{"href":"https:\/\/exceladvisor.org\/pt\/wp-json\/wp\/v2\/media?parent=625"}],"curies":[{"name":"wp","href":"https:\/\/api.w.org\/{rel}","templated":true}]}}