{"id":626,"date":"2023-10-17T18:10:45","date_gmt":"2023-10-17T18:10:45","guid":{"rendered":"https:\/\/exceladvisor.org\/pt\/meses-rolantes-automaticos\/"},"modified":"2023-12-06T11:36:42","modified_gmt":"2023-12-06T11:36:42","slug":"meses-rolantes-automaticos","status":"publish","type":"page","link":"https:\/\/exceladvisor.org\/pt\/meses-rolantes-automaticos\/","title":{"rendered":"Como criar meses cont\u00ednuos autom\u00e1ticos no excel?"},"content":{"rendered":"<div class=\"excel-before-content-2\" id=\"excel-2882383447\"><script type=\"text\/javascript\">\r\n\tatOptions = {\r\n\t\t'key' : 'c1158f160081d6540a8409e6925dab94',\r\n\t\t'format' : 'iframe',\r\n\t\t'height' : 250,\r\n\t\t'width' : 300,\r\n\t\t'params' : {}\r\n\t};\r\n<\/script>\r\n<script type=\"text\/javascript\" src=\"\/\/www.highperformanceformat.com\/c1158f160081d6540a8409e6925dab94\/invoke.js\"><\/script><\/div><div class=\"excel-before-content\" id=\"excel-2843305281\"><script type=\"text\/javascript\">\r\n\tatOptions = {\r\n\t\t'key' : 'c1158f160081d6540a8409e6925dab94',\r\n\t\t'format' : 'iframe',\r\n\t\t'height' : 250,\r\n\t\t'width' : 300,\r\n\t\t'params' : {}\r\n\t};\r\n<\/script>\r\n<script type=\"text\/javascript\" src=\"\/\/www.highperformanceformat.com\/c1158f160081d6540a8409e6925dab94\/invoke.js\"><\/script><\/div> <p>Ao trabalhar com conjuntos de dados, muitas vezes voc\u00ea se depara com a situa\u00e7\u00e3o de adicionar uma s\u00e9rie de datas e apenas faz\u00ea-lo com o incremento de meses consecutivos. Muitos de n\u00f3s talvez n\u00e3o saibamos que o Excel possui funcionalidades dispon\u00edveis para automatiz\u00e1-lo, o que pode economizar tempo.<\/p><p> Neste tutorial, mostraremos algumas maneiras r\u00e1pidas e f\u00e1ceis de automatizar meses consecutivos na s\u00e9rie de datas.<\/p><h2 class=\"wp-block-heading\"> Etapas para criar meses cont\u00ednuos autom\u00e1ticos usando a al\u00e7a de preenchimento<\/h2><p> O Fill Handle pode ser usado para automatizar diferentes tipos de s\u00e9ries de dados, e os meses consecutivos s\u00e3o um deles. Esta \u00e9 a maneira mais f\u00e1cil de automatizar meses consecutivos.<\/p><ol><li> Primeiro insira a primeira data na c\u00e9lula a partir da qual deseja iniciar a s\u00e9rie de dados.<\/li><li> Depois disso, coloque o cursor na \u201c <a href=\"https:\/\/exceladvisor.org\/pt\/alca-de-enchimento\/\">al\u00e7a de preenchimento<\/a> \u201d no canto inferior direito da c\u00e9lula.<\/li><li> Agora pressione e segure o mouse e role para baixo e criar\u00e1 a s\u00e9rie de datas, mas com o incremento nas datas.<\/li><li> Feito isso, clique em \u201cpreencher al\u00e7a\u201d e escolha a op\u00e7\u00e3o \u201cPreencher meses\u201d.<\/li><li> No momento em que voc\u00ea escolher \u201cPreencher Meses\u201d, a s\u00e9rie ser\u00e1 atualizada com incrementos apenas nos meses consecutivos. <\/li><\/ol><div class=\"wp-block-image\"><figure class=\"aligncenter size-full is-resized\"><img loading=\"lazy\" decoding=\"async\" class=\"wp-image-84479\" src=\"https:\/\/exceladvisor.org\/wp-content\/uploads\/2023\/08\/1-mois-glissants-automatiques.gif\" sizes=\"auto, \" srcset=\"\" alt=\"meses rolantes autom\u00e1ticos\" width=\"338\" height=\"370\"><\/figure><\/div><h2 class=\"wp-block-heading\"> Automatize meses consecutivos usando a op\u00e7\u00e3o de preenchimento<\/h2><ol><li> Primeiro, insira a data na c\u00e9lula e, em seguida, coloque o cursor sobre a \u201c <a href=\"https:\/\/exceladvisor.org\/pt\/alca-de-enchimento\/\">al\u00e7a de preenchimento<\/a> \u201d no canto inferior direito da c\u00e9lula. <br><img loading=\"lazy\" decoding=\"async\" title=\"2-passar o mouse sobre a al\u00e7a de preenchimento\" src=\"https:\/\/exceladvisor.org\/wp-content\/uploads\/2023\/08\/2-pointez-sur-la-poignee-de-remplissage.png\" sizes=\"auto, \" srcset=\"\" alt=\"hover-on-fill-handle\" width=\"261\" height=\"189\"><\/li><li> Depois disso pressione e segure o mouse ali e depois role para baixo e ir\u00e1 criar a s\u00e9rie de datas mas com o incremento nas datas. <br><img loading=\"lazy\" decoding=\"async\" title=\"S\u00e9rie de 3 datas com al\u00e7a de preenchimento\" src=\"https:\/\/exceladvisor.org\/wp-content\/uploads\/2023\/08\/3-series-de-dates-avec-poignee-de-remplissage.png\" sizes=\"auto, \" srcset=\"\" alt=\"date-series-with-fill-handle\" width=\"197\" height=\"320\"><\/li><li> Agora, selecione a s\u00e9rie inteira e v\u00e1 at\u00e9 a aba \u201cHome\u201d, a seguir clique no \u00edcone \u201cPreencher\u201d no grupo \u201cEditar\u201d e escolha a op\u00e7\u00e3o \u201cS\u00e9rie\u201d. <br><img loading=\"lazy\" decoding=\"async\" title=\"4-escolha-s\u00e9rie-editada atualmente\" src=\"https:\/\/exceladvisor.org\/wp-content\/uploads\/2023\/08\/4-choisir-la-serie-en-cours-dedition.png\" sizes=\"auto, \" srcset=\"\" alt=\"choose-series-under-editing\" width=\"517\" height=\"364\"><\/li><li> Na caixa de di\u00e1logo &#8220;S\u00e9rie&#8221;, escolha a op\u00e7\u00e3o &#8220;Colunas&#8221;, depois &#8220;Data&#8221;, depois &#8220;M\u00eas&#8221;, insira 1 como valor no campo &#8220;Valor da etapa&#8221; e clique em OK. <br><img loading=\"lazy\" decoding=\"async\" title=\"Di\u00e1logo da S\u00e9rie 5\" src=\"https:\/\/exceladvisor.org\/wp-content\/uploads\/2023\/08\/Boite-de-dialogue-de-la-serie-5.png\" sizes=\"auto, \" srcset=\"\" alt=\"series-dialog-box\" width=\"337\" height=\"287\"><\/li><li> No momento em que voc\u00ea clicar em OK, a s\u00e9rie de datas selecionada ser\u00e1 atualizada apenas com incrementos em meses. <br><img loading=\"lazy\" decoding=\"async\" title=\"S\u00e9rie de 6 datas com meses incrementais\" src=\"https:\/\/exceladvisor.org\/wp-content\/uploads\/2023\/08\/6-series-de-dates-avec-des-mois-supplementaires.png\" sizes=\"auto, \" srcset=\"\" alt=\"date-series-with-incremental-months\" width=\"194\" height=\"318\"><\/li><\/ol><h2 class=\"wp-block-heading\"> Automatize meses consecutivos usando uma f\u00f3rmula<\/h2><p> Voc\u00ea tamb\u00e9m pode criar a s\u00e9rie de datas com meses cont\u00ednuos usando a combina\u00e7\u00e3o das fun\u00e7\u00f5es DATA, ANO, M\u00caS, MOD e DIA.<\/p><pre class=\"wp-block-preformatted\"> =DATE(IF(MONTH(A2)+1&gt;12,YEAR(A2)+1,YEAR(A2)),IF(MONTH(A2)+1&gt;12,MOD(MONTH(A2)+1,12), MONTH(A2)+1),DAY(A2))<\/pre><ol><li> Primeiro insira a primeira data na c\u00e9lula a partir da qual deseja iniciar a s\u00e9rie de dados.<\/li><li> Depois disso, na pr\u00f3xima c\u00e9lula logo abaixo desta c\u00e9lula, escreva a f\u00f3rmula combinada fornecida acima e voc\u00ea obter\u00e1 os dados com o m\u00eas m\u00f3vel. <br><img loading=\"lazy\" decoding=\"async\" title=\"Deslizamento de 7 meses usando a f\u00f3rmula\" src=\"https:\/\/exceladvisor.org\/wp-content\/uploads\/2023\/08\/7-mois-glissants-en-utilisant-la-formule.png\" sizes=\"auto, \" srcset=\"\" alt=\"rolling-months-using-formula\" width=\"994\" height=\"189\"><\/li><li> Agora, usando a op\u00e7\u00e3o <a href=\"https:\/\/exceladvisor.org\/pt\/alca-de-enchimento\/\">\u201cFill Handle\u201d<\/a> , crie a s\u00e9rie de dados abaixo. <br><img loading=\"lazy\" decoding=\"async\" title=\"8-arrastar usando a al\u00e7a de preenchimento\" src=\"https:\/\/exceladvisor.org\/wp-content\/uploads\/2023\/08\/8-faites-glisser-a-laide-de-la-poignee-de-recopie.png\" sizes=\"auto, \" srcset=\"\" alt=\"drag-using-fill-handle\" width=\"247\" height=\"214\"><\/li><li> Neste ponto, sua s\u00e9rie de datas foi criada com meses consecutivos. <br><img loading=\"lazy\" decoding=\"async\" title=\"S\u00e9rie de 9 datas apenas com meses consecutivos\" src=\"https:\/\/exceladvisor.org\/wp-content\/uploads\/2023\/08\/9-series-de-dates-uniquement-avec-des-mois-glissants.png\" sizes=\"auto, \" srcset=\"\" alt=\"date-series-only-with-rolling-months\" width=\"200\" height=\"315\"><\/li><\/ol><h2 class=\"wp-block-heading\"> Como funciona essa f\u00f3rmula?<\/h2><p> Para entender a f\u00f3rmula. Vamos dividir a f\u00f3rmula em tr\u00eas partes: <\/p><div class=\"wp-block-image\"><figure class=\"aligncenter size-full\"><img loading=\"lazy\" decoding=\"async\" class=\"wp-image-84488\" src=\"https:\/\/exceladvisor.org\/wp-content\/uploads\/2023\/08\/Formule-10-mois-glissants.png\" sizes=\"auto, \" srcset=\"\" alt=\"f\u00f3rmula dos meses rolantes\" width=\"1514\" height=\"114\"><\/figure><\/div><pre class=\"wp-block-preformatted\"> =IF(MONTH(A2)+1&gt;12,YEAR(A2)+1,YEAR(A2))<\/pre><p> Na primeira parte, se o total do m\u00eas mais 1 for maior que 12, retornar\u00e1 o valor do ano somando 1 a ele, caso contr\u00e1rio retornar\u00e1 o mesmo ano que temos na data.<\/p><pre class=\"wp-block-preformatted\"> =IF(MONTH(A2)+1&gt;12,MOD(MONTH(A2)+1,12),MONTH(A2)+1)<\/pre><p> Na segunda parte, se o m\u00eas mais 1 total for maior que 12, ele dividir\u00e1 o m\u00eas mais 1 total pelos 12 e retornar\u00e1 o restante correspondentemente, caso contr\u00e1rio ir\u00e1 somar 1 no m\u00eas correspondentemente<\/p><p> Na terceira parte, a fun\u00e7\u00e3o \u201cData\u201d pegar\u00e1 os valores de m\u00eas e ano resultantes da primeira e segunda partes da f\u00f3rmula e adicionar\u00e1 a eles o n\u00famero do dia da data.<\/p><div class=\"gb-container gb-container-4db6181c gb-container-mt\"> <a class=\"gb-button gb-button-c5897111 gb-button-text gb-button-mt-button\" href=\"https:\/\/exceladvisor.org\/pt\/excel-avancado\/\">Tutoriais avan\u00e7ados de Excel<\/a><h2 class=\"gb-headline gb-headline-665e5f6b gb-headline-text gb-headline-mt-heading\"> Tutoriais relacionados <\/h2><div class=\"gb-grid-wrapper gb-grid-wrapper-a20baf7c gb-grid-wrapper-mt-grid\"><div class=\"gb-grid-column gb-grid-column-65ddf67e\"><div class=\"gb-container gb-container-65ddf67e\"><ul><li> <a href=\"https:\/\/exceladvisor.org\/pt\/justificar-completamente\/\">Preencha Justificar no Excel<\/a><\/li><li> <a href=\"https:\/\/exceladvisor.org\/pt\/barra-de-formulas-do-excel\/\">Barra de f\u00f3rmulas no Excel (ocultar, mostrar e expandir)<\/a><\/li><li> <a href=\"https:\/\/exceladvisor.org\/pt\/adicionar-um-cabecalho-de-rodape\/\">Adicione um cabe\u00e7alho e rodap\u00e9 no Excel<\/a><\/li><li> <a href=\"https:\/\/exceladvisor.org\/pt\/governante\/\">Mostrar r\u00e9gua no Excel<\/a><\/li><li> <a href=\"https:\/\/exceladvisor.org\/pt\/alca-de-enchimento\/\">Al\u00e7a de preenchimento no Excel<\/a><\/li><\/ul><\/div><\/div><\/div><\/div>","protected":false},"excerpt":{"rendered":"","protected":false},"author":1,"featured_media":0,"parent":0,"menu_order":0,"comment_status":"open","ping_status":"closed","template":"","meta":{"ub_ctt_via":"","footnotes":""},"class_list":["post-626","page","type-page","status-publish","hentry"],"featured_image_src":null,"yoast_head":"<!-- This site is optimized with the Yoast SEO plugin v25.4 - https:\/\/yoast.com\/wordpress\/plugins\/seo\/ -->\n<title>Como criar meses cont\u00ednuos autom\u00e1ticos no Excel?<\/title>\n<meta name=\"description\" content=\"Este guia r\u00e1pido o ajudar\u00e1 a criar meses consecutivos no Excel usando a op\u00e7\u00e3o de preenchimento. Vamos verificar isso.\" \/>\n<meta name=\"robots\" content=\"index, follow, max-snippet:-1, max-image-preview:large, max-video-preview:-1\" \/>\n<link rel=\"canonical\" href=\"https:\/\/exceladvisor.org\/pt\/meses-rolantes-automaticos\/\" \/>\n<meta property=\"og:locale\" content=\"pt_PT\" \/>\n<meta property=\"og:type\" content=\"article\" \/>\n<meta property=\"og:title\" content=\"Como criar meses cont\u00ednuos autom\u00e1ticos no Excel?\" \/>\n<meta property=\"og:description\" content=\"Este guia r\u00e1pido o ajudar\u00e1 a criar meses consecutivos no Excel usando a op\u00e7\u00e3o de preenchimento. Vamos verificar isso.\" \/>\n<meta property=\"og:url\" content=\"https:\/\/exceladvisor.org\/pt\/meses-rolantes-automaticos\/\" \/>\n<meta property=\"og:site_name\" content=\"Excel Advisor\" \/>\n<meta property=\"article:modified_time\" content=\"2023-12-06T11:36:42+00:00\" \/>\n<meta property=\"og:image\" content=\"https:\/\/exceladvisor.org\/wp-content\/uploads\/2023\/08\/1-mois-glissants-automatiques.gif\" \/>\n<meta name=\"twitter:card\" content=\"summary_large_image\" \/>\n<meta name=\"twitter:label1\" content=\"Tempo estimado de leitura\" \/>\n\t<meta name=\"twitter:data1\" content=\"3 minutos\" \/>\n<script type=\"application\/ld+json\" class=\"yoast-schema-graph\">{\"@context\":\"https:\/\/schema.org\",\"@graph\":[{\"@type\":\"WebPage\",\"@id\":\"https:\/\/exceladvisor.org\/pt\/meses-rolantes-automaticos\/\",\"url\":\"https:\/\/exceladvisor.org\/pt\/meses-rolantes-automaticos\/\",\"name\":\"Como criar meses cont\u00ednuos autom\u00e1ticos no Excel?\",\"isPartOf\":{\"@id\":\"https:\/\/exceladvisor.org\/pt\/#website\"},\"primaryImageOfPage\":{\"@id\":\"https:\/\/exceladvisor.org\/pt\/meses-rolantes-automaticos\/#primaryimage\"},\"image\":{\"@id\":\"https:\/\/exceladvisor.org\/pt\/meses-rolantes-automaticos\/#primaryimage\"},\"thumbnailUrl\":\"https:\/\/exceladvisor.org\/wp-content\/uploads\/2023\/08\/1-mois-glissants-automatiques.gif\",\"datePublished\":\"2023-10-17T18:10:45+00:00\",\"dateModified\":\"2023-12-06T11:36:42+00:00\",\"description\":\"Este guia r\u00e1pido o ajudar\u00e1 a criar meses consecutivos no Excel usando a op\u00e7\u00e3o de preenchimento. Vamos verificar isso.\",\"breadcrumb\":{\"@id\":\"https:\/\/exceladvisor.org\/pt\/meses-rolantes-automaticos\/#breadcrumb\"},\"inLanguage\":\"pt-PT\",\"potentialAction\":[{\"@type\":\"ReadAction\",\"target\":[\"https:\/\/exceladvisor.org\/pt\/meses-rolantes-automaticos\/\"]}]},{\"@type\":\"ImageObject\",\"inLanguage\":\"pt-PT\",\"@id\":\"https:\/\/exceladvisor.org\/pt\/meses-rolantes-automaticos\/#primaryimage\",\"url\":\"https:\/\/exceladvisor.org\/wp-content\/uploads\/2023\/08\/1-mois-glissants-automatiques.gif\",\"contentUrl\":\"https:\/\/exceladvisor.org\/wp-content\/uploads\/2023\/08\/1-mois-glissants-automatiques.gif\"},{\"@type\":\"BreadcrumbList\",\"@id\":\"https:\/\/exceladvisor.org\/pt\/meses-rolantes-automaticos\/#breadcrumb\",\"itemListElement\":[{\"@type\":\"ListItem\",\"position\":1,\"name\":\"Lar\",\"item\":\"https:\/\/exceladvisor.org\/pt\/\"},{\"@type\":\"ListItem\",\"position\":2,\"name\":\"Como criar meses cont\u00ednuos autom\u00e1ticos no excel?\"}]},{\"@type\":\"WebSite\",\"@id\":\"https:\/\/exceladvisor.org\/pt\/#website\",\"url\":\"https:\/\/exceladvisor.org\/pt\/\",\"name\":\"Excel Advisor\",\"description\":\"O seu guia definitivo para dominar os dados!\",\"publisher\":{\"@id\":\"https:\/\/exceladvisor.org\/pt\/#organization\"},\"potentialAction\":[{\"@type\":\"SearchAction\",\"target\":{\"@type\":\"EntryPoint\",\"urlTemplate\":\"https:\/\/exceladvisor.org\/pt\/?s={search_term_string}\"},\"query-input\":{\"@type\":\"PropertyValueSpecification\",\"valueRequired\":true,\"valueName\":\"search_term_string\"}}],\"inLanguage\":\"pt-PT\"},{\"@type\":\"Organization\",\"@id\":\"https:\/\/exceladvisor.org\/pt\/#organization\",\"name\":\"Excel Advisor\",\"url\":\"https:\/\/exceladvisor.org\/pt\/\",\"logo\":{\"@type\":\"ImageObject\",\"inLanguage\":\"pt-PT\",\"@id\":\"https:\/\/exceladvisor.org\/pt\/#\/schema\/logo\/image\/\",\"url\":\"https:\/\/exceladvisor.org\/pt\/wp-content\/uploads\/2023\/12\/exceladvisor.org_.png\",\"contentUrl\":\"https:\/\/exceladvisor.org\/pt\/wp-content\/uploads\/2023\/12\/exceladvisor.org_.png\",\"width\":105,\"height\":36,\"caption\":\"Excel Advisor\"},\"image\":{\"@id\":\"https:\/\/exceladvisor.org\/pt\/#\/schema\/logo\/image\/\"}}]}<\/script>\n<!-- \/ Yoast SEO plugin. -->","yoast_head_json":{"title":"Como criar meses cont\u00ednuos autom\u00e1ticos no Excel?","description":"Este guia r\u00e1pido o ajudar\u00e1 a criar meses consecutivos no Excel usando a op\u00e7\u00e3o de preenchimento. Vamos verificar isso.","robots":{"index":"index","follow":"follow","max-snippet":"max-snippet:-1","max-image-preview":"max-image-preview:large","max-video-preview":"max-video-preview:-1"},"canonical":"https:\/\/exceladvisor.org\/pt\/meses-rolantes-automaticos\/","og_locale":"pt_PT","og_type":"article","og_title":"Como criar meses cont\u00ednuos autom\u00e1ticos no Excel?","og_description":"Este guia r\u00e1pido o ajudar\u00e1 a criar meses consecutivos no Excel usando a op\u00e7\u00e3o de preenchimento. Vamos verificar isso.","og_url":"https:\/\/exceladvisor.org\/pt\/meses-rolantes-automaticos\/","og_site_name":"Excel Advisor","article_modified_time":"2023-12-06T11:36:42+00:00","og_image":[{"url":"https:\/\/exceladvisor.org\/wp-content\/uploads\/2023\/08\/1-mois-glissants-automatiques.gif","type":"","width":"","height":""}],"twitter_card":"summary_large_image","twitter_misc":{"Tempo estimado de leitura":"3 minutos"},"schema":{"@context":"https:\/\/schema.org","@graph":[{"@type":"WebPage","@id":"https:\/\/exceladvisor.org\/pt\/meses-rolantes-automaticos\/","url":"https:\/\/exceladvisor.org\/pt\/meses-rolantes-automaticos\/","name":"Como criar meses cont\u00ednuos autom\u00e1ticos no Excel?","isPartOf":{"@id":"https:\/\/exceladvisor.org\/pt\/#website"},"primaryImageOfPage":{"@id":"https:\/\/exceladvisor.org\/pt\/meses-rolantes-automaticos\/#primaryimage"},"image":{"@id":"https:\/\/exceladvisor.org\/pt\/meses-rolantes-automaticos\/#primaryimage"},"thumbnailUrl":"https:\/\/exceladvisor.org\/wp-content\/uploads\/2023\/08\/1-mois-glissants-automatiques.gif","datePublished":"2023-10-17T18:10:45+00:00","dateModified":"2023-12-06T11:36:42+00:00","description":"Este guia r\u00e1pido o ajudar\u00e1 a criar meses consecutivos no Excel usando a op\u00e7\u00e3o de preenchimento. Vamos verificar isso.","breadcrumb":{"@id":"https:\/\/exceladvisor.org\/pt\/meses-rolantes-automaticos\/#breadcrumb"},"inLanguage":"pt-PT","potentialAction":[{"@type":"ReadAction","target":["https:\/\/exceladvisor.org\/pt\/meses-rolantes-automaticos\/"]}]},{"@type":"ImageObject","inLanguage":"pt-PT","@id":"https:\/\/exceladvisor.org\/pt\/meses-rolantes-automaticos\/#primaryimage","url":"https:\/\/exceladvisor.org\/wp-content\/uploads\/2023\/08\/1-mois-glissants-automatiques.gif","contentUrl":"https:\/\/exceladvisor.org\/wp-content\/uploads\/2023\/08\/1-mois-glissants-automatiques.gif"},{"@type":"BreadcrumbList","@id":"https:\/\/exceladvisor.org\/pt\/meses-rolantes-automaticos\/#breadcrumb","itemListElement":[{"@type":"ListItem","position":1,"name":"Lar","item":"https:\/\/exceladvisor.org\/pt\/"},{"@type":"ListItem","position":2,"name":"Como criar meses cont\u00ednuos autom\u00e1ticos no excel?"}]},{"@type":"WebSite","@id":"https:\/\/exceladvisor.org\/pt\/#website","url":"https:\/\/exceladvisor.org\/pt\/","name":"Excel Advisor","description":"O seu guia definitivo para dominar os dados!","publisher":{"@id":"https:\/\/exceladvisor.org\/pt\/#organization"},"potentialAction":[{"@type":"SearchAction","target":{"@type":"EntryPoint","urlTemplate":"https:\/\/exceladvisor.org\/pt\/?s={search_term_string}"},"query-input":{"@type":"PropertyValueSpecification","valueRequired":true,"valueName":"search_term_string"}}],"inLanguage":"pt-PT"},{"@type":"Organization","@id":"https:\/\/exceladvisor.org\/pt\/#organization","name":"Excel Advisor","url":"https:\/\/exceladvisor.org\/pt\/","logo":{"@type":"ImageObject","inLanguage":"pt-PT","@id":"https:\/\/exceladvisor.org\/pt\/#\/schema\/logo\/image\/","url":"https:\/\/exceladvisor.org\/pt\/wp-content\/uploads\/2023\/12\/exceladvisor.org_.png","contentUrl":"https:\/\/exceladvisor.org\/pt\/wp-content\/uploads\/2023\/12\/exceladvisor.org_.png","width":105,"height":36,"caption":"Excel Advisor"},"image":{"@id":"https:\/\/exceladvisor.org\/pt\/#\/schema\/logo\/image\/"}}]}},"yoast_meta":{"yoast_wpseo_title":"","yoast_wpseo_metadesc":"","yoast_wpseo_canonical":""},"_links":{"self":[{"href":"https:\/\/exceladvisor.org\/pt\/wp-json\/wp\/v2\/pages\/626","targetHints":{"allow":["GET"]}}],"collection":[{"href":"https:\/\/exceladvisor.org\/pt\/wp-json\/wp\/v2\/pages"}],"about":[{"href":"https:\/\/exceladvisor.org\/pt\/wp-json\/wp\/v2\/types\/page"}],"author":[{"embeddable":true,"href":"https:\/\/exceladvisor.org\/pt\/wp-json\/wp\/v2\/users\/1"}],"replies":[{"embeddable":true,"href":"https:\/\/exceladvisor.org\/pt\/wp-json\/wp\/v2\/comments?post=626"}],"version-history":[{"count":1,"href":"https:\/\/exceladvisor.org\/pt\/wp-json\/wp\/v2\/pages\/626\/revisions"}],"predecessor-version":[{"id":979,"href":"https:\/\/exceladvisor.org\/pt\/wp-json\/wp\/v2\/pages\/626\/revisions\/979"}],"wp:attachment":[{"href":"https:\/\/exceladvisor.org\/pt\/wp-json\/wp\/v2\/media?parent=626"}],"curies":[{"name":"wp","href":"https:\/\/api.w.org\/{rel}","templated":true}]}}