{"id":628,"date":"2023-10-17T00:17:04","date_gmt":"2023-10-17T00:17:04","guid":{"rendered":"https:\/\/exceladvisor.org\/pt\/faixa\/"},"modified":"2023-12-06T11:51:16","modified_gmt":"2023-12-06T11:51:16","slug":"faixa","status":"publish","type":"page","link":"https:\/\/exceladvisor.org\/pt\/faixa\/","title":{"rendered":"O que \u00e9 uma linha excel e seus recursos?"},"content":{"rendered":"<div class=\"excel-before-content-2\" id=\"excel-444651830\"><script type=\"text\/javascript\">\r\n\tatOptions = {\r\n\t\t'key' : 'c1158f160081d6540a8409e6925dab94',\r\n\t\t'format' : 'iframe',\r\n\t\t'height' : 250,\r\n\t\t'width' : 300,\r\n\t\t'params' : {}\r\n\t};\r\n<\/script>\r\n<script type=\"text\/javascript\" src=\"\/\/www.highperformanceformat.com\/c1158f160081d6540a8409e6925dab94\/invoke.js\"><\/script><\/div><div class=\"excel-before-content\" id=\"excel-1254635946\"><script type=\"text\/javascript\">\r\n\tatOptions = {\r\n\t\t'key' : 'c1158f160081d6540a8409e6925dab94',\r\n\t\t'format' : 'iframe',\r\n\t\t'height' : 250,\r\n\t\t'width' : 300,\r\n\t\t'params' : {}\r\n\t};\r\n<\/script>\r\n<script type=\"text\/javascript\" src=\"\/\/www.highperformanceformat.com\/c1158f160081d6540a8409e6925dab94\/invoke.js\"><\/script><\/div> <h2 class=\"wp-block-heading\">O que \u00e9 um intervalo no Excel<\/h2><p> Um intervalo \u00e9 um grupo de v\u00e1rias c\u00e9lulas no Excel. Pode haver uma faixa cont\u00ednua ou n\u00e3o cont\u00ednua. Assim como uma \u00fanica c\u00e9lula, cada intervalo possui um endere\u00e7o que voc\u00ea pode usar para se referir a esse intervalo. Uma coluna e uma linha tamb\u00e9m s\u00e3o uma forma de intervalo cont\u00ednuo porque s\u00e3o um grupo de c\u00e9lulas.<\/p><h2 class=\"wp-block-heading\"> Selecione o intervalo de c\u00e9lulas<\/h2><p> Ao trabalhar com dados no Excel, voc\u00ea precisa selecionar um intervalo que permita copiar, colar, mover e excluir (muitas outras coisas tamb\u00e9m).<\/p><p> Para selecionar todo o intervalo, selecione a c\u00e9lula a partir da qual deseja iniciar a sele\u00e7\u00e3o (C1). Mantendo pressionado o bot\u00e3o esquerdo do mouse, selecione a c\u00e9lula onde deseja estender a sele\u00e7\u00e3o do intervalo. <\/p><div class=\"wp-block-image\"><figure class=\"aligncenter size-full is-resized\"><img loading=\"lazy\" decoding=\"async\" class=\"wp-image-78750\" src=\"https:\/\/exceladvisor.org\/wp-content\/uploads\/2023\/08\/image-gif.gif\" sizes=\"auto, \" srcset=\"\" alt=\"\" width=\"480\" height=\"321\"><\/figure><\/div><p> Outra forma de selecionar o intervalo \u00e9 pressionar a tecla Shift e usar as teclas de navega\u00e7\u00e3o. Como voc\u00ea pode ver no instant\u00e2neo acima, selecionamos o intervalo de C1 a C10.<\/p><p class=\"tips\"> \u00c0 medida que voc\u00ea seleciona um intervalo, o Excel exibe o n\u00famero de linhas e colunas na caixa Nome \u00e0 esquerda da barra de f\u00f3rmulas.<\/p><p class=\"tips\"> Depois de concluir a sele\u00e7\u00e3o, a caixa de nome exibe o endere\u00e7o da c\u00e9lula ativa que n\u00e3o est\u00e1 destacada. <\/p><div class=\"wp-block-image\"><figure class=\"aligncenter size-full is-resized\"><img loading=\"lazy\" decoding=\"async\" class=\"wp-image-78744\" src=\"https:\/\/exceladvisor.org\/wp-content\/uploads\/2023\/08\/1-case-nom-dans-la-feuille.png\" sizes=\"auto, \" srcset=\"\" alt=\"nome do campo na planilha\" width=\"500\" height=\"216\"><\/figure><\/div><h2 class=\"wp-block-heading\"> Referindo-se a um intervalo cont\u00edguo<\/h2><p> Para fazer refer\u00eancia a um intervalo em uma fun\u00e7\u00e3o ou f\u00f3rmula, voc\u00ea tem dois m\u00e9todos diferentes:<\/p><ul><li> <strong>Mouse:<\/strong> voc\u00ea pode selecionar o intervalo usando o mouse ao inserir uma fun\u00e7\u00e3o ou f\u00f3rmula.<\/li><li> <strong>Digite:<\/strong> voc\u00ea tamb\u00e9m pode digitar o endere\u00e7o do intervalo com o teclado ao inserir uma fun\u00e7\u00e3o ou f\u00f3rmula. <\/li><\/ul><div class=\"wp-block-image\"><figure class=\"aligncenter size-full is-resized\"><img loading=\"lazy\" decoding=\"async\" class=\"wp-image-78745\" src=\"https:\/\/exceladvisor.org\/wp-content\/uploads\/2023\/08\/2-plage-continue-de-reference.png\" sizes=\"auto, \" srcset=\"\" alt=\"faixa de refer\u00eancia continua\" width=\"721\" height=\"196\"><\/figure><\/div><h2 class=\"wp-block-heading\"> Refer\u00eancia a um intervalo n\u00e3o cont\u00edguo<\/h2><p> Para se referir a um intervalo n\u00e3o cont\u00ednuo, siga estas etapas:<\/p><ol><li> Primeiro, selecione a primeira c\u00e9lula ou intervalo e digite um comando.<\/li><li> Depois disso, mantenha pressionada a tecla Ctrl e selecione a segunda linha da planilha e digite uma v\u00edrgula novamente.<\/li><li> No final, selecione a terceira linha de c\u00e9lulas.<\/li><\/ol><p> Abaixo selecionamos B3:B5, C2:C6 e D3:D5. <\/p><div class=\"wp-block-image\"><figure class=\"aligncenter size-full is-resized\"><img loading=\"lazy\" decoding=\"async\" class=\"wp-image-78746\" src=\"https:\/\/exceladvisor.org\/wp-content\/uploads\/2023\/08\/3-gamme-non-continue-de-reference.png\" sizes=\"auto, \" srcset=\"\" alt=\"refer\u00eancia de escopo n\u00e3o cont\u00ednua\" width=\"646\" height=\"332\"><\/figure><\/div><p> Outra forma de inserir o endere\u00e7o do primeiro intervalo, ent\u00e3o use uma v\u00edrgula e digite o segundo intervalo, e agora use uma v\u00edrgula novamente e digite o terceiro intervalo de c\u00e9lulas na f\u00f3rmula ou fun\u00e7\u00e3o.<\/p><div class=\"gb-container gb-container-4db6181c gb-container-mt\"> <a class=\"gb-button gb-button-c5897111 gb-button-text gb-button-mt-button\" href=\"https:\/\/exceladvisor.org\/pt\/nocoes-basicas-de-excel\/\">No\u00e7\u00f5es b\u00e1sicas do Microsoft Excel (componentes, pe\u00e7as e notas de conhecimento)<\/a><h2 class=\"gb-headline gb-headline-665e5f6b gb-headline-text gb-headline-mt-heading\"> Tutoriais relacionados <\/h2><div class=\"gb-grid-wrapper gb-grid-wrapper-a20baf7c gb-grid-wrapper-mt-grid\"><div class=\"gb-grid-column gb-grid-column-65ddf67e\"><div class=\"gb-container gb-container-65ddf67e\"><ul><li> <a href=\"https:\/\/exceladvisor.org\/pt\/adicionar-remover-hiperlinks\/\">Adicione e remova hiperlinks no Excel<\/a><\/li><li> <a href=\"https:\/\/exceladvisor.org\/pt\/adicione-uma-marca-dagua\/\">Adicione uma marca d&#8217;\u00e1gua no Excel<\/a><\/li><li> <a href=\"https:\/\/exceladvisor.org\/pt\/remover-colunas-de-linha-ocultas\/\">Exclua linhas ocultas no Excel<\/a><\/li><li> <a href=\"https:\/\/exceladvisor.org\/pt\/desmarcar-celulas\/\">Desmarcar c\u00e9lulas no Excel<\/a><\/li><li> <a href=\"https:\/\/exceladvisor.org\/pt\/adicionar-uma-coluna\/\">Adicionar uma coluna no Excel<\/a><\/li><\/ul><\/div><\/div><\/div><\/div>","protected":false},"excerpt":{"rendered":"","protected":false},"author":1,"featured_media":0,"parent":0,"menu_order":0,"comment_status":"open","ping_status":"closed","template":"","meta":{"ub_ctt_via":"","footnotes":""},"class_list":["post-628","page","type-page","status-publish","hentry"],"featured_image_src":null,"yoast_head":"<!-- This site is optimized with the Yoast SEO plugin v25.4 - https:\/\/yoast.com\/wordpress\/plugins\/seo\/ -->\n<title>\u25b7 O que \u00e9 uma gama Excel e suas caracter\u00edsticas?<\/title>\n<meta name=\"description\" content=\"Este \u00e9 um tutorial b\u00e1sico do Microsoft Excel para conhecer um intervalo de c\u00e9lulas. Aprenda tamb\u00e9m como fazer refer\u00eancia a um intervalo...\" \/>\n<meta name=\"robots\" content=\"index, follow, max-snippet:-1, max-image-preview:large, max-video-preview:-1\" \/>\n<link rel=\"canonical\" href=\"https:\/\/exceladvisor.org\/pt\/faixa\/\" \/>\n<meta property=\"og:locale\" content=\"pt_PT\" \/>\n<meta property=\"og:type\" content=\"article\" \/>\n<meta property=\"og:title\" content=\"\u25b7 O que \u00e9 uma gama Excel e suas caracter\u00edsticas?\" \/>\n<meta property=\"og:description\" content=\"Este \u00e9 um tutorial b\u00e1sico do Microsoft Excel para conhecer um intervalo de c\u00e9lulas. Aprenda tamb\u00e9m como fazer refer\u00eancia a um intervalo...\" \/>\n<meta property=\"og:url\" content=\"https:\/\/exceladvisor.org\/pt\/faixa\/\" \/>\n<meta property=\"og:site_name\" content=\"Excel Advisor\" \/>\n<meta property=\"article:modified_time\" content=\"2023-12-06T11:51:16+00:00\" \/>\n<meta property=\"og:image\" content=\"https:\/\/exceladvisor.org\/wp-content\/uploads\/2023\/08\/image-gif.gif\" \/>\n<meta name=\"twitter:card\" content=\"summary_large_image\" \/>\n<meta name=\"twitter:label1\" content=\"Tempo estimado de leitura\" \/>\n\t<meta name=\"twitter:data1\" content=\"2 minutos\" \/>\n<script type=\"application\/ld+json\" class=\"yoast-schema-graph\">{\"@context\":\"https:\/\/schema.org\",\"@graph\":[{\"@type\":\"WebPage\",\"@id\":\"https:\/\/exceladvisor.org\/pt\/faixa\/\",\"url\":\"https:\/\/exceladvisor.org\/pt\/faixa\/\",\"name\":\"\u25b7 O que \u00e9 uma gama Excel e suas caracter\u00edsticas?\",\"isPartOf\":{\"@id\":\"https:\/\/exceladvisor.org\/pt\/#website\"},\"primaryImageOfPage\":{\"@id\":\"https:\/\/exceladvisor.org\/pt\/faixa\/#primaryimage\"},\"image\":{\"@id\":\"https:\/\/exceladvisor.org\/pt\/faixa\/#primaryimage\"},\"thumbnailUrl\":\"https:\/\/exceladvisor.org\/wp-content\/uploads\/2023\/08\/image-gif.gif\",\"datePublished\":\"2023-10-17T00:17:04+00:00\",\"dateModified\":\"2023-12-06T11:51:16+00:00\",\"description\":\"Este \u00e9 um tutorial b\u00e1sico do Microsoft Excel para conhecer um intervalo de c\u00e9lulas. Aprenda tamb\u00e9m como fazer refer\u00eancia a um intervalo...\",\"breadcrumb\":{\"@id\":\"https:\/\/exceladvisor.org\/pt\/faixa\/#breadcrumb\"},\"inLanguage\":\"pt-PT\",\"potentialAction\":[{\"@type\":\"ReadAction\",\"target\":[\"https:\/\/exceladvisor.org\/pt\/faixa\/\"]}]},{\"@type\":\"ImageObject\",\"inLanguage\":\"pt-PT\",\"@id\":\"https:\/\/exceladvisor.org\/pt\/faixa\/#primaryimage\",\"url\":\"https:\/\/exceladvisor.org\/wp-content\/uploads\/2023\/08\/image-gif.gif\",\"contentUrl\":\"https:\/\/exceladvisor.org\/wp-content\/uploads\/2023\/08\/image-gif.gif\"},{\"@type\":\"BreadcrumbList\",\"@id\":\"https:\/\/exceladvisor.org\/pt\/faixa\/#breadcrumb\",\"itemListElement\":[{\"@type\":\"ListItem\",\"position\":1,\"name\":\"Lar\",\"item\":\"https:\/\/exceladvisor.org\/pt\/\"},{\"@type\":\"ListItem\",\"position\":2,\"name\":\"O que \u00e9 uma linha excel e seus recursos?\"}]},{\"@type\":\"WebSite\",\"@id\":\"https:\/\/exceladvisor.org\/pt\/#website\",\"url\":\"https:\/\/exceladvisor.org\/pt\/\",\"name\":\"Excel Advisor\",\"description\":\"O seu guia definitivo para dominar os dados!\",\"publisher\":{\"@id\":\"https:\/\/exceladvisor.org\/pt\/#organization\"},\"potentialAction\":[{\"@type\":\"SearchAction\",\"target\":{\"@type\":\"EntryPoint\",\"urlTemplate\":\"https:\/\/exceladvisor.org\/pt\/?s={search_term_string}\"},\"query-input\":{\"@type\":\"PropertyValueSpecification\",\"valueRequired\":true,\"valueName\":\"search_term_string\"}}],\"inLanguage\":\"pt-PT\"},{\"@type\":\"Organization\",\"@id\":\"https:\/\/exceladvisor.org\/pt\/#organization\",\"name\":\"Excel Advisor\",\"url\":\"https:\/\/exceladvisor.org\/pt\/\",\"logo\":{\"@type\":\"ImageObject\",\"inLanguage\":\"pt-PT\",\"@id\":\"https:\/\/exceladvisor.org\/pt\/#\/schema\/logo\/image\/\",\"url\":\"https:\/\/exceladvisor.org\/pt\/wp-content\/uploads\/2023\/12\/exceladvisor.org_.png\",\"contentUrl\":\"https:\/\/exceladvisor.org\/pt\/wp-content\/uploads\/2023\/12\/exceladvisor.org_.png\",\"width\":105,\"height\":36,\"caption\":\"Excel Advisor\"},\"image\":{\"@id\":\"https:\/\/exceladvisor.org\/pt\/#\/schema\/logo\/image\/\"}}]}<\/script>\n<!-- \/ Yoast SEO plugin. -->","yoast_head_json":{"title":"\u25b7 O que \u00e9 uma gama Excel e suas caracter\u00edsticas?","description":"Este \u00e9 um tutorial b\u00e1sico do Microsoft Excel para conhecer um intervalo de c\u00e9lulas. Aprenda tamb\u00e9m como fazer refer\u00eancia a um intervalo...","robots":{"index":"index","follow":"follow","max-snippet":"max-snippet:-1","max-image-preview":"max-image-preview:large","max-video-preview":"max-video-preview:-1"},"canonical":"https:\/\/exceladvisor.org\/pt\/faixa\/","og_locale":"pt_PT","og_type":"article","og_title":"\u25b7 O que \u00e9 uma gama Excel e suas caracter\u00edsticas?","og_description":"Este \u00e9 um tutorial b\u00e1sico do Microsoft Excel para conhecer um intervalo de c\u00e9lulas. Aprenda tamb\u00e9m como fazer refer\u00eancia a um intervalo...","og_url":"https:\/\/exceladvisor.org\/pt\/faixa\/","og_site_name":"Excel Advisor","article_modified_time":"2023-12-06T11:51:16+00:00","og_image":[{"url":"https:\/\/exceladvisor.org\/wp-content\/uploads\/2023\/08\/image-gif.gif","type":"","width":"","height":""}],"twitter_card":"summary_large_image","twitter_misc":{"Tempo estimado de leitura":"2 minutos"},"schema":{"@context":"https:\/\/schema.org","@graph":[{"@type":"WebPage","@id":"https:\/\/exceladvisor.org\/pt\/faixa\/","url":"https:\/\/exceladvisor.org\/pt\/faixa\/","name":"\u25b7 O que \u00e9 uma gama Excel e suas caracter\u00edsticas?","isPartOf":{"@id":"https:\/\/exceladvisor.org\/pt\/#website"},"primaryImageOfPage":{"@id":"https:\/\/exceladvisor.org\/pt\/faixa\/#primaryimage"},"image":{"@id":"https:\/\/exceladvisor.org\/pt\/faixa\/#primaryimage"},"thumbnailUrl":"https:\/\/exceladvisor.org\/wp-content\/uploads\/2023\/08\/image-gif.gif","datePublished":"2023-10-17T00:17:04+00:00","dateModified":"2023-12-06T11:51:16+00:00","description":"Este \u00e9 um tutorial b\u00e1sico do Microsoft Excel para conhecer um intervalo de c\u00e9lulas. Aprenda tamb\u00e9m como fazer refer\u00eancia a um intervalo...","breadcrumb":{"@id":"https:\/\/exceladvisor.org\/pt\/faixa\/#breadcrumb"},"inLanguage":"pt-PT","potentialAction":[{"@type":"ReadAction","target":["https:\/\/exceladvisor.org\/pt\/faixa\/"]}]},{"@type":"ImageObject","inLanguage":"pt-PT","@id":"https:\/\/exceladvisor.org\/pt\/faixa\/#primaryimage","url":"https:\/\/exceladvisor.org\/wp-content\/uploads\/2023\/08\/image-gif.gif","contentUrl":"https:\/\/exceladvisor.org\/wp-content\/uploads\/2023\/08\/image-gif.gif"},{"@type":"BreadcrumbList","@id":"https:\/\/exceladvisor.org\/pt\/faixa\/#breadcrumb","itemListElement":[{"@type":"ListItem","position":1,"name":"Lar","item":"https:\/\/exceladvisor.org\/pt\/"},{"@type":"ListItem","position":2,"name":"O que \u00e9 uma linha excel e seus recursos?"}]},{"@type":"WebSite","@id":"https:\/\/exceladvisor.org\/pt\/#website","url":"https:\/\/exceladvisor.org\/pt\/","name":"Excel Advisor","description":"O seu guia definitivo para dominar os dados!","publisher":{"@id":"https:\/\/exceladvisor.org\/pt\/#organization"},"potentialAction":[{"@type":"SearchAction","target":{"@type":"EntryPoint","urlTemplate":"https:\/\/exceladvisor.org\/pt\/?s={search_term_string}"},"query-input":{"@type":"PropertyValueSpecification","valueRequired":true,"valueName":"search_term_string"}}],"inLanguage":"pt-PT"},{"@type":"Organization","@id":"https:\/\/exceladvisor.org\/pt\/#organization","name":"Excel Advisor","url":"https:\/\/exceladvisor.org\/pt\/","logo":{"@type":"ImageObject","inLanguage":"pt-PT","@id":"https:\/\/exceladvisor.org\/pt\/#\/schema\/logo\/image\/","url":"https:\/\/exceladvisor.org\/pt\/wp-content\/uploads\/2023\/12\/exceladvisor.org_.png","contentUrl":"https:\/\/exceladvisor.org\/pt\/wp-content\/uploads\/2023\/12\/exceladvisor.org_.png","width":105,"height":36,"caption":"Excel Advisor"},"image":{"@id":"https:\/\/exceladvisor.org\/pt\/#\/schema\/logo\/image\/"}}]}},"yoast_meta":{"yoast_wpseo_title":"","yoast_wpseo_metadesc":"","yoast_wpseo_canonical":""},"_links":{"self":[{"href":"https:\/\/exceladvisor.org\/pt\/wp-json\/wp\/v2\/pages\/628","targetHints":{"allow":["GET"]}}],"collection":[{"href":"https:\/\/exceladvisor.org\/pt\/wp-json\/wp\/v2\/pages"}],"about":[{"href":"https:\/\/exceladvisor.org\/pt\/wp-json\/wp\/v2\/types\/page"}],"author":[{"embeddable":true,"href":"https:\/\/exceladvisor.org\/pt\/wp-json\/wp\/v2\/users\/1"}],"replies":[{"embeddable":true,"href":"https:\/\/exceladvisor.org\/pt\/wp-json\/wp\/v2\/comments?post=628"}],"version-history":[{"count":1,"href":"https:\/\/exceladvisor.org\/pt\/wp-json\/wp\/v2\/pages\/628\/revisions"}],"predecessor-version":[{"id":1461,"href":"https:\/\/exceladvisor.org\/pt\/wp-json\/wp\/v2\/pages\/628\/revisions\/1461"}],"wp:attachment":[{"href":"https:\/\/exceladvisor.org\/pt\/wp-json\/wp\/v2\/media?parent=628"}],"curies":[{"name":"wp","href":"https:\/\/api.w.org\/{rel}","templated":true}]}}