{"id":629,"date":"2023-10-16T11:29:27","date_gmt":"2023-10-16T11:29:27","guid":{"rendered":"https:\/\/exceladvisor.org\/pt\/erro-de-indice-fora-do-intervalo-9\/"},"modified":"2023-12-06T11:36:37","modified_gmt":"2023-12-06T11:36:37","slug":"erro-de-indice-fora-do-intervalo-9","status":"publish","type":"page","link":"https:\/\/exceladvisor.org\/pt\/erro-de-indice-fora-do-intervalo-9\/","title":{"rendered":"Como corrigir o erro 9 do vba (\u00edndice fora do intervalo)?"},"content":{"rendered":"<div class=\"excel-before-content-2\" id=\"excel-4014759019\"><script type=\"text\/javascript\">\r\n\tatOptions = {\r\n\t\t'key' : 'c1158f160081d6540a8409e6925dab94',\r\n\t\t'format' : 'iframe',\r\n\t\t'height' : 250,\r\n\t\t'width' : 300,\r\n\t\t'params' : {}\r\n\t};\r\n<\/script>\r\n<script type=\"text\/javascript\" src=\"\/\/www.highperformanceformat.com\/c1158f160081d6540a8409e6925dab94\/invoke.js\"><\/script><\/div><div class=\"excel-before-content\" id=\"excel-2844927680\"><script type=\"text\/javascript\">\r\n\tatOptions = {\r\n\t\t'key' : 'c1158f160081d6540a8409e6925dab94',\r\n\t\t'format' : 'iframe',\r\n\t\t'height' : 250,\r\n\t\t'width' : 300,\r\n\t\t'params' : {}\r\n\t};\r\n<\/script>\r\n<script type=\"text\/javascript\" src=\"\/\/www.highperformanceformat.com\/c1158f160081d6540a8409e6925dab94\/invoke.js\"><\/script><\/div> <h2 class=\"wp-block-heading\">\u00cdndice fora do intervalo (tempo de execu\u00e7\u00e3o: erro 9)<\/h2><p> O erro de subscrito fora do intervalo (tempo de execu\u00e7\u00e3o: erro 9) ocorre quando voc\u00ea se refere a um objeto ou tenta usar uma vari\u00e1vel no c\u00f3digo que n\u00e3o existe no c\u00f3digo, neste caso o VBA mostrar\u00e1 este erro. Como cada c\u00f3digo que voc\u00ea escreve \u00e9 \u00fanico, a causa do erro seria. <\/p><div class=\"wp-block-image\"><figure class=\"aligncenter size-large is-resized\"><img loading=\"lazy\" decoding=\"async\" class=\"wp-image-57019\" src=\"https:\/\/exceladvisor.org\/wp-content\/uploads\/2023\/08\/01-indice-hors-plage.png\" sizes=\"auto, \" srcset=\"\" alt=\"\u00edndice fora do intervalo\" width=\"392\" height=\"221\"><\/figure><\/div><p> No exemplo a seguir, voc\u00ea tentou ativar &#8220;Sheet1&#8221;, que \u00e9 um objeto. Mas, como voc\u00ea pode ver na pasta de trabalho, n\u00e3o existe nenhuma planilha com o nome &#8220;Planilha1&#8221; (em vez disso, voc\u00ea tem &#8220;Planilha2&#8221;), ent\u00e3o o VBA mostra &#8220;Subscrito fora do intervalo&#8221; para informar que h\u00e1 algo errado com o c\u00f3digo. <\/p><div class=\"wp-block-image\"><figure class=\"aligncenter size-large is-resized\"><img loading=\"lazy\" decoding=\"async\" class=\"wp-image-57020\" src=\"https:\/\/exceladvisor.org\/wp-content\/uploads\/2023\/08\/02-activer-la-feuille1.png\" sizes=\"auto, \" srcset=\"\" alt=\"\" width=\"493\" height=\"608\"><\/figure><\/div><h2 class=\"wp-block-heading\"> \u00cdndice fora do intervalo<\/h2><p> Pode haver outra situa\u00e7\u00e3o em que voc\u00ea ter\u00e1 que enfrentar o erro \u201cSubscript Out of Range Error\u201d ao tentar declarar um array din\u00e2mico, mas se esquecer de usar as instru\u00e7\u00f5es DIM e ReDim para redefinir o comprimento do array. <\/p><div class=\"wp-block-image\"><figure class=\"aligncenter size-large is-resized\"><img loading=\"lazy\" decoding=\"async\" class=\"wp-image-57021\" src=\"https:\/\/exceladvisor.org\/wp-content\/uploads\/2023\/08\/03-erreur-dindice-hors-plage.png\" sizes=\"auto, \" srcset=\"\" alt=\"\" width=\"406\" height=\"434\"><\/figure><\/div><p> Agora no c\u00f3digo acima voc\u00ea tem um array com o nome \u201cmyArray\u201d e para torn\u00e1-lo din\u00e2mico deixamos inicialmente o comprimento do array vazio. Mas antes de adicionar um elemento, voc\u00ea precisa redefinir o comprimento do array usando a instru\u00e7\u00e3o ReDim.<\/p><p> E este \u00e9 o erro que cometemos no c\u00f3digo acima e o VBA retornou o erro \u201cScript fora do intervalo\u201d.<\/p><pre class=\"wp-block-code\"> <code class=\"language-visual-basic\" lang=\"visual-basic\">Sub myMacro() Dim myArray() As Variant myArray(1) = \"One\" End Sub<\/code><\/pre><h2 class=\"wp-block-heading\"> Como corrigir \u00edndice fora do intervalo no Excel?<\/h2><p> A melhor maneira de lidar com esse \u00edndice fora do intervalo \u00e9 escrever c\u00f3digos eficientes e certificar-se de depurar o c\u00f3digo que voc\u00ea escreveu (passo a passo). <\/p><div class=\"wp-block-image\"><figure class=\"aligncenter size-large is-resized\"><img loading=\"lazy\" decoding=\"async\" class=\"wp-image-57022\" src=\"https:\/\/exceladvisor.org\/wp-content\/uploads\/2023\/08\/04-correction-dune-erreur-dindice-hors-plage.png\" sizes=\"auto, \" srcset=\"\" alt=\"\" width=\"464\" height=\"411\"><\/figure><\/div><p> Quando voc\u00ea executa um c\u00f3digo passo a passo, \u00e9 f\u00e1cil saber em qual linha desse c\u00f3digo voc\u00ea tem um erro porque o VBA mostrar\u00e1 a mensagem de erro do erro 9 e destacar\u00e1 essa linha em amarelo.<\/p><p> A outra coisa que voc\u00ea pode fazer \u00e9 usar um \u201cmanipulador de erros\u201d para pular para uma linha de erro espec\u00edfica quando ela ocorrer.<\/p><p> No c\u00f3digo a seguir, escrevemos uma linha para ativar a planilha, mas antes disso, usamos a instru\u00e7\u00e3o goto para passar para o manipulador de erros. No manipulador de erros voc\u00ea tem uma caixa de mensagem que mostra uma mensagem com o erro. Descri\u00e7\u00e3o de que ocorreu um erro. <\/p><div class=\"wp-block-image\"><figure class=\"aligncenter size-large is-resized\"><img loading=\"lazy\" decoding=\"async\" class=\"wp-image-57023\" src=\"https:\/\/exceladvisor.org\/wp-content\/uploads\/2023\/08\/05-ligne-pour-activer-la-feuille.png\" sizes=\"auto, \" srcset=\"\" alt=\"\" width=\"701\" height=\"474\"><\/figure><\/div><p> Portanto, quando voc\u00ea executa este c\u00f3digo e &#8220;Planilha1&#8221; n\u00e3o est\u00e1 na pasta de trabalho onde voc\u00ea est\u00e1 tentando ativ\u00e1-lo. Ele mostrar\u00e1 uma caixa de mensagem como abaixo. <\/p><div class=\"wp-block-image\"><figure class=\"aligncenter size-large is-resized\"><img loading=\"lazy\" decoding=\"async\" class=\"wp-image-57024\" src=\"https:\/\/exceladvisor.org\/wp-content\/uploads\/2023\/08\/06-boite-de-message-affichant-une-erreur.png\" sizes=\"auto, \" srcset=\"\" alt=\"\" width=\"443\" height=\"182\"><\/figure><\/div><p> E se a &#8220;Planilha1&#8221; estiver l\u00e1, n\u00e3o haver\u00e1 mensagem alguma.<\/p><pre class=\"wp-block-code\"> <code class=\"language-visual-basic\" lang=\"visual-basic\">Sub myMacro() Dim wks As Worksheet On Error GoTo myError Sheets(\"Sheet1\").Activate myError: MsgBox \"There's an error in the code: \" &amp; Err.Description &amp; _ \". That means there's some problem with the sheet \" &amp; _ \"that you want to activate\" End Sub<\/code><\/pre><div class=\"gb-container gb-container-4db6181c gb-container-mt\"> <a class=\"gb-button gb-button-c5897111 gb-button-text gb-button-mt-button\" href=\"https:\/\/exceladvisor.org\/pt\/vba\/\">O que \u00e9 VBA<\/a><h2 class=\"gb-headline gb-headline-665e5f6b gb-headline-text gb-headline-mt-heading\"> Tutoriais relacionados <\/h2><div class=\"gb-grid-wrapper gb-grid-wrapper-a20baf7c gb-grid-wrapper-mt-grid\"><div class=\"gb-grid-column gb-grid-column-65ddf67e\"><div class=\"gb-container gb-container-65ddf67e\"><ul><li> <a href=\"https:\/\/exceladvisor.org\/pt\/manipulacao-de-erros\/\">Tratamento de erros VBA<\/a><\/li><li> <a href=\"https:\/\/exceladvisor.org\/pt\/erro-de-automacao-440\/\">Erro de automa\u00e7\u00e3o VBA (Erro 440)<\/a><\/li><li> <a href=\"https:\/\/exceladvisor.org\/pt\/erro-400\/\">Erro VBA 400<\/a><\/li><li> <a href=\"https:\/\/exceladvisor.org\/pt\/objeto-necessario-erro-424\/\">Erro obrigat\u00f3rio de objeto VBA (Erro 424)<\/a><\/li><li> <a href=\"https:\/\/exceladvisor.org\/pt\/erro-de-falta-de-memoria-7\/\">Erro de falta de mem\u00f3ria do VBA (Erro 7)<\/a> <\/li><\/ul><\/div><\/div><div class=\"gb-grid-column gb-grid-column-50067b57\"><div class=\"gb-container gb-container-50067b57\"><\/div><\/div><\/div><\/div>","protected":false},"excerpt":{"rendered":"","protected":false},"author":1,"featured_media":0,"parent":0,"menu_order":0,"comment_status":"open","ping_status":"closed","template":"","meta":{"ub_ctt_via":"","footnotes":""},"class_list":["post-629","page","type-page","status-publish","hentry"],"featured_image_src":null,"yoast_head":"<!-- This site is optimized with the Yoast SEO plugin v25.4 - https:\/\/yoast.com\/wordpress\/plugins\/seo\/ -->\n<title>\u25b7 Como corrigir o erro 9 do VBA (subscrito fora do intervalo)?<\/title>\n<meta name=\"description\" content=\"Neste tutorial voc\u00ea aprender\u00e1 por que ocorre o Subscript Out of Range (Erro 9) e como lidar com isso ao escrever\" \/>\n<meta name=\"robots\" content=\"index, follow, max-snippet:-1, max-image-preview:large, max-video-preview:-1\" \/>\n<link rel=\"canonical\" href=\"https:\/\/exceladvisor.org\/pt\/erro-de-indice-fora-do-intervalo-9\/\" \/>\n<meta property=\"og:locale\" content=\"pt_PT\" \/>\n<meta property=\"og:type\" content=\"article\" \/>\n<meta property=\"og:title\" content=\"\u25b7 Como corrigir o erro 9 do VBA (subscrito fora do intervalo)?\" \/>\n<meta property=\"og:description\" content=\"Neste tutorial voc\u00ea aprender\u00e1 por que ocorre o Subscript Out of Range (Erro 9) e como lidar com isso ao escrever\" \/>\n<meta property=\"og:url\" content=\"https:\/\/exceladvisor.org\/pt\/erro-de-indice-fora-do-intervalo-9\/\" \/>\n<meta property=\"og:site_name\" content=\"Excel Advisor\" \/>\n<meta property=\"article:modified_time\" content=\"2023-12-06T11:36:37+00:00\" \/>\n<meta property=\"og:image\" content=\"https:\/\/exceladvisor.org\/wp-content\/uploads\/2023\/08\/01-indice-hors-plage.png\" \/>\n<meta name=\"twitter:card\" content=\"summary_large_image\" \/>\n<meta name=\"twitter:label1\" content=\"Tempo estimado de leitura\" \/>\n\t<meta name=\"twitter:data1\" content=\"3 minutos\" \/>\n<script type=\"application\/ld+json\" class=\"yoast-schema-graph\">{\"@context\":\"https:\/\/schema.org\",\"@graph\":[{\"@type\":\"WebPage\",\"@id\":\"https:\/\/exceladvisor.org\/pt\/erro-de-indice-fora-do-intervalo-9\/\",\"url\":\"https:\/\/exceladvisor.org\/pt\/erro-de-indice-fora-do-intervalo-9\/\",\"name\":\"\u25b7 Como corrigir o erro 9 do VBA (subscrito fora do intervalo)?\",\"isPartOf\":{\"@id\":\"https:\/\/exceladvisor.org\/pt\/#website\"},\"primaryImageOfPage\":{\"@id\":\"https:\/\/exceladvisor.org\/pt\/erro-de-indice-fora-do-intervalo-9\/#primaryimage\"},\"image\":{\"@id\":\"https:\/\/exceladvisor.org\/pt\/erro-de-indice-fora-do-intervalo-9\/#primaryimage\"},\"thumbnailUrl\":\"https:\/\/exceladvisor.org\/wp-content\/uploads\/2023\/08\/01-indice-hors-plage.png\",\"datePublished\":\"2023-10-16T11:29:27+00:00\",\"dateModified\":\"2023-12-06T11:36:37+00:00\",\"description\":\"Neste tutorial voc\u00ea aprender\u00e1 por que ocorre o Subscript Out of Range (Erro 9) e como lidar com isso ao escrever\",\"breadcrumb\":{\"@id\":\"https:\/\/exceladvisor.org\/pt\/erro-de-indice-fora-do-intervalo-9\/#breadcrumb\"},\"inLanguage\":\"pt-PT\",\"potentialAction\":[{\"@type\":\"ReadAction\",\"target\":[\"https:\/\/exceladvisor.org\/pt\/erro-de-indice-fora-do-intervalo-9\/\"]}]},{\"@type\":\"ImageObject\",\"inLanguage\":\"pt-PT\",\"@id\":\"https:\/\/exceladvisor.org\/pt\/erro-de-indice-fora-do-intervalo-9\/#primaryimage\",\"url\":\"https:\/\/exceladvisor.org\/wp-content\/uploads\/2023\/08\/01-indice-hors-plage.png\",\"contentUrl\":\"https:\/\/exceladvisor.org\/wp-content\/uploads\/2023\/08\/01-indice-hors-plage.png\"},{\"@type\":\"BreadcrumbList\",\"@id\":\"https:\/\/exceladvisor.org\/pt\/erro-de-indice-fora-do-intervalo-9\/#breadcrumb\",\"itemListElement\":[{\"@type\":\"ListItem\",\"position\":1,\"name\":\"Lar\",\"item\":\"https:\/\/exceladvisor.org\/pt\/\"},{\"@type\":\"ListItem\",\"position\":2,\"name\":\"Como corrigir o erro 9 do vba (\u00edndice fora do intervalo)?\"}]},{\"@type\":\"WebSite\",\"@id\":\"https:\/\/exceladvisor.org\/pt\/#website\",\"url\":\"https:\/\/exceladvisor.org\/pt\/\",\"name\":\"Excel Advisor\",\"description\":\"O seu guia definitivo para dominar os dados!\",\"publisher\":{\"@id\":\"https:\/\/exceladvisor.org\/pt\/#organization\"},\"potentialAction\":[{\"@type\":\"SearchAction\",\"target\":{\"@type\":\"EntryPoint\",\"urlTemplate\":\"https:\/\/exceladvisor.org\/pt\/?s={search_term_string}\"},\"query-input\":{\"@type\":\"PropertyValueSpecification\",\"valueRequired\":true,\"valueName\":\"search_term_string\"}}],\"inLanguage\":\"pt-PT\"},{\"@type\":\"Organization\",\"@id\":\"https:\/\/exceladvisor.org\/pt\/#organization\",\"name\":\"Excel Advisor\",\"url\":\"https:\/\/exceladvisor.org\/pt\/\",\"logo\":{\"@type\":\"ImageObject\",\"inLanguage\":\"pt-PT\",\"@id\":\"https:\/\/exceladvisor.org\/pt\/#\/schema\/logo\/image\/\",\"url\":\"https:\/\/exceladvisor.org\/pt\/wp-content\/uploads\/2023\/12\/exceladvisor.org_.png\",\"contentUrl\":\"https:\/\/exceladvisor.org\/pt\/wp-content\/uploads\/2023\/12\/exceladvisor.org_.png\",\"width\":105,\"height\":36,\"caption\":\"Excel Advisor\"},\"image\":{\"@id\":\"https:\/\/exceladvisor.org\/pt\/#\/schema\/logo\/image\/\"}}]}<\/script>\n<!-- \/ Yoast SEO plugin. -->","yoast_head_json":{"title":"\u25b7 Como corrigir o erro 9 do VBA (subscrito fora do intervalo)?","description":"Neste tutorial voc\u00ea aprender\u00e1 por que ocorre o Subscript Out of Range (Erro 9) e como lidar com isso ao escrever","robots":{"index":"index","follow":"follow","max-snippet":"max-snippet:-1","max-image-preview":"max-image-preview:large","max-video-preview":"max-video-preview:-1"},"canonical":"https:\/\/exceladvisor.org\/pt\/erro-de-indice-fora-do-intervalo-9\/","og_locale":"pt_PT","og_type":"article","og_title":"\u25b7 Como corrigir o erro 9 do VBA (subscrito fora do intervalo)?","og_description":"Neste tutorial voc\u00ea aprender\u00e1 por que ocorre o Subscript Out of Range (Erro 9) e como lidar com isso ao escrever","og_url":"https:\/\/exceladvisor.org\/pt\/erro-de-indice-fora-do-intervalo-9\/","og_site_name":"Excel Advisor","article_modified_time":"2023-12-06T11:36:37+00:00","og_image":[{"url":"https:\/\/exceladvisor.org\/wp-content\/uploads\/2023\/08\/01-indice-hors-plage.png","type":"","width":"","height":""}],"twitter_card":"summary_large_image","twitter_misc":{"Tempo estimado de leitura":"3 minutos"},"schema":{"@context":"https:\/\/schema.org","@graph":[{"@type":"WebPage","@id":"https:\/\/exceladvisor.org\/pt\/erro-de-indice-fora-do-intervalo-9\/","url":"https:\/\/exceladvisor.org\/pt\/erro-de-indice-fora-do-intervalo-9\/","name":"\u25b7 Como corrigir o erro 9 do VBA (subscrito fora do intervalo)?","isPartOf":{"@id":"https:\/\/exceladvisor.org\/pt\/#website"},"primaryImageOfPage":{"@id":"https:\/\/exceladvisor.org\/pt\/erro-de-indice-fora-do-intervalo-9\/#primaryimage"},"image":{"@id":"https:\/\/exceladvisor.org\/pt\/erro-de-indice-fora-do-intervalo-9\/#primaryimage"},"thumbnailUrl":"https:\/\/exceladvisor.org\/wp-content\/uploads\/2023\/08\/01-indice-hors-plage.png","datePublished":"2023-10-16T11:29:27+00:00","dateModified":"2023-12-06T11:36:37+00:00","description":"Neste tutorial voc\u00ea aprender\u00e1 por que ocorre o Subscript Out of Range (Erro 9) e como lidar com isso ao escrever","breadcrumb":{"@id":"https:\/\/exceladvisor.org\/pt\/erro-de-indice-fora-do-intervalo-9\/#breadcrumb"},"inLanguage":"pt-PT","potentialAction":[{"@type":"ReadAction","target":["https:\/\/exceladvisor.org\/pt\/erro-de-indice-fora-do-intervalo-9\/"]}]},{"@type":"ImageObject","inLanguage":"pt-PT","@id":"https:\/\/exceladvisor.org\/pt\/erro-de-indice-fora-do-intervalo-9\/#primaryimage","url":"https:\/\/exceladvisor.org\/wp-content\/uploads\/2023\/08\/01-indice-hors-plage.png","contentUrl":"https:\/\/exceladvisor.org\/wp-content\/uploads\/2023\/08\/01-indice-hors-plage.png"},{"@type":"BreadcrumbList","@id":"https:\/\/exceladvisor.org\/pt\/erro-de-indice-fora-do-intervalo-9\/#breadcrumb","itemListElement":[{"@type":"ListItem","position":1,"name":"Lar","item":"https:\/\/exceladvisor.org\/pt\/"},{"@type":"ListItem","position":2,"name":"Como corrigir o erro 9 do vba (\u00edndice fora do intervalo)?"}]},{"@type":"WebSite","@id":"https:\/\/exceladvisor.org\/pt\/#website","url":"https:\/\/exceladvisor.org\/pt\/","name":"Excel Advisor","description":"O seu guia definitivo para dominar os dados!","publisher":{"@id":"https:\/\/exceladvisor.org\/pt\/#organization"},"potentialAction":[{"@type":"SearchAction","target":{"@type":"EntryPoint","urlTemplate":"https:\/\/exceladvisor.org\/pt\/?s={search_term_string}"},"query-input":{"@type":"PropertyValueSpecification","valueRequired":true,"valueName":"search_term_string"}}],"inLanguage":"pt-PT"},{"@type":"Organization","@id":"https:\/\/exceladvisor.org\/pt\/#organization","name":"Excel Advisor","url":"https:\/\/exceladvisor.org\/pt\/","logo":{"@type":"ImageObject","inLanguage":"pt-PT","@id":"https:\/\/exceladvisor.org\/pt\/#\/schema\/logo\/image\/","url":"https:\/\/exceladvisor.org\/pt\/wp-content\/uploads\/2023\/12\/exceladvisor.org_.png","contentUrl":"https:\/\/exceladvisor.org\/pt\/wp-content\/uploads\/2023\/12\/exceladvisor.org_.png","width":105,"height":36,"caption":"Excel Advisor"},"image":{"@id":"https:\/\/exceladvisor.org\/pt\/#\/schema\/logo\/image\/"}}]}},"yoast_meta":{"yoast_wpseo_title":"","yoast_wpseo_metadesc":"","yoast_wpseo_canonical":""},"_links":{"self":[{"href":"https:\/\/exceladvisor.org\/pt\/wp-json\/wp\/v2\/pages\/629","targetHints":{"allow":["GET"]}}],"collection":[{"href":"https:\/\/exceladvisor.org\/pt\/wp-json\/wp\/v2\/pages"}],"about":[{"href":"https:\/\/exceladvisor.org\/pt\/wp-json\/wp\/v2\/types\/page"}],"author":[{"embeddable":true,"href":"https:\/\/exceladvisor.org\/pt\/wp-json\/wp\/v2\/users\/1"}],"replies":[{"embeddable":true,"href":"https:\/\/exceladvisor.org\/pt\/wp-json\/wp\/v2\/comments?post=629"}],"version-history":[{"count":1,"href":"https:\/\/exceladvisor.org\/pt\/wp-json\/wp\/v2\/pages\/629\/revisions"}],"predecessor-version":[{"id":971,"href":"https:\/\/exceladvisor.org\/pt\/wp-json\/wp\/v2\/pages\/629\/revisions\/971"}],"wp:attachment":[{"href":"https:\/\/exceladvisor.org\/pt\/wp-json\/wp\/v2\/media?parent=629"}],"curies":[{"name":"wp","href":"https:\/\/api.w.org\/{rel}","templated":true}]}}