{"id":63,"date":"2023-11-17T13:44:50","date_gmt":"2023-11-17T13:44:50","guid":{"rendered":"https:\/\/exceladvisor.org\/pt\/folha-de-copia\/"},"modified":"2023-12-06T11:36:26","modified_gmt":"2023-12-06T11:36:26","slug":"folha-de-copia","status":"publish","type":"page","link":"https:\/\/exceladvisor.org\/pt\/folha-de-copia\/","title":{"rendered":"Como copiar e mover uma planilha usando vba?"},"content":{"rendered":"<div class=\"excel-before-content-2\" id=\"excel-4215317486\"><script type=\"text\/javascript\">\r\n\tatOptions = {\r\n\t\t'key' : 'c1158f160081d6540a8409e6925dab94',\r\n\t\t'format' : 'iframe',\r\n\t\t'height' : 250,\r\n\t\t'width' : 300,\r\n\t\t'params' : {}\r\n\t};\r\n<\/script>\r\n<script type=\"text\/javascript\" src=\"\/\/www.highperformanceformat.com\/c1158f160081d6540a8409e6925dab94\/invoke.js\"><\/script><\/div><div class=\"excel-before-content\" id=\"excel-254636046\"><script type=\"text\/javascript\">\r\n\tatOptions = {\r\n\t\t'key' : 'c1158f160081d6540a8409e6925dab94',\r\n\t\t'format' : 'iframe',\r\n\t\t'height' : 250,\r\n\t\t'width' : 300,\r\n\t\t'params' : {}\r\n\t};\r\n<\/script>\r\n<script type=\"text\/javascript\" src=\"\/\/www.highperformanceformat.com\/c1158f160081d6540a8409e6925dab94\/invoke.js\"><\/script><\/div> <p>Voc\u00ea pode copiar e mover uma planilha no Excel usando c\u00f3digo VBA, e neste tutorial aprenderemos diferentes maneiras de fazer isso.<\/p><h2 class=\"wp-block-heading\"> Copiar uma planilha na mesma pasta de trabalho<\/h2><p> Se quiser copiar uma planilha na mesma pasta de trabalho, voc\u00ea pode usar o c\u00f3digo a seguir onde usou o m\u00e9todo de c\u00f3pia.<\/p><pre class=\"wp-block-code\"> <code class=\"language-visual-basic\" lang=\"visual-basic\">Sheets(\"Sheet5\").Copy Before:=Sheets(1)<\/code><\/pre><p> Neste c\u00f3digo, planilha1 \u00e9 a primeira planilha da pasta de trabalho e, quando voc\u00ea executa esse c\u00f3digo, ele copia a planilha com o nome &#8220;Planilha5&#8221; antes da primeira planilha da pasta de trabalho. <\/p><div class=\"wp-block-image\"><figure class=\"aligncenter size-large is-resized\"><img loading=\"lazy\" decoding=\"async\" class=\"wp-image-52324\" src=\"https:\/\/exceladvisor.org\/wp-content\/uploads\/2023\/08\/1-copier-une-feuille-dans-le-meme-classeur.png\" sizes=\"auto, \" srcset=\"\" alt=\"copie uma folha no mesmo fich\u00e1rio\" width=\"510\" height=\"277\"><\/figure><\/div><p> E se quiser copi\u00e1-lo depois da primeira planilha, o c\u00f3digo seria o seguinte.<\/p><pre class=\"wp-block-code\"> <code class=\"language-visual-basic\" lang=\"visual-basic\">Sheets(\"Sheet5\").Copy After:=Sheets(1)<\/code><\/pre><p> E se quiser copi\u00e1-lo depois da primeira planilha, o c\u00f3digo seria o seguinte.<\/p><pre class=\"wp-block-code\"> <code class=\"language-visual-basic\" lang=\"visual-basic\">Sheets(\"Sheet5\").Copy Before:=Sheets(\"Sheet3\") Sheets(\"Sheet5\").Copy After:=Sheets(\"Sheet3\")<\/code><\/pre><p> Quando voc\u00ea executa este c\u00f3digo VBA, ele copia a &#8220;Planilha5&#8221; antes e depois da &#8220;Planilha3&#8221;. <\/p><div class=\"wp-block-image\"><figure class=\"aligncenter size-large is-resized\"><img loading=\"lazy\" decoding=\"async\" class=\"wp-image-52326\" src=\"https:\/\/exceladvisor.org\/wp-content\/uploads\/2023\/08\/3-code-vba-si-vous-voulez-le-copier-apres-la-premiere-feuille.png\" sizes=\"auto, \" srcset=\"\" alt=\"c\u00f3digo vba se voc\u00ea quiser copi\u00e1-lo ap\u00f3s a primeira planilha\" width=\"631\" height=\"299\"><\/figure><\/div><p> Com a linha de c\u00f3digo a seguir, voc\u00ea pode copiar uma planilha ap\u00f3s a \u00faltima planilha da pasta de trabalho. Ele usa sheet.count para obter o n\u00famero de folhas e, em seguida, usa a contagem para copiar a \u00faltima folha. <\/p><pre class=\"wp-block-code\"> <code class=\"language-visual-basic\" lang=\"visual-basic\">Sheets(\"myNewSheet\").Move After:=Sheets(Sheets.Count)<\/code><\/pre><div class=\"wp-block-image\"><figure class=\"aligncenter size-large is-resized\"><img loading=\"lazy\" decoding=\"async\" class=\"wp-image-52325\" src=\"https:\/\/exceladvisor.org\/wp-content\/uploads\/2023\/08\/2-copier-une-feuille-apres-la-derniere-feuille-du-classeur.png\" sizes=\"auto, \" srcset=\"\" alt=\"copie uma folha ap\u00f3s a \u00faltima folha do fich\u00e1rio\" width=\"656\" height=\"285\"><\/figure><\/div><p class=\"content-box-grey\"> <em>Links \u00fateis: <a href=\"https:\/\/exceladvisor.org\/pt\/executar-uma-macro-2\/\">Executar uma macro<\/a> \u2013 <a href=\"https:\/\/exceladvisor.org\/pt\/gravar-uma-macro\/\">Gravador de macro<\/a> \u2013 <a href=\"https:\/\/exceladvisor.org\/pt\/editor-visual-basico\/\">Editor Visual Basic<\/a> \u2013 <a href=\"https:\/\/exceladvisor.org\/pt\/caderno-macro-pessoal\/\">Manual pessoal de macros<\/a><\/em><\/p><h2 class=\"wp-block-heading\"> Copie uma planilha na mesma pasta de trabalho com um novo nome<\/h2><p> E se voc\u00ea quiser copiar uma planilha e renome\u00e1-la instantaneamente, voc\u00ea precisa usar a propriedade name, assim como o c\u00f3digo a seguir. <\/p><pre class=\"wp-block-code\"> <code class=\"language-visual-basic\" lang=\"visual-basic\">Sheets(\"Sheet5\").Move Before:=Sheets(1) ActiveSheet.Name = \"myNewSheet\"<\/code><\/pre><div class=\"wp-block-image\"><figure class=\"aligncenter size-large is-resized\"><img loading=\"lazy\" decoding=\"async\" class=\"wp-image-52327\" src=\"https:\/\/exceladvisor.org\/wp-content\/uploads\/2023\/08\/4-copier-une-feuille-dans-le-meme-classeur-avec-le-nouveau-nom.png\" sizes=\"auto, \" srcset=\"\" alt=\"copie uma planilha para a mesma pasta de trabalho com o novo nome\" width=\"480\" height=\"290\"><\/figure><\/div><h2 class=\"wp-block-heading\"> Mover uma planilha na mesma pasta de trabalho<\/h2><p> Para mover uma planilha na mesma pasta de trabalho, voc\u00ea precisa usar o m\u00e9todo move conforme mostrado no c\u00f3digo a seguir. <\/p><pre class=\"wp-block-code\"> <code class=\"language-visual-basic\" lang=\"visual-basic\">Sheets(\"Sheet5\").Move After:=Sheets(1)<\/code><\/pre><div class=\"wp-block-image\"><figure class=\"aligncenter size-large is-resized\"><img loading=\"lazy\" decoding=\"async\" class=\"wp-image-52328\" src=\"https:\/\/exceladvisor.org\/wp-content\/uploads\/2023\/08\/5-deplacer-une-feuille-dans-le-meme-classeur.png\" sizes=\"auto, \" srcset=\"\" alt=\"mover uma folha no mesmo fich\u00e1rio\" width=\"527\" height=\"311\"><\/figure><\/div><p> Este c\u00f3digo mover\u00e1 \u201cPlanilha5\u201d antes de \u201cPlanilha2\u201d, como voc\u00ea pode ver no instant\u00e2neo acima.<\/p><h2 class=\"wp-block-heading\"> Copiar uma planilha para a nova pasta de trabalho<\/h2><p> Quando voc\u00ea usa o m\u00e9todo copy sem definir uma planilha na pasta de trabalho atual, o VBA abre uma nova pasta de trabalho e copia essa planilha para essa pasta de trabalho.<\/p><pre class=\"wp-block-code\"> <code class=\"language-visual-basic\" lang=\"visual-basic\">Sheets(\"Sheet5\").Copy<\/code><\/pre><p> E para mover uma planilha para uma nova pasta de trabalho.<\/p><pre class=\"wp-block-code\"> <code class=\"language-visual-basic\" lang=\"visual-basic\">Sheets(\"Sheet5\").Move<\/code><\/pre><h2 class=\"wp-block-heading\"> Copie v\u00e1rias planilhas para a nova pasta de trabalho<\/h2><p> Se voc\u00ea quiser adicionar v\u00e1rias planilhas \u00e0 nova pasta de trabalho de uma vez, use um c\u00f3digo como este.<\/p><pre class=\"wp-block-code\"> <code class=\"language-visual-basic\" lang=\"visual-basic\">Sheets(Array(\"Sheet2\", \"Sheet3\", \"Sheet4\", \"Sheet5\")).Copy<\/code><\/pre><p> O c\u00f3digo acima cria uma matriz de planilhas e depois copia todas elas em uma nova pasta de trabalho.<\/p><h2 class=\"wp-block-heading\"> Copiar uma planilha para outra pasta de trabalho<\/h2><p> Se quiser copiar uma planilha para outra pasta de trabalho que j\u00e1 esteja aberta, voc\u00ea pode mencionar o nome da pasta de trabalho antes ou depois do argumento.<\/p><pre class=\"wp-block-code\"> <code class=\"language-visual-basic\" lang=\"visual-basic\">Sheets(\"Sheet1\").Copy Before:=Workbooks(\"Book1.xlsx\").Sheets(1)<\/code><\/pre><p> O c\u00f3digo acima copia a Planilha1 da pasta de trabalho ativa e a adiciona antes da primeira planilha da Planilha1.xlsx que j\u00e1 est\u00e1 aberta.<\/p><p> E se voc\u00ea quiser mov\u00ea-lo.<\/p><pre class=\"wp-block-code\"> <code class=\"language-visual-basic\" lang=\"visual-basic\">Sheets(\"Sheet1\").Move Before:=Workbooks(\"Book1.xlsx\").Sheets(1)<\/code><\/pre><h2 class=\"wp-block-heading\"> Copiar uma planilha para uma pasta de trabalho fechada<\/h2><p> Existe uma maneira de copiar uma planilha para uma pasta de trabalho fechada e voc\u00ea n\u00e3o precisa abri-la. Veja o c\u00f3digo abaixo.<\/p><pre class=\"wp-block-code\"> <code class=\"language-visual-basic\" lang=\"visual-basic\">Sub vba_copy_sheet() Dim mybook As Workbook Application.ScreenUpdating = False Set mybook = _ Workbooks.Open _ (\"C:UsersDellDesktopsamplefile.xlsx\") Workbooks(\"Book1.xlsx\").Sheets(\"Sheet2\").Copy Before:=mybook.Sheets(1) mybook.Close SaveChanges:=True Application.ScreenUpdating = True End Sub<\/code><\/pre><p> Neste c\u00f3digo, voc\u00ea tem a vari\u00e1vel myBook e uma pasta de trabalho atribu\u00edda a ela. Desativamos a atualiza\u00e7\u00e3o da tela para que o c\u00f3digo possa realizar a tarefa no backend.<\/p><h2 class=\"wp-block-heading\"> Copie uma planilha de outra pasta de trabalho sem abri-la<\/h2><p> Da mesma forma, voc\u00ea pode copiar e mover uma planilha de uma pasta de trabalho fechada. Veja o c\u00f3digo abaixo.<\/p><pre class=\"wp-block-code\"> <code class=\"language-visual-basic\" lang=\"visual-basic\">Sub vba_copy_sheet() Dim mybook As Workbook Application.ScreenUpdating = False Set mybook = _ Workbooks.Open _ (\"C:UsersDellDesktopsamplefile.xlsx\") mybook.Sheets(\"mySheet\").Copy Before:=Workbooks(\"Book1.xlsx\").Sheets(1) mybook.Close SaveChanges:=True Application.ScreenUpdating = True End Sub<\/code><\/pre><div class=\"gb-container gb-container-4db6181c gb-container-mt\"> <a class=\"gb-button gb-button-c5897111 gb-button-text gb-button-mt-button\" href=\"https:\/\/exceladvisor.org\/pt\/vba\/\">O que \u00e9 VBA<\/a><h2 class=\"gb-headline gb-headline-665e5f6b gb-headline-text gb-headline-mt-heading\"> Tutoriais relacionados <\/h2><div class=\"gb-grid-wrapper gb-grid-wrapper-a20baf7c gb-grid-wrapper-mt-grid\"><div class=\"gb-grid-column gb-grid-column-65ddf67e\"><div class=\"gb-container gb-container-65ddf67e\"><ul><li> <a href=\"https:\/\/exceladvisor.org\/pt\/limpar-folha\/\">LIMPAR uma planilha inteira usando VBA no Excel<\/a><\/li><li> <a href=\"https:\/\/exceladvisor.org\/pt\/conte-as-folhas\/\">COUNT planilhas usando VBA no Excel<\/a><\/li><li> <a href=\"https:\/\/exceladvisor.org\/pt\/excluir-uma-planilha-1\/\">EXCLUIR uma FOLHA usando VBA no Excel<\/a><\/li><li> <a href=\"https:\/\/exceladvisor.org\/pt\/ocultar-planilha\/\">Ocultar e mostrar uma planilha usando VBA no Excel<\/a><\/li><li> <a href=\"https:\/\/exceladvisor.org\/pt\/proteja-a-folha\/\">PROTEGER e DESPROTEGER uma planilha usando VBA no Excel<\/a><\/li><\/ul><\/div><\/div><\/div><\/div>","protected":false},"excerpt":{"rendered":"","protected":false},"author":1,"featured_media":0,"parent":0,"menu_order":0,"comment_status":"open","ping_status":"closed","template":"","meta":{"ub_ctt_via":"","footnotes":""},"class_list":["post-63","page","type-page","status-publish","hentry"],"featured_image_src":null,"yoast_head":"<!-- This site is optimized with the Yoast SEO plugin v25.4 - https:\/\/yoast.com\/wordpress\/plugins\/seo\/ -->\n<title>Como copiar\/mover uma planilha no Excel usando VBA?<\/title>\n<meta name=\"description\" content=\"Aprenda como copiar uma planilha no Excel usando c\u00f3digo VBA. Voc\u00ea tamb\u00e9m pode mover uma planilha de uma pasta de trabalho para outra.\" \/>\n<meta name=\"robots\" content=\"index, follow, max-snippet:-1, max-image-preview:large, max-video-preview:-1\" \/>\n<link rel=\"canonical\" href=\"https:\/\/exceladvisor.org\/pt\/folha-de-copia\/\" \/>\n<meta property=\"og:locale\" content=\"pt_PT\" \/>\n<meta property=\"og:type\" content=\"article\" \/>\n<meta property=\"og:title\" content=\"Como copiar\/mover uma planilha no Excel usando VBA?\" \/>\n<meta property=\"og:description\" content=\"Aprenda como copiar uma planilha no Excel usando c\u00f3digo VBA. Voc\u00ea tamb\u00e9m pode mover uma planilha de uma pasta de trabalho para outra.\" \/>\n<meta property=\"og:url\" content=\"https:\/\/exceladvisor.org\/pt\/folha-de-copia\/\" \/>\n<meta property=\"og:site_name\" content=\"Excel Advisor\" \/>\n<meta property=\"article:modified_time\" content=\"2023-12-06T11:36:26+00:00\" \/>\n<meta property=\"og:image\" content=\"https:\/\/exceladvisor.org\/wp-content\/uploads\/2023\/08\/1-copier-une-feuille-dans-le-meme-classeur.png\" \/>\n<meta name=\"twitter:card\" content=\"summary_large_image\" \/>\n<meta name=\"twitter:label1\" content=\"Tempo estimado de leitura\" \/>\n\t<meta name=\"twitter:data1\" content=\"4 minutos\" \/>\n<script type=\"application\/ld+json\" class=\"yoast-schema-graph\">{\"@context\":\"https:\/\/schema.org\",\"@graph\":[{\"@type\":\"WebPage\",\"@id\":\"https:\/\/exceladvisor.org\/pt\/folha-de-copia\/\",\"url\":\"https:\/\/exceladvisor.org\/pt\/folha-de-copia\/\",\"name\":\"Como copiar\/mover uma planilha no Excel usando VBA?\",\"isPartOf\":{\"@id\":\"https:\/\/exceladvisor.org\/pt\/#website\"},\"primaryImageOfPage\":{\"@id\":\"https:\/\/exceladvisor.org\/pt\/folha-de-copia\/#primaryimage\"},\"image\":{\"@id\":\"https:\/\/exceladvisor.org\/pt\/folha-de-copia\/#primaryimage\"},\"thumbnailUrl\":\"https:\/\/exceladvisor.org\/wp-content\/uploads\/2023\/08\/1-copier-une-feuille-dans-le-meme-classeur.png\",\"datePublished\":\"2023-11-17T13:44:50+00:00\",\"dateModified\":\"2023-12-06T11:36:26+00:00\",\"description\":\"Aprenda como copiar uma planilha no Excel usando c\u00f3digo VBA. Voc\u00ea tamb\u00e9m pode mover uma planilha de uma pasta de trabalho para outra.\",\"breadcrumb\":{\"@id\":\"https:\/\/exceladvisor.org\/pt\/folha-de-copia\/#breadcrumb\"},\"inLanguage\":\"pt-PT\",\"potentialAction\":[{\"@type\":\"ReadAction\",\"target\":[\"https:\/\/exceladvisor.org\/pt\/folha-de-copia\/\"]}]},{\"@type\":\"ImageObject\",\"inLanguage\":\"pt-PT\",\"@id\":\"https:\/\/exceladvisor.org\/pt\/folha-de-copia\/#primaryimage\",\"url\":\"https:\/\/exceladvisor.org\/wp-content\/uploads\/2023\/08\/1-copier-une-feuille-dans-le-meme-classeur.png\",\"contentUrl\":\"https:\/\/exceladvisor.org\/wp-content\/uploads\/2023\/08\/1-copier-une-feuille-dans-le-meme-classeur.png\"},{\"@type\":\"BreadcrumbList\",\"@id\":\"https:\/\/exceladvisor.org\/pt\/folha-de-copia\/#breadcrumb\",\"itemListElement\":[{\"@type\":\"ListItem\",\"position\":1,\"name\":\"Lar\",\"item\":\"https:\/\/exceladvisor.org\/pt\/\"},{\"@type\":\"ListItem\",\"position\":2,\"name\":\"Como copiar e mover uma planilha usando vba?\"}]},{\"@type\":\"WebSite\",\"@id\":\"https:\/\/exceladvisor.org\/pt\/#website\",\"url\":\"https:\/\/exceladvisor.org\/pt\/\",\"name\":\"Excel Advisor\",\"description\":\"O seu guia definitivo para dominar os dados!\",\"publisher\":{\"@id\":\"https:\/\/exceladvisor.org\/pt\/#organization\"},\"potentialAction\":[{\"@type\":\"SearchAction\",\"target\":{\"@type\":\"EntryPoint\",\"urlTemplate\":\"https:\/\/exceladvisor.org\/pt\/?s={search_term_string}\"},\"query-input\":{\"@type\":\"PropertyValueSpecification\",\"valueRequired\":true,\"valueName\":\"search_term_string\"}}],\"inLanguage\":\"pt-PT\"},{\"@type\":\"Organization\",\"@id\":\"https:\/\/exceladvisor.org\/pt\/#organization\",\"name\":\"Excel Advisor\",\"url\":\"https:\/\/exceladvisor.org\/pt\/\",\"logo\":{\"@type\":\"ImageObject\",\"inLanguage\":\"pt-PT\",\"@id\":\"https:\/\/exceladvisor.org\/pt\/#\/schema\/logo\/image\/\",\"url\":\"https:\/\/exceladvisor.org\/pt\/wp-content\/uploads\/2023\/12\/exceladvisor.org_.png\",\"contentUrl\":\"https:\/\/exceladvisor.org\/pt\/wp-content\/uploads\/2023\/12\/exceladvisor.org_.png\",\"width\":105,\"height\":36,\"caption\":\"Excel Advisor\"},\"image\":{\"@id\":\"https:\/\/exceladvisor.org\/pt\/#\/schema\/logo\/image\/\"}}]}<\/script>\n<!-- \/ Yoast SEO plugin. -->","yoast_head_json":{"title":"Como copiar\/mover uma planilha no Excel usando VBA?","description":"Aprenda como copiar uma planilha no Excel usando c\u00f3digo VBA. Voc\u00ea tamb\u00e9m pode mover uma planilha de uma pasta de trabalho para outra.","robots":{"index":"index","follow":"follow","max-snippet":"max-snippet:-1","max-image-preview":"max-image-preview:large","max-video-preview":"max-video-preview:-1"},"canonical":"https:\/\/exceladvisor.org\/pt\/folha-de-copia\/","og_locale":"pt_PT","og_type":"article","og_title":"Como copiar\/mover uma planilha no Excel usando VBA?","og_description":"Aprenda como copiar uma planilha no Excel usando c\u00f3digo VBA. Voc\u00ea tamb\u00e9m pode mover uma planilha de uma pasta de trabalho para outra.","og_url":"https:\/\/exceladvisor.org\/pt\/folha-de-copia\/","og_site_name":"Excel Advisor","article_modified_time":"2023-12-06T11:36:26+00:00","og_image":[{"url":"https:\/\/exceladvisor.org\/wp-content\/uploads\/2023\/08\/1-copier-une-feuille-dans-le-meme-classeur.png","type":"","width":"","height":""}],"twitter_card":"summary_large_image","twitter_misc":{"Tempo estimado de leitura":"4 minutos"},"schema":{"@context":"https:\/\/schema.org","@graph":[{"@type":"WebPage","@id":"https:\/\/exceladvisor.org\/pt\/folha-de-copia\/","url":"https:\/\/exceladvisor.org\/pt\/folha-de-copia\/","name":"Como copiar\/mover uma planilha no Excel usando VBA?","isPartOf":{"@id":"https:\/\/exceladvisor.org\/pt\/#website"},"primaryImageOfPage":{"@id":"https:\/\/exceladvisor.org\/pt\/folha-de-copia\/#primaryimage"},"image":{"@id":"https:\/\/exceladvisor.org\/pt\/folha-de-copia\/#primaryimage"},"thumbnailUrl":"https:\/\/exceladvisor.org\/wp-content\/uploads\/2023\/08\/1-copier-une-feuille-dans-le-meme-classeur.png","datePublished":"2023-11-17T13:44:50+00:00","dateModified":"2023-12-06T11:36:26+00:00","description":"Aprenda como copiar uma planilha no Excel usando c\u00f3digo VBA. Voc\u00ea tamb\u00e9m pode mover uma planilha de uma pasta de trabalho para outra.","breadcrumb":{"@id":"https:\/\/exceladvisor.org\/pt\/folha-de-copia\/#breadcrumb"},"inLanguage":"pt-PT","potentialAction":[{"@type":"ReadAction","target":["https:\/\/exceladvisor.org\/pt\/folha-de-copia\/"]}]},{"@type":"ImageObject","inLanguage":"pt-PT","@id":"https:\/\/exceladvisor.org\/pt\/folha-de-copia\/#primaryimage","url":"https:\/\/exceladvisor.org\/wp-content\/uploads\/2023\/08\/1-copier-une-feuille-dans-le-meme-classeur.png","contentUrl":"https:\/\/exceladvisor.org\/wp-content\/uploads\/2023\/08\/1-copier-une-feuille-dans-le-meme-classeur.png"},{"@type":"BreadcrumbList","@id":"https:\/\/exceladvisor.org\/pt\/folha-de-copia\/#breadcrumb","itemListElement":[{"@type":"ListItem","position":1,"name":"Lar","item":"https:\/\/exceladvisor.org\/pt\/"},{"@type":"ListItem","position":2,"name":"Como copiar e mover uma planilha usando vba?"}]},{"@type":"WebSite","@id":"https:\/\/exceladvisor.org\/pt\/#website","url":"https:\/\/exceladvisor.org\/pt\/","name":"Excel Advisor","description":"O seu guia definitivo para dominar os dados!","publisher":{"@id":"https:\/\/exceladvisor.org\/pt\/#organization"},"potentialAction":[{"@type":"SearchAction","target":{"@type":"EntryPoint","urlTemplate":"https:\/\/exceladvisor.org\/pt\/?s={search_term_string}"},"query-input":{"@type":"PropertyValueSpecification","valueRequired":true,"valueName":"search_term_string"}}],"inLanguage":"pt-PT"},{"@type":"Organization","@id":"https:\/\/exceladvisor.org\/pt\/#organization","name":"Excel Advisor","url":"https:\/\/exceladvisor.org\/pt\/","logo":{"@type":"ImageObject","inLanguage":"pt-PT","@id":"https:\/\/exceladvisor.org\/pt\/#\/schema\/logo\/image\/","url":"https:\/\/exceladvisor.org\/pt\/wp-content\/uploads\/2023\/12\/exceladvisor.org_.png","contentUrl":"https:\/\/exceladvisor.org\/pt\/wp-content\/uploads\/2023\/12\/exceladvisor.org_.png","width":105,"height":36,"caption":"Excel Advisor"},"image":{"@id":"https:\/\/exceladvisor.org\/pt\/#\/schema\/logo\/image\/"}}]}},"yoast_meta":{"yoast_wpseo_title":"","yoast_wpseo_metadesc":"","yoast_wpseo_canonical":""},"_links":{"self":[{"href":"https:\/\/exceladvisor.org\/pt\/wp-json\/wp\/v2\/pages\/63","targetHints":{"allow":["GET"]}}],"collection":[{"href":"https:\/\/exceladvisor.org\/pt\/wp-json\/wp\/v2\/pages"}],"about":[{"href":"https:\/\/exceladvisor.org\/pt\/wp-json\/wp\/v2\/types\/page"}],"author":[{"embeddable":true,"href":"https:\/\/exceladvisor.org\/pt\/wp-json\/wp\/v2\/users\/1"}],"replies":[{"embeddable":true,"href":"https:\/\/exceladvisor.org\/pt\/wp-json\/wp\/v2\/comments?post=63"}],"version-history":[{"count":1,"href":"https:\/\/exceladvisor.org\/pt\/wp-json\/wp\/v2\/pages\/63\/revisions"}],"predecessor-version":[{"id":955,"href":"https:\/\/exceladvisor.org\/pt\/wp-json\/wp\/v2\/pages\/63\/revisions\/955"}],"wp:attachment":[{"href":"https:\/\/exceladvisor.org\/pt\/wp-json\/wp\/v2\/media?parent=63"}],"curies":[{"name":"wp","href":"https:\/\/api.w.org\/{rel}","templated":true}]}}