{"id":630,"date":"2023-10-16T09:28:07","date_gmt":"2023-10-16T09:28:07","guid":{"rendered":"https:\/\/exceladvisor.org\/pt\/conteudo-claro\/"},"modified":"2023-12-06T11:38:18","modified_gmt":"2023-12-06T11:38:18","slug":"conteudo-claro","status":"publish","type":"page","link":"https:\/\/exceladvisor.org\/pt\/conteudo-claro\/","title":{"rendered":"Como limpar conte\u00fado no excel?"},"content":{"rendered":"<div class=\"excel-before-content-2\" id=\"excel-3790628518\"><script type=\"text\/javascript\">\r\n\tatOptions = {\r\n\t\t'key' : 'c1158f160081d6540a8409e6925dab94',\r\n\t\t'format' : 'iframe',\r\n\t\t'height' : 250,\r\n\t\t'width' : 300,\r\n\t\t'params' : {}\r\n\t};\r\n<\/script>\r\n<script type=\"text\/javascript\" src=\"\/\/www.highperformanceformat.com\/c1158f160081d6540a8409e6925dab94\/invoke.js\"><\/script><\/div><div class=\"excel-before-content\" id=\"excel-1980265868\"><script type=\"text\/javascript\">\r\n\tatOptions = {\r\n\t\t'key' : 'c1158f160081d6540a8409e6925dab94',\r\n\t\t'format' : 'iframe',\r\n\t\t'height' : 250,\r\n\t\t'width' : 300,\r\n\t\t'params' : {}\r\n\t};\r\n<\/script>\r\n<script type=\"text\/javascript\" src=\"\/\/www.highperformanceformat.com\/c1158f160081d6540a8409e6925dab94\/invoke.js\"><\/script><\/div> <p>Para limpar o conte\u00fado de uma c\u00e9lula ou intervalo de c\u00e9lulas no Excel, voc\u00ea precisa usar o bot\u00e3o \u201cExcluir\u201d do teclado. Essa chave funciona da mesma forma mesmo se voc\u00ea tiver selecionado uma c\u00e9lula, v\u00e1rias c\u00e9lulas n\u00e3o cont\u00ednuas ou um intervalo de c\u00e9lulas.<\/p><p> <kbd>EXCLUIR<\/kbd> <\/p><div class=\"wp-block-image\"><figure class=\"aligncenter size-full is-resized\"><img loading=\"lazy\" decoding=\"async\" class=\"wp-image-62310\" src=\"https:\/\/exceladvisor.org\/wp-content\/uploads\/2023\/08\/1-supprimer.png\" sizes=\"auto, \" srcset=\"\" alt=\"EXCLUIR\" width=\"790\" height=\"182\"><\/figure><\/div><p> Al\u00e9m disso, voc\u00ea tamb\u00e9m pode usar as seguintes teclas para conseguir o mesmo.<\/p><ul><li> <strong>Backspace<\/strong> : Embora backspace n\u00e3o seja usado para apagar conte\u00fado, ele funciona quase da mesma forma. Quando voc\u00ea seleciona uma c\u00e9lula e pressiona backspace, o conte\u00fado da c\u00e9lula \u00e9 limpo e alterado.<\/li><li> <kbd>Alt<\/kbd> \u279c <kbd>H<\/kbd> \u279c <kbd>E<\/kbd> \u279c <kbd>A<\/kbd> : Este atalho de teclado ativa a op\u00e7\u00e3o \u201cLimpar Conte\u00fado\u201d na guia In\u00edcio. <\/li><\/ul><div class=\"wp-block-group more-tutorials is-layout-flow\"><div class=\"wp-block-group__inner-container\"><h2 class=\"wp-block-heading\"> Mais atalhos <\/h2><div class=\"wp-block-columns is-layout-flex wp-container-33\"><div class=\"wp-block-column is-layout-flow\"><ul><li> <a href=\"https:\/\/exceladvisor.org\/pt\/filtro-1\/\">Aplicar e remover filtro<\/a><\/li><li> <a href=\"https:\/\/exceladvisor.org\/pt\/mostrar-formulas\/\">Mostrar f\u00f3rmulas<\/a><\/li><li> <a href=\"https:\/\/exceladvisor.org\/pt\/soma-automatica-2\/\">Soma autom\u00e1tica<\/a><\/li><li> <a href=\"https:\/\/exceladvisor.org\/pt\/deslize-para-baixo\/\">Deslize para baixo<\/a><\/li><li> <a href=\"https:\/\/exceladvisor.org\/pt\/excluir\/\">EXCLUIR<\/a><\/li><\/ul><\/div><div class=\"wp-block-column is-layout-flow\"><\/div><\/div><p> \u21e0 Retornar aos <a href=\"https:\/\/exceladvisor.org\/pt\/atalhos-do-teclado\/\">atalhos do Excel (folha de dicas em PDF)<\/a><\/p><\/div><\/div>","protected":false},"excerpt":{"rendered":"","protected":false},"author":1,"featured_media":0,"parent":0,"menu_order":0,"comment_status":"open","ping_status":"closed","template":"","meta":{"ub_ctt_via":"","footnotes":""},"class_list":["post-630","page","type-page","status-publish","hentry"],"featured_image_src":null,"yoast_head":"<!-- This site is optimized with the Yoast SEO plugin v25.4 - https:\/\/yoast.com\/wordpress\/plugins\/seo\/ -->\n<title>Como limpar conte\u00fado no Excel? (atalho do Excel)<\/title>\n<meta name=\"description\" content=\"Neste tutorial, voc\u00ea aprender\u00e1 a tecla de atalho do teclado para limpar o conte\u00fado de uma c\u00e9lula ou intervalo de c\u00e9lulas.\" \/>\n<meta name=\"robots\" content=\"index, follow, max-snippet:-1, max-image-preview:large, max-video-preview:-1\" \/>\n<link rel=\"canonical\" href=\"https:\/\/exceladvisor.org\/pt\/conteudo-claro\/\" \/>\n<meta property=\"og:locale\" content=\"pt_PT\" \/>\n<meta property=\"og:type\" content=\"article\" \/>\n<meta property=\"og:title\" content=\"Como limpar conte\u00fado no Excel? (atalho do Excel)\" \/>\n<meta property=\"og:description\" content=\"Neste tutorial, voc\u00ea aprender\u00e1 a tecla de atalho do teclado para limpar o conte\u00fado de uma c\u00e9lula ou intervalo de c\u00e9lulas.\" \/>\n<meta property=\"og:url\" content=\"https:\/\/exceladvisor.org\/pt\/conteudo-claro\/\" \/>\n<meta property=\"og:site_name\" content=\"Excel Advisor\" \/>\n<meta property=\"article:modified_time\" content=\"2023-12-06T11:38:18+00:00\" \/>\n<meta property=\"og:image\" content=\"https:\/\/exceladvisor.org\/wp-content\/uploads\/2023\/08\/1-supprimer.png\" \/>\n<meta name=\"twitter:card\" content=\"summary_large_image\" \/>\n<meta name=\"twitter:label1\" content=\"Tempo estimado de leitura\" \/>\n\t<meta name=\"twitter:data1\" content=\"1 minuto\" \/>\n<script type=\"application\/ld+json\" class=\"yoast-schema-graph\">{\"@context\":\"https:\/\/schema.org\",\"@graph\":[{\"@type\":\"WebPage\",\"@id\":\"https:\/\/exceladvisor.org\/pt\/conteudo-claro\/\",\"url\":\"https:\/\/exceladvisor.org\/pt\/conteudo-claro\/\",\"name\":\"Como limpar conte\u00fado no Excel? (atalho do Excel)\",\"isPartOf\":{\"@id\":\"https:\/\/exceladvisor.org\/pt\/#website\"},\"primaryImageOfPage\":{\"@id\":\"https:\/\/exceladvisor.org\/pt\/conteudo-claro\/#primaryimage\"},\"image\":{\"@id\":\"https:\/\/exceladvisor.org\/pt\/conteudo-claro\/#primaryimage\"},\"thumbnailUrl\":\"https:\/\/exceladvisor.org\/wp-content\/uploads\/2023\/08\/1-supprimer.png\",\"datePublished\":\"2023-10-16T09:28:07+00:00\",\"dateModified\":\"2023-12-06T11:38:18+00:00\",\"description\":\"Neste tutorial, voc\u00ea aprender\u00e1 a tecla de atalho do teclado para limpar o conte\u00fado de uma c\u00e9lula ou intervalo de c\u00e9lulas.\",\"breadcrumb\":{\"@id\":\"https:\/\/exceladvisor.org\/pt\/conteudo-claro\/#breadcrumb\"},\"inLanguage\":\"pt-PT\",\"potentialAction\":[{\"@type\":\"ReadAction\",\"target\":[\"https:\/\/exceladvisor.org\/pt\/conteudo-claro\/\"]}]},{\"@type\":\"ImageObject\",\"inLanguage\":\"pt-PT\",\"@id\":\"https:\/\/exceladvisor.org\/pt\/conteudo-claro\/#primaryimage\",\"url\":\"https:\/\/exceladvisor.org\/wp-content\/uploads\/2023\/08\/1-supprimer.png\",\"contentUrl\":\"https:\/\/exceladvisor.org\/wp-content\/uploads\/2023\/08\/1-supprimer.png\"},{\"@type\":\"BreadcrumbList\",\"@id\":\"https:\/\/exceladvisor.org\/pt\/conteudo-claro\/#breadcrumb\",\"itemListElement\":[{\"@type\":\"ListItem\",\"position\":1,\"name\":\"Lar\",\"item\":\"https:\/\/exceladvisor.org\/pt\/\"},{\"@type\":\"ListItem\",\"position\":2,\"name\":\"Como limpar conte\u00fado no excel?\"}]},{\"@type\":\"WebSite\",\"@id\":\"https:\/\/exceladvisor.org\/pt\/#website\",\"url\":\"https:\/\/exceladvisor.org\/pt\/\",\"name\":\"Excel Advisor\",\"description\":\"O seu guia definitivo para dominar os dados!\",\"publisher\":{\"@id\":\"https:\/\/exceladvisor.org\/pt\/#organization\"},\"potentialAction\":[{\"@type\":\"SearchAction\",\"target\":{\"@type\":\"EntryPoint\",\"urlTemplate\":\"https:\/\/exceladvisor.org\/pt\/?s={search_term_string}\"},\"query-input\":{\"@type\":\"PropertyValueSpecification\",\"valueRequired\":true,\"valueName\":\"search_term_string\"}}],\"inLanguage\":\"pt-PT\"},{\"@type\":\"Organization\",\"@id\":\"https:\/\/exceladvisor.org\/pt\/#organization\",\"name\":\"Excel Advisor\",\"url\":\"https:\/\/exceladvisor.org\/pt\/\",\"logo\":{\"@type\":\"ImageObject\",\"inLanguage\":\"pt-PT\",\"@id\":\"https:\/\/exceladvisor.org\/pt\/#\/schema\/logo\/image\/\",\"url\":\"https:\/\/exceladvisor.org\/pt\/wp-content\/uploads\/2023\/12\/exceladvisor.org_.png\",\"contentUrl\":\"https:\/\/exceladvisor.org\/pt\/wp-content\/uploads\/2023\/12\/exceladvisor.org_.png\",\"width\":105,\"height\":36,\"caption\":\"Excel Advisor\"},\"image\":{\"@id\":\"https:\/\/exceladvisor.org\/pt\/#\/schema\/logo\/image\/\"}}]}<\/script>\n<!-- \/ Yoast SEO plugin. -->","yoast_head_json":{"title":"Como limpar conte\u00fado no Excel? (atalho do Excel)","description":"Neste tutorial, voc\u00ea aprender\u00e1 a tecla de atalho do teclado para limpar o conte\u00fado de uma c\u00e9lula ou intervalo de c\u00e9lulas.","robots":{"index":"index","follow":"follow","max-snippet":"max-snippet:-1","max-image-preview":"max-image-preview:large","max-video-preview":"max-video-preview:-1"},"canonical":"https:\/\/exceladvisor.org\/pt\/conteudo-claro\/","og_locale":"pt_PT","og_type":"article","og_title":"Como limpar conte\u00fado no Excel? (atalho do Excel)","og_description":"Neste tutorial, voc\u00ea aprender\u00e1 a tecla de atalho do teclado para limpar o conte\u00fado de uma c\u00e9lula ou intervalo de c\u00e9lulas.","og_url":"https:\/\/exceladvisor.org\/pt\/conteudo-claro\/","og_site_name":"Excel Advisor","article_modified_time":"2023-12-06T11:38:18+00:00","og_image":[{"url":"https:\/\/exceladvisor.org\/wp-content\/uploads\/2023\/08\/1-supprimer.png","type":"","width":"","height":""}],"twitter_card":"summary_large_image","twitter_misc":{"Tempo estimado de leitura":"1 minuto"},"schema":{"@context":"https:\/\/schema.org","@graph":[{"@type":"WebPage","@id":"https:\/\/exceladvisor.org\/pt\/conteudo-claro\/","url":"https:\/\/exceladvisor.org\/pt\/conteudo-claro\/","name":"Como limpar conte\u00fado no Excel? (atalho do Excel)","isPartOf":{"@id":"https:\/\/exceladvisor.org\/pt\/#website"},"primaryImageOfPage":{"@id":"https:\/\/exceladvisor.org\/pt\/conteudo-claro\/#primaryimage"},"image":{"@id":"https:\/\/exceladvisor.org\/pt\/conteudo-claro\/#primaryimage"},"thumbnailUrl":"https:\/\/exceladvisor.org\/wp-content\/uploads\/2023\/08\/1-supprimer.png","datePublished":"2023-10-16T09:28:07+00:00","dateModified":"2023-12-06T11:38:18+00:00","description":"Neste tutorial, voc\u00ea aprender\u00e1 a tecla de atalho do teclado para limpar o conte\u00fado de uma c\u00e9lula ou intervalo de c\u00e9lulas.","breadcrumb":{"@id":"https:\/\/exceladvisor.org\/pt\/conteudo-claro\/#breadcrumb"},"inLanguage":"pt-PT","potentialAction":[{"@type":"ReadAction","target":["https:\/\/exceladvisor.org\/pt\/conteudo-claro\/"]}]},{"@type":"ImageObject","inLanguage":"pt-PT","@id":"https:\/\/exceladvisor.org\/pt\/conteudo-claro\/#primaryimage","url":"https:\/\/exceladvisor.org\/wp-content\/uploads\/2023\/08\/1-supprimer.png","contentUrl":"https:\/\/exceladvisor.org\/wp-content\/uploads\/2023\/08\/1-supprimer.png"},{"@type":"BreadcrumbList","@id":"https:\/\/exceladvisor.org\/pt\/conteudo-claro\/#breadcrumb","itemListElement":[{"@type":"ListItem","position":1,"name":"Lar","item":"https:\/\/exceladvisor.org\/pt\/"},{"@type":"ListItem","position":2,"name":"Como limpar conte\u00fado no excel?"}]},{"@type":"WebSite","@id":"https:\/\/exceladvisor.org\/pt\/#website","url":"https:\/\/exceladvisor.org\/pt\/","name":"Excel Advisor","description":"O seu guia definitivo para dominar os dados!","publisher":{"@id":"https:\/\/exceladvisor.org\/pt\/#organization"},"potentialAction":[{"@type":"SearchAction","target":{"@type":"EntryPoint","urlTemplate":"https:\/\/exceladvisor.org\/pt\/?s={search_term_string}"},"query-input":{"@type":"PropertyValueSpecification","valueRequired":true,"valueName":"search_term_string"}}],"inLanguage":"pt-PT"},{"@type":"Organization","@id":"https:\/\/exceladvisor.org\/pt\/#organization","name":"Excel Advisor","url":"https:\/\/exceladvisor.org\/pt\/","logo":{"@type":"ImageObject","inLanguage":"pt-PT","@id":"https:\/\/exceladvisor.org\/pt\/#\/schema\/logo\/image\/","url":"https:\/\/exceladvisor.org\/pt\/wp-content\/uploads\/2023\/12\/exceladvisor.org_.png","contentUrl":"https:\/\/exceladvisor.org\/pt\/wp-content\/uploads\/2023\/12\/exceladvisor.org_.png","width":105,"height":36,"caption":"Excel Advisor"},"image":{"@id":"https:\/\/exceladvisor.org\/pt\/#\/schema\/logo\/image\/"}}]}},"yoast_meta":{"yoast_wpseo_title":"","yoast_wpseo_metadesc":"","yoast_wpseo_canonical":""},"_links":{"self":[{"href":"https:\/\/exceladvisor.org\/pt\/wp-json\/wp\/v2\/pages\/630","targetHints":{"allow":["GET"]}}],"collection":[{"href":"https:\/\/exceladvisor.org\/pt\/wp-json\/wp\/v2\/pages"}],"about":[{"href":"https:\/\/exceladvisor.org\/pt\/wp-json\/wp\/v2\/types\/page"}],"author":[{"embeddable":true,"href":"https:\/\/exceladvisor.org\/pt\/wp-json\/wp\/v2\/users\/1"}],"replies":[{"embeddable":true,"href":"https:\/\/exceladvisor.org\/pt\/wp-json\/wp\/v2\/comments?post=630"}],"version-history":[{"count":1,"href":"https:\/\/exceladvisor.org\/pt\/wp-json\/wp\/v2\/pages\/630\/revisions"}],"predecessor-version":[{"id":1113,"href":"https:\/\/exceladvisor.org\/pt\/wp-json\/wp\/v2\/pages\/630\/revisions\/1113"}],"wp:attachment":[{"href":"https:\/\/exceladvisor.org\/pt\/wp-json\/wp\/v2\/media?parent=630"}],"curies":[{"name":"wp","href":"https:\/\/api.w.org\/{rel}","templated":true}]}}