{"id":631,"date":"2023-10-16T06:58:22","date_gmt":"2023-10-16T06:58:22","guid":{"rendered":"https:\/\/exceladvisor.org\/pt\/salvar-como\/"},"modified":"2023-12-06T11:42:09","modified_gmt":"2023-12-06T11:42:09","slug":"salvar-como","status":"publish","type":"page","link":"https:\/\/exceladvisor.org\/pt\/salvar-como\/","title":{"rendered":"Como salvar rapidamente como uma pasta de trabalho do excel?"},"content":{"rendered":"<div class=\"excel-before-content-2\" id=\"excel-2013468922\"><script type=\"text\/javascript\">\r\n\tatOptions = {\r\n\t\t'key' : 'c1158f160081d6540a8409e6925dab94',\r\n\t\t'format' : 'iframe',\r\n\t\t'height' : 250,\r\n\t\t'width' : 300,\r\n\t\t'params' : {}\r\n\t};\r\n<\/script>\r\n<script type=\"text\/javascript\" src=\"\/\/www.highperformanceformat.com\/c1158f160081d6540a8409e6925dab94\/invoke.js\"><\/script><\/div><div class=\"excel-before-content\" id=\"excel-2583562850\"><script type=\"text\/javascript\">\r\n\tatOptions = {\r\n\t\t'key' : 'c1158f160081d6540a8409e6925dab94',\r\n\t\t'format' : 'iframe',\r\n\t\t'height' : 250,\r\n\t\t'width' : 300,\r\n\t\t'params' : {}\r\n\t};\r\n<\/script>\r\n<script type=\"text\/javascript\" src=\"\/\/www.highperformanceformat.com\/c1158f160081d6540a8409e6925dab94\/invoke.js\"><\/script><\/div> <p>\u00c0s vezes, o usu\u00e1rio deseja que as altera\u00e7\u00f5es feitas no arquivo existente sejam salvas em um novo arquivo separado com o nome e formato do arquivo novo ou existente.<\/p><p> Para isso, o usu\u00e1rio deve salvar o arquivo usando a op\u00e7\u00e3o \u201cSalvar como\u201d, que d\u00e1 a op\u00e7\u00e3o de salvar o arquivo como um novo arquivo separado com nome e formato novo ou existente, e local para escolher salvar este arquivo.<\/p><h2 class=\"wp-block-heading\"> Atalho de teclado para salvar como uma pasta de trabalho do Excel<\/h2><p> Existem v\u00e1rias maneiras de usar a op\u00e7\u00e3o &#8220;Salvar como&#8221;, mas existem dois atalhos r\u00e1pidos para usar a op\u00e7\u00e3o &#8220;Salvar como&#8221; conforme abaixo:<\/p><p> <kbd>Fn<\/kbd> + <kbd>F12<\/kbd> <\/p><div class=\"wp-block-image\"><figure class=\"aligncenter size-full is-resized\"><img loading=\"lazy\" decoding=\"async\" class=\"wp-image-67535\" src=\"https:\/\/exceladvisor.org\/wp-content\/uploads\/2023\/08\/1-raccourci-clavier-pour-enregistrer-sous.png\" sizes=\"auto, \" srcset=\"\" alt=\"atalho de teclado para salvar como\" width=\"881\" height=\"345\"><\/figure><\/div><p> <kbd>Alt<\/kbd> \u2192 <kbd>F<\/kbd> \u2192 <kbd>A<\/kbd> <\/p><div class=\"wp-block-image\"><figure class=\"aligncenter size-full is-resized\"><img loading=\"lazy\" decoding=\"async\" class=\"wp-image-67536\" src=\"https:\/\/exceladvisor.org\/wp-content\/uploads\/2023\/08\/2-raccourcis-clavier-pour-enregistrer-sous.png\" sizes=\"auto, \" srcset=\"\" alt=\"atalho de teclado para salvar como\" width=\"886\" height=\"347\"><\/figure><\/div><h2 class=\"wp-block-heading\"> Etapas para salvar como arquivo usando um atalho de teclado<\/h2><ol><li> Primeiro, pressione as teclas de atalho Fn + F12 ou Alt \u2192 F \u2192 A para abrir a caixa de di\u00e1logo \u201cSalvar como\u201d.<\/li><li> Depois disso, voc\u00ea pode renomear o arquivo, alterar o formato do arquivo e escolher o local para salv\u00e1-lo como um novo arquivo separado.<\/li><li> Feito isso, clique no bot\u00e3o \u201cSalvar\u201d e voc\u00ea obter\u00e1 seu novo arquivo separado gerado. <\/li><\/ol><div class=\"wp-block-image\"><figure class=\"aligncenter size-full is-resized\"><img loading=\"lazy\" decoding=\"async\" class=\"wp-image-67537\" src=\"https:\/\/exceladvisor.org\/wp-content\/uploads\/2023\/08\/3-enregistrer-sous-la-boite-de-dialogue-2.png\" sizes=\"auto, \" srcset=\"\" alt=\"caixa de di\u00e1logo salvar como\" width=\"608\" height=\"396\"><\/figure><\/div><div class=\"wp-block-group more-tutorials is-layout-flow\"><div class=\"wp-block-group__inner-container\"><h2 class=\"wp-block-heading\"> Mais tutoriais <\/h2><div class=\"wp-block-columns is-layout-flex wp-container-83\"><div class=\"wp-block-column is-layout-flow\"><ul><li> <a href=\"https:\/\/exceladvisor.org\/pt\/fechar\/\">Fechar<\/a><\/li><li> <a href=\"https:\/\/exceladvisor.org\/pt\/tela-cheia\/\">Tela cheia<\/a><\/li><li> <a href=\"https:\/\/exceladvisor.org\/pt\/banda\/\">Banda<\/a><\/li><li> <a href=\"https:\/\/exceladvisor.org\/pt\/visualizacao-de-impressao-1\/\">Visualizar antes de imprimir<\/a><\/li><li> <a href=\"https:\/\/exceladvisor.org\/pt\/alterar-guia\/\">Guia Alternar<\/a><\/li><li> <a href=\"https:\/\/exceladvisor.org\/pt\/desfazer-refazer\/\">Desfazer e refazer<\/a><\/li><\/ul><\/div><div class=\"wp-block-column is-layout-flow\"><\/div><\/div><p> \u21e0 Retornar aos <a href=\"https:\/\/exceladvisor.org\/pt\/atalhos-do-teclado\/\">atalhos do Excel (folha de dicas em PDF)<\/a><\/p><\/div><\/div>","protected":false},"excerpt":{"rendered":"","protected":false},"author":1,"featured_media":0,"parent":0,"menu_order":0,"comment_status":"open","ping_status":"closed","template":"","meta":{"ub_ctt_via":"","footnotes":""},"class_list":["post-631","page","type-page","status-publish","hentry"],"featured_image_src":null,"yoast_head":"<!-- This site is optimized with the Yoast SEO plugin v25.4 - https:\/\/yoast.com\/wordpress\/plugins\/seo\/ -->\n<title>Como salvar rapidamente como uma pasta de trabalho do Excel?<\/title>\n<meta name=\"description\" content=\"Neste tutorial, aprenderemos como usar um atalho de teclado para visualizar f\u00f3rmulas em uma planilha do Excel.\" \/>\n<meta name=\"robots\" content=\"index, follow, max-snippet:-1, max-image-preview:large, max-video-preview:-1\" \/>\n<link rel=\"canonical\" href=\"https:\/\/exceladvisor.org\/pt\/salvar-como\/\" \/>\n<meta property=\"og:locale\" content=\"pt_PT\" \/>\n<meta property=\"og:type\" content=\"article\" \/>\n<meta property=\"og:title\" content=\"Como salvar rapidamente como uma pasta de trabalho do Excel?\" \/>\n<meta property=\"og:description\" content=\"Neste tutorial, aprenderemos como usar um atalho de teclado para visualizar f\u00f3rmulas em uma planilha do Excel.\" \/>\n<meta property=\"og:url\" content=\"https:\/\/exceladvisor.org\/pt\/salvar-como\/\" \/>\n<meta property=\"og:site_name\" content=\"Excel Advisor\" \/>\n<meta property=\"article:modified_time\" content=\"2023-12-06T11:42:09+00:00\" \/>\n<meta property=\"og:image\" content=\"https:\/\/exceladvisor.org\/wp-content\/uploads\/2023\/08\/1-raccourci-clavier-pour-enregistrer-sous.png\" \/>\n<meta name=\"twitter:card\" content=\"summary_large_image\" \/>\n<meta name=\"twitter:label1\" content=\"Tempo estimado de leitura\" \/>\n\t<meta name=\"twitter:data1\" content=\"1 minuto\" \/>\n<script type=\"application\/ld+json\" class=\"yoast-schema-graph\">{\"@context\":\"https:\/\/schema.org\",\"@graph\":[{\"@type\":\"WebPage\",\"@id\":\"https:\/\/exceladvisor.org\/pt\/salvar-como\/\",\"url\":\"https:\/\/exceladvisor.org\/pt\/salvar-como\/\",\"name\":\"Como salvar rapidamente como uma pasta de trabalho do Excel?\",\"isPartOf\":{\"@id\":\"https:\/\/exceladvisor.org\/pt\/#website\"},\"primaryImageOfPage\":{\"@id\":\"https:\/\/exceladvisor.org\/pt\/salvar-como\/#primaryimage\"},\"image\":{\"@id\":\"https:\/\/exceladvisor.org\/pt\/salvar-como\/#primaryimage\"},\"thumbnailUrl\":\"https:\/\/exceladvisor.org\/wp-content\/uploads\/2023\/08\/1-raccourci-clavier-pour-enregistrer-sous.png\",\"datePublished\":\"2023-10-16T06:58:22+00:00\",\"dateModified\":\"2023-12-06T11:42:09+00:00\",\"description\":\"Neste tutorial, aprenderemos como usar um atalho de teclado para visualizar f\u00f3rmulas em uma planilha do Excel.\",\"breadcrumb\":{\"@id\":\"https:\/\/exceladvisor.org\/pt\/salvar-como\/#breadcrumb\"},\"inLanguage\":\"pt-PT\",\"potentialAction\":[{\"@type\":\"ReadAction\",\"target\":[\"https:\/\/exceladvisor.org\/pt\/salvar-como\/\"]}]},{\"@type\":\"ImageObject\",\"inLanguage\":\"pt-PT\",\"@id\":\"https:\/\/exceladvisor.org\/pt\/salvar-como\/#primaryimage\",\"url\":\"https:\/\/exceladvisor.org\/wp-content\/uploads\/2023\/08\/1-raccourci-clavier-pour-enregistrer-sous.png\",\"contentUrl\":\"https:\/\/exceladvisor.org\/wp-content\/uploads\/2023\/08\/1-raccourci-clavier-pour-enregistrer-sous.png\"},{\"@type\":\"BreadcrumbList\",\"@id\":\"https:\/\/exceladvisor.org\/pt\/salvar-como\/#breadcrumb\",\"itemListElement\":[{\"@type\":\"ListItem\",\"position\":1,\"name\":\"Lar\",\"item\":\"https:\/\/exceladvisor.org\/pt\/\"},{\"@type\":\"ListItem\",\"position\":2,\"name\":\"Como salvar rapidamente como uma pasta de trabalho do excel?\"}]},{\"@type\":\"WebSite\",\"@id\":\"https:\/\/exceladvisor.org\/pt\/#website\",\"url\":\"https:\/\/exceladvisor.org\/pt\/\",\"name\":\"Excel Advisor\",\"description\":\"O seu guia definitivo para dominar os dados!\",\"publisher\":{\"@id\":\"https:\/\/exceladvisor.org\/pt\/#organization\"},\"potentialAction\":[{\"@type\":\"SearchAction\",\"target\":{\"@type\":\"EntryPoint\",\"urlTemplate\":\"https:\/\/exceladvisor.org\/pt\/?s={search_term_string}\"},\"query-input\":{\"@type\":\"PropertyValueSpecification\",\"valueRequired\":true,\"valueName\":\"search_term_string\"}}],\"inLanguage\":\"pt-PT\"},{\"@type\":\"Organization\",\"@id\":\"https:\/\/exceladvisor.org\/pt\/#organization\",\"name\":\"Excel Advisor\",\"url\":\"https:\/\/exceladvisor.org\/pt\/\",\"logo\":{\"@type\":\"ImageObject\",\"inLanguage\":\"pt-PT\",\"@id\":\"https:\/\/exceladvisor.org\/pt\/#\/schema\/logo\/image\/\",\"url\":\"https:\/\/exceladvisor.org\/pt\/wp-content\/uploads\/2023\/12\/exceladvisor.org_.png\",\"contentUrl\":\"https:\/\/exceladvisor.org\/pt\/wp-content\/uploads\/2023\/12\/exceladvisor.org_.png\",\"width\":105,\"height\":36,\"caption\":\"Excel Advisor\"},\"image\":{\"@id\":\"https:\/\/exceladvisor.org\/pt\/#\/schema\/logo\/image\/\"}}]}<\/script>\n<!-- \/ Yoast SEO plugin. -->","yoast_head_json":{"title":"Como salvar rapidamente como uma pasta de trabalho do Excel?","description":"Neste tutorial, aprenderemos como usar um atalho de teclado para visualizar f\u00f3rmulas em uma planilha do Excel.","robots":{"index":"index","follow":"follow","max-snippet":"max-snippet:-1","max-image-preview":"max-image-preview:large","max-video-preview":"max-video-preview:-1"},"canonical":"https:\/\/exceladvisor.org\/pt\/salvar-como\/","og_locale":"pt_PT","og_type":"article","og_title":"Como salvar rapidamente como uma pasta de trabalho do Excel?","og_description":"Neste tutorial, aprenderemos como usar um atalho de teclado para visualizar f\u00f3rmulas em uma planilha do Excel.","og_url":"https:\/\/exceladvisor.org\/pt\/salvar-como\/","og_site_name":"Excel Advisor","article_modified_time":"2023-12-06T11:42:09+00:00","og_image":[{"url":"https:\/\/exceladvisor.org\/wp-content\/uploads\/2023\/08\/1-raccourci-clavier-pour-enregistrer-sous.png","type":"","width":"","height":""}],"twitter_card":"summary_large_image","twitter_misc":{"Tempo estimado de leitura":"1 minuto"},"schema":{"@context":"https:\/\/schema.org","@graph":[{"@type":"WebPage","@id":"https:\/\/exceladvisor.org\/pt\/salvar-como\/","url":"https:\/\/exceladvisor.org\/pt\/salvar-como\/","name":"Como salvar rapidamente como uma pasta de trabalho do Excel?","isPartOf":{"@id":"https:\/\/exceladvisor.org\/pt\/#website"},"primaryImageOfPage":{"@id":"https:\/\/exceladvisor.org\/pt\/salvar-como\/#primaryimage"},"image":{"@id":"https:\/\/exceladvisor.org\/pt\/salvar-como\/#primaryimage"},"thumbnailUrl":"https:\/\/exceladvisor.org\/wp-content\/uploads\/2023\/08\/1-raccourci-clavier-pour-enregistrer-sous.png","datePublished":"2023-10-16T06:58:22+00:00","dateModified":"2023-12-06T11:42:09+00:00","description":"Neste tutorial, aprenderemos como usar um atalho de teclado para visualizar f\u00f3rmulas em uma planilha do Excel.","breadcrumb":{"@id":"https:\/\/exceladvisor.org\/pt\/salvar-como\/#breadcrumb"},"inLanguage":"pt-PT","potentialAction":[{"@type":"ReadAction","target":["https:\/\/exceladvisor.org\/pt\/salvar-como\/"]}]},{"@type":"ImageObject","inLanguage":"pt-PT","@id":"https:\/\/exceladvisor.org\/pt\/salvar-como\/#primaryimage","url":"https:\/\/exceladvisor.org\/wp-content\/uploads\/2023\/08\/1-raccourci-clavier-pour-enregistrer-sous.png","contentUrl":"https:\/\/exceladvisor.org\/wp-content\/uploads\/2023\/08\/1-raccourci-clavier-pour-enregistrer-sous.png"},{"@type":"BreadcrumbList","@id":"https:\/\/exceladvisor.org\/pt\/salvar-como\/#breadcrumb","itemListElement":[{"@type":"ListItem","position":1,"name":"Lar","item":"https:\/\/exceladvisor.org\/pt\/"},{"@type":"ListItem","position":2,"name":"Como salvar rapidamente como uma pasta de trabalho do excel?"}]},{"@type":"WebSite","@id":"https:\/\/exceladvisor.org\/pt\/#website","url":"https:\/\/exceladvisor.org\/pt\/","name":"Excel Advisor","description":"O seu guia definitivo para dominar os dados!","publisher":{"@id":"https:\/\/exceladvisor.org\/pt\/#organization"},"potentialAction":[{"@type":"SearchAction","target":{"@type":"EntryPoint","urlTemplate":"https:\/\/exceladvisor.org\/pt\/?s={search_term_string}"},"query-input":{"@type":"PropertyValueSpecification","valueRequired":true,"valueName":"search_term_string"}}],"inLanguage":"pt-PT"},{"@type":"Organization","@id":"https:\/\/exceladvisor.org\/pt\/#organization","name":"Excel Advisor","url":"https:\/\/exceladvisor.org\/pt\/","logo":{"@type":"ImageObject","inLanguage":"pt-PT","@id":"https:\/\/exceladvisor.org\/pt\/#\/schema\/logo\/image\/","url":"https:\/\/exceladvisor.org\/pt\/wp-content\/uploads\/2023\/12\/exceladvisor.org_.png","contentUrl":"https:\/\/exceladvisor.org\/pt\/wp-content\/uploads\/2023\/12\/exceladvisor.org_.png","width":105,"height":36,"caption":"Excel Advisor"},"image":{"@id":"https:\/\/exceladvisor.org\/pt\/#\/schema\/logo\/image\/"}}]}},"yoast_meta":{"yoast_wpseo_title":"","yoast_wpseo_metadesc":"","yoast_wpseo_canonical":""},"_links":{"self":[{"href":"https:\/\/exceladvisor.org\/pt\/wp-json\/wp\/v2\/pages\/631","targetHints":{"allow":["GET"]}}],"collection":[{"href":"https:\/\/exceladvisor.org\/pt\/wp-json\/wp\/v2\/pages"}],"about":[{"href":"https:\/\/exceladvisor.org\/pt\/wp-json\/wp\/v2\/types\/page"}],"author":[{"embeddable":true,"href":"https:\/\/exceladvisor.org\/pt\/wp-json\/wp\/v2\/users\/1"}],"replies":[{"embeddable":true,"href":"https:\/\/exceladvisor.org\/pt\/wp-json\/wp\/v2\/comments?post=631"}],"version-history":[{"count":1,"href":"https:\/\/exceladvisor.org\/pt\/wp-json\/wp\/v2\/pages\/631\/revisions"}],"predecessor-version":[{"id":1186,"href":"https:\/\/exceladvisor.org\/pt\/wp-json\/wp\/v2\/pages\/631\/revisions\/1186"}],"wp:attachment":[{"href":"https:\/\/exceladvisor.org\/pt\/wp-json\/wp\/v2\/media?parent=631"}],"curies":[{"name":"wp","href":"https:\/\/api.w.org\/{rel}","templated":true}]}}