{"id":632,"date":"2023-10-16T03:28:30","date_gmt":"2023-10-16T03:28:30","guid":{"rendered":"https:\/\/exceladvisor.org\/pt\/quebrar-texto\/"},"modified":"2023-12-06T11:41:50","modified_gmt":"2023-12-06T11:41:50","slug":"quebrar-texto","status":"publish","type":"page","link":"https:\/\/exceladvisor.org\/pt\/quebrar-texto\/","title":{"rendered":"Como quebrar texto no excel?"},"content":{"rendered":"<div class=\"excel-before-content-2\" id=\"excel-1708044761\"><script type=\"text\/javascript\">\r\n\tatOptions = {\r\n\t\t'key' : 'c1158f160081d6540a8409e6925dab94',\r\n\t\t'format' : 'iframe',\r\n\t\t'height' : 250,\r\n\t\t'width' : 300,\r\n\t\t'params' : {}\r\n\t};\r\n<\/script>\r\n<script type=\"text\/javascript\" src=\"\/\/www.highperformanceformat.com\/c1158f160081d6540a8409e6925dab94\/invoke.js\"><\/script><\/div><div class=\"excel-before-content\" id=\"excel-2912981789\"><script type=\"text\/javascript\">\r\n\tatOptions = {\r\n\t\t'key' : 'c1158f160081d6540a8409e6925dab94',\r\n\t\t'format' : 'iframe',\r\n\t\t'height' : 250,\r\n\t\t'width' : 300,\r\n\t\t'params' : {}\r\n\t};\r\n<\/script>\r\n<script type=\"text\/javascript\" src=\"\/\/www.highperformanceformat.com\/c1158f160081d6540a8409e6925dab94\/invoke.js\"><\/script><\/div> <p>O Excel tem largura e altura de c\u00e9lula padr\u00e3o, portanto, quando voc\u00ea insere o texto longo na c\u00e9lula, parte desse texto ultrapassa as c\u00e9lulas ou fica invis\u00edvel devido ao tamanho maior desse texto.<\/p><p> Para superar isso, o Excel possui o recurso de quebra de texto que converte o texto em v\u00e1rias linhas na c\u00e9lula para caber no texto na c\u00e9lula. Isso converte o texto em v\u00e1rias linhas e aumenta a altura da c\u00e9lula para caber no texto na c\u00e9lula. <\/p><div class=\"wp-block-image\"><figure class=\"aligncenter size-full is-resized\"><img loading=\"lazy\" decoding=\"async\" class=\"wp-image-69497\" src=\"https:\/\/exceladvisor.org\/wp-content\/uploads\/2023\/08\/1-valeurs-reparties-sur-les-cellules.png\" sizes=\"auto, \" srcset=\"\" alt=\"valores derramados nas c\u00e9lulas\" width=\"552\" height=\"216\"><\/figure><\/div><h2 class=\"wp-block-heading\"> Atalho de teclado para quebrar texto no Excel<\/h2><p> O atalho de teclado para quebrar o texto \u00e9 o seguinte:<\/p><p> <kbd>Alt<\/kbd> \u2192 <kbd>H<\/kbd> \u2192 <kbd>W<\/kbd> <\/p><div class=\"wp-block-image\"><figure class=\"aligncenter size-full is-resized\"><img loading=\"lazy\" decoding=\"async\" class=\"wp-image-69499\" src=\"https:\/\/exceladvisor.org\/wp-content\/uploads\/2023\/08\/2-raccourci-clavier-pour-envelopper-le-texte.png\" sizes=\"auto, \" srcset=\"\" alt=\"atalho de teclado para quebrar o texto\" width=\"810\" height=\"318\"><\/figure><\/div><h2 class=\"wp-block-heading\"> Etapas para quebrar o texto usando um atalho de teclado<\/h2><ol><li> Primeiro selecione a c\u00e9lula, o intervalo de c\u00e9lulas ou a coluna inteira. <br><img decoding=\"async\" title=\"Intervalo de 3 c\u00e9lulas selecionado\" src=\"https:\/\/exceladvisor.org\/wp-content\/uploads\/2023\/08\/3-selectionner-une-plage-de-cellules.png\" sizes=\"\" srcset=\"\" alt=\"select-cells-range\"><\/li><li> Depois disso, pressione as teclas \u201cAlt \u2192 H \u2192 W\u201d e seus dados nas c\u00e9lulas ser\u00e3o agrupados. <br><img decoding=\"async\" title=\"Texto embrulhado em 4\" src=\"https:\/\/exceladvisor.org\/wp-content\/uploads\/2023\/08\/4-texte-enveloppe.png\" sizes=\"\" srcset=\"\" alt=\"wrapped-text\"><\/li><\/ol><p class=\"mynote\"> A quebra autom\u00e1tica de texto envolve o texto aumentando a altura da c\u00e9lula e a largura da c\u00e9lula permanece inalterada. Portanto, quando voc\u00ea aumenta ou diminui a largura da c\u00e9lula, a quebra autom\u00e1tica do texto \u00e9 ajustada automaticamente.<\/p><div class=\"gb-container gb-container-2116538e gb-container-mt\"> <a class=\"gb-button gb-button-f7d2c131 gb-button-text gb-button-mt-button\" href=\"https:\/\/exceladvisor.org\/pt\/atalhos-do-teclado\/\">Atalhos de teclado do Excel PDF<\/a><h2 class=\"gb-headline gb-headline-7ed68554 gb-headline-text gb-headline-mt-heading\"> Mais atalhos <\/h2><div class=\"gb-grid-wrapper gb-grid-wrapper-edeef538 gb-grid-wrapper-mt-grid\"><div class=\"gb-grid-column gb-grid-column-6ab6fbc6\"><div class=\"gb-container gb-container-6ab6fbc6\"><ul><li> <a href=\"https:\/\/exceladvisor.org\/pt\/abrir-opcoes-de-formato-de-celula\/\">Op\u00e7\u00e3o para abrir c\u00e9lulas de formato<\/a><\/li><li> <a href=\"https:\/\/exceladvisor.org\/pt\/ajuste-automatico\/\">Ajuste autom\u00e1tico<\/a><\/li><li> <a href=\"https:\/\/exceladvisor.org\/pt\/formato-de-pintor-1\/\">Formato do pintor<\/a> <\/li><\/ul><\/div><\/div><div class=\"gb-grid-column gb-grid-column-766d598b\"><div class=\"gb-container gb-container-766d598b\"><ul><li> <a href=\"https:\/\/exceladvisor.org\/pt\/adicione-um-recuo\/\">Adicionar um recuo<\/a><\/li><li> <a href=\"https:\/\/exceladvisor.org\/pt\/aplicar-fronteiras\/\">Aplicar borda<\/a><\/li><li> <a href=\"https:\/\/exceladvisor.org\/pt\/cor-de-preenchimento\/\">Cor de preenchimento<\/a><\/li><\/ul><\/div><\/div><\/div><\/div>","protected":false},"excerpt":{"rendered":"","protected":false},"author":1,"featured_media":0,"parent":0,"menu_order":0,"comment_status":"open","ping_status":"closed","template":"","meta":{"ub_ctt_via":"","footnotes":""},"class_list":["post-632","page","type-page","status-publish","hentry"],"featured_image_src":null,"yoast_head":"<!-- This site is optimized with the Yoast SEO plugin v25.4 - https:\/\/yoast.com\/wordpress\/plugins\/seo\/ -->\n<title>Como quebrar texto no Excel? (atalho do Excel)<\/title>\n<meta name=\"description\" content=\"Neste tutorial, voc\u00ea aprender\u00e1 como usar um atalho de teclado para aplicar texto a uma linha no Excel. Agora este atalho\" \/>\n<meta name=\"robots\" content=\"index, follow, max-snippet:-1, max-image-preview:large, max-video-preview:-1\" \/>\n<link rel=\"canonical\" href=\"https:\/\/exceladvisor.org\/pt\/quebrar-texto\/\" \/>\n<meta property=\"og:locale\" content=\"pt_PT\" \/>\n<meta property=\"og:type\" content=\"article\" \/>\n<meta property=\"og:title\" content=\"Como quebrar texto no Excel? (atalho do Excel)\" \/>\n<meta property=\"og:description\" content=\"Neste tutorial, voc\u00ea aprender\u00e1 como usar um atalho de teclado para aplicar texto a uma linha no Excel. Agora este atalho\" \/>\n<meta property=\"og:url\" content=\"https:\/\/exceladvisor.org\/pt\/quebrar-texto\/\" \/>\n<meta property=\"og:site_name\" content=\"Excel Advisor\" \/>\n<meta property=\"article:modified_time\" content=\"2023-12-06T11:41:50+00:00\" \/>\n<meta property=\"og:image\" content=\"https:\/\/exceladvisor.org\/wp-content\/uploads\/2023\/08\/1-valeurs-reparties-sur-les-cellules.png\" \/>\n<meta name=\"twitter:card\" content=\"summary_large_image\" \/>\n<meta name=\"twitter:label1\" content=\"Tempo estimado de leitura\" \/>\n\t<meta name=\"twitter:data1\" content=\"1 minuto\" \/>\n<script type=\"application\/ld+json\" class=\"yoast-schema-graph\">{\"@context\":\"https:\/\/schema.org\",\"@graph\":[{\"@type\":\"WebPage\",\"@id\":\"https:\/\/exceladvisor.org\/pt\/quebrar-texto\/\",\"url\":\"https:\/\/exceladvisor.org\/pt\/quebrar-texto\/\",\"name\":\"Como quebrar texto no Excel? (atalho do Excel)\",\"isPartOf\":{\"@id\":\"https:\/\/exceladvisor.org\/pt\/#website\"},\"primaryImageOfPage\":{\"@id\":\"https:\/\/exceladvisor.org\/pt\/quebrar-texto\/#primaryimage\"},\"image\":{\"@id\":\"https:\/\/exceladvisor.org\/pt\/quebrar-texto\/#primaryimage\"},\"thumbnailUrl\":\"https:\/\/exceladvisor.org\/wp-content\/uploads\/2023\/08\/1-valeurs-reparties-sur-les-cellules.png\",\"datePublished\":\"2023-10-16T03:28:30+00:00\",\"dateModified\":\"2023-12-06T11:41:50+00:00\",\"description\":\"Neste tutorial, voc\u00ea aprender\u00e1 como usar um atalho de teclado para aplicar texto a uma linha no Excel. Agora este atalho\",\"breadcrumb\":{\"@id\":\"https:\/\/exceladvisor.org\/pt\/quebrar-texto\/#breadcrumb\"},\"inLanguage\":\"pt-PT\",\"potentialAction\":[{\"@type\":\"ReadAction\",\"target\":[\"https:\/\/exceladvisor.org\/pt\/quebrar-texto\/\"]}]},{\"@type\":\"ImageObject\",\"inLanguage\":\"pt-PT\",\"@id\":\"https:\/\/exceladvisor.org\/pt\/quebrar-texto\/#primaryimage\",\"url\":\"https:\/\/exceladvisor.org\/wp-content\/uploads\/2023\/08\/1-valeurs-reparties-sur-les-cellules.png\",\"contentUrl\":\"https:\/\/exceladvisor.org\/wp-content\/uploads\/2023\/08\/1-valeurs-reparties-sur-les-cellules.png\"},{\"@type\":\"BreadcrumbList\",\"@id\":\"https:\/\/exceladvisor.org\/pt\/quebrar-texto\/#breadcrumb\",\"itemListElement\":[{\"@type\":\"ListItem\",\"position\":1,\"name\":\"Lar\",\"item\":\"https:\/\/exceladvisor.org\/pt\/\"},{\"@type\":\"ListItem\",\"position\":2,\"name\":\"Como quebrar texto no excel?\"}]},{\"@type\":\"WebSite\",\"@id\":\"https:\/\/exceladvisor.org\/pt\/#website\",\"url\":\"https:\/\/exceladvisor.org\/pt\/\",\"name\":\"Excel Advisor\",\"description\":\"O seu guia definitivo para dominar os dados!\",\"publisher\":{\"@id\":\"https:\/\/exceladvisor.org\/pt\/#organization\"},\"potentialAction\":[{\"@type\":\"SearchAction\",\"target\":{\"@type\":\"EntryPoint\",\"urlTemplate\":\"https:\/\/exceladvisor.org\/pt\/?s={search_term_string}\"},\"query-input\":{\"@type\":\"PropertyValueSpecification\",\"valueRequired\":true,\"valueName\":\"search_term_string\"}}],\"inLanguage\":\"pt-PT\"},{\"@type\":\"Organization\",\"@id\":\"https:\/\/exceladvisor.org\/pt\/#organization\",\"name\":\"Excel Advisor\",\"url\":\"https:\/\/exceladvisor.org\/pt\/\",\"logo\":{\"@type\":\"ImageObject\",\"inLanguage\":\"pt-PT\",\"@id\":\"https:\/\/exceladvisor.org\/pt\/#\/schema\/logo\/image\/\",\"url\":\"https:\/\/exceladvisor.org\/pt\/wp-content\/uploads\/2023\/12\/exceladvisor.org_.png\",\"contentUrl\":\"https:\/\/exceladvisor.org\/pt\/wp-content\/uploads\/2023\/12\/exceladvisor.org_.png\",\"width\":105,\"height\":36,\"caption\":\"Excel Advisor\"},\"image\":{\"@id\":\"https:\/\/exceladvisor.org\/pt\/#\/schema\/logo\/image\/\"}}]}<\/script>\n<!-- \/ Yoast SEO plugin. -->","yoast_head_json":{"title":"Como quebrar texto no Excel? (atalho do Excel)","description":"Neste tutorial, voc\u00ea aprender\u00e1 como usar um atalho de teclado para aplicar texto a uma linha no Excel. Agora este atalho","robots":{"index":"index","follow":"follow","max-snippet":"max-snippet:-1","max-image-preview":"max-image-preview:large","max-video-preview":"max-video-preview:-1"},"canonical":"https:\/\/exceladvisor.org\/pt\/quebrar-texto\/","og_locale":"pt_PT","og_type":"article","og_title":"Como quebrar texto no Excel? (atalho do Excel)","og_description":"Neste tutorial, voc\u00ea aprender\u00e1 como usar um atalho de teclado para aplicar texto a uma linha no Excel. Agora este atalho","og_url":"https:\/\/exceladvisor.org\/pt\/quebrar-texto\/","og_site_name":"Excel Advisor","article_modified_time":"2023-12-06T11:41:50+00:00","og_image":[{"url":"https:\/\/exceladvisor.org\/wp-content\/uploads\/2023\/08\/1-valeurs-reparties-sur-les-cellules.png","type":"","width":"","height":""}],"twitter_card":"summary_large_image","twitter_misc":{"Tempo estimado de leitura":"1 minuto"},"schema":{"@context":"https:\/\/schema.org","@graph":[{"@type":"WebPage","@id":"https:\/\/exceladvisor.org\/pt\/quebrar-texto\/","url":"https:\/\/exceladvisor.org\/pt\/quebrar-texto\/","name":"Como quebrar texto no Excel? (atalho do Excel)","isPartOf":{"@id":"https:\/\/exceladvisor.org\/pt\/#website"},"primaryImageOfPage":{"@id":"https:\/\/exceladvisor.org\/pt\/quebrar-texto\/#primaryimage"},"image":{"@id":"https:\/\/exceladvisor.org\/pt\/quebrar-texto\/#primaryimage"},"thumbnailUrl":"https:\/\/exceladvisor.org\/wp-content\/uploads\/2023\/08\/1-valeurs-reparties-sur-les-cellules.png","datePublished":"2023-10-16T03:28:30+00:00","dateModified":"2023-12-06T11:41:50+00:00","description":"Neste tutorial, voc\u00ea aprender\u00e1 como usar um atalho de teclado para aplicar texto a uma linha no Excel. Agora este atalho","breadcrumb":{"@id":"https:\/\/exceladvisor.org\/pt\/quebrar-texto\/#breadcrumb"},"inLanguage":"pt-PT","potentialAction":[{"@type":"ReadAction","target":["https:\/\/exceladvisor.org\/pt\/quebrar-texto\/"]}]},{"@type":"ImageObject","inLanguage":"pt-PT","@id":"https:\/\/exceladvisor.org\/pt\/quebrar-texto\/#primaryimage","url":"https:\/\/exceladvisor.org\/wp-content\/uploads\/2023\/08\/1-valeurs-reparties-sur-les-cellules.png","contentUrl":"https:\/\/exceladvisor.org\/wp-content\/uploads\/2023\/08\/1-valeurs-reparties-sur-les-cellules.png"},{"@type":"BreadcrumbList","@id":"https:\/\/exceladvisor.org\/pt\/quebrar-texto\/#breadcrumb","itemListElement":[{"@type":"ListItem","position":1,"name":"Lar","item":"https:\/\/exceladvisor.org\/pt\/"},{"@type":"ListItem","position":2,"name":"Como quebrar texto no excel?"}]},{"@type":"WebSite","@id":"https:\/\/exceladvisor.org\/pt\/#website","url":"https:\/\/exceladvisor.org\/pt\/","name":"Excel Advisor","description":"O seu guia definitivo para dominar os dados!","publisher":{"@id":"https:\/\/exceladvisor.org\/pt\/#organization"},"potentialAction":[{"@type":"SearchAction","target":{"@type":"EntryPoint","urlTemplate":"https:\/\/exceladvisor.org\/pt\/?s={search_term_string}"},"query-input":{"@type":"PropertyValueSpecification","valueRequired":true,"valueName":"search_term_string"}}],"inLanguage":"pt-PT"},{"@type":"Organization","@id":"https:\/\/exceladvisor.org\/pt\/#organization","name":"Excel Advisor","url":"https:\/\/exceladvisor.org\/pt\/","logo":{"@type":"ImageObject","inLanguage":"pt-PT","@id":"https:\/\/exceladvisor.org\/pt\/#\/schema\/logo\/image\/","url":"https:\/\/exceladvisor.org\/pt\/wp-content\/uploads\/2023\/12\/exceladvisor.org_.png","contentUrl":"https:\/\/exceladvisor.org\/pt\/wp-content\/uploads\/2023\/12\/exceladvisor.org_.png","width":105,"height":36,"caption":"Excel Advisor"},"image":{"@id":"https:\/\/exceladvisor.org\/pt\/#\/schema\/logo\/image\/"}}]}},"yoast_meta":{"yoast_wpseo_title":"","yoast_wpseo_metadesc":"","yoast_wpseo_canonical":""},"_links":{"self":[{"href":"https:\/\/exceladvisor.org\/pt\/wp-json\/wp\/v2\/pages\/632","targetHints":{"allow":["GET"]}}],"collection":[{"href":"https:\/\/exceladvisor.org\/pt\/wp-json\/wp\/v2\/pages"}],"about":[{"href":"https:\/\/exceladvisor.org\/pt\/wp-json\/wp\/v2\/types\/page"}],"author":[{"embeddable":true,"href":"https:\/\/exceladvisor.org\/pt\/wp-json\/wp\/v2\/users\/1"}],"replies":[{"embeddable":true,"href":"https:\/\/exceladvisor.org\/pt\/wp-json\/wp\/v2\/comments?post=632"}],"version-history":[{"count":1,"href":"https:\/\/exceladvisor.org\/pt\/wp-json\/wp\/v2\/pages\/632\/revisions"}],"predecessor-version":[{"id":1162,"href":"https:\/\/exceladvisor.org\/pt\/wp-json\/wp\/v2\/pages\/632\/revisions\/1162"}],"wp:attachment":[{"href":"https:\/\/exceladvisor.org\/pt\/wp-json\/wp\/v2\/media?parent=632"}],"curies":[{"name":"wp","href":"https:\/\/api.w.org\/{rel}","templated":true}]}}