{"id":633,"date":"2023-10-15T17:12:29","date_gmt":"2023-10-15T17:12:29","guid":{"rendered":"https:\/\/exceladvisor.org\/pt\/formulas-de-funcao\/"},"modified":"2023-12-06T11:44:09","modified_gmt":"2023-12-06T11:44:09","slug":"formulas-de-funcao","status":"publish","type":"page","link":"https:\/\/exceladvisor.org\/pt\/formulas-de-funcao\/","title":{"rendered":"Como usar fun\u00e7\u00f5es e f\u00f3rmulas no power query?"},"content":{"rendered":"<div class=\"excel-before-content-2\" id=\"excel-3834213417\"><script type=\"text\/javascript\">\r\n\tatOptions = {\r\n\t\t'key' : 'c1158f160081d6540a8409e6925dab94',\r\n\t\t'format' : 'iframe',\r\n\t\t'height' : 250,\r\n\t\t'width' : 300,\r\n\t\t'params' : {}\r\n\t};\r\n<\/script>\r\n<script type=\"text\/javascript\" src=\"\/\/www.highperformanceformat.com\/c1158f160081d6540a8409e6925dab94\/invoke.js\"><\/script><\/div><div class=\"excel-before-content\" id=\"excel-261173445\"><script type=\"text\/javascript\">\r\n\tatOptions = {\r\n\t\t'key' : 'c1158f160081d6540a8409e6925dab94',\r\n\t\t'format' : 'iframe',\r\n\t\t'height' : 250,\r\n\t\t'width' : 300,\r\n\t\t'params' : {}\r\n\t};\r\n<\/script>\r\n<script type=\"text\/javascript\" src=\"\/\/www.highperformanceformat.com\/c1158f160081d6540a8409e6925dab94\/invoke.js\"><\/script><\/div> <p>No Power Query, voc\u00ea pode usar fun\u00e7\u00f5es e f\u00f3rmulas quase como em uma planilha. O Power Query possui uma longa lista de fun\u00e7\u00f5es e voc\u00ea pode escrever f\u00f3rmulas usando diferentes fun\u00e7\u00f5es ou operadores de c\u00e1lculo.<\/p><p> E neste tutorial entenderemos fun\u00e7\u00f5es e f\u00f3rmulas em detalhes.<\/p><h2 class=\"wp-block-heading\"> Escreva sua primeira f\u00f3rmula no Power Query<\/h2><p> No Power Query, ao contr\u00e1rio do Excel, voc\u00ea deve adicionar uma nova coluna para inserir uma f\u00f3rmula. No entanto, voc\u00ea pode inseri-lo em uma \u00fanica c\u00e9lula. Vamos entender isso com um exemplo. Abaixo temos alguns valores nas colunas A e B. <\/p><div class=\"wp-block-image\"><figure class=\"aligncenter size-full is-resized\"><img loading=\"lazy\" decoding=\"async\" class=\"wp-image-88811\" src=\"https:\/\/exceladvisor.org\/wp-content\/uploads\/2023\/08\/1-formule-dans-power-query.png\" sizes=\"auto, \" srcset=\"\" alt=\"f\u00f3rmula em consulta avan\u00e7ada\" width=\"185\" height=\"306\"><\/figure><\/div><p> E agora insira uma nova coluna com o total de ambas as colunas. Para obt\u00ea-lo, voc\u00ea pode seguir as etapas abaixo:<\/p><ol><li> Primeiro, carregue os dados no poderoso editor de consultas (guia Dados &gt; De outras fontes &gt; Do intervalo\/tabela). <br><img decoding=\"async\" style=\"height: 442px; width: 509px;\" title=\"2-carregar dados em consulta de energia\" src=\"https:\/\/exceladvisor.org\/wp-content\/uploads\/2023\/08\/2-charger-les-donnees-dans-la-requete-de-puissance.png\" sizes=\"\" srcset=\"\" alt=\"load-data-into-power-query\"><\/li><li> No editor, voc\u00ea precisa ir para a guia Adicionar Coluna e clicar no bot\u00e3o Coluna Personalizada para abrir a caixa de di\u00e1logo. <br><img decoding=\"async\" style=\"height: 429px; width: 540px;\" title=\"Coluna personalizada com 3 bot\u00f5es\" src=\"https:\/\/exceladvisor.org\/wp-content\/uploads\/2023\/08\/3-bouton-de-colonne-personnalise.png\" sizes=\"\" srcset=\"\" alt=\"custom-column-button\"><\/li><li> A partir da\u00ed, na caixa de di\u00e1logo, voc\u00ea deve inserir a f\u00f3rmula que deseja usar. O sinal de igual j\u00e1 est\u00e1 l\u00e1, ent\u00e3o voc\u00ea n\u00e3o precisa digit\u00e1-lo. <br><img decoding=\"async\" style=\"height: 304px; width: 797px;\" title=\"4-insira a f\u00f3rmula na caixa de di\u00e1logo\" src=\"https:\/\/exceladvisor.org\/wp-content\/uploads\/2023\/08\/4-entrez-la-formule-dans-la-boite-de-dialogue.png\" sizes=\"\" srcset=\"\" alt=\"enter-the-formula-in-dialog-box\"><\/li><li> Em seguida, voc\u00ea precisa escrever a f\u00f3rmula:<ul><li> Clique em Jan nas colunas dispon\u00edveis para inseri-lo na f\u00f3rmula.<\/li><\/ul><ul><li> Insira o sinal de mais (+).<\/li><\/ul><ul><li> Clique em fevereiro nas colunas dispon\u00edveis para inseri-lo na f\u00f3rmula.<\/li><\/ul><ul><li> Insira tamb\u00e9m um nome para a coluna. <\/li><\/ul><p><img decoding=\"async\" style=\"height: 404px; width: 665px;\" title=\"5-escrever-f\u00f3rmula-para-entrar-com-nova-coluna-personalizada\" src=\"https:\/\/exceladvisor.org\/wp-content\/uploads\/2023\/08\/5-ecrire-une-formule-a-saisir-avec-une-nouvelle-colonne-personnalisee.png\" sizes=\"\" srcset=\"\" alt=\"write-formula-to-enter-with-new-custom-column\"><\/p><\/li><li> Ao final, clique em OK para inserir a f\u00f3rmula com uma nova coluna personalizada.<\/li><\/ol><p> No momento em que voc\u00ea pressiona Enter, entra uma nova coluna com a soma das colunas A e B (janeiro e fevereiro). <\/p><div class=\"wp-block-image\"><figure class=\"aligncenter size-full is-resized\"><img loading=\"lazy\" decoding=\"async\" class=\"wp-image-88816\" src=\"https:\/\/exceladvisor.org\/wp-content\/uploads\/2023\/08\/6-nouvelle-colonne-avec-les-resultats-de-la-formule.png\" sizes=\"auto, \" srcset=\"\" alt=\"nova coluna com resultados de f\u00f3rmula\" width=\"552\" height=\"306\"><\/figure><\/div><p> Ao final, clique no bot\u00e3o Fechar e Carregar na aba In\u00edcio para carregar os dados em uma nova planilha do Excel. <\/p><div class=\"wp-block-image\"><figure class=\"aligncenter size-full is-resized\"><img loading=\"lazy\" decoding=\"async\" class=\"wp-image-88817\" src=\"https:\/\/exceladvisor.org\/wp-content\/uploads\/2023\/08\/7-cliquez-sur-fermer-et-charger.png\" sizes=\"auto, \" srcset=\"\" alt=\"clique em fechar e carregar\" width=\"494\" height=\"156\"><\/figure><\/div><p> E assim que voc\u00ea clicar nele, o poderoso editor de consultas fechar\u00e1 e carregar\u00e1 os dados inserindo uma nova planilha. <\/p><div class=\"wp-block-image\"><figure class=\"aligncenter size-full is-resized\"><img loading=\"lazy\" decoding=\"async\" class=\"wp-image-88818\" src=\"https:\/\/exceladvisor.org\/wp-content\/uploads\/2023\/08\/8-charge-les-donnees-en-inserant-une-nouvelle-feuille-de-calcul.png\" sizes=\"auto, \" srcset=\"\" alt=\"carregar dados inserindo nova planilha\" width=\"435\" height=\"401\"><\/figure><\/div><p> Como uma consulta avan\u00e7ada em tempo real, voc\u00ea obt\u00e9m todos os novos valores nesta tabela ao inserir novos valores nos dados de origem e atualizar a nova tabela que voc\u00ea recarregou no editor de consulta avan\u00e7ada. Assim at\u00e9 o c\u00e1lculo dos novos valores tamb\u00e9m ser\u00e1 feito durante a atualiza\u00e7\u00e3o.<\/p><h2 class=\"wp-block-heading\"> Editando uma f\u00f3rmula<\/h2><p> Depois de escrever uma f\u00f3rmula no Power Query, voc\u00ea poder\u00e1 edit\u00e1-la.<\/p><ul><li> Primeiro, selecione uma das c\u00e9lulas na nova tabela e navegue at\u00e9 a guia \u201cConsulta\u201d na faixa de op\u00e7\u00f5es.<\/li><li> E ent\u00e3o, clique no bot\u00e3o editar. <\/li><\/ul><div class=\"wp-block-image\"><figure class=\"aligncenter size-full is-resized\"><img loading=\"lazy\" decoding=\"async\" class=\"wp-image-88819\" src=\"https:\/\/exceladvisor.org\/wp-content\/uploads\/2023\/08\/9-modifier-une-formule-dans-power-query.png\" sizes=\"auto, \" srcset=\"\" alt=\"modificar uma f\u00f3rmula na consulta avan\u00e7ada\" width=\"473\" height=\"379\"><\/figure><\/div><p> Depois de clicar no bot\u00e3o editar, o Editor do Power Query ser\u00e1 aberto. <\/p><div class=\"wp-block-image\"><figure class=\"aligncenter size-full is-resized\"><img loading=\"lazy\" decoding=\"async\" class=\"wp-image-88820\" src=\"https:\/\/exceladvisor.org\/wp-content\/uploads\/2023\/08\/10-editeur-de-requete-de-puissance-ouvert.png\" sizes=\"auto, \" srcset=\"\" alt=\"editor de consulta de energia aberto\" width=\"600\" height=\"377\"><\/figure><\/div><p> A partir daqui, voc\u00ea precisa ir para o lado direito da janela onde est\u00e3o localizadas as \u201cEtapas Aplicadas\u201d.<\/p><p> E ent\u00e3o clique em \u201cAdi\u00e7\u00e3o personalizada\u201d para abrir a caixa de di\u00e1logo da coluna personalizada onde voc\u00ea insere inicialmente a f\u00f3rmula. <\/p><div class=\"wp-block-image\"><figure class=\"aligncenter size-full is-resized\"><img loading=\"lazy\" decoding=\"async\" class=\"wp-image-88821\" src=\"https:\/\/exceladvisor.org\/wp-content\/uploads\/2023\/08\/11-cliquez-sur-la-coutume-ajoutee.png\" sizes=\"auto, \" srcset=\"\" alt=\"clique em adicionado personalizado\" width=\"242\" height=\"274\"><\/figure><\/div><p> E na caixa de di\u00e1logo voc\u00ea pode editar e modificar a f\u00f3rmula que escreveu. <\/p><div class=\"wp-block-image\"><figure class=\"aligncenter size-full is-resized\"><img loading=\"lazy\" decoding=\"async\" class=\"wp-image-88822\" src=\"https:\/\/exceladvisor.org\/wp-content\/uploads\/2023\/08\/12-modifier-ou-modifier-la-formule-existante.png\" sizes=\"auto, \" srcset=\"\" alt=\"modificar ou alterar a f\u00f3rmula existente\" width=\"626\" height=\"238\"><\/figure><\/div><p> O uso de f\u00f3rmulas no Power Query \u00e9 semelhante <a href=\"https:\/\/exceladvisor.org\/pt\/formulas\/\">\u00e0s f\u00f3rmulas do Excel<\/a> ; voc\u00ea s\u00f3 precisa saber a fun\u00e7\u00e3o ou operador correto a ser usado.<\/p><p> Na pr\u00f3xima parte deste tutorial, aprenderemos como usar uma fun\u00e7\u00e3o para obter o resultado desejado ou fazer um resultado espec\u00edfico com consulta avan\u00e7ada.<\/p><h2 class=\"wp-block-heading\"> Usando fun\u00e7\u00f5es no Power Query<\/h2><p> Assim como o Excel, o Power Query possui uma longa lista de fun\u00e7\u00f5es que voc\u00ea pode usar para c\u00e1lculos espec\u00edficos.<\/p><p> E mais adiante neste tutorial aprenderemos como usar uma fun\u00e7\u00e3o para entender como inseri-la usando uma nova coluna personalizada, e <a href=\"https:\/\/learn.microsoft.com\/en-us\/powerquery-m\/power-query-m-function-reference\" target=\"_blank\" rel=\"noreferrer noopener nofollow\">aqui est\u00e1 a lista<\/a> de fun\u00e7\u00f5es da Microsoft que voc\u00ea pode consultar para encontrar a fun\u00e7\u00e3o que precisa.<\/p><p> No exemplo abaixo, temos uma lista de datas, e agora precisamos obter a \u00faltima data do m\u00eas a que pertencem esses dias. Por exemplo, se uma data for do m\u00eas (maio), precisamos obter a \u00faltima data de maio. <\/p><div class=\"wp-block-image\"><figure class=\"aligncenter size-full is-resized\"><img loading=\"lazy\" decoding=\"async\" class=\"wp-image-88823\" src=\"https:\/\/exceladvisor.org\/wp-content\/uploads\/2023\/08\/13-fonctions-dutilisation-dans-la-requete-de-puissance.png\" sizes=\"auto, \" srcset=\"\" alt=\"usar fun\u00e7\u00f5es em consulta avan\u00e7ada\" width=\"152\" height=\"311\"><\/figure><\/div><p> E para isso podemos usar a fun\u00e7\u00e3o Date.EndOfMonth. Nesta fun\u00e7\u00e3o, temos apenas um argumento para definir: <strong>dateTime<\/strong> .<\/p><p> Depois de carregar seus dados no Editor de consulta avan\u00e7ada, voc\u00ea precisa ir para a guia Adicionar coluna e clicar no bot\u00e3o Coluna personalizada para abrir a caixa de di\u00e1logo da coluna personalizada. <\/p><div class=\"wp-block-image\"><figure class=\"aligncenter size-full is-resized\"><img loading=\"lazy\" decoding=\"async\" class=\"wp-image-88824\" src=\"https:\/\/exceladvisor.org\/wp-content\/uploads\/2023\/08\/14-ouvrir-une-boite-de-dialogue-personnalisee.png\" sizes=\"auto, \" srcset=\"\" alt=\"abrir caixa de di\u00e1logo personalizada\" width=\"406\" height=\"150\"><\/figure><\/div><p> Na caixa de di\u00e1logo, insira o nome da fun\u00e7\u00e3o, Date.EndOfMonth. Instantaneamente, o Intellisense exibir\u00e1 uma lista de fun\u00e7\u00f5es relacionadas quando voc\u00ea come\u00e7ar a digitar o nome da fun\u00e7\u00e3o. <\/p><div class=\"wp-block-image\"><figure class=\"aligncenter size-full is-resized\"><img loading=\"lazy\" decoding=\"async\" class=\"wp-image-88825\" src=\"https:\/\/exceladvisor.org\/wp-content\/uploads\/2023\/08\/15-dans-la-boite-de-dialogue-entrez-le-nom-de-la-fonction.png\" sizes=\"auto, \" srcset=\"\" alt=\"na caixa de di\u00e1logo digite o nome da fun\u00e7\u00e3o\" width=\"566\" height=\"311\"><\/figure><\/div><p> Voc\u00ea pode inserir o nome completo da fun\u00e7\u00e3o ou clicar no nome que possui na lista. Depois de inserir o nome da fun\u00e7\u00e3o, voc\u00ea precisa inserir um par\u00eantese inicial e ele mostrar\u00e1 os detalhes dos argumentos que voc\u00ea precisa especificar. <\/p><div class=\"wp-block-image\"><figure class=\"aligncenter size-full is-resized\"><img loading=\"lazy\" decoding=\"async\" class=\"wp-image-88826\" src=\"https:\/\/exceladvisor.org\/wp-content\/uploads\/2023\/08\/16-entrez-une-parenthese-ouvrante-apres-le-nom-de-la-formule.png\" sizes=\"auto, \" srcset=\"\" alt=\"insira os par\u00eanteses iniciais ap\u00f3s o nome da f\u00f3rmula\" width=\"591\" height=\"233\"><\/figure><\/div><p> Como mencionei antes, precisamos especificar o argumento dateTime, que pode ser uma data ou um valor de data e hora. E temos uma lista de datas nos dados carregados na consulta avan\u00e7ada.<\/p><p> Portanto, voc\u00ea precisa inserir o nome da coluna no argumento da fun\u00e7\u00e3o. E ent\u00e3o feche a fun\u00e7\u00e3o com os par\u00eanteses de fechamento. <\/p><div class=\"wp-block-image\"><figure class=\"aligncenter size-full is-resized\"><img loading=\"lazy\" decoding=\"async\" class=\"wp-image-88827\" src=\"https:\/\/exceladvisor.org\/wp-content\/uploads\/2023\/08\/17-nom-de-colonne-dans-largument-de-la-fonction.png\" sizes=\"auto, \" srcset=\"\" alt=\"nome da coluna no argumento da fun\u00e7\u00e3o\" width=\"712\" height=\"257\"><\/figure><\/div><p> Antes de clicar em OK, adicione um nome para a nova coluna. <\/p><div class=\"wp-block-image\"><figure class=\"aligncenter size-full is-resized\"><img loading=\"lazy\" decoding=\"async\" class=\"wp-image-88829\" src=\"https:\/\/exceladvisor.org\/wp-content\/uploads\/2023\/08\/18-ajouter-le-nom-de-la-nouvelle-colonne.png\" sizes=\"auto, \" srcset=\"\" alt=\"adicionar-novo-nome-coluna\" width=\"696\" height=\"219\"><\/figure><\/div><p> Ao final, clique em OK para inserir a coluna. E assim que voc\u00ea clicar em OK, uma nova coluna ser\u00e1 inserida com a \u00daltima Data do m\u00eas com base na data que voc\u00ea tem na coluna correspondente. <\/p><div class=\"wp-block-image\"><figure class=\"aligncenter size-full is-resized\"><img loading=\"lazy\" decoding=\"async\" class=\"wp-image-88830\" src=\"https:\/\/exceladvisor.org\/wp-content\/uploads\/2023\/08\/19-nouvelles-colonnes-avec-la-derniere-date-du-mois.png\" sizes=\"auto, \" srcset=\"\" alt=\"nova coluna com \u00faltima data do m\u00eas\" width=\"431\" height=\"316\"><\/figure><\/div><p> Esta coluna tamb\u00e9m possui uma hora com a data, ent\u00e3o voc\u00ea precisa alterar o formato da coluna apenas para a data. Clique no menu suspenso \u201cTipo de dados\u201d e selecione \u201cData\u201d para isso. <\/p><div class=\"wp-block-image\"><figure class=\"aligncenter size-full is-resized\"><img loading=\"lazy\" decoding=\"async\" class=\"wp-image-88831\" src=\"https:\/\/exceladvisor.org\/wp-content\/uploads\/2023\/08\/20-a-partir-du-type-de-donnees-selectionner-la-date.png\" sizes=\"auto, \" srcset=\"\" alt=\"from-data-type-select-date\" width=\"626\" height=\"364\"><\/figure><\/div><p> Isso mudar\u00e1 o formato da coluna para Data. E voc\u00ea pode ver que temos a \u00faltima data do m\u00eas com base no m\u00eas que voc\u00ea tem na primeira coluna. <\/p><div class=\"wp-block-image\"><figure class=\"aligncenter size-full is-resized\"><img loading=\"lazy\" decoding=\"async\" class=\"wp-image-88832\" src=\"https:\/\/exceladvisor.org\/wp-content\/uploads\/2023\/08\/Format-21-colonnes-change-en-date.png\" sizes=\"auto, \" srcset=\"\" alt=\"formato da coluna alterado na data\" width=\"390\" height=\"286\"><\/figure><\/div><h2 class=\"wp-block-heading\"> Usando fun\u00e7\u00f5es para c\u00e1lculos<\/h2><p> No exemplo acima, usamos uma fun\u00e7\u00e3o simples para fazer voc\u00ea entender as etapas para usar qualquer fun\u00e7\u00e3o na consulta avan\u00e7ada.<\/p><p> Depois de saber qual fun\u00e7\u00e3o usar para o c\u00e1lculo necess\u00e1rio, voc\u00ea pode inserir uma coluna personalizada e inserir a fun\u00e7\u00e3o e, em seguida, especificar os argumentos necess\u00e1rios.<\/p><div class=\"gb-container gb-container-9e2850fe gb-container-mt\"> <a class=\"gb-button gb-button-71636faa gb-button-text gb-button-mt-button\" href=\"https:\/\/exceladvisor.org\/pt\/solicitacao-de-energia\/\">Consulta avan\u00e7ada no Excel (tutorial)<\/a><h2 class=\"gb-headline gb-headline-c566b2ed gb-headline-text gb-headline-mt-heading\"> Tutoriais relacionados <\/h2><div class=\"gb-grid-wrapper gb-grid-wrapper-b15ed1bf gb-grid-wrapper-mt-grid\"><div class=\"gb-grid-column gb-grid-column-6e9de105\"><div class=\"gb-container gb-container-6e9de105\"><ul><li> Mesclar [Combinar] V\u00e1rios ARQUIVOS Excel em UM CADERNO<\/li><li> <a href=\"https:\/\/exceladvisor.org\/pt\/pesquisav-2\/\">Execute VLOOKUP no Power Query no Excel<\/a><\/li><li> <a href=\"https:\/\/exceladvisor.org\/pt\/dados-nao-girados\/\">Remova o piv\u00f4 de dados no Excel usando o Power Query<\/a><\/li><li> <a href=\"https:\/\/exceladvisor.org\/pt\/corrente\/\">Power Query: concatenar valores (texto e n\u00fameros)<\/a><\/li><li> <a href=\"https:\/\/exceladvisor.org\/pt\/diferenca-de-datas\/\">Consulta avan\u00e7ada: diferen\u00e7a de data<\/a> <\/li><\/ul><\/div><\/div><div class=\"gb-grid-column gb-grid-column-4eaecde3\"><div class=\"gb-container gb-container-4eaecde3\"><\/div><\/div><\/div><\/div>","protected":false},"excerpt":{"rendered":"","protected":false},"author":1,"featured_media":0,"parent":0,"menu_order":0,"comment_status":"open","ping_status":"closed","template":"","meta":{"ub_ctt_via":"","footnotes":""},"class_list":["post-633","page","type-page","status-publish","hentry"],"featured_image_src":null,"yoast_head":"<!-- This site is optimized with the Yoast SEO plugin v25.4 - https:\/\/yoast.com\/wordpress\/plugins\/seo\/ -->\n<title>Como usar fun\u00e7\u00f5es e f\u00f3rmulas no Power Query?<\/title>\n<meta name=\"description\" content=\"No Power Query, voc\u00ea pode usar fun\u00e7\u00f5es e f\u00f3rmulas quase como em uma planilha.\" \/>\n<meta name=\"robots\" content=\"index, follow, max-snippet:-1, max-image-preview:large, max-video-preview:-1\" \/>\n<link rel=\"canonical\" href=\"https:\/\/exceladvisor.org\/pt\/formulas-de-funcao\/\" \/>\n<meta property=\"og:locale\" content=\"pt_PT\" \/>\n<meta property=\"og:type\" content=\"article\" \/>\n<meta property=\"og:title\" content=\"Como usar fun\u00e7\u00f5es e f\u00f3rmulas no Power Query?\" \/>\n<meta property=\"og:description\" content=\"No Power Query, voc\u00ea pode usar fun\u00e7\u00f5es e f\u00f3rmulas quase como em uma planilha.\" \/>\n<meta property=\"og:url\" content=\"https:\/\/exceladvisor.org\/pt\/formulas-de-funcao\/\" \/>\n<meta property=\"og:site_name\" content=\"Excel Advisor\" \/>\n<meta property=\"article:modified_time\" content=\"2023-12-06T11:44:09+00:00\" \/>\n<meta property=\"og:image\" content=\"https:\/\/exceladvisor.org\/wp-content\/uploads\/2023\/08\/1-formule-dans-power-query.png\" \/>\n<meta name=\"twitter:card\" content=\"summary_large_image\" \/>\n<meta name=\"twitter:label1\" content=\"Tempo estimado de leitura\" \/>\n\t<meta name=\"twitter:data1\" content=\"5 minutos\" \/>\n<script type=\"application\/ld+json\" class=\"yoast-schema-graph\">{\"@context\":\"https:\/\/schema.org\",\"@graph\":[{\"@type\":\"WebPage\",\"@id\":\"https:\/\/exceladvisor.org\/pt\/formulas-de-funcao\/\",\"url\":\"https:\/\/exceladvisor.org\/pt\/formulas-de-funcao\/\",\"name\":\"Como usar fun\u00e7\u00f5es e f\u00f3rmulas no Power Query?\",\"isPartOf\":{\"@id\":\"https:\/\/exceladvisor.org\/pt\/#website\"},\"primaryImageOfPage\":{\"@id\":\"https:\/\/exceladvisor.org\/pt\/formulas-de-funcao\/#primaryimage\"},\"image\":{\"@id\":\"https:\/\/exceladvisor.org\/pt\/formulas-de-funcao\/#primaryimage\"},\"thumbnailUrl\":\"https:\/\/exceladvisor.org\/wp-content\/uploads\/2023\/08\/1-formule-dans-power-query.png\",\"datePublished\":\"2023-10-15T17:12:29+00:00\",\"dateModified\":\"2023-12-06T11:44:09+00:00\",\"description\":\"No Power Query, voc\u00ea pode usar fun\u00e7\u00f5es e f\u00f3rmulas quase como em uma planilha.\",\"breadcrumb\":{\"@id\":\"https:\/\/exceladvisor.org\/pt\/formulas-de-funcao\/#breadcrumb\"},\"inLanguage\":\"pt-PT\",\"potentialAction\":[{\"@type\":\"ReadAction\",\"target\":[\"https:\/\/exceladvisor.org\/pt\/formulas-de-funcao\/\"]}]},{\"@type\":\"ImageObject\",\"inLanguage\":\"pt-PT\",\"@id\":\"https:\/\/exceladvisor.org\/pt\/formulas-de-funcao\/#primaryimage\",\"url\":\"https:\/\/exceladvisor.org\/wp-content\/uploads\/2023\/08\/1-formule-dans-power-query.png\",\"contentUrl\":\"https:\/\/exceladvisor.org\/wp-content\/uploads\/2023\/08\/1-formule-dans-power-query.png\"},{\"@type\":\"BreadcrumbList\",\"@id\":\"https:\/\/exceladvisor.org\/pt\/formulas-de-funcao\/#breadcrumb\",\"itemListElement\":[{\"@type\":\"ListItem\",\"position\":1,\"name\":\"Lar\",\"item\":\"https:\/\/exceladvisor.org\/pt\/\"},{\"@type\":\"ListItem\",\"position\":2,\"name\":\"Como usar fun\u00e7\u00f5es e f\u00f3rmulas no power query?\"}]},{\"@type\":\"WebSite\",\"@id\":\"https:\/\/exceladvisor.org\/pt\/#website\",\"url\":\"https:\/\/exceladvisor.org\/pt\/\",\"name\":\"Excel Advisor\",\"description\":\"O seu guia definitivo para dominar os dados!\",\"publisher\":{\"@id\":\"https:\/\/exceladvisor.org\/pt\/#organization\"},\"potentialAction\":[{\"@type\":\"SearchAction\",\"target\":{\"@type\":\"EntryPoint\",\"urlTemplate\":\"https:\/\/exceladvisor.org\/pt\/?s={search_term_string}\"},\"query-input\":{\"@type\":\"PropertyValueSpecification\",\"valueRequired\":true,\"valueName\":\"search_term_string\"}}],\"inLanguage\":\"pt-PT\"},{\"@type\":\"Organization\",\"@id\":\"https:\/\/exceladvisor.org\/pt\/#organization\",\"name\":\"Excel Advisor\",\"url\":\"https:\/\/exceladvisor.org\/pt\/\",\"logo\":{\"@type\":\"ImageObject\",\"inLanguage\":\"pt-PT\",\"@id\":\"https:\/\/exceladvisor.org\/pt\/#\/schema\/logo\/image\/\",\"url\":\"https:\/\/exceladvisor.org\/pt\/wp-content\/uploads\/2023\/12\/exceladvisor.org_.png\",\"contentUrl\":\"https:\/\/exceladvisor.org\/pt\/wp-content\/uploads\/2023\/12\/exceladvisor.org_.png\",\"width\":105,\"height\":36,\"caption\":\"Excel Advisor\"},\"image\":{\"@id\":\"https:\/\/exceladvisor.org\/pt\/#\/schema\/logo\/image\/\"}}]}<\/script>\n<!-- \/ Yoast SEO plugin. -->","yoast_head_json":{"title":"Como usar fun\u00e7\u00f5es e f\u00f3rmulas no Power Query?","description":"No Power Query, voc\u00ea pode usar fun\u00e7\u00f5es e f\u00f3rmulas quase como em uma planilha.","robots":{"index":"index","follow":"follow","max-snippet":"max-snippet:-1","max-image-preview":"max-image-preview:large","max-video-preview":"max-video-preview:-1"},"canonical":"https:\/\/exceladvisor.org\/pt\/formulas-de-funcao\/","og_locale":"pt_PT","og_type":"article","og_title":"Como usar fun\u00e7\u00f5es e f\u00f3rmulas no Power Query?","og_description":"No Power Query, voc\u00ea pode usar fun\u00e7\u00f5es e f\u00f3rmulas quase como em uma planilha.","og_url":"https:\/\/exceladvisor.org\/pt\/formulas-de-funcao\/","og_site_name":"Excel Advisor","article_modified_time":"2023-12-06T11:44:09+00:00","og_image":[{"url":"https:\/\/exceladvisor.org\/wp-content\/uploads\/2023\/08\/1-formule-dans-power-query.png","type":"","width":"","height":""}],"twitter_card":"summary_large_image","twitter_misc":{"Tempo estimado de leitura":"5 minutos"},"schema":{"@context":"https:\/\/schema.org","@graph":[{"@type":"WebPage","@id":"https:\/\/exceladvisor.org\/pt\/formulas-de-funcao\/","url":"https:\/\/exceladvisor.org\/pt\/formulas-de-funcao\/","name":"Como usar fun\u00e7\u00f5es e f\u00f3rmulas no Power Query?","isPartOf":{"@id":"https:\/\/exceladvisor.org\/pt\/#website"},"primaryImageOfPage":{"@id":"https:\/\/exceladvisor.org\/pt\/formulas-de-funcao\/#primaryimage"},"image":{"@id":"https:\/\/exceladvisor.org\/pt\/formulas-de-funcao\/#primaryimage"},"thumbnailUrl":"https:\/\/exceladvisor.org\/wp-content\/uploads\/2023\/08\/1-formule-dans-power-query.png","datePublished":"2023-10-15T17:12:29+00:00","dateModified":"2023-12-06T11:44:09+00:00","description":"No Power Query, voc\u00ea pode usar fun\u00e7\u00f5es e f\u00f3rmulas quase como em uma planilha.","breadcrumb":{"@id":"https:\/\/exceladvisor.org\/pt\/formulas-de-funcao\/#breadcrumb"},"inLanguage":"pt-PT","potentialAction":[{"@type":"ReadAction","target":["https:\/\/exceladvisor.org\/pt\/formulas-de-funcao\/"]}]},{"@type":"ImageObject","inLanguage":"pt-PT","@id":"https:\/\/exceladvisor.org\/pt\/formulas-de-funcao\/#primaryimage","url":"https:\/\/exceladvisor.org\/wp-content\/uploads\/2023\/08\/1-formule-dans-power-query.png","contentUrl":"https:\/\/exceladvisor.org\/wp-content\/uploads\/2023\/08\/1-formule-dans-power-query.png"},{"@type":"BreadcrumbList","@id":"https:\/\/exceladvisor.org\/pt\/formulas-de-funcao\/#breadcrumb","itemListElement":[{"@type":"ListItem","position":1,"name":"Lar","item":"https:\/\/exceladvisor.org\/pt\/"},{"@type":"ListItem","position":2,"name":"Como usar fun\u00e7\u00f5es e f\u00f3rmulas no power query?"}]},{"@type":"WebSite","@id":"https:\/\/exceladvisor.org\/pt\/#website","url":"https:\/\/exceladvisor.org\/pt\/","name":"Excel Advisor","description":"O seu guia definitivo para dominar os dados!","publisher":{"@id":"https:\/\/exceladvisor.org\/pt\/#organization"},"potentialAction":[{"@type":"SearchAction","target":{"@type":"EntryPoint","urlTemplate":"https:\/\/exceladvisor.org\/pt\/?s={search_term_string}"},"query-input":{"@type":"PropertyValueSpecification","valueRequired":true,"valueName":"search_term_string"}}],"inLanguage":"pt-PT"},{"@type":"Organization","@id":"https:\/\/exceladvisor.org\/pt\/#organization","name":"Excel Advisor","url":"https:\/\/exceladvisor.org\/pt\/","logo":{"@type":"ImageObject","inLanguage":"pt-PT","@id":"https:\/\/exceladvisor.org\/pt\/#\/schema\/logo\/image\/","url":"https:\/\/exceladvisor.org\/pt\/wp-content\/uploads\/2023\/12\/exceladvisor.org_.png","contentUrl":"https:\/\/exceladvisor.org\/pt\/wp-content\/uploads\/2023\/12\/exceladvisor.org_.png","width":105,"height":36,"caption":"Excel Advisor"},"image":{"@id":"https:\/\/exceladvisor.org\/pt\/#\/schema\/logo\/image\/"}}]}},"yoast_meta":{"yoast_wpseo_title":"","yoast_wpseo_metadesc":"","yoast_wpseo_canonical":""},"_links":{"self":[{"href":"https:\/\/exceladvisor.org\/pt\/wp-json\/wp\/v2\/pages\/633","targetHints":{"allow":["GET"]}}],"collection":[{"href":"https:\/\/exceladvisor.org\/pt\/wp-json\/wp\/v2\/pages"}],"about":[{"href":"https:\/\/exceladvisor.org\/pt\/wp-json\/wp\/v2\/types\/page"}],"author":[{"embeddable":true,"href":"https:\/\/exceladvisor.org\/pt\/wp-json\/wp\/v2\/users\/1"}],"replies":[{"embeddable":true,"href":"https:\/\/exceladvisor.org\/pt\/wp-json\/wp\/v2\/comments?post=633"}],"version-history":[{"count":1,"href":"https:\/\/exceladvisor.org\/pt\/wp-json\/wp\/v2\/pages\/633\/revisions"}],"predecessor-version":[{"id":1349,"href":"https:\/\/exceladvisor.org\/pt\/wp-json\/wp\/v2\/pages\/633\/revisions\/1349"}],"wp:attachment":[{"href":"https:\/\/exceladvisor.org\/pt\/wp-json\/wp\/v2\/media?parent=633"}],"curies":[{"name":"wp","href":"https:\/\/api.w.org\/{rel}","templated":true}]}}