{"id":634,"date":"2023-10-15T16:51:36","date_gmt":"2023-10-15T16:51:36","guid":{"rendered":"https:\/\/exceladvisor.org\/pt\/diferenca-de-datas\/"},"modified":"2023-12-06T11:38:36","modified_gmt":"2023-12-06T11:38:36","slug":"diferenca-de-datas","status":"publish","type":"page","link":"https:\/\/exceladvisor.org\/pt\/diferenca-de-datas\/","title":{"rendered":"Como obter a diferen\u00e7a de data no power query?"},"content":{"rendered":"<div class=\"excel-before-content-2\" id=\"excel-2555755479\"><script type=\"text\/javascript\">\r\n\tatOptions = {\r\n\t\t'key' : 'c1158f160081d6540a8409e6925dab94',\r\n\t\t'format' : 'iframe',\r\n\t\t'height' : 250,\r\n\t\t'width' : 300,\r\n\t\t'params' : {}\r\n\t};\r\n<\/script>\r\n<script type=\"text\/javascript\" src=\"\/\/www.highperformanceformat.com\/c1158f160081d6540a8409e6925dab94\/invoke.js\"><\/script><\/div><div class=\"excel-before-content\" id=\"excel-100069760\"><script type=\"text\/javascript\">\r\n\tatOptions = {\r\n\t\t'key' : 'c1158f160081d6540a8409e6925dab94',\r\n\t\t'format' : 'iframe',\r\n\t\t'height' : 250,\r\n\t\t'width' : 300,\r\n\t\t'params' : {}\r\n\t};\r\n<\/script>\r\n<script type=\"text\/javascript\" src=\"\/\/www.highperformanceformat.com\/c1158f160081d6540a8409e6925dab94\/invoke.js\"><\/script><\/div> <p>Com o Power Query, voc\u00ea pode obter a diferen\u00e7a entre duas datas no Excel. E neste tutorial aprenderemos isso em detalhes. <\/p><div class=\"wp-block-image\"><figure class=\"aligncenter size-full is-resized\"><img loading=\"lazy\" decoding=\"async\" class=\"wp-image-88797\" src=\"https:\/\/exceladvisor.org\/wp-content\/uploads\/2023\/08\/1-difference-entre-deux-dates-dans-la-requete-de-puissance.png\" sizes=\"auto, \" srcset=\"\" alt=\"diferen\u00e7a entre duas datas na consulta avan\u00e7ada\" width=\"314\" height=\"97\"><\/figure><\/div><h2 class=\"wp-block-heading\"> Conte os dias entre duas datas<\/h2><ol><li> Comece abrindo seus dados no poderoso editor de consultas (guia Dados &gt; Obter dados &gt; De outras fontes &gt; Da tabela\/intervalo. <br><img loading=\"lazy\" decoding=\"async\" title=\"Contagem de 2 dias entre dois dias\" src=\"https:\/\/exceladvisor.org\/wp-content\/uploads\/2023\/08\/2-compter-les-jours-entre-deux-jours.png\" sizes=\"auto, \" srcset=\"\" alt=\"count-days-between-two-days\" width=\"508\" height=\"434\"><\/li><li> Depois disso, v\u00e1 para Adicionar Coluna &gt; Coluna Personalizada. <br><img loading=\"lazy\" decoding=\"async\" title=\"3-v\u00e1 para adicionar colunas e depois colunas personalizadas\" src=\"https:\/\/exceladvisor.org\/wp-content\/uploads\/2023\/08\/3-allez-ajouter-des-colonnes-puis-des-colonnes-personnalisees.png\" sizes=\"auto, \" srcset=\"\" alt=\"go-to-add-columns-and-then-custom-columns\" width=\"600\" height=\"259\"><\/li><li> Agora, na caixa de di\u00e1logo Coluna personalizada, nomeie a nova coluna personalizada e insira a f\u00f3rmula (Duration.Days([Data 2]-[Data 1])). <br><img loading=\"lazy\" decoding=\"async\" title=\"F\u00f3rmula de 4 nomes-nova-coluna personalizada e inser\u00e7\u00e3o\" src=\"https:\/\/exceladvisor.org\/wp-content\/uploads\/2023\/08\/4-nommez-la-nouvelle-colonne-personnalisee-et-entrez-la-formule.png\" sizes=\"auto, \" srcset=\"\" alt=\"name-new-custom-column-and-enter-formula\" width=\"614\" height=\"384\"><\/li><li> Ao final, clique em OK para inserir a nova coluna personalizada. <br><img loading=\"lazy\" decoding=\"async\" title=\"5 cliques em ok para inserir uma nova coluna personalizada\" src=\"https:\/\/exceladvisor.org\/wp-content\/uploads\/2023\/08\/5-cliquez-sur-ok-pour-inserer-une-nouvelle-colonne-personnalisee.png\" sizes=\"auto, \" srcset=\"\" alt=\"click-ok-to-insert-new-custom-column\" width=\"561\" height=\"123\"><\/li><\/ol><p> Nesta f\u00f3rmula, deduzimos a data 1 da data 2 e, em seguida, usamos a fun\u00e7\u00e3o Duration.Days para obter o n\u00famero de dias.<\/p><p> At\u00e9 voc\u00ea pode obter o n\u00famero de dias usando a fun\u00e7\u00e3o Duration.Days. Voc\u00ea pode inferir a data 1 da data 2, como no exemplo a seguir. <\/p><div class=\"wp-block-image\"><figure class=\"aligncenter size-full is-resized\"><img loading=\"lazy\" decoding=\"async\" class=\"wp-image-88802\" src=\"https:\/\/exceladvisor.org\/wp-content\/uploads\/2023\/08\/6-deduire-date1-de-date2.png\" sizes=\"auto, \" srcset=\"\" alt=\"inferir-data1-de-data2\" width=\"644\" height=\"237\"><\/figure><\/div><pre class=\"wp-block-preformatted\"> =[Date 2]-[Date 1]<\/pre><p> E assim que voc\u00ea clicar em OK, uma contagem ser\u00e1 retornada na nova coluna personalizada. Mas voc\u00ea precisa alterar o formato da coluna para inteiro para remover o formato decimal. <\/p><div class=\"wp-block-image\"><figure class=\"aligncenter size-full is-resized\"><img loading=\"lazy\" decoding=\"async\" class=\"wp-image-88803\" src=\"https:\/\/exceladvisor.org\/wp-content\/uploads\/2023\/08\/7-changer-le-format-de-la-colonne-en-nombre-entier.png\" sizes=\"auto, \" srcset=\"\" alt=\"alterar o formato da coluna para n\u00famero inteiro\" width=\"700\" height=\"342\"><\/figure><\/div><h2 class=\"wp-block-heading\"> Diferen\u00e7a de data em rela\u00e7\u00e3o \u00e0 data de hoje<\/h2><p> E se quiser obter a diferen\u00e7a usando a data de hoje, voc\u00ea precisa usar uma f\u00f3rmula um pouco diferente da anterior. <\/p><pre class=\"wp-block-preformatted\"> = DateTime.Date( DateTime.LocalNow() )-[Date 1] <\/pre><div class=\"wp-block-image\"><figure class=\"aligncenter size-full is-resized\"><img loading=\"lazy\" decoding=\"async\" class=\"wp-image-88804\" src=\"https:\/\/exceladvisor.org\/wp-content\/uploads\/2023\/08\/8-difference-de-date-par-rapport-a-la-date-daujourdhui.png\" sizes=\"auto, \" srcset=\"\" alt=\"diferen\u00e7a de data por data de hoje\" width=\"648\" height=\"345\"><\/figure><\/div><p> Esta f\u00f3rmula obt\u00e9m a data de hoje e deduz a data que voc\u00ea especificou. E ao clicar em OK, uma nova coluna ser\u00e1 inserida com a diferen\u00e7a entre as datas. E voc\u00ea pode alterar a f\u00f3rmula da coluna de contagem de dias para um n\u00famero inteiro. <\/p><div class=\"wp-block-image\"><figure class=\"aligncenter size-full is-resized\"><img loading=\"lazy\" decoding=\"async\" class=\"wp-image-88805\" src=\"https:\/\/exceladvisor.org\/wp-content\/uploads\/2023\/08\/9-nouvelle-colonne-avec-la-difference-entre-les-dates.png\" sizes=\"auto, \" srcset=\"\" alt=\"nova coluna com diferen\u00e7a entre datas\" width=\"626\" height=\"324\"><\/figure><\/div><h2 class=\"wp-block-heading\"> Obtenha o n\u00famero de meses entre as datas<\/h2><p> E abaixo est\u00e1 a f\u00f3rmula que voc\u00ea pode usar para obter o n\u00famero de meses entre dois dias.<\/p><pre class=\"wp-block-preformatted\"> =((Date.Year([Date 2])-Date.Year([Date 1]))*12) + Date.Month([Date 2]) - Date.Month([Date 1])<\/pre><p> Esta f\u00f3rmula retornar\u00e1 o n\u00famero total de meses completos entre duas datas no resultado. <\/p><div class=\"wp-block-image\"><figure class=\"aligncenter size-full is-resized\"><img loading=\"lazy\" decoding=\"async\" class=\"wp-image-88806\" src=\"https:\/\/exceladvisor.org\/wp-content\/uploads\/2023\/08\/10-nombre-de-mois-entre-les-dates.png\" sizes=\"auto, \" srcset=\"\" alt=\"n\u00famero de meses entre datas\" width=\"668\" height=\"415\"><\/figure><\/div><div class=\"gb-container gb-container-9e2850fe gb-container-mt\"> <a class=\"gb-button gb-button-71636faa gb-button-text gb-button-mt-button\" href=\"https:\/\/exceladvisor.org\/pt\/solicitacao-de-energia\/\">Consulta avan\u00e7ada no Excel (tutorial)<\/a><h2 class=\"gb-headline gb-headline-c566b2ed gb-headline-text gb-headline-mt-heading\"> Tutoriais relacionados <\/h2><div class=\"gb-grid-wrapper gb-grid-wrapper-b15ed1bf gb-grid-wrapper-mt-grid\"><div class=\"gb-grid-column gb-grid-column-6e9de105\"><div class=\"gb-container gb-container-6e9de105\"><ul><li> Mesclar [Combinar] V\u00e1rios ARQUIVOS Excel em UM CADERNO<\/li><li> <a href=\"https:\/\/exceladvisor.org\/pt\/pesquisav-2\/\">Execute VLOOKUP no Power Query no Excel<\/a><\/li><li> <a href=\"https:\/\/exceladvisor.org\/pt\/dados-nao-girados\/\">Remova o piv\u00f4 de dados no Excel usando o Power Query<\/a><\/li><li> <a href=\"https:\/\/exceladvisor.org\/pt\/corrente\/\">Power Query: concatenar valores (texto e n\u00fameros)<\/a><\/li><\/ul><\/div><\/div><\/div><\/div>","protected":false},"excerpt":{"rendered":"","protected":false},"author":1,"featured_media":0,"parent":0,"menu_order":0,"comment_status":"open","ping_status":"closed","template":"","meta":{"ub_ctt_via":"","footnotes":""},"class_list":["post-634","page","type-page","status-publish","hentry"],"featured_image_src":null,"yoast_head":"<!-- This site is optimized with the Yoast SEO plugin v25.4 - https:\/\/yoast.com\/wordpress\/plugins\/seo\/ -->\n<title>Como obter a diferen\u00e7a de data no Power Query?<\/title>\n<meta name=\"description\" content=\"Com o Power Query, voc\u00ea pode obter a diferen\u00e7a entre duas datas no Excel. E neste tutorial aprenderemos isso em detalhes.\" \/>\n<meta name=\"robots\" content=\"index, follow, max-snippet:-1, max-image-preview:large, max-video-preview:-1\" \/>\n<link rel=\"canonical\" href=\"https:\/\/exceladvisor.org\/pt\/diferenca-de-datas\/\" \/>\n<meta property=\"og:locale\" content=\"pt_PT\" \/>\n<meta property=\"og:type\" content=\"article\" \/>\n<meta property=\"og:title\" content=\"Como obter a diferen\u00e7a de data no Power Query?\" \/>\n<meta property=\"og:description\" content=\"Com o Power Query, voc\u00ea pode obter a diferen\u00e7a entre duas datas no Excel. E neste tutorial aprenderemos isso em detalhes.\" \/>\n<meta property=\"og:url\" content=\"https:\/\/exceladvisor.org\/pt\/diferenca-de-datas\/\" \/>\n<meta property=\"og:site_name\" content=\"Excel Advisor\" \/>\n<meta property=\"article:modified_time\" content=\"2023-12-06T11:38:36+00:00\" \/>\n<meta property=\"og:image\" content=\"https:\/\/exceladvisor.org\/wp-content\/uploads\/2023\/08\/1-difference-entre-deux-dates-dans-la-requete-de-puissance.png\" \/>\n<meta name=\"twitter:card\" content=\"summary_large_image\" \/>\n<meta name=\"twitter:label1\" content=\"Tempo estimado de leitura\" \/>\n\t<meta name=\"twitter:data1\" content=\"2 minutos\" \/>\n<script type=\"application\/ld+json\" class=\"yoast-schema-graph\">{\"@context\":\"https:\/\/schema.org\",\"@graph\":[{\"@type\":\"WebPage\",\"@id\":\"https:\/\/exceladvisor.org\/pt\/diferenca-de-datas\/\",\"url\":\"https:\/\/exceladvisor.org\/pt\/diferenca-de-datas\/\",\"name\":\"Como obter a diferen\u00e7a de data no Power Query?\",\"isPartOf\":{\"@id\":\"https:\/\/exceladvisor.org\/pt\/#website\"},\"primaryImageOfPage\":{\"@id\":\"https:\/\/exceladvisor.org\/pt\/diferenca-de-datas\/#primaryimage\"},\"image\":{\"@id\":\"https:\/\/exceladvisor.org\/pt\/diferenca-de-datas\/#primaryimage\"},\"thumbnailUrl\":\"https:\/\/exceladvisor.org\/wp-content\/uploads\/2023\/08\/1-difference-entre-deux-dates-dans-la-requete-de-puissance.png\",\"datePublished\":\"2023-10-15T16:51:36+00:00\",\"dateModified\":\"2023-12-06T11:38:36+00:00\",\"description\":\"Com o Power Query, voc\u00ea pode obter a diferen\u00e7a entre duas datas no Excel. E neste tutorial aprenderemos isso em detalhes.\",\"breadcrumb\":{\"@id\":\"https:\/\/exceladvisor.org\/pt\/diferenca-de-datas\/#breadcrumb\"},\"inLanguage\":\"pt-PT\",\"potentialAction\":[{\"@type\":\"ReadAction\",\"target\":[\"https:\/\/exceladvisor.org\/pt\/diferenca-de-datas\/\"]}]},{\"@type\":\"ImageObject\",\"inLanguage\":\"pt-PT\",\"@id\":\"https:\/\/exceladvisor.org\/pt\/diferenca-de-datas\/#primaryimage\",\"url\":\"https:\/\/exceladvisor.org\/wp-content\/uploads\/2023\/08\/1-difference-entre-deux-dates-dans-la-requete-de-puissance.png\",\"contentUrl\":\"https:\/\/exceladvisor.org\/wp-content\/uploads\/2023\/08\/1-difference-entre-deux-dates-dans-la-requete-de-puissance.png\"},{\"@type\":\"BreadcrumbList\",\"@id\":\"https:\/\/exceladvisor.org\/pt\/diferenca-de-datas\/#breadcrumb\",\"itemListElement\":[{\"@type\":\"ListItem\",\"position\":1,\"name\":\"Lar\",\"item\":\"https:\/\/exceladvisor.org\/pt\/\"},{\"@type\":\"ListItem\",\"position\":2,\"name\":\"Como obter a diferen\u00e7a de data no power query?\"}]},{\"@type\":\"WebSite\",\"@id\":\"https:\/\/exceladvisor.org\/pt\/#website\",\"url\":\"https:\/\/exceladvisor.org\/pt\/\",\"name\":\"Excel Advisor\",\"description\":\"O seu guia definitivo para dominar os dados!\",\"publisher\":{\"@id\":\"https:\/\/exceladvisor.org\/pt\/#organization\"},\"potentialAction\":[{\"@type\":\"SearchAction\",\"target\":{\"@type\":\"EntryPoint\",\"urlTemplate\":\"https:\/\/exceladvisor.org\/pt\/?s={search_term_string}\"},\"query-input\":{\"@type\":\"PropertyValueSpecification\",\"valueRequired\":true,\"valueName\":\"search_term_string\"}}],\"inLanguage\":\"pt-PT\"},{\"@type\":\"Organization\",\"@id\":\"https:\/\/exceladvisor.org\/pt\/#organization\",\"name\":\"Excel Advisor\",\"url\":\"https:\/\/exceladvisor.org\/pt\/\",\"logo\":{\"@type\":\"ImageObject\",\"inLanguage\":\"pt-PT\",\"@id\":\"https:\/\/exceladvisor.org\/pt\/#\/schema\/logo\/image\/\",\"url\":\"https:\/\/exceladvisor.org\/pt\/wp-content\/uploads\/2023\/12\/exceladvisor.org_.png\",\"contentUrl\":\"https:\/\/exceladvisor.org\/pt\/wp-content\/uploads\/2023\/12\/exceladvisor.org_.png\",\"width\":105,\"height\":36,\"caption\":\"Excel Advisor\"},\"image\":{\"@id\":\"https:\/\/exceladvisor.org\/pt\/#\/schema\/logo\/image\/\"}}]}<\/script>\n<!-- \/ Yoast SEO plugin. -->","yoast_head_json":{"title":"Como obter a diferen\u00e7a de data no Power Query?","description":"Com o Power Query, voc\u00ea pode obter a diferen\u00e7a entre duas datas no Excel. E neste tutorial aprenderemos isso em detalhes.","robots":{"index":"index","follow":"follow","max-snippet":"max-snippet:-1","max-image-preview":"max-image-preview:large","max-video-preview":"max-video-preview:-1"},"canonical":"https:\/\/exceladvisor.org\/pt\/diferenca-de-datas\/","og_locale":"pt_PT","og_type":"article","og_title":"Como obter a diferen\u00e7a de data no Power Query?","og_description":"Com o Power Query, voc\u00ea pode obter a diferen\u00e7a entre duas datas no Excel. E neste tutorial aprenderemos isso em detalhes.","og_url":"https:\/\/exceladvisor.org\/pt\/diferenca-de-datas\/","og_site_name":"Excel Advisor","article_modified_time":"2023-12-06T11:38:36+00:00","og_image":[{"url":"https:\/\/exceladvisor.org\/wp-content\/uploads\/2023\/08\/1-difference-entre-deux-dates-dans-la-requete-de-puissance.png","type":"","width":"","height":""}],"twitter_card":"summary_large_image","twitter_misc":{"Tempo estimado de leitura":"2 minutos"},"schema":{"@context":"https:\/\/schema.org","@graph":[{"@type":"WebPage","@id":"https:\/\/exceladvisor.org\/pt\/diferenca-de-datas\/","url":"https:\/\/exceladvisor.org\/pt\/diferenca-de-datas\/","name":"Como obter a diferen\u00e7a de data no Power Query?","isPartOf":{"@id":"https:\/\/exceladvisor.org\/pt\/#website"},"primaryImageOfPage":{"@id":"https:\/\/exceladvisor.org\/pt\/diferenca-de-datas\/#primaryimage"},"image":{"@id":"https:\/\/exceladvisor.org\/pt\/diferenca-de-datas\/#primaryimage"},"thumbnailUrl":"https:\/\/exceladvisor.org\/wp-content\/uploads\/2023\/08\/1-difference-entre-deux-dates-dans-la-requete-de-puissance.png","datePublished":"2023-10-15T16:51:36+00:00","dateModified":"2023-12-06T11:38:36+00:00","description":"Com o Power Query, voc\u00ea pode obter a diferen\u00e7a entre duas datas no Excel. E neste tutorial aprenderemos isso em detalhes.","breadcrumb":{"@id":"https:\/\/exceladvisor.org\/pt\/diferenca-de-datas\/#breadcrumb"},"inLanguage":"pt-PT","potentialAction":[{"@type":"ReadAction","target":["https:\/\/exceladvisor.org\/pt\/diferenca-de-datas\/"]}]},{"@type":"ImageObject","inLanguage":"pt-PT","@id":"https:\/\/exceladvisor.org\/pt\/diferenca-de-datas\/#primaryimage","url":"https:\/\/exceladvisor.org\/wp-content\/uploads\/2023\/08\/1-difference-entre-deux-dates-dans-la-requete-de-puissance.png","contentUrl":"https:\/\/exceladvisor.org\/wp-content\/uploads\/2023\/08\/1-difference-entre-deux-dates-dans-la-requete-de-puissance.png"},{"@type":"BreadcrumbList","@id":"https:\/\/exceladvisor.org\/pt\/diferenca-de-datas\/#breadcrumb","itemListElement":[{"@type":"ListItem","position":1,"name":"Lar","item":"https:\/\/exceladvisor.org\/pt\/"},{"@type":"ListItem","position":2,"name":"Como obter a diferen\u00e7a de data no power query?"}]},{"@type":"WebSite","@id":"https:\/\/exceladvisor.org\/pt\/#website","url":"https:\/\/exceladvisor.org\/pt\/","name":"Excel Advisor","description":"O seu guia definitivo para dominar os dados!","publisher":{"@id":"https:\/\/exceladvisor.org\/pt\/#organization"},"potentialAction":[{"@type":"SearchAction","target":{"@type":"EntryPoint","urlTemplate":"https:\/\/exceladvisor.org\/pt\/?s={search_term_string}"},"query-input":{"@type":"PropertyValueSpecification","valueRequired":true,"valueName":"search_term_string"}}],"inLanguage":"pt-PT"},{"@type":"Organization","@id":"https:\/\/exceladvisor.org\/pt\/#organization","name":"Excel Advisor","url":"https:\/\/exceladvisor.org\/pt\/","logo":{"@type":"ImageObject","inLanguage":"pt-PT","@id":"https:\/\/exceladvisor.org\/pt\/#\/schema\/logo\/image\/","url":"https:\/\/exceladvisor.org\/pt\/wp-content\/uploads\/2023\/12\/exceladvisor.org_.png","contentUrl":"https:\/\/exceladvisor.org\/pt\/wp-content\/uploads\/2023\/12\/exceladvisor.org_.png","width":105,"height":36,"caption":"Excel Advisor"},"image":{"@id":"https:\/\/exceladvisor.org\/pt\/#\/schema\/logo\/image\/"}}]}},"yoast_meta":{"yoast_wpseo_title":"","yoast_wpseo_metadesc":"","yoast_wpseo_canonical":""},"_links":{"self":[{"href":"https:\/\/exceladvisor.org\/pt\/wp-json\/wp\/v2\/pages\/634","targetHints":{"allow":["GET"]}}],"collection":[{"href":"https:\/\/exceladvisor.org\/pt\/wp-json\/wp\/v2\/pages"}],"about":[{"href":"https:\/\/exceladvisor.org\/pt\/wp-json\/wp\/v2\/types\/page"}],"author":[{"embeddable":true,"href":"https:\/\/exceladvisor.org\/pt\/wp-json\/wp\/v2\/users\/1"}],"replies":[{"embeddable":true,"href":"https:\/\/exceladvisor.org\/pt\/wp-json\/wp\/v2\/comments?post=634"}],"version-history":[{"count":1,"href":"https:\/\/exceladvisor.org\/pt\/wp-json\/wp\/v2\/pages\/634\/revisions"}],"predecessor-version":[{"id":1137,"href":"https:\/\/exceladvisor.org\/pt\/wp-json\/wp\/v2\/pages\/634\/revisions\/1137"}],"wp:attachment":[{"href":"https:\/\/exceladvisor.org\/pt\/wp-json\/wp\/v2\/media?parent=634"}],"curies":[{"name":"wp","href":"https:\/\/api.w.org\/{rel}","templated":true}]}}