{"id":638,"date":"2023-10-15T13:31:10","date_gmt":"2023-10-15T13:31:10","guid":{"rendered":"https:\/\/exceladvisor.org\/pt\/excel-funcoes-financeiras\/"},"modified":"2023-12-06T11:50:57","modified_gmt":"2023-12-06T11:50:57","slug":"excel-funcoes-financeiras","status":"publish","type":"page","link":"https:\/\/exceladvisor.org\/pt\/excel-funcoes-financeiras\/","title":{"rendered":"Fun\u00e7\u00f5es financeiras do excel (com exemplos)"},"content":{"rendered":"<div class=\"excel-before-content-2\" id=\"excel-2625115384\"><script type=\"text\/javascript\">\r\n\tatOptions = {\r\n\t\t'key' : 'c1158f160081d6540a8409e6925dab94',\r\n\t\t'format' : 'iframe',\r\n\t\t'height' : 250,\r\n\t\t'width' : 300,\r\n\t\t'params' : {}\r\n\t};\r\n<\/script>\r\n<script type=\"text\/javascript\" src=\"\/\/www.highperformanceformat.com\/c1158f160081d6540a8409e6925dab94\/invoke.js\"><\/script><\/div><div class=\"excel-before-content\" id=\"excel-1422300855\"><script type=\"text\/javascript\">\r\n\tatOptions = {\r\n\t\t'key' : 'c1158f160081d6540a8409e6925dab94',\r\n\t\t'format' : 'iframe',\r\n\t\t'height' : 250,\r\n\t\t'width' : 300,\r\n\t\t'params' : {}\r\n\t};\r\n<\/script>\r\n<script type=\"text\/javascript\" src=\"\/\/www.highperformanceformat.com\/c1158f160081d6540a8409e6925dab94\/invoke.js\"><\/script><\/div> <p><strong><em><a href=\"https:\/\/exceladvisor.org\/wp-content\/uploads\/2023\/08\/excel_financial_functions_sample_files.zip\" target=\"_blank\" rel=\"noreferrer noopener nofollow\">arquivos de amostra<\/a><\/em><\/strong> <\/p><div class=\"wp-block-group groupx is-layout-constrained\"><div class=\"wp-block-group__inner-container\"><h2 class=\"wp-block-heading\"> 1. Fun\u00e7\u00e3o VF<\/h2><p> A fun\u00e7\u00e3o FV retorna o valor futuro de um investimento utilizando pagamentos constantes e uma taxa de juros constante. Em termos simples, retornar\u00e1 um valor futuro de um investimento onde voc\u00ea ter\u00e1 pagamentos constantes e uma taxa de juros constante durante todo o per\u00edodo do investimento.<\/p><h3 class=\"wp-block-heading\"> <strong>Sintaxe<\/strong><\/h3><p> <em>FV(taxa,nper,pmt,[pv],[tipo])<\/em><\/p><h3 class=\"wp-block-heading\"> <strong>Argumentos<\/strong><\/h3><ul><li> <strong>taxa:<\/strong> uma taxa de juros constante que voc\u00ea deseja usar no c\u00e1lculo.<\/li><li> <strong>nper:<\/strong> n\u00famero de pagamentos.<\/li><li> <strong>pmt:<\/strong> um valor de pagamento constante a ser pago periodicamente ao longo da vida do investimento.<\/li><li> <strong>[pv]:<\/strong> O valor presente dos pagamentos futuros. Deve ser inserido como um valor negativo. 0 se omitido.<\/li><li> <strong>[tipo]:<\/strong> um n\u00famero para especificar quando o pagamento \u00e9 devido. 0 = no final do per\u00edodo, 1 = no in\u00edcio do per\u00edodo.<\/li><\/ul><h3 class=\"wp-block-heading\"> <strong>Coment\u00e1rios<\/strong><\/h3><ul><li> Se pmt for o dinheiro que voc\u00ea pagou (ou seja, dep\u00f3sitos de poupan\u00e7a, etc.), o valor deve ser negativo; e se for dinheiro recebido (rendas, dividendos), o valor deve ser positivo.<\/li><li> Certifique-se de ter uma taxa e um n\u00famero de pagamentos especificados de forma consistente. Se a taxa for anual, voc\u00ea tamb\u00e9m dever\u00e1 especificar os per\u00edodos de pagamento anualmente e se desejar especificar os pagamentos mensalmente, dever\u00e1 converter a taxa de juros para mensalmente dividindo por 12. O mesmo para trimestralmente. e semestral.<\/li><\/ul><h3 class=\"wp-block-heading\"> Exemplo<\/h3><p> No exemplo abaixo, usamos uma taxa de juros de 10%, 5 pagamentos anuais, um valor de pagamento de US$ 1.000, sem valor de PV e tipo de pagamento no in\u00edcio do per\u00edodo. E a fun\u00e7\u00e3o retornou 6716 no resultado. <\/p><div class=\"wp-block-image\"><figure class=\"aligncenter size-large is-resized\"><img loading=\"lazy\" decoding=\"async\" class=\"wp-image-36926\" src=\"https:\/\/exceladvisor.org\/wp-content\/uploads\/2023\/08\/exemple-de-fonction-fv-excel-1.png\" sizes=\"auto, \" srcset=\"\" alt=\"excel-fv-fun\u00e7\u00e3o-exemplo-1\" width=\"473\" height=\"238\"><\/figure><\/div><p> Deixe-me explicar os fen\u00f4menos por tr\u00e1s do FV.<\/p><p> No in\u00edcio de cada per\u00edodo, calcular\u00e1 os juros do pagamento e transitar\u00e1 esse valor (valor real + juros) para o per\u00edodo seguinte. E no pr\u00f3ximo per\u00edodo ser\u00e1 feito o mesmo c\u00e1lculo e assim sucessivamente.<\/p><p> A melhor parte do FV \u00e9 que ele pode fazer esse c\u00e1lculo passo a passo para voc\u00ea em uma \u00fanica c\u00e9lula. No exemplo abaixo, usamos pagamentos mensais. <\/p><div class=\"wp-block-image\"><figure class=\"aligncenter size-large is-resized\"><img loading=\"lazy\" decoding=\"async\" class=\"wp-image-36928\" src=\"https:\/\/exceladvisor.org\/wp-content\/uploads\/2023\/08\/exemple-de-fonction-fv-excel-2.png\" sizes=\"auto, \" srcset=\"\" alt=\"excel-fv-fun\u00e7\u00e3o-exemplo-2\" width=\"572\" height=\"181\"><\/figure><\/div><p> Para isso, convertemos a taxa de juros anual para um m\u00eas dividindo por 12 e 60 meses em vez de 5 anos e depois especificamos 10.000 para pagamento. Voc\u00ea tamb\u00e9m pode <a href=\"https:\/\/exceladvisor.org\/pt\/juros-compostos\/\">calcular juros compostos<\/a> com FV. <\/p><\/div><\/div><div class=\"wp-block-group groupx is-layout-constrained\"><div class=\"wp-block-group__inner-container\"><h2 class=\"wp-block-heading\"> 2.EMP<\/h2><p> A fun\u00e7\u00e3o PMT retorna um pagamento peri\u00f3dico do empr\u00e9stimo que voc\u00ea precisa pagar. Em termos simples, calcula o reembolso do empr\u00e9stimo com base em pagamentos mensais fixos e uma taxa de juro constante (pagamento do empr\u00e9stimo com base em pagamentos mensais fixos e uma taxa de juro constante).<\/p><h3 class=\"wp-block-heading\"> <strong>Sintaxe<\/strong><\/h3><p> <em>PMT(taxa, nper, pv, [fv], [tipo])<\/em><\/p><h3 class=\"wp-block-heading\"> <strong>Argumentos<\/strong><\/h3><ul><li> <strong>taxa:<\/strong> A taxa de juros do empr\u00e9stimo. Essa taxa de juros deve ser constante.<\/li><li> <strong>nper:<\/strong> O n\u00famero total de pagamentos.<\/li><li> <strong>pv:<\/strong> O valor atual ou valor total do empr\u00e9stimo.<\/li><li> <strong>[fv]:<\/strong> O valor futuro ou saldo de caixa que voc\u00ea deseja ap\u00f3s o \u00faltimo pagamento. O valor padr\u00e3o \u00e9 0.<\/li><li> <strong>[tipo]:<\/strong> Use 0 ou 1 para especificar a data de vencimento do pagamento. Voc\u00ea pode usar 0 quando o pagamento vence no final de cada pagamento ou 1 se o pagamento vence no in\u00edcio de cada per\u00edodo. Se voc\u00ea n\u00e3o especificar o tipo, ele assumir\u00e1 0.<\/li><\/ul><h3 class=\"wp-block-heading\"> <strong>Coment\u00e1rios<\/strong><\/h3><ul><li> O valor da devolu\u00e7\u00e3o do pagamento do PMT inclui apenas pagamentos e juros, mas n\u00e3o inclui impostos e outras taxas relacionadas a empr\u00e9stimos.<\/li><li> Voc\u00ea deve ter certeza ao especificar o valor dos argumentos rate e nper. Se voc\u00ea quiser pagar pagamentos mensais de um empr\u00e9stimo de cinco anos a uma taxa de juros anual de 8%, use 8%\/12 para taxa e 5*12 para nper. Para pagamentos anuais do mesmo empr\u00e9stimo, use 8% para a taxa e 5 para o nper.<\/li><\/ul><h3 class=\"wp-block-heading\"> Exemplo<\/h3><p> Digamos que voc\u00ea queira fazer uma hipoteca de 20 anos por US$ 250.000, assumindo uma taxa de juros de 2,5%. Agora podemos usar o PMT para calcular seus pagamentos mensais. <\/p><div class=\"wp-block-image\"><figure class=\"aligncenter size-large is-resized\"><img loading=\"lazy\" decoding=\"async\" class=\"wp-image-37227\" src=\"https:\/\/exceladvisor.org\/wp-content\/uploads\/2023\/08\/exemple-de-fonction-excel-pmt-1.png\" sizes=\"auto, \" srcset=\"\" alt=\"excel-pmt-fun\u00e7\u00e3o-exemplo-1\" width=\"485\" height=\"278\"><\/figure><\/div><p> No c\u00e1lculo acima, convertemos a taxa de juros anual em meses dividindo por 12 e os anos em meses multiplicando por 12.<\/p><p> Mas n\u00e3o mencionamos nenhum valor futuro e a forma de pagamento \u00e9 padr\u00e3o. Ent\u00e3o como resultado temos um valor negativo, porque o valor de $ 987,80 \u00e9 o que temos que pagar todos os meses durante 30 anos. <\/p><\/div><\/div><div class=\"wp-block-group groupx is-layout-constrained\"><div class=\"wp-block-group__inner-container\"><h2 class=\"wp-block-heading\"> 3. VP<\/h2><p> <span style=\"background-color: #f6e6c5;\"><strong>A fun\u00e7\u00e3o PV retorna o valor atual de uma aplica\u00e7\u00e3o financeira ou empr\u00e9stimo.<\/strong><\/span> Em termos simples, com a fun\u00e7\u00e3o PV voc\u00ea pode calcular o valor atual de um investimento ou empr\u00e9stimo onde pode verificar se \u00e9.<\/p><h3 class=\"wp-block-heading\"> <strong>Sintaxe<\/strong><\/h3><p> <em>PV(taxa, nper, pmt, [fv], [tipo])<\/em><\/p><h3 class=\"wp-block-heading\"> <strong>Argumentos<\/strong><\/h3><ul><li> <strong>taxa:<\/strong> A taxa de juros para reembolsar o empr\u00e9stimo.<\/li><li> <strong>nper:<\/strong> n\u00famero total de per\u00edodos de pagamento<\/li><li> <strong>pmt:<\/strong> Um valor constante de pagamento que voc\u00ea deve fazer ap\u00f3s cada per\u00edodo.<\/li><li> <strong>[FV]:<\/strong> O valor futuro ou saldo de caixa de um empr\u00e9stimo ou investimento que voc\u00ea deseja alcan\u00e7ar ap\u00f3s o pagamento final. Se omitido, ser\u00e1 assumido como 0.<\/li><li> <strong>[tipo]:<\/strong> Hora do pagamento. In\u00edcio do per\u00edodo (use \u201c0\u201d) ou final do per\u00edodo (use \u201c1\u201d).<\/li><\/ul><h3 class=\"wp-block-heading\"> <strong>Coment\u00e1rios<\/strong><\/h3><ol><li> As unidades que voc\u00ea usa como argumentos devem ser consistentes. Por exemplo, se utilizar per\u00edodos em meses (36 meses = 3 anos), dever\u00e1 converter a taxa de juro anual numa taxa de juro mensal (6%\/12 = 0,5%).<\/li><li> A fun\u00e7\u00e3o PV \u00e9 uma fun\u00e7\u00e3o de anuidade. Nas fun\u00e7\u00f5es de anuidade, os pagamentos em dinheiro que voc\u00ea faz s\u00e3o representados por n\u00fameros negativos e os pagamentos que voc\u00ea recebe s\u00e3o representados por n\u00fameros positivos.<\/li><\/ol><h3 class=\"wp-block-heading\"> Exemplo<\/h3><p> Digamos que voc\u00ea queira investir <strong>R$ 4.000<\/strong> em um plano de investimento e em troca receber\u00e1 R$ 1.000 no final de cada ano durante os pr\u00f3ximos 5 anos.<\/p><p> Isso significa que voc\u00ea receber\u00e1 um total de US$ 5.000 nos pr\u00f3ximos 5 anos.<\/p><p> Agora a quest\u00e3o \u00e9 que voc\u00ea precisa avaliar se esse investimento \u00e9 rent\u00e1vel ou n\u00e3o. Voc\u00ea investe $ 4.000 hoje e o retorno vir\u00e1 para voc\u00ea nos pr\u00f3ximos 5 anos. <\/p><div class=\"wp-block-image\"><figure class=\"aligncenter size-large is-resized\"><img loading=\"lazy\" decoding=\"async\" class=\"wp-image-37232\" src=\"https:\/\/exceladvisor.org\/wp-content\/uploads\/2023\/08\/exemple-de-fonction-pv-excel-1.png\" sizes=\"auto, \" srcset=\"\" alt=\"excel-pv-fun\u00e7\u00e3o-exemplo-1\" width=\"471\" height=\"504\"><\/figure><\/div><p> No c\u00e1lculo acima retornou -4329. O valor atual do seu investimento \u00e9 de $ 4.329 e voc\u00ea investe $ 4.000 nele. Portanto, seu investimento \u00e9 rent\u00e1vel.<\/p><\/div><\/div><h2 class=\"wp-block-heading\" style=\"font-size: 24px;\"> Mais tutoriais de Excel<\/h2><ul><li> <a href=\"https:\/\/exceladvisor.org\/pt\/nocoes-basicas-de-excel\/\">Vis\u00e3o geral do Excel<\/a><\/li><li> <a href=\"https:\/\/exceladvisor.org\/pt\/habilidades-de-excelencia\/\">Habilidades de Excel<\/a><\/li><li> <a href=\"https:\/\/exceladvisor.org\/pt\/atalhos-do-teclado\/\">Excel para contadores<\/a><\/li><li> <a href=\"https:\/\/exceladvisor.org\/pt\/conselho\/\" data-wpil=\"url\">Dicas e truques do Excel<\/a><\/li><li> <a href=\"https:\/\/exceladvisor.org\/pt\/atalhos-do-teclado\/\">Atalhos de teclado (folha de dicas em PDF)<\/a><\/li><\/ul>","protected":false},"excerpt":{"rendered":"","protected":false},"author":1,"featured_media":0,"parent":0,"menu_order":0,"comment_status":"open","ping_status":"closed","template":"","meta":{"ub_ctt_via":"","footnotes":""},"class_list":["post-638","page","type-page","status-publish","hentry"],"featured_image_src":null,"yoast_head":"<!-- This site is optimized with the Yoast SEO plugin v25.4 - https:\/\/yoast.com\/wordpress\/plugins\/seo\/ -->\n<title>Fun\u00e7\u00f5es financeiras do Excel (com exemplos) \u2013 Excel Advisor<\/title>\n<meta name=\"description\" content=\"No Excel, diversas fun\u00e7\u00f5es financeiras podem ajud\u00e1-lo a gerenciar c\u00e1lculos financeiros. Essas fun\u00e7\u00f5es podem ajud\u00e1-lo a saber...\" \/>\n<meta name=\"robots\" content=\"index, follow, max-snippet:-1, max-image-preview:large, max-video-preview:-1\" \/>\n<link rel=\"canonical\" href=\"https:\/\/exceladvisor.org\/pt\/excel-funcoes-financeiras\/\" \/>\n<meta property=\"og:locale\" content=\"pt_PT\" \/>\n<meta property=\"og:type\" content=\"article\" \/>\n<meta property=\"og:title\" content=\"Fun\u00e7\u00f5es financeiras do Excel (com exemplos) \u2013 Excel Advisor\" \/>\n<meta property=\"og:description\" content=\"No Excel, diversas fun\u00e7\u00f5es financeiras podem ajud\u00e1-lo a gerenciar c\u00e1lculos financeiros. Essas fun\u00e7\u00f5es podem ajud\u00e1-lo a saber...\" \/>\n<meta property=\"og:url\" content=\"https:\/\/exceladvisor.org\/pt\/excel-funcoes-financeiras\/\" \/>\n<meta property=\"og:site_name\" content=\"Excel Advisor\" \/>\n<meta property=\"article:modified_time\" content=\"2023-12-06T11:50:57+00:00\" \/>\n<meta property=\"og:image\" content=\"https:\/\/exceladvisor.org\/wp-content\/uploads\/2023\/08\/exemple-de-fonction-fv-excel-1.png\" \/>\n<meta name=\"twitter:card\" content=\"summary_large_image\" \/>\n<meta name=\"twitter:label1\" content=\"Tempo estimado de leitura\" \/>\n\t<meta name=\"twitter:data1\" content=\"5 minutos\" \/>\n<script type=\"application\/ld+json\" class=\"yoast-schema-graph\">{\"@context\":\"https:\/\/schema.org\",\"@graph\":[{\"@type\":\"WebPage\",\"@id\":\"https:\/\/exceladvisor.org\/pt\/excel-funcoes-financeiras\/\",\"url\":\"https:\/\/exceladvisor.org\/pt\/excel-funcoes-financeiras\/\",\"name\":\"Fun\u00e7\u00f5es financeiras do Excel (com exemplos) \u2013 Excel Advisor\",\"isPartOf\":{\"@id\":\"https:\/\/exceladvisor.org\/pt\/#website\"},\"primaryImageOfPage\":{\"@id\":\"https:\/\/exceladvisor.org\/pt\/excel-funcoes-financeiras\/#primaryimage\"},\"image\":{\"@id\":\"https:\/\/exceladvisor.org\/pt\/excel-funcoes-financeiras\/#primaryimage\"},\"thumbnailUrl\":\"https:\/\/exceladvisor.org\/wp-content\/uploads\/2023\/08\/exemple-de-fonction-fv-excel-1.png\",\"datePublished\":\"2023-10-15T13:31:10+00:00\",\"dateModified\":\"2023-12-06T11:50:57+00:00\",\"description\":\"No Excel, diversas fun\u00e7\u00f5es financeiras podem ajud\u00e1-lo a gerenciar c\u00e1lculos financeiros. Essas fun\u00e7\u00f5es podem ajud\u00e1-lo a saber...\",\"breadcrumb\":{\"@id\":\"https:\/\/exceladvisor.org\/pt\/excel-funcoes-financeiras\/#breadcrumb\"},\"inLanguage\":\"pt-PT\",\"potentialAction\":[{\"@type\":\"ReadAction\",\"target\":[\"https:\/\/exceladvisor.org\/pt\/excel-funcoes-financeiras\/\"]}]},{\"@type\":\"ImageObject\",\"inLanguage\":\"pt-PT\",\"@id\":\"https:\/\/exceladvisor.org\/pt\/excel-funcoes-financeiras\/#primaryimage\",\"url\":\"https:\/\/exceladvisor.org\/wp-content\/uploads\/2023\/08\/exemple-de-fonction-fv-excel-1.png\",\"contentUrl\":\"https:\/\/exceladvisor.org\/wp-content\/uploads\/2023\/08\/exemple-de-fonction-fv-excel-1.png\"},{\"@type\":\"BreadcrumbList\",\"@id\":\"https:\/\/exceladvisor.org\/pt\/excel-funcoes-financeiras\/#breadcrumb\",\"itemListElement\":[{\"@type\":\"ListItem\",\"position\":1,\"name\":\"Lar\",\"item\":\"https:\/\/exceladvisor.org\/pt\/\"},{\"@type\":\"ListItem\",\"position\":2,\"name\":\"Fun\u00e7\u00f5es financeiras do excel (com exemplos)\"}]},{\"@type\":\"WebSite\",\"@id\":\"https:\/\/exceladvisor.org\/pt\/#website\",\"url\":\"https:\/\/exceladvisor.org\/pt\/\",\"name\":\"Excel Advisor\",\"description\":\"O seu guia definitivo para dominar os dados!\",\"publisher\":{\"@id\":\"https:\/\/exceladvisor.org\/pt\/#organization\"},\"potentialAction\":[{\"@type\":\"SearchAction\",\"target\":{\"@type\":\"EntryPoint\",\"urlTemplate\":\"https:\/\/exceladvisor.org\/pt\/?s={search_term_string}\"},\"query-input\":{\"@type\":\"PropertyValueSpecification\",\"valueRequired\":true,\"valueName\":\"search_term_string\"}}],\"inLanguage\":\"pt-PT\"},{\"@type\":\"Organization\",\"@id\":\"https:\/\/exceladvisor.org\/pt\/#organization\",\"name\":\"Excel Advisor\",\"url\":\"https:\/\/exceladvisor.org\/pt\/\",\"logo\":{\"@type\":\"ImageObject\",\"inLanguage\":\"pt-PT\",\"@id\":\"https:\/\/exceladvisor.org\/pt\/#\/schema\/logo\/image\/\",\"url\":\"https:\/\/exceladvisor.org\/pt\/wp-content\/uploads\/2023\/12\/exceladvisor.org_.png\",\"contentUrl\":\"https:\/\/exceladvisor.org\/pt\/wp-content\/uploads\/2023\/12\/exceladvisor.org_.png\",\"width\":105,\"height\":36,\"caption\":\"Excel Advisor\"},\"image\":{\"@id\":\"https:\/\/exceladvisor.org\/pt\/#\/schema\/logo\/image\/\"}}]}<\/script>\n<!-- \/ Yoast SEO plugin. -->","yoast_head_json":{"title":"Fun\u00e7\u00f5es financeiras do Excel (com exemplos) \u2013 Excel Advisor","description":"No Excel, diversas fun\u00e7\u00f5es financeiras podem ajud\u00e1-lo a gerenciar c\u00e1lculos financeiros. Essas fun\u00e7\u00f5es podem ajud\u00e1-lo a saber...","robots":{"index":"index","follow":"follow","max-snippet":"max-snippet:-1","max-image-preview":"max-image-preview:large","max-video-preview":"max-video-preview:-1"},"canonical":"https:\/\/exceladvisor.org\/pt\/excel-funcoes-financeiras\/","og_locale":"pt_PT","og_type":"article","og_title":"Fun\u00e7\u00f5es financeiras do Excel (com exemplos) \u2013 Excel Advisor","og_description":"No Excel, diversas fun\u00e7\u00f5es financeiras podem ajud\u00e1-lo a gerenciar c\u00e1lculos financeiros. Essas fun\u00e7\u00f5es podem ajud\u00e1-lo a saber...","og_url":"https:\/\/exceladvisor.org\/pt\/excel-funcoes-financeiras\/","og_site_name":"Excel Advisor","article_modified_time":"2023-12-06T11:50:57+00:00","og_image":[{"url":"https:\/\/exceladvisor.org\/wp-content\/uploads\/2023\/08\/exemple-de-fonction-fv-excel-1.png","type":"","width":"","height":""}],"twitter_card":"summary_large_image","twitter_misc":{"Tempo estimado de leitura":"5 minutos"},"schema":{"@context":"https:\/\/schema.org","@graph":[{"@type":"WebPage","@id":"https:\/\/exceladvisor.org\/pt\/excel-funcoes-financeiras\/","url":"https:\/\/exceladvisor.org\/pt\/excel-funcoes-financeiras\/","name":"Fun\u00e7\u00f5es financeiras do Excel (com exemplos) \u2013 Excel Advisor","isPartOf":{"@id":"https:\/\/exceladvisor.org\/pt\/#website"},"primaryImageOfPage":{"@id":"https:\/\/exceladvisor.org\/pt\/excel-funcoes-financeiras\/#primaryimage"},"image":{"@id":"https:\/\/exceladvisor.org\/pt\/excel-funcoes-financeiras\/#primaryimage"},"thumbnailUrl":"https:\/\/exceladvisor.org\/wp-content\/uploads\/2023\/08\/exemple-de-fonction-fv-excel-1.png","datePublished":"2023-10-15T13:31:10+00:00","dateModified":"2023-12-06T11:50:57+00:00","description":"No Excel, diversas fun\u00e7\u00f5es financeiras podem ajud\u00e1-lo a gerenciar c\u00e1lculos financeiros. Essas fun\u00e7\u00f5es podem ajud\u00e1-lo a saber...","breadcrumb":{"@id":"https:\/\/exceladvisor.org\/pt\/excel-funcoes-financeiras\/#breadcrumb"},"inLanguage":"pt-PT","potentialAction":[{"@type":"ReadAction","target":["https:\/\/exceladvisor.org\/pt\/excel-funcoes-financeiras\/"]}]},{"@type":"ImageObject","inLanguage":"pt-PT","@id":"https:\/\/exceladvisor.org\/pt\/excel-funcoes-financeiras\/#primaryimage","url":"https:\/\/exceladvisor.org\/wp-content\/uploads\/2023\/08\/exemple-de-fonction-fv-excel-1.png","contentUrl":"https:\/\/exceladvisor.org\/wp-content\/uploads\/2023\/08\/exemple-de-fonction-fv-excel-1.png"},{"@type":"BreadcrumbList","@id":"https:\/\/exceladvisor.org\/pt\/excel-funcoes-financeiras\/#breadcrumb","itemListElement":[{"@type":"ListItem","position":1,"name":"Lar","item":"https:\/\/exceladvisor.org\/pt\/"},{"@type":"ListItem","position":2,"name":"Fun\u00e7\u00f5es financeiras do excel (com exemplos)"}]},{"@type":"WebSite","@id":"https:\/\/exceladvisor.org\/pt\/#website","url":"https:\/\/exceladvisor.org\/pt\/","name":"Excel Advisor","description":"O seu guia definitivo para dominar os dados!","publisher":{"@id":"https:\/\/exceladvisor.org\/pt\/#organization"},"potentialAction":[{"@type":"SearchAction","target":{"@type":"EntryPoint","urlTemplate":"https:\/\/exceladvisor.org\/pt\/?s={search_term_string}"},"query-input":{"@type":"PropertyValueSpecification","valueRequired":true,"valueName":"search_term_string"}}],"inLanguage":"pt-PT"},{"@type":"Organization","@id":"https:\/\/exceladvisor.org\/pt\/#organization","name":"Excel Advisor","url":"https:\/\/exceladvisor.org\/pt\/","logo":{"@type":"ImageObject","inLanguage":"pt-PT","@id":"https:\/\/exceladvisor.org\/pt\/#\/schema\/logo\/image\/","url":"https:\/\/exceladvisor.org\/pt\/wp-content\/uploads\/2023\/12\/exceladvisor.org_.png","contentUrl":"https:\/\/exceladvisor.org\/pt\/wp-content\/uploads\/2023\/12\/exceladvisor.org_.png","width":105,"height":36,"caption":"Excel Advisor"},"image":{"@id":"https:\/\/exceladvisor.org\/pt\/#\/schema\/logo\/image\/"}}]}},"yoast_meta":{"yoast_wpseo_title":"","yoast_wpseo_metadesc":"","yoast_wpseo_canonical":""},"_links":{"self":[{"href":"https:\/\/exceladvisor.org\/pt\/wp-json\/wp\/v2\/pages\/638","targetHints":{"allow":["GET"]}}],"collection":[{"href":"https:\/\/exceladvisor.org\/pt\/wp-json\/wp\/v2\/pages"}],"about":[{"href":"https:\/\/exceladvisor.org\/pt\/wp-json\/wp\/v2\/types\/page"}],"author":[{"embeddable":true,"href":"https:\/\/exceladvisor.org\/pt\/wp-json\/wp\/v2\/users\/1"}],"replies":[{"embeddable":true,"href":"https:\/\/exceladvisor.org\/pt\/wp-json\/wp\/v2\/comments?post=638"}],"version-history":[{"count":1,"href":"https:\/\/exceladvisor.org\/pt\/wp-json\/wp\/v2\/pages\/638\/revisions"}],"predecessor-version":[{"id":1434,"href":"https:\/\/exceladvisor.org\/pt\/wp-json\/wp\/v2\/pages\/638\/revisions\/1434"}],"wp:attachment":[{"href":"https:\/\/exceladvisor.org\/pt\/wp-json\/wp\/v2\/media?parent=638"}],"curies":[{"name":"wp","href":"https:\/\/api.w.org\/{rel}","templated":true}]}}