{"id":64,"date":"2023-11-17T13:34:11","date_gmt":"2023-11-17T13:34:11","guid":{"rendered":"https:\/\/exceladvisor.org\/pt\/a-planilha-de-controle-existe\/"},"modified":"2023-12-06T11:50:28","modified_gmt":"2023-12-06T11:50:28","slug":"a-planilha-de-controle-existe","status":"publish","type":"page","link":"https:\/\/exceladvisor.org\/pt\/a-planilha-de-controle-existe\/","title":{"rendered":"Como verificar se existe uma planilha usando vba?"},"content":{"rendered":"<div class=\"excel-before-content-2\" id=\"excel-981556480\"><script type=\"text\/javascript\">\r\n\tatOptions = {\r\n\t\t'key' : 'c1158f160081d6540a8409e6925dab94',\r\n\t\t'format' : 'iframe',\r\n\t\t'height' : 250,\r\n\t\t'width' : 300,\r\n\t\t'params' : {}\r\n\t};\r\n<\/script>\r\n<script type=\"text\/javascript\" src=\"\/\/www.highperformanceformat.com\/c1158f160081d6540a8409e6925dab94\/invoke.js\"><\/script><\/div><div class=\"excel-before-content\" id=\"excel-2127334062\"><script type=\"text\/javascript\">\r\n\tatOptions = {\r\n\t\t'key' : 'c1158f160081d6540a8409e6925dab94',\r\n\t\t'format' : 'iframe',\r\n\t\t'height' : 250,\r\n\t\t'width' : 300,\r\n\t\t'params' : {}\r\n\t};\r\n<\/script>\r\n<script type=\"text\/javascript\" src=\"\/\/www.highperformanceformat.com\/c1158f160081d6540a8409e6925dab94\/invoke.js\"><\/script><\/div> <p>Se voc\u00ea deseja criar uma planilha, exclu\u00ed-la, mov\u00ea-la ou copi\u00e1-la, voc\u00ea precisa saber se esta planilha existe ou n\u00e3o.<\/p><p> Para escrever um c\u00f3digo para verificar se a planilha existe ou n\u00e3o, voc\u00ea precisa de um loop que passe por cada planilha da pasta de trabalho e corresponda ao nome fornecido. Mas \u00e9 o seguinte, voc\u00ea pode usar dois loops diferentes para isso ( <a href=\"https:\/\/exceladvisor.org\/pt\/para-o-circuito\/\">For Next e For Each<\/a> ), e hoje usaremos os dois.<\/p><p> Neste tutorial, veremos diferentes maneiras de fazer isso. Portanto, certifique-se de ter a <a href=\"https:\/\/exceladvisor.org\/pt\/adicione-uma-guia-de-desenvolvedor\/\">guia Desenvolvedor na faixa de op\u00e7\u00f5es<\/a> e abra o <a href=\"https:\/\/exceladvisor.org\/pt\/editor-visual-basico\/\">editor VBA<\/a> para escrever este c\u00f3digo.<\/p><h2 class=\"wp-block-heading\"> Verifique se existe uma planilha na pasta de trabalho atual<\/h2><p> Com esse loop, voc\u00ea pode fazer refer\u00eancia a todas as planilhas da pasta de trabalho e percorr\u00ea-las uma por uma para combinar o nome da planilha com o nome da planilha que deseja pesquisar.<\/p><p> Siga esses passos:<\/p><ol><li> Primeiro, declare uma vari\u00e1vel para usar na planilha ao executar o loop e para armazenar o nome da planilha que voc\u00ea deseja pesquisar. <br><img loading=\"lazy\" decoding=\"async\" title=\"1-declarar-uma-vari\u00e1vel-para-usar-para-a-planilha\" src=\"https:\/\/exceladvisor.org\/wp-content\/uploads\/2023\/08\/1-declarer-une-variable-a-utiliser-pour-la-feuille.png\" sizes=\"auto, \" srcset=\"\" alt=\"declare-a-variable-to-use-for-the-sheet\" width=\"356\" height=\"215\"><\/li><li> Em seguida, escreva uma linha de c\u00f3digo para uma caixa de entrada para inserir o nome da planilha que deseja pesquisar. <br><img loading=\"lazy\" decoding=\"async\" title=\"2 linhas de c\u00f3digo para uma \u00e1rea de entrada\" src=\"https:\/\/exceladvisor.org\/wp-content\/uploads\/2023\/08\/2-lignes-de-code-pour-une-zone-de-saisie.png\" sizes=\"auto, \" srcset=\"\" alt=\"line-of-code-for-an-input-box\" width=\"473\" height=\"211\"><\/li><li> Depois disso, inicie seu loop com a palavra-chave For Each. E <a href=\"https:\/\/exceladvisor.org\/pt\/variaveis\/\">use a vari\u00e1vel<\/a> para se referir a cada planilha da pasta de trabalho. <br><img loading=\"lazy\" decoding=\"async\" title=\"3-comece seu loop\" src=\"https:\/\/exceladvisor.org\/wp-content\/uploads\/2023\/08\/3-commencez-votre-boucle.png\" sizes=\"auto, \" srcset=\"\" alt=\"start-your-loop\" width=\"461\" height=\"325\"><\/li><li> A partir daqui, voc\u00ea precisa escrever uma instru\u00e7\u00e3o <a href=\"https:\/\/exceladvisor.org\/pt\/variaveis\/\">IF THEN ELSE<\/a> para combinar o nome da planilha com o nome inserido na caixa de entrada e, em seguida, exibir uma caixa de mensagem se a correspond\u00eancia for encontrada e sair do procedimento. <br><img loading=\"lazy\" decoding=\"async\" title=\"4-escrever-um-se-ent\u00e3o-sen\u00e3o\" src=\"https:\/\/exceladvisor.org\/wp-content\/uploads\/2023\/08\/4-ecrire-un-si-alors-sinon.png\" sizes=\"auto, \" srcset=\"\" alt=\"write-an-if-then-else\" width=\"516\" height=\"331\"><\/li><li> No final, uma <a href=\"https:\/\/exceladvisor.org\/pt\/caixa-de-mensagens-vba\/\">caixa de mensagem<\/a> para notific\u00e1-lo caso nenhuma correspond\u00eancia seja encontrada. <br><img loading=\"lazy\" decoding=\"async\" title=\"5 caixas de mensagens para exibir\" src=\"https:\/\/exceladvisor.org\/wp-content\/uploads\/2023\/08\/5-boite-de-message-a-afficher.png\" sizes=\"auto, \" srcset=\"\" alt=\"message-box-to-show\" width=\"668\" height=\"513\"><\/li><\/ol><p class=\"content-box-grey\"> <em>Links \u00fateis: <a href=\"https:\/\/exceladvisor.org\/pt\/executar-uma-macro-2\/\">Executar uma macro<\/a> \u2013 <a href=\"https:\/\/exceladvisor.org\/pt\/gravar-uma-macro\/\">Gravador de macro<\/a> \u2013 <a href=\"https:\/\/exceladvisor.org\/pt\/editor-visual-basico\/\">Editor Visual Basic<\/a> \u2013 <a href=\"https:\/\/exceladvisor.org\/pt\/caderno-macro-pessoal\/\">Manual pessoal de macros<\/a><\/em><\/p><p> <strong>C\u00f3digo completo:<\/strong><\/p><pre class=\"wp-block-code\"> <code class=\"language-visual-basic\" lang=\"visual-basic\">Sub vba_check_sheet() Dim sht As Worksheet Dim shtName As String shtName = InputBox(Prompt:=\"Enter the sheet name\", _ Title:=\"Search Sheet\") For Each sht In ThisWorkbook.Worksheets If sht.Name = shtName Then MsgBox \"Yes! \" &amp; shtName &amp; \" is there in the workbook.\" Exit Sub End If Next sht MsgBox \"No! \" &amp; shtName &amp; \"is not there in the workbook.\" End Sub<\/code><\/pre><p> <strong>Deixe-me explicar como funciona:<\/strong> Ao executar este c\u00f3digo, aparecer\u00e1 uma mensagem onde voc\u00ea dever\u00e1 inserir o nome da planilha que deseja pesquisar.<\/p><p> Depois disso, ele percorre cada planilha para combinar o nome com o nome que voc\u00ea digitou e, se o nome corresponder a uma planilha, mostra uma mensagem e outra mensagem se n\u00e3o houver correspond\u00eancia.<\/p><p> Aqui est\u00e1 outro c\u00f3digo para verificar se uma planilha existe ou n\u00e3o.<\/p><pre class=\"wp-block-code\"> <code class=\"language-visual-basic\" lang=\"visual-basic\">Sub vba_check_sheet() Dim sht As Worksheet Dim shtName As String Dim i As Long i = Sheets.Count shtName = InputBox(Prompt:=\"Enter the sheet name\", _ Title:=\"Search Sheet\") For i = 1 To i If Sheets(i).Name = shtName Then MsgBox \"Yes! \" &amp; shtName &amp; \" is there in the workbook.\" Exit Sub End If Next i MsgBox \"No! \" &amp; shtName &amp; \" is not there in the workbook.\" End Sub<\/code><\/pre><p> Este c\u00f3digo usa o loop FOR NEXT e usa o n\u00famero total de planilhas na pasta de trabalho e, com base nisso, percorre cada planilha que corresponde ao nome que voc\u00ea inseriu.<\/p><h2 class=\"wp-block-heading\"> Verifique se a planilha existe na pasta de trabalho fechada<\/h2><p> No c\u00f3digo a seguir, voc\u00ea tem um loop que procura o nome da planilha em uma pasta de trabalho fechada. Para nos referirmos ao arquivo, usamos o endere\u00e7o do arquivo.<\/p><pre class=\"wp-block-code\"> <code class=\"language-visual-basic\" lang=\"visual-basic\">Sub vba_check_sheet() Dim wb As Workbook Dim sht As Worksheet Dim shtName As String shtName = InputBox(Prompt:=\"Enter the sheet name\", _ Title:=\"Search Sheet\") Application.ScreenUpdating = False Set wb = Workbooks.Open _ (\"C:UsersDellDesktopsample-file.xlsx\") For Each sht In wb.Worksheets If sht.Name = shtName Then wb.Close SaveChanges:=True MsgBox \"Yes! \" &amp; shtName &amp; \" is there in the workbook.\" _ , vbInformation, \"Found\" Exit Sub End If Next sht Application.ScreenUpdating = False MsgBox \"No! \" &amp; shtName _ &amp; \" is not there in the workbook.\", _ vbCritical, \"Not Found\" End Sub<\/code><\/pre><p> Ao executar esta macro, ela abre o arquivo na parte de tr\u00e1s quando voc\u00ea desabilita a atualiza\u00e7\u00e3o da tela e, depois de passar por todas as planilhas, voc\u00ea tem o c\u00f3digo para habilitar a atualiza\u00e7\u00e3o da tela. &#8216;tela.<\/p><p class=\"qt-tip\"> <strong>Nota:<\/strong> Como voc\u00ea pode ver, no endere\u00e7o do local do arquivo temos a extens\u00e3o do arquivo, o que significa que voc\u00ea precisa ter a extens\u00e3o de arquivo correta para se referir a ele.<\/p><div class=\"gb-container gb-container-4db6181c gb-container-mt\"> <a class=\"gb-button gb-button-c5897111 gb-button-text gb-button-mt-button\" href=\"https:\/\/exceladvisor.org\/pt\/vba\/\">O que \u00e9 VBA<\/a><h2 class=\"gb-headline gb-headline-665e5f6b gb-headline-text gb-headline-mt-heading\"> Tutoriais relacionados <\/h2><div class=\"gb-grid-wrapper gb-grid-wrapper-a20baf7c gb-grid-wrapper-mt-grid\"><div class=\"gb-grid-column gb-grid-column-65ddf67e\"><div class=\"gb-container gb-container-65ddf67e\"><ul><li> <a href=\"https:\/\/exceladvisor.org\/pt\/limpar-folha\/\">LIMPAR uma planilha inteira usando VBA no Excel<\/a><\/li><li> <a href=\"https:\/\/exceladvisor.org\/pt\/folha-de-copia\/\">Copie e mova uma planilha no Excel usando VBA<\/a><\/li><li> <a href=\"https:\/\/exceladvisor.org\/pt\/conte-as-folhas\/\">COUNT planilhas usando VBA no Excel<\/a><\/li><li> <a href=\"https:\/\/exceladvisor.org\/pt\/excluir-uma-planilha-1\/\">EXCLUIR uma FOLHA usando VBA no Excel<\/a><\/li><li> <a href=\"https:\/\/exceladvisor.org\/pt\/ocultar-planilha\/\">Ocultar e mostrar uma planilha usando VBA no Excel<\/a><\/li><\/ul><\/div><\/div><\/div><\/div>","protected":false},"excerpt":{"rendered":"","protected":false},"author":1,"featured_media":0,"parent":0,"menu_order":0,"comment_status":"open","ping_status":"closed","template":"","meta":{"ub_ctt_via":"","footnotes":""},"class_list":["post-64","page","type-page","status-publish","hentry"],"featured_image_src":null,"yoast_head":"<!-- This site is optimized with the Yoast SEO plugin v25.4 - https:\/\/yoast.com\/wordpress\/plugins\/seo\/ -->\n<title>Como verificar se existe uma planilha usando VBA no Excel?<\/title>\n<meta name=\"description\" content=\"Se voc\u00ea deseja criar uma planilha, exclu\u00ed-la, mov\u00ea-la ou copi\u00e1-la, voc\u00ea precisa saber se esta planilha existe ou n\u00e3o.\" \/>\n<meta name=\"robots\" content=\"index, follow, max-snippet:-1, max-image-preview:large, max-video-preview:-1\" \/>\n<link rel=\"canonical\" href=\"https:\/\/exceladvisor.org\/pt\/a-planilha-de-controle-existe\/\" \/>\n<meta property=\"og:locale\" content=\"pt_PT\" \/>\n<meta property=\"og:type\" content=\"article\" \/>\n<meta property=\"og:title\" content=\"Como verificar se existe uma planilha usando VBA no Excel?\" \/>\n<meta property=\"og:description\" content=\"Se voc\u00ea deseja criar uma planilha, exclu\u00ed-la, mov\u00ea-la ou copi\u00e1-la, voc\u00ea precisa saber se esta planilha existe ou n\u00e3o.\" \/>\n<meta property=\"og:url\" content=\"https:\/\/exceladvisor.org\/pt\/a-planilha-de-controle-existe\/\" \/>\n<meta property=\"og:site_name\" content=\"Excel Advisor\" \/>\n<meta property=\"article:modified_time\" content=\"2023-12-06T11:50:28+00:00\" \/>\n<meta property=\"og:image\" content=\"https:\/\/exceladvisor.org\/wp-content\/uploads\/2023\/08\/1-declarer-une-variable-a-utiliser-pour-la-feuille.png\" \/>\n<meta name=\"twitter:card\" content=\"summary_large_image\" \/>\n<meta name=\"twitter:label1\" content=\"Tempo estimado de leitura\" \/>\n\t<meta name=\"twitter:data1\" content=\"4 minutos\" \/>\n<script type=\"application\/ld+json\" class=\"yoast-schema-graph\">{\"@context\":\"https:\/\/schema.org\",\"@graph\":[{\"@type\":\"WebPage\",\"@id\":\"https:\/\/exceladvisor.org\/pt\/a-planilha-de-controle-existe\/\",\"url\":\"https:\/\/exceladvisor.org\/pt\/a-planilha-de-controle-existe\/\",\"name\":\"Como verificar se existe uma planilha usando VBA no Excel?\",\"isPartOf\":{\"@id\":\"https:\/\/exceladvisor.org\/pt\/#website\"},\"primaryImageOfPage\":{\"@id\":\"https:\/\/exceladvisor.org\/pt\/a-planilha-de-controle-existe\/#primaryimage\"},\"image\":{\"@id\":\"https:\/\/exceladvisor.org\/pt\/a-planilha-de-controle-existe\/#primaryimage\"},\"thumbnailUrl\":\"https:\/\/exceladvisor.org\/wp-content\/uploads\/2023\/08\/1-declarer-une-variable-a-utiliser-pour-la-feuille.png\",\"datePublished\":\"2023-11-17T13:34:11+00:00\",\"dateModified\":\"2023-12-06T11:50:28+00:00\",\"description\":\"Se voc\u00ea deseja criar uma planilha, exclu\u00ed-la, mov\u00ea-la ou copi\u00e1-la, voc\u00ea precisa saber se esta planilha existe ou n\u00e3o.\",\"breadcrumb\":{\"@id\":\"https:\/\/exceladvisor.org\/pt\/a-planilha-de-controle-existe\/#breadcrumb\"},\"inLanguage\":\"pt-PT\",\"potentialAction\":[{\"@type\":\"ReadAction\",\"target\":[\"https:\/\/exceladvisor.org\/pt\/a-planilha-de-controle-existe\/\"]}]},{\"@type\":\"ImageObject\",\"inLanguage\":\"pt-PT\",\"@id\":\"https:\/\/exceladvisor.org\/pt\/a-planilha-de-controle-existe\/#primaryimage\",\"url\":\"https:\/\/exceladvisor.org\/wp-content\/uploads\/2023\/08\/1-declarer-une-variable-a-utiliser-pour-la-feuille.png\",\"contentUrl\":\"https:\/\/exceladvisor.org\/wp-content\/uploads\/2023\/08\/1-declarer-une-variable-a-utiliser-pour-la-feuille.png\"},{\"@type\":\"BreadcrumbList\",\"@id\":\"https:\/\/exceladvisor.org\/pt\/a-planilha-de-controle-existe\/#breadcrumb\",\"itemListElement\":[{\"@type\":\"ListItem\",\"position\":1,\"name\":\"Lar\",\"item\":\"https:\/\/exceladvisor.org\/pt\/\"},{\"@type\":\"ListItem\",\"position\":2,\"name\":\"Como verificar se existe uma planilha usando vba?\"}]},{\"@type\":\"WebSite\",\"@id\":\"https:\/\/exceladvisor.org\/pt\/#website\",\"url\":\"https:\/\/exceladvisor.org\/pt\/\",\"name\":\"Excel Advisor\",\"description\":\"O seu guia definitivo para dominar os dados!\",\"publisher\":{\"@id\":\"https:\/\/exceladvisor.org\/pt\/#organization\"},\"potentialAction\":[{\"@type\":\"SearchAction\",\"target\":{\"@type\":\"EntryPoint\",\"urlTemplate\":\"https:\/\/exceladvisor.org\/pt\/?s={search_term_string}\"},\"query-input\":{\"@type\":\"PropertyValueSpecification\",\"valueRequired\":true,\"valueName\":\"search_term_string\"}}],\"inLanguage\":\"pt-PT\"},{\"@type\":\"Organization\",\"@id\":\"https:\/\/exceladvisor.org\/pt\/#organization\",\"name\":\"Excel Advisor\",\"url\":\"https:\/\/exceladvisor.org\/pt\/\",\"logo\":{\"@type\":\"ImageObject\",\"inLanguage\":\"pt-PT\",\"@id\":\"https:\/\/exceladvisor.org\/pt\/#\/schema\/logo\/image\/\",\"url\":\"https:\/\/exceladvisor.org\/pt\/wp-content\/uploads\/2023\/12\/exceladvisor.org_.png\",\"contentUrl\":\"https:\/\/exceladvisor.org\/pt\/wp-content\/uploads\/2023\/12\/exceladvisor.org_.png\",\"width\":105,\"height\":36,\"caption\":\"Excel Advisor\"},\"image\":{\"@id\":\"https:\/\/exceladvisor.org\/pt\/#\/schema\/logo\/image\/\"}}]}<\/script>\n<!-- \/ Yoast SEO plugin. -->","yoast_head_json":{"title":"Como verificar se existe uma planilha usando VBA no Excel?","description":"Se voc\u00ea deseja criar uma planilha, exclu\u00ed-la, mov\u00ea-la ou copi\u00e1-la, voc\u00ea precisa saber se esta planilha existe ou n\u00e3o.","robots":{"index":"index","follow":"follow","max-snippet":"max-snippet:-1","max-image-preview":"max-image-preview:large","max-video-preview":"max-video-preview:-1"},"canonical":"https:\/\/exceladvisor.org\/pt\/a-planilha-de-controle-existe\/","og_locale":"pt_PT","og_type":"article","og_title":"Como verificar se existe uma planilha usando VBA no Excel?","og_description":"Se voc\u00ea deseja criar uma planilha, exclu\u00ed-la, mov\u00ea-la ou copi\u00e1-la, voc\u00ea precisa saber se esta planilha existe ou n\u00e3o.","og_url":"https:\/\/exceladvisor.org\/pt\/a-planilha-de-controle-existe\/","og_site_name":"Excel Advisor","article_modified_time":"2023-12-06T11:50:28+00:00","og_image":[{"url":"https:\/\/exceladvisor.org\/wp-content\/uploads\/2023\/08\/1-declarer-une-variable-a-utiliser-pour-la-feuille.png","type":"","width":"","height":""}],"twitter_card":"summary_large_image","twitter_misc":{"Tempo estimado de leitura":"4 minutos"},"schema":{"@context":"https:\/\/schema.org","@graph":[{"@type":"WebPage","@id":"https:\/\/exceladvisor.org\/pt\/a-planilha-de-controle-existe\/","url":"https:\/\/exceladvisor.org\/pt\/a-planilha-de-controle-existe\/","name":"Como verificar se existe uma planilha usando VBA no Excel?","isPartOf":{"@id":"https:\/\/exceladvisor.org\/pt\/#website"},"primaryImageOfPage":{"@id":"https:\/\/exceladvisor.org\/pt\/a-planilha-de-controle-existe\/#primaryimage"},"image":{"@id":"https:\/\/exceladvisor.org\/pt\/a-planilha-de-controle-existe\/#primaryimage"},"thumbnailUrl":"https:\/\/exceladvisor.org\/wp-content\/uploads\/2023\/08\/1-declarer-une-variable-a-utiliser-pour-la-feuille.png","datePublished":"2023-11-17T13:34:11+00:00","dateModified":"2023-12-06T11:50:28+00:00","description":"Se voc\u00ea deseja criar uma planilha, exclu\u00ed-la, mov\u00ea-la ou copi\u00e1-la, voc\u00ea precisa saber se esta planilha existe ou n\u00e3o.","breadcrumb":{"@id":"https:\/\/exceladvisor.org\/pt\/a-planilha-de-controle-existe\/#breadcrumb"},"inLanguage":"pt-PT","potentialAction":[{"@type":"ReadAction","target":["https:\/\/exceladvisor.org\/pt\/a-planilha-de-controle-existe\/"]}]},{"@type":"ImageObject","inLanguage":"pt-PT","@id":"https:\/\/exceladvisor.org\/pt\/a-planilha-de-controle-existe\/#primaryimage","url":"https:\/\/exceladvisor.org\/wp-content\/uploads\/2023\/08\/1-declarer-une-variable-a-utiliser-pour-la-feuille.png","contentUrl":"https:\/\/exceladvisor.org\/wp-content\/uploads\/2023\/08\/1-declarer-une-variable-a-utiliser-pour-la-feuille.png"},{"@type":"BreadcrumbList","@id":"https:\/\/exceladvisor.org\/pt\/a-planilha-de-controle-existe\/#breadcrumb","itemListElement":[{"@type":"ListItem","position":1,"name":"Lar","item":"https:\/\/exceladvisor.org\/pt\/"},{"@type":"ListItem","position":2,"name":"Como verificar se existe uma planilha usando vba?"}]},{"@type":"WebSite","@id":"https:\/\/exceladvisor.org\/pt\/#website","url":"https:\/\/exceladvisor.org\/pt\/","name":"Excel Advisor","description":"O seu guia definitivo para dominar os dados!","publisher":{"@id":"https:\/\/exceladvisor.org\/pt\/#organization"},"potentialAction":[{"@type":"SearchAction","target":{"@type":"EntryPoint","urlTemplate":"https:\/\/exceladvisor.org\/pt\/?s={search_term_string}"},"query-input":{"@type":"PropertyValueSpecification","valueRequired":true,"valueName":"search_term_string"}}],"inLanguage":"pt-PT"},{"@type":"Organization","@id":"https:\/\/exceladvisor.org\/pt\/#organization","name":"Excel Advisor","url":"https:\/\/exceladvisor.org\/pt\/","logo":{"@type":"ImageObject","inLanguage":"pt-PT","@id":"https:\/\/exceladvisor.org\/pt\/#\/schema\/logo\/image\/","url":"https:\/\/exceladvisor.org\/pt\/wp-content\/uploads\/2023\/12\/exceladvisor.org_.png","contentUrl":"https:\/\/exceladvisor.org\/pt\/wp-content\/uploads\/2023\/12\/exceladvisor.org_.png","width":105,"height":36,"caption":"Excel Advisor"},"image":{"@id":"https:\/\/exceladvisor.org\/pt\/#\/schema\/logo\/image\/"}}]}},"yoast_meta":{"yoast_wpseo_title":"","yoast_wpseo_metadesc":"","yoast_wpseo_canonical":""},"_links":{"self":[{"href":"https:\/\/exceladvisor.org\/pt\/wp-json\/wp\/v2\/pages\/64","targetHints":{"allow":["GET"]}}],"collection":[{"href":"https:\/\/exceladvisor.org\/pt\/wp-json\/wp\/v2\/pages"}],"about":[{"href":"https:\/\/exceladvisor.org\/pt\/wp-json\/wp\/v2\/types\/page"}],"author":[{"embeddable":true,"href":"https:\/\/exceladvisor.org\/pt\/wp-json\/wp\/v2\/users\/1"}],"replies":[{"embeddable":true,"href":"https:\/\/exceladvisor.org\/pt\/wp-json\/wp\/v2\/comments?post=64"}],"version-history":[{"count":1,"href":"https:\/\/exceladvisor.org\/pt\/wp-json\/wp\/v2\/pages\/64\/revisions"}],"predecessor-version":[{"id":1393,"href":"https:\/\/exceladvisor.org\/pt\/wp-json\/wp\/v2\/pages\/64\/revisions\/1393"}],"wp:attachment":[{"href":"https:\/\/exceladvisor.org\/pt\/wp-json\/wp\/v2\/media?parent=64"}],"curies":[{"name":"wp","href":"https:\/\/api.w.org\/{rel}","templated":true}]}}