{"id":642,"date":"2023-10-15T11:17:44","date_gmt":"2023-10-15T11:17:44","guid":{"rendered":"https:\/\/exceladvisor.org\/pt\/moda\/"},"modified":"2023-12-06T11:42:41","modified_gmt":"2023-12-06T11:42:41","slug":"moda","status":"publish","type":"page","link":"https:\/\/exceladvisor.org\/pt\/moda\/","title":{"rendered":"Como usar a fun\u00e7\u00e3o mod no excel?"},"content":{"rendered":"<div class=\"excel-before-content-2\" id=\"excel-3252253407\"><script type=\"text\/javascript\">\r\n\tatOptions = {\r\n\t\t'key' : 'c1158f160081d6540a8409e6925dab94',\r\n\t\t'format' : 'iframe',\r\n\t\t'height' : 250,\r\n\t\t'width' : 300,\r\n\t\t'params' : {}\r\n\t};\r\n<\/script>\r\n<script type=\"text\/javascript\" src=\"\/\/www.highperformanceformat.com\/c1158f160081d6540a8409e6925dab94\/invoke.js\"><\/script><\/div><div class=\"excel-before-content\" id=\"excel-725118987\"><script type=\"text\/javascript\">\r\n\tatOptions = {\r\n\t\t'key' : 'c1158f160081d6540a8409e6925dab94',\r\n\t\t'format' : 'iframe',\r\n\t\t'height' : 250,\r\n\t\t'width' : 300,\r\n\t\t'params' : {}\r\n\t};\r\n<\/script>\r\n<script type=\"text\/javascript\" src=\"\/\/www.highperformanceformat.com\/c1158f160081d6540a8409e6925dab94\/invoke.js\"><\/script><\/div> <p>MOD faz parte das <a href=\"https:\/\/exceladvisor.org\/pt\/a\/\">fun\u00e7\u00f5es matem\u00e1ticas do Excel<\/a> . Ele <strong>retorna o valor restante ap\u00f3s dividir um n\u00famero por um divisor<\/strong> . Em termos simples, retorna o valor que resta ap\u00f3s a divis\u00e3o. <\/p><div class=\"wp-block-image\"><figure class=\"aligncenter size-full is-resized\"><img loading=\"lazy\" decoding=\"async\" class=\"wp-image-72723\" src=\"https:\/\/exceladvisor.org\/wp-content\/uploads\/2023\/08\/1-fonction-mod.png\" sizes=\"auto, \" srcset=\"\" alt=\"fun\u00e7\u00e3o mod\" width=\"548\" height=\"193\"><\/figure><\/div><h2 class=\"wp-block-heading\"> Sintaxe<\/h2><p> MOD(n\u00famero, divisor)<\/p><h2 class=\"wp-block-heading\"> Argumentos<\/h2><ul><li> <strong>n\u00famero<\/strong> : um n\u00famero que voc\u00ea deseja dividir.<\/li><li> <strong>divisor<\/strong> : um n\u00famero com o qual voc\u00ea deseja dividir.<\/li><\/ul><h2 class=\"wp-block-heading\"> Exemplo<\/h2><p> No exemplo abaixo, usamos MOD com os diferentes tipos de valor: <\/p><div class=\"wp-block-image\"><figure class=\"aligncenter size-full is-resized\"><img loading=\"lazy\" decoding=\"async\" class=\"wp-image-72724\" src=\"https:\/\/exceladvisor.org\/wp-content\/uploads\/2023\/08\/2-mod-utilise-avec-des-valeurs-differentes.png\" sizes=\"auto, \" srcset=\"\" alt=\"mod-usado-com-valores-diferentes\" width=\"572\" height=\"510\"><\/figure><\/div><ol type=\"1\"><li> Se n\u00e3o houver resto ap\u00f3s a divis\u00e3o de dois n\u00fameros, ele retornar\u00e1 zero.<\/li><li> Se houver uma casa decimal no divisor, ele considera essa casa decimal e retorna o resultado com base nela.<\/li><li> Se voc\u00ea especificar zero para dividir, ele retornar\u00e1 0 no resultado. Dividir um n\u00famero por zero d\u00e1 zero.<\/li><li> Se o divisor for zero, retornar\u00e1 #DIV\/0!.<\/li><li> Se voc\u00ea ignorar a especifica\u00e7\u00e3o de um n\u00famero para divis\u00e3o, retornar\u00e1 0 no resultado.<\/li><li> E se voc\u00ea pular a especifica\u00e7\u00e3o de um divisor, ele retornar\u00e1 #DIV\/0!.<\/li><li> Ele considerar\u00e1 valores negativos e retornar\u00e1 o mesmo sinal do divisor.<\/li><\/ol><h2 class=\"wp-block-heading\"> Pontos importantes<\/h2><ul><li> Ele retornar\u00e1 um #DIV\/0! erro se o divisor for zero.<\/li><li> Sempre retorna um resultado com o mesmo sinal do divisor.<\/li><\/ul>","protected":false},"excerpt":{"rendered":"","protected":false},"author":1,"featured_media":0,"parent":0,"menu_order":0,"comment_status":"open","ping_status":"closed","template":"","meta":{"ub_ctt_via":"","footnotes":""},"class_list":["post-642","page","type-page","status-publish","hentry"],"featured_image_src":null,"yoast_head":"<!-- This site is optimized with the Yoast SEO plugin v25.4 - https:\/\/yoast.com\/wordpress\/plugins\/seo\/ -->\n<title>Como usar a fun\u00e7\u00e3o MOD no Excel? (Com exemplo)<\/title>\n<meta name=\"description\" content=\"Um tutorial r\u00e1pido e f\u00e1cil para aprender como usar a fun\u00e7\u00e3o MOD no Excel.\" \/>\n<meta name=\"robots\" content=\"index, follow, max-snippet:-1, max-image-preview:large, max-video-preview:-1\" \/>\n<link rel=\"canonical\" href=\"https:\/\/exceladvisor.org\/pt\/moda\/\" \/>\n<meta property=\"og:locale\" content=\"pt_PT\" \/>\n<meta property=\"og:type\" content=\"article\" \/>\n<meta property=\"og:title\" content=\"Como usar a fun\u00e7\u00e3o MOD no Excel? (Com exemplo)\" \/>\n<meta property=\"og:description\" content=\"Um tutorial r\u00e1pido e f\u00e1cil para aprender como usar a fun\u00e7\u00e3o MOD no Excel.\" \/>\n<meta property=\"og:url\" content=\"https:\/\/exceladvisor.org\/pt\/moda\/\" \/>\n<meta property=\"og:site_name\" content=\"Excel Advisor\" \/>\n<meta property=\"article:modified_time\" content=\"2023-12-06T11:42:41+00:00\" \/>\n<meta property=\"og:image\" content=\"https:\/\/exceladvisor.org\/wp-content\/uploads\/2023\/08\/1-fonction-mod.png\" \/>\n<meta name=\"twitter:card\" content=\"summary_large_image\" \/>\n<meta name=\"twitter:label1\" content=\"Tempo estimado de leitura\" \/>\n\t<meta name=\"twitter:data1\" content=\"1 minuto\" \/>\n<script type=\"application\/ld+json\" class=\"yoast-schema-graph\">{\"@context\":\"https:\/\/schema.org\",\"@graph\":[{\"@type\":\"WebPage\",\"@id\":\"https:\/\/exceladvisor.org\/pt\/moda\/\",\"url\":\"https:\/\/exceladvisor.org\/pt\/moda\/\",\"name\":\"Como usar a fun\u00e7\u00e3o MOD no Excel? (Com exemplo)\",\"isPartOf\":{\"@id\":\"https:\/\/exceladvisor.org\/pt\/#website\"},\"primaryImageOfPage\":{\"@id\":\"https:\/\/exceladvisor.org\/pt\/moda\/#primaryimage\"},\"image\":{\"@id\":\"https:\/\/exceladvisor.org\/pt\/moda\/#primaryimage\"},\"thumbnailUrl\":\"https:\/\/exceladvisor.org\/wp-content\/uploads\/2023\/08\/1-fonction-mod.png\",\"datePublished\":\"2023-10-15T11:17:44+00:00\",\"dateModified\":\"2023-12-06T11:42:41+00:00\",\"description\":\"Um tutorial r\u00e1pido e f\u00e1cil para aprender como usar a fun\u00e7\u00e3o MOD no Excel.\",\"breadcrumb\":{\"@id\":\"https:\/\/exceladvisor.org\/pt\/moda\/#breadcrumb\"},\"inLanguage\":\"pt-PT\",\"potentialAction\":[{\"@type\":\"ReadAction\",\"target\":[\"https:\/\/exceladvisor.org\/pt\/moda\/\"]}]},{\"@type\":\"ImageObject\",\"inLanguage\":\"pt-PT\",\"@id\":\"https:\/\/exceladvisor.org\/pt\/moda\/#primaryimage\",\"url\":\"https:\/\/exceladvisor.org\/wp-content\/uploads\/2023\/08\/1-fonction-mod.png\",\"contentUrl\":\"https:\/\/exceladvisor.org\/wp-content\/uploads\/2023\/08\/1-fonction-mod.png\"},{\"@type\":\"BreadcrumbList\",\"@id\":\"https:\/\/exceladvisor.org\/pt\/moda\/#breadcrumb\",\"itemListElement\":[{\"@type\":\"ListItem\",\"position\":1,\"name\":\"Lar\",\"item\":\"https:\/\/exceladvisor.org\/pt\/\"},{\"@type\":\"ListItem\",\"position\":2,\"name\":\"Como usar a fun\u00e7\u00e3o mod no excel?\"}]},{\"@type\":\"WebSite\",\"@id\":\"https:\/\/exceladvisor.org\/pt\/#website\",\"url\":\"https:\/\/exceladvisor.org\/pt\/\",\"name\":\"Excel Advisor\",\"description\":\"O seu guia definitivo para dominar os dados!\",\"publisher\":{\"@id\":\"https:\/\/exceladvisor.org\/pt\/#organization\"},\"potentialAction\":[{\"@type\":\"SearchAction\",\"target\":{\"@type\":\"EntryPoint\",\"urlTemplate\":\"https:\/\/exceladvisor.org\/pt\/?s={search_term_string}\"},\"query-input\":{\"@type\":\"PropertyValueSpecification\",\"valueRequired\":true,\"valueName\":\"search_term_string\"}}],\"inLanguage\":\"pt-PT\"},{\"@type\":\"Organization\",\"@id\":\"https:\/\/exceladvisor.org\/pt\/#organization\",\"name\":\"Excel Advisor\",\"url\":\"https:\/\/exceladvisor.org\/pt\/\",\"logo\":{\"@type\":\"ImageObject\",\"inLanguage\":\"pt-PT\",\"@id\":\"https:\/\/exceladvisor.org\/pt\/#\/schema\/logo\/image\/\",\"url\":\"https:\/\/exceladvisor.org\/pt\/wp-content\/uploads\/2023\/12\/exceladvisor.org_.png\",\"contentUrl\":\"https:\/\/exceladvisor.org\/pt\/wp-content\/uploads\/2023\/12\/exceladvisor.org_.png\",\"width\":105,\"height\":36,\"caption\":\"Excel Advisor\"},\"image\":{\"@id\":\"https:\/\/exceladvisor.org\/pt\/#\/schema\/logo\/image\/\"}}]}<\/script>\n<!-- \/ Yoast SEO plugin. -->","yoast_head_json":{"title":"Como usar a fun\u00e7\u00e3o MOD no Excel? (Com exemplo)","description":"Um tutorial r\u00e1pido e f\u00e1cil para aprender como usar a fun\u00e7\u00e3o MOD no Excel.","robots":{"index":"index","follow":"follow","max-snippet":"max-snippet:-1","max-image-preview":"max-image-preview:large","max-video-preview":"max-video-preview:-1"},"canonical":"https:\/\/exceladvisor.org\/pt\/moda\/","og_locale":"pt_PT","og_type":"article","og_title":"Como usar a fun\u00e7\u00e3o MOD no Excel? (Com exemplo)","og_description":"Um tutorial r\u00e1pido e f\u00e1cil para aprender como usar a fun\u00e7\u00e3o MOD no Excel.","og_url":"https:\/\/exceladvisor.org\/pt\/moda\/","og_site_name":"Excel Advisor","article_modified_time":"2023-12-06T11:42:41+00:00","og_image":[{"url":"https:\/\/exceladvisor.org\/wp-content\/uploads\/2023\/08\/1-fonction-mod.png","type":"","width":"","height":""}],"twitter_card":"summary_large_image","twitter_misc":{"Tempo estimado de leitura":"1 minuto"},"schema":{"@context":"https:\/\/schema.org","@graph":[{"@type":"WebPage","@id":"https:\/\/exceladvisor.org\/pt\/moda\/","url":"https:\/\/exceladvisor.org\/pt\/moda\/","name":"Como usar a fun\u00e7\u00e3o MOD no Excel? (Com exemplo)","isPartOf":{"@id":"https:\/\/exceladvisor.org\/pt\/#website"},"primaryImageOfPage":{"@id":"https:\/\/exceladvisor.org\/pt\/moda\/#primaryimage"},"image":{"@id":"https:\/\/exceladvisor.org\/pt\/moda\/#primaryimage"},"thumbnailUrl":"https:\/\/exceladvisor.org\/wp-content\/uploads\/2023\/08\/1-fonction-mod.png","datePublished":"2023-10-15T11:17:44+00:00","dateModified":"2023-12-06T11:42:41+00:00","description":"Um tutorial r\u00e1pido e f\u00e1cil para aprender como usar a fun\u00e7\u00e3o MOD no Excel.","breadcrumb":{"@id":"https:\/\/exceladvisor.org\/pt\/moda\/#breadcrumb"},"inLanguage":"pt-PT","potentialAction":[{"@type":"ReadAction","target":["https:\/\/exceladvisor.org\/pt\/moda\/"]}]},{"@type":"ImageObject","inLanguage":"pt-PT","@id":"https:\/\/exceladvisor.org\/pt\/moda\/#primaryimage","url":"https:\/\/exceladvisor.org\/wp-content\/uploads\/2023\/08\/1-fonction-mod.png","contentUrl":"https:\/\/exceladvisor.org\/wp-content\/uploads\/2023\/08\/1-fonction-mod.png"},{"@type":"BreadcrumbList","@id":"https:\/\/exceladvisor.org\/pt\/moda\/#breadcrumb","itemListElement":[{"@type":"ListItem","position":1,"name":"Lar","item":"https:\/\/exceladvisor.org\/pt\/"},{"@type":"ListItem","position":2,"name":"Como usar a fun\u00e7\u00e3o mod no excel?"}]},{"@type":"WebSite","@id":"https:\/\/exceladvisor.org\/pt\/#website","url":"https:\/\/exceladvisor.org\/pt\/","name":"Excel Advisor","description":"O seu guia definitivo para dominar os dados!","publisher":{"@id":"https:\/\/exceladvisor.org\/pt\/#organization"},"potentialAction":[{"@type":"SearchAction","target":{"@type":"EntryPoint","urlTemplate":"https:\/\/exceladvisor.org\/pt\/?s={search_term_string}"},"query-input":{"@type":"PropertyValueSpecification","valueRequired":true,"valueName":"search_term_string"}}],"inLanguage":"pt-PT"},{"@type":"Organization","@id":"https:\/\/exceladvisor.org\/pt\/#organization","name":"Excel Advisor","url":"https:\/\/exceladvisor.org\/pt\/","logo":{"@type":"ImageObject","inLanguage":"pt-PT","@id":"https:\/\/exceladvisor.org\/pt\/#\/schema\/logo\/image\/","url":"https:\/\/exceladvisor.org\/pt\/wp-content\/uploads\/2023\/12\/exceladvisor.org_.png","contentUrl":"https:\/\/exceladvisor.org\/pt\/wp-content\/uploads\/2023\/12\/exceladvisor.org_.png","width":105,"height":36,"caption":"Excel Advisor"},"image":{"@id":"https:\/\/exceladvisor.org\/pt\/#\/schema\/logo\/image\/"}}]}},"yoast_meta":{"yoast_wpseo_title":"","yoast_wpseo_metadesc":"","yoast_wpseo_canonical":""},"_links":{"self":[{"href":"https:\/\/exceladvisor.org\/pt\/wp-json\/wp\/v2\/pages\/642","targetHints":{"allow":["GET"]}}],"collection":[{"href":"https:\/\/exceladvisor.org\/pt\/wp-json\/wp\/v2\/pages"}],"about":[{"href":"https:\/\/exceladvisor.org\/pt\/wp-json\/wp\/v2\/types\/page"}],"author":[{"embeddable":true,"href":"https:\/\/exceladvisor.org\/pt\/wp-json\/wp\/v2\/users\/1"}],"replies":[{"embeddable":true,"href":"https:\/\/exceladvisor.org\/pt\/wp-json\/wp\/v2\/comments?post=642"}],"version-history":[{"count":1,"href":"https:\/\/exceladvisor.org\/pt\/wp-json\/wp\/v2\/pages\/642\/revisions"}],"predecessor-version":[{"id":1229,"href":"https:\/\/exceladvisor.org\/pt\/wp-json\/wp\/v2\/pages\/642\/revisions\/1229"}],"wp:attachment":[{"href":"https:\/\/exceladvisor.org\/pt\/wp-json\/wp\/v2\/media?parent=642"}],"curies":[{"name":"wp","href":"https:\/\/api.w.org\/{rel}","templated":true}]}}