{"id":643,"date":"2023-10-15T10:48:02","date_gmt":"2023-10-15T10:48:02","guid":{"rendered":"https:\/\/exceladvisor.org\/pt\/sumivas-2\/"},"modified":"2023-12-06T11:42:45","modified_gmt":"2023-12-06T11:42:45","slug":"sumivas-2","status":"publish","type":"page","link":"https:\/\/exceladvisor.org\/pt\/sumivas-2\/","title":{"rendered":"Como usar a fun\u00e7\u00e3o sumifs no excel?"},"content":{"rendered":"<div class=\"excel-before-content-2\" id=\"excel-1711931249\"><script type=\"text\/javascript\">\r\n\tatOptions = {\r\n\t\t'key' : 'c1158f160081d6540a8409e6925dab94',\r\n\t\t'format' : 'iframe',\r\n\t\t'height' : 250,\r\n\t\t'width' : 300,\r\n\t\t'params' : {}\r\n\t};\r\n<\/script>\r\n<script type=\"text\/javascript\" src=\"\/\/www.highperformanceformat.com\/c1158f160081d6540a8409e6925dab94\/invoke.js\"><\/script><\/div><div class=\"excel-before-content\" id=\"excel-4217473005\"><script type=\"text\/javascript\">\r\n\tatOptions = {\r\n\t\t'key' : 'c1158f160081d6540a8409e6925dab94',\r\n\t\t'format' : 'iframe',\r\n\t\t'height' : 250,\r\n\t\t'width' : 300,\r\n\t\t'params' : {}\r\n\t};\r\n<\/script>\r\n<script type=\"text\/javascript\" src=\"\/\/www.highperformanceformat.com\/c1158f160081d6540a8409e6925dab94\/invoke.js\"><\/script><\/div> <p>SUMIFS <strong>retorna a soma dos n\u00fameros que atendem a diversas condi\u00e7\u00f5es<\/strong> especificadas. Sim, voc\u00ea pode especificar v\u00e1rias condi\u00e7\u00f5es para testar. Ao contr\u00e1rio do SUMIF, voc\u00ea pode definir v\u00e1rias condi\u00e7\u00f5es e somar apenas valores que atendam a todas essas condi\u00e7\u00f5es. <\/p><div class=\"wp-block-image\"><figure class=\"aligncenter size-full is-resized\"><img loading=\"lazy\" decoding=\"async\" class=\"wp-image-72738\" src=\"https:\/\/exceladvisor.org\/wp-content\/uploads\/2023\/08\/1-fonction-sumifs.png\" sizes=\"auto, \" srcset=\"\" alt=\"fun\u00e7\u00e3o somas\" width=\"588\" height=\"167\"><\/figure><\/div><h2 class=\"wp-block-heading\"> Sintaxe<\/h2><p> <em>SUMIFS(intervalo_soma, intervalo_crit\u00e9rios1, crit\u00e9rios1, [intervalo_crit\u00e9rios2, crit\u00e9rios2], \u2026)<\/em><\/p><h2 class=\"wp-block-heading\"> Argumentos<\/h2><ul><li> <strong>[sum_range]<\/strong> : um intervalo de c\u00e9lulas e valores que voc\u00ea deseja somar.<\/li><li> <strong>intervalo_de_crit\u00e9rios1<\/strong> : um intervalo a partir do qual voc\u00ea deseja testar os crit\u00e9rios.<\/li><li> <strong>crit\u00e9rio1<\/strong> : um crit\u00e9rio que pode ser um n\u00famero, um texto, uma express\u00e3o, uma refer\u00eancia de c\u00e9lula ou uma fun\u00e7\u00e3o.<\/li><li> <strong>[criteria_range2]<\/strong> : intervalo a partir do qual deseja testar os crit\u00e9rios.<\/li><li> <strong>[crit\u00e9rio2]<\/strong> : um crit\u00e9rio que pode ser um n\u00famero, um texto, uma express\u00e3o, uma refer\u00eancia de c\u00e9lula ou uma fun\u00e7\u00e3o.<\/li><\/ul><h2 class=\"wp-block-heading\"> Exemplo<\/h2><p> No exemplo abaixo, usamos tr\u00eas crit\u00e9rios diferentes para verificar as colunas A, B e C respectivamente, e retornou a soma dos valores da coluna E que atendem a esses crit\u00e9rios. <\/p><div class=\"wp-block-image\"><figure class=\"aligncenter size-full is-resized\"><img loading=\"lazy\" decoding=\"async\" class=\"wp-image-72739\" src=\"https:\/\/exceladvisor.org\/wp-content\/uploads\/2023\/08\/2-trois-criteres-differents-pour-les-sumifs.png\" sizes=\"auto, \" srcset=\"\" alt=\"tr\u00eas crit\u00e9rios diferentes para somas\" width=\"593\" height=\"587\"><\/figure><\/div><p> No exemplo abaixo, usamos <a href=\"https:\/\/exceladvisor.org\/pt\/curingas-2\/\" data-wpil=\"url\">curingas<\/a> para especificar tr\u00eas crit\u00e9rios diferentes. <\/p><div class=\"wp-block-image\"><figure class=\"aligncenter size-full is-resized\"><img loading=\"lazy\" decoding=\"async\" class=\"wp-image-72740\" src=\"https:\/\/exceladvisor.org\/wp-content\/uploads\/2023\/08\/3-caracteres-sauvages-avec-sumif.png\" sizes=\"auto, \" srcset=\"\" alt=\"caracteres selvagens com sumif\" width=\"596\" height=\"569\"><\/figure><\/div><ul><li> O primeiro intervalo de crit\u00e9rios \u00e9 A2:A9 e os crit\u00e9rios na c\u00e9lula A12 somar\u00e3o apenas as c\u00e9lulas que possuem o alfabeto O.<\/li><li> O segundo intervalo de crit\u00e9rios \u00e9 B2: B9 e os crit\u00e9rios da c\u00e9lula B12, que somar\u00e3o apenas as c\u00e9lulas que possuem o alfabeto P. Ele se aplicar\u00e1 a todas as c\u00e9lulas que atenderem \u00e0 condi\u00e7\u00e3o 1.<\/li><li> O terceiro intervalo de crit\u00e9rios \u00e9 C2:C9 e o crit\u00e9rio na c\u00e9lula C12 que somar\u00e1 as c\u00e9lulas com qualquer tipo de valor. Ser\u00e1 aplicado a todas as c\u00e9lulas que atendam \u00e0s condi\u00e7\u00f5es 1 e 2.<\/li><\/ul><h2 class=\"wp-block-heading\"> Coment\u00e1rios<\/h2><ol type=\"1\"><li> O tamanho do intervalo de crit\u00e9rios e o intervalo de soma devem ser do mesmo tamanho.<\/li><li> Se voc\u00ea ignorar a especifica\u00e7\u00e3o do intervalo SUM, isso SOMAr\u00e1 os valores do intervalo de crit\u00e9rios que atendem aos crit\u00e9rios.<\/li><\/ol><div class=\"more-box myList\"><p> <strong>Mais exemplos<\/strong><\/p><ul style=\"list-style-type: circle;\"><li> <a href=\"https:\/\/exceladvisor.org\/pt\/soma-dos-valores-entre-duas-datas\/\">Intervalo de datas SUMIFS<\/a><\/li><li> <a href=\"https:\/\/exceladvisor.org\/pt\/sumif-sumifs-ou-logica\/\">SUMIFS com l\u00f3gica OR<\/a><\/li><li> <a href=\"https:\/\/exceladvisor.org\/pt\/sumivos-nao-sao-iguais\/\">Soma de valores n\u00e3o iguais (SUMIFS)<\/a><\/li><\/ul><\/div>","protected":false},"excerpt":{"rendered":"","protected":false},"author":1,"featured_media":0,"parent":0,"menu_order":0,"comment_status":"open","ping_status":"closed","template":"","meta":{"ub_ctt_via":"","footnotes":""},"class_list":["post-643","page","type-page","status-publish","hentry"],"featured_image_src":null,"yoast_head":"<!-- This site is optimized with the Yoast SEO plugin v25.4 - https:\/\/yoast.com\/wordpress\/plugins\/seo\/ -->\n<title>Como usar a fun\u00e7\u00e3o SUMIFS no Excel? (Com exemplo)<\/title>\n<meta name=\"description\" content=\"Um tutorial r\u00e1pido e f\u00e1cil para aprender como usar a fun\u00e7\u00e3o SUMIFS no Excel.\" \/>\n<meta name=\"robots\" content=\"index, follow, max-snippet:-1, max-image-preview:large, max-video-preview:-1\" \/>\n<link rel=\"canonical\" href=\"https:\/\/exceladvisor.org\/pt\/sumivas-2\/\" \/>\n<meta property=\"og:locale\" content=\"pt_PT\" \/>\n<meta property=\"og:type\" content=\"article\" \/>\n<meta property=\"og:title\" content=\"Como usar a fun\u00e7\u00e3o SUMIFS no Excel? (Com exemplo)\" \/>\n<meta property=\"og:description\" content=\"Um tutorial r\u00e1pido e f\u00e1cil para aprender como usar a fun\u00e7\u00e3o SUMIFS no Excel.\" \/>\n<meta property=\"og:url\" content=\"https:\/\/exceladvisor.org\/pt\/sumivas-2\/\" \/>\n<meta property=\"og:site_name\" content=\"Excel Advisor\" \/>\n<meta property=\"article:modified_time\" content=\"2023-12-06T11:42:45+00:00\" \/>\n<meta property=\"og:image\" content=\"https:\/\/exceladvisor.org\/wp-content\/uploads\/2023\/08\/1-fonction-sumifs.png\" \/>\n<meta name=\"twitter:card\" content=\"summary_large_image\" \/>\n<meta name=\"twitter:label1\" content=\"Tempo estimado de leitura\" \/>\n\t<meta name=\"twitter:data1\" content=\"2 minutos\" \/>\n<script type=\"application\/ld+json\" class=\"yoast-schema-graph\">{\"@context\":\"https:\/\/schema.org\",\"@graph\":[{\"@type\":\"WebPage\",\"@id\":\"https:\/\/exceladvisor.org\/pt\/sumivas-2\/\",\"url\":\"https:\/\/exceladvisor.org\/pt\/sumivas-2\/\",\"name\":\"Como usar a fun\u00e7\u00e3o SUMIFS no Excel? (Com exemplo)\",\"isPartOf\":{\"@id\":\"https:\/\/exceladvisor.org\/pt\/#website\"},\"primaryImageOfPage\":{\"@id\":\"https:\/\/exceladvisor.org\/pt\/sumivas-2\/#primaryimage\"},\"image\":{\"@id\":\"https:\/\/exceladvisor.org\/pt\/sumivas-2\/#primaryimage\"},\"thumbnailUrl\":\"https:\/\/exceladvisor.org\/wp-content\/uploads\/2023\/08\/1-fonction-sumifs.png\",\"datePublished\":\"2023-10-15T10:48:02+00:00\",\"dateModified\":\"2023-12-06T11:42:45+00:00\",\"description\":\"Um tutorial r\u00e1pido e f\u00e1cil para aprender como usar a fun\u00e7\u00e3o SUMIFS no Excel.\",\"breadcrumb\":{\"@id\":\"https:\/\/exceladvisor.org\/pt\/sumivas-2\/#breadcrumb\"},\"inLanguage\":\"pt-PT\",\"potentialAction\":[{\"@type\":\"ReadAction\",\"target\":[\"https:\/\/exceladvisor.org\/pt\/sumivas-2\/\"]}]},{\"@type\":\"ImageObject\",\"inLanguage\":\"pt-PT\",\"@id\":\"https:\/\/exceladvisor.org\/pt\/sumivas-2\/#primaryimage\",\"url\":\"https:\/\/exceladvisor.org\/wp-content\/uploads\/2023\/08\/1-fonction-sumifs.png\",\"contentUrl\":\"https:\/\/exceladvisor.org\/wp-content\/uploads\/2023\/08\/1-fonction-sumifs.png\"},{\"@type\":\"BreadcrumbList\",\"@id\":\"https:\/\/exceladvisor.org\/pt\/sumivas-2\/#breadcrumb\",\"itemListElement\":[{\"@type\":\"ListItem\",\"position\":1,\"name\":\"Lar\",\"item\":\"https:\/\/exceladvisor.org\/pt\/\"},{\"@type\":\"ListItem\",\"position\":2,\"name\":\"Como usar a fun\u00e7\u00e3o sumifs no excel?\"}]},{\"@type\":\"WebSite\",\"@id\":\"https:\/\/exceladvisor.org\/pt\/#website\",\"url\":\"https:\/\/exceladvisor.org\/pt\/\",\"name\":\"Excel Advisor\",\"description\":\"O seu guia definitivo para dominar os dados!\",\"publisher\":{\"@id\":\"https:\/\/exceladvisor.org\/pt\/#organization\"},\"potentialAction\":[{\"@type\":\"SearchAction\",\"target\":{\"@type\":\"EntryPoint\",\"urlTemplate\":\"https:\/\/exceladvisor.org\/pt\/?s={search_term_string}\"},\"query-input\":{\"@type\":\"PropertyValueSpecification\",\"valueRequired\":true,\"valueName\":\"search_term_string\"}}],\"inLanguage\":\"pt-PT\"},{\"@type\":\"Organization\",\"@id\":\"https:\/\/exceladvisor.org\/pt\/#organization\",\"name\":\"Excel Advisor\",\"url\":\"https:\/\/exceladvisor.org\/pt\/\",\"logo\":{\"@type\":\"ImageObject\",\"inLanguage\":\"pt-PT\",\"@id\":\"https:\/\/exceladvisor.org\/pt\/#\/schema\/logo\/image\/\",\"url\":\"https:\/\/exceladvisor.org\/pt\/wp-content\/uploads\/2023\/12\/exceladvisor.org_.png\",\"contentUrl\":\"https:\/\/exceladvisor.org\/pt\/wp-content\/uploads\/2023\/12\/exceladvisor.org_.png\",\"width\":105,\"height\":36,\"caption\":\"Excel Advisor\"},\"image\":{\"@id\":\"https:\/\/exceladvisor.org\/pt\/#\/schema\/logo\/image\/\"}}]}<\/script>\n<!-- \/ Yoast SEO plugin. -->","yoast_head_json":{"title":"Como usar a fun\u00e7\u00e3o SUMIFS no Excel? (Com exemplo)","description":"Um tutorial r\u00e1pido e f\u00e1cil para aprender como usar a fun\u00e7\u00e3o SUMIFS no Excel.","robots":{"index":"index","follow":"follow","max-snippet":"max-snippet:-1","max-image-preview":"max-image-preview:large","max-video-preview":"max-video-preview:-1"},"canonical":"https:\/\/exceladvisor.org\/pt\/sumivas-2\/","og_locale":"pt_PT","og_type":"article","og_title":"Como usar a fun\u00e7\u00e3o SUMIFS no Excel? (Com exemplo)","og_description":"Um tutorial r\u00e1pido e f\u00e1cil para aprender como usar a fun\u00e7\u00e3o SUMIFS no Excel.","og_url":"https:\/\/exceladvisor.org\/pt\/sumivas-2\/","og_site_name":"Excel Advisor","article_modified_time":"2023-12-06T11:42:45+00:00","og_image":[{"url":"https:\/\/exceladvisor.org\/wp-content\/uploads\/2023\/08\/1-fonction-sumifs.png","type":"","width":"","height":""}],"twitter_card":"summary_large_image","twitter_misc":{"Tempo estimado de leitura":"2 minutos"},"schema":{"@context":"https:\/\/schema.org","@graph":[{"@type":"WebPage","@id":"https:\/\/exceladvisor.org\/pt\/sumivas-2\/","url":"https:\/\/exceladvisor.org\/pt\/sumivas-2\/","name":"Como usar a fun\u00e7\u00e3o SUMIFS no Excel? (Com exemplo)","isPartOf":{"@id":"https:\/\/exceladvisor.org\/pt\/#website"},"primaryImageOfPage":{"@id":"https:\/\/exceladvisor.org\/pt\/sumivas-2\/#primaryimage"},"image":{"@id":"https:\/\/exceladvisor.org\/pt\/sumivas-2\/#primaryimage"},"thumbnailUrl":"https:\/\/exceladvisor.org\/wp-content\/uploads\/2023\/08\/1-fonction-sumifs.png","datePublished":"2023-10-15T10:48:02+00:00","dateModified":"2023-12-06T11:42:45+00:00","description":"Um tutorial r\u00e1pido e f\u00e1cil para aprender como usar a fun\u00e7\u00e3o SUMIFS no Excel.","breadcrumb":{"@id":"https:\/\/exceladvisor.org\/pt\/sumivas-2\/#breadcrumb"},"inLanguage":"pt-PT","potentialAction":[{"@type":"ReadAction","target":["https:\/\/exceladvisor.org\/pt\/sumivas-2\/"]}]},{"@type":"ImageObject","inLanguage":"pt-PT","@id":"https:\/\/exceladvisor.org\/pt\/sumivas-2\/#primaryimage","url":"https:\/\/exceladvisor.org\/wp-content\/uploads\/2023\/08\/1-fonction-sumifs.png","contentUrl":"https:\/\/exceladvisor.org\/wp-content\/uploads\/2023\/08\/1-fonction-sumifs.png"},{"@type":"BreadcrumbList","@id":"https:\/\/exceladvisor.org\/pt\/sumivas-2\/#breadcrumb","itemListElement":[{"@type":"ListItem","position":1,"name":"Lar","item":"https:\/\/exceladvisor.org\/pt\/"},{"@type":"ListItem","position":2,"name":"Como usar a fun\u00e7\u00e3o sumifs no excel?"}]},{"@type":"WebSite","@id":"https:\/\/exceladvisor.org\/pt\/#website","url":"https:\/\/exceladvisor.org\/pt\/","name":"Excel Advisor","description":"O seu guia definitivo para dominar os dados!","publisher":{"@id":"https:\/\/exceladvisor.org\/pt\/#organization"},"potentialAction":[{"@type":"SearchAction","target":{"@type":"EntryPoint","urlTemplate":"https:\/\/exceladvisor.org\/pt\/?s={search_term_string}"},"query-input":{"@type":"PropertyValueSpecification","valueRequired":true,"valueName":"search_term_string"}}],"inLanguage":"pt-PT"},{"@type":"Organization","@id":"https:\/\/exceladvisor.org\/pt\/#organization","name":"Excel Advisor","url":"https:\/\/exceladvisor.org\/pt\/","logo":{"@type":"ImageObject","inLanguage":"pt-PT","@id":"https:\/\/exceladvisor.org\/pt\/#\/schema\/logo\/image\/","url":"https:\/\/exceladvisor.org\/pt\/wp-content\/uploads\/2023\/12\/exceladvisor.org_.png","contentUrl":"https:\/\/exceladvisor.org\/pt\/wp-content\/uploads\/2023\/12\/exceladvisor.org_.png","width":105,"height":36,"caption":"Excel Advisor"},"image":{"@id":"https:\/\/exceladvisor.org\/pt\/#\/schema\/logo\/image\/"}}]}},"yoast_meta":{"yoast_wpseo_title":"","yoast_wpseo_metadesc":"","yoast_wpseo_canonical":""},"_links":{"self":[{"href":"https:\/\/exceladvisor.org\/pt\/wp-json\/wp\/v2\/pages\/643","targetHints":{"allow":["GET"]}}],"collection":[{"href":"https:\/\/exceladvisor.org\/pt\/wp-json\/wp\/v2\/pages"}],"about":[{"href":"https:\/\/exceladvisor.org\/pt\/wp-json\/wp\/v2\/types\/page"}],"author":[{"embeddable":true,"href":"https:\/\/exceladvisor.org\/pt\/wp-json\/wp\/v2\/users\/1"}],"replies":[{"embeddable":true,"href":"https:\/\/exceladvisor.org\/pt\/wp-json\/wp\/v2\/comments?post=643"}],"version-history":[{"count":1,"href":"https:\/\/exceladvisor.org\/pt\/wp-json\/wp\/v2\/pages\/643\/revisions"}],"predecessor-version":[{"id":1234,"href":"https:\/\/exceladvisor.org\/pt\/wp-json\/wp\/v2\/pages\/643\/revisions\/1234"}],"wp:attachment":[{"href":"https:\/\/exceladvisor.org\/pt\/wp-json\/wp\/v2\/media?parent=643"}],"curies":[{"name":"wp","href":"https:\/\/api.w.org\/{rel}","templated":true}]}}