{"id":644,"date":"2023-10-15T00:07:10","date_gmt":"2023-10-15T00:07:10","guid":{"rendered":"https:\/\/exceladvisor.org\/pt\/justificar-completamente\/"},"modified":"2023-12-06T11:38:25","modified_gmt":"2023-12-06T11:38:25","slug":"justificar-completamente","status":"publish","type":"page","link":"https:\/\/exceladvisor.org\/pt\/justificar-completamente\/","title":{"rendered":"Como mesclar texto de v\u00e1rias c\u00e9lulas?"},"content":{"rendered":"<div class=\"excel-before-content-2\" id=\"excel-2370139450\"><script type=\"text\/javascript\">\r\n\tatOptions = {\r\n\t\t'key' : 'c1158f160081d6540a8409e6925dab94',\r\n\t\t'format' : 'iframe',\r\n\t\t'height' : 250,\r\n\t\t'width' : 300,\r\n\t\t'params' : {}\r\n\t};\r\n<\/script>\r\n<script type=\"text\/javascript\" src=\"\/\/www.highperformanceformat.com\/c1158f160081d6540a8409e6925dab94\/invoke.js\"><\/script><\/div><div class=\"excel-before-content\" id=\"excel-3606499189\"><script type=\"text\/javascript\">\r\n\tatOptions = {\r\n\t\t'key' : 'c1158f160081d6540a8409e6925dab94',\r\n\t\t'format' : 'iframe',\r\n\t\t'height' : 250,\r\n\t\t'width' : 300,\r\n\t\t'params' : {}\r\n\t};\r\n<\/script>\r\n<script type=\"text\/javascript\" src=\"\/\/www.highperformanceformat.com\/c1158f160081d6540a8409e6925dab94\/invoke.js\"><\/script><\/div> <p>Finalizar o processo de justifica\u00e7\u00e3o \u00e9 uma escolha que economiza tempo no Excel. O principal objetivo do uso da justifica\u00e7\u00e3o de preenchimento no Excel \u00e9 combinar dados de v\u00e1rias c\u00e9lulas em uma \u00fanica c\u00e9lula.<\/p><p> Se voc\u00ea tiver um m\u00e9todo alternativo para mesclar texto em uma c\u00e9lula, compartilhe-o. No entanto, completar a justifica\u00e7\u00e3o continua a ser a op\u00e7\u00e3o preferida. Hoje, neste artigo, voc\u00ea aprender\u00e1 como mesclar texto de v\u00e1rias c\u00e9lulas em uma \u00fanica c\u00e9lula usando justifica\u00e7\u00e3o de preenchimento.<\/p><p> Ent\u00e3o vamos come\u00e7ar (esta \u00e9 uma daquelas <a style=\"outline: none;\" href=\"https:\/\/exceladvisor.org\/pt\/conselho\/\" data-wpil=\"url\">dicas de Excel<\/a> que podem ajudar a melhorar <a href=\"https:\/\/exceladvisor.org\/pt\/habilidades-de-excelencia\/\">habilidades b\u00e1sicas de Excel<\/a> ).<\/p><h2 id=\"tab-con-1\" class=\"wp-block-heading\"> Introdu\u00e7\u00e3o r\u00e1pida:<\/h2><p> Vejamos um exemplo para entender como o preenchimento da op\u00e7\u00e3o de justificativa \u00e9 \u00fatil para mesclarmos dados de v\u00e1rias c\u00e9lulas.<\/p><p> Abaixo voc\u00ea tem texto em tr\u00eas c\u00e9lulas. Mas, se voc\u00ea olhar com aten\u00e7\u00e3o, o texto em c\u00e9lulas diferentes \u00e9 uma \u00fanica frase. E, quando tentamos combin\u00e1-los usando mesclagem, acabamos de obter o texto da primeira c\u00e9lula. <\/p><div class=\"wp-block-image\"><figure class=\"aligncenter\"><img decoding=\"async\" src=\"https:\/\/exceladvisor.org\/wp-content\/uploads\/2023\/08\/Remplir-la-justification-peut-nous-aider-a-fusionner-les-donnees-dans-une-seule-cellule-2.gif\" sizes=\"\" srcset=\"\" alt=\"Use Preencher Justificar no Excel para mesclar texto em uma c\u00e9lula\"><\/figure><\/div><p> Mas usando a justifica\u00e7\u00e3o do preenchimento, voc\u00ea pode combinar todo o texto, como abaixo. <\/p><div class=\"wp-block-image\"><figure class=\"aligncenter\"><img decoding=\"async\" src=\"https:\/\/exceladvisor.org\/wp-content\/uploads\/2023\/08\/Remplir-la-justification-peut-nous-aider-a-fusionner-les-donnees-dans-une-seule-cellule-3.png\" sizes=\"\" srcset=\"\" alt=\"Use Preencher Justificar no Excel para mesclar texto em uma c\u00e9lula\"><\/figure><\/div><h2 id=\"tab-con-2\" class=\"wp-block-heading\"> Como usar<\/h2><p> Siga estas etapas simples para usar texto combinado com justifica\u00e7\u00e3o de preenchimento.<\/p><ol><li> Primeiro, certifique-se de que a coluna em que seu texto foi capturado seja larga o suficiente para armazenar o texto inteiro em uma \u00fanica c\u00e9lula.<\/li><li> Agora selecione todas as c\u00e9lulas nas quais o texto est\u00e1 armazenado.<\/li><li> V\u00e1 para a guia In\u00edcio -&gt; Grupo Editar -&gt; Preencher -&gt; Justificar.<\/li><li> Agora os dados selecionados de v\u00e1rias c\u00e9lulas s\u00e3o convertidos em uma \u00fanica c\u00e9lula. <\/li><\/ol><div class=\"wp-block-image\"><figure class=\"aligncenter\"><img decoding=\"async\" src=\"https:\/\/exceladvisor.org\/wp-content\/uploads\/2023\/08\/Remplir-la-justification-peut-nous-aider-a-fusionner-les-donnees-dans-une-seule-cellule-4.gif\" sizes=\"\" srcset=\"\" alt=\"preencha justificar para substituir pela op\u00e7\u00e3o de mesclagem\"><\/figure><\/div><h2 id=\"tab-con-3\" class=\"wp-block-heading\"> Tecla de atalho<\/h2><p> Voc\u00ea tamb\u00e9m pode <a href=\"https:\/\/exceladvisor.org\/pt\/atalhos-do-teclado\/\">usar uma tecla de atalho<\/a> para aplicar a justifica\u00e7\u00e3o de preenchimento: <kbd>Alt \u279c E \u279c I \u279c J<\/kbd><\/p><h2 id=\"tab-con-4\" class=\"wp-block-heading\"> Pontos importantes<\/h2><ol><li> Voc\u00ea s\u00f3 pode mesclar dados em formato de texto. Os n\u00fameros n\u00e3o podem ser mesclados em uma \u00fanica c\u00e9lula usando justificativa de preenchimento.<\/li><li> Apenas 255 caracteres podem ser mesclados em uma \u00fanica c\u00e9lula. Se voc\u00ea tiver mais de 255 caracteres, o restante dos caracteres n\u00e3o ser\u00e1 mesclado na c\u00e9lula.<\/li><li> A largura da coluna \u00e9 um fator muito importante ao usar a justifica\u00e7\u00e3o de preenchimento.<\/li><\/ol><div class=\"gb-container gb-container-4db6181c gb-container-mt\"> <a class=\"gb-button gb-button-c5897111 gb-button-text gb-button-mt-button\" href=\"https:\/\/exceladvisor.org\/pt\/nocoes-basicas-de-excel\/\">No\u00e7\u00f5es b\u00e1sicas do Microsoft Excel (componentes, pe\u00e7as e notas de conhecimento)<\/a><h2 class=\"gb-headline gb-headline-665e5f6b gb-headline-text gb-headline-mt-heading\"> Tutoriais relacionados <\/h2><div class=\"gb-grid-wrapper gb-grid-wrapper-a20baf7c gb-grid-wrapper-mt-grid\"><div class=\"gb-grid-column gb-grid-column-65ddf67e\"><div class=\"gb-container gb-container-65ddf67e\"><ul><li> <a href=\"https:\/\/exceladvisor.org\/pt\/barra-de-formulas-do-excel\/\">Barra de f\u00f3rmulas no Excel<\/a><\/li><li> <a href=\"https:\/\/exceladvisor.org\/pt\/adicionar-um-cabecalho-de-rodape\/\">Adicione um cabe\u00e7alho e rodap\u00e9 no Excel<\/a><\/li><li> <a href=\"https:\/\/exceladvisor.org\/pt\/governante\/\">Mostrar r\u00e9gua no Excel<\/a><\/li><li> <a href=\"https:\/\/exceladvisor.org\/pt\/alca-de-enchimento\/\">Al\u00e7a de preenchimento no Excel<\/a><\/li><li> <a href=\"https:\/\/exceladvisor.org\/pt\/formato-de-pintor\/\">Pintor de formato no Excel<\/a> <\/li><\/ul><\/div><\/div><div class=\"gb-grid-column gb-grid-column-50067b57\"><div class=\"gb-container gb-container-50067b57\"><\/div><\/div><\/div><\/div>","protected":false},"excerpt":{"rendered":"","protected":false},"author":1,"featured_media":0,"parent":0,"menu_order":0,"comment_status":"open","ping_status":"closed","template":"","meta":{"ub_ctt_via":"","footnotes":""},"class_list":["post-644","page","type-page","status-publish","hentry"],"featured_image_src":null,"yoast_head":"<!-- This site is optimized with the Yoast SEO plugin v25.4 - https:\/\/yoast.com\/wordpress\/plugins\/seo\/ -->\n<title>Como mesclar texto de v\u00e1rias c\u00e9lulas? (Tutorial 2023)<\/title>\n<meta name=\"description\" content=\"Use a justifica\u00e7\u00e3o de preenchimento para mesclar texto em uma c\u00e9lula com apenas alguns cliques do mouse. Esta \u00e9 uma das ferramentas mais incr\u00edveis do Excel que voc\u00ea pode usar.\" \/>\n<meta name=\"robots\" content=\"index, follow, max-snippet:-1, max-image-preview:large, max-video-preview:-1\" \/>\n<link rel=\"canonical\" href=\"https:\/\/exceladvisor.org\/pt\/justificar-completamente\/\" \/>\n<meta property=\"og:locale\" content=\"pt_PT\" \/>\n<meta property=\"og:type\" content=\"article\" \/>\n<meta property=\"og:title\" content=\"Como mesclar texto de v\u00e1rias c\u00e9lulas? (Tutorial 2023)\" \/>\n<meta property=\"og:description\" content=\"Use a justifica\u00e7\u00e3o de preenchimento para mesclar texto em uma c\u00e9lula com apenas alguns cliques do mouse. Esta \u00e9 uma das ferramentas mais incr\u00edveis do Excel que voc\u00ea pode usar.\" \/>\n<meta property=\"og:url\" content=\"https:\/\/exceladvisor.org\/pt\/justificar-completamente\/\" \/>\n<meta property=\"og:site_name\" content=\"Excel Advisor\" \/>\n<meta property=\"article:modified_time\" content=\"2023-12-06T11:38:25+00:00\" \/>\n<meta property=\"og:image\" content=\"https:\/\/exceladvisor.org\/wp-content\/uploads\/2023\/08\/Remplir-la-justification-peut-nous-aider-a-fusionner-les-donnees-dans-une-seule-cellule-2.gif\" \/>\n<meta name=\"twitter:card\" content=\"summary_large_image\" \/>\n<meta name=\"twitter:label1\" content=\"Tempo estimado de leitura\" \/>\n\t<meta name=\"twitter:data1\" content=\"2 minutos\" \/>\n<script type=\"application\/ld+json\" class=\"yoast-schema-graph\">{\"@context\":\"https:\/\/schema.org\",\"@graph\":[{\"@type\":\"WebPage\",\"@id\":\"https:\/\/exceladvisor.org\/pt\/justificar-completamente\/\",\"url\":\"https:\/\/exceladvisor.org\/pt\/justificar-completamente\/\",\"name\":\"Como mesclar texto de v\u00e1rias c\u00e9lulas? (Tutorial 2023)\",\"isPartOf\":{\"@id\":\"https:\/\/exceladvisor.org\/pt\/#website\"},\"primaryImageOfPage\":{\"@id\":\"https:\/\/exceladvisor.org\/pt\/justificar-completamente\/#primaryimage\"},\"image\":{\"@id\":\"https:\/\/exceladvisor.org\/pt\/justificar-completamente\/#primaryimage\"},\"thumbnailUrl\":\"https:\/\/exceladvisor.org\/wp-content\/uploads\/2023\/08\/Remplir-la-justification-peut-nous-aider-a-fusionner-les-donnees-dans-une-seule-cellule-2.gif\",\"datePublished\":\"2023-10-15T00:07:10+00:00\",\"dateModified\":\"2023-12-06T11:38:25+00:00\",\"description\":\"Use a justifica\u00e7\u00e3o de preenchimento para mesclar texto em uma c\u00e9lula com apenas alguns cliques do mouse. Esta \u00e9 uma das ferramentas mais incr\u00edveis do Excel que voc\u00ea pode usar.\",\"breadcrumb\":{\"@id\":\"https:\/\/exceladvisor.org\/pt\/justificar-completamente\/#breadcrumb\"},\"inLanguage\":\"pt-PT\",\"potentialAction\":[{\"@type\":\"ReadAction\",\"target\":[\"https:\/\/exceladvisor.org\/pt\/justificar-completamente\/\"]}]},{\"@type\":\"ImageObject\",\"inLanguage\":\"pt-PT\",\"@id\":\"https:\/\/exceladvisor.org\/pt\/justificar-completamente\/#primaryimage\",\"url\":\"https:\/\/exceladvisor.org\/wp-content\/uploads\/2023\/08\/Remplir-la-justification-peut-nous-aider-a-fusionner-les-donnees-dans-une-seule-cellule-2.gif\",\"contentUrl\":\"https:\/\/exceladvisor.org\/wp-content\/uploads\/2023\/08\/Remplir-la-justification-peut-nous-aider-a-fusionner-les-donnees-dans-une-seule-cellule-2.gif\"},{\"@type\":\"BreadcrumbList\",\"@id\":\"https:\/\/exceladvisor.org\/pt\/justificar-completamente\/#breadcrumb\",\"itemListElement\":[{\"@type\":\"ListItem\",\"position\":1,\"name\":\"Lar\",\"item\":\"https:\/\/exceladvisor.org\/pt\/\"},{\"@type\":\"ListItem\",\"position\":2,\"name\":\"Como mesclar texto de v\u00e1rias c\u00e9lulas?\"}]},{\"@type\":\"WebSite\",\"@id\":\"https:\/\/exceladvisor.org\/pt\/#website\",\"url\":\"https:\/\/exceladvisor.org\/pt\/\",\"name\":\"Excel Advisor\",\"description\":\"O seu guia definitivo para dominar os dados!\",\"publisher\":{\"@id\":\"https:\/\/exceladvisor.org\/pt\/#organization\"},\"potentialAction\":[{\"@type\":\"SearchAction\",\"target\":{\"@type\":\"EntryPoint\",\"urlTemplate\":\"https:\/\/exceladvisor.org\/pt\/?s={search_term_string}\"},\"query-input\":{\"@type\":\"PropertyValueSpecification\",\"valueRequired\":true,\"valueName\":\"search_term_string\"}}],\"inLanguage\":\"pt-PT\"},{\"@type\":\"Organization\",\"@id\":\"https:\/\/exceladvisor.org\/pt\/#organization\",\"name\":\"Excel Advisor\",\"url\":\"https:\/\/exceladvisor.org\/pt\/\",\"logo\":{\"@type\":\"ImageObject\",\"inLanguage\":\"pt-PT\",\"@id\":\"https:\/\/exceladvisor.org\/pt\/#\/schema\/logo\/image\/\",\"url\":\"https:\/\/exceladvisor.org\/pt\/wp-content\/uploads\/2023\/12\/exceladvisor.org_.png\",\"contentUrl\":\"https:\/\/exceladvisor.org\/pt\/wp-content\/uploads\/2023\/12\/exceladvisor.org_.png\",\"width\":105,\"height\":36,\"caption\":\"Excel Advisor\"},\"image\":{\"@id\":\"https:\/\/exceladvisor.org\/pt\/#\/schema\/logo\/image\/\"}}]}<\/script>\n<!-- \/ Yoast SEO plugin. -->","yoast_head_json":{"title":"Como mesclar texto de v\u00e1rias c\u00e9lulas? (Tutorial 2023)","description":"Use a justifica\u00e7\u00e3o de preenchimento para mesclar texto em uma c\u00e9lula com apenas alguns cliques do mouse. Esta \u00e9 uma das ferramentas mais incr\u00edveis do Excel que voc\u00ea pode usar.","robots":{"index":"index","follow":"follow","max-snippet":"max-snippet:-1","max-image-preview":"max-image-preview:large","max-video-preview":"max-video-preview:-1"},"canonical":"https:\/\/exceladvisor.org\/pt\/justificar-completamente\/","og_locale":"pt_PT","og_type":"article","og_title":"Como mesclar texto de v\u00e1rias c\u00e9lulas? (Tutorial 2023)","og_description":"Use a justifica\u00e7\u00e3o de preenchimento para mesclar texto em uma c\u00e9lula com apenas alguns cliques do mouse. Esta \u00e9 uma das ferramentas mais incr\u00edveis do Excel que voc\u00ea pode usar.","og_url":"https:\/\/exceladvisor.org\/pt\/justificar-completamente\/","og_site_name":"Excel Advisor","article_modified_time":"2023-12-06T11:38:25+00:00","og_image":[{"url":"https:\/\/exceladvisor.org\/wp-content\/uploads\/2023\/08\/Remplir-la-justification-peut-nous-aider-a-fusionner-les-donnees-dans-une-seule-cellule-2.gif","type":"","width":"","height":""}],"twitter_card":"summary_large_image","twitter_misc":{"Tempo estimado de leitura":"2 minutos"},"schema":{"@context":"https:\/\/schema.org","@graph":[{"@type":"WebPage","@id":"https:\/\/exceladvisor.org\/pt\/justificar-completamente\/","url":"https:\/\/exceladvisor.org\/pt\/justificar-completamente\/","name":"Como mesclar texto de v\u00e1rias c\u00e9lulas? (Tutorial 2023)","isPartOf":{"@id":"https:\/\/exceladvisor.org\/pt\/#website"},"primaryImageOfPage":{"@id":"https:\/\/exceladvisor.org\/pt\/justificar-completamente\/#primaryimage"},"image":{"@id":"https:\/\/exceladvisor.org\/pt\/justificar-completamente\/#primaryimage"},"thumbnailUrl":"https:\/\/exceladvisor.org\/wp-content\/uploads\/2023\/08\/Remplir-la-justification-peut-nous-aider-a-fusionner-les-donnees-dans-une-seule-cellule-2.gif","datePublished":"2023-10-15T00:07:10+00:00","dateModified":"2023-12-06T11:38:25+00:00","description":"Use a justifica\u00e7\u00e3o de preenchimento para mesclar texto em uma c\u00e9lula com apenas alguns cliques do mouse. Esta \u00e9 uma das ferramentas mais incr\u00edveis do Excel que voc\u00ea pode usar.","breadcrumb":{"@id":"https:\/\/exceladvisor.org\/pt\/justificar-completamente\/#breadcrumb"},"inLanguage":"pt-PT","potentialAction":[{"@type":"ReadAction","target":["https:\/\/exceladvisor.org\/pt\/justificar-completamente\/"]}]},{"@type":"ImageObject","inLanguage":"pt-PT","@id":"https:\/\/exceladvisor.org\/pt\/justificar-completamente\/#primaryimage","url":"https:\/\/exceladvisor.org\/wp-content\/uploads\/2023\/08\/Remplir-la-justification-peut-nous-aider-a-fusionner-les-donnees-dans-une-seule-cellule-2.gif","contentUrl":"https:\/\/exceladvisor.org\/wp-content\/uploads\/2023\/08\/Remplir-la-justification-peut-nous-aider-a-fusionner-les-donnees-dans-une-seule-cellule-2.gif"},{"@type":"BreadcrumbList","@id":"https:\/\/exceladvisor.org\/pt\/justificar-completamente\/#breadcrumb","itemListElement":[{"@type":"ListItem","position":1,"name":"Lar","item":"https:\/\/exceladvisor.org\/pt\/"},{"@type":"ListItem","position":2,"name":"Como mesclar texto de v\u00e1rias c\u00e9lulas?"}]},{"@type":"WebSite","@id":"https:\/\/exceladvisor.org\/pt\/#website","url":"https:\/\/exceladvisor.org\/pt\/","name":"Excel Advisor","description":"O seu guia definitivo para dominar os dados!","publisher":{"@id":"https:\/\/exceladvisor.org\/pt\/#organization"},"potentialAction":[{"@type":"SearchAction","target":{"@type":"EntryPoint","urlTemplate":"https:\/\/exceladvisor.org\/pt\/?s={search_term_string}"},"query-input":{"@type":"PropertyValueSpecification","valueRequired":true,"valueName":"search_term_string"}}],"inLanguage":"pt-PT"},{"@type":"Organization","@id":"https:\/\/exceladvisor.org\/pt\/#organization","name":"Excel Advisor","url":"https:\/\/exceladvisor.org\/pt\/","logo":{"@type":"ImageObject","inLanguage":"pt-PT","@id":"https:\/\/exceladvisor.org\/pt\/#\/schema\/logo\/image\/","url":"https:\/\/exceladvisor.org\/pt\/wp-content\/uploads\/2023\/12\/exceladvisor.org_.png","contentUrl":"https:\/\/exceladvisor.org\/pt\/wp-content\/uploads\/2023\/12\/exceladvisor.org_.png","width":105,"height":36,"caption":"Excel Advisor"},"image":{"@id":"https:\/\/exceladvisor.org\/pt\/#\/schema\/logo\/image\/"}}]}},"yoast_meta":{"yoast_wpseo_title":"","yoast_wpseo_metadesc":"","yoast_wpseo_canonical":""},"_links":{"self":[{"href":"https:\/\/exceladvisor.org\/pt\/wp-json\/wp\/v2\/pages\/644","targetHints":{"allow":["GET"]}}],"collection":[{"href":"https:\/\/exceladvisor.org\/pt\/wp-json\/wp\/v2\/pages"}],"about":[{"href":"https:\/\/exceladvisor.org\/pt\/wp-json\/wp\/v2\/types\/page"}],"author":[{"embeddable":true,"href":"https:\/\/exceladvisor.org\/pt\/wp-json\/wp\/v2\/users\/1"}],"replies":[{"embeddable":true,"href":"https:\/\/exceladvisor.org\/pt\/wp-json\/wp\/v2\/comments?post=644"}],"version-history":[{"count":1,"href":"https:\/\/exceladvisor.org\/pt\/wp-json\/wp\/v2\/pages\/644\/revisions"}],"predecessor-version":[{"id":1123,"href":"https:\/\/exceladvisor.org\/pt\/wp-json\/wp\/v2\/pages\/644\/revisions\/1123"}],"wp:attachment":[{"href":"https:\/\/exceladvisor.org\/pt\/wp-json\/wp\/v2\/media?parent=644"}],"curies":[{"name":"wp","href":"https:\/\/api.w.org\/{rel}","templated":true}]}}