{"id":647,"date":"2023-10-14T05:07:37","date_gmt":"2023-10-14T05:07:37","guid":{"rendered":"https:\/\/exceladvisor.org\/pt\/trocar-o-celular\/"},"modified":"2023-12-06T11:42:28","modified_gmt":"2023-12-06T11:42:28","slug":"trocar-o-celular","status":"publish","type":"page","link":"https:\/\/exceladvisor.org\/pt\/trocar-o-celular\/","title":{"rendered":"Como trocar duas c\u00e9lulas no excel?"},"content":{"rendered":"<div class=\"excel-before-content-2\" id=\"excel-3971770794\"><script type=\"text\/javascript\">\r\n\tatOptions = {\r\n\t\t'key' : 'c1158f160081d6540a8409e6925dab94',\r\n\t\t'format' : 'iframe',\r\n\t\t'height' : 250,\r\n\t\t'width' : 300,\r\n\t\t'params' : {}\r\n\t};\r\n<\/script>\r\n<script type=\"text\/javascript\" src=\"\/\/www.highperformanceformat.com\/c1158f160081d6540a8409e6925dab94\/invoke.js\"><\/script><\/div><div class=\"excel-before-content\" id=\"excel-3998257323\"><script type=\"text\/javascript\">\r\n\tatOptions = {\r\n\t\t'key' : 'c1158f160081d6540a8409e6925dab94',\r\n\t\t'format' : 'iframe',\r\n\t\t'height' : 250,\r\n\t\t'width' : 300,\r\n\t\t'params' : {}\r\n\t};\r\n<\/script>\r\n<script type=\"text\/javascript\" src=\"\/\/www.highperformanceformat.com\/c1158f160081d6540a8409e6925dab94\/invoke.js\"><\/script><\/div> <p>No Excel, existe uma maneira r\u00e1pida e f\u00e1cil de trocar duas c\u00e9lulas. Se voc\u00ea tiver um valor na c\u00e9lula A2 e um valor na c\u00e9lula B2, com swap voc\u00ea poder\u00e1 trocar c\u00e9lulas de A2 para B2 e de B2 para A2. <\/p><div class=\"wp-block-image\"><figure class=\"aligncenter size-full is-resized\"><img loading=\"lazy\" decoding=\"async\" class=\"wp-image-83226\" src=\"https:\/\/exceladvisor.org\/wp-content\/uploads\/2023\/08\/echanger-des-cellules-excel.gif\" sizes=\"auto, \" srcset=\"\" alt=\"\" width=\"399\" height=\"212\"><\/figure><\/div><p> Neste tutorial, veremos um truque r\u00e1pido para trocar duas c\u00e9lulas entre si. <\/p><div class=\"wp-block-image\"><figure class=\"aligncenter size-full is-resized\"><img loading=\"lazy\" decoding=\"async\" class=\"wp-image-77868\" src=\"https:\/\/exceladvisor.org\/wp-content\/uploads\/2023\/08\/1-cellules-dechange.png\" sizes=\"auto, \" srcset=\"\" alt=\"c\u00e9lulas de troca\" width=\"341\" height=\"140\"><\/figure><\/div><h2 class=\"wp-block-heading\"> Etapas para trocar c\u00e9lulas no Excel<\/h2><ol><li> Primeiro, voc\u00ea precisa selecionar a c\u00e9lula A2. <br><img loading=\"lazy\" decoding=\"async\" title=\"2-sele\u00e7\u00e3o de c\u00e9lula que precisa ser trocada\" src=\"https:\/\/exceladvisor.org\/wp-content\/uploads\/2023\/08\/2-cellules-selectionnees-doivent-etre-echangees.png\" sizes=\"auto, \" srcset=\"\" alt=\"select-cell-need-to-swap\" width=\"329\" height=\"155\"><\/li><li> Agora mantenha pressionada a tecla Shift no teclado. <br><img loading=\"lazy\" decoding=\"async\" title=\"3-pressione e segure a tecla shift\" src=\"https:\/\/exceladvisor.org\/wp-content\/uploads\/2023\/08\/3-appuyez-et-maintenez-la-touche-Maj-enfoncee.png\" sizes=\"auto, \" srcset=\"\" alt=\"press-and-hold-shift-key\" width=\"330\" height=\"151\"><\/li><li> Em seguida, passe o cursor do mouse sobre a borda da c\u00e9lula A2. <br><img loading=\"lazy\" decoding=\"async\" title=\"4 mouse sobre a borda da c\u00e9lula\" src=\"https:\/\/exceladvisor.org\/wp-content\/uploads\/2023\/08\/4-passez-la-souris-sur-la-bordure-de-la-cellule.png\" sizes=\"auto, \" srcset=\"\" alt=\"hover-the-mouse-on-cell-border\" width=\"333\" height=\"152\"><\/li><li> Depois disso, clique com o mouse e arraste a c\u00e9lula entre as c\u00e9lulas B2 e C2. <br><img loading=\"lazy\" decoding=\"async\" title=\"5 gotas entre as c\u00e9lulas\" src=\"https:\/\/exceladvisor.org\/wp-content\/uploads\/2023\/08\/5-goutte-entre-les-cellules.png\" sizes=\"auto, \" srcset=\"\" alt=\"drop-between-cells\" width=\"334\" height=\"156\"><\/li><li> No final, solte a c\u00e9lula ali para trocar as c\u00e9lulas entre si. <br><img loading=\"lazy\" decoding=\"async\" title=\"6 c\u00e9lulas foram trocadas\" src=\"https:\/\/exceladvisor.org\/wp-content\/uploads\/2023\/08\/6-cellules-ont-ete-echangees.png\" sizes=\"auto, \" srcset=\"\" alt=\"cells-got-swapped\" width=\"337\" height=\"158\"><\/li><\/ol><div class=\"gb-container gb-container-4db6181c gb-container-mt\"> <a class=\"gb-button gb-button-c5897111 gb-button-text gb-button-mt-button\" href=\"https:\/\/exceladvisor.org\/pt\/nocoes-basicas-de-excel\/\">No\u00e7\u00f5es b\u00e1sicas do Microsoft Excel (componentes, pe\u00e7as e notas de conhecimento)<\/a><h2 class=\"gb-headline gb-headline-665e5f6b gb-headline-text gb-headline-mt-heading\"> Tutoriais relacionados <\/h2><div class=\"gb-grid-wrapper gb-grid-wrapper-a20baf7c gb-grid-wrapper-mt-grid\"><div class=\"gb-grid-column gb-grid-column-65ddf67e\"><div class=\"gb-container gb-container-65ddf67e\"><ul><li> <a href=\"https:\/\/exceladvisor.org\/pt\/adicionar-remover-hiperlinks\/\">Adicione e remova hiperlinks no Excel<\/a><\/li><li> <a href=\"https:\/\/exceladvisor.org\/pt\/adicione-uma-marca-dagua\/\">Adicione uma marca d&#8217;\u00e1gua no Excel<\/a><\/li><li> <a href=\"https:\/\/exceladvisor.org\/pt\/remover-colunas-de-linha-ocultas\/\">Exclua linhas ocultas no Excel<\/a><\/li><li> <a href=\"https:\/\/exceladvisor.org\/pt\/desmarcar-celulas\/\">Desmarcar c\u00e9lulas no Excel<\/a><\/li><li> <a href=\"https:\/\/exceladvisor.org\/pt\/adicionar-uma-coluna\/\">Adicionar uma coluna no Excel<\/a> <\/li><\/ul><\/div><\/div><div class=\"gb-grid-column gb-grid-column-50067b57\"><div class=\"gb-container gb-container-50067b57\"><\/div><\/div><\/div><\/div>","protected":false},"excerpt":{"rendered":"","protected":false},"author":1,"featured_media":0,"parent":0,"menu_order":0,"comment_status":"open","ping_status":"closed","template":"","meta":{"ub_ctt_via":"","footnotes":""},"class_list":["post-647","page","type-page","status-publish","hentry"],"featured_image_src":null,"yoast_head":"<!-- This site is optimized with the Yoast SEO plugin v25.4 - https:\/\/yoast.com\/wordpress\/plugins\/seo\/ -->\n<title>\u25b7 Como trocar rapidamente duas c\u00e9lulas no Excel?<\/title>\n<meta name=\"description\" content=\"Neste tutorial, aprenderemos como trocar duas c\u00e9lulas entre si. Um r\u00e1pido tutorial passo a passo para aprender esse truque.\" \/>\n<meta name=\"robots\" content=\"index, follow, max-snippet:-1, max-image-preview:large, max-video-preview:-1\" \/>\n<link rel=\"canonical\" href=\"https:\/\/exceladvisor.org\/pt\/trocar-o-celular\/\" \/>\n<meta property=\"og:locale\" content=\"pt_PT\" \/>\n<meta property=\"og:type\" content=\"article\" \/>\n<meta property=\"og:title\" content=\"\u25b7 Como trocar rapidamente duas c\u00e9lulas no Excel?\" \/>\n<meta property=\"og:description\" content=\"Neste tutorial, aprenderemos como trocar duas c\u00e9lulas entre si. Um r\u00e1pido tutorial passo a passo para aprender esse truque.\" \/>\n<meta property=\"og:url\" content=\"https:\/\/exceladvisor.org\/pt\/trocar-o-celular\/\" \/>\n<meta property=\"og:site_name\" content=\"Excel Advisor\" \/>\n<meta property=\"article:modified_time\" content=\"2023-12-06T11:42:28+00:00\" \/>\n<meta property=\"og:image\" content=\"https:\/\/exceladvisor.org\/wp-content\/uploads\/2023\/08\/echanger-des-cellules-excel.gif\" \/>\n<meta name=\"twitter:card\" content=\"summary_large_image\" \/>\n<meta name=\"twitter:label1\" content=\"Tempo estimado de leitura\" \/>\n\t<meta name=\"twitter:data1\" content=\"1 minuto\" \/>\n<script type=\"application\/ld+json\" class=\"yoast-schema-graph\">{\"@context\":\"https:\/\/schema.org\",\"@graph\":[{\"@type\":\"WebPage\",\"@id\":\"https:\/\/exceladvisor.org\/pt\/trocar-o-celular\/\",\"url\":\"https:\/\/exceladvisor.org\/pt\/trocar-o-celular\/\",\"name\":\"\u25b7 Como trocar rapidamente duas c\u00e9lulas no Excel?\",\"isPartOf\":{\"@id\":\"https:\/\/exceladvisor.org\/pt\/#website\"},\"primaryImageOfPage\":{\"@id\":\"https:\/\/exceladvisor.org\/pt\/trocar-o-celular\/#primaryimage\"},\"image\":{\"@id\":\"https:\/\/exceladvisor.org\/pt\/trocar-o-celular\/#primaryimage\"},\"thumbnailUrl\":\"https:\/\/exceladvisor.org\/wp-content\/uploads\/2023\/08\/echanger-des-cellules-excel.gif\",\"datePublished\":\"2023-10-14T05:07:37+00:00\",\"dateModified\":\"2023-12-06T11:42:28+00:00\",\"description\":\"Neste tutorial, aprenderemos como trocar duas c\u00e9lulas entre si. Um r\u00e1pido tutorial passo a passo para aprender esse truque.\",\"breadcrumb\":{\"@id\":\"https:\/\/exceladvisor.org\/pt\/trocar-o-celular\/#breadcrumb\"},\"inLanguage\":\"pt-PT\",\"potentialAction\":[{\"@type\":\"ReadAction\",\"target\":[\"https:\/\/exceladvisor.org\/pt\/trocar-o-celular\/\"]}]},{\"@type\":\"ImageObject\",\"inLanguage\":\"pt-PT\",\"@id\":\"https:\/\/exceladvisor.org\/pt\/trocar-o-celular\/#primaryimage\",\"url\":\"https:\/\/exceladvisor.org\/wp-content\/uploads\/2023\/08\/echanger-des-cellules-excel.gif\",\"contentUrl\":\"https:\/\/exceladvisor.org\/wp-content\/uploads\/2023\/08\/echanger-des-cellules-excel.gif\"},{\"@type\":\"BreadcrumbList\",\"@id\":\"https:\/\/exceladvisor.org\/pt\/trocar-o-celular\/#breadcrumb\",\"itemListElement\":[{\"@type\":\"ListItem\",\"position\":1,\"name\":\"Lar\",\"item\":\"https:\/\/exceladvisor.org\/pt\/\"},{\"@type\":\"ListItem\",\"position\":2,\"name\":\"Como trocar duas c\u00e9lulas no excel?\"}]},{\"@type\":\"WebSite\",\"@id\":\"https:\/\/exceladvisor.org\/pt\/#website\",\"url\":\"https:\/\/exceladvisor.org\/pt\/\",\"name\":\"Excel Advisor\",\"description\":\"O seu guia definitivo para dominar os dados!\",\"publisher\":{\"@id\":\"https:\/\/exceladvisor.org\/pt\/#organization\"},\"potentialAction\":[{\"@type\":\"SearchAction\",\"target\":{\"@type\":\"EntryPoint\",\"urlTemplate\":\"https:\/\/exceladvisor.org\/pt\/?s={search_term_string}\"},\"query-input\":{\"@type\":\"PropertyValueSpecification\",\"valueRequired\":true,\"valueName\":\"search_term_string\"}}],\"inLanguage\":\"pt-PT\"},{\"@type\":\"Organization\",\"@id\":\"https:\/\/exceladvisor.org\/pt\/#organization\",\"name\":\"Excel Advisor\",\"url\":\"https:\/\/exceladvisor.org\/pt\/\",\"logo\":{\"@type\":\"ImageObject\",\"inLanguage\":\"pt-PT\",\"@id\":\"https:\/\/exceladvisor.org\/pt\/#\/schema\/logo\/image\/\",\"url\":\"https:\/\/exceladvisor.org\/pt\/wp-content\/uploads\/2023\/12\/exceladvisor.org_.png\",\"contentUrl\":\"https:\/\/exceladvisor.org\/pt\/wp-content\/uploads\/2023\/12\/exceladvisor.org_.png\",\"width\":105,\"height\":36,\"caption\":\"Excel Advisor\"},\"image\":{\"@id\":\"https:\/\/exceladvisor.org\/pt\/#\/schema\/logo\/image\/\"}}]}<\/script>\n<!-- \/ Yoast SEO plugin. -->","yoast_head_json":{"title":"\u25b7 Como trocar rapidamente duas c\u00e9lulas no Excel?","description":"Neste tutorial, aprenderemos como trocar duas c\u00e9lulas entre si. Um r\u00e1pido tutorial passo a passo para aprender esse truque.","robots":{"index":"index","follow":"follow","max-snippet":"max-snippet:-1","max-image-preview":"max-image-preview:large","max-video-preview":"max-video-preview:-1"},"canonical":"https:\/\/exceladvisor.org\/pt\/trocar-o-celular\/","og_locale":"pt_PT","og_type":"article","og_title":"\u25b7 Como trocar rapidamente duas c\u00e9lulas no Excel?","og_description":"Neste tutorial, aprenderemos como trocar duas c\u00e9lulas entre si. Um r\u00e1pido tutorial passo a passo para aprender esse truque.","og_url":"https:\/\/exceladvisor.org\/pt\/trocar-o-celular\/","og_site_name":"Excel Advisor","article_modified_time":"2023-12-06T11:42:28+00:00","og_image":[{"url":"https:\/\/exceladvisor.org\/wp-content\/uploads\/2023\/08\/echanger-des-cellules-excel.gif","type":"","width":"","height":""}],"twitter_card":"summary_large_image","twitter_misc":{"Tempo estimado de leitura":"1 minuto"},"schema":{"@context":"https:\/\/schema.org","@graph":[{"@type":"WebPage","@id":"https:\/\/exceladvisor.org\/pt\/trocar-o-celular\/","url":"https:\/\/exceladvisor.org\/pt\/trocar-o-celular\/","name":"\u25b7 Como trocar rapidamente duas c\u00e9lulas no Excel?","isPartOf":{"@id":"https:\/\/exceladvisor.org\/pt\/#website"},"primaryImageOfPage":{"@id":"https:\/\/exceladvisor.org\/pt\/trocar-o-celular\/#primaryimage"},"image":{"@id":"https:\/\/exceladvisor.org\/pt\/trocar-o-celular\/#primaryimage"},"thumbnailUrl":"https:\/\/exceladvisor.org\/wp-content\/uploads\/2023\/08\/echanger-des-cellules-excel.gif","datePublished":"2023-10-14T05:07:37+00:00","dateModified":"2023-12-06T11:42:28+00:00","description":"Neste tutorial, aprenderemos como trocar duas c\u00e9lulas entre si. Um r\u00e1pido tutorial passo a passo para aprender esse truque.","breadcrumb":{"@id":"https:\/\/exceladvisor.org\/pt\/trocar-o-celular\/#breadcrumb"},"inLanguage":"pt-PT","potentialAction":[{"@type":"ReadAction","target":["https:\/\/exceladvisor.org\/pt\/trocar-o-celular\/"]}]},{"@type":"ImageObject","inLanguage":"pt-PT","@id":"https:\/\/exceladvisor.org\/pt\/trocar-o-celular\/#primaryimage","url":"https:\/\/exceladvisor.org\/wp-content\/uploads\/2023\/08\/echanger-des-cellules-excel.gif","contentUrl":"https:\/\/exceladvisor.org\/wp-content\/uploads\/2023\/08\/echanger-des-cellules-excel.gif"},{"@type":"BreadcrumbList","@id":"https:\/\/exceladvisor.org\/pt\/trocar-o-celular\/#breadcrumb","itemListElement":[{"@type":"ListItem","position":1,"name":"Lar","item":"https:\/\/exceladvisor.org\/pt\/"},{"@type":"ListItem","position":2,"name":"Como trocar duas c\u00e9lulas no excel?"}]},{"@type":"WebSite","@id":"https:\/\/exceladvisor.org\/pt\/#website","url":"https:\/\/exceladvisor.org\/pt\/","name":"Excel Advisor","description":"O seu guia definitivo para dominar os dados!","publisher":{"@id":"https:\/\/exceladvisor.org\/pt\/#organization"},"potentialAction":[{"@type":"SearchAction","target":{"@type":"EntryPoint","urlTemplate":"https:\/\/exceladvisor.org\/pt\/?s={search_term_string}"},"query-input":{"@type":"PropertyValueSpecification","valueRequired":true,"valueName":"search_term_string"}}],"inLanguage":"pt-PT"},{"@type":"Organization","@id":"https:\/\/exceladvisor.org\/pt\/#organization","name":"Excel Advisor","url":"https:\/\/exceladvisor.org\/pt\/","logo":{"@type":"ImageObject","inLanguage":"pt-PT","@id":"https:\/\/exceladvisor.org\/pt\/#\/schema\/logo\/image\/","url":"https:\/\/exceladvisor.org\/pt\/wp-content\/uploads\/2023\/12\/exceladvisor.org_.png","contentUrl":"https:\/\/exceladvisor.org\/pt\/wp-content\/uploads\/2023\/12\/exceladvisor.org_.png","width":105,"height":36,"caption":"Excel Advisor"},"image":{"@id":"https:\/\/exceladvisor.org\/pt\/#\/schema\/logo\/image\/"}}]}},"yoast_meta":{"yoast_wpseo_title":"","yoast_wpseo_metadesc":"","yoast_wpseo_canonical":""},"_links":{"self":[{"href":"https:\/\/exceladvisor.org\/pt\/wp-json\/wp\/v2\/pages\/647","targetHints":{"allow":["GET"]}}],"collection":[{"href":"https:\/\/exceladvisor.org\/pt\/wp-json\/wp\/v2\/pages"}],"about":[{"href":"https:\/\/exceladvisor.org\/pt\/wp-json\/wp\/v2\/types\/page"}],"author":[{"embeddable":true,"href":"https:\/\/exceladvisor.org\/pt\/wp-json\/wp\/v2\/users\/1"}],"replies":[{"embeddable":true,"href":"https:\/\/exceladvisor.org\/pt\/wp-json\/wp\/v2\/comments?post=647"}],"version-history":[{"count":1,"href":"https:\/\/exceladvisor.org\/pt\/wp-json\/wp\/v2\/pages\/647\/revisions"}],"predecessor-version":[{"id":1213,"href":"https:\/\/exceladvisor.org\/pt\/wp-json\/wp\/v2\/pages\/647\/revisions\/1213"}],"wp:attachment":[{"href":"https:\/\/exceladvisor.org\/pt\/wp-json\/wp\/v2\/media?parent=647"}],"curies":[{"name":"wp","href":"https:\/\/api.w.org\/{rel}","templated":true}]}}