{"id":648,"date":"2023-10-13T20:57:26","date_gmt":"2023-10-13T20:57:26","guid":{"rendered":"https:\/\/exceladvisor.org\/pt\/salvar-arquivo-excel-mac\/"},"modified":"2023-12-06T11:42:09","modified_gmt":"2023-12-06T11:42:09","slug":"salvar-arquivo-excel-mac","status":"publish","type":"page","link":"https:\/\/exceladvisor.org\/pt\/salvar-arquivo-excel-mac\/","title":{"rendered":"Como salvar como uma pasta de trabalho do excel no mac?"},"content":{"rendered":"<div class=\"excel-before-content-2\" id=\"excel-2755437894\"><script type=\"text\/javascript\">\r\n\tatOptions = {\r\n\t\t'key' : 'c1158f160081d6540a8409e6925dab94',\r\n\t\t'format' : 'iframe',\r\n\t\t'height' : 250,\r\n\t\t'width' : 300,\r\n\t\t'params' : {}\r\n\t};\r\n<\/script>\r\n<script type=\"text\/javascript\" src=\"\/\/www.highperformanceformat.com\/c1158f160081d6540a8409e6925dab94\/invoke.js\"><\/script><\/div><div class=\"excel-before-content\" id=\"excel-3150620460\"><script type=\"text\/javascript\">\r\n\tatOptions = {\r\n\t\t'key' : 'c1158f160081d6540a8409e6925dab94',\r\n\t\t'format' : 'iframe',\r\n\t\t'height' : 250,\r\n\t\t'width' : 300,\r\n\t\t'params' : {}\r\n\t};\r\n<\/script>\r\n<script type=\"text\/javascript\" src=\"\/\/www.highperformanceformat.com\/c1158f160081d6540a8409e6925dab94\/invoke.js\"><\/script><\/div> <p>Se voc\u00ea estiver usando o Excel em um Mac, salvar o arquivo dever\u00e1 seguir etapas diferentes das do Windows. Este tutorial analisa as etapas para salvar um arquivo Excel em um Mac. Veremos tamb\u00e9m todos os formatos dispon\u00edveis.<\/p><h2 class=\"wp-block-heading\"> Etapas para salvar um arquivo no Excel no Mac<\/h2><p> Voc\u00ea precisa seguir as etapas abaixo:<\/p><ol><li> Primeiro, v\u00e1 ao menu \u201cArquivo\u201d na barra de menu. <br><img loading=\"lazy\" decoding=\"async\" title=\"-save-o-arquivo-exce-no-mac\" src=\"https:\/\/exceladvisor.org\/wp-content\/uploads\/2023\/08\/1-enregistrer-le-fichier-exce-sur-mac.png\" sizes=\"auto, \" srcset=\"\" alt=\"save-excel-file-on-mac\" width=\"550\" height=\"277\"><\/li><li> Depois disso, clique na op\u00e7\u00e3o \u201cSalvar como\u201d a partir da\u00ed. <br><img loading=\"lazy\" decoding=\"async\" title=\"-clique em salvar como\" src=\"https:\/\/exceladvisor.org\/wp-content\/uploads\/2023\/08\/2-cliquez-sur-enregistrer-sous.png\" sizes=\"auto, \" srcset=\"\" alt=\"click-on-save-as\" width=\"658\" height=\"444\"><\/li><li> Em seguida, na caixa de di\u00e1logo \u201cSalvar como\u201d, digite o nome que deseja dar ao arquivo. <br><img loading=\"lazy\" decoding=\"async\" title=\"-enter-nome-do-arquivo\" src=\"https:\/\/exceladvisor.org\/wp-content\/uploads\/2023\/08\/3-entrez-le-nom-du-fichier.png\" sizes=\"auto, \" srcset=\"\" alt=\"enter-name-of-the-file\" width=\"534\" height=\"247\"><\/li><li> Agora, selecione o local no menu suspenso \u201cOnde\u201d. <br><img loading=\"lazy\" decoding=\"async\" title=\"-select-location-from-where-dropdown\" src=\"https:\/\/exceladvisor.org\/wp-content\/uploads\/2023\/08\/4-selectionnez-lemplacement-dou-la-liste-deroulante.png\" sizes=\"auto, \" srcset=\"\" alt=\"select-location-from-where-drop-down\" width=\"538\" height=\"249\"><\/li><li> Para avan\u00e7ar, selecione o tipo de arquivo em \u201cFormato de arquivo\u201d. <br><img loading=\"lazy\" decoding=\"async\" title=\"-formato de arquivo-tipo de arquivo\" src=\"https:\/\/exceladvisor.org\/wp-content\/uploads\/2023\/08\/5-types-de-fichiers-a-partir-du-format-de-fichier.png\" sizes=\"auto, \" srcset=\"\" alt=\"file-type-from-file-format\" width=\"538\" height=\"249\"><\/li><li> Por fim, clique no bot\u00e3o \u201cSalvar\u201d para salvar o arquivo. <br><img loading=\"lazy\" decoding=\"async\" title=\"-clique em salvar para salvar o arquivo\" src=\"https:\/\/exceladvisor.org\/wp-content\/uploads\/2023\/08\/6-cliquez-sur-enregistrer-pour-enregistrer-le-fichier.png\" sizes=\"auto, \" srcset=\"\" alt=\"click-save-to-save-the-file\" width=\"537\" height=\"248\"><\/li><\/ol><h2 class=\"wp-block-heading\"> Salvando em diferentes formatos<\/h2><p> Ao salvar um arquivo, o Excel permite escolher entre v\u00e1rios formatos, como PDF, CSV, etc. Voc\u00ea pode usar qualquer um dos formatos dispon\u00edveis clicando no menu suspenso \u201cFormato de arquivo\u201d. <\/p><div class=\"wp-block-image\"><figure class=\"aligncenter size-full is-resized\"><img loading=\"lazy\" decoding=\"async\" class=\"wp-image-82523\" src=\"https:\/\/exceladvisor.org\/wp-content\/uploads\/2023\/08\/7-enregistrer-le-fichier-dans-differents-formats.png\" sizes=\"auto, \" srcset=\"\" alt=\"salvar arquivo em formatos diferentes\" width=\"567\" height=\"266\"><\/figure><\/div><h2 class=\"wp-block-heading\"> Mudar localiza\u00e7\u00e3o<\/h2><p> Se quiser alterar o local do arquivo ao salv\u00e1-lo, voc\u00ea pode clicar no pequeno menu suspenso pr\u00f3ximo ao menu suspenso \u201cOnde\u201d. <\/p><div class=\"wp-block-image\"><figure class=\"aligncenter size-full is-resized\"><img loading=\"lazy\" decoding=\"async\" class=\"wp-image-82524\" src=\"https:\/\/exceladvisor.org\/wp-content\/uploads\/2023\/08\/8-changer-lemplacement.png\" sizes=\"auto, \" srcset=\"\" alt=\"mudar locais\" width=\"599\" height=\"277\"><\/figure><\/div><p> Depois de clicar nele, a caixa de di\u00e1logo se expande e voc\u00ea pode localizar a pasta ou caminho para salvar o arquivo. <\/p><div class=\"wp-block-image\"><figure class=\"aligncenter size-full is-resized\"><img loading=\"lazy\" decoding=\"async\" class=\"wp-image-82525\" src=\"https:\/\/exceladvisor.org\/wp-content\/uploads\/2023\/08\/9-localiser-le-chemin-pour-enregistrer-le-fichier.png\" sizes=\"auto, \" srcset=\"\" alt=\"localizar-caminho-do-arquivo-de-backup\" width=\"556\" height=\"394\"><\/figure><\/div><div class=\"gb-container gb-container-4db6181c gb-container-mt\"> <a class=\"gb-button gb-button-c5897111 gb-button-text gb-button-mt-button\" href=\"https:\/\/exceladvisor.org\/pt\/nocoes-basicas-de-excel\/\">No\u00e7\u00f5es b\u00e1sicas do Microsoft Excel (componentes, pe\u00e7as e notas de conhecimento)<\/a><h2 class=\"gb-headline gb-headline-665e5f6b gb-headline-text gb-headline-mt-heading\"> Tutoriais relacionados <\/h2><div class=\"gb-grid-wrapper gb-grid-wrapper-a20baf7c gb-grid-wrapper-mt-grid\"><div class=\"gb-grid-column gb-grid-column-65ddf67e\"><div class=\"gb-container gb-container-65ddf67e\"><ul><li> <a href=\"https:\/\/exceladvisor.org\/pt\/reparar-arquivo-excel-corrompido\/\">Reparar arquivo Excel corrompido<\/a><\/li><li> <a href=\"https:\/\/exceladvisor.org\/pt\/recuperar-arquivos-nao-salvos\/\">Recupere arquivos do Excel n\u00e3o salvos quando o Excel travar<\/a><\/li><li> <a href=\"https:\/\/exceladvisor.org\/pt\/xlsx-para-csv\/\">Salve o arquivo Excel (pasta de trabalho) em formato CSV (XLSX TO CSV)<\/a><\/li><li> <a href=\"https:\/\/exceladvisor.org\/pt\/ocultar-mostrar-pasta-de-trabalho\/\">Ocultar e mostrar uma pasta de trabalho no Excel<\/a> <\/li><\/ul><\/div><\/div><div class=\"gb-grid-column gb-grid-column-50067b57\"><div class=\"gb-container gb-container-50067b57\"><\/div><\/div><\/div><\/div>","protected":false},"excerpt":{"rendered":"","protected":false},"author":1,"featured_media":0,"parent":0,"menu_order":0,"comment_status":"open","ping_status":"closed","template":"","meta":{"ub_ctt_via":"","footnotes":""},"class_list":["post-648","page","type-page","status-publish","hentry"],"featured_image_src":null,"yoast_head":"<!-- This site is optimized with the Yoast SEO plugin v25.4 - https:\/\/yoast.com\/wordpress\/plugins\/seo\/ -->\n<title>Como salvar como uma pasta de trabalho do Excel no Mac?<\/title>\n<meta name=\"description\" content=\"Este guia r\u00e1pido ajudar\u00e1 voc\u00ea a aprender como salvar um arquivo Excel no Mac. Discutiremos isso em etapas f\u00e1ceis de seguir.\" \/>\n<meta name=\"robots\" content=\"index, follow, max-snippet:-1, max-image-preview:large, max-video-preview:-1\" \/>\n<link rel=\"canonical\" href=\"https:\/\/exceladvisor.org\/pt\/salvar-arquivo-excel-mac\/\" \/>\n<meta property=\"og:locale\" content=\"pt_PT\" \/>\n<meta property=\"og:type\" content=\"article\" \/>\n<meta property=\"og:title\" content=\"Como salvar como uma pasta de trabalho do Excel no Mac?\" \/>\n<meta property=\"og:description\" content=\"Este guia r\u00e1pido ajudar\u00e1 voc\u00ea a aprender como salvar um arquivo Excel no Mac. Discutiremos isso em etapas f\u00e1ceis de seguir.\" \/>\n<meta property=\"og:url\" content=\"https:\/\/exceladvisor.org\/pt\/salvar-arquivo-excel-mac\/\" \/>\n<meta property=\"og:site_name\" content=\"Excel Advisor\" \/>\n<meta property=\"article:modified_time\" content=\"2023-12-06T11:42:09+00:00\" \/>\n<meta property=\"og:image\" content=\"https:\/\/exceladvisor.org\/wp-content\/uploads\/2023\/08\/1-enregistrer-le-fichier-exce-sur-mac.png\" \/>\n<meta name=\"twitter:card\" content=\"summary_large_image\" \/>\n<meta name=\"twitter:label1\" content=\"Tempo estimado de leitura\" \/>\n\t<meta name=\"twitter:data1\" content=\"1 minuto\" \/>\n<script type=\"application\/ld+json\" class=\"yoast-schema-graph\">{\"@context\":\"https:\/\/schema.org\",\"@graph\":[{\"@type\":\"WebPage\",\"@id\":\"https:\/\/exceladvisor.org\/pt\/salvar-arquivo-excel-mac\/\",\"url\":\"https:\/\/exceladvisor.org\/pt\/salvar-arquivo-excel-mac\/\",\"name\":\"Como salvar como uma pasta de trabalho do Excel no Mac?\",\"isPartOf\":{\"@id\":\"https:\/\/exceladvisor.org\/pt\/#website\"},\"primaryImageOfPage\":{\"@id\":\"https:\/\/exceladvisor.org\/pt\/salvar-arquivo-excel-mac\/#primaryimage\"},\"image\":{\"@id\":\"https:\/\/exceladvisor.org\/pt\/salvar-arquivo-excel-mac\/#primaryimage\"},\"thumbnailUrl\":\"https:\/\/exceladvisor.org\/wp-content\/uploads\/2023\/08\/1-enregistrer-le-fichier-exce-sur-mac.png\",\"datePublished\":\"2023-10-13T20:57:26+00:00\",\"dateModified\":\"2023-12-06T11:42:09+00:00\",\"description\":\"Este guia r\u00e1pido ajudar\u00e1 voc\u00ea a aprender como salvar um arquivo Excel no Mac. Discutiremos isso em etapas f\u00e1ceis de seguir.\",\"breadcrumb\":{\"@id\":\"https:\/\/exceladvisor.org\/pt\/salvar-arquivo-excel-mac\/#breadcrumb\"},\"inLanguage\":\"pt-PT\",\"potentialAction\":[{\"@type\":\"ReadAction\",\"target\":[\"https:\/\/exceladvisor.org\/pt\/salvar-arquivo-excel-mac\/\"]}]},{\"@type\":\"ImageObject\",\"inLanguage\":\"pt-PT\",\"@id\":\"https:\/\/exceladvisor.org\/pt\/salvar-arquivo-excel-mac\/#primaryimage\",\"url\":\"https:\/\/exceladvisor.org\/wp-content\/uploads\/2023\/08\/1-enregistrer-le-fichier-exce-sur-mac.png\",\"contentUrl\":\"https:\/\/exceladvisor.org\/wp-content\/uploads\/2023\/08\/1-enregistrer-le-fichier-exce-sur-mac.png\"},{\"@type\":\"BreadcrumbList\",\"@id\":\"https:\/\/exceladvisor.org\/pt\/salvar-arquivo-excel-mac\/#breadcrumb\",\"itemListElement\":[{\"@type\":\"ListItem\",\"position\":1,\"name\":\"Lar\",\"item\":\"https:\/\/exceladvisor.org\/pt\/\"},{\"@type\":\"ListItem\",\"position\":2,\"name\":\"Como salvar como uma pasta de trabalho do excel no mac?\"}]},{\"@type\":\"WebSite\",\"@id\":\"https:\/\/exceladvisor.org\/pt\/#website\",\"url\":\"https:\/\/exceladvisor.org\/pt\/\",\"name\":\"Excel Advisor\",\"description\":\"O seu guia definitivo para dominar os dados!\",\"publisher\":{\"@id\":\"https:\/\/exceladvisor.org\/pt\/#organization\"},\"potentialAction\":[{\"@type\":\"SearchAction\",\"target\":{\"@type\":\"EntryPoint\",\"urlTemplate\":\"https:\/\/exceladvisor.org\/pt\/?s={search_term_string}\"},\"query-input\":{\"@type\":\"PropertyValueSpecification\",\"valueRequired\":true,\"valueName\":\"search_term_string\"}}],\"inLanguage\":\"pt-PT\"},{\"@type\":\"Organization\",\"@id\":\"https:\/\/exceladvisor.org\/pt\/#organization\",\"name\":\"Excel Advisor\",\"url\":\"https:\/\/exceladvisor.org\/pt\/\",\"logo\":{\"@type\":\"ImageObject\",\"inLanguage\":\"pt-PT\",\"@id\":\"https:\/\/exceladvisor.org\/pt\/#\/schema\/logo\/image\/\",\"url\":\"https:\/\/exceladvisor.org\/pt\/wp-content\/uploads\/2023\/12\/exceladvisor.org_.png\",\"contentUrl\":\"https:\/\/exceladvisor.org\/pt\/wp-content\/uploads\/2023\/12\/exceladvisor.org_.png\",\"width\":105,\"height\":36,\"caption\":\"Excel Advisor\"},\"image\":{\"@id\":\"https:\/\/exceladvisor.org\/pt\/#\/schema\/logo\/image\/\"}}]}<\/script>\n<!-- \/ Yoast SEO plugin. -->","yoast_head_json":{"title":"Como salvar como uma pasta de trabalho do Excel no Mac?","description":"Este guia r\u00e1pido ajudar\u00e1 voc\u00ea a aprender como salvar um arquivo Excel no Mac. Discutiremos isso em etapas f\u00e1ceis de seguir.","robots":{"index":"index","follow":"follow","max-snippet":"max-snippet:-1","max-image-preview":"max-image-preview:large","max-video-preview":"max-video-preview:-1"},"canonical":"https:\/\/exceladvisor.org\/pt\/salvar-arquivo-excel-mac\/","og_locale":"pt_PT","og_type":"article","og_title":"Como salvar como uma pasta de trabalho do Excel no Mac?","og_description":"Este guia r\u00e1pido ajudar\u00e1 voc\u00ea a aprender como salvar um arquivo Excel no Mac. Discutiremos isso em etapas f\u00e1ceis de seguir.","og_url":"https:\/\/exceladvisor.org\/pt\/salvar-arquivo-excel-mac\/","og_site_name":"Excel Advisor","article_modified_time":"2023-12-06T11:42:09+00:00","og_image":[{"url":"https:\/\/exceladvisor.org\/wp-content\/uploads\/2023\/08\/1-enregistrer-le-fichier-exce-sur-mac.png","type":"","width":"","height":""}],"twitter_card":"summary_large_image","twitter_misc":{"Tempo estimado de leitura":"1 minuto"},"schema":{"@context":"https:\/\/schema.org","@graph":[{"@type":"WebPage","@id":"https:\/\/exceladvisor.org\/pt\/salvar-arquivo-excel-mac\/","url":"https:\/\/exceladvisor.org\/pt\/salvar-arquivo-excel-mac\/","name":"Como salvar como uma pasta de trabalho do Excel no Mac?","isPartOf":{"@id":"https:\/\/exceladvisor.org\/pt\/#website"},"primaryImageOfPage":{"@id":"https:\/\/exceladvisor.org\/pt\/salvar-arquivo-excel-mac\/#primaryimage"},"image":{"@id":"https:\/\/exceladvisor.org\/pt\/salvar-arquivo-excel-mac\/#primaryimage"},"thumbnailUrl":"https:\/\/exceladvisor.org\/wp-content\/uploads\/2023\/08\/1-enregistrer-le-fichier-exce-sur-mac.png","datePublished":"2023-10-13T20:57:26+00:00","dateModified":"2023-12-06T11:42:09+00:00","description":"Este guia r\u00e1pido ajudar\u00e1 voc\u00ea a aprender como salvar um arquivo Excel no Mac. Discutiremos isso em etapas f\u00e1ceis de seguir.","breadcrumb":{"@id":"https:\/\/exceladvisor.org\/pt\/salvar-arquivo-excel-mac\/#breadcrumb"},"inLanguage":"pt-PT","potentialAction":[{"@type":"ReadAction","target":["https:\/\/exceladvisor.org\/pt\/salvar-arquivo-excel-mac\/"]}]},{"@type":"ImageObject","inLanguage":"pt-PT","@id":"https:\/\/exceladvisor.org\/pt\/salvar-arquivo-excel-mac\/#primaryimage","url":"https:\/\/exceladvisor.org\/wp-content\/uploads\/2023\/08\/1-enregistrer-le-fichier-exce-sur-mac.png","contentUrl":"https:\/\/exceladvisor.org\/wp-content\/uploads\/2023\/08\/1-enregistrer-le-fichier-exce-sur-mac.png"},{"@type":"BreadcrumbList","@id":"https:\/\/exceladvisor.org\/pt\/salvar-arquivo-excel-mac\/#breadcrumb","itemListElement":[{"@type":"ListItem","position":1,"name":"Lar","item":"https:\/\/exceladvisor.org\/pt\/"},{"@type":"ListItem","position":2,"name":"Como salvar como uma pasta de trabalho do excel no mac?"}]},{"@type":"WebSite","@id":"https:\/\/exceladvisor.org\/pt\/#website","url":"https:\/\/exceladvisor.org\/pt\/","name":"Excel Advisor","description":"O seu guia definitivo para dominar os dados!","publisher":{"@id":"https:\/\/exceladvisor.org\/pt\/#organization"},"potentialAction":[{"@type":"SearchAction","target":{"@type":"EntryPoint","urlTemplate":"https:\/\/exceladvisor.org\/pt\/?s={search_term_string}"},"query-input":{"@type":"PropertyValueSpecification","valueRequired":true,"valueName":"search_term_string"}}],"inLanguage":"pt-PT"},{"@type":"Organization","@id":"https:\/\/exceladvisor.org\/pt\/#organization","name":"Excel Advisor","url":"https:\/\/exceladvisor.org\/pt\/","logo":{"@type":"ImageObject","inLanguage":"pt-PT","@id":"https:\/\/exceladvisor.org\/pt\/#\/schema\/logo\/image\/","url":"https:\/\/exceladvisor.org\/pt\/wp-content\/uploads\/2023\/12\/exceladvisor.org_.png","contentUrl":"https:\/\/exceladvisor.org\/pt\/wp-content\/uploads\/2023\/12\/exceladvisor.org_.png","width":105,"height":36,"caption":"Excel Advisor"},"image":{"@id":"https:\/\/exceladvisor.org\/pt\/#\/schema\/logo\/image\/"}}]}},"yoast_meta":{"yoast_wpseo_title":"","yoast_wpseo_metadesc":"","yoast_wpseo_canonical":""},"_links":{"self":[{"href":"https:\/\/exceladvisor.org\/pt\/wp-json\/wp\/v2\/pages\/648","targetHints":{"allow":["GET"]}}],"collection":[{"href":"https:\/\/exceladvisor.org\/pt\/wp-json\/wp\/v2\/pages"}],"about":[{"href":"https:\/\/exceladvisor.org\/pt\/wp-json\/wp\/v2\/types\/page"}],"author":[{"embeddable":true,"href":"https:\/\/exceladvisor.org\/pt\/wp-json\/wp\/v2\/users\/1"}],"replies":[{"embeddable":true,"href":"https:\/\/exceladvisor.org\/pt\/wp-json\/wp\/v2\/comments?post=648"}],"version-history":[{"count":1,"href":"https:\/\/exceladvisor.org\/pt\/wp-json\/wp\/v2\/pages\/648\/revisions"}],"predecessor-version":[{"id":1185,"href":"https:\/\/exceladvisor.org\/pt\/wp-json\/wp\/v2\/pages\/648\/revisions\/1185"}],"wp:attachment":[{"href":"https:\/\/exceladvisor.org\/pt\/wp-json\/wp\/v2\/media?parent=648"}],"curies":[{"name":"wp","href":"https:\/\/api.w.org\/{rel}","templated":true}]}}