{"id":649,"date":"2023-09-30T23:35:12","date_gmt":"2023-09-30T23:35:12","guid":{"rendered":"https:\/\/exceladvisor.org\/pt\/calcular\/"},"modified":"2023-12-06T11:35:13","modified_gmt":"2023-12-06T11:35:13","slug":"calcular","status":"publish","type":"page","link":"https:\/\/exceladvisor.org\/pt\/calcular\/","title":{"rendered":"Como calcular valores de c\u00e9lulas em vba?"},"content":{"rendered":"<div class=\"excel-before-content-2\" id=\"excel-1483977893\"><script type=\"text\/javascript\">\r\n\tatOptions = {\r\n\t\t'key' : 'c1158f160081d6540a8409e6925dab94',\r\n\t\t'format' : 'iframe',\r\n\t\t'height' : 250,\r\n\t\t'width' : 300,\r\n\t\t'params' : {}\r\n\t};\r\n<\/script>\r\n<script type=\"text\/javascript\" src=\"\/\/www.highperformanceformat.com\/c1158f160081d6540a8409e6925dab94\/invoke.js\"><\/script><\/div><div class=\"excel-before-content\" id=\"excel-182036360\"><script type=\"text\/javascript\">\r\n\tatOptions = {\r\n\t\t'key' : 'c1158f160081d6540a8409e6925dab94',\r\n\t\t'format' : 'iframe',\r\n\t\t'height' : 250,\r\n\t\t'width' : 300,\r\n\t\t'params' : {}\r\n\t};\r\n<\/script>\r\n<script type=\"text\/javascript\" src=\"\/\/www.highperformanceformat.com\/c1158f160081d6540a8409e6925dab94\/invoke.js\"><\/script><\/div> <p>Por padr\u00e3o no Excel, sempre que voc\u00ea altera o valor de uma c\u00e9lula, o Excel recalcula todas as c\u00e9lulas que possuem uma depend\u00eancia de c\u00e1lculo nessa c\u00e9lula. Mas ao usar o VBA, voc\u00ea tem a op\u00e7\u00e3o de alter\u00e1-lo para manual, como fazemos no Excel. <\/p><div class=\"wp-block-image\"><figure class=\"aligncenter size-full is-resized\"><img loading=\"lazy\" decoding=\"async\" class=\"alignnone wp-image-12581 \" src=\"https:\/\/exceladvisor.org\/wp-content\/uploads\/2023\/11\/calculer-vba.png\" alt=\"calcular-vba\" width=\"436\" height=\"301\" srcset=\"https:\/\/exceladvisor.org\/wp-content\/uploads\/2023\/11\/calculer-vba.png 574w, https:\/\/exceladvisor.org\/wp-content\/uploads\/2023\/11\/calculer-vba-300x207.png 300w\" sizes=\"auto, (max-width: 436px) 100vw, 436px\"><\/figure><\/div><h2 class=\"wp-block-heading\"> Usando o m\u00e9todo de c\u00e1lculo VBA<\/h2><p> Voc\u00ea pode alterar o c\u00e1lculo para manual antes de iniciar qualquer c\u00f3digo, conforme segue.<\/p><pre class=\"wp-block-code\"> <code class=\"language-visual-basic\" lang=\"visual-basic\">Application.Calculation = xlManual<\/code><\/pre><p> Quando voc\u00ea executa este c\u00f3digo, ele altera o c\u00e1lculo para manual. <\/p><div class=\"wp-block-image\"><figure class=\"aligncenter size-full is-resized\"><img loading=\"lazy\" decoding=\"async\" class=\"alignnone wp-image-12582 \" src=\"https:\/\/exceladvisor.org\/wp-content\/uploads\/2023\/11\/vba-calculate-method.png\" alt=\"m\u00e9todo de c\u00e1lculo vba\" width=\"466\" height=\"300\" srcset=\"https:\/\/exceladvisor.org\/wp-content\/uploads\/2023\/11\/vba-calculate-method.png 577w, https:\/\/exceladvisor.org\/wp-content\/uploads\/2023\/11\/vba-calculate-method-300x193.png 300w\" sizes=\"auto, (max-width: 466px) 100vw, 466px\"><\/figure><\/div><p> E no final do c\u00f3digo voc\u00ea pode usar a seguinte linha de c\u00f3digo para mudar para autom\u00e1tico. <\/p><pre class=\"wp-block-code\"> <code class=\"language-visual-basic\" lang=\"visual-basic\">Application.Calculation = xlAutomatic<\/code><\/pre><div class=\"wp-block-image\"><figure class=\"aligncenter size-full is-resized\"><img loading=\"lazy\" decoding=\"async\" class=\"alignnone wp-image-12585 \" src=\"https:\/\/exceladvisor.org\/wp-content\/uploads\/2023\/11\/passer-a-automatique-en-vba.png\" alt=\"mudar para autom\u00e1tico em vba\" width=\"473\" height=\"301\" srcset=\"https:\/\/exceladvisor.org\/wp-content\/uploads\/2023\/11\/passer-a-automatique-en-vba.png 625w, https:\/\/exceladvisor.org\/wp-content\/uploads\/2023\/11\/passer-a-automatique-en-vba-300x191.png 300w\" sizes=\"auto, (max-width: 473px) 100vw, 473px\"><\/figure><\/div><p> Voc\u00ea pode usar o c\u00e1lculo da seguinte maneira. <\/p><div class=\"wp-block-image\"><figure class=\"aligncenter size-full is-resized\"><img loading=\"lazy\" decoding=\"async\" class=\"wp-image-61159\" src=\"https:\/\/exceladvisor.org\/wp-content\/uploads\/2023\/08\/4-methode-de-calcul-code-vba.png\" sizes=\"auto, \" srcset=\"\" alt=\"m\u00e9todo de c\u00e1lculo de c\u00f3digo vba\" width=\"419\" height=\"279\"><\/figure><\/div><pre class=\"wp-block-code\"> <code class=\"language-visual-basic\" lang=\"visual-basic\">Sub myMacro()    Application.Calculation = xlManual           'your code goes here       Application.Calculation = xlAutomatic End Sub<\/code><\/pre><h2 class=\"wp-block-heading\"> Calcule agora (todas as pastas de trabalho abertas)<\/h2><p> Se voc\u00ea deseja apenas recalcular todas as <a href=\"https:\/\/exceladvisor.org\/pt\/arquivo-aberto\/\">pastas de trabalho abertas<\/a> , voc\u00ea pode usar o m\u00e9todo \u201cCalcular\u201d conforme abaixo.<\/p><pre class=\"wp-block-code\"> <code class=\"language-visual-basic\" lang=\"visual-basic\">Calculate<\/code><\/pre><h2 class=\"wp-block-heading\"> Use o m\u00e9todo de c\u00e1lculo para uma planilha<\/h2><p> Da seguinte maneira, voc\u00ea pode recalcular todos os c\u00e1lculos para todos<\/p><pre class=\"wp-block-code\"> <code class=\"language-visual-basic\" lang=\"visual-basic\">ActiveSheet.Calculate Sheets(\"Sheet1\").Calculate<\/code><\/pre><p> A primeira linha do c\u00f3digo recalcula para a planilha ativa e a segunda linha faz isso para \u201cPlanilha1\u201d, mas voc\u00ea pode alterar a planilha se desejar.<\/p><h2 class=\"wp-block-heading\"> Calcular para um \u00fanico intervalo ou c\u00e9lula<\/h2><p> Da mesma forma, voc\u00ea pode recalcular todos os c\u00e1lculos para um intervalo espec\u00edfico ou uma \u00fanica c\u00e9lula da seguinte maneira.<\/p><pre class=\"wp-block-code\"> <code class=\"language-visual-basic\" lang=\"visual-basic\">Sheets(\"Sheet1\").Range(\"A1:A10\").Calculate Sheets(\"Sheet1\").Range(\"A1\").Calculate<\/code><\/pre><div class=\"gb-container gb-container-4db6181c gb-container-mt\"> <a class=\"gb-button gb-button-c5897111 gb-button-text gb-button-mt-button\" href=\"https:\/\/exceladvisor.org\/pt\/vba\/\">O que \u00e9 VBA<\/a><h2 class=\"gb-headline gb-headline-665e5f6b gb-headline-text gb-headline-mt-heading\"> Tutoriais relacionados <\/h2><div class=\"gb-grid-wrapper gb-grid-wrapper-a20baf7c gb-grid-wrapper-mt-grid\"><div class=\"gb-grid-column gb-grid-column-65ddf67e\"><div class=\"gb-container gb-container-65ddf67e\"><ul><li> <a href=\"https:\/\/exceladvisor.org\/pt\/media-2\/\">Valores m\u00e9dios no Excel com VBA<\/a><\/li><li> <a href=\"https:\/\/exceladvisor.org\/pt\/data-de-hoje-hora-atual\/\">Obtenha a data e a hora atual usando VBA<\/a><\/li><li> <a href=\"https:\/\/exceladvisor.org\/pt\/soma-1\/\">Soma valores no Excel usando VBA<\/a><\/li><li> <a href=\"https:\/\/exceladvisor.org\/pt\/partida-2\/\">Fun\u00e7\u00e3o de correspond\u00eancia em VBA<\/a><\/li><li> <a href=\"https:\/\/exceladvisor.org\/pt\/modo-1\/\">MOD em VBA<\/a><\/li><\/ul><\/div><\/div><\/div><\/div>","protected":false},"excerpt":{"rendered":"","protected":false},"author":1,"featured_media":0,"parent":0,"menu_order":0,"comment_status":"open","ping_status":"closed","template":"","meta":{"ub_ctt_via":"","footnotes":""},"class_list":["post-649","page","type-page","status-publish","hentry"],"featured_image_src":null,"yoast_head":"<!-- This site is optimized with the Yoast SEO plugin v25.4 - https:\/\/yoast.com\/wordpress\/plugins\/seo\/ -->\n<title>Como calcular valores de c\u00e9lulas em VBA?<\/title>\n<meta name=\"description\" content=\"Neste tutorial voc\u00ea aprender\u00e1 como utilizar o m\u00e9todo &quot;CALCULATE&quot; em VBA para alterar o c\u00e1lculo da planilha para manual ou\" \/>\n<meta name=\"robots\" content=\"index, follow, max-snippet:-1, max-image-preview:large, max-video-preview:-1\" \/>\n<link rel=\"canonical\" href=\"https:\/\/exceladvisor.org\/pt\/calcular\/\" \/>\n<meta property=\"og:locale\" content=\"pt_PT\" \/>\n<meta property=\"og:type\" content=\"article\" \/>\n<meta property=\"og:title\" content=\"Como calcular valores de c\u00e9lulas em VBA?\" \/>\n<meta property=\"og:description\" content=\"Neste tutorial voc\u00ea aprender\u00e1 como utilizar o m\u00e9todo &quot;CALCULATE&quot; em VBA para alterar o c\u00e1lculo da planilha para manual ou\" \/>\n<meta property=\"og:url\" content=\"https:\/\/exceladvisor.org\/pt\/calcular\/\" \/>\n<meta property=\"og:site_name\" content=\"Excel Advisor\" \/>\n<meta property=\"article:modified_time\" content=\"2023-12-06T11:35:13+00:00\" \/>\n<meta property=\"og:image\" content=\"https:\/\/exceladvisor.org\/wp-content\/uploads\/2023\/11\/calculer-vba.png\" \/>\n<meta name=\"twitter:card\" content=\"summary_large_image\" \/>\n<meta name=\"twitter:label1\" content=\"Tempo estimado de leitura\" \/>\n\t<meta name=\"twitter:data1\" content=\"2 minutos\" \/>\n<script type=\"application\/ld+json\" class=\"yoast-schema-graph\">{\"@context\":\"https:\/\/schema.org\",\"@graph\":[{\"@type\":\"WebPage\",\"@id\":\"https:\/\/exceladvisor.org\/pt\/calcular\/\",\"url\":\"https:\/\/exceladvisor.org\/pt\/calcular\/\",\"name\":\"Como calcular valores de c\u00e9lulas em VBA?\",\"isPartOf\":{\"@id\":\"https:\/\/exceladvisor.org\/pt\/#website\"},\"primaryImageOfPage\":{\"@id\":\"https:\/\/exceladvisor.org\/pt\/calcular\/#primaryimage\"},\"image\":{\"@id\":\"https:\/\/exceladvisor.org\/pt\/calcular\/#primaryimage\"},\"thumbnailUrl\":\"https:\/\/exceladvisor.org\/wp-content\/uploads\/2023\/11\/calculer-vba.png\",\"datePublished\":\"2023-09-30T23:35:12+00:00\",\"dateModified\":\"2023-12-06T11:35:13+00:00\",\"description\":\"Neste tutorial voc\u00ea aprender\u00e1 como utilizar o m\u00e9todo &quot;CALCULATE&quot; em VBA para alterar o c\u00e1lculo da planilha para manual ou\",\"breadcrumb\":{\"@id\":\"https:\/\/exceladvisor.org\/pt\/calcular\/#breadcrumb\"},\"inLanguage\":\"pt-PT\",\"potentialAction\":[{\"@type\":\"ReadAction\",\"target\":[\"https:\/\/exceladvisor.org\/pt\/calcular\/\"]}]},{\"@type\":\"ImageObject\",\"inLanguage\":\"pt-PT\",\"@id\":\"https:\/\/exceladvisor.org\/pt\/calcular\/#primaryimage\",\"url\":\"https:\/\/exceladvisor.org\/wp-content\/uploads\/2023\/11\/calculer-vba.png\",\"contentUrl\":\"https:\/\/exceladvisor.org\/wp-content\/uploads\/2023\/11\/calculer-vba.png\"},{\"@type\":\"BreadcrumbList\",\"@id\":\"https:\/\/exceladvisor.org\/pt\/calcular\/#breadcrumb\",\"itemListElement\":[{\"@type\":\"ListItem\",\"position\":1,\"name\":\"Lar\",\"item\":\"https:\/\/exceladvisor.org\/pt\/\"},{\"@type\":\"ListItem\",\"position\":2,\"name\":\"Como calcular valores de c\u00e9lulas em vba?\"}]},{\"@type\":\"WebSite\",\"@id\":\"https:\/\/exceladvisor.org\/pt\/#website\",\"url\":\"https:\/\/exceladvisor.org\/pt\/\",\"name\":\"Excel Advisor\",\"description\":\"O seu guia definitivo para dominar os dados!\",\"publisher\":{\"@id\":\"https:\/\/exceladvisor.org\/pt\/#organization\"},\"potentialAction\":[{\"@type\":\"SearchAction\",\"target\":{\"@type\":\"EntryPoint\",\"urlTemplate\":\"https:\/\/exceladvisor.org\/pt\/?s={search_term_string}\"},\"query-input\":{\"@type\":\"PropertyValueSpecification\",\"valueRequired\":true,\"valueName\":\"search_term_string\"}}],\"inLanguage\":\"pt-PT\"},{\"@type\":\"Organization\",\"@id\":\"https:\/\/exceladvisor.org\/pt\/#organization\",\"name\":\"Excel Advisor\",\"url\":\"https:\/\/exceladvisor.org\/pt\/\",\"logo\":{\"@type\":\"ImageObject\",\"inLanguage\":\"pt-PT\",\"@id\":\"https:\/\/exceladvisor.org\/pt\/#\/schema\/logo\/image\/\",\"url\":\"https:\/\/exceladvisor.org\/pt\/wp-content\/uploads\/2023\/12\/exceladvisor.org_.png\",\"contentUrl\":\"https:\/\/exceladvisor.org\/pt\/wp-content\/uploads\/2023\/12\/exceladvisor.org_.png\",\"width\":105,\"height\":36,\"caption\":\"Excel Advisor\"},\"image\":{\"@id\":\"https:\/\/exceladvisor.org\/pt\/#\/schema\/logo\/image\/\"}}]}<\/script>\n<!-- \/ Yoast SEO plugin. -->","yoast_head_json":{"title":"Como calcular valores de c\u00e9lulas em VBA?","description":"Neste tutorial voc\u00ea aprender\u00e1 como utilizar o m\u00e9todo &quot;CALCULATE&quot; em VBA para alterar o c\u00e1lculo da planilha para manual ou","robots":{"index":"index","follow":"follow","max-snippet":"max-snippet:-1","max-image-preview":"max-image-preview:large","max-video-preview":"max-video-preview:-1"},"canonical":"https:\/\/exceladvisor.org\/pt\/calcular\/","og_locale":"pt_PT","og_type":"article","og_title":"Como calcular valores de c\u00e9lulas em VBA?","og_description":"Neste tutorial voc\u00ea aprender\u00e1 como utilizar o m\u00e9todo &quot;CALCULATE&quot; em VBA para alterar o c\u00e1lculo da planilha para manual ou","og_url":"https:\/\/exceladvisor.org\/pt\/calcular\/","og_site_name":"Excel Advisor","article_modified_time":"2023-12-06T11:35:13+00:00","og_image":[{"url":"https:\/\/exceladvisor.org\/wp-content\/uploads\/2023\/11\/calculer-vba.png","type":"","width":"","height":""}],"twitter_card":"summary_large_image","twitter_misc":{"Tempo estimado de leitura":"2 minutos"},"schema":{"@context":"https:\/\/schema.org","@graph":[{"@type":"WebPage","@id":"https:\/\/exceladvisor.org\/pt\/calcular\/","url":"https:\/\/exceladvisor.org\/pt\/calcular\/","name":"Como calcular valores de c\u00e9lulas em VBA?","isPartOf":{"@id":"https:\/\/exceladvisor.org\/pt\/#website"},"primaryImageOfPage":{"@id":"https:\/\/exceladvisor.org\/pt\/calcular\/#primaryimage"},"image":{"@id":"https:\/\/exceladvisor.org\/pt\/calcular\/#primaryimage"},"thumbnailUrl":"https:\/\/exceladvisor.org\/wp-content\/uploads\/2023\/11\/calculer-vba.png","datePublished":"2023-09-30T23:35:12+00:00","dateModified":"2023-12-06T11:35:13+00:00","description":"Neste tutorial voc\u00ea aprender\u00e1 como utilizar o m\u00e9todo &quot;CALCULATE&quot; em VBA para alterar o c\u00e1lculo da planilha para manual ou","breadcrumb":{"@id":"https:\/\/exceladvisor.org\/pt\/calcular\/#breadcrumb"},"inLanguage":"pt-PT","potentialAction":[{"@type":"ReadAction","target":["https:\/\/exceladvisor.org\/pt\/calcular\/"]}]},{"@type":"ImageObject","inLanguage":"pt-PT","@id":"https:\/\/exceladvisor.org\/pt\/calcular\/#primaryimage","url":"https:\/\/exceladvisor.org\/wp-content\/uploads\/2023\/11\/calculer-vba.png","contentUrl":"https:\/\/exceladvisor.org\/wp-content\/uploads\/2023\/11\/calculer-vba.png"},{"@type":"BreadcrumbList","@id":"https:\/\/exceladvisor.org\/pt\/calcular\/#breadcrumb","itemListElement":[{"@type":"ListItem","position":1,"name":"Lar","item":"https:\/\/exceladvisor.org\/pt\/"},{"@type":"ListItem","position":2,"name":"Como calcular valores de c\u00e9lulas em vba?"}]},{"@type":"WebSite","@id":"https:\/\/exceladvisor.org\/pt\/#website","url":"https:\/\/exceladvisor.org\/pt\/","name":"Excel Advisor","description":"O seu guia definitivo para dominar os dados!","publisher":{"@id":"https:\/\/exceladvisor.org\/pt\/#organization"},"potentialAction":[{"@type":"SearchAction","target":{"@type":"EntryPoint","urlTemplate":"https:\/\/exceladvisor.org\/pt\/?s={search_term_string}"},"query-input":{"@type":"PropertyValueSpecification","valueRequired":true,"valueName":"search_term_string"}}],"inLanguage":"pt-PT"},{"@type":"Organization","@id":"https:\/\/exceladvisor.org\/pt\/#organization","name":"Excel Advisor","url":"https:\/\/exceladvisor.org\/pt\/","logo":{"@type":"ImageObject","inLanguage":"pt-PT","@id":"https:\/\/exceladvisor.org\/pt\/#\/schema\/logo\/image\/","url":"https:\/\/exceladvisor.org\/pt\/wp-content\/uploads\/2023\/12\/exceladvisor.org_.png","contentUrl":"https:\/\/exceladvisor.org\/pt\/wp-content\/uploads\/2023\/12\/exceladvisor.org_.png","width":105,"height":36,"caption":"Excel Advisor"},"image":{"@id":"https:\/\/exceladvisor.org\/pt\/#\/schema\/logo\/image\/"}}]}},"yoast_meta":{"yoast_wpseo_title":"","yoast_wpseo_metadesc":"","yoast_wpseo_canonical":""},"_links":{"self":[{"href":"https:\/\/exceladvisor.org\/pt\/wp-json\/wp\/v2\/pages\/649","targetHints":{"allow":["GET"]}}],"collection":[{"href":"https:\/\/exceladvisor.org\/pt\/wp-json\/wp\/v2\/pages"}],"about":[{"href":"https:\/\/exceladvisor.org\/pt\/wp-json\/wp\/v2\/types\/page"}],"author":[{"embeddable":true,"href":"https:\/\/exceladvisor.org\/pt\/wp-json\/wp\/v2\/users\/1"}],"replies":[{"embeddable":true,"href":"https:\/\/exceladvisor.org\/pt\/wp-json\/wp\/v2\/comments?post=649"}],"version-history":[{"count":1,"href":"https:\/\/exceladvisor.org\/pt\/wp-json\/wp\/v2\/pages\/649\/revisions"}],"predecessor-version":[{"id":887,"href":"https:\/\/exceladvisor.org\/pt\/wp-json\/wp\/v2\/pages\/649\/revisions\/887"}],"wp:attachment":[{"href":"https:\/\/exceladvisor.org\/pt\/wp-json\/wp\/v2\/media?parent=649"}],"curies":[{"name":"wp","href":"https:\/\/api.w.org\/{rel}","templated":true}]}}