{"id":65,"date":"2023-11-17T12:48:02","date_gmt":"2023-11-17T12:48:02","guid":{"rendered":"https:\/\/exceladvisor.org\/pt\/folhas-de-laco\/"},"modified":"2023-12-06T11:38:17","modified_gmt":"2023-12-06T11:38:17","slug":"folhas-de-laco","status":"publish","type":"page","link":"https:\/\/exceladvisor.org\/pt\/folhas-de-laco\/","title":{"rendered":"Como iterar por todas as planilhas usando vba no excel?"},"content":{"rendered":"<div class=\"excel-before-content-2\" id=\"excel-2634472231\"><script type=\"text\/javascript\">\r\n\tatOptions = {\r\n\t\t'key' : 'c1158f160081d6540a8409e6925dab94',\r\n\t\t'format' : 'iframe',\r\n\t\t'height' : 250,\r\n\t\t'width' : 300,\r\n\t\t'params' : {}\r\n\t};\r\n<\/script>\r\n<script type=\"text\/javascript\" src=\"\/\/www.highperformanceformat.com\/c1158f160081d6540a8409e6925dab94\/invoke.js\"><\/script><\/div><div class=\"excel-before-content\" id=\"excel-1480939865\"><script type=\"text\/javascript\">\r\n\tatOptions = {\r\n\t\t'key' : 'c1158f160081d6540a8409e6925dab94',\r\n\t\t'format' : 'iframe',\r\n\t\t'height' : 250,\r\n\t\t'width' : 300,\r\n\t\t'params' : {}\r\n\t};\r\n<\/script>\r\n<script type=\"text\/javascript\" src=\"\/\/www.highperformanceformat.com\/c1158f160081d6540a8409e6925dab94\/invoke.js\"><\/script><\/div> <p>Existem duas maneiras de examinar todas as planilhas que voc\u00ea possui em uma pasta de trabalho.<\/p><ul><li> PARA O PR\u00d3XIMO LOOP<\/li><li> PARA CADA CURL<\/li><\/ul><h2 class=\"wp-block-heading\"> 1. Use para cada loop<\/h2><p> Como voc\u00ea sabe, com FOR EACH voc\u00ea pode iterar sobre todos os objetos da cole\u00e7\u00e3o e em uma pasta de trabalho, as planilhas s\u00e3o uma cole\u00e7\u00e3o de todas as planilhas.<\/p><p> <strong>Use as seguintes etapas:<\/strong><\/p><ol><li> Primeiro, declare uma vari\u00e1vel para referenciar uma planilha para o loop. <br><img loading=\"lazy\" decoding=\"async\" title=\"1-declarar-uma-vari\u00e1vel-para-referir\" src=\"https:\/\/exceladvisor.org\/wp-content\/uploads\/2023\/08\/1-declarer-une-variable-a-referencer.png\" sizes=\"auto, \" srcset=\"\" alt=\"declare-a-variable-to-refer\" width=\"387\" height=\"259\"><\/li><li> Depois disso, inicie o loop com a palavra-chave \u201cFor each\u201d e consulte cada planilha da pasta de trabalho. <br><img loading=\"lazy\" decoding=\"async\" title=\"2-start-loop-com-palavra-chave\" src=\"https:\/\/exceladvisor.org\/wp-content\/uploads\/2023\/08\/2-demarrer-la-boucle-avec-le-mot-cle.png\" sizes=\"auto, \" srcset=\"\" alt=\"start-the-loop-with-the-keyword\" width=\"461\" height=\"277\"><\/li><li> Agora suponha que voc\u00ea queira inserir um valor na c\u00e9lula A1 de cada planilha, voc\u00ea pode usar o c\u00f3digo de grava\u00e7\u00e3o da seguinte forma. <br><img loading=\"lazy\" decoding=\"async\" title=\"3-quer-inserir-um-valor-na-c\u00e9lula\" src=\"https:\/\/exceladvisor.org\/wp-content\/uploads\/2023\/08\/3-veulent-entrer-une-valeur-dans-la-cellule.png\" sizes=\"auto, \" srcset=\"\" alt=\"want-to-enter-a-value-in-the-cell\" width=\"459\" height=\"301\"><\/li><li> No final, use a palavra-chave \u201cEnd\u201d para encerrar o loop. <br><img loading=\"lazy\" decoding=\"async\" title=\"4-use-o-fim-da-palavra-chave\" src=\"https:\/\/exceladvisor.org\/wp-content\/uploads\/2023\/08\/4-utilisez-le-mot-cle-fin.png\" sizes=\"auto, \" srcset=\"\" alt=\"use-the-keyword-end\" width=\"457\" height=\"307\"><\/li><\/ol><p class=\"content-box-grey\"> <em>Links \u00fateis: <a href=\"https:\/\/exceladvisor.org\/pt\/executar-uma-macro-2\/\">Executar uma macro<\/a> \u2013 <a href=\"https:\/\/exceladvisor.org\/pt\/gravar-uma-macro\/\">Gravador de macro<\/a> \u2013 <a href=\"https:\/\/exceladvisor.org\/pt\/editor-visual-basico\/\">Editor Visual Basic<\/a> \u2013 <a href=\"https:\/\/exceladvisor.org\/pt\/caderno-macro-pessoal\/\">Manual pessoal de macros<\/a><\/em><\/p><pre class=\"wp-block-code\"> <code class=\"language-visual-basic\" lang=\"visual-basic\">Sub vba_loop_sheets() Dim ws As Worksheet For Each ws In ThisWorkbook.Worksheets ws.Range(\"A1\").Value = \"Yes\" Next ws End Sub<\/code><\/pre><p> Este c\u00f3digo percorre cada planilha e insere o valor na c\u00e9lula A1 de cada planilha. A vantagem de usar esse m\u00e9todo \u00e9 que ele percorre todas as planilhas da pasta de trabalho.<\/p><p> E se voc\u00ea quiser navegar por todas as planilhas em uma pasta de trabalho fechada, use o c\u00f3digo abaixo.<\/p><pre class=\"wp-block-code\"> <code class=\"language-visual-basic\" lang=\"visual-basic\">Sub vba_loop_sheets() Dim wb As Workbook Dim ws As Worksheet Application.DisplayAlerts = False Set wb = Workbooks.Open(\"C:UsersDellDesktopsample-file.xlsx\") For Each ws In wb.Worksheets ws.Range(\"A1\").Value = \"Done\" Next ws wb.Close SaveChanges:=True Application.DisplayAlerts = True End Sub<\/code><\/pre><h2 class=\"wp-block-heading\"> 2. Use o loop For Next<\/h2><p> Voc\u00ea tamb\u00e9m pode fazer um loop usando o loop <a href=\"https:\/\/exceladvisor.org\/pt\/para-o-circuito\/\">FOR NEXT<\/a> , onde voc\u00ea pode usar o n\u00famero de folhas para decidir quantos loops fazer e usar o contador de loops para se referir a cada folha.<\/p><p> Aqui est\u00e3o as etapas que voc\u00ea precisa seguir:<\/p><ol><li> Primeiro, voc\u00ea precisa declarar duas vari\u00e1veis para armazenar o valor de contagem do loop e uma para o n\u00famero de planilhas que voc\u00ea possui na pasta de trabalho. <br><img loading=\"lazy\" decoding=\"async\" title=\"5-declarar-para-vari\u00e1vel-para-escrever-valor de contagem\" src=\"https:\/\/exceladvisor.org\/wp-content\/uploads\/2023\/08\/5-declarer-a-la-variable-pour-ecrire-la-valeur-de-comptage.png\" sizes=\"auto, \" srcset=\"\" alt=\"declare-to-variable-to-write-count-value\" width=\"410\" height=\"233\"><\/li><li> Agora, defina o valor da vari\u00e1vel \u201cshtCount\u201d equivalente ao n\u00famero de planilhas que voc\u00ea possui na pasta de trabalho. <br><img loading=\"lazy\" decoding=\"async\" title=\"6-defina o valor da contagem\" src=\"https:\/\/exceladvisor.org\/wp-content\/uploads\/2023\/08\/6-definir-la-valeur-pour-le-shtcount.png\" sizes=\"auto, \" srcset=\"\" alt=\"set-the-value-for-the-shtcount\" width=\"438\" height=\"323\"><\/li><li> Depois disso, inicie o c\u00f3digo do loop usando a palavra-chave \u201cFor i\u201d e use a contagem de folhas do valor m\u00e1ximo para o contador do loop. <br><img loading=\"lazy\" decoding=\"async\" title=\"C\u00f3digo de in\u00edcio 7\" src=\"https:\/\/exceladvisor.org\/wp-content\/uploads\/2023\/08\/7-demarrer-le-code.png\" sizes=\"auto, \" srcset=\"\" alt=\"start-the-code\" width=\"439\" height=\"380\"><\/li><li> A partir daqui, voc\u00ea precisa usar o contador de loops para percorrer todas as planilhas e inserir o valor \u201cSim\u201d na c\u00e9lula A1 de cada planilha. <br><img loading=\"lazy\" decoding=\"async\" title=\"8-use-o-loop-contador-loop\" src=\"https:\/\/exceladvisor.org\/wp-content\/uploads\/2023\/08\/8-utilisez-le-compteur-de-boucle-pour-boucler.png\" sizes=\"auto, \" srcset=\"\" alt=\"use-the-loop-counter-to-loop\" width=\"430\" height=\"349\"><\/li><\/ol><p> <strong>C\u00f3digo completo<\/strong><\/p><pre class=\"wp-block-code\"> <code class=\"language-visual-basic\" lang=\"visual-basic\">Sub vba_loop_sheets() Dim i As Long Dim shtCount As Long shtCount = Sheets.Count For i = 1 To shtCount Sheets(i).Range(\"A1\").Value = \"Yes\" Next i End Sub<\/code><\/pre><p> E se voc\u00ea quiser navegar em uma pasta de trabalho fechada, use o c\u00f3digo a seguir.<\/p><pre class=\"wp-block-code\"> <code class=\"language-visual-basic\" lang=\"visual-basic\">Sub vba_loop_sheets() Dim i As Long Dim shtCount As Long Set wb = Workbooks.Open(\"C:UsersDellDesktopsample-file.xlsx\") shtCount = wb.Sheets.Count Application.DisplayAlerts = False For i = 1 To shtCount wb.Sheets(i).Range(\"A1\").Value = \"Yes\" Next i wb.Close SaveChanges:=True Application.DisplayAlerts = True End Sub<\/code><\/pre><div class=\"gb-container gb-container-4db6181c gb-container-mt\"> <a class=\"gb-button gb-button-c5897111 gb-button-text gb-button-mt-button\" href=\"https:\/\/exceladvisor.org\/pt\/vba\/\">O que \u00e9 VBA<\/a><h2 class=\"gb-headline gb-headline-665e5f6b gb-headline-text gb-headline-mt-heading\"> Tutoriais relacionados <\/h2><div class=\"gb-grid-wrapper gb-grid-wrapper-a20baf7c gb-grid-wrapper-mt-grid\"><div class=\"gb-grid-column gb-grid-column-65ddf67e\"><div class=\"gb-container gb-container-65ddf67e\"><ul><li> <a href=\"https:\/\/exceladvisor.org\/pt\/rotacoes\/\">Loops VBA (do iniciante ao avan\u00e7ado)<\/a><\/li><li> <a href=\"https:\/\/exceladvisor.org\/pt\/selecione-o-caso\/\">Caso selecionado do VBA<\/a><\/li><li> <a href=\"https:\/\/exceladvisor.org\/pt\/fazer-enquanto\/\">Excel VBA Do While Loop e (Do Loop While) \u2013 Um Guia<\/a><\/li><li> <a href=\"https:\/\/exceladvisor.org\/pt\/percorrer-o-intervalo\/\">Loop em um intervalo usando VBA (Colunas, Linha e UsedRange)<\/a><\/li><li> <a href=\"https:\/\/exceladvisor.org\/pt\/para-o-circuito\/\">VBA FOR LOOP (para o pr\u00f3ximo, para cada)<\/a><\/li><li> <a href=\"https:\/\/exceladvisor.org\/pt\/va-para-1\/\">Declara\u00e7\u00e3o GoTo VBA<\/a> <\/li><\/ul><\/div><\/div><div class=\"gb-grid-column gb-grid-column-50067b57\"><div class=\"gb-container gb-container-50067b57\"><\/div><\/div><\/div><\/div>","protected":false},"excerpt":{"rendered":"","protected":false},"author":1,"featured_media":0,"parent":0,"menu_order":0,"comment_status":"open","ping_status":"closed","template":"","meta":{"ub_ctt_via":"","footnotes":""},"class_list":["post-65","page","type-page","status-publish","hentry"],"featured_image_src":null,"yoast_head":"<!-- This site is optimized with the Yoast SEO plugin v25.4 - https:\/\/yoast.com\/wordpress\/plugins\/seo\/ -->\n<title>Como iterar por todas as planilhas usando VBA no Excel?<\/title>\n<meta name=\"description\" content=\"Para percorrer todas as planilhas do Excel usando VBA (Visual Basic for Applications), voc\u00ea pode usar uma estrutura de loop\" \/>\n<meta name=\"robots\" content=\"index, follow, max-snippet:-1, max-image-preview:large, max-video-preview:-1\" \/>\n<link rel=\"canonical\" href=\"https:\/\/exceladvisor.org\/pt\/folhas-de-laco\/\" \/>\n<meta property=\"og:locale\" content=\"pt_PT\" \/>\n<meta property=\"og:type\" content=\"article\" \/>\n<meta property=\"og:title\" content=\"Como iterar por todas as planilhas usando VBA no Excel?\" \/>\n<meta property=\"og:description\" content=\"Para percorrer todas as planilhas do Excel usando VBA (Visual Basic for Applications), voc\u00ea pode usar uma estrutura de loop\" \/>\n<meta property=\"og:url\" content=\"https:\/\/exceladvisor.org\/pt\/folhas-de-laco\/\" \/>\n<meta property=\"og:site_name\" content=\"Excel Advisor\" \/>\n<meta property=\"article:modified_time\" content=\"2023-12-06T11:38:17+00:00\" \/>\n<meta property=\"og:image\" content=\"https:\/\/exceladvisor.org\/wp-content\/uploads\/2023\/08\/1-declarer-une-variable-a-referencer.png\" \/>\n<meta name=\"twitter:card\" content=\"summary_large_image\" \/>\n<meta name=\"twitter:label1\" content=\"Tempo estimado de leitura\" \/>\n\t<meta name=\"twitter:data1\" content=\"3 minutos\" \/>\n<script type=\"application\/ld+json\" class=\"yoast-schema-graph\">{\"@context\":\"https:\/\/schema.org\",\"@graph\":[{\"@type\":\"WebPage\",\"@id\":\"https:\/\/exceladvisor.org\/pt\/folhas-de-laco\/\",\"url\":\"https:\/\/exceladvisor.org\/pt\/folhas-de-laco\/\",\"name\":\"Como iterar por todas as planilhas usando VBA no Excel?\",\"isPartOf\":{\"@id\":\"https:\/\/exceladvisor.org\/pt\/#website\"},\"primaryImageOfPage\":{\"@id\":\"https:\/\/exceladvisor.org\/pt\/folhas-de-laco\/#primaryimage\"},\"image\":{\"@id\":\"https:\/\/exceladvisor.org\/pt\/folhas-de-laco\/#primaryimage\"},\"thumbnailUrl\":\"https:\/\/exceladvisor.org\/wp-content\/uploads\/2023\/08\/1-declarer-une-variable-a-referencer.png\",\"datePublished\":\"2023-11-17T12:48:02+00:00\",\"dateModified\":\"2023-12-06T11:38:17+00:00\",\"description\":\"Para percorrer todas as planilhas do Excel usando VBA (Visual Basic for Applications), voc\u00ea pode usar uma estrutura de loop\",\"breadcrumb\":{\"@id\":\"https:\/\/exceladvisor.org\/pt\/folhas-de-laco\/#breadcrumb\"},\"inLanguage\":\"pt-PT\",\"potentialAction\":[{\"@type\":\"ReadAction\",\"target\":[\"https:\/\/exceladvisor.org\/pt\/folhas-de-laco\/\"]}]},{\"@type\":\"ImageObject\",\"inLanguage\":\"pt-PT\",\"@id\":\"https:\/\/exceladvisor.org\/pt\/folhas-de-laco\/#primaryimage\",\"url\":\"https:\/\/exceladvisor.org\/wp-content\/uploads\/2023\/08\/1-declarer-une-variable-a-referencer.png\",\"contentUrl\":\"https:\/\/exceladvisor.org\/wp-content\/uploads\/2023\/08\/1-declarer-une-variable-a-referencer.png\"},{\"@type\":\"BreadcrumbList\",\"@id\":\"https:\/\/exceladvisor.org\/pt\/folhas-de-laco\/#breadcrumb\",\"itemListElement\":[{\"@type\":\"ListItem\",\"position\":1,\"name\":\"Lar\",\"item\":\"https:\/\/exceladvisor.org\/pt\/\"},{\"@type\":\"ListItem\",\"position\":2,\"name\":\"Como iterar por todas as planilhas usando vba no excel?\"}]},{\"@type\":\"WebSite\",\"@id\":\"https:\/\/exceladvisor.org\/pt\/#website\",\"url\":\"https:\/\/exceladvisor.org\/pt\/\",\"name\":\"Excel Advisor\",\"description\":\"O seu guia definitivo para dominar os dados!\",\"publisher\":{\"@id\":\"https:\/\/exceladvisor.org\/pt\/#organization\"},\"potentialAction\":[{\"@type\":\"SearchAction\",\"target\":{\"@type\":\"EntryPoint\",\"urlTemplate\":\"https:\/\/exceladvisor.org\/pt\/?s={search_term_string}\"},\"query-input\":{\"@type\":\"PropertyValueSpecification\",\"valueRequired\":true,\"valueName\":\"search_term_string\"}}],\"inLanguage\":\"pt-PT\"},{\"@type\":\"Organization\",\"@id\":\"https:\/\/exceladvisor.org\/pt\/#organization\",\"name\":\"Excel Advisor\",\"url\":\"https:\/\/exceladvisor.org\/pt\/\",\"logo\":{\"@type\":\"ImageObject\",\"inLanguage\":\"pt-PT\",\"@id\":\"https:\/\/exceladvisor.org\/pt\/#\/schema\/logo\/image\/\",\"url\":\"https:\/\/exceladvisor.org\/pt\/wp-content\/uploads\/2023\/12\/exceladvisor.org_.png\",\"contentUrl\":\"https:\/\/exceladvisor.org\/pt\/wp-content\/uploads\/2023\/12\/exceladvisor.org_.png\",\"width\":105,\"height\":36,\"caption\":\"Excel Advisor\"},\"image\":{\"@id\":\"https:\/\/exceladvisor.org\/pt\/#\/schema\/logo\/image\/\"}}]}<\/script>\n<!-- \/ Yoast SEO plugin. -->","yoast_head_json":{"title":"Como iterar por todas as planilhas usando VBA no Excel?","description":"Para percorrer todas as planilhas do Excel usando VBA (Visual Basic for Applications), voc\u00ea pode usar uma estrutura de loop","robots":{"index":"index","follow":"follow","max-snippet":"max-snippet:-1","max-image-preview":"max-image-preview:large","max-video-preview":"max-video-preview:-1"},"canonical":"https:\/\/exceladvisor.org\/pt\/folhas-de-laco\/","og_locale":"pt_PT","og_type":"article","og_title":"Como iterar por todas as planilhas usando VBA no Excel?","og_description":"Para percorrer todas as planilhas do Excel usando VBA (Visual Basic for Applications), voc\u00ea pode usar uma estrutura de loop","og_url":"https:\/\/exceladvisor.org\/pt\/folhas-de-laco\/","og_site_name":"Excel Advisor","article_modified_time":"2023-12-06T11:38:17+00:00","og_image":[{"url":"https:\/\/exceladvisor.org\/wp-content\/uploads\/2023\/08\/1-declarer-une-variable-a-referencer.png","type":"","width":"","height":""}],"twitter_card":"summary_large_image","twitter_misc":{"Tempo estimado de leitura":"3 minutos"},"schema":{"@context":"https:\/\/schema.org","@graph":[{"@type":"WebPage","@id":"https:\/\/exceladvisor.org\/pt\/folhas-de-laco\/","url":"https:\/\/exceladvisor.org\/pt\/folhas-de-laco\/","name":"Como iterar por todas as planilhas usando VBA no Excel?","isPartOf":{"@id":"https:\/\/exceladvisor.org\/pt\/#website"},"primaryImageOfPage":{"@id":"https:\/\/exceladvisor.org\/pt\/folhas-de-laco\/#primaryimage"},"image":{"@id":"https:\/\/exceladvisor.org\/pt\/folhas-de-laco\/#primaryimage"},"thumbnailUrl":"https:\/\/exceladvisor.org\/wp-content\/uploads\/2023\/08\/1-declarer-une-variable-a-referencer.png","datePublished":"2023-11-17T12:48:02+00:00","dateModified":"2023-12-06T11:38:17+00:00","description":"Para percorrer todas as planilhas do Excel usando VBA (Visual Basic for Applications), voc\u00ea pode usar uma estrutura de loop","breadcrumb":{"@id":"https:\/\/exceladvisor.org\/pt\/folhas-de-laco\/#breadcrumb"},"inLanguage":"pt-PT","potentialAction":[{"@type":"ReadAction","target":["https:\/\/exceladvisor.org\/pt\/folhas-de-laco\/"]}]},{"@type":"ImageObject","inLanguage":"pt-PT","@id":"https:\/\/exceladvisor.org\/pt\/folhas-de-laco\/#primaryimage","url":"https:\/\/exceladvisor.org\/wp-content\/uploads\/2023\/08\/1-declarer-une-variable-a-referencer.png","contentUrl":"https:\/\/exceladvisor.org\/wp-content\/uploads\/2023\/08\/1-declarer-une-variable-a-referencer.png"},{"@type":"BreadcrumbList","@id":"https:\/\/exceladvisor.org\/pt\/folhas-de-laco\/#breadcrumb","itemListElement":[{"@type":"ListItem","position":1,"name":"Lar","item":"https:\/\/exceladvisor.org\/pt\/"},{"@type":"ListItem","position":2,"name":"Como iterar por todas as planilhas usando vba no excel?"}]},{"@type":"WebSite","@id":"https:\/\/exceladvisor.org\/pt\/#website","url":"https:\/\/exceladvisor.org\/pt\/","name":"Excel Advisor","description":"O seu guia definitivo para dominar os dados!","publisher":{"@id":"https:\/\/exceladvisor.org\/pt\/#organization"},"potentialAction":[{"@type":"SearchAction","target":{"@type":"EntryPoint","urlTemplate":"https:\/\/exceladvisor.org\/pt\/?s={search_term_string}"},"query-input":{"@type":"PropertyValueSpecification","valueRequired":true,"valueName":"search_term_string"}}],"inLanguage":"pt-PT"},{"@type":"Organization","@id":"https:\/\/exceladvisor.org\/pt\/#organization","name":"Excel Advisor","url":"https:\/\/exceladvisor.org\/pt\/","logo":{"@type":"ImageObject","inLanguage":"pt-PT","@id":"https:\/\/exceladvisor.org\/pt\/#\/schema\/logo\/image\/","url":"https:\/\/exceladvisor.org\/pt\/wp-content\/uploads\/2023\/12\/exceladvisor.org_.png","contentUrl":"https:\/\/exceladvisor.org\/pt\/wp-content\/uploads\/2023\/12\/exceladvisor.org_.png","width":105,"height":36,"caption":"Excel Advisor"},"image":{"@id":"https:\/\/exceladvisor.org\/pt\/#\/schema\/logo\/image\/"}}]}},"yoast_meta":{"yoast_wpseo_title":"","yoast_wpseo_metadesc":"","yoast_wpseo_canonical":""},"_links":{"self":[{"href":"https:\/\/exceladvisor.org\/pt\/wp-json\/wp\/v2\/pages\/65","targetHints":{"allow":["GET"]}}],"collection":[{"href":"https:\/\/exceladvisor.org\/pt\/wp-json\/wp\/v2\/pages"}],"about":[{"href":"https:\/\/exceladvisor.org\/pt\/wp-json\/wp\/v2\/types\/page"}],"author":[{"embeddable":true,"href":"https:\/\/exceladvisor.org\/pt\/wp-json\/wp\/v2\/users\/1"}],"replies":[{"embeddable":true,"href":"https:\/\/exceladvisor.org\/pt\/wp-json\/wp\/v2\/comments?post=65"}],"version-history":[{"count":1,"href":"https:\/\/exceladvisor.org\/pt\/wp-json\/wp\/v2\/pages\/65\/revisions"}],"predecessor-version":[{"id":1111,"href":"https:\/\/exceladvisor.org\/pt\/wp-json\/wp\/v2\/pages\/65\/revisions\/1111"}],"wp:attachment":[{"href":"https:\/\/exceladvisor.org\/pt\/wp-json\/wp\/v2\/media?parent=65"}],"curies":[{"name":"wp","href":"https:\/\/api.w.org\/{rel}","templated":true}]}}