{"id":651,"date":"2023-09-30T10:16:48","date_gmt":"2023-09-30T10:16:48","guid":{"rendered":"https:\/\/exceladvisor.org\/pt\/dinamizar-a-partir-de-varias-planilhas\/"},"modified":"2023-12-06T11:50:38","modified_gmt":"2023-12-06T11:50:38","slug":"dinamizar-a-partir-de-varias-planilhas","status":"publish","type":"page","link":"https:\/\/exceladvisor.org\/pt\/dinamizar-a-partir-de-varias-planilhas\/","title":{"rendered":"Crie uma tabela din\u00e2mica a partir de planilhas diferentes"},"content":{"rendered":"<div class=\"excel-before-content-2\" id=\"excel-2530142680\"><script type=\"text\/javascript\">\r\n\tatOptions = {\r\n\t\t'key' : 'c1158f160081d6540a8409e6925dab94',\r\n\t\t'format' : 'iframe',\r\n\t\t'height' : 250,\r\n\t\t'width' : 300,\r\n\t\t'params' : {}\r\n\t};\r\n<\/script>\r\n<script type=\"text\/javascript\" src=\"\/\/www.highperformanceformat.com\/c1158f160081d6540a8409e6925dab94\/invoke.js\"><\/script><\/div><div class=\"excel-before-content\" id=\"excel-317491748\"><script type=\"text\/javascript\">\r\n\tatOptions = {\r\n\t\t'key' : 'c1158f160081d6540a8409e6925dab94',\r\n\t\t'format' : 'iframe',\r\n\t\t'height' : 250,\r\n\t\t'width' : 300,\r\n\t\t'params' : {}\r\n\t};\r\n<\/script>\r\n<script type=\"text\/javascript\" src=\"\/\/www.highperformanceformat.com\/c1158f160081d6540a8409e6925dab94\/invoke.js\"><\/script><\/div> <p>Com uma tabela din\u00e2mica, voc\u00ea resume seus dados em segundos. Voc\u00ea pode criar relat\u00f3rios, analisar dados e compartilh\u00e1-los facilmente com outras pessoas.<\/p><p> Essa \u00e9 a beleza das tabelas din\u00e2micas.<\/p><p> Mas aqui est\u00e1 uma reviravolta:<\/p><p> Normalmente, ao criar uma tabela din\u00e2mica, voc\u00ea pode selecionar dados de origem de uma \u00fanica tabela em uma planilha, porque o Excel n\u00e3o permite fazer refer\u00eancia a planilhas diferentes.<\/p><p> Mas \u00e0s vezes precisamos usar dados de origem de v\u00e1rias planilhas para criar uma tabela din\u00e2mica.<\/p><p> Ent\u00e3o, hoje eu gostaria de compartilhar com voc\u00eas etapas simples para usar v\u00e1rias planilhas em uma tabela din\u00e2mica.<\/p><h2> O problema!<\/h2><p> Digamos que voc\u00ea queira analisar os dados de vendas da sua empresa e extrair dados anuais dos \u00faltimos 4 anos.<\/p><p> \u00c9 assim que voc\u00ea obt\u00e9m o despejo de dados no Excel. <\/p><p><img loading=\"lazy\" decoding=\"async\" title=\"quatro planilhas m\u00faltiplas para criar uma tabela din\u00e2mica\" src=\"https:\/\/exceladvisor.org\/wp-content\/uploads\/2023\/08\/quatre-feuilles-de-calcul-multiples-pour-creer-un-tableau-croise-dynamique.png\" sizes=\"auto, \" srcset=\"\" alt=\"four multiple worksheets to create a pivot table\" width=\"480\" height=\"226\" data-id=\"16044\" data-width=\"480\" data-height=\"226\" data-init-width=\"564\" data-init-height=\"266\"><\/p><p> Observe que os dados nas 4 planilhas s\u00e3o diferentes, mas a estrutura \u00e9 exatamente a mesma, ou seja, o mesmo n\u00famero de colunas e cabe\u00e7alhos.<\/p><p> Agora, para analisar esses dados, voc\u00ea precisa criar um \u00fanico relat\u00f3rio de tabela din\u00e2mica a partir dessas m\u00faltiplas planilhas.<\/p><p> Alguns dos m\u00e9todos comuns s\u00e3o:<\/p><ol><li> Copie e cole manualmente os dados de cada planilha e crie um \u00fanico conjunto de dados em uma nova planilha.<\/li><li> Use o c\u00f3digo VBA para consolidar automaticamente dados de v\u00e1rias planilhas.<\/li><li> Ou voc\u00ea pode consolidar v\u00e1rias planilhas em uma \u00fanica planilha usando a op\u00e7\u00e3o de consolida\u00e7\u00e3o do Excel.<\/li><\/ol><p> Mas o fato \u00e9 que esses m\u00e9todos exigem codifica\u00e7\u00e3o, c\u00f3pia e colagem ou s\u00e3o repetitivos.<\/p><h2> A solu\u00e7\u00e3o<\/h2><p> Aqui discutirei um novo m\u00e9todo usando consulta da Microsoft que \u00e9 din\u00e2mico, robusto e simples.<\/p><p> Acredite, voc\u00ea vai adorar!<\/p><p> Usando o Microsoft Query, voc\u00ea pode criar uma tabela din\u00e2mica a partir de v\u00e1rias planilhas.<\/p><p> Baixe este arquivo de dados para acompanhar.<\/p><h2> Etapas para criar uma tabela din\u00e2mica a partir de v\u00e1rias planilhas<\/h2><p> Aqui temos passos simples que voc\u00ea pode seguir e antes disso baixe este arquivo aqui para seguir.<\/p><ul><li> Primeiro, selecione todos os dados em cada planilha e nomeie-os.<ul><li> Dados de 2005 nomeados como \u2013 Ano 2005<\/li><li> Dados de 2006 nomeados \u2013 Ano de 2006<\/li><li> Dados de 2007 nomeados \u2013 Ano de 2007<\/li><li> Dados de 2007 nomeados \u2013 Ano de 2007<\/li><\/ul><\/li><\/ul><ul><li> Depois disso, aplique tabelas de dados a todos os dados em quatro planilhas.<ul><li> Selecione qualquer c\u00e9lula no intervalo de dados.<\/li><li> Use Ctrl + T para converter os dados de cada planilha em uma tabela.<\/li><li> Certifique-se de que \u201cMinha tabela tem cabe\u00e7alhos\u201d esteja marcado sempre.<\/li><li> Repita esta opera\u00e7\u00e3o durante os 4 anos (folhas).<\/li><\/ul><\/li><\/ul><ul><li> Vamos come\u00e7ar consolidando esses dados em uma nova planilha (atalho para adicionar uma nova planilha: Shift + F11).<\/li><li> Na guia Dados, clique em &#8216;De outras fontes&#8217; -&gt; Escolha &#8216;Do Microsoft Query&#8217;.<\/li><\/ul><ul><li> Na caixa Escolher fonte de dados:<ul><li> Clique em Arquivos Excel e pressione OK.<\/li><li> Selecione o caminho do seu arquivo Excel e selecione o arquivo e clique em OK.<\/li><li> Os intervalos nomeados aparecer\u00e3o na caixa &#8216;Assistente de consulta \u2013 Escolher colunas&#8217;.<\/li><\/ul><\/li><\/ul><ul><li> No assistente de consulta:<ul><li> Arraste cada intervalo nomeado (usando o bot\u00e3o de seta) para \u201cColunas na sua caixa de consulta\u201d.<\/li><li> Clique em Avan\u00e7ar \u2013 Esque\u00e7a o erro.<\/li><li> E clique em OK<\/li><\/ul><\/li><\/ul><ul><li> Agora que temos todos os dados em nosso editor de consultas, s\u00f3 falta combinar os dados de todos os intervalos nomeados. Para fazer isso, clique no pequeno bot\u00e3o SQL.<\/li><\/ul><ul><li> Na caixa SQL, exclua todo o texto e escreva uma nova consulta e clique em OK.<\/li><\/ul><p> <span style=\"font-family: Courier New, Courier, monospace;\">Selecione * do ano 2005Union allSelecione * do ano 2006Union allSelect * do ano 2007Union allSelecione * do ano 2008<\/span><\/p><ul><li> Agora a tabela que aparece na tela cont\u00e9m os dados de todas as 4 planilhas.<\/li><li><u><\/u> Basta ir at\u00e9 a aba Arquivo e importar esta tabela para o Excel.<\/li><li> No final, importe os dados de volta para o Excel como uma tabela din\u00e2mica.<ul><li> No menu Arquivo -&gt; clique em Retornar dados para o Microsoft Excel.<\/li><li> Voc\u00ea pode ver que no total (nas 4 planilhas) temos 592 registros.<\/li><li> Al\u00e9m disso, se voc\u00ea adicionar mais dados a qualquer uma das quatro planilhas, a tabela din\u00e2mica ser\u00e1 atualizada assim que voc\u00ea a atualizar.<\/li><\/ul><\/li><\/ul>","protected":false},"excerpt":{"rendered":"","protected":false},"author":1,"featured_media":0,"parent":0,"menu_order":0,"comment_status":"open","ping_status":"closed","template":"","meta":{"ub_ctt_via":"","footnotes":""},"class_list":["post-651","page","type-page","status-publish","hentry"],"featured_image_src":null,"yoast_head":"<!-- This site is optimized with the Yoast SEO plugin v25.4 - https:\/\/yoast.com\/wordpress\/plugins\/seo\/ -->\n<title>Crie uma tabela din\u00e2mica a partir de planilhas diferentes<\/title>\n<meta name=\"description\" content=\"Aprenda como criar uma \u00fanica tabela din\u00e2mica a partir de v\u00e1rias planilhas\" \/>\n<meta name=\"robots\" content=\"index, follow, max-snippet:-1, max-image-preview:large, max-video-preview:-1\" \/>\n<link rel=\"canonical\" href=\"https:\/\/exceladvisor.org\/pt\/dinamizar-a-partir-de-varias-planilhas\/\" \/>\n<meta property=\"og:locale\" content=\"pt_PT\" \/>\n<meta property=\"og:type\" content=\"article\" \/>\n<meta property=\"og:title\" content=\"Crie uma tabela din\u00e2mica a partir de planilhas diferentes\" \/>\n<meta property=\"og:description\" content=\"Aprenda como criar uma \u00fanica tabela din\u00e2mica a partir de v\u00e1rias planilhas\" \/>\n<meta property=\"og:url\" content=\"https:\/\/exceladvisor.org\/pt\/dinamizar-a-partir-de-varias-planilhas\/\" \/>\n<meta property=\"og:site_name\" content=\"Excel Advisor\" \/>\n<meta property=\"article:modified_time\" content=\"2023-12-06T11:50:38+00:00\" \/>\n<meta property=\"og:image\" content=\"https:\/\/exceladvisor.org\/wp-content\/uploads\/2023\/08\/quatre-feuilles-de-calcul-multiples-pour-creer-un-tableau-croise-dynamique.png\" \/>\n<meta name=\"twitter:card\" content=\"summary_large_image\" \/>\n<meta name=\"twitter:label1\" content=\"Tempo estimado de leitura\" \/>\n\t<meta name=\"twitter:data1\" content=\"3 minutos\" \/>\n<script type=\"application\/ld+json\" class=\"yoast-schema-graph\">{\"@context\":\"https:\/\/schema.org\",\"@graph\":[{\"@type\":\"WebPage\",\"@id\":\"https:\/\/exceladvisor.org\/pt\/dinamizar-a-partir-de-varias-planilhas\/\",\"url\":\"https:\/\/exceladvisor.org\/pt\/dinamizar-a-partir-de-varias-planilhas\/\",\"name\":\"Crie uma tabela din\u00e2mica a partir de planilhas diferentes\",\"isPartOf\":{\"@id\":\"https:\/\/exceladvisor.org\/pt\/#website\"},\"primaryImageOfPage\":{\"@id\":\"https:\/\/exceladvisor.org\/pt\/dinamizar-a-partir-de-varias-planilhas\/#primaryimage\"},\"image\":{\"@id\":\"https:\/\/exceladvisor.org\/pt\/dinamizar-a-partir-de-varias-planilhas\/#primaryimage\"},\"thumbnailUrl\":\"https:\/\/exceladvisor.org\/wp-content\/uploads\/2023\/08\/quatre-feuilles-de-calcul-multiples-pour-creer-un-tableau-croise-dynamique.png\",\"datePublished\":\"2023-09-30T10:16:48+00:00\",\"dateModified\":\"2023-12-06T11:50:38+00:00\",\"description\":\"Aprenda como criar uma \u00fanica tabela din\u00e2mica a partir de v\u00e1rias planilhas\",\"breadcrumb\":{\"@id\":\"https:\/\/exceladvisor.org\/pt\/dinamizar-a-partir-de-varias-planilhas\/#breadcrumb\"},\"inLanguage\":\"pt-PT\",\"potentialAction\":[{\"@type\":\"ReadAction\",\"target\":[\"https:\/\/exceladvisor.org\/pt\/dinamizar-a-partir-de-varias-planilhas\/\"]}]},{\"@type\":\"ImageObject\",\"inLanguage\":\"pt-PT\",\"@id\":\"https:\/\/exceladvisor.org\/pt\/dinamizar-a-partir-de-varias-planilhas\/#primaryimage\",\"url\":\"https:\/\/exceladvisor.org\/wp-content\/uploads\/2023\/08\/quatre-feuilles-de-calcul-multiples-pour-creer-un-tableau-croise-dynamique.png\",\"contentUrl\":\"https:\/\/exceladvisor.org\/wp-content\/uploads\/2023\/08\/quatre-feuilles-de-calcul-multiples-pour-creer-un-tableau-croise-dynamique.png\"},{\"@type\":\"BreadcrumbList\",\"@id\":\"https:\/\/exceladvisor.org\/pt\/dinamizar-a-partir-de-varias-planilhas\/#breadcrumb\",\"itemListElement\":[{\"@type\":\"ListItem\",\"position\":1,\"name\":\"Lar\",\"item\":\"https:\/\/exceladvisor.org\/pt\/\"},{\"@type\":\"ListItem\",\"position\":2,\"name\":\"Crie uma tabela din\u00e2mica a partir de planilhas diferentes\"}]},{\"@type\":\"WebSite\",\"@id\":\"https:\/\/exceladvisor.org\/pt\/#website\",\"url\":\"https:\/\/exceladvisor.org\/pt\/\",\"name\":\"Excel Advisor\",\"description\":\"O seu guia definitivo para dominar os dados!\",\"publisher\":{\"@id\":\"https:\/\/exceladvisor.org\/pt\/#organization\"},\"potentialAction\":[{\"@type\":\"SearchAction\",\"target\":{\"@type\":\"EntryPoint\",\"urlTemplate\":\"https:\/\/exceladvisor.org\/pt\/?s={search_term_string}\"},\"query-input\":{\"@type\":\"PropertyValueSpecification\",\"valueRequired\":true,\"valueName\":\"search_term_string\"}}],\"inLanguage\":\"pt-PT\"},{\"@type\":\"Organization\",\"@id\":\"https:\/\/exceladvisor.org\/pt\/#organization\",\"name\":\"Excel Advisor\",\"url\":\"https:\/\/exceladvisor.org\/pt\/\",\"logo\":{\"@type\":\"ImageObject\",\"inLanguage\":\"pt-PT\",\"@id\":\"https:\/\/exceladvisor.org\/pt\/#\/schema\/logo\/image\/\",\"url\":\"https:\/\/exceladvisor.org\/pt\/wp-content\/uploads\/2023\/12\/exceladvisor.org_.png\",\"contentUrl\":\"https:\/\/exceladvisor.org\/pt\/wp-content\/uploads\/2023\/12\/exceladvisor.org_.png\",\"width\":105,\"height\":36,\"caption\":\"Excel Advisor\"},\"image\":{\"@id\":\"https:\/\/exceladvisor.org\/pt\/#\/schema\/logo\/image\/\"}}]}<\/script>\n<!-- \/ Yoast SEO plugin. -->","yoast_head_json":{"title":"Crie uma tabela din\u00e2mica a partir de planilhas diferentes","description":"Aprenda como criar uma \u00fanica tabela din\u00e2mica a partir de v\u00e1rias planilhas","robots":{"index":"index","follow":"follow","max-snippet":"max-snippet:-1","max-image-preview":"max-image-preview:large","max-video-preview":"max-video-preview:-1"},"canonical":"https:\/\/exceladvisor.org\/pt\/dinamizar-a-partir-de-varias-planilhas\/","og_locale":"pt_PT","og_type":"article","og_title":"Crie uma tabela din\u00e2mica a partir de planilhas diferentes","og_description":"Aprenda como criar uma \u00fanica tabela din\u00e2mica a partir de v\u00e1rias planilhas","og_url":"https:\/\/exceladvisor.org\/pt\/dinamizar-a-partir-de-varias-planilhas\/","og_site_name":"Excel Advisor","article_modified_time":"2023-12-06T11:50:38+00:00","og_image":[{"url":"https:\/\/exceladvisor.org\/wp-content\/uploads\/2023\/08\/quatre-feuilles-de-calcul-multiples-pour-creer-un-tableau-croise-dynamique.png","type":"","width":"","height":""}],"twitter_card":"summary_large_image","twitter_misc":{"Tempo estimado de leitura":"3 minutos"},"schema":{"@context":"https:\/\/schema.org","@graph":[{"@type":"WebPage","@id":"https:\/\/exceladvisor.org\/pt\/dinamizar-a-partir-de-varias-planilhas\/","url":"https:\/\/exceladvisor.org\/pt\/dinamizar-a-partir-de-varias-planilhas\/","name":"Crie uma tabela din\u00e2mica a partir de planilhas diferentes","isPartOf":{"@id":"https:\/\/exceladvisor.org\/pt\/#website"},"primaryImageOfPage":{"@id":"https:\/\/exceladvisor.org\/pt\/dinamizar-a-partir-de-varias-planilhas\/#primaryimage"},"image":{"@id":"https:\/\/exceladvisor.org\/pt\/dinamizar-a-partir-de-varias-planilhas\/#primaryimage"},"thumbnailUrl":"https:\/\/exceladvisor.org\/wp-content\/uploads\/2023\/08\/quatre-feuilles-de-calcul-multiples-pour-creer-un-tableau-croise-dynamique.png","datePublished":"2023-09-30T10:16:48+00:00","dateModified":"2023-12-06T11:50:38+00:00","description":"Aprenda como criar uma \u00fanica tabela din\u00e2mica a partir de v\u00e1rias planilhas","breadcrumb":{"@id":"https:\/\/exceladvisor.org\/pt\/dinamizar-a-partir-de-varias-planilhas\/#breadcrumb"},"inLanguage":"pt-PT","potentialAction":[{"@type":"ReadAction","target":["https:\/\/exceladvisor.org\/pt\/dinamizar-a-partir-de-varias-planilhas\/"]}]},{"@type":"ImageObject","inLanguage":"pt-PT","@id":"https:\/\/exceladvisor.org\/pt\/dinamizar-a-partir-de-varias-planilhas\/#primaryimage","url":"https:\/\/exceladvisor.org\/wp-content\/uploads\/2023\/08\/quatre-feuilles-de-calcul-multiples-pour-creer-un-tableau-croise-dynamique.png","contentUrl":"https:\/\/exceladvisor.org\/wp-content\/uploads\/2023\/08\/quatre-feuilles-de-calcul-multiples-pour-creer-un-tableau-croise-dynamique.png"},{"@type":"BreadcrumbList","@id":"https:\/\/exceladvisor.org\/pt\/dinamizar-a-partir-de-varias-planilhas\/#breadcrumb","itemListElement":[{"@type":"ListItem","position":1,"name":"Lar","item":"https:\/\/exceladvisor.org\/pt\/"},{"@type":"ListItem","position":2,"name":"Crie uma tabela din\u00e2mica a partir de planilhas diferentes"}]},{"@type":"WebSite","@id":"https:\/\/exceladvisor.org\/pt\/#website","url":"https:\/\/exceladvisor.org\/pt\/","name":"Excel Advisor","description":"O seu guia definitivo para dominar os dados!","publisher":{"@id":"https:\/\/exceladvisor.org\/pt\/#organization"},"potentialAction":[{"@type":"SearchAction","target":{"@type":"EntryPoint","urlTemplate":"https:\/\/exceladvisor.org\/pt\/?s={search_term_string}"},"query-input":{"@type":"PropertyValueSpecification","valueRequired":true,"valueName":"search_term_string"}}],"inLanguage":"pt-PT"},{"@type":"Organization","@id":"https:\/\/exceladvisor.org\/pt\/#organization","name":"Excel Advisor","url":"https:\/\/exceladvisor.org\/pt\/","logo":{"@type":"ImageObject","inLanguage":"pt-PT","@id":"https:\/\/exceladvisor.org\/pt\/#\/schema\/logo\/image\/","url":"https:\/\/exceladvisor.org\/pt\/wp-content\/uploads\/2023\/12\/exceladvisor.org_.png","contentUrl":"https:\/\/exceladvisor.org\/pt\/wp-content\/uploads\/2023\/12\/exceladvisor.org_.png","width":105,"height":36,"caption":"Excel Advisor"},"image":{"@id":"https:\/\/exceladvisor.org\/pt\/#\/schema\/logo\/image\/"}}]}},"yoast_meta":{"yoast_wpseo_title":"","yoast_wpseo_metadesc":"","yoast_wpseo_canonical":""},"_links":{"self":[{"href":"https:\/\/exceladvisor.org\/pt\/wp-json\/wp\/v2\/pages\/651","targetHints":{"allow":["GET"]}}],"collection":[{"href":"https:\/\/exceladvisor.org\/pt\/wp-json\/wp\/v2\/pages"}],"about":[{"href":"https:\/\/exceladvisor.org\/pt\/wp-json\/wp\/v2\/types\/page"}],"author":[{"embeddable":true,"href":"https:\/\/exceladvisor.org\/pt\/wp-json\/wp\/v2\/users\/1"}],"replies":[{"embeddable":true,"href":"https:\/\/exceladvisor.org\/pt\/wp-json\/wp\/v2\/comments?post=651"}],"version-history":[{"count":1,"href":"https:\/\/exceladvisor.org\/pt\/wp-json\/wp\/v2\/pages\/651\/revisions"}],"predecessor-version":[{"id":1407,"href":"https:\/\/exceladvisor.org\/pt\/wp-json\/wp\/v2\/pages\/651\/revisions\/1407"}],"wp:attachment":[{"href":"https:\/\/exceladvisor.org\/pt\/wp-json\/wp\/v2\/media?parent=651"}],"curies":[{"name":"wp","href":"https:\/\/api.w.org\/{rel}","templated":true}]}}