{"id":654,"date":"2023-09-30T05:19:39","date_gmt":"2023-09-30T05:19:39","guid":{"rendered":"https:\/\/exceladvisor.org\/pt\/erro-400\/"},"modified":"2023-12-06T11:36:35","modified_gmt":"2023-12-06T11:36:35","slug":"erro-400","status":"publish","type":"page","link":"https:\/\/exceladvisor.org\/pt\/erro-400\/","title":{"rendered":"Como corrigir o erro 400 do vba?"},"content":{"rendered":"<div class=\"excel-before-content-2\" id=\"excel-3498328209\"><script type=\"text\/javascript\">\r\n\tatOptions = {\r\n\t\t'key' : 'c1158f160081d6540a8409e6925dab94',\r\n\t\t'format' : 'iframe',\r\n\t\t'height' : 250,\r\n\t\t'width' : 300,\r\n\t\t'params' : {}\r\n\t};\r\n<\/script>\r\n<script type=\"text\/javascript\" src=\"\/\/www.highperformanceformat.com\/c1158f160081d6540a8409e6925dab94\/invoke.js\"><\/script><\/div><div class=\"excel-before-content\" id=\"excel-195681273\"><script type=\"text\/javascript\">\r\n\tatOptions = {\r\n\t\t'key' : 'c1158f160081d6540a8409e6925dab94',\r\n\t\t'format' : 'iframe',\r\n\t\t'height' : 250,\r\n\t\t'width' : 300,\r\n\t\t'params' : {}\r\n\t};\r\n<\/script>\r\n<script type=\"text\/javascript\" src=\"\/\/www.highperformanceformat.com\/c1158f160081d6540a8409e6925dab94\/invoke.js\"><\/script><\/div> <p>No VBA, o erro 400 \u00e9 um erro de tempo de execu\u00e7\u00e3o que n\u00e3o \u00e9 t\u00e3o comum, mas existem algumas situa\u00e7\u00f5es em que voc\u00ea pode enfrentar esse erro. Este erro ocorre quando o Microsoft Excel trava ou falha ao executar uma macro. E diferentes motivos podem fazer com que o Excel trave ou falhe:<\/p><ul><li> Deficiente na instala\u00e7\u00e3o do Microsoft Excel.<\/li><li> O Excel falhou ao ler ou gravar em um arquivo ou ao tentar acessar um objeto que n\u00e3o existe ou que foi movido.<\/li><li> A macro que voc\u00ea est\u00e1 tentando executar est\u00e1 corrompida.<\/li><li> Ou pode haver a possibilidade de haver um v\u00edrus ou malware neste sistema.<\/li><\/ul><h2 class=\"wp-block-heading\"> Como corrigir o erro VBA 400<\/h2><p> \u00c9 um pouco dif\u00edcil corrigir o erro 400 porque ele n\u00e3o cont\u00e9m nenhuma notifica\u00e7\u00e3o que o esteja causando. mas voc\u00ea pode usar v\u00e1rias maneiras de consertar isso.<\/p><ul><li> Voc\u00ea pode depurar o c\u00f3digo e executar cada linha de c\u00f3digo 1 por 1.<\/li><li> Voc\u00ea pode mover a macro inteira para um novo m\u00f3dulo.<\/li><li> Voc\u00ea tamb\u00e9m pode habilitar o projeto VBA confi\u00e1vel que d\u00e1 acesso total ao c\u00f3digo a ser executado.<\/li><\/ul><p> Como eu disse, pode haver a possibilidade de haver um v\u00edrus ou malware que possa causar esse erro. Portanto, voc\u00ea tamb\u00e9m pode usar um antiv\u00edrus para verificar seu sistema e todos os arquivos que voc\u00ea est\u00e1 tentando acessar na macro.<\/p><div class=\"gb-container gb-container-4db6181c gb-container-mt\"> <a class=\"gb-button gb-button-c5897111 gb-button-text gb-button-mt-button\" href=\"https:\/\/exceladvisor.org\/pt\/vba\/\">O que \u00e9 VBA<\/a><h2 class=\"gb-headline gb-headline-665e5f6b gb-headline-text gb-headline-mt-heading\"> Tutoriais relacionados <\/h2><div class=\"gb-grid-wrapper gb-grid-wrapper-a20baf7c gb-grid-wrapper-mt-grid\"><div class=\"gb-grid-column gb-grid-column-65ddf67e\"><\/div><div class=\"gb-grid-column gb-grid-column-50067b57\"><div class=\"gb-container gb-container-50067b57\"><ul><li> <a href=\"https:\/\/exceladvisor.org\/pt\/erro-de-falta-de-memoria-7\/\">Erro de falta de mem\u00f3ria do VBA (Erro 7)<\/a><\/li><li> <a href=\"https:\/\/exceladvisor.org\/pt\/erro-de-estouro-6\/\">Erro de estouro de VBA (Erro 6)<\/a><\/li><li> <a href=\"https:\/\/exceladvisor.org\/pt\/erro-de-execucao-1004\/\">Erro de tempo de execu\u00e7\u00e3o do VBA (Erro 1004)<\/a><\/li><li> <a href=\"https:\/\/exceladvisor.org\/pt\/erro-de-indice-fora-do-intervalo-9\/\">Erro de execu\u00e7\u00e3o do \u00edndice VBA fora do intervalo (Erro 9)<\/a><\/li><li> <a href=\"https:\/\/exceladvisor.org\/pt\/erro-de-incompatibilidade-tipo-13\/\">Erro de incompatibilidade de tipo VBA (Erro 13)<\/a><\/li><\/ul><\/div><\/div><\/div><\/div>","protected":false},"excerpt":{"rendered":"","protected":false},"author":1,"featured_media":0,"parent":0,"menu_order":0,"comment_status":"open","ping_status":"closed","template":"","meta":{"ub_ctt_via":"","footnotes":""},"class_list":["post-654","page","type-page","status-publish","hentry"],"featured_image_src":null,"yoast_head":"<!-- This site is optimized with the Yoast SEO plugin v25.4 - https:\/\/yoast.com\/wordpress\/plugins\/seo\/ -->\n<title>\u25b7Como corrigir o erro 400 do VBA? (Tutorial 2023)<\/title>\n<meta name=\"description\" content=\"Neste tutorial, voc\u00ea aprender\u00e1 por que ocorre o erro 400 do VBA e como lidar com ele ao escrever o c\u00f3digo VBA.\" \/>\n<meta name=\"robots\" content=\"index, follow, max-snippet:-1, max-image-preview:large, max-video-preview:-1\" \/>\n<link rel=\"canonical\" href=\"https:\/\/exceladvisor.org\/pt\/erro-400\/\" \/>\n<meta property=\"og:locale\" content=\"pt_PT\" \/>\n<meta property=\"og:type\" content=\"article\" \/>\n<meta property=\"og:title\" content=\"\u25b7Como corrigir o erro 400 do VBA? (Tutorial 2023)\" \/>\n<meta property=\"og:description\" content=\"Neste tutorial, voc\u00ea aprender\u00e1 por que ocorre o erro 400 do VBA e como lidar com ele ao escrever o c\u00f3digo VBA.\" \/>\n<meta property=\"og:url\" content=\"https:\/\/exceladvisor.org\/pt\/erro-400\/\" \/>\n<meta property=\"og:site_name\" content=\"Excel Advisor\" \/>\n<meta property=\"article:modified_time\" content=\"2023-12-06T11:36:35+00:00\" \/>\n<meta name=\"twitter:card\" content=\"summary_large_image\" \/>\n<meta name=\"twitter:label1\" content=\"Tempo estimado de leitura\" \/>\n\t<meta name=\"twitter:data1\" content=\"1 minuto\" \/>\n<script type=\"application\/ld+json\" class=\"yoast-schema-graph\">{\"@context\":\"https:\/\/schema.org\",\"@graph\":[{\"@type\":\"WebPage\",\"@id\":\"https:\/\/exceladvisor.org\/pt\/erro-400\/\",\"url\":\"https:\/\/exceladvisor.org\/pt\/erro-400\/\",\"name\":\"\u25b7Como corrigir o erro 400 do VBA? (Tutorial 2023)\",\"isPartOf\":{\"@id\":\"https:\/\/exceladvisor.org\/pt\/#website\"},\"datePublished\":\"2023-09-30T05:19:39+00:00\",\"dateModified\":\"2023-12-06T11:36:35+00:00\",\"description\":\"Neste tutorial, voc\u00ea aprender\u00e1 por que ocorre o erro 400 do VBA e como lidar com ele ao escrever o c\u00f3digo VBA.\",\"breadcrumb\":{\"@id\":\"https:\/\/exceladvisor.org\/pt\/erro-400\/#breadcrumb\"},\"inLanguage\":\"pt-PT\",\"potentialAction\":[{\"@type\":\"ReadAction\",\"target\":[\"https:\/\/exceladvisor.org\/pt\/erro-400\/\"]}]},{\"@type\":\"BreadcrumbList\",\"@id\":\"https:\/\/exceladvisor.org\/pt\/erro-400\/#breadcrumb\",\"itemListElement\":[{\"@type\":\"ListItem\",\"position\":1,\"name\":\"Lar\",\"item\":\"https:\/\/exceladvisor.org\/pt\/\"},{\"@type\":\"ListItem\",\"position\":2,\"name\":\"Como corrigir o erro 400 do vba?\"}]},{\"@type\":\"WebSite\",\"@id\":\"https:\/\/exceladvisor.org\/pt\/#website\",\"url\":\"https:\/\/exceladvisor.org\/pt\/\",\"name\":\"Excel Advisor\",\"description\":\"O seu guia definitivo para dominar os dados!\",\"publisher\":{\"@id\":\"https:\/\/exceladvisor.org\/pt\/#organization\"},\"potentialAction\":[{\"@type\":\"SearchAction\",\"target\":{\"@type\":\"EntryPoint\",\"urlTemplate\":\"https:\/\/exceladvisor.org\/pt\/?s={search_term_string}\"},\"query-input\":{\"@type\":\"PropertyValueSpecification\",\"valueRequired\":true,\"valueName\":\"search_term_string\"}}],\"inLanguage\":\"pt-PT\"},{\"@type\":\"Organization\",\"@id\":\"https:\/\/exceladvisor.org\/pt\/#organization\",\"name\":\"Excel Advisor\",\"url\":\"https:\/\/exceladvisor.org\/pt\/\",\"logo\":{\"@type\":\"ImageObject\",\"inLanguage\":\"pt-PT\",\"@id\":\"https:\/\/exceladvisor.org\/pt\/#\/schema\/logo\/image\/\",\"url\":\"https:\/\/exceladvisor.org\/pt\/wp-content\/uploads\/2023\/12\/exceladvisor.org_.png\",\"contentUrl\":\"https:\/\/exceladvisor.org\/pt\/wp-content\/uploads\/2023\/12\/exceladvisor.org_.png\",\"width\":105,\"height\":36,\"caption\":\"Excel Advisor\"},\"image\":{\"@id\":\"https:\/\/exceladvisor.org\/pt\/#\/schema\/logo\/image\/\"}}]}<\/script>\n<!-- \/ Yoast SEO plugin. -->","yoast_head_json":{"title":"\u25b7Como corrigir o erro 400 do VBA? (Tutorial 2023)","description":"Neste tutorial, voc\u00ea aprender\u00e1 por que ocorre o erro 400 do VBA e como lidar com ele ao escrever o c\u00f3digo VBA.","robots":{"index":"index","follow":"follow","max-snippet":"max-snippet:-1","max-image-preview":"max-image-preview:large","max-video-preview":"max-video-preview:-1"},"canonical":"https:\/\/exceladvisor.org\/pt\/erro-400\/","og_locale":"pt_PT","og_type":"article","og_title":"\u25b7Como corrigir o erro 400 do VBA? (Tutorial 2023)","og_description":"Neste tutorial, voc\u00ea aprender\u00e1 por que ocorre o erro 400 do VBA e como lidar com ele ao escrever o c\u00f3digo VBA.","og_url":"https:\/\/exceladvisor.org\/pt\/erro-400\/","og_site_name":"Excel Advisor","article_modified_time":"2023-12-06T11:36:35+00:00","twitter_card":"summary_large_image","twitter_misc":{"Tempo estimado de leitura":"1 minuto"},"schema":{"@context":"https:\/\/schema.org","@graph":[{"@type":"WebPage","@id":"https:\/\/exceladvisor.org\/pt\/erro-400\/","url":"https:\/\/exceladvisor.org\/pt\/erro-400\/","name":"\u25b7Como corrigir o erro 400 do VBA? (Tutorial 2023)","isPartOf":{"@id":"https:\/\/exceladvisor.org\/pt\/#website"},"datePublished":"2023-09-30T05:19:39+00:00","dateModified":"2023-12-06T11:36:35+00:00","description":"Neste tutorial, voc\u00ea aprender\u00e1 por que ocorre o erro 400 do VBA e como lidar com ele ao escrever o c\u00f3digo VBA.","breadcrumb":{"@id":"https:\/\/exceladvisor.org\/pt\/erro-400\/#breadcrumb"},"inLanguage":"pt-PT","potentialAction":[{"@type":"ReadAction","target":["https:\/\/exceladvisor.org\/pt\/erro-400\/"]}]},{"@type":"BreadcrumbList","@id":"https:\/\/exceladvisor.org\/pt\/erro-400\/#breadcrumb","itemListElement":[{"@type":"ListItem","position":1,"name":"Lar","item":"https:\/\/exceladvisor.org\/pt\/"},{"@type":"ListItem","position":2,"name":"Como corrigir o erro 400 do vba?"}]},{"@type":"WebSite","@id":"https:\/\/exceladvisor.org\/pt\/#website","url":"https:\/\/exceladvisor.org\/pt\/","name":"Excel Advisor","description":"O seu guia definitivo para dominar os dados!","publisher":{"@id":"https:\/\/exceladvisor.org\/pt\/#organization"},"potentialAction":[{"@type":"SearchAction","target":{"@type":"EntryPoint","urlTemplate":"https:\/\/exceladvisor.org\/pt\/?s={search_term_string}"},"query-input":{"@type":"PropertyValueSpecification","valueRequired":true,"valueName":"search_term_string"}}],"inLanguage":"pt-PT"},{"@type":"Organization","@id":"https:\/\/exceladvisor.org\/pt\/#organization","name":"Excel Advisor","url":"https:\/\/exceladvisor.org\/pt\/","logo":{"@type":"ImageObject","inLanguage":"pt-PT","@id":"https:\/\/exceladvisor.org\/pt\/#\/schema\/logo\/image\/","url":"https:\/\/exceladvisor.org\/pt\/wp-content\/uploads\/2023\/12\/exceladvisor.org_.png","contentUrl":"https:\/\/exceladvisor.org\/pt\/wp-content\/uploads\/2023\/12\/exceladvisor.org_.png","width":105,"height":36,"caption":"Excel Advisor"},"image":{"@id":"https:\/\/exceladvisor.org\/pt\/#\/schema\/logo\/image\/"}}]}},"yoast_meta":{"yoast_wpseo_title":"","yoast_wpseo_metadesc":"","yoast_wpseo_canonical":""},"_links":{"self":[{"href":"https:\/\/exceladvisor.org\/pt\/wp-json\/wp\/v2\/pages\/654","targetHints":{"allow":["GET"]}}],"collection":[{"href":"https:\/\/exceladvisor.org\/pt\/wp-json\/wp\/v2\/pages"}],"about":[{"href":"https:\/\/exceladvisor.org\/pt\/wp-json\/wp\/v2\/types\/page"}],"author":[{"embeddable":true,"href":"https:\/\/exceladvisor.org\/pt\/wp-json\/wp\/v2\/users\/1"}],"replies":[{"embeddable":true,"href":"https:\/\/exceladvisor.org\/pt\/wp-json\/wp\/v2\/comments?post=654"}],"version-history":[{"count":1,"href":"https:\/\/exceladvisor.org\/pt\/wp-json\/wp\/v2\/pages\/654\/revisions"}],"predecessor-version":[{"id":968,"href":"https:\/\/exceladvisor.org\/pt\/wp-json\/wp\/v2\/pages\/654\/revisions\/968"}],"wp:attachment":[{"href":"https:\/\/exceladvisor.org\/pt\/wp-json\/wp\/v2\/media?parent=654"}],"curies":[{"name":"wp","href":"https:\/\/api.w.org\/{rel}","templated":true}]}}