{"id":655,"date":"2023-09-30T04:50:34","date_gmt":"2023-09-30T04:50:34","guid":{"rendered":"https:\/\/exceladvisor.org\/pt\/se-ou\/"},"modified":"2023-12-06T11:44:11","modified_gmt":"2023-12-06T11:44:11","slug":"se-ou","status":"publish","type":"page","link":"https:\/\/exceladvisor.org\/pt\/se-ou\/","title":{"rendered":"Como usar if com or em vba?"},"content":{"rendered":"<div class=\"excel-before-content-2\" id=\"excel-39104083\"><script type=\"text\/javascript\">\r\n\tatOptions = {\r\n\t\t'key' : 'c1158f160081d6540a8409e6925dab94',\r\n\t\t'format' : 'iframe',\r\n\t\t'height' : 250,\r\n\t\t'width' : 300,\r\n\t\t'params' : {}\r\n\t};\r\n<\/script>\r\n<script type=\"text\/javascript\" src=\"\/\/www.highperformanceformat.com\/c1158f160081d6540a8409e6925dab94\/invoke.js\"><\/script><\/div><div class=\"excel-before-content\" id=\"excel-35705543\"><script type=\"text\/javascript\">\r\n\tatOptions = {\r\n\t\t'key' : 'c1158f160081d6540a8409e6925dab94',\r\n\t\t'format' : 'iframe',\r\n\t\t'height' : 250,\r\n\t\t'width' : 300,\r\n\t\t'params' : {}\r\n\t};\r\n<\/script>\r\n<script type=\"text\/javascript\" src=\"\/\/www.highperformanceformat.com\/c1158f160081d6540a8409e6925dab94\/invoke.js\"><\/script><\/div> <p>Voc\u00ea pode usar o operador <strong>OR<\/strong> com a <a href=\"https:\/\/exceladvisor.org\/pt\/se-2\/\">instru\u00e7\u00e3o VBA IF<\/a> para testar v\u00e1rias condi\u00e7\u00f5es. Ao us\u00e1-lo, ele permite testar duas ou mais condi\u00e7\u00f5es simultaneamente e <strong>retorna true se alguma dessas condi\u00e7\u00f5es for verdadeira<\/strong> . Mas se todas as condi\u00e7\u00f5es forem falsas, apenas retornar\u00e1 falso no resultado.<\/p><h2 class=\"wp-block-heading\"> Usando OU com SE<\/h2><ol type=\"1\"><li> Primeiro, inicie a instru\u00e7\u00e3o IF com a palavra-chave \u201cIF\u201d.<\/li><li> Depois disso, especifique a primeira condi\u00e7\u00e3o que deseja testar.<\/li><li> Em seguida, use a palavra-chave OR para especificar a segunda condi\u00e7\u00e3o.<\/li><li> No final, especifique a segunda condi\u00e7\u00e3o que deseja testar. <\/li><\/ol><div class=\"wp-block-image\"><figure class=\"aligncenter size-large is-resized\"><img loading=\"lazy\" decoding=\"async\" class=\"wp-image-57529\" src=\"https:\/\/exceladvisor.org\/wp-content\/uploads\/2023\/08\/1-vba-si-ou-condition.png\" sizes=\"auto, \" srcset=\"\" alt=\"vba-se-ou-condi\u00e7\u00e3o\" width=\"728\" height=\"142\"><\/figure><\/div><p> Para entender melhor, vejamos um exemplo. <\/p><pre class=\"wp-block-code\"> <code class=\"language-visual-basic\" lang=\"visual-basic\">Sub myMacro() 'two conditions to test using OR If 1 = 1 Or 2 &lt; 1 Then MsgBox \"One of the conditions is true.\" Else MsgBox \"None of the conditions are true.\" End If End Sub<\/code><\/pre><div class=\"wp-block-image\"><figure class=\"aligncenter size-large is-resized\"><img loading=\"lazy\" decoding=\"async\" class=\"wp-image-57530\" src=\"https:\/\/exceladvisor.org\/wp-content\/uploads\/2023\/08\/2-specifie-deux-conditions.png\" sizes=\"auto, \" srcset=\"\" alt=\"\" width=\"581\" height=\"488\"><\/figure><\/div><p> Se voc\u00ea olhar o exemplo acima, especificamos duas condi\u00e7\u00f5es, uma se (1 = 1) e a segunda \u00e9 (2 &lt;1), e aqui apenas a primeira condi\u00e7\u00e3o \u00e9 verdadeira, e mesmo que ela tenha executado a linha de c\u00f3digo que n\u00f3s especificado se o resultado for verdadeiro. <\/p><div class=\"wp-block-image\"><figure class=\"aligncenter size-large is-resized\"><img loading=\"lazy\" decoding=\"async\" class=\"wp-image-57531\" src=\"https:\/\/exceladvisor.org\/wp-content\/uploads\/2023\/08\/3-la-premiere-condition-est-vraie.png\" sizes=\"auto, \" srcset=\"\" alt=\"\" width=\"242\" height=\"192\"><\/figure><\/div><p> Agora vamos ver se ambas as condi\u00e7\u00f5es s\u00e3o falsas, deixe-me usar um c\u00f3digo diferente aqui. <\/p><pre class=\"wp-block-code\"> <code class=\"language-visual-basic\" lang=\"visual-basic\">Sub myMacro() 'two conditions to test using OR If 1 = 2 Or 2 &lt; 1 Then MsgBox \"One of the conditions is true.\" Else MsgBox \"None of the conditions are true.\" End If End Sub<\/code><\/pre><div class=\"wp-block-image\"><figure class=\"aligncenter size-large is-resized\"><img loading=\"lazy\" decoding=\"async\" class=\"wp-image-57532\" src=\"https:\/\/exceladvisor.org\/wp-content\/uploads\/2023\/08\/4-les-deux-conditions-sont-fausses.png\" sizes=\"auto, \" srcset=\"\" alt=\"\" width=\"546\" height=\"475\"><\/figure><\/div><p> No c\u00f3digo acima, ambas as condi\u00e7\u00f5es s\u00e3o falsas e, quando voc\u00ea <a href=\"https:\/\/exceladvisor.org\/pt\/executar-uma-macro-2\/\">executa este c\u00f3digo<\/a> , ele executa a linha de c\u00f3digo que especificamos se o resultado for falso. <\/p><div class=\"wp-block-image\"><figure class=\"aligncenter size-large is-resized\"><img loading=\"lazy\" decoding=\"async\" class=\"wp-image-57533\" src=\"https:\/\/exceladvisor.org\/wp-content\/uploads\/2023\/08\/5-specifie-si-le-resultat-est-faux.png\" sizes=\"auto, \" srcset=\"\" alt=\"\" width=\"233\" height=\"172\"><\/figure><\/div><h2 class=\"wp-block-heading\"> M\u00faltiplas condi\u00e7\u00f5es com IF OR<\/h2><p> Da mesma forma, voc\u00ea tamb\u00e9m pode testar mais de duas condi\u00e7\u00f5es ao mesmo tempo. Vamos continuar o exemplo acima e adicionar a terceira condi\u00e7\u00e3o a ele. <\/p><pre class=\"wp-block-code\"> <code class=\"language-visual-basic\" lang=\"visual-basic\">Sub myMacro() 'three conditions to test using OR If 1 = 1 And 2 &gt; 1 And 1 - 1 = 0 Then MsgBox \"one of the conditions is true.\" Else MsgBox \"none of the conditions are true.\" End If End Sub<\/code><\/pre><div class=\"wp-block-image\"><figure class=\"aligncenter size-large is-resized\"><img loading=\"lazy\" decoding=\"async\" class=\"wp-image-57534\" src=\"https:\/\/exceladvisor.org\/wp-content\/uploads\/2023\/08\/6-conditions-multiples-avec-if-ou.png\" sizes=\"auto, \" srcset=\"\" alt=\"\" width=\"555\" height=\"472\"><\/figure><\/div><p> Agora temos tr\u00eas condi\u00e7\u00f5es para testar e usamos OR ap\u00f3s a segunda condi\u00e7\u00e3o para especificar a terceira condi\u00e7\u00e3o. Como voc\u00ea aprendeu acima, ao usar OR, uma das condi\u00e7\u00f5es deve ser verdadeira para se tornar verdadeira no resultado. Quando voc\u00ea executa este c\u00f3digo, ele executa a linha de c\u00f3digo que especificamos como true. <\/p><div class=\"wp-block-image\"><figure class=\"aligncenter size-large is-resized\"><img loading=\"lazy\" decoding=\"async\" class=\"wp-image-57535\" src=\"https:\/\/exceladvisor.org\/wp-content\/uploads\/2023\/08\/7-specifie-pour-le-vrai-2.png\" sizes=\"auto, \" srcset=\"\" alt=\"\" width=\"225\" height=\"178\"><\/figure><\/div><p> E se todas as condi\u00e7\u00f5es forem falsas, como voc\u00ea fez no c\u00f3digo a seguir, ele retornar\u00e1 falso. <\/p><pre class=\"wp-block-code\"> <code class=\"language-visual-basic\" lang=\"visual-basic\">Sub myMacro() 'three conditions to test using OR If 1 &lt; 1 And 2 &lt; 1 And 1 + 1 = 0 Then MsgBox \"one of the conditions is true.\" Else MsgBox \"none of the conditions are true.\" End If End Sub<\/code><\/pre><div class=\"wp-block-image\"><figure class=\"aligncenter size-large is-resized\"><img loading=\"lazy\" decoding=\"async\" class=\"wp-image-57536\" src=\"https:\/\/exceladvisor.org\/wp-content\/uploads\/2023\/08\/8-toutes-les-conditions-sont-fausses.png\" sizes=\"auto, \" srcset=\"\" alt=\"\" width=\"247\" height=\"182\"><\/figure><\/div><div class=\"gb-container gb-container-4db6181c gb-container-mt\"> <a class=\"gb-button gb-button-c5897111 gb-button-text gb-button-mt-button\" href=\"https:\/\/exceladvisor.org\/pt\/vba\/\">O que \u00e9 VBA<\/a><h2 class=\"gb-headline gb-headline-665e5f6b gb-headline-text gb-headline-mt-heading\"> Tutoriais relacionados <\/h2><div class=\"gb-grid-wrapper gb-grid-wrapper-a20baf7c gb-grid-wrapper-mt-grid\"><div class=\"gb-grid-column gb-grid-column-65ddf67e\"><div class=\"gb-container gb-container-65ddf67e\"><ul><li> <a href=\"https:\/\/exceladvisor.org\/pt\/sair-se\/\">Sa\u00edda do VBA SE<\/a><\/li><li> <a href=\"https:\/\/exceladvisor.org\/pt\/se-2\/\">VBA SE (SE ent\u00e3o sen\u00e3o)<\/a><\/li><li> <a href=\"https:\/\/exceladvisor.org\/pt\/se-e\/\">VBA SE E<\/a><\/li><li> <a href=\"https:\/\/exceladvisor.org\/pt\/de-outra-forma\/\">VBA SE N\u00c3O<\/a> ]<\/li><li> <a href=\"https:\/\/exceladvisor.org\/pt\/aninhar-se\/\">VBA aninhado SE<\/a> <\/li><\/ul><\/div><\/div><div class=\"gb-grid-column gb-grid-column-50067b57\"><div class=\"gb-container gb-container-50067b57\"><\/div><\/div><\/div><\/div>","protected":false},"excerpt":{"rendered":"","protected":false},"author":1,"featured_media":0,"parent":0,"menu_order":0,"comment_status":"open","ping_status":"closed","template":"","meta":{"ub_ctt_via":"","footnotes":""},"class_list":["post-655","page","type-page","status-publish","hentry"],"featured_image_src":null,"yoast_head":"<!-- This site is optimized with the Yoast SEO plugin v25.4 - https:\/\/yoast.com\/wordpress\/plugins\/seo\/ -->\n<title>Como usar IF com OR no VBA Excel? (Tutorial 2023)<\/title>\n<meta name=\"description\" content=\"Com o VBA OR, voc\u00ea pode testar v\u00e1rias condi\u00e7\u00f5es ao mesmo tempo. Ele retorna verdadeiro se alguma dessas condi\u00e7\u00f5es for verdadeira.\" \/>\n<meta name=\"robots\" content=\"index, follow, max-snippet:-1, max-image-preview:large, max-video-preview:-1\" \/>\n<link rel=\"canonical\" href=\"https:\/\/exceladvisor.org\/pt\/se-ou\/\" \/>\n<meta property=\"og:locale\" content=\"pt_PT\" \/>\n<meta property=\"og:type\" content=\"article\" \/>\n<meta property=\"og:title\" content=\"Como usar IF com OR no VBA Excel? (Tutorial 2023)\" \/>\n<meta property=\"og:description\" content=\"Com o VBA OR, voc\u00ea pode testar v\u00e1rias condi\u00e7\u00f5es ao mesmo tempo. Ele retorna verdadeiro se alguma dessas condi\u00e7\u00f5es for verdadeira.\" \/>\n<meta property=\"og:url\" content=\"https:\/\/exceladvisor.org\/pt\/se-ou\/\" \/>\n<meta property=\"og:site_name\" content=\"Excel Advisor\" \/>\n<meta property=\"article:modified_time\" content=\"2023-12-06T11:44:11+00:00\" \/>\n<meta property=\"og:image\" content=\"https:\/\/exceladvisor.org\/wp-content\/uploads\/2023\/08\/1-vba-si-ou-condition.png\" \/>\n<meta name=\"twitter:card\" content=\"summary_large_image\" \/>\n<meta name=\"twitter:label1\" content=\"Tempo estimado de leitura\" \/>\n\t<meta name=\"twitter:data1\" content=\"2 minutos\" \/>\n<script type=\"application\/ld+json\" class=\"yoast-schema-graph\">{\"@context\":\"https:\/\/schema.org\",\"@graph\":[{\"@type\":\"WebPage\",\"@id\":\"https:\/\/exceladvisor.org\/pt\/se-ou\/\",\"url\":\"https:\/\/exceladvisor.org\/pt\/se-ou\/\",\"name\":\"Como usar IF com OR no VBA Excel? (Tutorial 2023)\",\"isPartOf\":{\"@id\":\"https:\/\/exceladvisor.org\/pt\/#website\"},\"primaryImageOfPage\":{\"@id\":\"https:\/\/exceladvisor.org\/pt\/se-ou\/#primaryimage\"},\"image\":{\"@id\":\"https:\/\/exceladvisor.org\/pt\/se-ou\/#primaryimage\"},\"thumbnailUrl\":\"https:\/\/exceladvisor.org\/wp-content\/uploads\/2023\/08\/1-vba-si-ou-condition.png\",\"datePublished\":\"2023-09-30T04:50:34+00:00\",\"dateModified\":\"2023-12-06T11:44:11+00:00\",\"description\":\"Com o VBA OR, voc\u00ea pode testar v\u00e1rias condi\u00e7\u00f5es ao mesmo tempo. Ele retorna verdadeiro se alguma dessas condi\u00e7\u00f5es for verdadeira.\",\"breadcrumb\":{\"@id\":\"https:\/\/exceladvisor.org\/pt\/se-ou\/#breadcrumb\"},\"inLanguage\":\"pt-PT\",\"potentialAction\":[{\"@type\":\"ReadAction\",\"target\":[\"https:\/\/exceladvisor.org\/pt\/se-ou\/\"]}]},{\"@type\":\"ImageObject\",\"inLanguage\":\"pt-PT\",\"@id\":\"https:\/\/exceladvisor.org\/pt\/se-ou\/#primaryimage\",\"url\":\"https:\/\/exceladvisor.org\/wp-content\/uploads\/2023\/08\/1-vba-si-ou-condition.png\",\"contentUrl\":\"https:\/\/exceladvisor.org\/wp-content\/uploads\/2023\/08\/1-vba-si-ou-condition.png\"},{\"@type\":\"BreadcrumbList\",\"@id\":\"https:\/\/exceladvisor.org\/pt\/se-ou\/#breadcrumb\",\"itemListElement\":[{\"@type\":\"ListItem\",\"position\":1,\"name\":\"Lar\",\"item\":\"https:\/\/exceladvisor.org\/pt\/\"},{\"@type\":\"ListItem\",\"position\":2,\"name\":\"Como usar if com or em vba?\"}]},{\"@type\":\"WebSite\",\"@id\":\"https:\/\/exceladvisor.org\/pt\/#website\",\"url\":\"https:\/\/exceladvisor.org\/pt\/\",\"name\":\"Excel Advisor\",\"description\":\"O seu guia definitivo para dominar os dados!\",\"publisher\":{\"@id\":\"https:\/\/exceladvisor.org\/pt\/#organization\"},\"potentialAction\":[{\"@type\":\"SearchAction\",\"target\":{\"@type\":\"EntryPoint\",\"urlTemplate\":\"https:\/\/exceladvisor.org\/pt\/?s={search_term_string}\"},\"query-input\":{\"@type\":\"PropertyValueSpecification\",\"valueRequired\":true,\"valueName\":\"search_term_string\"}}],\"inLanguage\":\"pt-PT\"},{\"@type\":\"Organization\",\"@id\":\"https:\/\/exceladvisor.org\/pt\/#organization\",\"name\":\"Excel Advisor\",\"url\":\"https:\/\/exceladvisor.org\/pt\/\",\"logo\":{\"@type\":\"ImageObject\",\"inLanguage\":\"pt-PT\",\"@id\":\"https:\/\/exceladvisor.org\/pt\/#\/schema\/logo\/image\/\",\"url\":\"https:\/\/exceladvisor.org\/pt\/wp-content\/uploads\/2023\/12\/exceladvisor.org_.png\",\"contentUrl\":\"https:\/\/exceladvisor.org\/pt\/wp-content\/uploads\/2023\/12\/exceladvisor.org_.png\",\"width\":105,\"height\":36,\"caption\":\"Excel Advisor\"},\"image\":{\"@id\":\"https:\/\/exceladvisor.org\/pt\/#\/schema\/logo\/image\/\"}}]}<\/script>\n<!-- \/ Yoast SEO plugin. -->","yoast_head_json":{"title":"Como usar IF com OR no VBA Excel? (Tutorial 2023)","description":"Com o VBA OR, voc\u00ea pode testar v\u00e1rias condi\u00e7\u00f5es ao mesmo tempo. Ele retorna verdadeiro se alguma dessas condi\u00e7\u00f5es for verdadeira.","robots":{"index":"index","follow":"follow","max-snippet":"max-snippet:-1","max-image-preview":"max-image-preview:large","max-video-preview":"max-video-preview:-1"},"canonical":"https:\/\/exceladvisor.org\/pt\/se-ou\/","og_locale":"pt_PT","og_type":"article","og_title":"Como usar IF com OR no VBA Excel? (Tutorial 2023)","og_description":"Com o VBA OR, voc\u00ea pode testar v\u00e1rias condi\u00e7\u00f5es ao mesmo tempo. Ele retorna verdadeiro se alguma dessas condi\u00e7\u00f5es for verdadeira.","og_url":"https:\/\/exceladvisor.org\/pt\/se-ou\/","og_site_name":"Excel Advisor","article_modified_time":"2023-12-06T11:44:11+00:00","og_image":[{"url":"https:\/\/exceladvisor.org\/wp-content\/uploads\/2023\/08\/1-vba-si-ou-condition.png","type":"","width":"","height":""}],"twitter_card":"summary_large_image","twitter_misc":{"Tempo estimado de leitura":"2 minutos"},"schema":{"@context":"https:\/\/schema.org","@graph":[{"@type":"WebPage","@id":"https:\/\/exceladvisor.org\/pt\/se-ou\/","url":"https:\/\/exceladvisor.org\/pt\/se-ou\/","name":"Como usar IF com OR no VBA Excel? (Tutorial 2023)","isPartOf":{"@id":"https:\/\/exceladvisor.org\/pt\/#website"},"primaryImageOfPage":{"@id":"https:\/\/exceladvisor.org\/pt\/se-ou\/#primaryimage"},"image":{"@id":"https:\/\/exceladvisor.org\/pt\/se-ou\/#primaryimage"},"thumbnailUrl":"https:\/\/exceladvisor.org\/wp-content\/uploads\/2023\/08\/1-vba-si-ou-condition.png","datePublished":"2023-09-30T04:50:34+00:00","dateModified":"2023-12-06T11:44:11+00:00","description":"Com o VBA OR, voc\u00ea pode testar v\u00e1rias condi\u00e7\u00f5es ao mesmo tempo. Ele retorna verdadeiro se alguma dessas condi\u00e7\u00f5es for verdadeira.","breadcrumb":{"@id":"https:\/\/exceladvisor.org\/pt\/se-ou\/#breadcrumb"},"inLanguage":"pt-PT","potentialAction":[{"@type":"ReadAction","target":["https:\/\/exceladvisor.org\/pt\/se-ou\/"]}]},{"@type":"ImageObject","inLanguage":"pt-PT","@id":"https:\/\/exceladvisor.org\/pt\/se-ou\/#primaryimage","url":"https:\/\/exceladvisor.org\/wp-content\/uploads\/2023\/08\/1-vba-si-ou-condition.png","contentUrl":"https:\/\/exceladvisor.org\/wp-content\/uploads\/2023\/08\/1-vba-si-ou-condition.png"},{"@type":"BreadcrumbList","@id":"https:\/\/exceladvisor.org\/pt\/se-ou\/#breadcrumb","itemListElement":[{"@type":"ListItem","position":1,"name":"Lar","item":"https:\/\/exceladvisor.org\/pt\/"},{"@type":"ListItem","position":2,"name":"Como usar if com or em vba?"}]},{"@type":"WebSite","@id":"https:\/\/exceladvisor.org\/pt\/#website","url":"https:\/\/exceladvisor.org\/pt\/","name":"Excel Advisor","description":"O seu guia definitivo para dominar os dados!","publisher":{"@id":"https:\/\/exceladvisor.org\/pt\/#organization"},"potentialAction":[{"@type":"SearchAction","target":{"@type":"EntryPoint","urlTemplate":"https:\/\/exceladvisor.org\/pt\/?s={search_term_string}"},"query-input":{"@type":"PropertyValueSpecification","valueRequired":true,"valueName":"search_term_string"}}],"inLanguage":"pt-PT"},{"@type":"Organization","@id":"https:\/\/exceladvisor.org\/pt\/#organization","name":"Excel Advisor","url":"https:\/\/exceladvisor.org\/pt\/","logo":{"@type":"ImageObject","inLanguage":"pt-PT","@id":"https:\/\/exceladvisor.org\/pt\/#\/schema\/logo\/image\/","url":"https:\/\/exceladvisor.org\/pt\/wp-content\/uploads\/2023\/12\/exceladvisor.org_.png","contentUrl":"https:\/\/exceladvisor.org\/pt\/wp-content\/uploads\/2023\/12\/exceladvisor.org_.png","width":105,"height":36,"caption":"Excel Advisor"},"image":{"@id":"https:\/\/exceladvisor.org\/pt\/#\/schema\/logo\/image\/"}}]}},"yoast_meta":{"yoast_wpseo_title":"","yoast_wpseo_metadesc":"","yoast_wpseo_canonical":""},"_links":{"self":[{"href":"https:\/\/exceladvisor.org\/pt\/wp-json\/wp\/v2\/pages\/655","targetHints":{"allow":["GET"]}}],"collection":[{"href":"https:\/\/exceladvisor.org\/pt\/wp-json\/wp\/v2\/pages"}],"about":[{"href":"https:\/\/exceladvisor.org\/pt\/wp-json\/wp\/v2\/types\/page"}],"author":[{"embeddable":true,"href":"https:\/\/exceladvisor.org\/pt\/wp-json\/wp\/v2\/users\/1"}],"replies":[{"embeddable":true,"href":"https:\/\/exceladvisor.org\/pt\/wp-json\/wp\/v2\/comments?post=655"}],"version-history":[{"count":1,"href":"https:\/\/exceladvisor.org\/pt\/wp-json\/wp\/v2\/pages\/655\/revisions"}],"predecessor-version":[{"id":1352,"href":"https:\/\/exceladvisor.org\/pt\/wp-json\/wp\/v2\/pages\/655\/revisions\/1352"}],"wp:attachment":[{"href":"https:\/\/exceladvisor.org\/pt\/wp-json\/wp\/v2\/media?parent=655"}],"curies":[{"name":"wp","href":"https:\/\/api.w.org\/{rel}","templated":true}]}}