{"id":656,"date":"2023-09-30T04:41:34","date_gmt":"2023-09-30T04:41:34","guid":{"rendered":"https:\/\/exceladvisor.org\/pt\/se-e\/"},"modified":"2023-12-06T11:44:10","modified_gmt":"2023-12-06T11:44:10","slug":"se-e","status":"publish","type":"page","link":"https:\/\/exceladvisor.org\/pt\/se-e\/","title":{"rendered":"Como usar if com and no excel vba?"},"content":{"rendered":"<div class=\"excel-before-content-2\" id=\"excel-3358073509\"><script type=\"text\/javascript\">\r\n\tatOptions = {\r\n\t\t'key' : 'c1158f160081d6540a8409e6925dab94',\r\n\t\t'format' : 'iframe',\r\n\t\t'height' : 250,\r\n\t\t'width' : 300,\r\n\t\t'params' : {}\r\n\t};\r\n<\/script>\r\n<script type=\"text\/javascript\" src=\"\/\/www.highperformanceformat.com\/c1158f160081d6540a8409e6925dab94\/invoke.js\"><\/script><\/div><div class=\"excel-before-content\" id=\"excel-3272636418\"><script type=\"text\/javascript\">\r\n\tatOptions = {\r\n\t\t'key' : 'c1158f160081d6540a8409e6925dab94',\r\n\t\t'format' : 'iframe',\r\n\t\t'height' : 250,\r\n\t\t'width' : 300,\r\n\t\t'params' : {}\r\n\t};\r\n<\/script>\r\n<script type=\"text\/javascript\" src=\"\/\/www.highperformanceformat.com\/c1158f160081d6540a8409e6925dab94\/invoke.js\"><\/script><\/div> <p>Voc\u00ea pode usar o operador <strong>AND<\/strong> com a <a href=\"https:\/\/exceladvisor.org\/pt\/se-2\/\">instru\u00e7\u00e3o VBA IF<\/a> para testar v\u00e1rias condi\u00e7\u00f5es e, ao us\u00e1-lo, permite testar duas condi\u00e7\u00f5es simultaneamente e obter verdade se ambas as condi\u00e7\u00f5es forem verdadeiras. E, se alguma das condi\u00e7\u00f5es for falsa, retorna falso no resultado.<\/p><h2 class=\"wp-block-heading\"> Combine SE E<\/h2><ol type=\"1\"><li> Primeiro, inicie a instru\u00e7\u00e3o IF com a palavra-chave \u201cIF\u201d.<\/li><li> Depois disso, especifique a primeira condi\u00e7\u00e3o que deseja testar.<\/li><li> Em seguida, use a palavra-chave AND para especificar a segunda condi\u00e7\u00e3o<\/li><li> No final, especifique a segunda condi\u00e7\u00e3o que deseja testar. <\/li><\/ol><div class=\"wp-block-image\"><figure class=\"aligncenter size-large is-resized\"><img loading=\"lazy\" decoding=\"async\" class=\"wp-image-57514\" src=\"https:\/\/exceladvisor.org\/wp-content\/uploads\/2023\/08\/1-vba-si-instruction.png\" sizes=\"auto, \" srcset=\"\" alt=\"instru\u00e7\u00e3o vba-if\" width=\"819\" height=\"119\"><\/figure><\/div><p> Para entender melhor, vejamos um exemplo. <\/p><pre class=\"wp-block-code\"> <code class=\"language-visual-basic\" lang=\"visual-basic\">Sub myMacro() If 1 = 1 And 2 &gt; 1 Then MsgBox \"Both of the conditions are true.\" Else MsgBox \"Maybe one or both of the conditions are true.\" End If End Sub<\/code><\/pre><div class=\"wp-block-image\"><figure class=\"aligncenter size-large is-resized\"><img loading=\"lazy\" decoding=\"async\" class=\"wp-image-57515\" src=\"https:\/\/exceladvisor.org\/wp-content\/uploads\/2023\/08\/2-vba-si-exemple-dinstruction.png\" sizes=\"auto, \" srcset=\"\" alt=\"\" width=\"678\" height=\"351\"><\/figure><\/div><p> Se voc\u00ea olhar o exemplo acima, especificamos duas condi\u00e7\u00f5es, uma se (1 = 1) e a segunda \u00e9 (2&gt; 1) e aqui ambas as condi\u00e7\u00f5es s\u00e3o verdadeiras, e \u00e9 por isso que ele executa a linha de c\u00f3digo que especificamos se o resultado \u00e9 verdadeiro. <\/p><div class=\"wp-block-image\"><figure class=\"aligncenter size-large is-resized\"><img loading=\"lazy\" decoding=\"async\" class=\"wp-image-57516\" src=\"https:\/\/exceladvisor.org\/wp-content\/uploads\/2023\/08\/3-execute-la-ligne-de-code.png\" sizes=\"auto, \" srcset=\"\" alt=\"\" width=\"232\" height=\"173\"><\/figure><\/div><p> Agora, se alguma dessas duas condi\u00e7\u00f5es for falsa, deixe-me usar um c\u00f3digo diferente aqui. <\/p><pre class=\"wp-block-code\"> <code class=\"language-visual-basic\" lang=\"visual-basic\">Sub myMacro1() If 1 = 1 And 2 &lt; 1 Then MsgBox \"Both of the conditions are true.\" Else MsgBox \"Maybe one or both of the conditions are true.\" End If End Sub<\/code><\/pre><div class=\"wp-block-image\"><figure class=\"aligncenter size-large is-resized\"><img loading=\"lazy\" decoding=\"async\" class=\"wp-image-57517\" src=\"https:\/\/exceladvisor.org\/wp-content\/uploads\/2023\/08\/4-deuxieme-condition-est-fausse.png\" sizes=\"auto, \" srcset=\"\" alt=\"\" width=\"655\" height=\"351\"><\/figure><\/div><p> No c\u00f3digo acima, a segunda condi\u00e7\u00e3o \u00e9 falsa (2 &lt;1) e quando voc\u00ea <a href=\"https:\/\/exceladvisor.org\/pt\/executar-uma-macro-2\/\">executa esta macro<\/a> , ela executa a linha de c\u00f3digo que especificamos se o resultado for falso. <\/p><div class=\"wp-block-image\"><figure class=\"aligncenter size-large is-resized\"><img loading=\"lazy\" decoding=\"async\" class=\"wp-image-57518\" src=\"https:\/\/exceladvisor.org\/wp-content\/uploads\/2023\/08\/5-le-resultat-est-faux.png\" sizes=\"auto, \" srcset=\"\" alt=\"\" width=\"352\" height=\"192\"><\/figure><\/div><h2 class=\"wp-block-heading\"> M\u00faltiplas condi\u00e7\u00f5es com IF AND<\/h2><p> Da mesma forma, voc\u00ea tamb\u00e9m pode testar mais de duas condi\u00e7\u00f5es ao mesmo tempo. Vamos continuar o exemplo acima e adicionar a terceira condi\u00e7\u00e3o a ele. <\/p><pre class=\"wp-block-code\"> <code class=\"language-visual-basic\" lang=\"visual-basic\">Sub myMacro2() If 1 = 1 And 2 &gt; 1 And 1 - 1 = 0 Then MsgBox \"All the conditions are true.\" Else MsgBox \"Some conditions are false.\" End If End Sub<\/code><\/pre><div class=\"wp-block-image\"><figure class=\"aligncenter size-large is-resized\"><img loading=\"lazy\" decoding=\"async\" class=\"wp-image-57519\" src=\"https:\/\/exceladvisor.org\/wp-content\/uploads\/2023\/08\/6-conditions-multiples-avec-if-et.png\" sizes=\"auto, \" srcset=\"\" alt=\"\" width=\"521\" height=\"374\"><\/figure><\/div><p> Agora temos tr\u00eas condi\u00e7\u00f5es para testar e usamos o AND ap\u00f3s a segunda condi\u00e7\u00e3o para especificar a terceira condi\u00e7\u00e3o. Como voc\u00ea aprendeu acima, ao usar AND, todas as condi\u00e7\u00f5es devem ser verdadeiras para se tornarem verdadeiras no resultado.<\/p><p> Quando voc\u00ea executa esse c\u00f3digo, ele executa a linha de c\u00f3digo que especificamos como true. <\/p><div class=\"wp-block-image\"><figure class=\"aligncenter size-large is-resized\"><img loading=\"lazy\" decoding=\"async\" class=\"wp-image-57520\" src=\"https:\/\/exceladvisor.org\/wp-content\/uploads\/2023\/08\/7-specifie-pour-le-vrai.png\" sizes=\"auto, \" srcset=\"\" alt=\"\" width=\"211\" height=\"178\"><\/figure><\/div><p> E se alguma das condi\u00e7\u00f5es for falsa, assim como voc\u00ea fez no c\u00f3digo a seguir, ela retornar\u00e1 falso. <\/p><pre class=\"wp-block-code\"> <code class=\"language-visual-basic\" lang=\"visual-basic\">Sub myMacro3() If 1 = 1 And 2 &lt; 1 And 1 + 1 = 0 Then MsgBox \"All the conditions are true.\" Else MsgBox \"Some conditions are false.\" End If End Sub<\/code><\/pre><div class=\"wp-block-image\"><figure class=\"aligncenter size-large is-resized\"><img loading=\"lazy\" decoding=\"async\" class=\"wp-image-57521\" src=\"https:\/\/exceladvisor.org\/wp-content\/uploads\/2023\/08\/8-condition-est-fausse.png\" sizes=\"auto, \" srcset=\"\" alt=\"\" width=\"221\" height=\"188\"><\/figure><\/div><div class=\"gb-container gb-container-4db6181c gb-container-mt\"> <a class=\"gb-button gb-button-c5897111 gb-button-text gb-button-mt-button\" href=\"https:\/\/exceladvisor.org\/pt\/vba\/\">O que \u00e9 VBA<\/a><h2 class=\"gb-headline gb-headline-665e5f6b gb-headline-text gb-headline-mt-heading\"> Tutoriais relacionados <\/h2><div class=\"gb-grid-wrapper gb-grid-wrapper-a20baf7c gb-grid-wrapper-mt-grid\"><div class=\"gb-grid-column gb-grid-column-65ddf67e\"><div class=\"gb-container gb-container-65ddf67e\"><ul><li> <a href=\"https:\/\/exceladvisor.org\/pt\/sair-se\/\">Sa\u00edda do VBA SE<\/a><\/li><li> <a href=\"https:\/\/exceladvisor.org\/pt\/se-2\/\">VBA SE (SE ent\u00e3o sen\u00e3o)<\/a><\/li><li> <a href=\"https:\/\/exceladvisor.org\/pt\/de-outra-forma\/\">VBA SE N\u00c3O<\/a><\/li><li> <a href=\"https:\/\/exceladvisor.org\/pt\/se-ou\/\">VBA SE OU<\/a><\/li><li> <a href=\"https:\/\/exceladvisor.org\/pt\/aninhar-se\/\">VBA aninhado SE<\/a> <\/li><\/ul><\/div><\/div><div class=\"gb-grid-column gb-grid-column-50067b57\"><div class=\"gb-container gb-container-50067b57\"><\/div><\/div><\/div><\/div>","protected":false},"excerpt":{"rendered":"","protected":false},"author":1,"featured_media":0,"parent":0,"menu_order":0,"comment_status":"open","ping_status":"closed","template":"","meta":{"ub_ctt_via":"","footnotes":""},"class_list":["post-656","page","type-page","status-publish","hentry"],"featured_image_src":null,"yoast_head":"<!-- This site is optimized with the Yoast SEO plugin v25.4 - https:\/\/yoast.com\/wordpress\/plugins\/seo\/ -->\n<title>Como usar IF com AND no Excel VBA? Tutorial 2023)<\/title>\n<meta name=\"description\" content=\"Voc\u00ea pode usar o operador AND com a instru\u00e7\u00e3o IF do VBA para testar v\u00e1rias condi\u00e7\u00f5es e, ao us\u00e1-lo, ele permite\" \/>\n<meta name=\"robots\" content=\"index, follow, max-snippet:-1, max-image-preview:large, max-video-preview:-1\" \/>\n<link rel=\"canonical\" href=\"https:\/\/exceladvisor.org\/pt\/se-e\/\" \/>\n<meta property=\"og:locale\" content=\"pt_PT\" \/>\n<meta property=\"og:type\" content=\"article\" \/>\n<meta property=\"og:title\" content=\"Como usar IF com AND no Excel VBA? Tutorial 2023)\" \/>\n<meta property=\"og:description\" content=\"Voc\u00ea pode usar o operador AND com a instru\u00e7\u00e3o IF do VBA para testar v\u00e1rias condi\u00e7\u00f5es e, ao us\u00e1-lo, ele permite\" \/>\n<meta property=\"og:url\" content=\"https:\/\/exceladvisor.org\/pt\/se-e\/\" \/>\n<meta property=\"og:site_name\" content=\"Excel Advisor\" \/>\n<meta property=\"article:modified_time\" content=\"2023-12-06T11:44:10+00:00\" \/>\n<meta property=\"og:image\" content=\"https:\/\/exceladvisor.org\/wp-content\/uploads\/2023\/08\/1-vba-si-instruction.png\" \/>\n<meta name=\"twitter:card\" content=\"summary_large_image\" \/>\n<meta name=\"twitter:label1\" content=\"Tempo estimado de leitura\" \/>\n\t<meta name=\"twitter:data1\" content=\"2 minutos\" \/>\n<script type=\"application\/ld+json\" class=\"yoast-schema-graph\">{\"@context\":\"https:\/\/schema.org\",\"@graph\":[{\"@type\":\"WebPage\",\"@id\":\"https:\/\/exceladvisor.org\/pt\/se-e\/\",\"url\":\"https:\/\/exceladvisor.org\/pt\/se-e\/\",\"name\":\"Como usar IF com AND no Excel VBA? Tutorial 2023)\",\"isPartOf\":{\"@id\":\"https:\/\/exceladvisor.org\/pt\/#website\"},\"primaryImageOfPage\":{\"@id\":\"https:\/\/exceladvisor.org\/pt\/se-e\/#primaryimage\"},\"image\":{\"@id\":\"https:\/\/exceladvisor.org\/pt\/se-e\/#primaryimage\"},\"thumbnailUrl\":\"https:\/\/exceladvisor.org\/wp-content\/uploads\/2023\/08\/1-vba-si-instruction.png\",\"datePublished\":\"2023-09-30T04:41:34+00:00\",\"dateModified\":\"2023-12-06T11:44:10+00:00\",\"description\":\"Voc\u00ea pode usar o operador AND com a instru\u00e7\u00e3o IF do VBA para testar v\u00e1rias condi\u00e7\u00f5es e, ao us\u00e1-lo, ele permite\",\"breadcrumb\":{\"@id\":\"https:\/\/exceladvisor.org\/pt\/se-e\/#breadcrumb\"},\"inLanguage\":\"pt-PT\",\"potentialAction\":[{\"@type\":\"ReadAction\",\"target\":[\"https:\/\/exceladvisor.org\/pt\/se-e\/\"]}]},{\"@type\":\"ImageObject\",\"inLanguage\":\"pt-PT\",\"@id\":\"https:\/\/exceladvisor.org\/pt\/se-e\/#primaryimage\",\"url\":\"https:\/\/exceladvisor.org\/wp-content\/uploads\/2023\/08\/1-vba-si-instruction.png\",\"contentUrl\":\"https:\/\/exceladvisor.org\/wp-content\/uploads\/2023\/08\/1-vba-si-instruction.png\"},{\"@type\":\"BreadcrumbList\",\"@id\":\"https:\/\/exceladvisor.org\/pt\/se-e\/#breadcrumb\",\"itemListElement\":[{\"@type\":\"ListItem\",\"position\":1,\"name\":\"Lar\",\"item\":\"https:\/\/exceladvisor.org\/pt\/\"},{\"@type\":\"ListItem\",\"position\":2,\"name\":\"Como usar if com and no excel vba?\"}]},{\"@type\":\"WebSite\",\"@id\":\"https:\/\/exceladvisor.org\/pt\/#website\",\"url\":\"https:\/\/exceladvisor.org\/pt\/\",\"name\":\"Excel Advisor\",\"description\":\"O seu guia definitivo para dominar os dados!\",\"publisher\":{\"@id\":\"https:\/\/exceladvisor.org\/pt\/#organization\"},\"potentialAction\":[{\"@type\":\"SearchAction\",\"target\":{\"@type\":\"EntryPoint\",\"urlTemplate\":\"https:\/\/exceladvisor.org\/pt\/?s={search_term_string}\"},\"query-input\":{\"@type\":\"PropertyValueSpecification\",\"valueRequired\":true,\"valueName\":\"search_term_string\"}}],\"inLanguage\":\"pt-PT\"},{\"@type\":\"Organization\",\"@id\":\"https:\/\/exceladvisor.org\/pt\/#organization\",\"name\":\"Excel Advisor\",\"url\":\"https:\/\/exceladvisor.org\/pt\/\",\"logo\":{\"@type\":\"ImageObject\",\"inLanguage\":\"pt-PT\",\"@id\":\"https:\/\/exceladvisor.org\/pt\/#\/schema\/logo\/image\/\",\"url\":\"https:\/\/exceladvisor.org\/pt\/wp-content\/uploads\/2023\/12\/exceladvisor.org_.png\",\"contentUrl\":\"https:\/\/exceladvisor.org\/pt\/wp-content\/uploads\/2023\/12\/exceladvisor.org_.png\",\"width\":105,\"height\":36,\"caption\":\"Excel Advisor\"},\"image\":{\"@id\":\"https:\/\/exceladvisor.org\/pt\/#\/schema\/logo\/image\/\"}}]}<\/script>\n<!-- \/ Yoast SEO plugin. -->","yoast_head_json":{"title":"Como usar IF com AND no Excel VBA? Tutorial 2023)","description":"Voc\u00ea pode usar o operador AND com a instru\u00e7\u00e3o IF do VBA para testar v\u00e1rias condi\u00e7\u00f5es e, ao us\u00e1-lo, ele permite","robots":{"index":"index","follow":"follow","max-snippet":"max-snippet:-1","max-image-preview":"max-image-preview:large","max-video-preview":"max-video-preview:-1"},"canonical":"https:\/\/exceladvisor.org\/pt\/se-e\/","og_locale":"pt_PT","og_type":"article","og_title":"Como usar IF com AND no Excel VBA? Tutorial 2023)","og_description":"Voc\u00ea pode usar o operador AND com a instru\u00e7\u00e3o IF do VBA para testar v\u00e1rias condi\u00e7\u00f5es e, ao us\u00e1-lo, ele permite","og_url":"https:\/\/exceladvisor.org\/pt\/se-e\/","og_site_name":"Excel Advisor","article_modified_time":"2023-12-06T11:44:10+00:00","og_image":[{"url":"https:\/\/exceladvisor.org\/wp-content\/uploads\/2023\/08\/1-vba-si-instruction.png","type":"","width":"","height":""}],"twitter_card":"summary_large_image","twitter_misc":{"Tempo estimado de leitura":"2 minutos"},"schema":{"@context":"https:\/\/schema.org","@graph":[{"@type":"WebPage","@id":"https:\/\/exceladvisor.org\/pt\/se-e\/","url":"https:\/\/exceladvisor.org\/pt\/se-e\/","name":"Como usar IF com AND no Excel VBA? Tutorial 2023)","isPartOf":{"@id":"https:\/\/exceladvisor.org\/pt\/#website"},"primaryImageOfPage":{"@id":"https:\/\/exceladvisor.org\/pt\/se-e\/#primaryimage"},"image":{"@id":"https:\/\/exceladvisor.org\/pt\/se-e\/#primaryimage"},"thumbnailUrl":"https:\/\/exceladvisor.org\/wp-content\/uploads\/2023\/08\/1-vba-si-instruction.png","datePublished":"2023-09-30T04:41:34+00:00","dateModified":"2023-12-06T11:44:10+00:00","description":"Voc\u00ea pode usar o operador AND com a instru\u00e7\u00e3o IF do VBA para testar v\u00e1rias condi\u00e7\u00f5es e, ao us\u00e1-lo, ele permite","breadcrumb":{"@id":"https:\/\/exceladvisor.org\/pt\/se-e\/#breadcrumb"},"inLanguage":"pt-PT","potentialAction":[{"@type":"ReadAction","target":["https:\/\/exceladvisor.org\/pt\/se-e\/"]}]},{"@type":"ImageObject","inLanguage":"pt-PT","@id":"https:\/\/exceladvisor.org\/pt\/se-e\/#primaryimage","url":"https:\/\/exceladvisor.org\/wp-content\/uploads\/2023\/08\/1-vba-si-instruction.png","contentUrl":"https:\/\/exceladvisor.org\/wp-content\/uploads\/2023\/08\/1-vba-si-instruction.png"},{"@type":"BreadcrumbList","@id":"https:\/\/exceladvisor.org\/pt\/se-e\/#breadcrumb","itemListElement":[{"@type":"ListItem","position":1,"name":"Lar","item":"https:\/\/exceladvisor.org\/pt\/"},{"@type":"ListItem","position":2,"name":"Como usar if com and no excel vba?"}]},{"@type":"WebSite","@id":"https:\/\/exceladvisor.org\/pt\/#website","url":"https:\/\/exceladvisor.org\/pt\/","name":"Excel Advisor","description":"O seu guia definitivo para dominar os dados!","publisher":{"@id":"https:\/\/exceladvisor.org\/pt\/#organization"},"potentialAction":[{"@type":"SearchAction","target":{"@type":"EntryPoint","urlTemplate":"https:\/\/exceladvisor.org\/pt\/?s={search_term_string}"},"query-input":{"@type":"PropertyValueSpecification","valueRequired":true,"valueName":"search_term_string"}}],"inLanguage":"pt-PT"},{"@type":"Organization","@id":"https:\/\/exceladvisor.org\/pt\/#organization","name":"Excel Advisor","url":"https:\/\/exceladvisor.org\/pt\/","logo":{"@type":"ImageObject","inLanguage":"pt-PT","@id":"https:\/\/exceladvisor.org\/pt\/#\/schema\/logo\/image\/","url":"https:\/\/exceladvisor.org\/pt\/wp-content\/uploads\/2023\/12\/exceladvisor.org_.png","contentUrl":"https:\/\/exceladvisor.org\/pt\/wp-content\/uploads\/2023\/12\/exceladvisor.org_.png","width":105,"height":36,"caption":"Excel Advisor"},"image":{"@id":"https:\/\/exceladvisor.org\/pt\/#\/schema\/logo\/image\/"}}]}},"yoast_meta":{"yoast_wpseo_title":"","yoast_wpseo_metadesc":"","yoast_wpseo_canonical":""},"_links":{"self":[{"href":"https:\/\/exceladvisor.org\/pt\/wp-json\/wp\/v2\/pages\/656","targetHints":{"allow":["GET"]}}],"collection":[{"href":"https:\/\/exceladvisor.org\/pt\/wp-json\/wp\/v2\/pages"}],"about":[{"href":"https:\/\/exceladvisor.org\/pt\/wp-json\/wp\/v2\/types\/page"}],"author":[{"embeddable":true,"href":"https:\/\/exceladvisor.org\/pt\/wp-json\/wp\/v2\/users\/1"}],"replies":[{"embeddable":true,"href":"https:\/\/exceladvisor.org\/pt\/wp-json\/wp\/v2\/comments?post=656"}],"version-history":[{"count":1,"href":"https:\/\/exceladvisor.org\/pt\/wp-json\/wp\/v2\/pages\/656\/revisions"}],"predecessor-version":[{"id":1351,"href":"https:\/\/exceladvisor.org\/pt\/wp-json\/wp\/v2\/pages\/656\/revisions\/1351"}],"wp:attachment":[{"href":"https:\/\/exceladvisor.org\/pt\/wp-json\/wp\/v2\/media?parent=656"}],"curies":[{"name":"wp","href":"https:\/\/api.w.org\/{rel}","templated":true}]}}