{"id":657,"date":"2023-09-30T04:10:38","date_gmt":"2023-09-30T04:10:38","guid":{"rendered":"https:\/\/exceladvisor.org\/pt\/impressao-de-depuracao-de-janela-imediata\/"},"modified":"2023-12-06T11:51:01","modified_gmt":"2023-12-06T11:51:01","slug":"impressao-de-depuracao-de-janela-imediata","status":"publish","type":"page","link":"https:\/\/exceladvisor.org\/pt\/impressao-de-depuracao-de-janela-imediata\/","title":{"rendered":"Janela imediata vba: o guia ilustrado completo"},"content":{"rendered":"<div class=\"excel-before-content-2\" id=\"excel-2755144309\"><script type=\"text\/javascript\">\r\n\tatOptions = {\r\n\t\t'key' : 'c1158f160081d6540a8409e6925dab94',\r\n\t\t'format' : 'iframe',\r\n\t\t'height' : 250,\r\n\t\t'width' : 300,\r\n\t\t'params' : {}\r\n\t};\r\n<\/script>\r\n<script type=\"text\/javascript\" src=\"\/\/www.highperformanceformat.com\/c1158f160081d6540a8409e6925dab94\/invoke.js\"><\/script><\/div><div class=\"excel-before-content\" id=\"excel-981979540\"><script type=\"text\/javascript\">\r\n\tatOptions = {\r\n\t\t'key' : 'c1158f160081d6540a8409e6925dab94',\r\n\t\t'format' : 'iframe',\r\n\t\t'height' : 250,\r\n\t\t'width' : 300,\r\n\t\t'params' : {}\r\n\t};\r\n<\/script>\r\n<script type=\"text\/javascript\" src=\"\/\/www.highperformanceformat.com\/c1158f160081d6540a8409e6925dab94\/invoke.js\"><\/script><\/div> <h2 class=\"wp-block-heading\">O que \u00e9 janela imediata?<\/h2><p> A Janela Instant\u00e2nea \u00e9 uma pequena caixa do Editor do Visual Basic que voc\u00ea pode usar para executar uma \u00fanica linha de c\u00f3digo e obter resultados instant\u00e2neos. Simplificando, em vez de executar seu c\u00f3digo diretamente no Excel, voc\u00ea pode executar uma linha de macro sobre o que ele retorna. Isso \u00e9 muito \u00fatil quando voc\u00ea est\u00e1 depurando c\u00f3digo.<\/p><p> Ao abrir o Editor do Visual Basic (Alt+F11), voc\u00ea pode ver a janela imediata na parte inferior. <\/p><div class=\"wp-block-image\"><figure class=\"aligncenter size-large is-resized\"><img loading=\"lazy\" decoding=\"async\" class=\"wp-image-51309\" src=\"https:\/\/exceladvisor.org\/wp-content\/uploads\/2023\/08\/1-fenetre-immediate-vba.png\" sizes=\"auto, \" srcset=\"\" alt=\"janela imediata vba\" width=\"631\" height=\"583\"><\/figure><\/div><p> Mas, se n\u00e3o estiver l\u00e1, voc\u00ea precisa habilit\u00e1-lo no menu de edi\u00e7\u00e3o, ou tamb\u00e9m pode usar a <a href=\"https:\/\/exceladvisor.org\/pt\/atalhos-do-teclado\/\">tecla de atalho do teclado<\/a> Control + G. <\/p><div class=\"wp-block-image\"><figure class=\"aligncenter size-large is-resized\"><img loading=\"lazy\" decoding=\"async\" class=\"wp-image-51310\" src=\"https:\/\/exceladvisor.org\/wp-content\/uploads\/2023\/08\/2-raccourci-clavier-pour-fenetre-immediate.png\" sizes=\"auto, \" srcset=\"\" alt=\"atalho de tecla de atalho para janela pop-up\" width=\"258\" height=\"428\"><\/figure><\/div><p> E se voc\u00ea quiser desbloque\u00e1-lo, clique e segure a barra de t\u00edtulo e solte-o dentro e fora do <a href=\"https:\/\/exceladvisor.org\/pt\/editor-visual-basico\/\">editor VB<\/a> . <\/p><div class=\"wp-block-image\"><figure class=\"aligncenter size-large is-resized\"><img loading=\"lazy\" decoding=\"async\" class=\"wp-image-51311\" src=\"https:\/\/exceladvisor.org\/wp-content\/uploads\/2023\/08\/3-cliquez-et-maintenez-la-barre-de-titre.png\" sizes=\"auto, \" srcset=\"\" alt=\"clique-segure-barra-t\u00edtulo\" width=\"845\" height=\"511\"><\/figure><\/div><h2 class=\"wp-block-heading\"> O que \u00e9 Debug.Print<\/h2><p> Debug.Print \u00e9 um comando que voc\u00ea pode usar para executar uma \u00fanica linha de c\u00f3digo e obter o resultado dessa linha na janela Imediata. Simplificando, quando voc\u00ea usa o comando debug.print no in\u00edcio da linha de c\u00f3digo e depois o executa, o VBA exibe o resultado dessa linha na janela imediata.<\/p><p> Imagine que voc\u00ea deseja saber qual cor da fonte \u00e9 aplicada ao A1. Neste caso voc\u00ea pode usar a seguinte linha de c\u00f3digo, ela come\u00e7a com Debug.Print e depois codifica para obter a cor da fonte.<\/p><pre class=\"wp-block-code\"> <code class=\"language-visual-basic\" lang=\"visual-basic\">Debug.Print Range(\"A1\").Font.Color<\/code><\/pre><p> Agora, ao executar este c\u00f3digo, voc\u00ea obter\u00e1 o resultado na janela imediata como abaixo: <\/p><div class=\"wp-block-image\"><figure class=\"aligncenter size-large is-resized\"><img loading=\"lazy\" decoding=\"async\" class=\"wp-image-51312\" src=\"https:\/\/exceladvisor.org\/wp-content\/uploads\/2023\/08\/4-impression-de-debogage.png\" sizes=\"auto, \" srcset=\"\" alt=\"impress\u00e3o de depura\u00e7\u00e3o\" width=\"735\" height=\"503\"><\/figure><\/div><h2 class=\"wp-block-heading\"> Executando uma linha de c\u00f3digo<\/h2><p> Al\u00e9m de usar debug.print, voc\u00ea pode executar diretamente uma linha de c\u00f3digo na janela imediata. Digamos que se voc\u00ea deseja inserir um valor na c\u00e9lula A1, voc\u00ea pode digitar diretamente o seguinte c\u00f3digo na janela imediata e depois pressionar ENTER. <\/p><div class=\"wp-block-image\"><figure class=\"aligncenter size-large is-resized\"><img loading=\"lazy\" decoding=\"async\" class=\"wp-image-51313\" src=\"https:\/\/exceladvisor.org\/wp-content\/uploads\/2023\/08\/5-executer-un-code-de-ligne.png\" sizes=\"auto, \" srcset=\"\" alt=\"executar um c\u00f3digo de linha\" width=\"537\" height=\"212\"><\/figure><\/div><p> A janela imediata executa uma \u00fanica linha de c\u00f3digo por vez. Ent\u00e3o, voc\u00ea deve pressionar Enter em cada linha de c\u00f3digo que deseja executar.<\/p><h2 class=\"wp-block-heading\"> <a href=\"https:\/\/exceladvisor.org\/pt\/executar-uma-macro-2\/\">Execute uma macro<\/a> diretamente da janela imediata<\/h2><p> Voc\u00ea tamb\u00e9m pode executar uma macro diretamente da janela imediata usando o nome da macro. Tudo que voc\u00ea precisa fazer \u00e9 digitar o nome da macro e pressionar Enter. <\/p><div class=\"wp-block-image\"><figure class=\"aligncenter size-large is-resized\"><img loading=\"lazy\" decoding=\"async\" class=\"wp-image-51314\" src=\"https:\/\/exceladvisor.org\/wp-content\/uploads\/2023\/08\/6-executer-une-macro-directement.png\" sizes=\"auto, \" srcset=\"\" alt=\"executar uma macro diretamente\" width=\"591\" height=\"485\"><\/figure><\/div><p> Certifique-se de definir os argumentos na janela imediata, se houver. <\/p><div class=\"wp-block-image\"><figure class=\"aligncenter size-large is-resized\"><img loading=\"lazy\" decoding=\"async\" class=\"wp-image-51315\" src=\"https:\/\/exceladvisor.org\/wp-content\/uploads\/2023\/08\/7-definir-largument-dans-la-fenetre-immediate.png\" sizes=\"auto, \" srcset=\"\" alt=\"definir argumento na janela imediata\" width=\"601\" height=\"416\"><\/figure><\/div><h2 class=\"wp-block-heading\"> Fa\u00e7a perguntas r\u00e1pidas<\/h2><p> Voc\u00ea tamb\u00e9m pode fazer perguntas diretamente na janela imediata. O que estou tentando dizer \u00e9 que voc\u00ea pode escrever diretamente uma linha de c\u00f3digo na janela imediata e usar um ponto de interroga\u00e7\u00e3o para obter o resultado.<\/p><p> Digamos que se voc\u00ea deseja saber o valor que possui na c\u00e9lula A1, neste caso voc\u00ea pode digitar a seguinte linha de c\u00f3digo na janela imediata e pressionar Enter. <\/p><pre class=\"wp-block-code\"> <code class=\"language-visual-basic\" lang=\"visual-basic\">?Range(\"A1\").Value<\/code><\/pre><div class=\"wp-block-image\"><figure class=\"aligncenter size-large is-resized\"><img loading=\"lazy\" decoding=\"async\" class=\"wp-image-51316\" src=\"https:\/\/exceladvisor.org\/wp-content\/uploads\/2023\/08\/8-lignes-de-code-dans-la-fenetre-immediate.png\" sizes=\"auto, \" srcset=\"\" alt=\"linha de c\u00f3digo na janela imediata\" width=\"508\" height=\"136\"><\/figure><\/div><div class=\"gb-container gb-container-4db6181c gb-container-mt\"> <a class=\"gb-button gb-button-c5897111 gb-button-text gb-button-mt-button\" href=\"https:\/\/exceladvisor.org\/pt\/vba\/\">O que \u00e9 VBA<\/a><h2 class=\"gb-headline gb-headline-665e5f6b gb-headline-text gb-headline-mt-heading\"> Tutoriais relacionados <\/h2><div class=\"gb-grid-wrapper gb-grid-wrapper-a20baf7c gb-grid-wrapper-mt-grid\"><div class=\"gb-grid-column gb-grid-column-65ddf67e\"><div class=\"gb-container gb-container-65ddf67e\"><ul><li> <a href=\"https:\/\/exceladvisor.org\/pt\/questoes-de-entrevista\/\">Perguntas da entrevista VBA<\/a><\/li><li> <a href=\"https:\/\/exceladvisor.org\/pt\/comente\/\">Adicione um coment\u00e1rio no c\u00f3digo VBA<\/a><\/li><li> <a href=\"https:\/\/exceladvisor.org\/pt\/quebra-de-linha\/\">Adicione uma quebra de linha no c\u00f3digo VBA<\/a><\/li><li> <a href=\"https:\/\/exceladvisor.org\/pt\/nova-linha\/\">Adicione uma nova linha (retorno de carro) em uma string no VBA<\/a><\/li><li> <a href=\"https:\/\/exceladvisor.org\/pt\/executar-uma-macro-2\/\">Execute uma macro no Excel (execute c\u00f3digo VBA)<\/a> <\/li><\/ul><\/div><\/div><div class=\"gb-grid-column gb-grid-column-50067b57\"><div class=\"gb-container gb-container-50067b57\"><\/div><\/div><\/div><\/div>","protected":false},"excerpt":{"rendered":"","protected":false},"author":1,"featured_media":0,"parent":0,"menu_order":0,"comment_status":"open","ping_status":"closed","template":"","meta":{"ub_ctt_via":"","footnotes":""},"class_list":["post-657","page","type-page","status-publish","hentry"],"featured_image_src":null,"yoast_head":"<!-- This site is optimized with the Yoast SEO plugin v25.4 - https:\/\/yoast.com\/wordpress\/plugins\/seo\/ -->\n<title>\u25b7 O que \u00e9 a janela imediata do VBA (Debug.Print)?<\/title>\n<meta name=\"description\" content=\"Este tutorial ajuda voc\u00ea a entender a janela imediata e usar o comando debug.print para obter o resultado de uma linha de c\u00f3digo.\" \/>\n<meta name=\"robots\" content=\"index, follow, max-snippet:-1, max-image-preview:large, max-video-preview:-1\" \/>\n<link rel=\"canonical\" href=\"https:\/\/exceladvisor.org\/pt\/impressao-de-depuracao-de-janela-imediata\/\" \/>\n<meta property=\"og:locale\" content=\"pt_PT\" \/>\n<meta property=\"og:type\" content=\"article\" \/>\n<meta property=\"og:title\" content=\"\u25b7 O que \u00e9 a janela imediata do VBA (Debug.Print)?\" \/>\n<meta property=\"og:description\" content=\"Este tutorial ajuda voc\u00ea a entender a janela imediata e usar o comando debug.print para obter o resultado de uma linha de c\u00f3digo.\" \/>\n<meta property=\"og:url\" content=\"https:\/\/exceladvisor.org\/pt\/impressao-de-depuracao-de-janela-imediata\/\" \/>\n<meta property=\"og:site_name\" content=\"Excel Advisor\" \/>\n<meta property=\"article:modified_time\" content=\"2023-12-06T11:51:01+00:00\" \/>\n<meta property=\"og:image\" content=\"https:\/\/exceladvisor.org\/wp-content\/uploads\/2023\/08\/1-fenetre-immediate-vba.png\" \/>\n<meta name=\"twitter:card\" content=\"summary_large_image\" \/>\n<meta name=\"twitter:label1\" content=\"Tempo estimado de leitura\" \/>\n\t<meta name=\"twitter:data1\" content=\"3 minutos\" \/>\n<script type=\"application\/ld+json\" class=\"yoast-schema-graph\">{\"@context\":\"https:\/\/schema.org\",\"@graph\":[{\"@type\":\"WebPage\",\"@id\":\"https:\/\/exceladvisor.org\/pt\/impressao-de-depuracao-de-janela-imediata\/\",\"url\":\"https:\/\/exceladvisor.org\/pt\/impressao-de-depuracao-de-janela-imediata\/\",\"name\":\"\u25b7 O que \u00e9 a janela imediata do VBA (Debug.Print)?\",\"isPartOf\":{\"@id\":\"https:\/\/exceladvisor.org\/pt\/#website\"},\"primaryImageOfPage\":{\"@id\":\"https:\/\/exceladvisor.org\/pt\/impressao-de-depuracao-de-janela-imediata\/#primaryimage\"},\"image\":{\"@id\":\"https:\/\/exceladvisor.org\/pt\/impressao-de-depuracao-de-janela-imediata\/#primaryimage\"},\"thumbnailUrl\":\"https:\/\/exceladvisor.org\/wp-content\/uploads\/2023\/08\/1-fenetre-immediate-vba.png\",\"datePublished\":\"2023-09-30T04:10:38+00:00\",\"dateModified\":\"2023-12-06T11:51:01+00:00\",\"description\":\"Este tutorial ajuda voc\u00ea a entender a janela imediata e usar o comando debug.print para obter o resultado de uma linha de c\u00f3digo.\",\"breadcrumb\":{\"@id\":\"https:\/\/exceladvisor.org\/pt\/impressao-de-depuracao-de-janela-imediata\/#breadcrumb\"},\"inLanguage\":\"pt-PT\",\"potentialAction\":[{\"@type\":\"ReadAction\",\"target\":[\"https:\/\/exceladvisor.org\/pt\/impressao-de-depuracao-de-janela-imediata\/\"]}]},{\"@type\":\"ImageObject\",\"inLanguage\":\"pt-PT\",\"@id\":\"https:\/\/exceladvisor.org\/pt\/impressao-de-depuracao-de-janela-imediata\/#primaryimage\",\"url\":\"https:\/\/exceladvisor.org\/wp-content\/uploads\/2023\/08\/1-fenetre-immediate-vba.png\",\"contentUrl\":\"https:\/\/exceladvisor.org\/wp-content\/uploads\/2023\/08\/1-fenetre-immediate-vba.png\"},{\"@type\":\"BreadcrumbList\",\"@id\":\"https:\/\/exceladvisor.org\/pt\/impressao-de-depuracao-de-janela-imediata\/#breadcrumb\",\"itemListElement\":[{\"@type\":\"ListItem\",\"position\":1,\"name\":\"Lar\",\"item\":\"https:\/\/exceladvisor.org\/pt\/\"},{\"@type\":\"ListItem\",\"position\":2,\"name\":\"Janela imediata vba: o guia ilustrado completo\"}]},{\"@type\":\"WebSite\",\"@id\":\"https:\/\/exceladvisor.org\/pt\/#website\",\"url\":\"https:\/\/exceladvisor.org\/pt\/\",\"name\":\"Excel Advisor\",\"description\":\"O seu guia definitivo para dominar os dados!\",\"publisher\":{\"@id\":\"https:\/\/exceladvisor.org\/pt\/#organization\"},\"potentialAction\":[{\"@type\":\"SearchAction\",\"target\":{\"@type\":\"EntryPoint\",\"urlTemplate\":\"https:\/\/exceladvisor.org\/pt\/?s={search_term_string}\"},\"query-input\":{\"@type\":\"PropertyValueSpecification\",\"valueRequired\":true,\"valueName\":\"search_term_string\"}}],\"inLanguage\":\"pt-PT\"},{\"@type\":\"Organization\",\"@id\":\"https:\/\/exceladvisor.org\/pt\/#organization\",\"name\":\"Excel Advisor\",\"url\":\"https:\/\/exceladvisor.org\/pt\/\",\"logo\":{\"@type\":\"ImageObject\",\"inLanguage\":\"pt-PT\",\"@id\":\"https:\/\/exceladvisor.org\/pt\/#\/schema\/logo\/image\/\",\"url\":\"https:\/\/exceladvisor.org\/pt\/wp-content\/uploads\/2023\/12\/exceladvisor.org_.png\",\"contentUrl\":\"https:\/\/exceladvisor.org\/pt\/wp-content\/uploads\/2023\/12\/exceladvisor.org_.png\",\"width\":105,\"height\":36,\"caption\":\"Excel Advisor\"},\"image\":{\"@id\":\"https:\/\/exceladvisor.org\/pt\/#\/schema\/logo\/image\/\"}}]}<\/script>\n<!-- \/ Yoast SEO plugin. -->","yoast_head_json":{"title":"\u25b7 O que \u00e9 a janela imediata do VBA (Debug.Print)?","description":"Este tutorial ajuda voc\u00ea a entender a janela imediata e usar o comando debug.print para obter o resultado de uma linha de c\u00f3digo.","robots":{"index":"index","follow":"follow","max-snippet":"max-snippet:-1","max-image-preview":"max-image-preview:large","max-video-preview":"max-video-preview:-1"},"canonical":"https:\/\/exceladvisor.org\/pt\/impressao-de-depuracao-de-janela-imediata\/","og_locale":"pt_PT","og_type":"article","og_title":"\u25b7 O que \u00e9 a janela imediata do VBA (Debug.Print)?","og_description":"Este tutorial ajuda voc\u00ea a entender a janela imediata e usar o comando debug.print para obter o resultado de uma linha de c\u00f3digo.","og_url":"https:\/\/exceladvisor.org\/pt\/impressao-de-depuracao-de-janela-imediata\/","og_site_name":"Excel Advisor","article_modified_time":"2023-12-06T11:51:01+00:00","og_image":[{"url":"https:\/\/exceladvisor.org\/wp-content\/uploads\/2023\/08\/1-fenetre-immediate-vba.png","type":"","width":"","height":""}],"twitter_card":"summary_large_image","twitter_misc":{"Tempo estimado de leitura":"3 minutos"},"schema":{"@context":"https:\/\/schema.org","@graph":[{"@type":"WebPage","@id":"https:\/\/exceladvisor.org\/pt\/impressao-de-depuracao-de-janela-imediata\/","url":"https:\/\/exceladvisor.org\/pt\/impressao-de-depuracao-de-janela-imediata\/","name":"\u25b7 O que \u00e9 a janela imediata do VBA (Debug.Print)?","isPartOf":{"@id":"https:\/\/exceladvisor.org\/pt\/#website"},"primaryImageOfPage":{"@id":"https:\/\/exceladvisor.org\/pt\/impressao-de-depuracao-de-janela-imediata\/#primaryimage"},"image":{"@id":"https:\/\/exceladvisor.org\/pt\/impressao-de-depuracao-de-janela-imediata\/#primaryimage"},"thumbnailUrl":"https:\/\/exceladvisor.org\/wp-content\/uploads\/2023\/08\/1-fenetre-immediate-vba.png","datePublished":"2023-09-30T04:10:38+00:00","dateModified":"2023-12-06T11:51:01+00:00","description":"Este tutorial ajuda voc\u00ea a entender a janela imediata e usar o comando debug.print para obter o resultado de uma linha de c\u00f3digo.","breadcrumb":{"@id":"https:\/\/exceladvisor.org\/pt\/impressao-de-depuracao-de-janela-imediata\/#breadcrumb"},"inLanguage":"pt-PT","potentialAction":[{"@type":"ReadAction","target":["https:\/\/exceladvisor.org\/pt\/impressao-de-depuracao-de-janela-imediata\/"]}]},{"@type":"ImageObject","inLanguage":"pt-PT","@id":"https:\/\/exceladvisor.org\/pt\/impressao-de-depuracao-de-janela-imediata\/#primaryimage","url":"https:\/\/exceladvisor.org\/wp-content\/uploads\/2023\/08\/1-fenetre-immediate-vba.png","contentUrl":"https:\/\/exceladvisor.org\/wp-content\/uploads\/2023\/08\/1-fenetre-immediate-vba.png"},{"@type":"BreadcrumbList","@id":"https:\/\/exceladvisor.org\/pt\/impressao-de-depuracao-de-janela-imediata\/#breadcrumb","itemListElement":[{"@type":"ListItem","position":1,"name":"Lar","item":"https:\/\/exceladvisor.org\/pt\/"},{"@type":"ListItem","position":2,"name":"Janela imediata vba: o guia ilustrado completo"}]},{"@type":"WebSite","@id":"https:\/\/exceladvisor.org\/pt\/#website","url":"https:\/\/exceladvisor.org\/pt\/","name":"Excel Advisor","description":"O seu guia definitivo para dominar os dados!","publisher":{"@id":"https:\/\/exceladvisor.org\/pt\/#organization"},"potentialAction":[{"@type":"SearchAction","target":{"@type":"EntryPoint","urlTemplate":"https:\/\/exceladvisor.org\/pt\/?s={search_term_string}"},"query-input":{"@type":"PropertyValueSpecification","valueRequired":true,"valueName":"search_term_string"}}],"inLanguage":"pt-PT"},{"@type":"Organization","@id":"https:\/\/exceladvisor.org\/pt\/#organization","name":"Excel Advisor","url":"https:\/\/exceladvisor.org\/pt\/","logo":{"@type":"ImageObject","inLanguage":"pt-PT","@id":"https:\/\/exceladvisor.org\/pt\/#\/schema\/logo\/image\/","url":"https:\/\/exceladvisor.org\/pt\/wp-content\/uploads\/2023\/12\/exceladvisor.org_.png","contentUrl":"https:\/\/exceladvisor.org\/pt\/wp-content\/uploads\/2023\/12\/exceladvisor.org_.png","width":105,"height":36,"caption":"Excel Advisor"},"image":{"@id":"https:\/\/exceladvisor.org\/pt\/#\/schema\/logo\/image\/"}}]}},"yoast_meta":{"yoast_wpseo_title":"","yoast_wpseo_metadesc":"","yoast_wpseo_canonical":""},"_links":{"self":[{"href":"https:\/\/exceladvisor.org\/pt\/wp-json\/wp\/v2\/pages\/657","targetHints":{"allow":["GET"]}}],"collection":[{"href":"https:\/\/exceladvisor.org\/pt\/wp-json\/wp\/v2\/pages"}],"about":[{"href":"https:\/\/exceladvisor.org\/pt\/wp-json\/wp\/v2\/types\/page"}],"author":[{"embeddable":true,"href":"https:\/\/exceladvisor.org\/pt\/wp-json\/wp\/v2\/users\/1"}],"replies":[{"embeddable":true,"href":"https:\/\/exceladvisor.org\/pt\/wp-json\/wp\/v2\/comments?post=657"}],"version-history":[{"count":1,"href":"https:\/\/exceladvisor.org\/pt\/wp-json\/wp\/v2\/pages\/657\/revisions"}],"predecessor-version":[{"id":1440,"href":"https:\/\/exceladvisor.org\/pt\/wp-json\/wp\/v2\/pages\/657\/revisions\/1440"}],"wp:attachment":[{"href":"https:\/\/exceladvisor.org\/pt\/wp-json\/wp\/v2\/media?parent=657"}],"curies":[{"name":"wp","href":"https:\/\/api.w.org\/{rel}","templated":true}]}}