{"id":658,"date":"2023-09-30T03:47:06","date_gmt":"2023-09-30T03:47:06","guid":{"rendered":"https:\/\/exceladvisor.org\/pt\/de-outra-forma\/"},"modified":"2023-12-06T11:44:12","modified_gmt":"2023-12-06T11:44:12","slug":"de-outra-forma","status":"publish","type":"page","link":"https:\/\/exceladvisor.org\/pt\/de-outra-forma\/","title":{"rendered":"Como usar if not no vba?"},"content":{"rendered":"<div class=\"excel-before-content-2\" id=\"excel-1609310535\"><script type=\"text\/javascript\">\r\n\tatOptions = {\r\n\t\t'key' : 'c1158f160081d6540a8409e6925dab94',\r\n\t\t'format' : 'iframe',\r\n\t\t'height' : 250,\r\n\t\t'width' : 300,\r\n\t\t'params' : {}\r\n\t};\r\n<\/script>\r\n<script type=\"text\/javascript\" src=\"\/\/www.highperformanceformat.com\/c1158f160081d6540a8409e6925dab94\/invoke.js\"><\/script><\/div><div class=\"excel-before-content\" id=\"excel-616083474\"><script type=\"text\/javascript\">\r\n\tatOptions = {\r\n\t\t'key' : 'c1158f160081d6540a8409e6925dab94',\r\n\t\t'format' : 'iframe',\r\n\t\t'height' : 250,\r\n\t\t'width' : 300,\r\n\t\t'params' : {}\r\n\t};\r\n<\/script>\r\n<script type=\"text\/javascript\" src=\"\/\/www.highperformanceformat.com\/c1158f160081d6540a8409e6925dab94\/invoke.js\"><\/script><\/div> <p>No VBA, quando voc\u00ea usa a <a href=\"https:\/\/exceladvisor.org\/pt\/se-2\/\">instru\u00e7\u00e3o IF<\/a> , ela executa uma linha de c\u00f3digo se a condi\u00e7\u00e3o que voc\u00ea especificou para testar for TRUE. Mas quando voc\u00ea usa o operador NOT com IF, ele verifica se a condi\u00e7\u00e3o especificada n\u00e3o \u00e9 VERDADEIRA e executa o c\u00f3digo com base nisso.<\/p><p> <strong>\u00c9 como fazer a instru\u00e7\u00e3o IF oposta, TRUE para FALSE e FALSE para TRUE.<\/strong><\/p><p> Digamos que voc\u00ea queira testar se A &lt; B, e se esta condi\u00e7\u00e3o for verdadeira IF retornar\u00e1 TRUE, certo? Mas quando voc\u00ea usa IF NOT A &lt;B, retornar\u00e1 FALSE.<\/p><p class=\"qt-tip\"> <strong>Nota:<\/strong> NOT \u00e9 um operador l\u00f3gico.<\/p><h2 class=\"wp-block-heading\"> <strong>Exemplos de uso de VBA SE N\u00c3O<\/strong><\/h2><p> Aqui veremos um exemplo simples para entend\u00ea-lo: <\/p><div class=\"wp-block-image\"><figure class=\"aligncenter size-large is-resized\"><img loading=\"lazy\" decoding=\"async\" class=\"wp-image-57664\" src=\"https:\/\/exceladvisor.org\/wp-content\/uploads\/2023\/08\/1-exemple-pour-utiliser-vba-sinon.png\" sizes=\"auto, \" srcset=\"\" alt=\"exemplo para usar-vba-se-n\u00e3o\" width=\"698\" height=\"493\"><\/figure><\/div><pre class=\"wp-block-code\"> <code class=\"language-visual-basic\" lang=\"visual-basic\">Sub myMacro() Dim A As Range, B As Range Set A = Range(\"A1\") Set B = Range(\"B1\") If Not A &lt; B Then MsgBox \"A is not greater than B.\" Else MsgBox \"B is not greater than A.\" End If End Sub<\/code><\/pre><p> No c\u00f3digo acima, voc\u00ea usou o operador NOT para testar se B n\u00e3o \u00e9 maior que A.<\/p><p> Se voc\u00ea observar a declara\u00e7\u00e3o de condi\u00e7\u00e3o, poder\u00e1 entender que a condi\u00e7\u00e3o real a ser testada \u00e9 se B for maior que A, mas como usamos a declara\u00e7\u00e3o NOT, ela retornar\u00e1 FALSE se a condi\u00e7\u00e3o for VERDADEIRA. <\/p><div class=\"wp-block-image\"><figure class=\"aligncenter size-large is-resized\"><img loading=\"lazy\" decoding=\"async\" class=\"wp-image-57662\" src=\"https:\/\/exceladvisor.org\/wp-content\/uploads\/2023\/08\/2-utilise-loperateur-not.png\" sizes=\"auto, \" srcset=\"\" alt=\"\" width=\"524\" height=\"285\"><\/figure><\/div><p> Aqui est\u00e1 outro exemplo que voc\u00ea pode usar para entend\u00ea-lo.<\/p><pre class=\"wp-block-code\"> <code class=\"language-visual-basic\" lang=\"visual-basic\">Sub myMacro() If Not ActiveSheet.Name = Sheets(\"Sheet1\").Name Then Sheets(\"Sheet1\").Activate End If End Sub<\/code><\/pre><p> Agora neste c\u00f3digo, voc\u00ea usou <strong>NOT com IF<\/strong> para ver se a planilha ativa \u00e9 Sheet1 ou n\u00e3o, e se n\u00e3o for, a linha de c\u00f3digo que especificamos <a href=\"https:\/\/exceladvisor.org\/pt\/ativar-planilha\/\">ir\u00e1 ativar Sheet1<\/a> .<\/p><div class=\"gb-container gb-container-4db6181c gb-container-mt\"> <a class=\"gb-button gb-button-c5897111 gb-button-text gb-button-mt-button\" href=\"https:\/\/exceladvisor.org\/pt\/vba\/\">O que \u00e9 VBA<\/a><h2 class=\"gb-headline gb-headline-665e5f6b gb-headline-text gb-headline-mt-heading\"> Tutoriais relacionados <\/h2><div class=\"gb-grid-wrapper gb-grid-wrapper-a20baf7c gb-grid-wrapper-mt-grid\"><div class=\"gb-grid-column gb-grid-column-65ddf67e\"><div class=\"gb-container gb-container-65ddf67e\"><ul><li> <a href=\"https:\/\/exceladvisor.org\/pt\/sair-se\/\">Sa\u00edda do VBA SE<\/a><\/li><li> <a href=\"https:\/\/exceladvisor.org\/pt\/se-2\/\">VBA SE (SE ent\u00e3o sen\u00e3o)<\/a><\/li><li> <a href=\"https:\/\/exceladvisor.org\/pt\/se-e\/\">VBA SE E<\/a><\/li><li> <a href=\"https:\/\/exceladvisor.org\/pt\/se-ou\/\">VBA SE OU<\/a><\/li><li> <a href=\"https:\/\/exceladvisor.org\/pt\/aninhar-se\/\">VBA aninhado SE<\/a> <\/li><\/ul><\/div><\/div><div class=\"gb-grid-column gb-grid-column-50067b57\"><div class=\"gb-container gb-container-50067b57\"><\/div><\/div><\/div><\/div>","protected":false},"excerpt":{"rendered":"","protected":false},"author":1,"featured_media":0,"parent":0,"menu_order":0,"comment_status":"open","ping_status":"closed","template":"","meta":{"ub_ctt_via":"","footnotes":""},"class_list":["post-658","page","type-page","status-publish","hentry"],"featured_image_src":null,"yoast_head":"<!-- This site is optimized with the Yoast SEO plugin v25.4 - https:\/\/yoast.com\/wordpress\/plugins\/seo\/ -->\n<title>Como usar IF NOT em VBA no Excel? (Tutorial 2023)<\/title>\n<meta name=\"description\" content=\"\u00c9 como fazer a instru\u00e7\u00e3o IF oposta, TRUE para FALSE e FALSE para TRUE. Digamos que voc\u00ea queira testar se A &lt; B, e se esta condi\u00e7\u00e3o...\" \/>\n<meta name=\"robots\" content=\"index, follow, max-snippet:-1, max-image-preview:large, max-video-preview:-1\" \/>\n<link rel=\"canonical\" href=\"https:\/\/exceladvisor.org\/pt\/de-outra-forma\/\" \/>\n<meta property=\"og:locale\" content=\"pt_PT\" \/>\n<meta property=\"og:type\" content=\"article\" \/>\n<meta property=\"og:title\" content=\"Como usar IF NOT em VBA no Excel? (Tutorial 2023)\" \/>\n<meta property=\"og:description\" content=\"\u00c9 como fazer a instru\u00e7\u00e3o IF oposta, TRUE para FALSE e FALSE para TRUE. Digamos que voc\u00ea queira testar se A &lt; B, e se esta condi\u00e7\u00e3o...\" \/>\n<meta property=\"og:url\" content=\"https:\/\/exceladvisor.org\/pt\/de-outra-forma\/\" \/>\n<meta property=\"og:site_name\" content=\"Excel Advisor\" \/>\n<meta property=\"article:modified_time\" content=\"2023-12-06T11:44:12+00:00\" \/>\n<meta property=\"og:image\" content=\"https:\/\/exceladvisor.org\/wp-content\/uploads\/2023\/08\/1-exemple-pour-utiliser-vba-sinon.png\" \/>\n<meta name=\"twitter:card\" content=\"summary_large_image\" \/>\n<meta name=\"twitter:label1\" content=\"Tempo estimado de leitura\" \/>\n\t<meta name=\"twitter:data1\" content=\"2 minutos\" \/>\n<script type=\"application\/ld+json\" class=\"yoast-schema-graph\">{\"@context\":\"https:\/\/schema.org\",\"@graph\":[{\"@type\":\"WebPage\",\"@id\":\"https:\/\/exceladvisor.org\/pt\/de-outra-forma\/\",\"url\":\"https:\/\/exceladvisor.org\/pt\/de-outra-forma\/\",\"name\":\"Como usar IF NOT em VBA no Excel? (Tutorial 2023)\",\"isPartOf\":{\"@id\":\"https:\/\/exceladvisor.org\/pt\/#website\"},\"primaryImageOfPage\":{\"@id\":\"https:\/\/exceladvisor.org\/pt\/de-outra-forma\/#primaryimage\"},\"image\":{\"@id\":\"https:\/\/exceladvisor.org\/pt\/de-outra-forma\/#primaryimage\"},\"thumbnailUrl\":\"https:\/\/exceladvisor.org\/wp-content\/uploads\/2023\/08\/1-exemple-pour-utiliser-vba-sinon.png\",\"datePublished\":\"2023-09-30T03:47:06+00:00\",\"dateModified\":\"2023-12-06T11:44:12+00:00\",\"description\":\"\u00c9 como fazer a instru\u00e7\u00e3o IF oposta, TRUE para FALSE e FALSE para TRUE. Digamos que voc\u00ea queira testar se A &lt; B, e se esta condi\u00e7\u00e3o...\",\"breadcrumb\":{\"@id\":\"https:\/\/exceladvisor.org\/pt\/de-outra-forma\/#breadcrumb\"},\"inLanguage\":\"pt-PT\",\"potentialAction\":[{\"@type\":\"ReadAction\",\"target\":[\"https:\/\/exceladvisor.org\/pt\/de-outra-forma\/\"]}]},{\"@type\":\"ImageObject\",\"inLanguage\":\"pt-PT\",\"@id\":\"https:\/\/exceladvisor.org\/pt\/de-outra-forma\/#primaryimage\",\"url\":\"https:\/\/exceladvisor.org\/wp-content\/uploads\/2023\/08\/1-exemple-pour-utiliser-vba-sinon.png\",\"contentUrl\":\"https:\/\/exceladvisor.org\/wp-content\/uploads\/2023\/08\/1-exemple-pour-utiliser-vba-sinon.png\"},{\"@type\":\"BreadcrumbList\",\"@id\":\"https:\/\/exceladvisor.org\/pt\/de-outra-forma\/#breadcrumb\",\"itemListElement\":[{\"@type\":\"ListItem\",\"position\":1,\"name\":\"Lar\",\"item\":\"https:\/\/exceladvisor.org\/pt\/\"},{\"@type\":\"ListItem\",\"position\":2,\"name\":\"Como usar if not no vba?\"}]},{\"@type\":\"WebSite\",\"@id\":\"https:\/\/exceladvisor.org\/pt\/#website\",\"url\":\"https:\/\/exceladvisor.org\/pt\/\",\"name\":\"Excel Advisor\",\"description\":\"O seu guia definitivo para dominar os dados!\",\"publisher\":{\"@id\":\"https:\/\/exceladvisor.org\/pt\/#organization\"},\"potentialAction\":[{\"@type\":\"SearchAction\",\"target\":{\"@type\":\"EntryPoint\",\"urlTemplate\":\"https:\/\/exceladvisor.org\/pt\/?s={search_term_string}\"},\"query-input\":{\"@type\":\"PropertyValueSpecification\",\"valueRequired\":true,\"valueName\":\"search_term_string\"}}],\"inLanguage\":\"pt-PT\"},{\"@type\":\"Organization\",\"@id\":\"https:\/\/exceladvisor.org\/pt\/#organization\",\"name\":\"Excel Advisor\",\"url\":\"https:\/\/exceladvisor.org\/pt\/\",\"logo\":{\"@type\":\"ImageObject\",\"inLanguage\":\"pt-PT\",\"@id\":\"https:\/\/exceladvisor.org\/pt\/#\/schema\/logo\/image\/\",\"url\":\"https:\/\/exceladvisor.org\/pt\/wp-content\/uploads\/2023\/12\/exceladvisor.org_.png\",\"contentUrl\":\"https:\/\/exceladvisor.org\/pt\/wp-content\/uploads\/2023\/12\/exceladvisor.org_.png\",\"width\":105,\"height\":36,\"caption\":\"Excel Advisor\"},\"image\":{\"@id\":\"https:\/\/exceladvisor.org\/pt\/#\/schema\/logo\/image\/\"}}]}<\/script>\n<!-- \/ Yoast SEO plugin. -->","yoast_head_json":{"title":"Como usar IF NOT em VBA no Excel? (Tutorial 2023)","description":"\u00c9 como fazer a instru\u00e7\u00e3o IF oposta, TRUE para FALSE e FALSE para TRUE. Digamos que voc\u00ea queira testar se A &lt; B, e se esta condi\u00e7\u00e3o...","robots":{"index":"index","follow":"follow","max-snippet":"max-snippet:-1","max-image-preview":"max-image-preview:large","max-video-preview":"max-video-preview:-1"},"canonical":"https:\/\/exceladvisor.org\/pt\/de-outra-forma\/","og_locale":"pt_PT","og_type":"article","og_title":"Como usar IF NOT em VBA no Excel? (Tutorial 2023)","og_description":"\u00c9 como fazer a instru\u00e7\u00e3o IF oposta, TRUE para FALSE e FALSE para TRUE. Digamos que voc\u00ea queira testar se A &lt; B, e se esta condi\u00e7\u00e3o...","og_url":"https:\/\/exceladvisor.org\/pt\/de-outra-forma\/","og_site_name":"Excel Advisor","article_modified_time":"2023-12-06T11:44:12+00:00","og_image":[{"url":"https:\/\/exceladvisor.org\/wp-content\/uploads\/2023\/08\/1-exemple-pour-utiliser-vba-sinon.png","type":"","width":"","height":""}],"twitter_card":"summary_large_image","twitter_misc":{"Tempo estimado de leitura":"2 minutos"},"schema":{"@context":"https:\/\/schema.org","@graph":[{"@type":"WebPage","@id":"https:\/\/exceladvisor.org\/pt\/de-outra-forma\/","url":"https:\/\/exceladvisor.org\/pt\/de-outra-forma\/","name":"Como usar IF NOT em VBA no Excel? (Tutorial 2023)","isPartOf":{"@id":"https:\/\/exceladvisor.org\/pt\/#website"},"primaryImageOfPage":{"@id":"https:\/\/exceladvisor.org\/pt\/de-outra-forma\/#primaryimage"},"image":{"@id":"https:\/\/exceladvisor.org\/pt\/de-outra-forma\/#primaryimage"},"thumbnailUrl":"https:\/\/exceladvisor.org\/wp-content\/uploads\/2023\/08\/1-exemple-pour-utiliser-vba-sinon.png","datePublished":"2023-09-30T03:47:06+00:00","dateModified":"2023-12-06T11:44:12+00:00","description":"\u00c9 como fazer a instru\u00e7\u00e3o IF oposta, TRUE para FALSE e FALSE para TRUE. Digamos que voc\u00ea queira testar se A &lt; B, e se esta condi\u00e7\u00e3o...","breadcrumb":{"@id":"https:\/\/exceladvisor.org\/pt\/de-outra-forma\/#breadcrumb"},"inLanguage":"pt-PT","potentialAction":[{"@type":"ReadAction","target":["https:\/\/exceladvisor.org\/pt\/de-outra-forma\/"]}]},{"@type":"ImageObject","inLanguage":"pt-PT","@id":"https:\/\/exceladvisor.org\/pt\/de-outra-forma\/#primaryimage","url":"https:\/\/exceladvisor.org\/wp-content\/uploads\/2023\/08\/1-exemple-pour-utiliser-vba-sinon.png","contentUrl":"https:\/\/exceladvisor.org\/wp-content\/uploads\/2023\/08\/1-exemple-pour-utiliser-vba-sinon.png"},{"@type":"BreadcrumbList","@id":"https:\/\/exceladvisor.org\/pt\/de-outra-forma\/#breadcrumb","itemListElement":[{"@type":"ListItem","position":1,"name":"Lar","item":"https:\/\/exceladvisor.org\/pt\/"},{"@type":"ListItem","position":2,"name":"Como usar if not no vba?"}]},{"@type":"WebSite","@id":"https:\/\/exceladvisor.org\/pt\/#website","url":"https:\/\/exceladvisor.org\/pt\/","name":"Excel Advisor","description":"O seu guia definitivo para dominar os dados!","publisher":{"@id":"https:\/\/exceladvisor.org\/pt\/#organization"},"potentialAction":[{"@type":"SearchAction","target":{"@type":"EntryPoint","urlTemplate":"https:\/\/exceladvisor.org\/pt\/?s={search_term_string}"},"query-input":{"@type":"PropertyValueSpecification","valueRequired":true,"valueName":"search_term_string"}}],"inLanguage":"pt-PT"},{"@type":"Organization","@id":"https:\/\/exceladvisor.org\/pt\/#organization","name":"Excel Advisor","url":"https:\/\/exceladvisor.org\/pt\/","logo":{"@type":"ImageObject","inLanguage":"pt-PT","@id":"https:\/\/exceladvisor.org\/pt\/#\/schema\/logo\/image\/","url":"https:\/\/exceladvisor.org\/pt\/wp-content\/uploads\/2023\/12\/exceladvisor.org_.png","contentUrl":"https:\/\/exceladvisor.org\/pt\/wp-content\/uploads\/2023\/12\/exceladvisor.org_.png","width":105,"height":36,"caption":"Excel Advisor"},"image":{"@id":"https:\/\/exceladvisor.org\/pt\/#\/schema\/logo\/image\/"}}]}},"yoast_meta":{"yoast_wpseo_title":"","yoast_wpseo_metadesc":"","yoast_wpseo_canonical":""},"_links":{"self":[{"href":"https:\/\/exceladvisor.org\/pt\/wp-json\/wp\/v2\/pages\/658","targetHints":{"allow":["GET"]}}],"collection":[{"href":"https:\/\/exceladvisor.org\/pt\/wp-json\/wp\/v2\/pages"}],"about":[{"href":"https:\/\/exceladvisor.org\/pt\/wp-json\/wp\/v2\/types\/page"}],"author":[{"embeddable":true,"href":"https:\/\/exceladvisor.org\/pt\/wp-json\/wp\/v2\/users\/1"}],"replies":[{"embeddable":true,"href":"https:\/\/exceladvisor.org\/pt\/wp-json\/wp\/v2\/comments?post=658"}],"version-history":[{"count":1,"href":"https:\/\/exceladvisor.org\/pt\/wp-json\/wp\/v2\/pages\/658\/revisions"}],"predecessor-version":[{"id":1353,"href":"https:\/\/exceladvisor.org\/pt\/wp-json\/wp\/v2\/pages\/658\/revisions\/1353"}],"wp:attachment":[{"href":"https:\/\/exceladvisor.org\/pt\/wp-json\/wp\/v2\/media?parent=658"}],"curies":[{"name":"wp","href":"https:\/\/api.w.org\/{rel}","templated":true}]}}