{"id":66,"date":"2023-11-17T12:05:06","date_gmt":"2023-11-17T12:05:06","guid":{"rendered":"https:\/\/exceladvisor.org\/pt\/criar-uma-pasta-de-trabalho\/"},"modified":"2023-12-06T11:37:02","modified_gmt":"2023-12-06T11:37:02","slug":"criar-uma-pasta-de-trabalho","status":"publish","type":"page","link":"https:\/\/exceladvisor.org\/pt\/criar-uma-pasta-de-trabalho\/","title":{"rendered":"Como criar uma nova pasta de trabalho do excel usando vba?"},"content":{"rendered":"<div class=\"excel-before-content-2\" id=\"excel-1597894175\"><script type=\"text\/javascript\">\r\n\tatOptions = {\r\n\t\t'key' : 'c1158f160081d6540a8409e6925dab94',\r\n\t\t'format' : 'iframe',\r\n\t\t'height' : 250,\r\n\t\t'width' : 300,\r\n\t\t'params' : {}\r\n\t};\r\n<\/script>\r\n<script type=\"text\/javascript\" src=\"\/\/www.highperformanceformat.com\/c1158f160081d6540a8409e6925dab94\/invoke.js\"><\/script><\/div><div class=\"excel-before-content\" id=\"excel-1847473363\"><script type=\"text\/javascript\">\r\n\tatOptions = {\r\n\t\t'key' : 'c1158f160081d6540a8409e6925dab94',\r\n\t\t'format' : 'iframe',\r\n\t\t'height' : 250,\r\n\t\t'width' : 300,\r\n\t\t'params' : {}\r\n\t};\r\n<\/script>\r\n<script type=\"text\/javascript\" src=\"\/\/www.highperformanceformat.com\/c1158f160081d6540a8409e6925dab94\/invoke.js\"><\/script><\/div> <p>Para criar uma nova pasta de trabalho usando VBA, voc\u00ea precisa usar o m\u00e9todo <strong>\u201cWorkbooks.Add\u201d<\/strong> . Ao usar esse m\u00e9todo, ele insere uma nova pasta de trabalho (sem salv\u00e1-la) e a ativa. Isso funciona como quando voc\u00ea pressiona o atalho de teclado CONTROL + N. Voc\u00ea tamb\u00e9m pode usar um modelo para inserir uma nova pasta de trabalho.<\/p><h2 class=\"wp-block-heading\"> Crie uma nova pasta de trabalho usando VBA<\/h2><p> Certifique-se de adicionar a <a href=\"https:\/\/exceladvisor.org\/pt\/adicione-uma-guia-de-desenvolvedor\/\">guia Desenvolvedor<\/a> \u00e0 faixa de op\u00e7\u00f5es para inserir esse c\u00f3digo no <a href=\"https:\/\/exceladvisor.org\/pt\/editor-visual-basico\/\">VBE<\/a> .<\/p><ol type=\"1\"><li> Digite a palavra-chave \u201cFich\u00e1rios\u201d para se referir ao objeto fich\u00e1rio.<\/li><li> Depois disso, digite um ponto final.<\/li><li> Aqui voc\u00ea ter\u00e1 uma lista de propriedades e m\u00e9todos para selecionar.<\/li><li> Selecione \u201cAdicionar\u201d nesta lista ou digite-o. <\/li><\/ol><pre class=\"wp-block-code\"> <code class=\"language-visual-basic\" lang=\"visual-basic\">Sub vba_new_workbook() Workbooks.Add End Sub<\/code><\/pre><div class=\"wp-block-image\"><figure class=\"aligncenter size-large is-resized\"><img loading=\"lazy\" decoding=\"async\" class=\"wp-image-52611\" src=\"https:\/\/exceladvisor.org\/wp-content\/uploads\/2023\/08\/1-ajouter-un-nouveau-classeur-a-laide-dun-modele.png\" sizes=\"auto, \" srcset=\"\" alt=\"adicione uma nova pasta de trabalho usando um modelo\" width=\"268\" height=\"171\"><\/figure><\/div><h2 class=\"wp-block-heading\"> Adicione uma nova pasta de trabalho usando um modelo<\/h2><p> Como eu disse, usamos o m\u00e9todo Workbooks.Add. Com este m\u00e9todo, h\u00e1 um argumento (opcional) que voc\u00ea pode usar para se referir a um arquivo como modelo.<\/p><pre class=\"wp-block-code\"> <code class=\"language-visual-basic\" lang=\"visual-basic\">Workbook.Add Template (Optional)<\/code><\/pre><p> Suponha que voc\u00ea tenha uma pasta de trabalho e queira que a nova pasta de trabalho seja exatamente igual a ela, voc\u00ea pode consult\u00e1-la como um modelo.<\/p><pre class=\"wp-block-code\"> <code class=\"language-visual-basic\" lang=\"visual-basic\">Workbooks.Add Template:=\"C:UsersDellDesktopbook1.xlsx\"<\/code><\/pre><p> Ao executar o c\u00f3digo acima, ele pega a refer\u00eancia \u201cbook1\u201d que fica salva na \u00e1rea de trabalho. A pasta de trabalho modelo cont\u00e9m 6 planilhas e a nova pasta de trabalho cont\u00e9m exatamente o mesmo n\u00famero de planilhas. <\/p><div class=\"wp-block-image\"><figure class=\"aligncenter size-large is-resized\"><img loading=\"lazy\" decoding=\"async\" class=\"wp-image-52612\" src=\"https:\/\/exceladvisor.org\/wp-content\/uploads\/2023\/08\/2-le-modele-de-classeur.png\" sizes=\"auto, \" srcset=\"\" alt=\"o modelo do fich\u00e1rio\" width=\"428\" height=\"105\"><\/figure><\/div><p> Al\u00e9m disso, voc\u00ea pode usar os argumentos padr\u00e3o para decidir que tipo de planilha deseja ter na nova pasta de trabalho.<\/p><ol type=\"1\"><li> <strong><em>xlWBATCHart<\/em><\/strong> : planilha de gr\u00e1fico<\/li><li> <strong><em>xlWBAExcel4IntlMacroSheet:<\/em><\/strong> planilha de macro vers\u00e3o 4<\/li><li> <strong><em>xlWBAExcel4MacroSheet<\/em><\/strong> : planilha de macro (internacional) vers\u00e3o 4<\/li><li> <strong><em>xlWBATPlanilha<\/em><\/strong> : planilha<\/li><\/ol><h2 class=\"wp-block-heading\"> Crie uma nova pasta de trabalho do Excel e salve-a<\/h2><p> Quando voc\u00ea cria uma nova pasta de trabalho, o Excel a abre, mas n\u00e3o a salva com o m\u00e9todo Adicionar. Ent\u00e3o, para isso voc\u00ea precisa usar o m\u00e9todo SaveAs. <\/p><div class=\"wp-block-image\"><figure class=\"aligncenter size-large is-resized\"><img loading=\"lazy\" decoding=\"async\" class=\"wp-image-52613\" src=\"https:\/\/exceladvisor.org\/wp-content\/uploads\/2023\/08\/3-creer-une-nouvelle-feuille-de-calcul-Excel.png\" sizes=\"auto, \" srcset=\"\" alt=\"criar uma nova planilha do Excel\" width=\"503\" height=\"172\"><\/figure><\/div><pre class=\"wp-block-code\"> <code class=\"language-visual-basic\" lang=\"visual-basic\">Sub vba_create_workbook() Workbooks.Add ActiveWorkbook.SaveAs \"C:usersdelldesktopmyBook.xlsx\" End Sub<\/code><\/pre><ol type=\"1\"><li> Primeiro, use workbook.add para criar uma nova pasta de trabalho.<\/li><li> Em seguida, consulte a pasta de trabalho ativa e use o m\u00e9todo SaveAs.<\/li><li> No m\u00e9todo SaveAs, use o caminho onde deseja salvar a pasta de trabalho com o nome do arquivo.<\/li><li> No final, <a href=\"https:\/\/exceladvisor.org\/pt\/executar-uma-macro-2\/\">execute o c\u00f3digo<\/a> .<\/li><\/ol><div class=\"gb-container gb-container-4db6181c gb-container-mt\"> <a class=\"gb-button gb-button-c5897111 gb-button-text gb-button-mt-button\" href=\"https:\/\/exceladvisor.org\/pt\/vba\/\">O que \u00e9 VBA<\/a><h2 class=\"gb-headline gb-headline-665e5f6b gb-headline-text gb-headline-mt-heading\"> Tutoriais relacionados <\/h2><div class=\"gb-grid-wrapper gb-grid-wrapper-a20baf7c gb-grid-wrapper-mt-grid\"><div class=\"gb-grid-column gb-grid-column-65ddf67e\"><div class=\"gb-container gb-container-65ddf67e\"><ul><li> <a href=\"https:\/\/exceladvisor.org\/pt\/copiar-arquivo-excel\/\">Copie um arquivo Excel (pasta de trabalho) usando VBA<\/a><\/li><li> <a href=\"https:\/\/exceladvisor.org\/pt\/ativar-pasta-de-trabalho\/\">Pasta de trabalho de ativa\u00e7\u00e3o do VBA (arquivo Excel)<\/a><\/li><li> <a href=\"https:\/\/exceladvisor.org\/pt\/feche-a-pasta-de-trabalho\/\">Fechar pasta de trabalho do VBA (arquivo Excel)<\/a><\/li><li> <a href=\"https:\/\/exceladvisor.org\/pt\/combinar-pastas-de-trabalho\/\">Combinar pastas de trabalho VBA (arquivos Excel)<\/a><\/li><li> <a href=\"https:\/\/exceladvisor.org\/pt\/excluir-arquivo\/\">VBA Excluir pasta de trabalho (arquivo Excel)<\/a><\/li><\/ul><\/div><\/div><\/div><\/div>","protected":false},"excerpt":{"rendered":"","protected":false},"author":1,"featured_media":0,"parent":0,"menu_order":0,"comment_status":"open","ping_status":"closed","template":"","meta":{"ub_ctt_via":"","footnotes":""},"class_list":["post-66","page","type-page","status-publish","hentry"],"featured_image_src":null,"yoast_head":"<!-- This site is optimized with the Yoast SEO plugin v25.4 - https:\/\/yoast.com\/wordpress\/plugins\/seo\/ -->\n<title>\u25b7 Como criar uma nova pasta de trabalho do Excel via VBA?<\/title>\n<meta name=\"description\" content=\"Este tutorial aborda diferentes maneiras de criar uma nova pasta de trabalho. Ao usar esse m\u00e9todo, ele insere uma nova pasta de trabalho.\" \/>\n<meta name=\"robots\" content=\"index, follow, max-snippet:-1, max-image-preview:large, max-video-preview:-1\" \/>\n<link rel=\"canonical\" href=\"https:\/\/exceladvisor.org\/pt\/criar-uma-pasta-de-trabalho\/\" \/>\n<meta property=\"og:locale\" content=\"pt_PT\" \/>\n<meta property=\"og:type\" content=\"article\" \/>\n<meta property=\"og:title\" content=\"\u25b7 Como criar uma nova pasta de trabalho do Excel via VBA?\" \/>\n<meta property=\"og:description\" content=\"Este tutorial aborda diferentes maneiras de criar uma nova pasta de trabalho. Ao usar esse m\u00e9todo, ele insere uma nova pasta de trabalho.\" \/>\n<meta property=\"og:url\" content=\"https:\/\/exceladvisor.org\/pt\/criar-uma-pasta-de-trabalho\/\" \/>\n<meta property=\"og:site_name\" content=\"Excel Advisor\" \/>\n<meta property=\"article:modified_time\" content=\"2023-12-06T11:37:02+00:00\" \/>\n<meta property=\"og:image\" content=\"https:\/\/exceladvisor.org\/wp-content\/uploads\/2023\/08\/1-ajouter-un-nouveau-classeur-a-laide-dun-modele.png\" \/>\n<meta name=\"twitter:card\" content=\"summary_large_image\" \/>\n<meta name=\"twitter:label1\" content=\"Tempo estimado de leitura\" \/>\n\t<meta name=\"twitter:data1\" content=\"2 minutos\" \/>\n<script type=\"application\/ld+json\" class=\"yoast-schema-graph\">{\"@context\":\"https:\/\/schema.org\",\"@graph\":[{\"@type\":\"WebPage\",\"@id\":\"https:\/\/exceladvisor.org\/pt\/criar-uma-pasta-de-trabalho\/\",\"url\":\"https:\/\/exceladvisor.org\/pt\/criar-uma-pasta-de-trabalho\/\",\"name\":\"\u25b7 Como criar uma nova pasta de trabalho do Excel via VBA?\",\"isPartOf\":{\"@id\":\"https:\/\/exceladvisor.org\/pt\/#website\"},\"primaryImageOfPage\":{\"@id\":\"https:\/\/exceladvisor.org\/pt\/criar-uma-pasta-de-trabalho\/#primaryimage\"},\"image\":{\"@id\":\"https:\/\/exceladvisor.org\/pt\/criar-uma-pasta-de-trabalho\/#primaryimage\"},\"thumbnailUrl\":\"https:\/\/exceladvisor.org\/wp-content\/uploads\/2023\/08\/1-ajouter-un-nouveau-classeur-a-laide-dun-modele.png\",\"datePublished\":\"2023-11-17T12:05:06+00:00\",\"dateModified\":\"2023-12-06T11:37:02+00:00\",\"description\":\"Este tutorial aborda diferentes maneiras de criar uma nova pasta de trabalho. Ao usar esse m\u00e9todo, ele insere uma nova pasta de trabalho.\",\"breadcrumb\":{\"@id\":\"https:\/\/exceladvisor.org\/pt\/criar-uma-pasta-de-trabalho\/#breadcrumb\"},\"inLanguage\":\"pt-PT\",\"potentialAction\":[{\"@type\":\"ReadAction\",\"target\":[\"https:\/\/exceladvisor.org\/pt\/criar-uma-pasta-de-trabalho\/\"]}]},{\"@type\":\"ImageObject\",\"inLanguage\":\"pt-PT\",\"@id\":\"https:\/\/exceladvisor.org\/pt\/criar-uma-pasta-de-trabalho\/#primaryimage\",\"url\":\"https:\/\/exceladvisor.org\/wp-content\/uploads\/2023\/08\/1-ajouter-un-nouveau-classeur-a-laide-dun-modele.png\",\"contentUrl\":\"https:\/\/exceladvisor.org\/wp-content\/uploads\/2023\/08\/1-ajouter-un-nouveau-classeur-a-laide-dun-modele.png\"},{\"@type\":\"BreadcrumbList\",\"@id\":\"https:\/\/exceladvisor.org\/pt\/criar-uma-pasta-de-trabalho\/#breadcrumb\",\"itemListElement\":[{\"@type\":\"ListItem\",\"position\":1,\"name\":\"Lar\",\"item\":\"https:\/\/exceladvisor.org\/pt\/\"},{\"@type\":\"ListItem\",\"position\":2,\"name\":\"Como criar uma nova pasta de trabalho do excel usando vba?\"}]},{\"@type\":\"WebSite\",\"@id\":\"https:\/\/exceladvisor.org\/pt\/#website\",\"url\":\"https:\/\/exceladvisor.org\/pt\/\",\"name\":\"Excel Advisor\",\"description\":\"O seu guia definitivo para dominar os dados!\",\"publisher\":{\"@id\":\"https:\/\/exceladvisor.org\/pt\/#organization\"},\"potentialAction\":[{\"@type\":\"SearchAction\",\"target\":{\"@type\":\"EntryPoint\",\"urlTemplate\":\"https:\/\/exceladvisor.org\/pt\/?s={search_term_string}\"},\"query-input\":{\"@type\":\"PropertyValueSpecification\",\"valueRequired\":true,\"valueName\":\"search_term_string\"}}],\"inLanguage\":\"pt-PT\"},{\"@type\":\"Organization\",\"@id\":\"https:\/\/exceladvisor.org\/pt\/#organization\",\"name\":\"Excel Advisor\",\"url\":\"https:\/\/exceladvisor.org\/pt\/\",\"logo\":{\"@type\":\"ImageObject\",\"inLanguage\":\"pt-PT\",\"@id\":\"https:\/\/exceladvisor.org\/pt\/#\/schema\/logo\/image\/\",\"url\":\"https:\/\/exceladvisor.org\/pt\/wp-content\/uploads\/2023\/12\/exceladvisor.org_.png\",\"contentUrl\":\"https:\/\/exceladvisor.org\/pt\/wp-content\/uploads\/2023\/12\/exceladvisor.org_.png\",\"width\":105,\"height\":36,\"caption\":\"Excel Advisor\"},\"image\":{\"@id\":\"https:\/\/exceladvisor.org\/pt\/#\/schema\/logo\/image\/\"}}]}<\/script>\n<!-- \/ Yoast SEO plugin. -->","yoast_head_json":{"title":"\u25b7 Como criar uma nova pasta de trabalho do Excel via VBA?","description":"Este tutorial aborda diferentes maneiras de criar uma nova pasta de trabalho. Ao usar esse m\u00e9todo, ele insere uma nova pasta de trabalho.","robots":{"index":"index","follow":"follow","max-snippet":"max-snippet:-1","max-image-preview":"max-image-preview:large","max-video-preview":"max-video-preview:-1"},"canonical":"https:\/\/exceladvisor.org\/pt\/criar-uma-pasta-de-trabalho\/","og_locale":"pt_PT","og_type":"article","og_title":"\u25b7 Como criar uma nova pasta de trabalho do Excel via VBA?","og_description":"Este tutorial aborda diferentes maneiras de criar uma nova pasta de trabalho. Ao usar esse m\u00e9todo, ele insere uma nova pasta de trabalho.","og_url":"https:\/\/exceladvisor.org\/pt\/criar-uma-pasta-de-trabalho\/","og_site_name":"Excel Advisor","article_modified_time":"2023-12-06T11:37:02+00:00","og_image":[{"url":"https:\/\/exceladvisor.org\/wp-content\/uploads\/2023\/08\/1-ajouter-un-nouveau-classeur-a-laide-dun-modele.png","type":"","width":"","height":""}],"twitter_card":"summary_large_image","twitter_misc":{"Tempo estimado de leitura":"2 minutos"},"schema":{"@context":"https:\/\/schema.org","@graph":[{"@type":"WebPage","@id":"https:\/\/exceladvisor.org\/pt\/criar-uma-pasta-de-trabalho\/","url":"https:\/\/exceladvisor.org\/pt\/criar-uma-pasta-de-trabalho\/","name":"\u25b7 Como criar uma nova pasta de trabalho do Excel via VBA?","isPartOf":{"@id":"https:\/\/exceladvisor.org\/pt\/#website"},"primaryImageOfPage":{"@id":"https:\/\/exceladvisor.org\/pt\/criar-uma-pasta-de-trabalho\/#primaryimage"},"image":{"@id":"https:\/\/exceladvisor.org\/pt\/criar-uma-pasta-de-trabalho\/#primaryimage"},"thumbnailUrl":"https:\/\/exceladvisor.org\/wp-content\/uploads\/2023\/08\/1-ajouter-un-nouveau-classeur-a-laide-dun-modele.png","datePublished":"2023-11-17T12:05:06+00:00","dateModified":"2023-12-06T11:37:02+00:00","description":"Este tutorial aborda diferentes maneiras de criar uma nova pasta de trabalho. Ao usar esse m\u00e9todo, ele insere uma nova pasta de trabalho.","breadcrumb":{"@id":"https:\/\/exceladvisor.org\/pt\/criar-uma-pasta-de-trabalho\/#breadcrumb"},"inLanguage":"pt-PT","potentialAction":[{"@type":"ReadAction","target":["https:\/\/exceladvisor.org\/pt\/criar-uma-pasta-de-trabalho\/"]}]},{"@type":"ImageObject","inLanguage":"pt-PT","@id":"https:\/\/exceladvisor.org\/pt\/criar-uma-pasta-de-trabalho\/#primaryimage","url":"https:\/\/exceladvisor.org\/wp-content\/uploads\/2023\/08\/1-ajouter-un-nouveau-classeur-a-laide-dun-modele.png","contentUrl":"https:\/\/exceladvisor.org\/wp-content\/uploads\/2023\/08\/1-ajouter-un-nouveau-classeur-a-laide-dun-modele.png"},{"@type":"BreadcrumbList","@id":"https:\/\/exceladvisor.org\/pt\/criar-uma-pasta-de-trabalho\/#breadcrumb","itemListElement":[{"@type":"ListItem","position":1,"name":"Lar","item":"https:\/\/exceladvisor.org\/pt\/"},{"@type":"ListItem","position":2,"name":"Como criar uma nova pasta de trabalho do excel usando vba?"}]},{"@type":"WebSite","@id":"https:\/\/exceladvisor.org\/pt\/#website","url":"https:\/\/exceladvisor.org\/pt\/","name":"Excel Advisor","description":"O seu guia definitivo para dominar os dados!","publisher":{"@id":"https:\/\/exceladvisor.org\/pt\/#organization"},"potentialAction":[{"@type":"SearchAction","target":{"@type":"EntryPoint","urlTemplate":"https:\/\/exceladvisor.org\/pt\/?s={search_term_string}"},"query-input":{"@type":"PropertyValueSpecification","valueRequired":true,"valueName":"search_term_string"}}],"inLanguage":"pt-PT"},{"@type":"Organization","@id":"https:\/\/exceladvisor.org\/pt\/#organization","name":"Excel Advisor","url":"https:\/\/exceladvisor.org\/pt\/","logo":{"@type":"ImageObject","inLanguage":"pt-PT","@id":"https:\/\/exceladvisor.org\/pt\/#\/schema\/logo\/image\/","url":"https:\/\/exceladvisor.org\/pt\/wp-content\/uploads\/2023\/12\/exceladvisor.org_.png","contentUrl":"https:\/\/exceladvisor.org\/pt\/wp-content\/uploads\/2023\/12\/exceladvisor.org_.png","width":105,"height":36,"caption":"Excel Advisor"},"image":{"@id":"https:\/\/exceladvisor.org\/pt\/#\/schema\/logo\/image\/"}}]}},"yoast_meta":{"yoast_wpseo_title":"","yoast_wpseo_metadesc":"","yoast_wpseo_canonical":""},"_links":{"self":[{"href":"https:\/\/exceladvisor.org\/pt\/wp-json\/wp\/v2\/pages\/66","targetHints":{"allow":["GET"]}}],"collection":[{"href":"https:\/\/exceladvisor.org\/pt\/wp-json\/wp\/v2\/pages"}],"about":[{"href":"https:\/\/exceladvisor.org\/pt\/wp-json\/wp\/v2\/types\/page"}],"author":[{"embeddable":true,"href":"https:\/\/exceladvisor.org\/pt\/wp-json\/wp\/v2\/users\/1"}],"replies":[{"embeddable":true,"href":"https:\/\/exceladvisor.org\/pt\/wp-json\/wp\/v2\/comments?post=66"}],"version-history":[{"count":1,"href":"https:\/\/exceladvisor.org\/pt\/wp-json\/wp\/v2\/pages\/66\/revisions"}],"predecessor-version":[{"id":1006,"href":"https:\/\/exceladvisor.org\/pt\/wp-json\/wp\/v2\/pages\/66\/revisions\/1006"}],"wp:attachment":[{"href":"https:\/\/exceladvisor.org\/pt\/wp-json\/wp\/v2\/media?parent=66"}],"curies":[{"name":"wp","href":"https:\/\/api.w.org\/{rel}","templated":true}]}}