{"id":660,"date":"2023-09-30T00:09:48","date_gmt":"2023-09-30T00:09:48","guid":{"rendered":"https:\/\/exceladvisor.org\/pt\/arquivos-de-texto\/"},"modified":"2023-12-06T11:36:39","modified_gmt":"2023-12-06T11:36:39","slug":"arquivos-de-texto","status":"publish","type":"page","link":"https:\/\/exceladvisor.org\/pt\/arquivos-de-texto\/","title":{"rendered":"Como criar e gravar em um arquivo de texto usando vba?"},"content":{"rendered":"<div class=\"excel-before-content-2\" id=\"excel-2492570322\"><script type=\"text\/javascript\">\r\n\tatOptions = {\r\n\t\t'key' : 'c1158f160081d6540a8409e6925dab94',\r\n\t\t'format' : 'iframe',\r\n\t\t'height' : 250,\r\n\t\t'width' : 300,\r\n\t\t'params' : {}\r\n\t};\r\n<\/script>\r\n<script type=\"text\/javascript\" src=\"\/\/www.highperformanceformat.com\/c1158f160081d6540a8409e6925dab94\/invoke.js\"><\/script><\/div><div class=\"excel-before-content\" id=\"excel-511580538\"><script type=\"text\/javascript\">\r\n\tatOptions = {\r\n\t\t'key' : 'c1158f160081d6540a8409e6925dab94',\r\n\t\t'format' : 'iframe',\r\n\t\t'height' : 250,\r\n\t\t'width' : 300,\r\n\t\t'params' : {}\r\n\t};\r\n<\/script>\r\n<script type=\"text\/javascript\" src=\"\/\/www.highperformanceformat.com\/c1158f160081d6540a8409e6925dab94\/invoke.js\"><\/script><\/div> <p>Para criar texto usando c\u00f3digo VBA, voc\u00ea deve usar o m\u00e9todo CreateTextFile. Este m\u00e9todo permite definir um local onde deseja cri\u00e1-lo. Este m\u00e9todo possui sintaxe onde voc\u00ea pode especificar se deseja sobrescrever o arquivo no local e especificar se o arquivo ser\u00e1 criado como um arquivo Unicode ou ASCII.<\/p><h2 class=\"wp-block-heading\"> Crie um arquivo de texto com VBA<\/h2><p> Use as seguintes etapas:<\/p><ol><li> Primeiro, voc\u00ea precisa usar um objeto FileSystemObject ou Folder para usar com o m\u00e9todo. <br><img loading=\"lazy\" decoding=\"async\" title=\"1-crie um arquivo de texto usando vba\" src=\"https:\/\/exceladvisor.org\/wp-content\/uploads\/2023\/08\/1-creer-un-fichier-texte-en-utilisant-vba.png\" sizes=\"auto, \" srcset=\"\" alt=\"create-a-text-fie-using-vba\" width=\"522\" height=\"305\"><\/li><li> Depois disso, voc\u00ea precisa criar outro objeto usando o m\u00e9todo CreateTextFile. <br><img loading=\"lazy\" decoding=\"async\" title=\"2 m\u00e9todos de cria\u00e7\u00e3o de arquivo de texto\" src=\"https:\/\/exceladvisor.org\/wp-content\/uploads\/2023\/08\/2-Creer-une-methode-de-fichier-texte.png\" sizes=\"auto, \" srcset=\"\" alt=\"create-text-file-method\" width=\"779\" height=\"321\"><\/li><li> Neste c\u00f3digo, usamos TRUE para substituir se j\u00e1 existir um arquivo com o mesmo nome na pasta.<\/li><li> Ao final, ao executar esta macro, crie um novo arquivo de texto na pasta da seguinte forma.<\/li><\/ol><pre class=\"wp-block-code\"> <code class=\"language-visual-basic\" lang=\"visual-basic\">Sub create_text_file() 'object to use as folder Dim fld As Object Set fld = CreateObject(\"Scripting.FileSystemObject\") 'using create text file method Dim myFile As Object Set myFile = fld.CreateTextFile(\"C:UsersDellDesktopmyFoldermyTextFile.txt\", True) End Sub<\/code><\/pre><h2 class=\"wp-block-heading\"> Sintaxe do m\u00e9todo CreateTextFile<\/h2><pre class=\"wp-block-code\"> <code class=\"language-visual-basic\" lang=\"visual-basic\">CreateTextFile (filename, [ overwrite, [ unicode ]])<\/code><\/pre><ul><li> <strong>filename:<\/strong> Caminho e nome do arquivo que voc\u00ea deseja criar.<\/li><li> <strong>overwrite:<\/strong> booleano para definir se deseja sobrescrever o arquivo (se ele j\u00e1 existir) (opcional).<\/li><li> <strong>unicode:<\/strong> booleano para definir se o arquivo ser\u00e1 criado como arquivo Unicode ou ASCII (opcional).<\/li><\/ul><h2 class=\"wp-block-heading\"> Escreva em um arquivo de texto usando VBA<\/h2><p> Voc\u00ea pode usar duas instru\u00e7\u00f5es para gravar dados em um arquivo de texto:<\/p><ol><li> <strong data-rich-text-format-boundary=\"true\">Escrever:<\/strong> Com esta instru\u00e7\u00e3o voc\u00ea pode gravar dados em um arquivo de texto onde haver\u00e1 v\u00edrgulas entre valores, aspas em torno de strings e sinais # em torno de datas. <br><img loading=\"lazy\" decoding=\"async\" title=\"Instru\u00e7\u00f5es de 3 escritas\" src=\"https:\/\/exceladvisor.org\/wp-content\/uploads\/2023\/08\/3-ecrire-une-declaration.png\" sizes=\"auto, \" srcset=\"\" alt=\"write-statement\" width=\"496\" height=\"291\"><\/li><li> <strong data-rich-text-format-boundary=\"true\">Imprimir:<\/strong> Com esta instru\u00e7\u00e3o voc\u00ea pode gravar dados em um arquivo de texto com a apar\u00eancia exata que voc\u00ea tem na planilha Excel. <br><img loading=\"lazy\" decoding=\"async\" title=\"Declara\u00e7\u00e3o em 4 caracteres\" src=\"https:\/\/exceladvisor.org\/wp-content\/uploads\/2023\/08\/4-declaration-dimpression.png\" sizes=\"auto, \" srcset=\"\" alt=\"print-statement\" width=\"650\" height=\"344\"><\/li><\/ol><p> Agora veremos exemplos de ambas as instru\u00e7\u00f5es e entenderemos como escrever c\u00f3digo completo para gravar em um arquivo de texto. Mas antes disso, voc\u00ea precisa entender <strong>algumas terminologias<\/strong> para escrever o c\u00f3digo da maneira que desejar.<\/p><ul><li> <strong>Para sa\u00edda:<\/strong> voc\u00ea pode usar este comando quando quiser gravar dados ou modificar dados em um arquivo de texto.<\/li><li> <strong>Para entrada:<\/strong> com este comando voc\u00ea pode extrair dados de um texto, mas n\u00e3o poder\u00e1 modificar e adicionar dados ao arquivo.<\/li><li> <strong>Para adicionar:<\/strong> Este comando ajuda a adicionar novos dados na parte inferior do arquivo de texto.<\/li><li> <strong>FreeFile:<\/strong> Voc\u00ea pode usar isso para definir um n\u00famero de arquivo que n\u00e3o \u00e9 usado para o arquivo de texto que voc\u00ea deseja usar, para que voc\u00ea possa consult\u00e1-lo.<\/li><\/ul><p> Agora vamos escrever um c\u00f3digo para inserir dados em um arquivo de texto.<\/p><ol><li> Primeiro, voc\u00ea precisa declarar as vari\u00e1veis a serem usadas no c\u00f3digo. <br><img loading=\"lazy\" decoding=\"async\" title=\"5 vari\u00e1veis de declara\u00e7\u00e3o\" src=\"https:\/\/exceladvisor.org\/wp-content\/uploads\/2023\/08\/5-declarer-des-variables.png\" sizes=\"auto, \" srcset=\"\" alt=\"declare-variables\" width=\"381\" height=\"337\"><\/li><li> Depois disso, voc\u00ea precisa definir o intervalo que deseja gravar no arquivo de texto. E use o n\u00famero de c\u00e9lulas no intervalo como contador para o loop, definindo-o como uma vari\u00e1vel. <br><img loading=\"lazy\" decoding=\"async\" title=\"6-definir o intervalo\" src=\"https:\/\/exceladvisor.org\/wp-content\/uploads\/2023\/08\/6-definir-la-gamme.png\" sizes=\"auto, \" srcset=\"\" alt=\"define-the-range\" width=\"416\" height=\"114\"><\/li><li> Em seguida, voc\u00ea precisa definir o endere\u00e7o do arquivo de texto onde deseja adicionar os dados. <br><img loading=\"lazy\" decoding=\"async\" title=\"7 conjuntos de endere\u00e7o de arquivo de texto\" src=\"https:\/\/exceladvisor.org\/wp-content\/uploads\/2023\/08\/7-definir-ladresse-du-fichier-texte.png\" sizes=\"auto, \" srcset=\"\" alt=\"define-the-address-of-the-text-file\" width=\"575\" height=\"99\"><\/li><li> A partir da\u00ed, voc\u00ea precisa declarar o comando \u201cFreeFile\u201d em uma vari\u00e1vel para obter o n\u00famero do arquivo. <br><img loading=\"lazy\" decoding=\"async\" title=\"8-comando freefile\" src=\"https:\/\/exceladvisor.org\/wp-content\/uploads\/2023\/08\/8-commande-de-fichier-libre.png\" sizes=\"auto, \" srcset=\"\" alt=\"freefile-command\" width=\"452\" height=\"80\"><\/li><li> Agora voc\u00ea precisa criar usando o comando \u201cSa\u00edda\u201d porque precisa adicionar dados ao arquivo. <br><img loading=\"lazy\" decoding=\"async\" title=\"9 controle de sa\u00edda\" src=\"https:\/\/exceladvisor.org\/wp-content\/uploads\/2023\/08\/9-sortie-de-commande.png\" sizes=\"auto, \" srcset=\"\" alt=\"output-command\" width=\"580\" height=\"80\"><\/li><li> Finalmente, voc\u00ea precisa usar o loop \u201cFor Next\u201d para obter os valores do intervalo um por um e adicion\u00e1-los ao arquivo. <br><img loading=\"lazy\" decoding=\"async\" title=\"10 para o pr\u00f3ximo loop para obter valores\" src=\"https:\/\/exceladvisor.org\/wp-content\/uploads\/2023\/08\/10-pour-la-prochaine-boucle-pour-obtenir-des-valeurs.png\" sizes=\"auto, \" srcset=\"\" alt=\"for-next-loop-to-get-values\" width=\"436\" height=\"201\"><\/li><li> Al\u00e9m disso, voc\u00ea precisa usar o comando close para fechar o arquivo de texto depois que os dados forem adicionados a ele. <br><img loading=\"lazy\" decoding=\"async\" title=\"11-comando de fechamento\" src=\"https:\/\/exceladvisor.org\/wp-content\/uploads\/2023\/08\/11-commande-de-fermeture.png\" sizes=\"auto, \" srcset=\"\" alt=\"close-command\" width=\"549\" height=\"86\"><\/li><li> Por fim, quando voc\u00ea executa esta macro, ela adiciona dados do intervalo A1:A13 ao arquivo de texto que voc\u00ea salvou no caminho mencionado. <br><img loading=\"lazy\" decoding=\"async\" title=\"12-executar a macro\" src=\"https:\/\/exceladvisor.org\/wp-content\/uploads\/2023\/08\/12-executer-la-macro.png\" sizes=\"auto, \" srcset=\"\" alt=\"run-the-macro\" width=\"464\" height=\"404\"><\/li><\/ol><p class=\"qt-tip\"> <strong>Nota:<\/strong> Certifique-se de alterar o caminho do arquivo de texto do c\u00f3digo de acordo com o caminho que voc\u00ea possui em seu sistema.<\/p><pre class=\"wp-block-code\"> <code class=\"language-visual-basic\" lang=\"visual-basic\">Option Explicit Sub data_to_text_file() 'variables that you need to use in the code Dim TextFile As Integer Dim iCol As Integer Dim myRange As Range Dim cVal As Range Dim i As Integer Dim myFile As String 'define the range that you want to write Set myRange = Range(\"A1:A13\") iCol = myRange.Count 'path to the text file <strong>(MAKE SURE TO CHANGE IT)<\/strong> myFile = \"C:UsersDellDesktopNewFoldertextfile.txt\" 'define FreeFile to the variable file number TextFile = FreeFile 'using append command to add text to the end of the file Open myFile For Output As TextFile 'loop to add data to the text file For i = 1 To iCol Print #TextFile, Cells(i, 1), Print #TextFile, Cells(i, 2) Next i 'close command to close the text file after adding data Close #TextFile End Sub<\/code><\/pre><div class=\"gb-container gb-container-4db6181c gb-container-mt\"> <a class=\"gb-button gb-button-c5897111 gb-button-text gb-button-mt-button\" href=\"https:\/\/exceladvisor.org\/pt\/vba\/\">O que \u00e9 VBA<\/a><h2 class=\"gb-headline gb-headline-665e5f6b gb-headline-text gb-headline-mt-heading\"> Tutoriais relacionados <\/h2><div class=\"gb-grid-wrapper gb-grid-wrapper-a20baf7c gb-grid-wrapper-mt-grid\"><div class=\"gb-grid-column gb-grid-column-65ddf67e\"><div class=\"gb-container gb-container-65ddf67e\"><ul><li> <a href=\"https:\/\/exceladvisor.org\/pt\/destacar-valores-duplicados\/\">Destaque valores duplicados usando VBA<\/a><\/li><li> <a href=\"https:\/\/exceladvisor.org\/pt\/extrair-hiperlink\/\">Extraia o endere\u00e7o do hiperlink (URL) VBA<\/a><\/li><li> <a href=\"https:\/\/exceladvisor.org\/pt\/campo-de-entrada\/\">Caixa de entrada em VBA<\/a><\/li><li> <a href=\"https:\/\/exceladvisor.org\/pt\/atualizacao-de-tela\/\">Atualiza\u00e7\u00e3o de tela VBA<\/a><\/li><li> <a href=\"https:\/\/exceladvisor.org\/pt\/barra-de-status-1\/\">Barra de status do VBA (ocultar, mostrar e progredir)<\/a> <\/li><\/ul><\/div><\/div><div class=\"gb-grid-column gb-grid-column-50067b57\"><div class=\"gb-container gb-container-50067b57\"><\/div><\/div><\/div><\/div>","protected":false},"excerpt":{"rendered":"","protected":false},"author":1,"featured_media":0,"parent":0,"menu_order":0,"comment_status":"open","ping_status":"closed","template":"","meta":{"ub_ctt_via":"","footnotes":""},"class_list":["post-660","page","type-page","status-publish","hentry"],"featured_image_src":null,"yoast_head":"<!-- This site is optimized with the Yoast SEO plugin v25.4 - https:\/\/yoast.com\/wordpress\/plugins\/seo\/ -->\n<title>\u25b7 Como criar e gravar em um arquivo de texto via VBA?<\/title>\n<meta name=\"description\" content=\"Neste tutorial voc\u00ea aprender\u00e1 como criar um arquivo de texto e depois escrever nele usando dois m\u00e9todos diferentes (imprimir e escrever\" \/>\n<meta name=\"robots\" content=\"index, follow, max-snippet:-1, max-image-preview:large, max-video-preview:-1\" \/>\n<link rel=\"canonical\" href=\"https:\/\/exceladvisor.org\/pt\/arquivos-de-texto\/\" \/>\n<meta property=\"og:locale\" content=\"pt_PT\" \/>\n<meta property=\"og:type\" content=\"article\" \/>\n<meta property=\"og:title\" content=\"\u25b7 Como criar e gravar em um arquivo de texto via VBA?\" \/>\n<meta property=\"og:description\" content=\"Neste tutorial voc\u00ea aprender\u00e1 como criar um arquivo de texto e depois escrever nele usando dois m\u00e9todos diferentes (imprimir e escrever\" \/>\n<meta property=\"og:url\" content=\"https:\/\/exceladvisor.org\/pt\/arquivos-de-texto\/\" \/>\n<meta property=\"og:site_name\" content=\"Excel Advisor\" \/>\n<meta property=\"article:modified_time\" content=\"2023-12-06T11:36:39+00:00\" \/>\n<meta property=\"og:image\" content=\"https:\/\/exceladvisor.org\/wp-content\/uploads\/2023\/08\/1-creer-un-fichier-texte-en-utilisant-vba.png\" \/>\n<meta name=\"twitter:card\" content=\"summary_large_image\" \/>\n<meta name=\"twitter:label1\" content=\"Tempo estimado de leitura\" \/>\n\t<meta name=\"twitter:data1\" content=\"4 minutos\" \/>\n<script type=\"application\/ld+json\" class=\"yoast-schema-graph\">{\"@context\":\"https:\/\/schema.org\",\"@graph\":[{\"@type\":\"WebPage\",\"@id\":\"https:\/\/exceladvisor.org\/pt\/arquivos-de-texto\/\",\"url\":\"https:\/\/exceladvisor.org\/pt\/arquivos-de-texto\/\",\"name\":\"\u25b7 Como criar e gravar em um arquivo de texto via VBA?\",\"isPartOf\":{\"@id\":\"https:\/\/exceladvisor.org\/pt\/#website\"},\"primaryImageOfPage\":{\"@id\":\"https:\/\/exceladvisor.org\/pt\/arquivos-de-texto\/#primaryimage\"},\"image\":{\"@id\":\"https:\/\/exceladvisor.org\/pt\/arquivos-de-texto\/#primaryimage\"},\"thumbnailUrl\":\"https:\/\/exceladvisor.org\/wp-content\/uploads\/2023\/08\/1-creer-un-fichier-texte-en-utilisant-vba.png\",\"datePublished\":\"2023-09-30T00:09:48+00:00\",\"dateModified\":\"2023-12-06T11:36:39+00:00\",\"description\":\"Neste tutorial voc\u00ea aprender\u00e1 como criar um arquivo de texto e depois escrever nele usando dois m\u00e9todos diferentes (imprimir e escrever\",\"breadcrumb\":{\"@id\":\"https:\/\/exceladvisor.org\/pt\/arquivos-de-texto\/#breadcrumb\"},\"inLanguage\":\"pt-PT\",\"potentialAction\":[{\"@type\":\"ReadAction\",\"target\":[\"https:\/\/exceladvisor.org\/pt\/arquivos-de-texto\/\"]}]},{\"@type\":\"ImageObject\",\"inLanguage\":\"pt-PT\",\"@id\":\"https:\/\/exceladvisor.org\/pt\/arquivos-de-texto\/#primaryimage\",\"url\":\"https:\/\/exceladvisor.org\/wp-content\/uploads\/2023\/08\/1-creer-un-fichier-texte-en-utilisant-vba.png\",\"contentUrl\":\"https:\/\/exceladvisor.org\/wp-content\/uploads\/2023\/08\/1-creer-un-fichier-texte-en-utilisant-vba.png\"},{\"@type\":\"BreadcrumbList\",\"@id\":\"https:\/\/exceladvisor.org\/pt\/arquivos-de-texto\/#breadcrumb\",\"itemListElement\":[{\"@type\":\"ListItem\",\"position\":1,\"name\":\"Lar\",\"item\":\"https:\/\/exceladvisor.org\/pt\/\"},{\"@type\":\"ListItem\",\"position\":2,\"name\":\"Como criar e gravar em um arquivo de texto usando vba?\"}]},{\"@type\":\"WebSite\",\"@id\":\"https:\/\/exceladvisor.org\/pt\/#website\",\"url\":\"https:\/\/exceladvisor.org\/pt\/\",\"name\":\"Excel Advisor\",\"description\":\"O seu guia definitivo para dominar os dados!\",\"publisher\":{\"@id\":\"https:\/\/exceladvisor.org\/pt\/#organization\"},\"potentialAction\":[{\"@type\":\"SearchAction\",\"target\":{\"@type\":\"EntryPoint\",\"urlTemplate\":\"https:\/\/exceladvisor.org\/pt\/?s={search_term_string}\"},\"query-input\":{\"@type\":\"PropertyValueSpecification\",\"valueRequired\":true,\"valueName\":\"search_term_string\"}}],\"inLanguage\":\"pt-PT\"},{\"@type\":\"Organization\",\"@id\":\"https:\/\/exceladvisor.org\/pt\/#organization\",\"name\":\"Excel Advisor\",\"url\":\"https:\/\/exceladvisor.org\/pt\/\",\"logo\":{\"@type\":\"ImageObject\",\"inLanguage\":\"pt-PT\",\"@id\":\"https:\/\/exceladvisor.org\/pt\/#\/schema\/logo\/image\/\",\"url\":\"https:\/\/exceladvisor.org\/pt\/wp-content\/uploads\/2023\/12\/exceladvisor.org_.png\",\"contentUrl\":\"https:\/\/exceladvisor.org\/pt\/wp-content\/uploads\/2023\/12\/exceladvisor.org_.png\",\"width\":105,\"height\":36,\"caption\":\"Excel Advisor\"},\"image\":{\"@id\":\"https:\/\/exceladvisor.org\/pt\/#\/schema\/logo\/image\/\"}}]}<\/script>\n<!-- \/ Yoast SEO plugin. -->","yoast_head_json":{"title":"\u25b7 Como criar e gravar em um arquivo de texto via VBA?","description":"Neste tutorial voc\u00ea aprender\u00e1 como criar um arquivo de texto e depois escrever nele usando dois m\u00e9todos diferentes (imprimir e escrever","robots":{"index":"index","follow":"follow","max-snippet":"max-snippet:-1","max-image-preview":"max-image-preview:large","max-video-preview":"max-video-preview:-1"},"canonical":"https:\/\/exceladvisor.org\/pt\/arquivos-de-texto\/","og_locale":"pt_PT","og_type":"article","og_title":"\u25b7 Como criar e gravar em um arquivo de texto via VBA?","og_description":"Neste tutorial voc\u00ea aprender\u00e1 como criar um arquivo de texto e depois escrever nele usando dois m\u00e9todos diferentes (imprimir e escrever","og_url":"https:\/\/exceladvisor.org\/pt\/arquivos-de-texto\/","og_site_name":"Excel Advisor","article_modified_time":"2023-12-06T11:36:39+00:00","og_image":[{"url":"https:\/\/exceladvisor.org\/wp-content\/uploads\/2023\/08\/1-creer-un-fichier-texte-en-utilisant-vba.png","type":"","width":"","height":""}],"twitter_card":"summary_large_image","twitter_misc":{"Tempo estimado de leitura":"4 minutos"},"schema":{"@context":"https:\/\/schema.org","@graph":[{"@type":"WebPage","@id":"https:\/\/exceladvisor.org\/pt\/arquivos-de-texto\/","url":"https:\/\/exceladvisor.org\/pt\/arquivos-de-texto\/","name":"\u25b7 Como criar e gravar em um arquivo de texto via VBA?","isPartOf":{"@id":"https:\/\/exceladvisor.org\/pt\/#website"},"primaryImageOfPage":{"@id":"https:\/\/exceladvisor.org\/pt\/arquivos-de-texto\/#primaryimage"},"image":{"@id":"https:\/\/exceladvisor.org\/pt\/arquivos-de-texto\/#primaryimage"},"thumbnailUrl":"https:\/\/exceladvisor.org\/wp-content\/uploads\/2023\/08\/1-creer-un-fichier-texte-en-utilisant-vba.png","datePublished":"2023-09-30T00:09:48+00:00","dateModified":"2023-12-06T11:36:39+00:00","description":"Neste tutorial voc\u00ea aprender\u00e1 como criar um arquivo de texto e depois escrever nele usando dois m\u00e9todos diferentes (imprimir e escrever","breadcrumb":{"@id":"https:\/\/exceladvisor.org\/pt\/arquivos-de-texto\/#breadcrumb"},"inLanguage":"pt-PT","potentialAction":[{"@type":"ReadAction","target":["https:\/\/exceladvisor.org\/pt\/arquivos-de-texto\/"]}]},{"@type":"ImageObject","inLanguage":"pt-PT","@id":"https:\/\/exceladvisor.org\/pt\/arquivos-de-texto\/#primaryimage","url":"https:\/\/exceladvisor.org\/wp-content\/uploads\/2023\/08\/1-creer-un-fichier-texte-en-utilisant-vba.png","contentUrl":"https:\/\/exceladvisor.org\/wp-content\/uploads\/2023\/08\/1-creer-un-fichier-texte-en-utilisant-vba.png"},{"@type":"BreadcrumbList","@id":"https:\/\/exceladvisor.org\/pt\/arquivos-de-texto\/#breadcrumb","itemListElement":[{"@type":"ListItem","position":1,"name":"Lar","item":"https:\/\/exceladvisor.org\/pt\/"},{"@type":"ListItem","position":2,"name":"Como criar e gravar em um arquivo de texto usando vba?"}]},{"@type":"WebSite","@id":"https:\/\/exceladvisor.org\/pt\/#website","url":"https:\/\/exceladvisor.org\/pt\/","name":"Excel Advisor","description":"O seu guia definitivo para dominar os dados!","publisher":{"@id":"https:\/\/exceladvisor.org\/pt\/#organization"},"potentialAction":[{"@type":"SearchAction","target":{"@type":"EntryPoint","urlTemplate":"https:\/\/exceladvisor.org\/pt\/?s={search_term_string}"},"query-input":{"@type":"PropertyValueSpecification","valueRequired":true,"valueName":"search_term_string"}}],"inLanguage":"pt-PT"},{"@type":"Organization","@id":"https:\/\/exceladvisor.org\/pt\/#organization","name":"Excel Advisor","url":"https:\/\/exceladvisor.org\/pt\/","logo":{"@type":"ImageObject","inLanguage":"pt-PT","@id":"https:\/\/exceladvisor.org\/pt\/#\/schema\/logo\/image\/","url":"https:\/\/exceladvisor.org\/pt\/wp-content\/uploads\/2023\/12\/exceladvisor.org_.png","contentUrl":"https:\/\/exceladvisor.org\/pt\/wp-content\/uploads\/2023\/12\/exceladvisor.org_.png","width":105,"height":36,"caption":"Excel Advisor"},"image":{"@id":"https:\/\/exceladvisor.org\/pt\/#\/schema\/logo\/image\/"}}]}},"yoast_meta":{"yoast_wpseo_title":"","yoast_wpseo_metadesc":"","yoast_wpseo_canonical":""},"_links":{"self":[{"href":"https:\/\/exceladvisor.org\/pt\/wp-json\/wp\/v2\/pages\/660","targetHints":{"allow":["GET"]}}],"collection":[{"href":"https:\/\/exceladvisor.org\/pt\/wp-json\/wp\/v2\/pages"}],"about":[{"href":"https:\/\/exceladvisor.org\/pt\/wp-json\/wp\/v2\/types\/page"}],"author":[{"embeddable":true,"href":"https:\/\/exceladvisor.org\/pt\/wp-json\/wp\/v2\/users\/1"}],"replies":[{"embeddable":true,"href":"https:\/\/exceladvisor.org\/pt\/wp-json\/wp\/v2\/comments?post=660"}],"version-history":[{"count":1,"href":"https:\/\/exceladvisor.org\/pt\/wp-json\/wp\/v2\/pages\/660\/revisions"}],"predecessor-version":[{"id":974,"href":"https:\/\/exceladvisor.org\/pt\/wp-json\/wp\/v2\/pages\/660\/revisions\/974"}],"wp:attachment":[{"href":"https:\/\/exceladvisor.org\/pt\/wp-json\/wp\/v2\/media?parent=660"}],"curies":[{"name":"wp","href":"https:\/\/api.w.org\/{rel}","templated":true}]}}