{"id":661,"date":"2023-09-29T03:25:56","date_gmt":"2023-09-29T03:25:56","guid":{"rendered":"https:\/\/exceladvisor.org\/pt\/objetos\/"},"modified":"2023-12-06T11:51:20","modified_gmt":"2023-12-06T11:51:20","slug":"objetos","status":"publish","type":"page","link":"https:\/\/exceladvisor.org\/pt\/objetos\/","title":{"rendered":"Objetos vba: explica\u00e7\u00e3o f\u00e1cil e ilustrada"},"content":{"rendered":"<div class=\"excel-before-content-2\" id=\"excel-2257564170\"><script type=\"text\/javascript\">\r\n\tatOptions = {\r\n\t\t'key' : 'c1158f160081d6540a8409e6925dab94',\r\n\t\t'format' : 'iframe',\r\n\t\t'height' : 250,\r\n\t\t'width' : 300,\r\n\t\t'params' : {}\r\n\t};\r\n<\/script>\r\n<script type=\"text\/javascript\" src=\"\/\/www.highperformanceformat.com\/c1158f160081d6540a8409e6925dab94\/invoke.js\"><\/script><\/div><div class=\"excel-before-content\" id=\"excel-283095556\"><script type=\"text\/javascript\">\r\n\tatOptions = {\r\n\t\t'key' : 'c1158f160081d6540a8409e6925dab94',\r\n\t\t'format' : 'iframe',\r\n\t\t'height' : 250,\r\n\t\t'width' : 300,\r\n\t\t'params' : {}\r\n\t};\r\n<\/script>\r\n<script type=\"text\/javascript\" src=\"\/\/www.highperformanceformat.com\/c1158f160081d6540a8409e6925dab94\/invoke.js\"><\/script><\/div> <p>Visual Basic for Applications \u00e9 uma linguagem orientada a objetos e para aproveit\u00e1-la ao m\u00e1ximo, voc\u00ea precisa entender os objetos do Excel. A pasta de trabalho que voc\u00ea usa no Excel \u00e9 composta de diferentes objetos.<\/p><p> E h\u00e1 v\u00e1rias propriedades anexadas a um objeto que voc\u00ea pode acessar e v\u00e1rios m\u00e9todos que voc\u00ea pode usar em\/com um objeto. Vamos entender isso com um exemplo.<\/p><p> Pense em um grande supermercado, que possui diferentes se\u00e7\u00f5es para produtos, e essas se\u00e7\u00f5es tamb\u00e9m possuem prateleiras e, dentro dessas prateleiras, produtos. <\/p><div class=\"wp-block-image\"><figure class=\"aligncenter size-large is-resized\"><img loading=\"lazy\" decoding=\"async\" class=\"wp-image-57765\" src=\"https:\/\/exceladvisor.org\/wp-content\/uploads\/2023\/08\/1-comprendre-les-objets-Excel.jpg\" sizes=\"auto, \" srcset=\"\" alt=\"entender objetos do Excel\" width=\"458\" height=\"305\"><\/figure><\/div><p> Ent\u00e3o se voc\u00ea quiser comprar roupas voc\u00ea tem que ir at\u00e9 a se\u00e7\u00e3o de roupas e na se\u00e7\u00e3o de roupas voc\u00ea pode ter subse\u00e7\u00f5es para homens e mulheres.<\/p><p> E quando voc\u00ea escolhe um tecido, esse tecido teria uma cor, tamanho e tecido espec\u00edficos (que s\u00e3o as propriedades desse tecido).<\/p><p> Da mesma forma, no VBA, existem objetos estruturados em uma hierarquia.<\/p><h2 class=\"wp-block-heading\"> Modelo de objeto VBA (hierarquia)<\/h2><p> No aplicativo Excel, quando voc\u00ea abre uma pasta de trabalho, nessa pasta voc\u00ea tem uma planilha (ou v\u00e1rias planilhas) e nessa planilha voc\u00ea tem c\u00e9lulas e um intervalo de c\u00e9lulas.<\/p><p> A hierarquia do Excel come\u00e7a com o pr\u00f3prio Aplicativo Excel e abaixo est\u00e1 a estrutura que define esta hierarquia: <\/p><div class=\"wp-block-image\"><figure class=\"aligncenter size-large is-resized\"><img loading=\"lazy\" decoding=\"async\" class=\"wp-image-57766\" src=\"https:\/\/exceladvisor.org\/wp-content\/uploads\/2023\/08\/2-modele-dobjet-vba.png\" sizes=\"auto, \" srcset=\"\" alt=\"\" width=\"534\" height=\"545\"><\/figure><\/div><p> Digamos que se voc\u00ea quiser fazer refer\u00eancia a uma pasta de trabalho, o c\u00f3digo que voc\u00ea escreveu deve ficar assim: <\/p><div class=\"wp-block-image\"><figure class=\"aligncenter size-large is-resized\"><img loading=\"lazy\" decoding=\"async\" class=\"wp-image-57767\" src=\"https:\/\/exceladvisor.org\/wp-content\/uploads\/2023\/08\/3-code-faisant-reference-au-classeur.png\" sizes=\"auto, \" srcset=\"\" alt=\"\" width=\"508\" height=\"255\"><\/figure><\/div><p> No c\u00f3digo acima, voc\u00ea est\u00e1 se referindo \u00e0 pasta de trabalho &#8220;Livro1&#8221;.<\/p><p> O que voc\u00ea escreveu \u00e9 que est\u00e1 se referindo primeiro ao aplicativo Excel e usou &#8220;Pastas de trabalho&#8221;, que faz parte do objeto Aplicativo.<\/p><p> Agora digamos que voc\u00ea queira ir mais longe e queira fazer refer\u00eancia a uma planilha na pasta de trabalho \u201cLivro1\u201d e o c\u00f3digo correspondente seria: <\/p><div class=\"wp-block-image\"><figure class=\"aligncenter size-large is-resized\"><img loading=\"lazy\" decoding=\"async\" class=\"wp-image-57768\" src=\"https:\/\/exceladvisor.org\/wp-content\/uploads\/2023\/08\/4-code-faisant-reference-a-la-feuille-de-travail.png\" sizes=\"auto, \" srcset=\"\" alt=\"\" width=\"674\" height=\"234\"><\/figure><\/div><p> Voc\u00ea sabe o que isso significa, n\u00e3o \u00e9? Mas deixe-me dizer a voc\u00ea. No c\u00f3digo acima, ap\u00f3s consultar a pasta de trabalho &#8220;Livro1&#8221;, voc\u00ea se referiu \u00e0 planilha &#8220;Planilha1&#8221;, que \u00e9 outra parte da pasta de trabalho.<\/p><p> Vamos um pouco mais longe. Vamos nos referir a uma c\u00e9lula espec\u00edfica da planilha \u201cPlanilha1\u201d e o c\u00f3digo correspondente seria: <\/p><div class=\"wp-block-image\"><figure class=\"aligncenter size-large is-resized\"><img loading=\"lazy\" decoding=\"async\" class=\"wp-image-57769\" src=\"https:\/\/exceladvisor.org\/wp-content\/uploads\/2023\/08\/5-code-fait-reference-a-une-cellule-specifique.png\" sizes=\"auto, \" srcset=\"\" alt=\"\" width=\"792\" height=\"230\"><\/figure><\/div><p> Antes que voc\u00ea pergunte, deixe-me dizer uma coisa. No c\u00f3digo acima, voc\u00ea se referiu \u00e0 c\u00e9lula A1 que est\u00e1 localizada na planilha \u201cPlanilha1\u201d da pasta de trabalho \u201cLivro1\u201d.<\/p><p> Quando voc\u00ea se refere a um objeto Range dessa forma, ele \u00e9 chamado de refer\u00eancia totalmente qualificada.<\/p><p class=\"qt-tip\"> <strong>Nota:<\/strong> O uso do objeto Aplicativo \u00e9 opcional. Raz\u00e3o? Quando voc\u00ea faz algo em VBA, voc\u00ea j\u00e1 est\u00e1 no aplicativo Excel.<\/p><h2 class=\"wp-block-heading\"> Simplifique a refer\u00eancia a um objeto<\/h2><p> No c\u00f3digo acima voc\u00ea usou uma refer\u00eancia totalmente qualificada. Isso significa que voc\u00ea informa ao VBA a qual pasta de trabalho, planilha e c\u00e9lula se referir. Mas e se voc\u00ea j\u00e1 estiver na apostila do Livro 1?<\/p><p> Nesse caso, voc\u00ea pode simplesmente consultar a planilha na qual deseja referenciar uma c\u00e9lula, assim como o c\u00f3digo abaixo: <\/p><div class=\"wp-block-image\"><figure class=\"aligncenter size-large is-resized\"><img loading=\"lazy\" decoding=\"async\" class=\"wp-image-57770\" src=\"https:\/\/exceladvisor.org\/wp-content\/uploads\/2023\/08\/6-simplifier-la-reference-a-un-objet.png\" sizes=\"auto, \" srcset=\"\" alt=\"\" width=\"463\" height=\"259\"><\/figure><\/div><p> Al\u00e9m disso, se a planilha &#8220;Planilha1&#8221; estiver habilitada, voc\u00ea pode simplesmente consultar a c\u00e9lula ou intervalo de c\u00e9lulas, assim como o c\u00f3digo abaixo: <\/p><div class=\"wp-block-image\"><figure class=\"aligncenter size-large is-resized\"><img loading=\"lazy\" decoding=\"async\" class=\"wp-image-57771\" src=\"https:\/\/exceladvisor.org\/wp-content\/uploads\/2023\/08\/7-font-reference-a-la-cellule-ou-a-la-plage.png\" sizes=\"auto, \" srcset=\"\" alt=\"\" width=\"316\" height=\"260\"><\/figure><\/div><p> <strong>Saiba mais sobre objetos VBA:<\/strong> <a href=\"https:\/\/exceladvisor.org\/pt\/encadernador\/\">Objeto de pasta de trabalho VBA<\/a> | <a href=\"https:\/\/exceladvisor.org\/pt\/planilha-1\/\">Objeto de planilha VBA<\/a> | <a href=\"https:\/\/exceladvisor.org\/pt\/intervalo-1\/\">Objeto de intervalo VBA<\/a><\/p><div class=\"gb-container gb-container-4db6181c gb-container-mt\"> <a class=\"gb-button gb-button-c5897111 gb-button-text gb-button-mt-button\" href=\"https:\/\/exceladvisor.org\/pt\/vba\/\">O que \u00e9 VBA<\/a><h2 class=\"gb-headline gb-headline-665e5f6b gb-headline-text gb-headline-mt-heading\"> Tutoriais relacionados <\/h2><div class=\"gb-grid-wrapper gb-grid-wrapper-a20baf7c gb-grid-wrapper-mt-grid\"><div class=\"gb-grid-column gb-grid-column-65ddf67e\"><div class=\"gb-container gb-container-65ddf67e\"><ul><li> <a href=\"https:\/\/exceladvisor.org\/pt\/questoes-de-entrevista\/\">Perguntas da entrevista VBA<\/a><\/li><li> <a href=\"https:\/\/exceladvisor.org\/pt\/comente\/\">Adicione um coment\u00e1rio no c\u00f3digo VBA<\/a><\/li><li> <a href=\"https:\/\/exceladvisor.org\/pt\/quebra-de-linha\/\">Adicione uma quebra de linha no c\u00f3digo VBA<\/a><\/li><li> <a href=\"https:\/\/exceladvisor.org\/pt\/nova-linha\/\">Adicione uma nova linha (retorno de carro) em uma string no VBA<\/a><\/li><li> <a href=\"https:\/\/exceladvisor.org\/pt\/executar-uma-macro-2\/\">Execute uma macro no Excel (execute c\u00f3digo VBA)<\/a><\/li><\/ul><\/div><\/div><\/div><\/div>","protected":false},"excerpt":{"rendered":"","protected":false},"author":1,"featured_media":0,"parent":0,"menu_order":0,"comment_status":"open","ping_status":"closed","template":"","meta":{"ub_ctt_via":"","footnotes":""},"class_list":["post-661","page","type-page","status-publish","hentry"],"featured_image_src":null,"yoast_head":"<!-- This site is optimized with the Yoast SEO plugin v25.4 - https:\/\/yoast.com\/wordpress\/plugins\/seo\/ -->\n<title>\u25b7 Objetos VBA: O guia ilustrado 2023 - Excel Advisor<\/title>\n<meta name=\"description\" content=\"Visual Basic for Applications \u00e9 uma linguagem orientada a objetos e para aproveit\u00e1-la ao m\u00e1ximo, voc\u00ea precisa entender os objetos do Excel.\" \/>\n<meta name=\"robots\" content=\"index, follow, max-snippet:-1, max-image-preview:large, max-video-preview:-1\" \/>\n<link rel=\"canonical\" href=\"https:\/\/exceladvisor.org\/pt\/objetos\/\" \/>\n<meta property=\"og:locale\" content=\"pt_PT\" \/>\n<meta property=\"og:type\" content=\"article\" \/>\n<meta property=\"og:title\" content=\"\u25b7 Objetos VBA: O guia ilustrado 2023 - Excel Advisor\" \/>\n<meta property=\"og:description\" content=\"Visual Basic for Applications \u00e9 uma linguagem orientada a objetos e para aproveit\u00e1-la ao m\u00e1ximo, voc\u00ea precisa entender os objetos do Excel.\" \/>\n<meta property=\"og:url\" content=\"https:\/\/exceladvisor.org\/pt\/objetos\/\" \/>\n<meta property=\"og:site_name\" content=\"Excel Advisor\" \/>\n<meta property=\"article:modified_time\" content=\"2023-12-06T11:51:20+00:00\" \/>\n<meta property=\"og:image\" content=\"https:\/\/exceladvisor.org\/wp-content\/uploads\/2023\/08\/1-comprendre-les-objets-Excel.jpg\" \/>\n<meta name=\"twitter:card\" content=\"summary_large_image\" \/>\n<meta name=\"twitter:label1\" content=\"Tempo estimado de leitura\" \/>\n\t<meta name=\"twitter:data1\" content=\"3 minutos\" \/>\n<script type=\"application\/ld+json\" class=\"yoast-schema-graph\">{\"@context\":\"https:\/\/schema.org\",\"@graph\":[{\"@type\":\"WebPage\",\"@id\":\"https:\/\/exceladvisor.org\/pt\/objetos\/\",\"url\":\"https:\/\/exceladvisor.org\/pt\/objetos\/\",\"name\":\"\u25b7 Objetos VBA: O guia ilustrado 2023 - Excel Advisor\",\"isPartOf\":{\"@id\":\"https:\/\/exceladvisor.org\/pt\/#website\"},\"primaryImageOfPage\":{\"@id\":\"https:\/\/exceladvisor.org\/pt\/objetos\/#primaryimage\"},\"image\":{\"@id\":\"https:\/\/exceladvisor.org\/pt\/objetos\/#primaryimage\"},\"thumbnailUrl\":\"https:\/\/exceladvisor.org\/wp-content\/uploads\/2023\/08\/1-comprendre-les-objets-Excel.jpg\",\"datePublished\":\"2023-09-29T03:25:56+00:00\",\"dateModified\":\"2023-12-06T11:51:20+00:00\",\"description\":\"Visual Basic for Applications \u00e9 uma linguagem orientada a objetos e para aproveit\u00e1-la ao m\u00e1ximo, voc\u00ea precisa entender os objetos do Excel.\",\"breadcrumb\":{\"@id\":\"https:\/\/exceladvisor.org\/pt\/objetos\/#breadcrumb\"},\"inLanguage\":\"pt-PT\",\"potentialAction\":[{\"@type\":\"ReadAction\",\"target\":[\"https:\/\/exceladvisor.org\/pt\/objetos\/\"]}]},{\"@type\":\"ImageObject\",\"inLanguage\":\"pt-PT\",\"@id\":\"https:\/\/exceladvisor.org\/pt\/objetos\/#primaryimage\",\"url\":\"https:\/\/exceladvisor.org\/wp-content\/uploads\/2023\/08\/1-comprendre-les-objets-Excel.jpg\",\"contentUrl\":\"https:\/\/exceladvisor.org\/wp-content\/uploads\/2023\/08\/1-comprendre-les-objets-Excel.jpg\"},{\"@type\":\"BreadcrumbList\",\"@id\":\"https:\/\/exceladvisor.org\/pt\/objetos\/#breadcrumb\",\"itemListElement\":[{\"@type\":\"ListItem\",\"position\":1,\"name\":\"Lar\",\"item\":\"https:\/\/exceladvisor.org\/pt\/\"},{\"@type\":\"ListItem\",\"position\":2,\"name\":\"Objetos vba: explica\u00e7\u00e3o f\u00e1cil e ilustrada\"}]},{\"@type\":\"WebSite\",\"@id\":\"https:\/\/exceladvisor.org\/pt\/#website\",\"url\":\"https:\/\/exceladvisor.org\/pt\/\",\"name\":\"Excel Advisor\",\"description\":\"O seu guia definitivo para dominar os dados!\",\"publisher\":{\"@id\":\"https:\/\/exceladvisor.org\/pt\/#organization\"},\"potentialAction\":[{\"@type\":\"SearchAction\",\"target\":{\"@type\":\"EntryPoint\",\"urlTemplate\":\"https:\/\/exceladvisor.org\/pt\/?s={search_term_string}\"},\"query-input\":{\"@type\":\"PropertyValueSpecification\",\"valueRequired\":true,\"valueName\":\"search_term_string\"}}],\"inLanguage\":\"pt-PT\"},{\"@type\":\"Organization\",\"@id\":\"https:\/\/exceladvisor.org\/pt\/#organization\",\"name\":\"Excel Advisor\",\"url\":\"https:\/\/exceladvisor.org\/pt\/\",\"logo\":{\"@type\":\"ImageObject\",\"inLanguage\":\"pt-PT\",\"@id\":\"https:\/\/exceladvisor.org\/pt\/#\/schema\/logo\/image\/\",\"url\":\"https:\/\/exceladvisor.org\/pt\/wp-content\/uploads\/2023\/12\/exceladvisor.org_.png\",\"contentUrl\":\"https:\/\/exceladvisor.org\/pt\/wp-content\/uploads\/2023\/12\/exceladvisor.org_.png\",\"width\":105,\"height\":36,\"caption\":\"Excel Advisor\"},\"image\":{\"@id\":\"https:\/\/exceladvisor.org\/pt\/#\/schema\/logo\/image\/\"}}]}<\/script>\n<!-- \/ Yoast SEO plugin. -->","yoast_head_json":{"title":"\u25b7 Objetos VBA: O guia ilustrado 2023 - Excel Advisor","description":"Visual Basic for Applications \u00e9 uma linguagem orientada a objetos e para aproveit\u00e1-la ao m\u00e1ximo, voc\u00ea precisa entender os objetos do Excel.","robots":{"index":"index","follow":"follow","max-snippet":"max-snippet:-1","max-image-preview":"max-image-preview:large","max-video-preview":"max-video-preview:-1"},"canonical":"https:\/\/exceladvisor.org\/pt\/objetos\/","og_locale":"pt_PT","og_type":"article","og_title":"\u25b7 Objetos VBA: O guia ilustrado 2023 - Excel Advisor","og_description":"Visual Basic for Applications \u00e9 uma linguagem orientada a objetos e para aproveit\u00e1-la ao m\u00e1ximo, voc\u00ea precisa entender os objetos do Excel.","og_url":"https:\/\/exceladvisor.org\/pt\/objetos\/","og_site_name":"Excel Advisor","article_modified_time":"2023-12-06T11:51:20+00:00","og_image":[{"url":"https:\/\/exceladvisor.org\/wp-content\/uploads\/2023\/08\/1-comprendre-les-objets-Excel.jpg","type":"","width":"","height":""}],"twitter_card":"summary_large_image","twitter_misc":{"Tempo estimado de leitura":"3 minutos"},"schema":{"@context":"https:\/\/schema.org","@graph":[{"@type":"WebPage","@id":"https:\/\/exceladvisor.org\/pt\/objetos\/","url":"https:\/\/exceladvisor.org\/pt\/objetos\/","name":"\u25b7 Objetos VBA: O guia ilustrado 2023 - Excel Advisor","isPartOf":{"@id":"https:\/\/exceladvisor.org\/pt\/#website"},"primaryImageOfPage":{"@id":"https:\/\/exceladvisor.org\/pt\/objetos\/#primaryimage"},"image":{"@id":"https:\/\/exceladvisor.org\/pt\/objetos\/#primaryimage"},"thumbnailUrl":"https:\/\/exceladvisor.org\/wp-content\/uploads\/2023\/08\/1-comprendre-les-objets-Excel.jpg","datePublished":"2023-09-29T03:25:56+00:00","dateModified":"2023-12-06T11:51:20+00:00","description":"Visual Basic for Applications \u00e9 uma linguagem orientada a objetos e para aproveit\u00e1-la ao m\u00e1ximo, voc\u00ea precisa entender os objetos do Excel.","breadcrumb":{"@id":"https:\/\/exceladvisor.org\/pt\/objetos\/#breadcrumb"},"inLanguage":"pt-PT","potentialAction":[{"@type":"ReadAction","target":["https:\/\/exceladvisor.org\/pt\/objetos\/"]}]},{"@type":"ImageObject","inLanguage":"pt-PT","@id":"https:\/\/exceladvisor.org\/pt\/objetos\/#primaryimage","url":"https:\/\/exceladvisor.org\/wp-content\/uploads\/2023\/08\/1-comprendre-les-objets-Excel.jpg","contentUrl":"https:\/\/exceladvisor.org\/wp-content\/uploads\/2023\/08\/1-comprendre-les-objets-Excel.jpg"},{"@type":"BreadcrumbList","@id":"https:\/\/exceladvisor.org\/pt\/objetos\/#breadcrumb","itemListElement":[{"@type":"ListItem","position":1,"name":"Lar","item":"https:\/\/exceladvisor.org\/pt\/"},{"@type":"ListItem","position":2,"name":"Objetos vba: explica\u00e7\u00e3o f\u00e1cil e ilustrada"}]},{"@type":"WebSite","@id":"https:\/\/exceladvisor.org\/pt\/#website","url":"https:\/\/exceladvisor.org\/pt\/","name":"Excel Advisor","description":"O seu guia definitivo para dominar os dados!","publisher":{"@id":"https:\/\/exceladvisor.org\/pt\/#organization"},"potentialAction":[{"@type":"SearchAction","target":{"@type":"EntryPoint","urlTemplate":"https:\/\/exceladvisor.org\/pt\/?s={search_term_string}"},"query-input":{"@type":"PropertyValueSpecification","valueRequired":true,"valueName":"search_term_string"}}],"inLanguage":"pt-PT"},{"@type":"Organization","@id":"https:\/\/exceladvisor.org\/pt\/#organization","name":"Excel Advisor","url":"https:\/\/exceladvisor.org\/pt\/","logo":{"@type":"ImageObject","inLanguage":"pt-PT","@id":"https:\/\/exceladvisor.org\/pt\/#\/schema\/logo\/image\/","url":"https:\/\/exceladvisor.org\/pt\/wp-content\/uploads\/2023\/12\/exceladvisor.org_.png","contentUrl":"https:\/\/exceladvisor.org\/pt\/wp-content\/uploads\/2023\/12\/exceladvisor.org_.png","width":105,"height":36,"caption":"Excel Advisor"},"image":{"@id":"https:\/\/exceladvisor.org\/pt\/#\/schema\/logo\/image\/"}}]}},"yoast_meta":{"yoast_wpseo_title":"","yoast_wpseo_metadesc":"","yoast_wpseo_canonical":""},"_links":{"self":[{"href":"https:\/\/exceladvisor.org\/pt\/wp-json\/wp\/v2\/pages\/661","targetHints":{"allow":["GET"]}}],"collection":[{"href":"https:\/\/exceladvisor.org\/pt\/wp-json\/wp\/v2\/pages"}],"about":[{"href":"https:\/\/exceladvisor.org\/pt\/wp-json\/wp\/v2\/types\/page"}],"author":[{"embeddable":true,"href":"https:\/\/exceladvisor.org\/pt\/wp-json\/wp\/v2\/users\/1"}],"replies":[{"embeddable":true,"href":"https:\/\/exceladvisor.org\/pt\/wp-json\/wp\/v2\/comments?post=661"}],"version-history":[{"count":1,"href":"https:\/\/exceladvisor.org\/pt\/wp-json\/wp\/v2\/pages\/661\/revisions"}],"predecessor-version":[{"id":1467,"href":"https:\/\/exceladvisor.org\/pt\/wp-json\/wp\/v2\/pages\/661\/revisions\/1467"}],"wp:attachment":[{"href":"https:\/\/exceladvisor.org\/pt\/wp-json\/wp\/v2\/media?parent=661"}],"curies":[{"name":"wp","href":"https:\/\/api.w.org\/{rel}","templated":true}]}}