{"id":662,"date":"2023-09-29T02:43:45","date_gmt":"2023-09-29T02:43:45","guid":{"rendered":"https:\/\/exceladvisor.org\/pt\/fraco\/"},"modified":"2023-12-06T11:44:06","modified_gmt":"2023-12-06T11:44:06","slug":"fraco","status":"publish","type":"page","link":"https:\/\/exceladvisor.org\/pt\/fraco\/","title":{"rendered":"Como usar dim em vba no excel?"},"content":{"rendered":"<div class=\"excel-before-content-2\" id=\"excel-719911970\"><script type=\"text\/javascript\">\r\n\tatOptions = {\r\n\t\t'key' : 'c1158f160081d6540a8409e6925dab94',\r\n\t\t'format' : 'iframe',\r\n\t\t'height' : 250,\r\n\t\t'width' : 300,\r\n\t\t'params' : {}\r\n\t};\r\n<\/script>\r\n<script type=\"text\/javascript\" src=\"\/\/www.highperformanceformat.com\/c1158f160081d6540a8409e6925dab94\/invoke.js\"><\/script><\/div><div class=\"excel-before-content\" id=\"excel-2937723765\"><script type=\"text\/javascript\">\r\n\tatOptions = {\r\n\t\t'key' : 'c1158f160081d6540a8409e6925dab94',\r\n\t\t'format' : 'iframe',\r\n\t\t'height' : 250,\r\n\t\t'width' : 300,\r\n\t\t'params' : {}\r\n\t};\r\n<\/script>\r\n<script type=\"text\/javascript\" src=\"\/\/www.highperformanceformat.com\/c1158f160081d6540a8409e6925dab94\/invoke.js\"><\/script><\/div> <h2 class=\"wp-block-heading\">O que \u00e9 a declara\u00e7\u00e3o VBA DIM?<\/h2><p> A instru\u00e7\u00e3o VBA DIM significa \u201cdeclarar\u201d, que voc\u00ea deve usar quando precisar declarar uma vari\u00e1vel. Quando voc\u00ea o usa, ele informa ao VBA que voc\u00ea est\u00e1 declarando um nome espec\u00edfico como uma vari\u00e1vel, atribuindo-lhe um tipo de dados espec\u00edfico. Pode ser usado para declarar o seguinte:<\/p><ul><li> Vari\u00e1veis b\u00e1sicas<\/li><li> Variantes<\/li><li> <a href=\"https:\/\/exceladvisor.org\/pt\/objetos\/\">Objetos<\/a><\/li><li> Implantar<\/li><\/ul><h2 class=\"wp-block-heading\"> Use a instru\u00e7\u00e3o DIM em VBA<\/h2><ol type=\"1\"><li> Digite a palavra-chave \u201cDim\u201d no in\u00edcio.<\/li><li> Depois disso, insira o nome da vari\u00e1vel que deseja usar.<\/li><li> Ent\u00e3o voc\u00ea precisa usar a palavra \u201ccurtir\u201d e obter\u00e1 uma lista instant\u00e2nea de <a href=\"https:\/\/exceladvisor.org\/pt\/variaveis\/\">tipos de dados<\/a> .<\/li><li> Ao final, escolha o tipo de dados que deseja atribuir \u00e0 vari\u00e1vel. <\/li><\/ol><div class=\"wp-block-image\"><figure class=\"aligncenter size-large is-resized\"><img loading=\"lazy\" decoding=\"async\" class=\"wp-image-55786\" src=\"https:\/\/exceladvisor.org\/wp-content\/uploads\/2023\/08\/1-instruction-dim-en-vba.png\" sizes=\"auto, \" srcset=\"\" alt=\"dim-instru\u00e7\u00e3o-em-vba\" width=\"490\" height=\"380\"><\/figure><\/div><p> Como eu disse, quando voc\u00ea declara uma vari\u00e1vel, voc\u00ea precisa atribuir a ela um tipo de dados. Veja o seguinte instant\u00e2neo. <\/p><div class=\"wp-block-image\"><figure class=\"aligncenter size-large is-resized\"><img loading=\"lazy\" decoding=\"async\" class=\"wp-image-55787\" src=\"https:\/\/exceladvisor.org\/wp-content\/uploads\/2023\/08\/2-attribuer-un-type-de-donnees.png\" sizes=\"auto, \" srcset=\"\" alt=\"\" width=\"491\" height=\"384\"><\/figure><\/div><h2 class=\"wp-block-heading\"> Declarando m\u00faltiplas vari\u00e1veis com uma \u00fanica instru\u00e7\u00e3o Dim<\/h2><p> Quando precisar declarar m\u00faltiplas vari\u00e1veis, voc\u00ea poder\u00e1 faz\u00ea-lo usando a instru\u00e7\u00e3o Dim apenas uma vez. Considere o seguinte exemplo. <\/p><div class=\"wp-block-image\"><figure class=\"aligncenter size-large is-resized\"><img loading=\"lazy\" decoding=\"async\" class=\"wp-image-55788\" src=\"https:\/\/exceladvisor.org\/wp-content\/uploads\/2023\/08\/3-variables-multiples-avec-une-instruction-dim.png\" sizes=\"auto, \" srcset=\"\" alt=\"\" width=\"568\" height=\"367\"><\/figure><\/div><h2 class=\"wp-block-heading\"> Usando a op\u00e7\u00e3o expl\u00edcita<\/h2><p> Isso \u00e9 altamente recomendado para declarar todas as vari\u00e1veis que melhoram o desempenho do seu c\u00f3digo e tamb\u00e9m aumentam sua efici\u00eancia. Mas se voc\u00ea pular a declara\u00e7\u00e3o de uma vari\u00e1vel e us\u00e1-la em algum c\u00f3digo, o VBA considerar\u00e1 essa vari\u00e1vel como uma variante.<\/p><p> A melhor maneira de nunca deixar de declarar uma vari\u00e1vel \u00e9 usar a instru\u00e7\u00e3o Option Explicit, que for\u00e7a voc\u00ea a declarar uma vari\u00e1vel e exibe um erro toda vez que voc\u00ea a perde. <\/p><div class=\"wp-block-image\"><figure class=\"aligncenter size-large is-resized\"><img loading=\"lazy\" decoding=\"async\" class=\"wp-image-55789\" src=\"https:\/\/exceladvisor.org\/wp-content\/uploads\/2023\/08\/4-en-utilisant-loption-explicite.png\" sizes=\"auto, \" srcset=\"\" alt=\"\" width=\"520\" height=\"325\"><\/figure><\/div><h2 class=\"wp-block-heading\"> Dim instru\u00e7\u00e3o com tabelas<\/h2><p> Voc\u00ea tamb\u00e9m deve usar a instru\u00e7\u00e3o DIM quando precisar declarar um array. Considere o seguinte exemplo que compartilhei. <\/p><div class=\"wp-block-image\"><figure class=\"aligncenter size-large is-resized\"><img loading=\"lazy\" decoding=\"async\" class=\"wp-image-55790\" src=\"https:\/\/exceladvisor.org\/wp-content\/uploads\/2023\/08\/Instruction-5-dim-avec-tableaux.png\" sizes=\"auto, \" srcset=\"\" alt=\"\" width=\"469\" height=\"388\"><\/figure><\/div><p> No exemplo acima, voc\u00ea tem dois <a href=\"https:\/\/exceladvisor.org\/pt\/pinturas\/\">arrays<\/a> que foram declarados com a instru\u00e7\u00e3o dim.<\/p><p> No primeiro array voc\u00ea tem tr\u00eas elementos e no segundo nenhum elemento \u00e9 declarado. <strong>Aqui \u00e9 o momento<\/strong> em que voc\u00ea precisa declarar um array, voc\u00ea precisa usar par\u00eanteses para declarar os elementos do array e par\u00eanteses vazios se quiser um <a href=\"https:\/\/exceladvisor.org\/pt\/tabela-dinamica\/\">array din\u00e2mico<\/a> .<\/p><h2 class=\"wp-block-heading\"> Use DIM com objetos do Excel<\/h2><p> Voc\u00ea tamb\u00e9m pode fazer refer\u00eancia a um <a href=\"https:\/\/exceladvisor.org\/pt\/objetos\/\">objeto<\/a> usando a instru\u00e7\u00e3o DIM. Suponha que voc\u00ea queira contar planilhas em uma pasta de trabalho, voc\u00ea pode declarar esse objeto e contar a planilha a partir dele. <\/p><div class=\"wp-block-image\"><figure class=\"aligncenter size-large is-resized\"><img loading=\"lazy\" decoding=\"async\" class=\"wp-image-55791\" src=\"https:\/\/exceladvisor.org\/wp-content\/uploads\/2023\/08\/6-dim-avec-des-objets-excel.png\" sizes=\"auto, \" srcset=\"\" alt=\"\" width=\"671\" height=\"416\"><\/figure><\/div><p> No exemplo acima, voc\u00ea declarou wb como uma <a href=\"https:\/\/exceladvisor.org\/pt\/encadernador\/\">pasta de trabalho<\/a> e depois definiu a pasta de trabalho &#8220;book1&#8221; para uso posterior no c\u00f3digo.<\/p><h2 class=\"wp-block-heading\"> Onde colocar a declara\u00e7\u00e3o Dim?<\/h2><p> Voc\u00ea pode declarar uma vari\u00e1vel usando a instru\u00e7\u00e3o DIM em qualquer lugar do c\u00f3digo, mas certifique-se de declar\u00e1-la antes de us\u00e1-la. Ent\u00e3o, digamos que voc\u00ea esteja se referindo a uma vari\u00e1vel na linha 2 do c\u00f3digo e usou Dim na linha 3 para declarar, bem, voc\u00ea receber\u00e1 um erro. <\/p><div class=\"wp-block-image\"><figure class=\"aligncenter size-large is-resized\"><img loading=\"lazy\" decoding=\"async\" class=\"wp-image-55792\" src=\"https:\/\/exceladvisor.org\/wp-content\/uploads\/2023\/08\/7-declarer-une-variable-en-utilisant-dim.png\" sizes=\"auto, \" srcset=\"\" alt=\"\" width=\"595\" height=\"399\"><\/figure><\/div><p> Portanto, certifique-se de declarar uma vari\u00e1vel antes de us\u00e1-la. <\/p><div class=\"wp-block-image\"><figure class=\"aligncenter size-large is-resized\"><img loading=\"lazy\" decoding=\"async\" class=\"wp-image-55793\" src=\"https:\/\/exceladvisor.org\/wp-content\/uploads\/2023\/08\/8-declarer-une-variable-avant-de-lutiliser.png\" sizes=\"auto, \" srcset=\"\" alt=\"\" width=\"612\" height=\"387\"><\/figure><\/div><div class=\"gb-container gb-container-4db6181c gb-container-mt\"> <a class=\"gb-button gb-button-c5897111 gb-button-text gb-button-mt-button\" href=\"https:\/\/exceladvisor.org\/pt\/vba\/\">O que \u00e9 VBA<\/a><h2 class=\"gb-headline gb-headline-665e5f6b gb-headline-text gb-headline-mt-heading\"> Tutoriais relacionados <\/h2><div class=\"gb-grid-wrapper gb-grid-wrapper-a20baf7c gb-grid-wrapper-mt-grid\"><div class=\"gb-grid-column gb-grid-column-65ddf67e\"><div class=\"gb-container gb-container-65ddf67e\"><ul><li> <a href=\"https:\/\/exceladvisor.org\/pt\/variavel-global\/\">Declare uma vari\u00e1vel global (p\u00fablica) em VBA<\/a><\/li><li> <a href=\"https:\/\/exceladvisor.org\/pt\/faixa-variavel\/\">Use um intervalo ou c\u00e9lula como vari\u00e1vel no VBA<\/a><\/li><li> <a href=\"https:\/\/exceladvisor.org\/pt\/opcao-explicita-2\/\">Declara\u00e7\u00e3o de op\u00e7\u00e3o expl\u00edcita em VBA<\/a><\/li><li> <a href=\"https:\/\/exceladvisor.org\/pt\/caixa-de-mensagem-variavel\/\">Vari\u00e1vel em uma caixa de mensagem<\/a><\/li><li> <a href=\"https:\/\/exceladvisor.org\/pt\/variaveis\/\">Vari\u00e1veis VBA (declara\u00e7\u00e3o, tipos de dados e escopo)<\/a><\/li><\/ul><\/div><\/div><\/div><\/div>","protected":false},"excerpt":{"rendered":"","protected":false},"author":1,"featured_media":0,"parent":0,"menu_order":0,"comment_status":"open","ping_status":"closed","template":"","meta":{"ub_ctt_via":"","footnotes":""},"class_list":["post-662","page","type-page","status-publish","hentry"],"featured_image_src":null,"yoast_head":"<!-- This site is optimized with the Yoast SEO plugin v25.4 - https:\/\/yoast.com\/wordpress\/plugins\/seo\/ -->\n<title>Como usar Dim em VBA no Excel? (Tutorial 2023)<\/title>\n<meta name=\"description\" content=\"voc\u00ea precisa usar a instru\u00e7\u00e3o dim para declarar uma vari\u00e1vel e seu tipo de dados ao escrever c\u00f3digo VBA.\" \/>\n<meta name=\"robots\" content=\"index, follow, max-snippet:-1, max-image-preview:large, max-video-preview:-1\" \/>\n<link rel=\"canonical\" href=\"https:\/\/exceladvisor.org\/pt\/fraco\/\" \/>\n<meta property=\"og:locale\" content=\"pt_PT\" \/>\n<meta property=\"og:type\" content=\"article\" \/>\n<meta property=\"og:title\" content=\"Como usar Dim em VBA no Excel? (Tutorial 2023)\" \/>\n<meta property=\"og:description\" content=\"voc\u00ea precisa usar a instru\u00e7\u00e3o dim para declarar uma vari\u00e1vel e seu tipo de dados ao escrever c\u00f3digo VBA.\" \/>\n<meta property=\"og:url\" content=\"https:\/\/exceladvisor.org\/pt\/fraco\/\" \/>\n<meta property=\"og:site_name\" content=\"Excel Advisor\" \/>\n<meta property=\"article:modified_time\" content=\"2023-12-06T11:44:06+00:00\" \/>\n<meta property=\"og:image\" content=\"https:\/\/exceladvisor.org\/wp-content\/uploads\/2023\/08\/1-instruction-dim-en-vba.png\" \/>\n<meta name=\"twitter:card\" content=\"summary_large_image\" \/>\n<meta name=\"twitter:label1\" content=\"Tempo estimado de leitura\" \/>\n\t<meta name=\"twitter:data1\" content=\"3 minutos\" \/>\n<script type=\"application\/ld+json\" class=\"yoast-schema-graph\">{\"@context\":\"https:\/\/schema.org\",\"@graph\":[{\"@type\":\"WebPage\",\"@id\":\"https:\/\/exceladvisor.org\/pt\/fraco\/\",\"url\":\"https:\/\/exceladvisor.org\/pt\/fraco\/\",\"name\":\"Como usar Dim em VBA no Excel? (Tutorial 2023)\",\"isPartOf\":{\"@id\":\"https:\/\/exceladvisor.org\/pt\/#website\"},\"primaryImageOfPage\":{\"@id\":\"https:\/\/exceladvisor.org\/pt\/fraco\/#primaryimage\"},\"image\":{\"@id\":\"https:\/\/exceladvisor.org\/pt\/fraco\/#primaryimage\"},\"thumbnailUrl\":\"https:\/\/exceladvisor.org\/wp-content\/uploads\/2023\/08\/1-instruction-dim-en-vba.png\",\"datePublished\":\"2023-09-29T02:43:45+00:00\",\"dateModified\":\"2023-12-06T11:44:06+00:00\",\"description\":\"voc\u00ea precisa usar a instru\u00e7\u00e3o dim para declarar uma vari\u00e1vel e seu tipo de dados ao escrever c\u00f3digo VBA.\",\"breadcrumb\":{\"@id\":\"https:\/\/exceladvisor.org\/pt\/fraco\/#breadcrumb\"},\"inLanguage\":\"pt-PT\",\"potentialAction\":[{\"@type\":\"ReadAction\",\"target\":[\"https:\/\/exceladvisor.org\/pt\/fraco\/\"]}]},{\"@type\":\"ImageObject\",\"inLanguage\":\"pt-PT\",\"@id\":\"https:\/\/exceladvisor.org\/pt\/fraco\/#primaryimage\",\"url\":\"https:\/\/exceladvisor.org\/wp-content\/uploads\/2023\/08\/1-instruction-dim-en-vba.png\",\"contentUrl\":\"https:\/\/exceladvisor.org\/wp-content\/uploads\/2023\/08\/1-instruction-dim-en-vba.png\"},{\"@type\":\"BreadcrumbList\",\"@id\":\"https:\/\/exceladvisor.org\/pt\/fraco\/#breadcrumb\",\"itemListElement\":[{\"@type\":\"ListItem\",\"position\":1,\"name\":\"Lar\",\"item\":\"https:\/\/exceladvisor.org\/pt\/\"},{\"@type\":\"ListItem\",\"position\":2,\"name\":\"Como usar dim em vba no excel?\"}]},{\"@type\":\"WebSite\",\"@id\":\"https:\/\/exceladvisor.org\/pt\/#website\",\"url\":\"https:\/\/exceladvisor.org\/pt\/\",\"name\":\"Excel Advisor\",\"description\":\"O seu guia definitivo para dominar os dados!\",\"publisher\":{\"@id\":\"https:\/\/exceladvisor.org\/pt\/#organization\"},\"potentialAction\":[{\"@type\":\"SearchAction\",\"target\":{\"@type\":\"EntryPoint\",\"urlTemplate\":\"https:\/\/exceladvisor.org\/pt\/?s={search_term_string}\"},\"query-input\":{\"@type\":\"PropertyValueSpecification\",\"valueRequired\":true,\"valueName\":\"search_term_string\"}}],\"inLanguage\":\"pt-PT\"},{\"@type\":\"Organization\",\"@id\":\"https:\/\/exceladvisor.org\/pt\/#organization\",\"name\":\"Excel Advisor\",\"url\":\"https:\/\/exceladvisor.org\/pt\/\",\"logo\":{\"@type\":\"ImageObject\",\"inLanguage\":\"pt-PT\",\"@id\":\"https:\/\/exceladvisor.org\/pt\/#\/schema\/logo\/image\/\",\"url\":\"https:\/\/exceladvisor.org\/pt\/wp-content\/uploads\/2023\/12\/exceladvisor.org_.png\",\"contentUrl\":\"https:\/\/exceladvisor.org\/pt\/wp-content\/uploads\/2023\/12\/exceladvisor.org_.png\",\"width\":105,\"height\":36,\"caption\":\"Excel Advisor\"},\"image\":{\"@id\":\"https:\/\/exceladvisor.org\/pt\/#\/schema\/logo\/image\/\"}}]}<\/script>\n<!-- \/ Yoast SEO plugin. -->","yoast_head_json":{"title":"Como usar Dim em VBA no Excel? (Tutorial 2023)","description":"voc\u00ea precisa usar a instru\u00e7\u00e3o dim para declarar uma vari\u00e1vel e seu tipo de dados ao escrever c\u00f3digo VBA.","robots":{"index":"index","follow":"follow","max-snippet":"max-snippet:-1","max-image-preview":"max-image-preview:large","max-video-preview":"max-video-preview:-1"},"canonical":"https:\/\/exceladvisor.org\/pt\/fraco\/","og_locale":"pt_PT","og_type":"article","og_title":"Como usar Dim em VBA no Excel? (Tutorial 2023)","og_description":"voc\u00ea precisa usar a instru\u00e7\u00e3o dim para declarar uma vari\u00e1vel e seu tipo de dados ao escrever c\u00f3digo VBA.","og_url":"https:\/\/exceladvisor.org\/pt\/fraco\/","og_site_name":"Excel Advisor","article_modified_time":"2023-12-06T11:44:06+00:00","og_image":[{"url":"https:\/\/exceladvisor.org\/wp-content\/uploads\/2023\/08\/1-instruction-dim-en-vba.png","type":"","width":"","height":""}],"twitter_card":"summary_large_image","twitter_misc":{"Tempo estimado de leitura":"3 minutos"},"schema":{"@context":"https:\/\/schema.org","@graph":[{"@type":"WebPage","@id":"https:\/\/exceladvisor.org\/pt\/fraco\/","url":"https:\/\/exceladvisor.org\/pt\/fraco\/","name":"Como usar Dim em VBA no Excel? (Tutorial 2023)","isPartOf":{"@id":"https:\/\/exceladvisor.org\/pt\/#website"},"primaryImageOfPage":{"@id":"https:\/\/exceladvisor.org\/pt\/fraco\/#primaryimage"},"image":{"@id":"https:\/\/exceladvisor.org\/pt\/fraco\/#primaryimage"},"thumbnailUrl":"https:\/\/exceladvisor.org\/wp-content\/uploads\/2023\/08\/1-instruction-dim-en-vba.png","datePublished":"2023-09-29T02:43:45+00:00","dateModified":"2023-12-06T11:44:06+00:00","description":"voc\u00ea precisa usar a instru\u00e7\u00e3o dim para declarar uma vari\u00e1vel e seu tipo de dados ao escrever c\u00f3digo VBA.","breadcrumb":{"@id":"https:\/\/exceladvisor.org\/pt\/fraco\/#breadcrumb"},"inLanguage":"pt-PT","potentialAction":[{"@type":"ReadAction","target":["https:\/\/exceladvisor.org\/pt\/fraco\/"]}]},{"@type":"ImageObject","inLanguage":"pt-PT","@id":"https:\/\/exceladvisor.org\/pt\/fraco\/#primaryimage","url":"https:\/\/exceladvisor.org\/wp-content\/uploads\/2023\/08\/1-instruction-dim-en-vba.png","contentUrl":"https:\/\/exceladvisor.org\/wp-content\/uploads\/2023\/08\/1-instruction-dim-en-vba.png"},{"@type":"BreadcrumbList","@id":"https:\/\/exceladvisor.org\/pt\/fraco\/#breadcrumb","itemListElement":[{"@type":"ListItem","position":1,"name":"Lar","item":"https:\/\/exceladvisor.org\/pt\/"},{"@type":"ListItem","position":2,"name":"Como usar dim em vba no excel?"}]},{"@type":"WebSite","@id":"https:\/\/exceladvisor.org\/pt\/#website","url":"https:\/\/exceladvisor.org\/pt\/","name":"Excel Advisor","description":"O seu guia definitivo para dominar os dados!","publisher":{"@id":"https:\/\/exceladvisor.org\/pt\/#organization"},"potentialAction":[{"@type":"SearchAction","target":{"@type":"EntryPoint","urlTemplate":"https:\/\/exceladvisor.org\/pt\/?s={search_term_string}"},"query-input":{"@type":"PropertyValueSpecification","valueRequired":true,"valueName":"search_term_string"}}],"inLanguage":"pt-PT"},{"@type":"Organization","@id":"https:\/\/exceladvisor.org\/pt\/#organization","name":"Excel Advisor","url":"https:\/\/exceladvisor.org\/pt\/","logo":{"@type":"ImageObject","inLanguage":"pt-PT","@id":"https:\/\/exceladvisor.org\/pt\/#\/schema\/logo\/image\/","url":"https:\/\/exceladvisor.org\/pt\/wp-content\/uploads\/2023\/12\/exceladvisor.org_.png","contentUrl":"https:\/\/exceladvisor.org\/pt\/wp-content\/uploads\/2023\/12\/exceladvisor.org_.png","width":105,"height":36,"caption":"Excel Advisor"},"image":{"@id":"https:\/\/exceladvisor.org\/pt\/#\/schema\/logo\/image\/"}}]}},"yoast_meta":{"yoast_wpseo_title":"","yoast_wpseo_metadesc":"","yoast_wpseo_canonical":""},"_links":{"self":[{"href":"https:\/\/exceladvisor.org\/pt\/wp-json\/wp\/v2\/pages\/662","targetHints":{"allow":["GET"]}}],"collection":[{"href":"https:\/\/exceladvisor.org\/pt\/wp-json\/wp\/v2\/pages"}],"about":[{"href":"https:\/\/exceladvisor.org\/pt\/wp-json\/wp\/v2\/types\/page"}],"author":[{"embeddable":true,"href":"https:\/\/exceladvisor.org\/pt\/wp-json\/wp\/v2\/users\/1"}],"replies":[{"embeddable":true,"href":"https:\/\/exceladvisor.org\/pt\/wp-json\/wp\/v2\/comments?post=662"}],"version-history":[{"count":1,"href":"https:\/\/exceladvisor.org\/pt\/wp-json\/wp\/v2\/pages\/662\/revisions"}],"predecessor-version":[{"id":1345,"href":"https:\/\/exceladvisor.org\/pt\/wp-json\/wp\/v2\/pages\/662\/revisions\/1345"}],"wp:attachment":[{"href":"https:\/\/exceladvisor.org\/pt\/wp-json\/wp\/v2\/media?parent=662"}],"curies":[{"name":"wp","href":"https:\/\/api.w.org\/{rel}","templated":true}]}}