{"id":663,"date":"2023-09-29T02:30:39","date_gmt":"2023-09-29T02:30:39","guid":{"rendered":"https:\/\/exceladvisor.org\/pt\/saida-sob\/"},"modified":"2023-12-06T11:50:13","modified_gmt":"2023-12-06T11:50:13","slug":"saida-sob","status":"publish","type":"page","link":"https:\/\/exceladvisor.org\/pt\/saida-sob\/","title":{"rendered":"Como usar o sub de sa\u00edda do vba no excel?"},"content":{"rendered":"<div class=\"excel-before-content-2\" id=\"excel-394758839\"><script type=\"text\/javascript\">\r\n\tatOptions = {\r\n\t\t'key' : 'c1158f160081d6540a8409e6925dab94',\r\n\t\t'format' : 'iframe',\r\n\t\t'height' : 250,\r\n\t\t'width' : 300,\r\n\t\t'params' : {}\r\n\t};\r\n<\/script>\r\n<script type=\"text\/javascript\" src=\"\/\/www.highperformanceformat.com\/c1158f160081d6540a8409e6925dab94\/invoke.js\"><\/script><\/div><div class=\"excel-before-content\" id=\"excel-3616358008\"><script type=\"text\/javascript\">\r\n\tatOptions = {\r\n\t\t'key' : 'c1158f160081d6540a8409e6925dab94',\r\n\t\t'format' : 'iframe',\r\n\t\t'height' : 250,\r\n\t\t'width' : 300,\r\n\t\t'params' : {}\r\n\t};\r\n<\/script>\r\n<script type=\"text\/javascript\" src=\"\/\/www.highperformanceformat.com\/c1158f160081d6540a8409e6925dab94\/invoke.js\"><\/script><\/div> <p>VBA Exit Sub \u00e9 uma instru\u00e7\u00e3o que voc\u00ea usa para sair de um subprocedimento ou fun\u00e7\u00e3o. Como voc\u00ea sabe, cada linha \u00e9 uma macro que roda uma ap\u00f3s a outra, e ao adicionar o VBA &#8220;Exit Sub&#8221;, saia do procedimento sem executar o resto do c\u00f3digo que vem depois dele. Isso funciona melhor com <a href=\"https:\/\/exceladvisor.org\/pt\/rotacoes\/\">loops<\/a> e com a <a href=\"https:\/\/exceladvisor.org\/pt\/caixa-de-mensagens-vba\/\">caixa de mensagem<\/a> .<\/p><h2 class=\"wp-block-heading\"> Usando a subinstru\u00e7\u00e3o Exit no VBA<\/h2><ol type=\"1\"><li> Primeiro, decida em qual linha voc\u00ea deseja adicionar o \u201cExit Sub\u201d.<\/li><li> Depois disso, verifique a estrutura do c\u00f3digo que ser\u00e1 executado quando voc\u00ea <a href=\"https:\/\/exceladvisor.org\/pt\/executar-uma-macro-2\/\">executar o c\u00f3digo<\/a> .<\/li><li> Em seguida, entre em \u201cSair Sub\u201d.<\/li><li> Em \u00faltima an\u00e1lise, \u00e9 melhor ter <a href=\"https:\/\/exceladvisor.org\/pt\/comente\/\">um coment\u00e1rio<\/a> descrevendo por que voc\u00ea est\u00e1 usando a instru\u00e7\u00e3o \u201cExit Sub\u201d. <\/li><\/ol><div class=\"wp-block-image\"><figure class=\"aligncenter size-large is-resized\"><img loading=\"lazy\" decoding=\"async\" class=\"wp-image-55808\" src=\"https:\/\/exceladvisor.org\/wp-content\/uploads\/2023\/08\/1-sous-instruction-de-sortie-vba.png\" sizes=\"auto, \" srcset=\"\" alt=\"vba-exit-sub-instru\u00e7\u00e3o\" width=\"683\" height=\"373\"><\/figure><\/div><p class=\"qt-tip\"> <strong>Nota:<\/strong> Em um <a href=\"https:\/\/exceladvisor.org\/pt\/funcao-definida-pelo-usuario-2\/\">procedimento de fun\u00e7\u00e3o<\/a> VBA, a instru\u00e7\u00e3o que voc\u00ea deve usar \u00e9 &#8220;Exit Function&#8221;.<\/p><h2 class=\"wp-block-heading\"> Use Exit Sub com uma caixa de mensagem e uma caixa de entrada<\/h2><p> Suponha que voc\u00ea queira obter a entrada do usu\u00e1rio com uma caixa de entrada e sair do procedimento se a resposta do usu\u00e1rio n\u00e3o for um n\u00famero (considere o exemplo a seguir). <\/p><div class=\"wp-block-image\"><figure class=\"aligncenter size-large is-resized\"><img loading=\"lazy\" decoding=\"async\" class=\"wp-image-55809\" src=\"https:\/\/exceladvisor.org\/wp-content\/uploads\/2023\/08\/2-sorties-sub-avec-une-boite-de-message.png\" sizes=\"auto, \" srcset=\"\" alt=\"\" width=\"686\" height=\"312\"><\/figure><\/div><p> No c\u00f3digo acima voc\u00ea tem <a href=\"https:\/\/exceladvisor.org\/pt\/e-numerico\/\">ISNUMERIC<\/a> que verifica o valor inserido na caixa de entrada se \u00e9 um n\u00famero ou n\u00e3o, e se esse valor n\u00e3o for um n\u00famero ele usa a instru\u00e7\u00e3o Exit Sub para completar o procedimento ap\u00f3s exibir uma caixa de mensagem.<\/p><pre class=\"wp-block-code\"> <code class=\"language-visual-basic\" lang=\"visual-basic\">Sub vba_exit_sub_example() If IsNumeric(InputBox(\"Enter your age.\", \"Age\")) = False Then MsgBox \"Error! Enter your Age in numbers only.\" Exit Sub Else MsgBox \"Thanks for the input.\" End If End Sub<\/code><\/pre><h2 class=\"wp-block-heading\"> Em caso de erro Sair Sub<\/h2><p> Uma das melhores coisas sobre \u201cExit Sub\u201d \u00e9 que voc\u00ea pode us\u00e1-lo para sair do procedimento quando ocorrer um erro. Abaixo est\u00e1 o c\u00f3digo que divide um n\u00famero por zero que retorna um \u201cRuntime Error &#8217;11\u2032\u201d e interrompe a execu\u00e7\u00e3o. <\/p><div class=\"wp-block-image\"><figure class=\"aligncenter size-large is-resized\"><img loading=\"lazy\" decoding=\"async\" class=\"wp-image-55810\" src=\"https:\/\/exceladvisor.org\/wp-content\/uploads\/2023\/08\/3-sur-erreur-sortie-sous.png\" sizes=\"auto, \" srcset=\"\" alt=\"\" width=\"491\" height=\"334\"><\/figure><\/div><p> Aqui voc\u00ea pode usar a instru\u00e7\u00e3o GoTo para criar um manipulador de erros com o &#8220;Exit Sub&#8221; para sair do procedimento (considere o c\u00f3digo a seguir). <\/p><div class=\"wp-block-image\"><figure class=\"aligncenter size-large is-resized\"><img loading=\"lazy\" decoding=\"async\" class=\"wp-image-55811\" src=\"https:\/\/exceladvisor.org\/wp-content\/uploads\/2023\/08\/4-utiliser-linstruction-goto.png\" sizes=\"auto, \" srcset=\"\" alt=\"\" width=\"520\" height=\"381\"><\/figure><\/div><pre class=\"wp-block-code\"> <code class=\"language-visual-basic\" lang=\"visual-basic\">Sub vba_exit_sub_on_error() On Error GoTo iError Range(\"A1\") = 10 \/ 0 iError: MsgBox \"You can't divide with the zero.\" &amp; _ \"Change the code.\" Exit Sub End Sub<\/code><\/pre><p> No c\u00f3digo acima voc\u00ea tem um manipulador de erros, \u201ciError\u201d com uma caixa de mensagem, depois a instru\u00e7\u00e3o \u201cExit Sub\u201d. Quando ocorre um erro durante o c\u00e1lculo, a instru\u00e7\u00e3o goto passa para o manipulador de erros ( <a href=\"https:\/\/exceladvisor.org\/pt\/manipulacao-de-erros\/\">VBA Error Handling<\/a> ) e sai do procedimento.<\/p><div class=\"gb-container gb-container-4db6181c gb-container-mt\"> <a class=\"gb-button gb-button-c5897111 gb-button-text gb-button-mt-button\" href=\"https:\/\/exceladvisor.org\/pt\/vba\/\">O que \u00e9 VBA<\/a><h2 class=\"gb-headline gb-headline-665e5f6b gb-headline-text gb-headline-mt-heading\"> Tutoriais relacionados <\/h2><div class=\"gb-grid-wrapper gb-grid-wrapper-a20baf7c gb-grid-wrapper-mt-grid\"><div class=\"gb-grid-column gb-grid-column-65ddf67e\"><div class=\"gb-container gb-container-65ddf67e\"><ul><li> <a href=\"https:\/\/exceladvisor.org\/pt\/questoes-de-entrevista\/\">Perguntas da entrevista VBA<\/a><\/li><li> <a href=\"https:\/\/exceladvisor.org\/pt\/comente\/\">Adicione um coment\u00e1rio no c\u00f3digo VBA<\/a><\/li><li> <a href=\"https:\/\/exceladvisor.org\/pt\/quebra-de-linha\/\">Adicione uma quebra de linha no c\u00f3digo VBA<\/a><\/li><li> <a href=\"https:\/\/exceladvisor.org\/pt\/nova-linha\/\">Adicione uma nova linha (retorno de carro) em uma string no VBA<\/a><\/li><li> <a href=\"https:\/\/exceladvisor.org\/pt\/executar-uma-macro-2\/\">Execute uma macro no Excel (execute c\u00f3digo VBA)<\/a><\/li><\/ul><\/div><\/div><\/div><\/div>","protected":false},"excerpt":{"rendered":"","protected":false},"author":1,"featured_media":0,"parent":0,"menu_order":0,"comment_status":"open","ping_status":"closed","template":"","meta":{"ub_ctt_via":"","footnotes":""},"class_list":["post-663","page","type-page","status-publish","hentry"],"featured_image_src":null,"yoast_head":"<!-- This site is optimized with the Yoast SEO plugin v25.4 - https:\/\/yoast.com\/wordpress\/plugins\/seo\/ -->\n<title>Como usar o Sub de sa\u00edda do VBA no Excel? (Tutorial 2023)<\/title>\n<meta name=\"description\" content=\"VBA Exit Sub \u00e9 uma instru\u00e7\u00e3o que voc\u00ea usa para sair de um subprocedimento ou fun\u00e7\u00e3o. Como voc\u00ea sabe,\" \/>\n<meta name=\"robots\" content=\"index, follow, max-snippet:-1, max-image-preview:large, max-video-preview:-1\" \/>\n<link rel=\"canonical\" href=\"https:\/\/exceladvisor.org\/pt\/saida-sob\/\" \/>\n<meta property=\"og:locale\" content=\"pt_PT\" \/>\n<meta property=\"og:type\" content=\"article\" \/>\n<meta property=\"og:title\" content=\"Como usar o Sub de sa\u00edda do VBA no Excel? (Tutorial 2023)\" \/>\n<meta property=\"og:description\" content=\"VBA Exit Sub \u00e9 uma instru\u00e7\u00e3o que voc\u00ea usa para sair de um subprocedimento ou fun\u00e7\u00e3o. Como voc\u00ea sabe,\" \/>\n<meta property=\"og:url\" content=\"https:\/\/exceladvisor.org\/pt\/saida-sob\/\" \/>\n<meta property=\"og:site_name\" content=\"Excel Advisor\" \/>\n<meta property=\"article:modified_time\" content=\"2023-12-06T11:50:13+00:00\" \/>\n<meta property=\"og:image\" content=\"https:\/\/exceladvisor.org\/wp-content\/uploads\/2023\/08\/1-sous-instruction-de-sortie-vba.png\" \/>\n<meta name=\"twitter:card\" content=\"summary_large_image\" \/>\n<meta name=\"twitter:label1\" content=\"Tempo estimado de leitura\" \/>\n\t<meta name=\"twitter:data1\" content=\"2 minutos\" \/>\n<script type=\"application\/ld+json\" class=\"yoast-schema-graph\">{\"@context\":\"https:\/\/schema.org\",\"@graph\":[{\"@type\":\"WebPage\",\"@id\":\"https:\/\/exceladvisor.org\/pt\/saida-sob\/\",\"url\":\"https:\/\/exceladvisor.org\/pt\/saida-sob\/\",\"name\":\"Como usar o Sub de sa\u00edda do VBA no Excel? (Tutorial 2023)\",\"isPartOf\":{\"@id\":\"https:\/\/exceladvisor.org\/pt\/#website\"},\"primaryImageOfPage\":{\"@id\":\"https:\/\/exceladvisor.org\/pt\/saida-sob\/#primaryimage\"},\"image\":{\"@id\":\"https:\/\/exceladvisor.org\/pt\/saida-sob\/#primaryimage\"},\"thumbnailUrl\":\"https:\/\/exceladvisor.org\/wp-content\/uploads\/2023\/08\/1-sous-instruction-de-sortie-vba.png\",\"datePublished\":\"2023-09-29T02:30:39+00:00\",\"dateModified\":\"2023-12-06T11:50:13+00:00\",\"description\":\"VBA Exit Sub \u00e9 uma instru\u00e7\u00e3o que voc\u00ea usa para sair de um subprocedimento ou fun\u00e7\u00e3o. Como voc\u00ea sabe,\",\"breadcrumb\":{\"@id\":\"https:\/\/exceladvisor.org\/pt\/saida-sob\/#breadcrumb\"},\"inLanguage\":\"pt-PT\",\"potentialAction\":[{\"@type\":\"ReadAction\",\"target\":[\"https:\/\/exceladvisor.org\/pt\/saida-sob\/\"]}]},{\"@type\":\"ImageObject\",\"inLanguage\":\"pt-PT\",\"@id\":\"https:\/\/exceladvisor.org\/pt\/saida-sob\/#primaryimage\",\"url\":\"https:\/\/exceladvisor.org\/wp-content\/uploads\/2023\/08\/1-sous-instruction-de-sortie-vba.png\",\"contentUrl\":\"https:\/\/exceladvisor.org\/wp-content\/uploads\/2023\/08\/1-sous-instruction-de-sortie-vba.png\"},{\"@type\":\"BreadcrumbList\",\"@id\":\"https:\/\/exceladvisor.org\/pt\/saida-sob\/#breadcrumb\",\"itemListElement\":[{\"@type\":\"ListItem\",\"position\":1,\"name\":\"Lar\",\"item\":\"https:\/\/exceladvisor.org\/pt\/\"},{\"@type\":\"ListItem\",\"position\":2,\"name\":\"Como usar o sub de sa\u00edda do vba no excel?\"}]},{\"@type\":\"WebSite\",\"@id\":\"https:\/\/exceladvisor.org\/pt\/#website\",\"url\":\"https:\/\/exceladvisor.org\/pt\/\",\"name\":\"Excel Advisor\",\"description\":\"O seu guia definitivo para dominar os dados!\",\"publisher\":{\"@id\":\"https:\/\/exceladvisor.org\/pt\/#organization\"},\"potentialAction\":[{\"@type\":\"SearchAction\",\"target\":{\"@type\":\"EntryPoint\",\"urlTemplate\":\"https:\/\/exceladvisor.org\/pt\/?s={search_term_string}\"},\"query-input\":{\"@type\":\"PropertyValueSpecification\",\"valueRequired\":true,\"valueName\":\"search_term_string\"}}],\"inLanguage\":\"pt-PT\"},{\"@type\":\"Organization\",\"@id\":\"https:\/\/exceladvisor.org\/pt\/#organization\",\"name\":\"Excel Advisor\",\"url\":\"https:\/\/exceladvisor.org\/pt\/\",\"logo\":{\"@type\":\"ImageObject\",\"inLanguage\":\"pt-PT\",\"@id\":\"https:\/\/exceladvisor.org\/pt\/#\/schema\/logo\/image\/\",\"url\":\"https:\/\/exceladvisor.org\/pt\/wp-content\/uploads\/2023\/12\/exceladvisor.org_.png\",\"contentUrl\":\"https:\/\/exceladvisor.org\/pt\/wp-content\/uploads\/2023\/12\/exceladvisor.org_.png\",\"width\":105,\"height\":36,\"caption\":\"Excel Advisor\"},\"image\":{\"@id\":\"https:\/\/exceladvisor.org\/pt\/#\/schema\/logo\/image\/\"}}]}<\/script>\n<!-- \/ Yoast SEO plugin. -->","yoast_head_json":{"title":"Como usar o Sub de sa\u00edda do VBA no Excel? (Tutorial 2023)","description":"VBA Exit Sub \u00e9 uma instru\u00e7\u00e3o que voc\u00ea usa para sair de um subprocedimento ou fun\u00e7\u00e3o. Como voc\u00ea sabe,","robots":{"index":"index","follow":"follow","max-snippet":"max-snippet:-1","max-image-preview":"max-image-preview:large","max-video-preview":"max-video-preview:-1"},"canonical":"https:\/\/exceladvisor.org\/pt\/saida-sob\/","og_locale":"pt_PT","og_type":"article","og_title":"Como usar o Sub de sa\u00edda do VBA no Excel? (Tutorial 2023)","og_description":"VBA Exit Sub \u00e9 uma instru\u00e7\u00e3o que voc\u00ea usa para sair de um subprocedimento ou fun\u00e7\u00e3o. Como voc\u00ea sabe,","og_url":"https:\/\/exceladvisor.org\/pt\/saida-sob\/","og_site_name":"Excel Advisor","article_modified_time":"2023-12-06T11:50:13+00:00","og_image":[{"url":"https:\/\/exceladvisor.org\/wp-content\/uploads\/2023\/08\/1-sous-instruction-de-sortie-vba.png","type":"","width":"","height":""}],"twitter_card":"summary_large_image","twitter_misc":{"Tempo estimado de leitura":"2 minutos"},"schema":{"@context":"https:\/\/schema.org","@graph":[{"@type":"WebPage","@id":"https:\/\/exceladvisor.org\/pt\/saida-sob\/","url":"https:\/\/exceladvisor.org\/pt\/saida-sob\/","name":"Como usar o Sub de sa\u00edda do VBA no Excel? (Tutorial 2023)","isPartOf":{"@id":"https:\/\/exceladvisor.org\/pt\/#website"},"primaryImageOfPage":{"@id":"https:\/\/exceladvisor.org\/pt\/saida-sob\/#primaryimage"},"image":{"@id":"https:\/\/exceladvisor.org\/pt\/saida-sob\/#primaryimage"},"thumbnailUrl":"https:\/\/exceladvisor.org\/wp-content\/uploads\/2023\/08\/1-sous-instruction-de-sortie-vba.png","datePublished":"2023-09-29T02:30:39+00:00","dateModified":"2023-12-06T11:50:13+00:00","description":"VBA Exit Sub \u00e9 uma instru\u00e7\u00e3o que voc\u00ea usa para sair de um subprocedimento ou fun\u00e7\u00e3o. Como voc\u00ea sabe,","breadcrumb":{"@id":"https:\/\/exceladvisor.org\/pt\/saida-sob\/#breadcrumb"},"inLanguage":"pt-PT","potentialAction":[{"@type":"ReadAction","target":["https:\/\/exceladvisor.org\/pt\/saida-sob\/"]}]},{"@type":"ImageObject","inLanguage":"pt-PT","@id":"https:\/\/exceladvisor.org\/pt\/saida-sob\/#primaryimage","url":"https:\/\/exceladvisor.org\/wp-content\/uploads\/2023\/08\/1-sous-instruction-de-sortie-vba.png","contentUrl":"https:\/\/exceladvisor.org\/wp-content\/uploads\/2023\/08\/1-sous-instruction-de-sortie-vba.png"},{"@type":"BreadcrumbList","@id":"https:\/\/exceladvisor.org\/pt\/saida-sob\/#breadcrumb","itemListElement":[{"@type":"ListItem","position":1,"name":"Lar","item":"https:\/\/exceladvisor.org\/pt\/"},{"@type":"ListItem","position":2,"name":"Como usar o sub de sa\u00edda do vba no excel?"}]},{"@type":"WebSite","@id":"https:\/\/exceladvisor.org\/pt\/#website","url":"https:\/\/exceladvisor.org\/pt\/","name":"Excel Advisor","description":"O seu guia definitivo para dominar os dados!","publisher":{"@id":"https:\/\/exceladvisor.org\/pt\/#organization"},"potentialAction":[{"@type":"SearchAction","target":{"@type":"EntryPoint","urlTemplate":"https:\/\/exceladvisor.org\/pt\/?s={search_term_string}"},"query-input":{"@type":"PropertyValueSpecification","valueRequired":true,"valueName":"search_term_string"}}],"inLanguage":"pt-PT"},{"@type":"Organization","@id":"https:\/\/exceladvisor.org\/pt\/#organization","name":"Excel Advisor","url":"https:\/\/exceladvisor.org\/pt\/","logo":{"@type":"ImageObject","inLanguage":"pt-PT","@id":"https:\/\/exceladvisor.org\/pt\/#\/schema\/logo\/image\/","url":"https:\/\/exceladvisor.org\/pt\/wp-content\/uploads\/2023\/12\/exceladvisor.org_.png","contentUrl":"https:\/\/exceladvisor.org\/pt\/wp-content\/uploads\/2023\/12\/exceladvisor.org_.png","width":105,"height":36,"caption":"Excel Advisor"},"image":{"@id":"https:\/\/exceladvisor.org\/pt\/#\/schema\/logo\/image\/"}}]}},"yoast_meta":{"yoast_wpseo_title":"","yoast_wpseo_metadesc":"","yoast_wpseo_canonical":""},"_links":{"self":[{"href":"https:\/\/exceladvisor.org\/pt\/wp-json\/wp\/v2\/pages\/663","targetHints":{"allow":["GET"]}}],"collection":[{"href":"https:\/\/exceladvisor.org\/pt\/wp-json\/wp\/v2\/pages"}],"about":[{"href":"https:\/\/exceladvisor.org\/pt\/wp-json\/wp\/v2\/types\/page"}],"author":[{"embeddable":true,"href":"https:\/\/exceladvisor.org\/pt\/wp-json\/wp\/v2\/users\/1"}],"replies":[{"embeddable":true,"href":"https:\/\/exceladvisor.org\/pt\/wp-json\/wp\/v2\/comments?post=663"}],"version-history":[{"count":1,"href":"https:\/\/exceladvisor.org\/pt\/wp-json\/wp\/v2\/pages\/663\/revisions"}],"predecessor-version":[{"id":1372,"href":"https:\/\/exceladvisor.org\/pt\/wp-json\/wp\/v2\/pages\/663\/revisions\/1372"}],"wp:attachment":[{"href":"https:\/\/exceladvisor.org\/pt\/wp-json\/wp\/v2\/media?parent=663"}],"curies":[{"name":"wp","href":"https:\/\/api.w.org\/{rel}","templated":true}]}}