{"id":664,"date":"2023-09-29T01:54:15","date_gmt":"2023-09-29T01:54:15","guid":{"rendered":"https:\/\/exceladvisor.org\/pt\/cadeia-1\/"},"modified":"2023-12-06T11:50:14","modified_gmt":"2023-12-06T11:50:14","slug":"cadeia-1","status":"publish","type":"page","link":"https:\/\/exceladvisor.org\/pt\/cadeia-1\/","title":{"rendered":"Como usar o vba para concatenar strings?"},"content":{"rendered":"<div class=\"excel-before-content-2\" id=\"excel-2713672934\"><script type=\"text\/javascript\">\r\n\tatOptions = {\r\n\t\t'key' : 'c1158f160081d6540a8409e6925dab94',\r\n\t\t'format' : 'iframe',\r\n\t\t'height' : 250,\r\n\t\t'width' : 300,\r\n\t\t'params' : {}\r\n\t};\r\n<\/script>\r\n<script type=\"text\/javascript\" src=\"\/\/www.highperformanceformat.com\/c1158f160081d6540a8409e6925dab94\/invoke.js\"><\/script><\/div><div class=\"excel-before-content\" id=\"excel-1803422475\"><script type=\"text\/javascript\">\r\n\tatOptions = {\r\n\t\t'key' : 'c1158f160081d6540a8409e6925dab94',\r\n\t\t'format' : 'iframe',\r\n\t\t'height' : 250,\r\n\t\t'width' : 300,\r\n\t\t'params' : {}\r\n\t};\r\n<\/script>\r\n<script type=\"text\/javascript\" src=\"\/\/www.highperformanceformat.com\/c1158f160081d6540a8409e6925dab94\/invoke.js\"><\/script><\/div> <p>Para concatenar duas strings usando c\u00f3digo VBA, voc\u00ea deve usar o e comercial. Voc\u00ea pode usar um E comercial entre duas strings para combin\u00e1-las e, em seguida, atribuir esse novo valor a uma c\u00e9lula, vari\u00e1vel ou caixa de mensagem. Da mesma forma, voc\u00ea tamb\u00e9m pode concatenar mais de dois valores.<\/p><p> Mais tarde veremos um exemplo simples para entend\u00ea-lo.<\/p><h2 class=\"wp-block-heading\"> Etapas para usar VBA para concatenar<\/h2><ol type=\"1\"><li> Primeiro insira a primeira string usando aspas duplas.<\/li><li> Depois disso, digite um E comercial.<\/li><li> A seguir, insira o segundo texto usando aspas duplas.<\/li><li> Ao final, atribua esse valor a uma c\u00e9lula ou vari\u00e1vel, ou use uma caixa de mensagem para v\u00ea-lo.<\/li><\/ol><pre class=\"wp-block-code\"> <code class=\"language-visual-basic\" lang=\"visual-basic\">Sub vba_concatenate() Range(\"A1\") = \"Mike\" &amp; \"Ross\" End Sub<\/code><\/pre><h2 class=\"wp-block-heading\"> Concatenar com um delimitador<\/h2><p> Voc\u00ea tamb\u00e9m pode usar um delimitador entre duas strings simplesmente adicionando um terceiro amplificador. Considere o seguinte c\u00f3digo.<\/p><pre class=\"wp-block-code\"> <code class=\"language-visual-basic\" lang=\"visual-basic\">Range(\"A1\") = \"Mike\" &amp; \"-\" &amp; \"Ross\"<\/code><\/pre><p> No c\u00f3digo acima, voc\u00ea usou um delimitador em duas strings e as uniu usando apenas e comercial. Ent\u00e3o, basicamente, sempre que voc\u00ea precisar incluir algo, voc\u00ea precisar\u00e1 usar um E comercial dentro dele.<\/p><h2 class=\"wp-block-heading\"> Concatenar usando vari\u00e1veis<\/h2><p> Voc\u00ea tamb\u00e9m pode armazenar valores em vari\u00e1veis e depois concatenar os valores dessas duas vari\u00e1veis. Considere o seguinte c\u00f3digo.<\/p><p> No c\u00f3digo acima voc\u00ea tem vari\u00e1veis declaradas como vari\u00e1veis e ent\u00e3o atribui valores a essas vari\u00e1veis. E no final, usamos um E comercial para combinar as tr\u00eas vari\u00e1veis e depois atribu\u00edmos o resultado \u00e0 c\u00e9lula A1.<\/p><h2 class=\"wp-block-heading\"> Concatenar um intervalo usando VBA<\/h2><p> Voc\u00ea tamb\u00e9m pode concatenar valores de um intervalo de c\u00e9lulas usando VBA. Considere a seguinte macro.<\/p><pre class=\"wp-block-code\"> <code class=\"language-visual-basic\" lang=\"visual-basic\">Sub vba_concatenate() Dim rng As Range Dim i As String Dim SourceRange As Range Set SourceRange = Range(\"A1:A10\") For Each rng In SourceRange i = i &amp; rng &amp; \" \" Next rng Range(\"B1\").Value = Trim(i) End Sub<\/code><\/pre><p> No c\u00f3digo acima, voc\u00ea usou <a href=\"https:\/\/exceladvisor.org\/pt\/para-o-circuito\/\">FOR NEXT (For Loops)<\/a> para percorrer o intervalo que deseja concatenar.<\/p><p> Ent\u00e3o, ele vai para cada c\u00e9lula do intervalo (A1:A10), armazena esse valor na vari\u00e1vel I e usa um e comercial para concatenar um valor em cada itera\u00e7\u00e3o. No final, defina o canal combinado para a faixa B1.<\/p><p> E o c\u00f3digo a seguir concatena os valores do intervalo selecionado. Tudo que voc\u00ea precisa fazer \u00e9 selecionar um intervalo e executar o c\u00f3digo.<\/p><pre class=\"wp-block-code\" title=\"\"> <code class=\"language-visual-basic\" lang=\"visual-basic\">Dim rng As Range Dim i As String For Each rng In Selection i = i &amp; rng &amp; \" \" Next rng Range(\"B1\").Value = Trim(i)<\/code><\/pre><h2 class=\"wp-block-heading\"> Concatenar uma coluna ou linha inteira<\/h2><p> Se voc\u00ea deseja concatenar uma coluna ou linha inteira, nesse caso \u00e9 melhor n\u00e3o usar o m\u00e9todo loop. Voc\u00ea pode usar a fun\u00e7\u00e3o de planilha &#8220;TextJoin&#8221;, que pode unir uma linha ou coluna inteira (considere o c\u00f3digo a seguir).<\/p><pre class=\"wp-block-code\"> <code class=\"language-visual-basic\" lang=\"visual-basic\">'join values from column A. Dim myRange As Range Dim myString As String Range(\"B1\") = WorksheetFunction.TextJoin(\" \", True, Range(\"A:A\")) 'join values from row 1. Dim myRange As Range Dim myString As String Range(\"B1\") = WorksheetFunction.TextJoin(\" \", True, Range(\"1:1\"))<\/code><\/pre><div class=\"gb-container gb-container-4db6181c gb-container-mt\"> <a class=\"gb-button gb-button-c5897111 gb-button-text gb-button-mt-button\" href=\"https:\/\/exceladvisor.org\/pt\/vba\/\">O que \u00e9 VBA<\/a><h2 class=\"gb-headline gb-headline-665e5f6b gb-headline-text gb-headline-mt-heading\"> Tutoriais relacionados <\/h2><div class=\"gb-grid-wrapper gb-grid-wrapper-a20baf7c gb-grid-wrapper-mt-grid\"><div class=\"gb-grid-column gb-grid-column-65ddf67e\"><div class=\"gb-container gb-container-65ddf67e\"><ul><li> <a href=\"https:\/\/exceladvisor.org\/pt\/media-2\/\">Valores m\u00e9dios no Excel com VBA<\/a><\/li><li> <a href=\"https:\/\/exceladvisor.org\/pt\/data-de-hoje-hora-atual\/\">Obtenha a data e a hora atual usando VBA<\/a><\/li><li> <a href=\"https:\/\/exceladvisor.org\/pt\/soma-1\/\">Soma valores no Excel usando VBA<\/a><\/li><li> <a href=\"https:\/\/exceladvisor.org\/pt\/partida-2\/\">Fun\u00e7\u00e3o de correspond\u00eancia em VBA<\/a><\/li><li> <a href=\"https:\/\/exceladvisor.org\/pt\/modo-1\/\">MOD em VBA<\/a> <\/li><\/ul><\/div><\/div><div class=\"gb-grid-column gb-grid-column-50067b57\"><div class=\"gb-container gb-container-50067b57\"><\/div><\/div><\/div><\/div>","protected":false},"excerpt":{"rendered":"","protected":false},"author":1,"featured_media":0,"parent":0,"menu_order":0,"comment_status":"open","ping_status":"closed","template":"","meta":{"ub_ctt_via":"","footnotes":""},"class_list":["post-664","page","type-page","status-publish","hentry"],"featured_image_src":null,"yoast_head":"<!-- This site is optimized with the Yoast SEO plugin v25.4 - https:\/\/yoast.com\/wordpress\/plugins\/seo\/ -->\n<title>\u25b7 Como usar VBA para concatenar strings?<\/title>\n<meta name=\"description\" content=\"Para concatenar duas strings usando c\u00f3digo VBA, voc\u00ea deve usar o e comercial. Voc\u00ea pode usar um E comercial entre dois\" \/>\n<meta name=\"robots\" content=\"index, follow, max-snippet:-1, max-image-preview:large, max-video-preview:-1\" \/>\n<link rel=\"canonical\" href=\"https:\/\/exceladvisor.org\/pt\/cadeia-1\/\" \/>\n<meta property=\"og:locale\" content=\"pt_PT\" \/>\n<meta property=\"og:type\" content=\"article\" \/>\n<meta property=\"og:title\" content=\"\u25b7 Como usar VBA para concatenar strings?\" \/>\n<meta property=\"og:description\" content=\"Para concatenar duas strings usando c\u00f3digo VBA, voc\u00ea deve usar o e comercial. Voc\u00ea pode usar um E comercial entre dois\" \/>\n<meta property=\"og:url\" content=\"https:\/\/exceladvisor.org\/pt\/cadeia-1\/\" \/>\n<meta property=\"og:site_name\" content=\"Excel Advisor\" \/>\n<meta property=\"article:modified_time\" content=\"2023-12-06T11:50:14+00:00\" \/>\n<meta name=\"twitter:card\" content=\"summary_large_image\" \/>\n<meta name=\"twitter:label1\" content=\"Tempo estimado de leitura\" \/>\n\t<meta name=\"twitter:data1\" content=\"3 minutos\" \/>\n<script type=\"application\/ld+json\" class=\"yoast-schema-graph\">{\"@context\":\"https:\/\/schema.org\",\"@graph\":[{\"@type\":\"WebPage\",\"@id\":\"https:\/\/exceladvisor.org\/pt\/cadeia-1\/\",\"url\":\"https:\/\/exceladvisor.org\/pt\/cadeia-1\/\",\"name\":\"\u25b7 Como usar VBA para concatenar strings?\",\"isPartOf\":{\"@id\":\"https:\/\/exceladvisor.org\/pt\/#website\"},\"datePublished\":\"2023-09-29T01:54:15+00:00\",\"dateModified\":\"2023-12-06T11:50:14+00:00\",\"description\":\"Para concatenar duas strings usando c\u00f3digo VBA, voc\u00ea deve usar o e comercial. Voc\u00ea pode usar um E comercial entre dois\",\"breadcrumb\":{\"@id\":\"https:\/\/exceladvisor.org\/pt\/cadeia-1\/#breadcrumb\"},\"inLanguage\":\"pt-PT\",\"potentialAction\":[{\"@type\":\"ReadAction\",\"target\":[\"https:\/\/exceladvisor.org\/pt\/cadeia-1\/\"]}]},{\"@type\":\"BreadcrumbList\",\"@id\":\"https:\/\/exceladvisor.org\/pt\/cadeia-1\/#breadcrumb\",\"itemListElement\":[{\"@type\":\"ListItem\",\"position\":1,\"name\":\"Lar\",\"item\":\"https:\/\/exceladvisor.org\/pt\/\"},{\"@type\":\"ListItem\",\"position\":2,\"name\":\"Como usar o vba para concatenar strings?\"}]},{\"@type\":\"WebSite\",\"@id\":\"https:\/\/exceladvisor.org\/pt\/#website\",\"url\":\"https:\/\/exceladvisor.org\/pt\/\",\"name\":\"Excel Advisor\",\"description\":\"O seu guia definitivo para dominar os dados!\",\"publisher\":{\"@id\":\"https:\/\/exceladvisor.org\/pt\/#organization\"},\"potentialAction\":[{\"@type\":\"SearchAction\",\"target\":{\"@type\":\"EntryPoint\",\"urlTemplate\":\"https:\/\/exceladvisor.org\/pt\/?s={search_term_string}\"},\"query-input\":{\"@type\":\"PropertyValueSpecification\",\"valueRequired\":true,\"valueName\":\"search_term_string\"}}],\"inLanguage\":\"pt-PT\"},{\"@type\":\"Organization\",\"@id\":\"https:\/\/exceladvisor.org\/pt\/#organization\",\"name\":\"Excel Advisor\",\"url\":\"https:\/\/exceladvisor.org\/pt\/\",\"logo\":{\"@type\":\"ImageObject\",\"inLanguage\":\"pt-PT\",\"@id\":\"https:\/\/exceladvisor.org\/pt\/#\/schema\/logo\/image\/\",\"url\":\"https:\/\/exceladvisor.org\/pt\/wp-content\/uploads\/2023\/12\/exceladvisor.org_.png\",\"contentUrl\":\"https:\/\/exceladvisor.org\/pt\/wp-content\/uploads\/2023\/12\/exceladvisor.org_.png\",\"width\":105,\"height\":36,\"caption\":\"Excel Advisor\"},\"image\":{\"@id\":\"https:\/\/exceladvisor.org\/pt\/#\/schema\/logo\/image\/\"}}]}<\/script>\n<!-- \/ Yoast SEO plugin. -->","yoast_head_json":{"title":"\u25b7 Como usar VBA para concatenar strings?","description":"Para concatenar duas strings usando c\u00f3digo VBA, voc\u00ea deve usar o e comercial. Voc\u00ea pode usar um E comercial entre dois","robots":{"index":"index","follow":"follow","max-snippet":"max-snippet:-1","max-image-preview":"max-image-preview:large","max-video-preview":"max-video-preview:-1"},"canonical":"https:\/\/exceladvisor.org\/pt\/cadeia-1\/","og_locale":"pt_PT","og_type":"article","og_title":"\u25b7 Como usar VBA para concatenar strings?","og_description":"Para concatenar duas strings usando c\u00f3digo VBA, voc\u00ea deve usar o e comercial. Voc\u00ea pode usar um E comercial entre dois","og_url":"https:\/\/exceladvisor.org\/pt\/cadeia-1\/","og_site_name":"Excel Advisor","article_modified_time":"2023-12-06T11:50:14+00:00","twitter_card":"summary_large_image","twitter_misc":{"Tempo estimado de leitura":"3 minutos"},"schema":{"@context":"https:\/\/schema.org","@graph":[{"@type":"WebPage","@id":"https:\/\/exceladvisor.org\/pt\/cadeia-1\/","url":"https:\/\/exceladvisor.org\/pt\/cadeia-1\/","name":"\u25b7 Como usar VBA para concatenar strings?","isPartOf":{"@id":"https:\/\/exceladvisor.org\/pt\/#website"},"datePublished":"2023-09-29T01:54:15+00:00","dateModified":"2023-12-06T11:50:14+00:00","description":"Para concatenar duas strings usando c\u00f3digo VBA, voc\u00ea deve usar o e comercial. Voc\u00ea pode usar um E comercial entre dois","breadcrumb":{"@id":"https:\/\/exceladvisor.org\/pt\/cadeia-1\/#breadcrumb"},"inLanguage":"pt-PT","potentialAction":[{"@type":"ReadAction","target":["https:\/\/exceladvisor.org\/pt\/cadeia-1\/"]}]},{"@type":"BreadcrumbList","@id":"https:\/\/exceladvisor.org\/pt\/cadeia-1\/#breadcrumb","itemListElement":[{"@type":"ListItem","position":1,"name":"Lar","item":"https:\/\/exceladvisor.org\/pt\/"},{"@type":"ListItem","position":2,"name":"Como usar o vba para concatenar strings?"}]},{"@type":"WebSite","@id":"https:\/\/exceladvisor.org\/pt\/#website","url":"https:\/\/exceladvisor.org\/pt\/","name":"Excel Advisor","description":"O seu guia definitivo para dominar os dados!","publisher":{"@id":"https:\/\/exceladvisor.org\/pt\/#organization"},"potentialAction":[{"@type":"SearchAction","target":{"@type":"EntryPoint","urlTemplate":"https:\/\/exceladvisor.org\/pt\/?s={search_term_string}"},"query-input":{"@type":"PropertyValueSpecification","valueRequired":true,"valueName":"search_term_string"}}],"inLanguage":"pt-PT"},{"@type":"Organization","@id":"https:\/\/exceladvisor.org\/pt\/#organization","name":"Excel Advisor","url":"https:\/\/exceladvisor.org\/pt\/","logo":{"@type":"ImageObject","inLanguage":"pt-PT","@id":"https:\/\/exceladvisor.org\/pt\/#\/schema\/logo\/image\/","url":"https:\/\/exceladvisor.org\/pt\/wp-content\/uploads\/2023\/12\/exceladvisor.org_.png","contentUrl":"https:\/\/exceladvisor.org\/pt\/wp-content\/uploads\/2023\/12\/exceladvisor.org_.png","width":105,"height":36,"caption":"Excel Advisor"},"image":{"@id":"https:\/\/exceladvisor.org\/pt\/#\/schema\/logo\/image\/"}}]}},"yoast_meta":{"yoast_wpseo_title":"","yoast_wpseo_metadesc":"","yoast_wpseo_canonical":""},"_links":{"self":[{"href":"https:\/\/exceladvisor.org\/pt\/wp-json\/wp\/v2\/pages\/664","targetHints":{"allow":["GET"]}}],"collection":[{"href":"https:\/\/exceladvisor.org\/pt\/wp-json\/wp\/v2\/pages"}],"about":[{"href":"https:\/\/exceladvisor.org\/pt\/wp-json\/wp\/v2\/types\/page"}],"author":[{"embeddable":true,"href":"https:\/\/exceladvisor.org\/pt\/wp-json\/wp\/v2\/users\/1"}],"replies":[{"embeddable":true,"href":"https:\/\/exceladvisor.org\/pt\/wp-json\/wp\/v2\/comments?post=664"}],"version-history":[{"count":1,"href":"https:\/\/exceladvisor.org\/pt\/wp-json\/wp\/v2\/pages\/664\/revisions"}],"predecessor-version":[{"id":1374,"href":"https:\/\/exceladvisor.org\/pt\/wp-json\/wp\/v2\/pages\/664\/revisions\/1374"}],"wp:attachment":[{"href":"https:\/\/exceladvisor.org\/pt\/wp-json\/wp\/v2\/media?parent=664"}],"curies":[{"name":"wp","href":"https:\/\/api.w.org\/{rel}","templated":true}]}}