{"id":667,"date":"2023-09-29T01:09:10","date_gmt":"2023-09-29T01:09:10","guid":{"rendered":"https:\/\/exceladvisor.org\/pt\/va-para-1\/"},"modified":"2023-12-06T11:43:55","modified_gmt":"2023-12-06T11:43:55","slug":"va-para-1","status":"publish","type":"page","link":"https:\/\/exceladvisor.org\/pt\/va-para-1\/","title":{"rendered":"Como usar a instru\u00e7\u00e3o goto no c\u00f3digo vba?"},"content":{"rendered":"<div class=\"excel-before-content-2\" id=\"excel-635225459\"><script type=\"text\/javascript\">\r\n\tatOptions = {\r\n\t\t'key' : 'c1158f160081d6540a8409e6925dab94',\r\n\t\t'format' : 'iframe',\r\n\t\t'height' : 250,\r\n\t\t'width' : 300,\r\n\t\t'params' : {}\r\n\t};\r\n<\/script>\r\n<script type=\"text\/javascript\" src=\"\/\/www.highperformanceformat.com\/c1158f160081d6540a8409e6925dab94\/invoke.js\"><\/script><\/div><div class=\"excel-before-content\" id=\"excel-4059012282\"><script type=\"text\/javascript\">\r\n\tatOptions = {\r\n\t\t'key' : 'c1158f160081d6540a8409e6925dab94',\r\n\t\t'format' : 'iframe',\r\n\t\t'height' : 250,\r\n\t\t'width' : 300,\r\n\t\t'params' : {}\r\n\t};\r\n<\/script>\r\n<script type=\"text\/javascript\" src=\"\/\/www.highperformanceformat.com\/c1158f160081d6540a8409e6925dab94\/invoke.js\"><\/script><\/div> <p>A instru\u00e7\u00e3o VBA GoTo ajuda a execu\u00e7\u00e3o do c\u00f3digo a navegar at\u00e9 uma linha espec\u00edfica no procedimento. Em termos simples, com a instru\u00e7\u00e3o goto, o VBA salta para uma linha espec\u00edfica que voc\u00ea especificou. Por exemplo, se voc\u00ea especificou pular para a segunda linha, go ir\u00e1 pular para essa linha.<\/p><h2 class=\"wp-block-heading\"> Como usar a instru\u00e7\u00e3o VBA GoTo no c\u00f3digo<\/h2><ol type=\"1\"><li> Primeiro, voc\u00ea precisa usar a instru\u00e7\u00e3o goto.<\/li><li> Depois disso, voc\u00ea precisa definir para onde deseja que o VBA v\u00e1.<\/li><li> A seguir, crie a tag para criar esse local no procedimento.<\/li><li> No final, adicione a(s) linha(s) de c\u00f3digo que deseja executar. <\/li><\/ol><div class=\"wp-block-image\"><figure class=\"aligncenter size-large is-resized\"><img loading=\"lazy\" decoding=\"async\" class=\"wp-image-59662\" src=\"https:\/\/exceladvisor.org\/wp-content\/uploads\/2023\/08\/1-vba-aller-a-linstruction-dans-le-code.png\" sizes=\"auto, \" srcset=\"\" alt=\"vba-go-to-statement-in-code\" width=\"593\" height=\"446\"><\/figure><\/div><pre class=\"wp-block-code\"> <code class=\"language-visual-basic\" lang=\"visual-basic\">Sub vba_goto() GoTo <strong>Last<\/strong> <strong>Range<\/strong> (\"A1\"). <strong>Select<\/strong> <strong>Last<\/strong> : <strong>Range<\/strong> (\"A12\"). <strong>Select<\/strong> <strong>End<\/strong> Sub<\/code><\/pre><h2 class=\"wp-block-heading\"> GoTo para repetir um c\u00f3digo<\/h2><p> Voc\u00ea tamb\u00e9m pode usar a instru\u00e7\u00e3o go to para repetir o c\u00f3digo usando um conjunto de condi\u00e7\u00f5es.<\/p><pre class=\"wp-block-code\"> <code class=\"language-visual-basic\" lang=\"visual-basic\"><strong>Sub<\/strong> goto_repeat() <strong>Dim<\/strong> iMessage As String Question:    iMessage = InputBox(\"what's the day today?\") <strong>If<\/strong> iMessage &lt;&gt; \"tuesday\" <strong>Then<\/strong>    MsgBox (\"wrong answer, try again.\") <strong>GoTo<\/strong> Question <strong>Else<\/strong>    MsgBox (\"that's the right answer.\") <strong>End<\/strong> <strong>If<\/strong> <strong>End<\/strong> <strong>Sub<\/strong><\/code><\/pre><p> Ao executar o c\u00f3digo acima ele ir\u00e1 perguntar o nome do dia e se voc\u00ea digitar algo diferente de \u201cTer\u00e7a-feira\u201d a pergunta ser\u00e1 repetida. Se voc\u00ea olhar o c\u00f3digo, ver\u00e1 que precisamos usar a instru\u00e7\u00e3o goto e a <a href=\"https:\/\/exceladvisor.org\/pt\/se-2\/\">instru\u00e7\u00e3o if<\/a> .<\/p><p> Agora, quando o usu\u00e1rio insere algo diferente da resposta correta, a instru\u00e7\u00e3o goto for\u00e7a o VBA a repetir o c\u00f3digo. (mas sempre que voc\u00ea usar esse tipo de c\u00f3digo voc\u00ea tem que ter muito cuidado porque pode criar um loop infinito.<\/p><h2 class=\"wp-block-heading\"> VBA Ir para o fim<\/h2><p> Voc\u00ea tamb\u00e9m pode sair de um sub usando a instru\u00e7\u00e3o goto. <\/p><div class=\"wp-block-image\"><figure class=\"aligncenter size-large is-resized\"><img loading=\"lazy\" decoding=\"async\" class=\"wp-image-59664\" src=\"https:\/\/exceladvisor.org\/wp-content\/uploads\/2023\/08\/2-vba-aller-a-la-fin.png\" sizes=\"auto, \" srcset=\"\" alt=\"vba-ir para o fim\" width=\"461\" height=\"198\"><\/figure><\/div><p> No c\u00f3digo acima, usamos a tag \u201clast\u201d logo antes da instru\u00e7\u00e3o end e quando o VBA atinge a instru\u00e7\u00e3o GoTo, faz o VBA pular para \u201cLast\u201d no final do procedimento.<\/p><h2 class=\"wp-block-heading\"> Instru\u00e7\u00e3o GoTo para ir para uma linha em outra sub-rotina<\/h2><p> Bem, ir para a instru\u00e7\u00e3o \u00e9 bastante \u00fatil para fazer o VBA pular de um lugar para outro, mas n\u00e3o \u00e9 poss\u00edvel faz\u00ea-lo pular para outro procedimento no <a href=\"https:\/\/exceladvisor.org\/pt\/modulo\/\">m\u00f3dulo<\/a> .<\/p><div class=\"gb-container gb-container-4db6181c gb-container-mt\"> <a class=\"gb-button gb-button-c5897111 gb-button-text gb-button-mt-button\" href=\"https:\/\/exceladvisor.org\/pt\/vba\/\">O que \u00e9 VBA<\/a><h2 class=\"gb-headline gb-headline-665e5f6b gb-headline-text gb-headline-mt-heading\"> Tutoriais relacionados <\/h2><div class=\"gb-grid-wrapper gb-grid-wrapper-a20baf7c gb-grid-wrapper-mt-grid\"><div class=\"gb-grid-column gb-grid-column-65ddf67e\"><div class=\"gb-container gb-container-65ddf67e\"><ul><li> <a href=\"https:\/\/exceladvisor.org\/pt\/rotacoes\/\">Loops VBA (do iniciante ao avan\u00e7ado)<\/a><\/li><li> <a href=\"https:\/\/exceladvisor.org\/pt\/selecione-o-caso\/\">Caso selecionado do VBA<\/a><\/li><li> <a href=\"https:\/\/exceladvisor.org\/pt\/fazer-enquanto\/\">Excel VBA Do While Loop e (Do Loop While) \u2013 Um Guia<\/a><\/li><li> <a href=\"https:\/\/exceladvisor.org\/pt\/folhas-de-laco\/\">Percorra todas as planilhas usando VBA no Excel<\/a><\/li><li> <a href=\"https:\/\/exceladvisor.org\/pt\/percorrer-o-intervalo\/\">Loop em um intervalo usando VBA (Colunas, Linha e UsedRange)<\/a> <\/li><\/ul><\/div><\/div><div class=\"gb-grid-column gb-grid-column-50067b57\"><div class=\"gb-container gb-container-50067b57\"><\/div><\/div><\/div><\/div>","protected":false},"excerpt":{"rendered":"","protected":false},"author":1,"featured_media":0,"parent":0,"menu_order":0,"comment_status":"open","ping_status":"closed","template":"","meta":{"ub_ctt_via":"","footnotes":""},"class_list":["post-667","page","type-page","status-publish","hentry"],"featured_image_src":null,"yoast_head":"<!-- This site is optimized with the Yoast SEO plugin v25.4 - https:\/\/yoast.com\/wordpress\/plugins\/seo\/ -->\n<title>\u25b7 Como usar a instru\u00e7\u00e3o GoTo no c\u00f3digo VBA?<\/title>\n<meta name=\"description\" content=\"Neste tutorial, voc\u00ea aprender\u00e1 como usar a instru\u00e7\u00e3o GoTo no c\u00f3digo VBA para navegar at\u00e9 uma linha espec\u00edfica no c\u00f3digo.\" \/>\n<meta name=\"robots\" content=\"index, follow, max-snippet:-1, max-image-preview:large, max-video-preview:-1\" \/>\n<link rel=\"canonical\" href=\"https:\/\/exceladvisor.org\/pt\/va-para-1\/\" \/>\n<meta property=\"og:locale\" content=\"pt_PT\" \/>\n<meta property=\"og:type\" content=\"article\" \/>\n<meta property=\"og:title\" content=\"\u25b7 Como usar a instru\u00e7\u00e3o GoTo no c\u00f3digo VBA?\" \/>\n<meta property=\"og:description\" content=\"Neste tutorial, voc\u00ea aprender\u00e1 como usar a instru\u00e7\u00e3o GoTo no c\u00f3digo VBA para navegar at\u00e9 uma linha espec\u00edfica no c\u00f3digo.\" \/>\n<meta property=\"og:url\" content=\"https:\/\/exceladvisor.org\/pt\/va-para-1\/\" \/>\n<meta property=\"og:site_name\" content=\"Excel Advisor\" \/>\n<meta property=\"article:modified_time\" content=\"2023-12-06T11:43:55+00:00\" \/>\n<meta property=\"og:image\" content=\"https:\/\/exceladvisor.org\/wp-content\/uploads\/2023\/08\/1-vba-aller-a-linstruction-dans-le-code.png\" \/>\n<meta name=\"twitter:card\" content=\"summary_large_image\" \/>\n<meta name=\"twitter:label1\" content=\"Tempo estimado de leitura\" \/>\n\t<meta name=\"twitter:data1\" content=\"2 minutos\" \/>\n<script type=\"application\/ld+json\" class=\"yoast-schema-graph\">{\"@context\":\"https:\/\/schema.org\",\"@graph\":[{\"@type\":\"WebPage\",\"@id\":\"https:\/\/exceladvisor.org\/pt\/va-para-1\/\",\"url\":\"https:\/\/exceladvisor.org\/pt\/va-para-1\/\",\"name\":\"\u25b7 Como usar a instru\u00e7\u00e3o GoTo no c\u00f3digo VBA?\",\"isPartOf\":{\"@id\":\"https:\/\/exceladvisor.org\/pt\/#website\"},\"primaryImageOfPage\":{\"@id\":\"https:\/\/exceladvisor.org\/pt\/va-para-1\/#primaryimage\"},\"image\":{\"@id\":\"https:\/\/exceladvisor.org\/pt\/va-para-1\/#primaryimage\"},\"thumbnailUrl\":\"https:\/\/exceladvisor.org\/wp-content\/uploads\/2023\/08\/1-vba-aller-a-linstruction-dans-le-code.png\",\"datePublished\":\"2023-09-29T01:09:10+00:00\",\"dateModified\":\"2023-12-06T11:43:55+00:00\",\"description\":\"Neste tutorial, voc\u00ea aprender\u00e1 como usar a instru\u00e7\u00e3o GoTo no c\u00f3digo VBA para navegar at\u00e9 uma linha espec\u00edfica no c\u00f3digo.\",\"breadcrumb\":{\"@id\":\"https:\/\/exceladvisor.org\/pt\/va-para-1\/#breadcrumb\"},\"inLanguage\":\"pt-PT\",\"potentialAction\":[{\"@type\":\"ReadAction\",\"target\":[\"https:\/\/exceladvisor.org\/pt\/va-para-1\/\"]}]},{\"@type\":\"ImageObject\",\"inLanguage\":\"pt-PT\",\"@id\":\"https:\/\/exceladvisor.org\/pt\/va-para-1\/#primaryimage\",\"url\":\"https:\/\/exceladvisor.org\/wp-content\/uploads\/2023\/08\/1-vba-aller-a-linstruction-dans-le-code.png\",\"contentUrl\":\"https:\/\/exceladvisor.org\/wp-content\/uploads\/2023\/08\/1-vba-aller-a-linstruction-dans-le-code.png\"},{\"@type\":\"BreadcrumbList\",\"@id\":\"https:\/\/exceladvisor.org\/pt\/va-para-1\/#breadcrumb\",\"itemListElement\":[{\"@type\":\"ListItem\",\"position\":1,\"name\":\"Lar\",\"item\":\"https:\/\/exceladvisor.org\/pt\/\"},{\"@type\":\"ListItem\",\"position\":2,\"name\":\"Como usar a instru\u00e7\u00e3o goto no c\u00f3digo vba?\"}]},{\"@type\":\"WebSite\",\"@id\":\"https:\/\/exceladvisor.org\/pt\/#website\",\"url\":\"https:\/\/exceladvisor.org\/pt\/\",\"name\":\"Excel Advisor\",\"description\":\"O seu guia definitivo para dominar os dados!\",\"publisher\":{\"@id\":\"https:\/\/exceladvisor.org\/pt\/#organization\"},\"potentialAction\":[{\"@type\":\"SearchAction\",\"target\":{\"@type\":\"EntryPoint\",\"urlTemplate\":\"https:\/\/exceladvisor.org\/pt\/?s={search_term_string}\"},\"query-input\":{\"@type\":\"PropertyValueSpecification\",\"valueRequired\":true,\"valueName\":\"search_term_string\"}}],\"inLanguage\":\"pt-PT\"},{\"@type\":\"Organization\",\"@id\":\"https:\/\/exceladvisor.org\/pt\/#organization\",\"name\":\"Excel Advisor\",\"url\":\"https:\/\/exceladvisor.org\/pt\/\",\"logo\":{\"@type\":\"ImageObject\",\"inLanguage\":\"pt-PT\",\"@id\":\"https:\/\/exceladvisor.org\/pt\/#\/schema\/logo\/image\/\",\"url\":\"https:\/\/exceladvisor.org\/pt\/wp-content\/uploads\/2023\/12\/exceladvisor.org_.png\",\"contentUrl\":\"https:\/\/exceladvisor.org\/pt\/wp-content\/uploads\/2023\/12\/exceladvisor.org_.png\",\"width\":105,\"height\":36,\"caption\":\"Excel Advisor\"},\"image\":{\"@id\":\"https:\/\/exceladvisor.org\/pt\/#\/schema\/logo\/image\/\"}}]}<\/script>\n<!-- \/ Yoast SEO plugin. -->","yoast_head_json":{"title":"\u25b7 Como usar a instru\u00e7\u00e3o GoTo no c\u00f3digo VBA?","description":"Neste tutorial, voc\u00ea aprender\u00e1 como usar a instru\u00e7\u00e3o GoTo no c\u00f3digo VBA para navegar at\u00e9 uma linha espec\u00edfica no c\u00f3digo.","robots":{"index":"index","follow":"follow","max-snippet":"max-snippet:-1","max-image-preview":"max-image-preview:large","max-video-preview":"max-video-preview:-1"},"canonical":"https:\/\/exceladvisor.org\/pt\/va-para-1\/","og_locale":"pt_PT","og_type":"article","og_title":"\u25b7 Como usar a instru\u00e7\u00e3o GoTo no c\u00f3digo VBA?","og_description":"Neste tutorial, voc\u00ea aprender\u00e1 como usar a instru\u00e7\u00e3o GoTo no c\u00f3digo VBA para navegar at\u00e9 uma linha espec\u00edfica no c\u00f3digo.","og_url":"https:\/\/exceladvisor.org\/pt\/va-para-1\/","og_site_name":"Excel Advisor","article_modified_time":"2023-12-06T11:43:55+00:00","og_image":[{"url":"https:\/\/exceladvisor.org\/wp-content\/uploads\/2023\/08\/1-vba-aller-a-linstruction-dans-le-code.png","type":"","width":"","height":""}],"twitter_card":"summary_large_image","twitter_misc":{"Tempo estimado de leitura":"2 minutos"},"schema":{"@context":"https:\/\/schema.org","@graph":[{"@type":"WebPage","@id":"https:\/\/exceladvisor.org\/pt\/va-para-1\/","url":"https:\/\/exceladvisor.org\/pt\/va-para-1\/","name":"\u25b7 Como usar a instru\u00e7\u00e3o GoTo no c\u00f3digo VBA?","isPartOf":{"@id":"https:\/\/exceladvisor.org\/pt\/#website"},"primaryImageOfPage":{"@id":"https:\/\/exceladvisor.org\/pt\/va-para-1\/#primaryimage"},"image":{"@id":"https:\/\/exceladvisor.org\/pt\/va-para-1\/#primaryimage"},"thumbnailUrl":"https:\/\/exceladvisor.org\/wp-content\/uploads\/2023\/08\/1-vba-aller-a-linstruction-dans-le-code.png","datePublished":"2023-09-29T01:09:10+00:00","dateModified":"2023-12-06T11:43:55+00:00","description":"Neste tutorial, voc\u00ea aprender\u00e1 como usar a instru\u00e7\u00e3o GoTo no c\u00f3digo VBA para navegar at\u00e9 uma linha espec\u00edfica no c\u00f3digo.","breadcrumb":{"@id":"https:\/\/exceladvisor.org\/pt\/va-para-1\/#breadcrumb"},"inLanguage":"pt-PT","potentialAction":[{"@type":"ReadAction","target":["https:\/\/exceladvisor.org\/pt\/va-para-1\/"]}]},{"@type":"ImageObject","inLanguage":"pt-PT","@id":"https:\/\/exceladvisor.org\/pt\/va-para-1\/#primaryimage","url":"https:\/\/exceladvisor.org\/wp-content\/uploads\/2023\/08\/1-vba-aller-a-linstruction-dans-le-code.png","contentUrl":"https:\/\/exceladvisor.org\/wp-content\/uploads\/2023\/08\/1-vba-aller-a-linstruction-dans-le-code.png"},{"@type":"BreadcrumbList","@id":"https:\/\/exceladvisor.org\/pt\/va-para-1\/#breadcrumb","itemListElement":[{"@type":"ListItem","position":1,"name":"Lar","item":"https:\/\/exceladvisor.org\/pt\/"},{"@type":"ListItem","position":2,"name":"Como usar a instru\u00e7\u00e3o goto no c\u00f3digo vba?"}]},{"@type":"WebSite","@id":"https:\/\/exceladvisor.org\/pt\/#website","url":"https:\/\/exceladvisor.org\/pt\/","name":"Excel Advisor","description":"O seu guia definitivo para dominar os dados!","publisher":{"@id":"https:\/\/exceladvisor.org\/pt\/#organization"},"potentialAction":[{"@type":"SearchAction","target":{"@type":"EntryPoint","urlTemplate":"https:\/\/exceladvisor.org\/pt\/?s={search_term_string}"},"query-input":{"@type":"PropertyValueSpecification","valueRequired":true,"valueName":"search_term_string"}}],"inLanguage":"pt-PT"},{"@type":"Organization","@id":"https:\/\/exceladvisor.org\/pt\/#organization","name":"Excel Advisor","url":"https:\/\/exceladvisor.org\/pt\/","logo":{"@type":"ImageObject","inLanguage":"pt-PT","@id":"https:\/\/exceladvisor.org\/pt\/#\/schema\/logo\/image\/","url":"https:\/\/exceladvisor.org\/pt\/wp-content\/uploads\/2023\/12\/exceladvisor.org_.png","contentUrl":"https:\/\/exceladvisor.org\/pt\/wp-content\/uploads\/2023\/12\/exceladvisor.org_.png","width":105,"height":36,"caption":"Excel Advisor"},"image":{"@id":"https:\/\/exceladvisor.org\/pt\/#\/schema\/logo\/image\/"}}]}},"yoast_meta":{"yoast_wpseo_title":"","yoast_wpseo_metadesc":"","yoast_wpseo_canonical":""},"_links":{"self":[{"href":"https:\/\/exceladvisor.org\/pt\/wp-json\/wp\/v2\/pages\/667","targetHints":{"allow":["GET"]}}],"collection":[{"href":"https:\/\/exceladvisor.org\/pt\/wp-json\/wp\/v2\/pages"}],"about":[{"href":"https:\/\/exceladvisor.org\/pt\/wp-json\/wp\/v2\/types\/page"}],"author":[{"embeddable":true,"href":"https:\/\/exceladvisor.org\/pt\/wp-json\/wp\/v2\/users\/1"}],"replies":[{"embeddable":true,"href":"https:\/\/exceladvisor.org\/pt\/wp-json\/wp\/v2\/comments?post=667"}],"version-history":[{"count":1,"href":"https:\/\/exceladvisor.org\/pt\/wp-json\/wp\/v2\/pages\/667\/revisions"}],"predecessor-version":[{"id":1330,"href":"https:\/\/exceladvisor.org\/pt\/wp-json\/wp\/v2\/pages\/667\/revisions\/1330"}],"wp:attachment":[{"href":"https:\/\/exceladvisor.org\/pt\/wp-json\/wp\/v2\/media?parent=667"}],"curies":[{"name":"wp","href":"https:\/\/api.w.org\/{rel}","templated":true}]}}