{"id":668,"date":"2023-09-29T00:37:26","date_gmt":"2023-09-29T00:37:26","guid":{"rendered":"https:\/\/exceladvisor.org\/pt\/constantes\/"},"modified":"2023-12-06T11:51:14","modified_gmt":"2023-12-06T11:51:14","slug":"constantes","status":"publish","type":"page","link":"https:\/\/exceladvisor.org\/pt\/constantes\/","title":{"rendered":"O que \u00e9 uma constante no vba?"},"content":{"rendered":"<div class=\"excel-before-content-2\" id=\"excel-3873372671\"><script type=\"text\/javascript\">\r\n\tatOptions = {\r\n\t\t'key' : 'c1158f160081d6540a8409e6925dab94',\r\n\t\t'format' : 'iframe',\r\n\t\t'height' : 250,\r\n\t\t'width' : 300,\r\n\t\t'params' : {}\r\n\t};\r\n<\/script>\r\n<script type=\"text\/javascript\" src=\"\/\/www.highperformanceformat.com\/c1158f160081d6540a8409e6925dab94\/invoke.js\"><\/script><\/div><div class=\"excel-before-content\" id=\"excel-3205623740\"><script type=\"text\/javascript\">\r\n\tatOptions = {\r\n\t\t'key' : 'c1158f160081d6540a8409e6925dab94',\r\n\t\t'format' : 'iframe',\r\n\t\t'height' : 250,\r\n\t\t'width' : 300,\r\n\t\t'params' : {}\r\n\t};\r\n<\/script>\r\n<script type=\"text\/javascript\" src=\"\/\/www.highperformanceformat.com\/c1158f160081d6540a8409e6925dab94\/invoke.js\"><\/script><\/div> <p>No VBA, uma constante \u00e9 uma caixa de armazenamento que \u00e9 armazenada em seu sistema e pode armazenar um valor para voc\u00ea, mas o valor que voc\u00ea atribui a ela n\u00e3o pode ser alterado quando o c\u00f3digo \u00e9 executado. No VBA, existem dois tipos diferentes de constantes que voc\u00ea pode usar:<\/p><ul><li> Constantes intr\u00ednsecas<\/li><li> Constantes definidas pelo usu\u00e1rio<\/li><\/ul><p> <strong>Constantes intr\u00ednsecas<\/strong> s\u00e3o aquelas incorporadas \u00e0 pr\u00f3pria linguagem VBA (por exemplo, a constante integrada vbOKCancel que voc\u00ea usa na <a href=\"https:\/\/exceladvisor.org\/pt\/caixa-de-mensagens-vba\/\">caixa de mensagem<\/a> ) e, por outro lado, <strong>constantes definidas pelo usu\u00e1rio<\/strong> s\u00e3o aquelas que voc\u00ea pode criar atribuindo um valor para isso.<\/p><h2 class=\"wp-block-heading\"> Declarar uma constante em VBA<\/h2><ol type=\"1\"><li> Use a palavra-chave \u201cConst\u201d.<\/li><li> Especifique um nome para a constante.<\/li><li> Use a palavra-chave \u201cAs\u201d ap\u00f3s o nome.<\/li><li> Especifique o \u201cTipo de dados\u201d para a constante com base no valor que deseja atribuir a ela.<\/li><li> Igual ao sinal \u201c=\u201d.<\/li><li> Em \u00faltima an\u00e1lise, o valor que voc\u00ea deseja atribuir a ele. <\/li><\/ol><div class=\"wp-block-image\"><figure class=\"aligncenter size-large is-resized\"><img loading=\"lazy\" decoding=\"async\" class=\"wp-image-60175\" src=\"https:\/\/exceladvisor.org\/wp-content\/uploads\/2023\/08\/1-declarer-une-constante-en-vba.png\" sizes=\"auto, \" srcset=\"\" alt=\"declarar-uma-constante-em-vba\" width=\"483\" height=\"267\"><\/figure><\/div><p> Acima est\u00e1 uma constante que armazena uma data de nascimento. Agora se voc\u00ea pensa que data de nascimento \u00e9 algo que deve ser fixo e para esse tipo de valor voc\u00ea pode usar uma constante.<\/p><h2 class=\"wp-block-heading\"> Escopo de uma constante<\/h2><p> Constante tem o mesmo escopo que <a href=\"https:\/\/exceladvisor.org\/pt\/variaveis\/\">vari\u00e1veis<\/a> . Quando voc\u00ea declara uma constante, ela tem escopo no n\u00edvel do procedimento, o que significa que voc\u00ea pode us\u00e1-la em qualquer lugar do procedimento. Mas voc\u00ea pode declarar uma constante usando escopo privado ou p\u00fablico.<\/p><p> Uma constante privada s\u00f3 est\u00e1 dispon\u00edvel para o procedimento onde \u00e9 declarada como constante. Para declarar uma constante privada, voc\u00ea deve usar as palavras-chave \u201cPrivada\u201d, como no exemplo a seguir.<\/p><pre class=\"wp-block-code\"> <code class=\"language-visual-basic\" lang=\"visual-basic\">Private Const iName As String = \u201cPuneet\u201d<\/code><\/pre><p> E da mesma forma, voc\u00ea deve usar a palavra-chave \u201cP\u00fablico\u201d quando precisar declarar uma constante como p\u00fablica.<\/p><pre class=\"wp-block-code\"> <code class=\"language-visual-basic\" lang=\"visual-basic\">Public Const iPrice As String = \u201c$3.99\u201d<\/code><\/pre><div class=\"gb-container gb-container-4db6181c gb-container-mt\"> <a class=\"gb-button gb-button-c5897111 gb-button-text gb-button-mt-button\" href=\"https:\/\/exceladvisor.org\/pt\/vba\/\">O que \u00e9 VBA<\/a><h2 class=\"gb-headline gb-headline-665e5f6b gb-headline-text gb-headline-mt-heading\"> Tutoriais relacionados <\/h2><div class=\"gb-grid-wrapper gb-grid-wrapper-a20baf7c gb-grid-wrapper-mt-grid\"><div class=\"gb-grid-column gb-grid-column-65ddf67e\"><div class=\"gb-container gb-container-65ddf67e\"><ul><li> <a href=\"https:\/\/exceladvisor.org\/pt\/variavel-global\/\">Declare uma vari\u00e1vel global (p\u00fablica) em VBA<\/a><\/li><li> <a href=\"https:\/\/exceladvisor.org\/pt\/faixa-variavel\/\">Use um intervalo ou c\u00e9lula como vari\u00e1vel no VBA<\/a><\/li><li> <a href=\"https:\/\/exceladvisor.org\/pt\/opcao-explicita-2\/\">Declara\u00e7\u00e3o de op\u00e7\u00e3o expl\u00edcita em VBA<\/a><\/li><li> <a href=\"https:\/\/exceladvisor.org\/pt\/caixa-de-mensagem-variavel\/\">Vari\u00e1vel em uma caixa de mensagem<\/a><\/li><li> <a href=\"https:\/\/exceladvisor.org\/pt\/variaveis\/\">Vari\u00e1veis VBA (declara\u00e7\u00e3o, tipos de dados e escopo)<\/a> <\/li><\/ul><\/div><\/div><div class=\"gb-grid-column gb-grid-column-50067b57\"><div class=\"gb-container gb-container-50067b57\"><\/div><\/div><\/div><\/div>","protected":false},"excerpt":{"rendered":"","protected":false},"author":1,"featured_media":0,"parent":0,"menu_order":0,"comment_status":"open","ping_status":"closed","template":"","meta":{"ub_ctt_via":"","footnotes":""},"class_list":["post-668","page","type-page","status-publish","hentry"],"featured_image_src":null,"yoast_head":"<!-- This site is optimized with the Yoast SEO plugin v25.4 - https:\/\/yoast.com\/wordpress\/plugins\/seo\/ -->\n<title>\u25b7 Constantes VBA: Escopo e Declara\u00e7\u00e3o (Tutorial 2023)<\/title>\n<meta name=\"description\" content=\"No VBA, uma constante \u00e9 uma caixa de armazenamento que \u00e9 armazenada em seu sistema e que pode armazenar um valor para voc\u00ea\" \/>\n<meta name=\"robots\" content=\"index, follow, max-snippet:-1, max-image-preview:large, max-video-preview:-1\" \/>\n<link rel=\"canonical\" href=\"https:\/\/exceladvisor.org\/pt\/constantes\/\" \/>\n<meta property=\"og:locale\" content=\"pt_PT\" \/>\n<meta property=\"og:type\" content=\"article\" \/>\n<meta property=\"og:title\" content=\"\u25b7 Constantes VBA: Escopo e Declara\u00e7\u00e3o (Tutorial 2023)\" \/>\n<meta property=\"og:description\" content=\"No VBA, uma constante \u00e9 uma caixa de armazenamento que \u00e9 armazenada em seu sistema e que pode armazenar um valor para voc\u00ea\" \/>\n<meta property=\"og:url\" content=\"https:\/\/exceladvisor.org\/pt\/constantes\/\" \/>\n<meta property=\"og:site_name\" content=\"Excel Advisor\" \/>\n<meta property=\"article:modified_time\" content=\"2023-12-06T11:51:14+00:00\" \/>\n<meta property=\"og:image\" content=\"https:\/\/exceladvisor.org\/wp-content\/uploads\/2023\/08\/1-declarer-une-constante-en-vba.png\" \/>\n<meta name=\"twitter:card\" content=\"summary_large_image\" \/>\n<meta name=\"twitter:label1\" content=\"Tempo estimado de leitura\" \/>\n\t<meta name=\"twitter:data1\" content=\"2 minutos\" \/>\n<script type=\"application\/ld+json\" class=\"yoast-schema-graph\">{\"@context\":\"https:\/\/schema.org\",\"@graph\":[{\"@type\":\"WebPage\",\"@id\":\"https:\/\/exceladvisor.org\/pt\/constantes\/\",\"url\":\"https:\/\/exceladvisor.org\/pt\/constantes\/\",\"name\":\"\u25b7 Constantes VBA: Escopo e Declara\u00e7\u00e3o (Tutorial 2023)\",\"isPartOf\":{\"@id\":\"https:\/\/exceladvisor.org\/pt\/#website\"},\"primaryImageOfPage\":{\"@id\":\"https:\/\/exceladvisor.org\/pt\/constantes\/#primaryimage\"},\"image\":{\"@id\":\"https:\/\/exceladvisor.org\/pt\/constantes\/#primaryimage\"},\"thumbnailUrl\":\"https:\/\/exceladvisor.org\/wp-content\/uploads\/2023\/08\/1-declarer-une-constante-en-vba.png\",\"datePublished\":\"2023-09-29T00:37:26+00:00\",\"dateModified\":\"2023-12-06T11:51:14+00:00\",\"description\":\"No VBA, uma constante \u00e9 uma caixa de armazenamento que \u00e9 armazenada em seu sistema e que pode armazenar um valor para voc\u00ea\",\"breadcrumb\":{\"@id\":\"https:\/\/exceladvisor.org\/pt\/constantes\/#breadcrumb\"},\"inLanguage\":\"pt-PT\",\"potentialAction\":[{\"@type\":\"ReadAction\",\"target\":[\"https:\/\/exceladvisor.org\/pt\/constantes\/\"]}]},{\"@type\":\"ImageObject\",\"inLanguage\":\"pt-PT\",\"@id\":\"https:\/\/exceladvisor.org\/pt\/constantes\/#primaryimage\",\"url\":\"https:\/\/exceladvisor.org\/wp-content\/uploads\/2023\/08\/1-declarer-une-constante-en-vba.png\",\"contentUrl\":\"https:\/\/exceladvisor.org\/wp-content\/uploads\/2023\/08\/1-declarer-une-constante-en-vba.png\"},{\"@type\":\"BreadcrumbList\",\"@id\":\"https:\/\/exceladvisor.org\/pt\/constantes\/#breadcrumb\",\"itemListElement\":[{\"@type\":\"ListItem\",\"position\":1,\"name\":\"Lar\",\"item\":\"https:\/\/exceladvisor.org\/pt\/\"},{\"@type\":\"ListItem\",\"position\":2,\"name\":\"O que \u00e9 uma constante no vba?\"}]},{\"@type\":\"WebSite\",\"@id\":\"https:\/\/exceladvisor.org\/pt\/#website\",\"url\":\"https:\/\/exceladvisor.org\/pt\/\",\"name\":\"Excel Advisor\",\"description\":\"O seu guia definitivo para dominar os dados!\",\"publisher\":{\"@id\":\"https:\/\/exceladvisor.org\/pt\/#organization\"},\"potentialAction\":[{\"@type\":\"SearchAction\",\"target\":{\"@type\":\"EntryPoint\",\"urlTemplate\":\"https:\/\/exceladvisor.org\/pt\/?s={search_term_string}\"},\"query-input\":{\"@type\":\"PropertyValueSpecification\",\"valueRequired\":true,\"valueName\":\"search_term_string\"}}],\"inLanguage\":\"pt-PT\"},{\"@type\":\"Organization\",\"@id\":\"https:\/\/exceladvisor.org\/pt\/#organization\",\"name\":\"Excel Advisor\",\"url\":\"https:\/\/exceladvisor.org\/pt\/\",\"logo\":{\"@type\":\"ImageObject\",\"inLanguage\":\"pt-PT\",\"@id\":\"https:\/\/exceladvisor.org\/pt\/#\/schema\/logo\/image\/\",\"url\":\"https:\/\/exceladvisor.org\/pt\/wp-content\/uploads\/2023\/12\/exceladvisor.org_.png\",\"contentUrl\":\"https:\/\/exceladvisor.org\/pt\/wp-content\/uploads\/2023\/12\/exceladvisor.org_.png\",\"width\":105,\"height\":36,\"caption\":\"Excel Advisor\"},\"image\":{\"@id\":\"https:\/\/exceladvisor.org\/pt\/#\/schema\/logo\/image\/\"}}]}<\/script>\n<!-- \/ Yoast SEO plugin. -->","yoast_head_json":{"title":"\u25b7 Constantes VBA: Escopo e Declara\u00e7\u00e3o (Tutorial 2023)","description":"No VBA, uma constante \u00e9 uma caixa de armazenamento que \u00e9 armazenada em seu sistema e que pode armazenar um valor para voc\u00ea","robots":{"index":"index","follow":"follow","max-snippet":"max-snippet:-1","max-image-preview":"max-image-preview:large","max-video-preview":"max-video-preview:-1"},"canonical":"https:\/\/exceladvisor.org\/pt\/constantes\/","og_locale":"pt_PT","og_type":"article","og_title":"\u25b7 Constantes VBA: Escopo e Declara\u00e7\u00e3o (Tutorial 2023)","og_description":"No VBA, uma constante \u00e9 uma caixa de armazenamento que \u00e9 armazenada em seu sistema e que pode armazenar um valor para voc\u00ea","og_url":"https:\/\/exceladvisor.org\/pt\/constantes\/","og_site_name":"Excel Advisor","article_modified_time":"2023-12-06T11:51:14+00:00","og_image":[{"url":"https:\/\/exceladvisor.org\/wp-content\/uploads\/2023\/08\/1-declarer-une-constante-en-vba.png","type":"","width":"","height":""}],"twitter_card":"summary_large_image","twitter_misc":{"Tempo estimado de leitura":"2 minutos"},"schema":{"@context":"https:\/\/schema.org","@graph":[{"@type":"WebPage","@id":"https:\/\/exceladvisor.org\/pt\/constantes\/","url":"https:\/\/exceladvisor.org\/pt\/constantes\/","name":"\u25b7 Constantes VBA: Escopo e Declara\u00e7\u00e3o (Tutorial 2023)","isPartOf":{"@id":"https:\/\/exceladvisor.org\/pt\/#website"},"primaryImageOfPage":{"@id":"https:\/\/exceladvisor.org\/pt\/constantes\/#primaryimage"},"image":{"@id":"https:\/\/exceladvisor.org\/pt\/constantes\/#primaryimage"},"thumbnailUrl":"https:\/\/exceladvisor.org\/wp-content\/uploads\/2023\/08\/1-declarer-une-constante-en-vba.png","datePublished":"2023-09-29T00:37:26+00:00","dateModified":"2023-12-06T11:51:14+00:00","description":"No VBA, uma constante \u00e9 uma caixa de armazenamento que \u00e9 armazenada em seu sistema e que pode armazenar um valor para voc\u00ea","breadcrumb":{"@id":"https:\/\/exceladvisor.org\/pt\/constantes\/#breadcrumb"},"inLanguage":"pt-PT","potentialAction":[{"@type":"ReadAction","target":["https:\/\/exceladvisor.org\/pt\/constantes\/"]}]},{"@type":"ImageObject","inLanguage":"pt-PT","@id":"https:\/\/exceladvisor.org\/pt\/constantes\/#primaryimage","url":"https:\/\/exceladvisor.org\/wp-content\/uploads\/2023\/08\/1-declarer-une-constante-en-vba.png","contentUrl":"https:\/\/exceladvisor.org\/wp-content\/uploads\/2023\/08\/1-declarer-une-constante-en-vba.png"},{"@type":"BreadcrumbList","@id":"https:\/\/exceladvisor.org\/pt\/constantes\/#breadcrumb","itemListElement":[{"@type":"ListItem","position":1,"name":"Lar","item":"https:\/\/exceladvisor.org\/pt\/"},{"@type":"ListItem","position":2,"name":"O que \u00e9 uma constante no vba?"}]},{"@type":"WebSite","@id":"https:\/\/exceladvisor.org\/pt\/#website","url":"https:\/\/exceladvisor.org\/pt\/","name":"Excel Advisor","description":"O seu guia definitivo para dominar os dados!","publisher":{"@id":"https:\/\/exceladvisor.org\/pt\/#organization"},"potentialAction":[{"@type":"SearchAction","target":{"@type":"EntryPoint","urlTemplate":"https:\/\/exceladvisor.org\/pt\/?s={search_term_string}"},"query-input":{"@type":"PropertyValueSpecification","valueRequired":true,"valueName":"search_term_string"}}],"inLanguage":"pt-PT"},{"@type":"Organization","@id":"https:\/\/exceladvisor.org\/pt\/#organization","name":"Excel Advisor","url":"https:\/\/exceladvisor.org\/pt\/","logo":{"@type":"ImageObject","inLanguage":"pt-PT","@id":"https:\/\/exceladvisor.org\/pt\/#\/schema\/logo\/image\/","url":"https:\/\/exceladvisor.org\/pt\/wp-content\/uploads\/2023\/12\/exceladvisor.org_.png","contentUrl":"https:\/\/exceladvisor.org\/pt\/wp-content\/uploads\/2023\/12\/exceladvisor.org_.png","width":105,"height":36,"caption":"Excel Advisor"},"image":{"@id":"https:\/\/exceladvisor.org\/pt\/#\/schema\/logo\/image\/"}}]}},"yoast_meta":{"yoast_wpseo_title":"","yoast_wpseo_metadesc":"","yoast_wpseo_canonical":""},"_links":{"self":[{"href":"https:\/\/exceladvisor.org\/pt\/wp-json\/wp\/v2\/pages\/668","targetHints":{"allow":["GET"]}}],"collection":[{"href":"https:\/\/exceladvisor.org\/pt\/wp-json\/wp\/v2\/pages"}],"about":[{"href":"https:\/\/exceladvisor.org\/pt\/wp-json\/wp\/v2\/types\/page"}],"author":[{"embeddable":true,"href":"https:\/\/exceladvisor.org\/pt\/wp-json\/wp\/v2\/users\/1"}],"replies":[{"embeddable":true,"href":"https:\/\/exceladvisor.org\/pt\/wp-json\/wp\/v2\/comments?post=668"}],"version-history":[{"count":1,"href":"https:\/\/exceladvisor.org\/pt\/wp-json\/wp\/v2\/pages\/668\/revisions"}],"predecessor-version":[{"id":1459,"href":"https:\/\/exceladvisor.org\/pt\/wp-json\/wp\/v2\/pages\/668\/revisions\/1459"}],"wp:attachment":[{"href":"https:\/\/exceladvisor.org\/pt\/wp-json\/wp\/v2\/media?parent=668"}],"curies":[{"name":"wp","href":"https:\/\/api.w.org\/{rel}","templated":true}]}}