{"id":669,"date":"2023-09-29T00:29:07","date_gmt":"2023-09-29T00:29:07","guid":{"rendered":"https:\/\/exceladvisor.org\/pt\/ocultar-mostrar-linha-da-coluna\/"},"modified":"2023-12-06T11:38:45","modified_gmt":"2023-12-06T11:38:45","slug":"ocultar-mostrar-linha-da-coluna","status":"publish","type":"page","link":"https:\/\/exceladvisor.org\/pt\/ocultar-mostrar-linha-da-coluna\/","title":{"rendered":"Como ocultar\/mostrar uma coluna\/linha via vba?"},"content":{"rendered":"<div class=\"excel-before-content-2\" id=\"excel-248108208\"><script type=\"text\/javascript\">\r\n\tatOptions = {\r\n\t\t'key' : 'c1158f160081d6540a8409e6925dab94',\r\n\t\t'format' : 'iframe',\r\n\t\t'height' : 250,\r\n\t\t'width' : 300,\r\n\t\t'params' : {}\r\n\t};\r\n<\/script>\r\n<script type=\"text\/javascript\" src=\"\/\/www.highperformanceformat.com\/c1158f160081d6540a8409e6925dab94\/invoke.js\"><\/script><\/div><div class=\"excel-before-content\" id=\"excel-730621043\"><script type=\"text\/javascript\">\r\n\tatOptions = {\r\n\t\t'key' : 'c1158f160081d6540a8409e6925dab94',\r\n\t\t'format' : 'iframe',\r\n\t\t'height' : 250,\r\n\t\t'width' : 300,\r\n\t\t'params' : {}\r\n\t};\r\n<\/script>\r\n<script type=\"text\/javascript\" src=\"\/\/www.highperformanceformat.com\/c1158f160081d6540a8409e6925dab94\/invoke.js\"><\/script><\/div> <h2 class=\"wp-block-heading\">Propriedade oculta do VBA<\/h2><p> Para ocultar\/mostrar uma coluna ou linha no Excel usando VBA, voc\u00ea pode usar a propriedade \u201cOculto\u201d. Para usar esta propriedade, voc\u00ea deve especificar a coluna ou linha usando o <a href=\"https:\/\/exceladvisor.org\/pt\/intervalo-1\/\">objeto de intervalo<\/a> e, em seguida, especificar TRUE\/FALSE.<\/p><ol type=\"1\"><li> Especifique a coluna ou linha usando o objeto de intervalo.<\/li><li> Depois disso, use a propriedade coluna\/linha inteira para se referir \u00e0 linha ou coluna inteira.<\/li><li> Em seguida, use a propriedade oculta.<\/li><li> No final, especifique verdadeiro\/falso.<\/li><\/ol><p> Aqui est\u00e1 o exemplo a considerar: <\/p><div class=\"wp-block-image\"><figure class=\"aligncenter size-full is-resized\"><img loading=\"lazy\" decoding=\"async\" class=\"wp-image-61436\" src=\"https:\/\/exceladvisor.org\/wp-content\/uploads\/2023\/08\/1-propriete-cachee-vba.png\" sizes=\"auto, \" srcset=\"\" alt=\"propriedade oculta em vba\" width=\"535\" height=\"297\"><\/figure><\/div><pre class=\"wp-block-code\"> <code class=\"language-visual-basic\" lang=\"visual-basic\">Sub vba_hide_row_columns() 'hide the column A Range(\"A:A\").EntireColumn.Hidden = True 'hide the row 1 Range(\"1:1\").EntireRow.Hidden = True End Sub<\/code><\/pre><p> No c\u00f3digo acima, usamos a propriedade oculta para ocultar as colunas A e a linha 1. E aqui est\u00e1 o c\u00f3digo para mostr\u00e1-las.<\/p><pre class=\"wp-block-code\"> <code class=\"language-visual-basic\" lang=\"visual-basic\">Sub vba_hide_row_columns() 'unhide the column A Range(\"A:A\").EntireColumn.Hidden = False 'unhide the row 1 Range(\"1:1\").EntireRow.Hidden = False End Sub<\/code><\/pre><h2 class=\"wp-block-heading\"> Ocultar\/Mostrar m\u00faltiplas linhas e colunas VBA<\/h2><pre class=\"wp-block-code\"> <code class=\"language-visual-basic\" lang=\"visual-basic\">Sub vba_hide_row_columns() 'hide the column A to c Range(\"A:C\").EntireColumn.Hidden = True 'hide the row 1 to 4 Range(\"1:4\").EntireRow.Hidden = True End Sub<\/code><\/pre><p> E da mesma forma, se voc\u00ea quiser exibir v\u00e1rias linhas e colunas.<\/p><pre class=\"wp-block-code\"> <code class=\"language-visual-basic\" lang=\"visual-basic\">Sub vba_hide_row_columns() 'hide the column A to c Range(\"A:C\").EntireColumn.Hidden = False 'hide the row 1 to 4 Range(\"1:4\").EntireRow.Hidden = False End Sub<\/code><\/pre><h2 class=\"wp-block-heading\"> Ocultar todas as colunas e linhas <\/h2><pre class=\"wp-block-code\"> <code class=\"language-visual-basic\" lang=\"visual-basic\">Sub vba_hide_row_columns() 'hide the column A Columns.EntireColumn.Hidden = True 'hide the row 1 Rows.EntireRow.Hidden = True End Sub<\/code><\/pre><div class=\"wp-block-image\"><figure class=\"aligncenter size-full is-resized\"><img loading=\"lazy\" decoding=\"async\" class=\"wp-image-61437\" src=\"https:\/\/exceladvisor.org\/wp-content\/uploads\/2023\/08\/2-masquer-toutes-les-colonnes-et-lignes.png\" sizes=\"auto, \" srcset=\"\" alt=\"ocultar todas as colunas e linhas\" width=\"558\" height=\"330\"><\/figure><\/div><h2 class=\"wp-block-heading\"> Mostrar todas as colunas e linhas<\/h2><pre class=\"wp-block-code\"> <code class=\"language-visual-basic\" lang=\"visual-basic\">Sub vba_hide_row_columns() 'unhide all the columns Columns.EntireColumn.Hidden = False 'unhide all the rows Rows.EntireRow.Hidden = False End Sub<\/code><\/pre><h2 class=\"wp-block-heading\"> Ocultar\/Mostrar colunas e linhas em outra planilha<\/h2><pre class=\"wp-block-code\"> <code class=\"language-visual-basic\" lang=\"visual-basic\">Sub vba_hide_row_columns() 'hide all columns in the sheet 1 Worksheets(\"Sheet1\").Columns.EntireColumn.Hidden = False 'hide all rows in the sheet 1 Worksheets(\"Sheet1\").Rows.EntireRow.Hidden = False End Sub<\/code><\/pre><div class=\"gb-container gb-container-4db6181c gb-container-mt\"> <a class=\"gb-button gb-button-c5897111 gb-button-text gb-button-mt-button\" href=\"https:\/\/exceladvisor.org\/pt\/vba\/\">O que \u00e9 VBA<\/a><h2 class=\"gb-headline gb-headline-665e5f6b gb-headline-text gb-headline-mt-heading\"> Tutoriais relacionados <\/h2><div class=\"gb-grid-wrapper gb-grid-wrapper-a20baf7c gb-grid-wrapper-mt-grid\"><div class=\"gb-grid-column gb-grid-column-65ddf67e\"><div class=\"gb-container gb-container-65ddf67e\"><ul><li> <a href=\"https:\/\/exceladvisor.org\/pt\/numero-de-linhas\/\">Contar linhas usando VBA no Excel<\/a><\/li><li> <a href=\"https:\/\/exceladvisor.org\/pt\/fonte-de-caracteres\/\">Fonte Excel VBA (cor, tamanho, tipo e negrito)<\/a><\/li><li> <a href=\"https:\/\/exceladvisor.org\/pt\/intervalo-1\/\">Intervalo Excel VBA \u2013 Trabalhando com intervalo e c\u00e9lulas<\/a><\/li><li> <a href=\"https:\/\/exceladvisor.org\/pt\/fronteiras\/\">Aplicar bordas a uma c\u00e9lula usando VBA no Excel<\/a><\/li><li> <a href=\"https:\/\/exceladvisor.org\/pt\/encontre-a-celula-da-coluna-da-ultima-linha\/\">Encontre a \u00faltima linha, coluna e c\u00e9lula usando VBA no Excel<\/a> <\/li><\/ul><\/div><\/div><div class=\"gb-grid-column gb-grid-column-50067b57\"><div class=\"gb-container gb-container-50067b57\"><\/div><\/div><\/div><\/div>","protected":false},"excerpt":{"rendered":"","protected":false},"author":1,"featured_media":0,"parent":0,"menu_order":0,"comment_status":"open","ping_status":"closed","template":"","meta":{"ub_ctt_via":"","footnotes":""},"class_list":["post-669","page","type-page","status-publish","hentry"],"featured_image_src":null,"yoast_head":"<!-- This site is optimized with the Yoast SEO plugin v25.4 - https:\/\/yoast.com\/wordpress\/plugins\/seo\/ -->\n<title>\u25b7 Como ocultar\/mostrar uma coluna\/linha via VBA?<\/title>\n<meta name=\"description\" content=\"Neste tutorial VBA, aprenderemos como ocultar e mostrar uma coluna e uma linha usando c\u00f3digo VBA e escreveremos isso\" \/>\n<meta name=\"robots\" content=\"index, follow, max-snippet:-1, max-image-preview:large, max-video-preview:-1\" \/>\n<link rel=\"canonical\" href=\"https:\/\/exceladvisor.org\/pt\/ocultar-mostrar-linha-da-coluna\/\" \/>\n<meta property=\"og:locale\" content=\"pt_PT\" \/>\n<meta property=\"og:type\" content=\"article\" \/>\n<meta property=\"og:title\" content=\"\u25b7 Como ocultar\/mostrar uma coluna\/linha via VBA?\" \/>\n<meta property=\"og:description\" content=\"Neste tutorial VBA, aprenderemos como ocultar e mostrar uma coluna e uma linha usando c\u00f3digo VBA e escreveremos isso\" \/>\n<meta property=\"og:url\" content=\"https:\/\/exceladvisor.org\/pt\/ocultar-mostrar-linha-da-coluna\/\" \/>\n<meta property=\"og:site_name\" content=\"Excel Advisor\" \/>\n<meta property=\"article:modified_time\" content=\"2023-12-06T11:38:45+00:00\" \/>\n<meta property=\"og:image\" content=\"https:\/\/exceladvisor.org\/wp-content\/uploads\/2023\/08\/1-propriete-cachee-vba.png\" \/>\n<meta name=\"twitter:card\" content=\"summary_large_image\" \/>\n<meta name=\"twitter:label1\" content=\"Tempo estimado de leitura\" \/>\n\t<meta name=\"twitter:data1\" content=\"2 minutos\" \/>\n<script type=\"application\/ld+json\" class=\"yoast-schema-graph\">{\"@context\":\"https:\/\/schema.org\",\"@graph\":[{\"@type\":\"WebPage\",\"@id\":\"https:\/\/exceladvisor.org\/pt\/ocultar-mostrar-linha-da-coluna\/\",\"url\":\"https:\/\/exceladvisor.org\/pt\/ocultar-mostrar-linha-da-coluna\/\",\"name\":\"\u25b7 Como ocultar\/mostrar uma coluna\/linha via VBA?\",\"isPartOf\":{\"@id\":\"https:\/\/exceladvisor.org\/pt\/#website\"},\"primaryImageOfPage\":{\"@id\":\"https:\/\/exceladvisor.org\/pt\/ocultar-mostrar-linha-da-coluna\/#primaryimage\"},\"image\":{\"@id\":\"https:\/\/exceladvisor.org\/pt\/ocultar-mostrar-linha-da-coluna\/#primaryimage\"},\"thumbnailUrl\":\"https:\/\/exceladvisor.org\/wp-content\/uploads\/2023\/08\/1-propriete-cachee-vba.png\",\"datePublished\":\"2023-09-29T00:29:07+00:00\",\"dateModified\":\"2023-12-06T11:38:45+00:00\",\"description\":\"Neste tutorial VBA, aprenderemos como ocultar e mostrar uma coluna e uma linha usando c\u00f3digo VBA e escreveremos isso\",\"breadcrumb\":{\"@id\":\"https:\/\/exceladvisor.org\/pt\/ocultar-mostrar-linha-da-coluna\/#breadcrumb\"},\"inLanguage\":\"pt-PT\",\"potentialAction\":[{\"@type\":\"ReadAction\",\"target\":[\"https:\/\/exceladvisor.org\/pt\/ocultar-mostrar-linha-da-coluna\/\"]}]},{\"@type\":\"ImageObject\",\"inLanguage\":\"pt-PT\",\"@id\":\"https:\/\/exceladvisor.org\/pt\/ocultar-mostrar-linha-da-coluna\/#primaryimage\",\"url\":\"https:\/\/exceladvisor.org\/wp-content\/uploads\/2023\/08\/1-propriete-cachee-vba.png\",\"contentUrl\":\"https:\/\/exceladvisor.org\/wp-content\/uploads\/2023\/08\/1-propriete-cachee-vba.png\"},{\"@type\":\"BreadcrumbList\",\"@id\":\"https:\/\/exceladvisor.org\/pt\/ocultar-mostrar-linha-da-coluna\/#breadcrumb\",\"itemListElement\":[{\"@type\":\"ListItem\",\"position\":1,\"name\":\"Lar\",\"item\":\"https:\/\/exceladvisor.org\/pt\/\"},{\"@type\":\"ListItem\",\"position\":2,\"name\":\"Como ocultar\/mostrar uma coluna\/linha via vba?\"}]},{\"@type\":\"WebSite\",\"@id\":\"https:\/\/exceladvisor.org\/pt\/#website\",\"url\":\"https:\/\/exceladvisor.org\/pt\/\",\"name\":\"Excel Advisor\",\"description\":\"O seu guia definitivo para dominar os dados!\",\"publisher\":{\"@id\":\"https:\/\/exceladvisor.org\/pt\/#organization\"},\"potentialAction\":[{\"@type\":\"SearchAction\",\"target\":{\"@type\":\"EntryPoint\",\"urlTemplate\":\"https:\/\/exceladvisor.org\/pt\/?s={search_term_string}\"},\"query-input\":{\"@type\":\"PropertyValueSpecification\",\"valueRequired\":true,\"valueName\":\"search_term_string\"}}],\"inLanguage\":\"pt-PT\"},{\"@type\":\"Organization\",\"@id\":\"https:\/\/exceladvisor.org\/pt\/#organization\",\"name\":\"Excel Advisor\",\"url\":\"https:\/\/exceladvisor.org\/pt\/\",\"logo\":{\"@type\":\"ImageObject\",\"inLanguage\":\"pt-PT\",\"@id\":\"https:\/\/exceladvisor.org\/pt\/#\/schema\/logo\/image\/\",\"url\":\"https:\/\/exceladvisor.org\/pt\/wp-content\/uploads\/2023\/12\/exceladvisor.org_.png\",\"contentUrl\":\"https:\/\/exceladvisor.org\/pt\/wp-content\/uploads\/2023\/12\/exceladvisor.org_.png\",\"width\":105,\"height\":36,\"caption\":\"Excel Advisor\"},\"image\":{\"@id\":\"https:\/\/exceladvisor.org\/pt\/#\/schema\/logo\/image\/\"}}]}<\/script>\n<!-- \/ Yoast SEO plugin. -->","yoast_head_json":{"title":"\u25b7 Como ocultar\/mostrar uma coluna\/linha via VBA?","description":"Neste tutorial VBA, aprenderemos como ocultar e mostrar uma coluna e uma linha usando c\u00f3digo VBA e escreveremos isso","robots":{"index":"index","follow":"follow","max-snippet":"max-snippet:-1","max-image-preview":"max-image-preview:large","max-video-preview":"max-video-preview:-1"},"canonical":"https:\/\/exceladvisor.org\/pt\/ocultar-mostrar-linha-da-coluna\/","og_locale":"pt_PT","og_type":"article","og_title":"\u25b7 Como ocultar\/mostrar uma coluna\/linha via VBA?","og_description":"Neste tutorial VBA, aprenderemos como ocultar e mostrar uma coluna e uma linha usando c\u00f3digo VBA e escreveremos isso","og_url":"https:\/\/exceladvisor.org\/pt\/ocultar-mostrar-linha-da-coluna\/","og_site_name":"Excel Advisor","article_modified_time":"2023-12-06T11:38:45+00:00","og_image":[{"url":"https:\/\/exceladvisor.org\/wp-content\/uploads\/2023\/08\/1-propriete-cachee-vba.png","type":"","width":"","height":""}],"twitter_card":"summary_large_image","twitter_misc":{"Tempo estimado de leitura":"2 minutos"},"schema":{"@context":"https:\/\/schema.org","@graph":[{"@type":"WebPage","@id":"https:\/\/exceladvisor.org\/pt\/ocultar-mostrar-linha-da-coluna\/","url":"https:\/\/exceladvisor.org\/pt\/ocultar-mostrar-linha-da-coluna\/","name":"\u25b7 Como ocultar\/mostrar uma coluna\/linha via VBA?","isPartOf":{"@id":"https:\/\/exceladvisor.org\/pt\/#website"},"primaryImageOfPage":{"@id":"https:\/\/exceladvisor.org\/pt\/ocultar-mostrar-linha-da-coluna\/#primaryimage"},"image":{"@id":"https:\/\/exceladvisor.org\/pt\/ocultar-mostrar-linha-da-coluna\/#primaryimage"},"thumbnailUrl":"https:\/\/exceladvisor.org\/wp-content\/uploads\/2023\/08\/1-propriete-cachee-vba.png","datePublished":"2023-09-29T00:29:07+00:00","dateModified":"2023-12-06T11:38:45+00:00","description":"Neste tutorial VBA, aprenderemos como ocultar e mostrar uma coluna e uma linha usando c\u00f3digo VBA e escreveremos isso","breadcrumb":{"@id":"https:\/\/exceladvisor.org\/pt\/ocultar-mostrar-linha-da-coluna\/#breadcrumb"},"inLanguage":"pt-PT","potentialAction":[{"@type":"ReadAction","target":["https:\/\/exceladvisor.org\/pt\/ocultar-mostrar-linha-da-coluna\/"]}]},{"@type":"ImageObject","inLanguage":"pt-PT","@id":"https:\/\/exceladvisor.org\/pt\/ocultar-mostrar-linha-da-coluna\/#primaryimage","url":"https:\/\/exceladvisor.org\/wp-content\/uploads\/2023\/08\/1-propriete-cachee-vba.png","contentUrl":"https:\/\/exceladvisor.org\/wp-content\/uploads\/2023\/08\/1-propriete-cachee-vba.png"},{"@type":"BreadcrumbList","@id":"https:\/\/exceladvisor.org\/pt\/ocultar-mostrar-linha-da-coluna\/#breadcrumb","itemListElement":[{"@type":"ListItem","position":1,"name":"Lar","item":"https:\/\/exceladvisor.org\/pt\/"},{"@type":"ListItem","position":2,"name":"Como ocultar\/mostrar uma coluna\/linha via vba?"}]},{"@type":"WebSite","@id":"https:\/\/exceladvisor.org\/pt\/#website","url":"https:\/\/exceladvisor.org\/pt\/","name":"Excel Advisor","description":"O seu guia definitivo para dominar os dados!","publisher":{"@id":"https:\/\/exceladvisor.org\/pt\/#organization"},"potentialAction":[{"@type":"SearchAction","target":{"@type":"EntryPoint","urlTemplate":"https:\/\/exceladvisor.org\/pt\/?s={search_term_string}"},"query-input":{"@type":"PropertyValueSpecification","valueRequired":true,"valueName":"search_term_string"}}],"inLanguage":"pt-PT"},{"@type":"Organization","@id":"https:\/\/exceladvisor.org\/pt\/#organization","name":"Excel Advisor","url":"https:\/\/exceladvisor.org\/pt\/","logo":{"@type":"ImageObject","inLanguage":"pt-PT","@id":"https:\/\/exceladvisor.org\/pt\/#\/schema\/logo\/image\/","url":"https:\/\/exceladvisor.org\/pt\/wp-content\/uploads\/2023\/12\/exceladvisor.org_.png","contentUrl":"https:\/\/exceladvisor.org\/pt\/wp-content\/uploads\/2023\/12\/exceladvisor.org_.png","width":105,"height":36,"caption":"Excel Advisor"},"image":{"@id":"https:\/\/exceladvisor.org\/pt\/#\/schema\/logo\/image\/"}}]}},"yoast_meta":{"yoast_wpseo_title":"","yoast_wpseo_metadesc":"","yoast_wpseo_canonical":""},"_links":{"self":[{"href":"https:\/\/exceladvisor.org\/pt\/wp-json\/wp\/v2\/pages\/669","targetHints":{"allow":["GET"]}}],"collection":[{"href":"https:\/\/exceladvisor.org\/pt\/wp-json\/wp\/v2\/pages"}],"about":[{"href":"https:\/\/exceladvisor.org\/pt\/wp-json\/wp\/v2\/types\/page"}],"author":[{"embeddable":true,"href":"https:\/\/exceladvisor.org\/pt\/wp-json\/wp\/v2\/users\/1"}],"replies":[{"embeddable":true,"href":"https:\/\/exceladvisor.org\/pt\/wp-json\/wp\/v2\/comments?post=669"}],"version-history":[{"count":1,"href":"https:\/\/exceladvisor.org\/pt\/wp-json\/wp\/v2\/pages\/669\/revisions"}],"predecessor-version":[{"id":1149,"href":"https:\/\/exceladvisor.org\/pt\/wp-json\/wp\/v2\/pages\/669\/revisions\/1149"}],"wp:attachment":[{"href":"https:\/\/exceladvisor.org\/pt\/wp-json\/wp\/v2\/media?parent=669"}],"curies":[{"name":"wp","href":"https:\/\/api.w.org\/{rel}","templated":true}]}}