{"id":67,"date":"2023-11-17T11:53:36","date_gmt":"2023-11-17T11:53:36","guid":{"rendered":"https:\/\/exceladvisor.org\/pt\/ativar-pasta-de-trabalho\/"},"modified":"2023-12-06T11:34:49","modified_gmt":"2023-12-06T11:34:49","slug":"ativar-pasta-de-trabalho","status":"publish","type":"page","link":"https:\/\/exceladvisor.org\/pt\/ativar-pasta-de-trabalho\/","title":{"rendered":"Como ativar uma pasta de trabalho do excel via vba?"},"content":{"rendered":"<div class=\"excel-before-content-2\" id=\"excel-50847299\"><script type=\"text\/javascript\">\r\n\tatOptions = {\r\n\t\t'key' : 'c1158f160081d6540a8409e6925dab94',\r\n\t\t'format' : 'iframe',\r\n\t\t'height' : 250,\r\n\t\t'width' : 300,\r\n\t\t'params' : {}\r\n\t};\r\n<\/script>\r\n<script type=\"text\/javascript\" src=\"\/\/www.highperformanceformat.com\/c1158f160081d6540a8409e6925dab94\/invoke.js\"><\/script><\/div><div class=\"excel-before-content\" id=\"excel-823379804\"><script type=\"text\/javascript\">\r\n\tatOptions = {\r\n\t\t'key' : 'c1158f160081d6540a8409e6925dab94',\r\n\t\t'format' : 'iframe',\r\n\t\t'height' : 250,\r\n\t\t'width' : 300,\r\n\t\t'params' : {}\r\n\t};\r\n<\/script>\r\n<script type=\"text\/javascript\" src=\"\/\/www.highperformanceformat.com\/c1158f160081d6540a8409e6925dab94\/invoke.js\"><\/script><\/div> <p>Quando voc\u00ea est\u00e1 trabalhando com v\u00e1rias pastas de trabalho ao mesmo tempo, quero dizer, quando voc\u00ea tem v\u00e1rias pastas de trabalho abertas ao mesmo tempo, voc\u00ea precisa conhecer o m\u00e9todo que pode ajud\u00e1-lo a ativar uma pasta de trabalho na qual deseja trabalhar. <\/p><div class=\"wp-block-image\"><figure class=\"aligncenter size-large is-resized\"><img loading=\"lazy\" decoding=\"async\" class=\"wp-image-52783\" src=\"https:\/\/exceladvisor.org\/wp-content\/uploads\/2023\/08\/1-classeur-active.png\" sizes=\"auto, \" srcset=\"\" alt=\"ativar pasta de trabalho\" width=\"404\" height=\"67\"><\/figure><\/div><p> Para ativar uma pasta de trabalho usando VBA, voc\u00ea deve usar o m\u00e9todo Workbook.Activate. Neste m\u00e9todo, voc\u00ea precisa especificar o nome da pasta de trabalho usando o objeto Workbook. Tamb\u00e9m permite usar o n\u00famero da pasta de trabalho em vez do nome da pasta de trabalho, mas voc\u00ea s\u00f3 pode fazer refer\u00eancia a pastas de trabalho abertas.<\/p><p> Neste tutorial, examinamos diferentes maneiras de usar esse m\u00e9todo.<\/p><h2 class=\"wp-block-heading\"> Etapas para ativar uma pasta de trabalho <\/h2><div class=\"wp-block-image\"><figure class=\"aligncenter size-large is-resized\"><img loading=\"lazy\" decoding=\"async\" class=\"wp-image-52784\" src=\"https:\/\/exceladvisor.org\/wp-content\/uploads\/2023\/08\/2-types-de-classeurs.png\" sizes=\"auto, \" srcset=\"\" alt=\"tipo de pastas\" width=\"447\" height=\"211\"><\/figure><\/div><ol type=\"1\"><li> Digite \u201cFich\u00e1rios\u201d para usar o objeto fich\u00e1rio.<\/li><li> Especifique o nome da pasta de trabalho entre aspas duplas.<\/li><li> Insira um ponto final (.) para obter uma lista de propriedades e m\u00e9todos.<\/li><li> Selecione o m\u00e9todo Ativar na lista ou voc\u00ea tamb\u00e9m pode inseri-lo.<\/li><li> No final, execute o c\u00f3digo para ativar a pasta de trabalho.<\/li><\/ol><pre class=\"wp-block-code\"> <code class=\"language-visual-basic\" lang=\"visual-basic\">Sub vba_activate_workbook() Workbooks(\"Book3\").Activate End Sub<\/code><\/pre><p class=\"qt-tip\"> <strong>Nota:<\/strong> Se voc\u00ea tentar ativar uma pasta de trabalho que n\u00e3o esteja aberta, o VBA exibir\u00e1 um erro. <\/p><div class=\"wp-block-image\"><figure class=\"aligncenter size-large is-resized\"><img loading=\"lazy\" decoding=\"async\" class=\"wp-image-52785\" src=\"https:\/\/exceladvisor.org\/wp-content\/uploads\/2023\/08\/3-vba-affichera-une-erreur.png\" sizes=\"auto, \" srcset=\"\" alt=\"vba-mostrar\u00e1-um-erro\" width=\"444\" height=\"317\"><\/figure><\/div><p> <strong>Relacionado:<\/strong> <a href=\"https:\/\/exceladvisor.org\/pt\/ativar-planilha\/\"><strong>Ativar uma planilha usando VBA<\/strong><\/a><\/p><p class=\"content-box-grey\"> <em>Links \u00fateis: <a href=\"https:\/\/exceladvisor.org\/pt\/executar-uma-macro-2\/\">Executar uma macro<\/a> \u2013 <a href=\"https:\/\/exceladvisor.org\/pt\/gravar-uma-macro\/\">Gravador de macro<\/a> \u2013 <a href=\"https:\/\/exceladvisor.org\/pt\/editor-visual-basico\/\">Editor Visual Basic<\/a> \u2013 <a href=\"https:\/\/exceladvisor.org\/pt\/caderno-macro-pessoal\/\">Manual pessoal de macros<\/a><\/em><\/p><h2 class=\"wp-block-heading\"> Ativar uma pasta de trabalho usando n\u00famero<\/h2><p> Quando voc\u00ea tem v\u00e1rias pastas de trabalho abertas, todas essas pastas de trabalho se tornam parte da cole\u00e7\u00e3o de pastas de trabalho e t\u00eam um n\u00famero ao qual voc\u00ea pode consultar e, ent\u00e3o, voc\u00ea pode usar o m\u00e9todo activate com elas. Aqui est\u00e1 o c\u00f3digo: <\/p><pre class=\"wp-block-code\"> <code class=\"language-visual-basic\" lang=\"visual-basic\">Sub vba_activate_workbook() Workbooks(2).Activate End Sub<\/code><\/pre><div class=\"wp-block-image\"><figure class=\"aligncenter size-large is-resized\"><img loading=\"lazy\" decoding=\"async\" class=\"wp-image-52786\" src=\"https:\/\/exceladvisor.org\/wp-content\/uploads\/2023\/08\/4-activer-un-classeur-en-utilisant-le-numero.png\" sizes=\"auto, \" srcset=\"\" alt=\"ativar um fich\u00e1rio usando n\u00famero\" width=\"401\" height=\"218\"><\/figure><\/div><p> E se voc\u00ea tentar ativar uma pasta de trabalho usando um n\u00famero que n\u00e3o existe, o VBA mostrar\u00e1 um erro em tempo de execu\u00e7\u00e3o &#8216;9&#8217; (Subscrito fora do intervalo). <\/p><div class=\"wp-block-image\"><figure class=\"aligncenter size-large is-resized\"><img loading=\"lazy\" decoding=\"async\" class=\"wp-image-52787\" src=\"https:\/\/exceladvisor.org\/wp-content\/uploads\/2023\/08\/5-vba-affichera-lerreur-dexecution-9.png\" sizes=\"auto, \" srcset=\"\" alt=\"vba-mostrar\u00e1-erro-de-tempo-de-execu\u00e7\u00e3o-9\" width=\"400\" height=\"272\"><\/figure><\/div><h2 class=\"wp-block-heading\"> Ativar esta pasta de trabalho<\/h2><p> Voc\u00ea pode consultar a pasta de trabalho na qual escreve o c\u00f3digo usando a propriedade ThisWorkbook. Digamos que voc\u00ea tenha cinco pastas de trabalho abertas ao mesmo tempo, mas esteja trabalhando no &#8220;Livro1.xlsm&#8221;, ent\u00e3o, ao executar o c\u00f3digo a seguir, ele ativar\u00e1 o &#8220;Livro1.xlsm&#8221;.<\/p><pre class=\"wp-block-code\"> <code class=\"language-visual-basic\" lang=\"visual-basic\">Sub vba_activate_workbook() ThisWorkbook.Activate End Sub<\/code><\/pre><h2 class=\"wp-block-heading\"> Verifique antes de ativar uma pasta de trabalho<\/h2><p> Como eu disse, quando voc\u00ea tenta ativar uma pasta de trabalho que n\u00e3o est\u00e1 aberta, o VBA mostra um erro. Para resolver este problema, a melhor maneira \u00e9 primeiro verificar o nome da pasta de trabalho (se est\u00e1 aberta ou n\u00e3o) e depois ativ\u00e1-la.<\/p><pre class=\"wp-block-code\"> <code class=\"language-visual-basic\" lang=\"visual-basic\">Sub vba_activate_workbook() Dim wb As Workbook For Each wb In Workbooks If wb.Name = \"Book3.xlsx\" Then wb.Activate MsgBox \"Workbook found and activated\" Exit Sub End If Next wb MsgBox \"Not found\" End Sub<\/code><\/pre><p> Usando o c\u00f3digo acima, voc\u00ea pode especificar um nome de pasta de trabalho e isso primeiro verificar\u00e1 esta pasta de trabalho em todas as pastas de trabalho abertas e, se encontrar a pasta de trabalho, ir\u00e1 ativ\u00e1-la.<\/p><h2 class=\"wp-block-heading\"> Coment\u00e1rios<\/h2><ul><li> Ao usar o nome da pasta de trabalho, certifique-se de usar a extens\u00e3o de arquivo correta<\/li><li> Se quiser ativar uma pasta de trabalho que ainda n\u00e3o foi salva, voc\u00ea dever\u00e1 usar apenas o nome dessa pasta de trabalho sem adicionar o sufixo \u00e0 extens\u00e3o do arquivo.<\/li><\/ul><div class=\"gb-container gb-container-4db6181c gb-container-mt\"> <a class=\"gb-button gb-button-c5897111 gb-button-text gb-button-mt-button\" href=\"https:\/\/exceladvisor.org\/pt\/vba\/\">O que \u00e9 VBA<\/a><h2 class=\"gb-headline gb-headline-665e5f6b gb-headline-text gb-headline-mt-heading\"> Tutoriais relacionados <\/h2><div class=\"gb-grid-wrapper gb-grid-wrapper-a20baf7c gb-grid-wrapper-mt-grid\"><div class=\"gb-grid-column gb-grid-column-65ddf67e\"><div class=\"gb-container gb-container-65ddf67e\"><ul><li> <a href=\"https:\/\/exceladvisor.org\/pt\/copiar-arquivo-excel\/\">Copie um arquivo Excel (pasta de trabalho) usando VBA<\/a><\/li><li> <a href=\"https:\/\/exceladvisor.org\/pt\/feche-a-pasta-de-trabalho\/\">Fechar pasta de trabalho do VBA (arquivo Excel)<\/a><\/li><li> <a href=\"https:\/\/exceladvisor.org\/pt\/combinar-pastas-de-trabalho\/\">Combinar pastas de trabalho VBA (arquivos Excel)<\/a><\/li><li> <a href=\"https:\/\/exceladvisor.org\/pt\/criar-uma-pasta-de-trabalho\/\">VBA Crie uma nova pasta de trabalho (arquivo Excel)<\/a><\/li><li> <a href=\"https:\/\/exceladvisor.org\/pt\/excluir-arquivo\/\">VBA Excluir pasta de trabalho (arquivo Excel)<\/a><\/li><\/ul><\/div><\/div><\/div><\/div>","protected":false},"excerpt":{"rendered":"","protected":false},"author":1,"featured_media":0,"parent":0,"menu_order":0,"comment_status":"open","ping_status":"closed","template":"","meta":{"ub_ctt_via":"","footnotes":""},"class_list":["post-67","page","type-page","status-publish","hentry"],"featured_image_src":null,"yoast_head":"<!-- This site is optimized with the Yoast SEO plugin v25.4 - https:\/\/yoast.com\/wordpress\/plugins\/seo\/ -->\n<title>\u25b7 Como ativar uma pasta de trabalho do Excel via VBA? (Tutorial 2023)<\/title>\n<meta name=\"description\" content=\"Quando voc\u00ea tem v\u00e1rias pastas de trabalho abertas ao mesmo tempo, esse m\u00e9todo pode ajudar voc\u00ea a economizar muito tempo.\" \/>\n<meta name=\"robots\" content=\"index, follow, max-snippet:-1, max-image-preview:large, max-video-preview:-1\" \/>\n<link rel=\"canonical\" href=\"https:\/\/exceladvisor.org\/pt\/ativar-pasta-de-trabalho\/\" \/>\n<meta property=\"og:locale\" content=\"pt_PT\" \/>\n<meta property=\"og:type\" content=\"article\" \/>\n<meta property=\"og:title\" content=\"\u25b7 Como ativar uma pasta de trabalho do Excel via VBA? (Tutorial 2023)\" \/>\n<meta property=\"og:description\" content=\"Quando voc\u00ea tem v\u00e1rias pastas de trabalho abertas ao mesmo tempo, esse m\u00e9todo pode ajudar voc\u00ea a economizar muito tempo.\" \/>\n<meta property=\"og:url\" content=\"https:\/\/exceladvisor.org\/pt\/ativar-pasta-de-trabalho\/\" \/>\n<meta property=\"og:site_name\" content=\"Excel Advisor\" \/>\n<meta property=\"article:modified_time\" content=\"2023-12-06T11:34:49+00:00\" \/>\n<meta property=\"og:image\" content=\"https:\/\/exceladvisor.org\/wp-content\/uploads\/2023\/08\/1-classeur-active.png\" \/>\n<meta name=\"twitter:card\" content=\"summary_large_image\" \/>\n<meta name=\"twitter:label1\" content=\"Tempo estimado de leitura\" \/>\n\t<meta name=\"twitter:data1\" content=\"3 minutos\" \/>\n<script type=\"application\/ld+json\" class=\"yoast-schema-graph\">{\"@context\":\"https:\/\/schema.org\",\"@graph\":[{\"@type\":\"WebPage\",\"@id\":\"https:\/\/exceladvisor.org\/pt\/ativar-pasta-de-trabalho\/\",\"url\":\"https:\/\/exceladvisor.org\/pt\/ativar-pasta-de-trabalho\/\",\"name\":\"\u25b7 Como ativar uma pasta de trabalho do Excel via VBA? (Tutorial 2023)\",\"isPartOf\":{\"@id\":\"https:\/\/exceladvisor.org\/pt\/#website\"},\"primaryImageOfPage\":{\"@id\":\"https:\/\/exceladvisor.org\/pt\/ativar-pasta-de-trabalho\/#primaryimage\"},\"image\":{\"@id\":\"https:\/\/exceladvisor.org\/pt\/ativar-pasta-de-trabalho\/#primaryimage\"},\"thumbnailUrl\":\"https:\/\/exceladvisor.org\/wp-content\/uploads\/2023\/08\/1-classeur-active.png\",\"datePublished\":\"2023-11-17T11:53:36+00:00\",\"dateModified\":\"2023-12-06T11:34:49+00:00\",\"description\":\"Quando voc\u00ea tem v\u00e1rias pastas de trabalho abertas ao mesmo tempo, esse m\u00e9todo pode ajudar voc\u00ea a economizar muito tempo.\",\"breadcrumb\":{\"@id\":\"https:\/\/exceladvisor.org\/pt\/ativar-pasta-de-trabalho\/#breadcrumb\"},\"inLanguage\":\"pt-PT\",\"potentialAction\":[{\"@type\":\"ReadAction\",\"target\":[\"https:\/\/exceladvisor.org\/pt\/ativar-pasta-de-trabalho\/\"]}]},{\"@type\":\"ImageObject\",\"inLanguage\":\"pt-PT\",\"@id\":\"https:\/\/exceladvisor.org\/pt\/ativar-pasta-de-trabalho\/#primaryimage\",\"url\":\"https:\/\/exceladvisor.org\/wp-content\/uploads\/2023\/08\/1-classeur-active.png\",\"contentUrl\":\"https:\/\/exceladvisor.org\/wp-content\/uploads\/2023\/08\/1-classeur-active.png\"},{\"@type\":\"BreadcrumbList\",\"@id\":\"https:\/\/exceladvisor.org\/pt\/ativar-pasta-de-trabalho\/#breadcrumb\",\"itemListElement\":[{\"@type\":\"ListItem\",\"position\":1,\"name\":\"Lar\",\"item\":\"https:\/\/exceladvisor.org\/pt\/\"},{\"@type\":\"ListItem\",\"position\":2,\"name\":\"Como ativar uma pasta de trabalho do excel via vba?\"}]},{\"@type\":\"WebSite\",\"@id\":\"https:\/\/exceladvisor.org\/pt\/#website\",\"url\":\"https:\/\/exceladvisor.org\/pt\/\",\"name\":\"Excel Advisor\",\"description\":\"O seu guia definitivo para dominar os dados!\",\"publisher\":{\"@id\":\"https:\/\/exceladvisor.org\/pt\/#organization\"},\"potentialAction\":[{\"@type\":\"SearchAction\",\"target\":{\"@type\":\"EntryPoint\",\"urlTemplate\":\"https:\/\/exceladvisor.org\/pt\/?s={search_term_string}\"},\"query-input\":{\"@type\":\"PropertyValueSpecification\",\"valueRequired\":true,\"valueName\":\"search_term_string\"}}],\"inLanguage\":\"pt-PT\"},{\"@type\":\"Organization\",\"@id\":\"https:\/\/exceladvisor.org\/pt\/#organization\",\"name\":\"Excel Advisor\",\"url\":\"https:\/\/exceladvisor.org\/pt\/\",\"logo\":{\"@type\":\"ImageObject\",\"inLanguage\":\"pt-PT\",\"@id\":\"https:\/\/exceladvisor.org\/pt\/#\/schema\/logo\/image\/\",\"url\":\"https:\/\/exceladvisor.org\/pt\/wp-content\/uploads\/2023\/12\/exceladvisor.org_.png\",\"contentUrl\":\"https:\/\/exceladvisor.org\/pt\/wp-content\/uploads\/2023\/12\/exceladvisor.org_.png\",\"width\":105,\"height\":36,\"caption\":\"Excel Advisor\"},\"image\":{\"@id\":\"https:\/\/exceladvisor.org\/pt\/#\/schema\/logo\/image\/\"}}]}<\/script>\n<!-- \/ Yoast SEO plugin. -->","yoast_head_json":{"title":"\u25b7 Como ativar uma pasta de trabalho do Excel via VBA? (Tutorial 2023)","description":"Quando voc\u00ea tem v\u00e1rias pastas de trabalho abertas ao mesmo tempo, esse m\u00e9todo pode ajudar voc\u00ea a economizar muito tempo.","robots":{"index":"index","follow":"follow","max-snippet":"max-snippet:-1","max-image-preview":"max-image-preview:large","max-video-preview":"max-video-preview:-1"},"canonical":"https:\/\/exceladvisor.org\/pt\/ativar-pasta-de-trabalho\/","og_locale":"pt_PT","og_type":"article","og_title":"\u25b7 Como ativar uma pasta de trabalho do Excel via VBA? (Tutorial 2023)","og_description":"Quando voc\u00ea tem v\u00e1rias pastas de trabalho abertas ao mesmo tempo, esse m\u00e9todo pode ajudar voc\u00ea a economizar muito tempo.","og_url":"https:\/\/exceladvisor.org\/pt\/ativar-pasta-de-trabalho\/","og_site_name":"Excel Advisor","article_modified_time":"2023-12-06T11:34:49+00:00","og_image":[{"url":"https:\/\/exceladvisor.org\/wp-content\/uploads\/2023\/08\/1-classeur-active.png","type":"","width":"","height":""}],"twitter_card":"summary_large_image","twitter_misc":{"Tempo estimado de leitura":"3 minutos"},"schema":{"@context":"https:\/\/schema.org","@graph":[{"@type":"WebPage","@id":"https:\/\/exceladvisor.org\/pt\/ativar-pasta-de-trabalho\/","url":"https:\/\/exceladvisor.org\/pt\/ativar-pasta-de-trabalho\/","name":"\u25b7 Como ativar uma pasta de trabalho do Excel via VBA? (Tutorial 2023)","isPartOf":{"@id":"https:\/\/exceladvisor.org\/pt\/#website"},"primaryImageOfPage":{"@id":"https:\/\/exceladvisor.org\/pt\/ativar-pasta-de-trabalho\/#primaryimage"},"image":{"@id":"https:\/\/exceladvisor.org\/pt\/ativar-pasta-de-trabalho\/#primaryimage"},"thumbnailUrl":"https:\/\/exceladvisor.org\/wp-content\/uploads\/2023\/08\/1-classeur-active.png","datePublished":"2023-11-17T11:53:36+00:00","dateModified":"2023-12-06T11:34:49+00:00","description":"Quando voc\u00ea tem v\u00e1rias pastas de trabalho abertas ao mesmo tempo, esse m\u00e9todo pode ajudar voc\u00ea a economizar muito tempo.","breadcrumb":{"@id":"https:\/\/exceladvisor.org\/pt\/ativar-pasta-de-trabalho\/#breadcrumb"},"inLanguage":"pt-PT","potentialAction":[{"@type":"ReadAction","target":["https:\/\/exceladvisor.org\/pt\/ativar-pasta-de-trabalho\/"]}]},{"@type":"ImageObject","inLanguage":"pt-PT","@id":"https:\/\/exceladvisor.org\/pt\/ativar-pasta-de-trabalho\/#primaryimage","url":"https:\/\/exceladvisor.org\/wp-content\/uploads\/2023\/08\/1-classeur-active.png","contentUrl":"https:\/\/exceladvisor.org\/wp-content\/uploads\/2023\/08\/1-classeur-active.png"},{"@type":"BreadcrumbList","@id":"https:\/\/exceladvisor.org\/pt\/ativar-pasta-de-trabalho\/#breadcrumb","itemListElement":[{"@type":"ListItem","position":1,"name":"Lar","item":"https:\/\/exceladvisor.org\/pt\/"},{"@type":"ListItem","position":2,"name":"Como ativar uma pasta de trabalho do excel via vba?"}]},{"@type":"WebSite","@id":"https:\/\/exceladvisor.org\/pt\/#website","url":"https:\/\/exceladvisor.org\/pt\/","name":"Excel Advisor","description":"O seu guia definitivo para dominar os dados!","publisher":{"@id":"https:\/\/exceladvisor.org\/pt\/#organization"},"potentialAction":[{"@type":"SearchAction","target":{"@type":"EntryPoint","urlTemplate":"https:\/\/exceladvisor.org\/pt\/?s={search_term_string}"},"query-input":{"@type":"PropertyValueSpecification","valueRequired":true,"valueName":"search_term_string"}}],"inLanguage":"pt-PT"},{"@type":"Organization","@id":"https:\/\/exceladvisor.org\/pt\/#organization","name":"Excel Advisor","url":"https:\/\/exceladvisor.org\/pt\/","logo":{"@type":"ImageObject","inLanguage":"pt-PT","@id":"https:\/\/exceladvisor.org\/pt\/#\/schema\/logo\/image\/","url":"https:\/\/exceladvisor.org\/pt\/wp-content\/uploads\/2023\/12\/exceladvisor.org_.png","contentUrl":"https:\/\/exceladvisor.org\/pt\/wp-content\/uploads\/2023\/12\/exceladvisor.org_.png","width":105,"height":36,"caption":"Excel Advisor"},"image":{"@id":"https:\/\/exceladvisor.org\/pt\/#\/schema\/logo\/image\/"}}]}},"yoast_meta":{"yoast_wpseo_title":"","yoast_wpseo_metadesc":"","yoast_wpseo_canonical":""},"_links":{"self":[{"href":"https:\/\/exceladvisor.org\/pt\/wp-json\/wp\/v2\/pages\/67","targetHints":{"allow":["GET"]}}],"collection":[{"href":"https:\/\/exceladvisor.org\/pt\/wp-json\/wp\/v2\/pages"}],"about":[{"href":"https:\/\/exceladvisor.org\/pt\/wp-json\/wp\/v2\/types\/page"}],"author":[{"embeddable":true,"href":"https:\/\/exceladvisor.org\/pt\/wp-json\/wp\/v2\/users\/1"}],"replies":[{"embeddable":true,"href":"https:\/\/exceladvisor.org\/pt\/wp-json\/wp\/v2\/comments?post=67"}],"version-history":[{"count":1,"href":"https:\/\/exceladvisor.org\/pt\/wp-json\/wp\/v2\/pages\/67\/revisions"}],"predecessor-version":[{"id":856,"href":"https:\/\/exceladvisor.org\/pt\/wp-json\/wp\/v2\/pages\/67\/revisions\/856"}],"wp:attachment":[{"href":"https:\/\/exceladvisor.org\/pt\/wp-json\/wp\/v2\/media?parent=67"}],"curies":[{"name":"wp","href":"https:\/\/api.w.org\/{rel}","templated":true}]}}