{"id":670,"date":"2023-09-28T23:53:52","date_gmt":"2023-09-28T23:53:52","guid":{"rendered":"https:\/\/exceladvisor.org\/pt\/data-de-hoje-hora-atual\/"},"modified":"2023-12-06T11:38:35","modified_gmt":"2023-12-06T11:38:35","slug":"data-de-hoje-hora-atual","status":"publish","type":"page","link":"https:\/\/exceladvisor.org\/pt\/data-de-hoje-hora-atual\/","title":{"rendered":"Como obter a data e hora atuais?"},"content":{"rendered":"<div class=\"excel-before-content-2\" id=\"excel-2415585270\"><script type=\"text\/javascript\">\r\n\tatOptions = {\r\n\t\t'key' : 'c1158f160081d6540a8409e6925dab94',\r\n\t\t'format' : 'iframe',\r\n\t\t'height' : 250,\r\n\t\t'width' : 300,\r\n\t\t'params' : {}\r\n\t};\r\n<\/script>\r\n<script type=\"text\/javascript\" src=\"\/\/www.highperformanceformat.com\/c1158f160081d6540a8409e6925dab94\/invoke.js\"><\/script><\/div><div class=\"excel-before-content\" id=\"excel-2533147064\"><script type=\"text\/javascript\">\r\n\tatOptions = {\r\n\t\t'key' : 'c1158f160081d6540a8409e6925dab94',\r\n\t\t'format' : 'iframe',\r\n\t\t'height' : 250,\r\n\t\t'width' : 300,\r\n\t\t'params' : {}\r\n\t};\r\n<\/script>\r\n<script type=\"text\/javascript\" src=\"\/\/www.highperformanceformat.com\/c1158f160081d6540a8409e6925dab94\/invoke.js\"><\/script><\/div> <p>Neste tutorial, aprenderemos diferentes maneiras de obter a data e hora de hoje usando c\u00f3digo VBA.<\/p><h2 class=\"wp-block-heading\"> Data de hoje em VBA<\/h2><p> No VBA, existe uma fun\u00e7\u00e3o chamada &#8221; <a href=\"https:\/\/exceladvisor.org\/pt\/data-2\/\">DATE<\/a> &#8221; que voc\u00ea pode usar para obter a data atual. Quando voc\u00ea usa esta fun\u00e7\u00e3o, assim como no exemplo a seguir, ela retorna a data atual com base na configura\u00e7\u00e3o de data do sistema.<\/p><pre class=\"wp-block-code\"> <code class=\"language-visual-basic\" lang=\"visual-basic\"><strong>Sub<\/strong> myMacro() Range(\"A1\") = Date <strong>End<\/strong> <strong>Sub<\/strong><\/code><\/pre><p> Quando voc\u00ea <a href=\"https:\/\/exceladvisor.org\/pt\/executar-uma-macro-2\/\">executa este c\u00f3digo<\/a> , ele insere a data atual na c\u00e9lula A1 e usa o formato de data atual que voc\u00ea possui no Excel. <\/p><div class=\"wp-block-image\"><figure class=\"aligncenter size-full is-resized\"><img loading=\"lazy\" decoding=\"async\" class=\"wp-image-61123\" src=\"https:\/\/exceladvisor.org\/wp-content\/uploads\/2023\/08\/1-date-daujourdhui-en-vba.png\" sizes=\"auto, \" srcset=\"\" alt=\"data de hoje em vba\" width=\"448\" height=\"451\"><\/figure><\/div><p> Voc\u00ea tamb\u00e9m pode usar esta fun\u00e7\u00e3o para obter a data de hoje em uma <a href=\"https:\/\/exceladvisor.org\/pt\/caixa-de-mensagens-vba\/\">caixa de mensagem<\/a> , assim como o c\u00f3digo a seguir.<\/p><pre class=\"wp-block-code\"> <code class=\"language-visual-basic\" lang=\"visual-basic\"><strong>Sub<\/strong> myMacro() MsgBox Date <strong>End<\/strong> <strong>Sub<\/strong><\/code><\/pre><h2 class=\"wp-block-heading\"> Data e hora atual de hoje<\/h2><p> Da mesma forma, existe uma fun\u00e7\u00e3o chamada \u201c <a href=\"https:\/\/exceladvisor.org\/pt\/agora\/\">AGORA<\/a> \u201d que voc\u00ea pode usar para obter a data e hora de hoje. Como voc\u00ea pode ver, usamos isso no c\u00f3digo a seguir para obter a data e hora atuais na c\u00e9lula A1. <\/p><div class=\"wp-block-image\"><figure class=\"aligncenter size-full is-resized\"><img loading=\"lazy\" decoding=\"async\" class=\"wp-image-61124\" src=\"https:\/\/exceladvisor.org\/wp-content\/uploads\/2023\/08\/2-date-daujourdhui-et-heure-actuelle.png\" sizes=\"auto, \" srcset=\"\" alt=\"data-atual e hora-atual\" width=\"450\" height=\"429\"><\/figure><\/div><pre class=\"wp-block-code\"> <code class=\"language-visual-basic\" lang=\"visual-basic\"><strong>Sub<\/strong> myMacro() Range(\"A1\") = Now <strong>End<\/strong> <strong>Sub<\/strong><\/code><\/pre><h2 class=\"wp-block-heading\"> Hora atual<\/h2><p> Agora, se voc\u00ea deseja obter apenas a hora atual em vez da data e hora, voc\u00ea precisa usar outra fun\u00e7\u00e3o &#8220;Formato&#8221; ( <a href=\"https:\/\/exceladvisor.org\/pt\/formatar\/\">voc\u00ea pode ler mais sobre esta fun\u00e7\u00e3o aqui<\/a> ) junto com a fun\u00e7\u00e3o agora. <\/p><div class=\"wp-block-image\"><figure class=\"aligncenter size-full is-resized\"><img loading=\"lazy\" decoding=\"async\" class=\"wp-image-61125\" src=\"https:\/\/exceladvisor.org\/wp-content\/uploads\/2023\/08\/3-heure-actuelle.png\" sizes=\"auto, \" srcset=\"\" alt=\"hora atual\" width=\"585\" height=\"388\"><\/figure><\/div><p> No c\u00f3digo acima, usamos a fun\u00e7\u00e3o now para fornecer o valor da fun\u00e7\u00e3o format e, em seguida, usamos um formato apenas para o tempo.<\/p><pre class=\"wp-block-code\"> <code class=\"language-visual-basic\" lang=\"visual-basic\">Sub myMacro() Range(\"A1\") = Format( <strong>Now<\/strong> , \"HH:MM Am\/Pm\") End Sub<\/code><\/pre><h2 class=\"wp-block-heading\"> Alterando o formato da data de hoje (exemplo: AAAAMMDD)<\/h2><p> Voc\u00ea tamb\u00e9m pode usar a fun\u00e7\u00e3o de formato para alterar o formato da data atual. No c\u00f3digo a seguir, usamos a fun\u00e7\u00e3o de formato e especificamos o formato como \u201cAAAAMMDD\u201d.<\/p><pre class=\"wp-block-code\"> <code class=\"language-visual-basic\" lang=\"visual-basic\">Sub myMacro() <strong>Range<\/strong> (\"A1\"). <strong>Value<\/strong> = <strong>Format<\/strong> ( <strong>Date<\/strong> , \"YYYY\/MM\/DD\") <strong>End<\/strong> Sub<\/code><\/pre><p class=\"qt-tip\"> Nota: No c\u00f3digo acima, usamos a propriedade value para inserir a data na c\u00e9lula A1. <\/p><div class=\"wp-block-image\"><figure class=\"aligncenter size-full is-resized\"><img loading=\"lazy\" decoding=\"async\" class=\"wp-image-61126\" src=\"https:\/\/exceladvisor.org\/wp-content\/uploads\/2023\/08\/4-format-de-date-daujourdhui.png\" sizes=\"auto, \" srcset=\"\" alt=\"formato de data de hoje\" width=\"613\" height=\"333\"><\/figure><\/div><div class=\"gb-container gb-container-4db6181c gb-container-mt\"> <a class=\"gb-button gb-button-c5897111 gb-button-text gb-button-mt-button\" href=\"https:\/\/exceladvisor.org\/pt\/vba\/\">O que \u00e9 VBA<\/a><h2 class=\"gb-headline gb-headline-665e5f6b gb-headline-text gb-headline-mt-heading\"> Tutoriais relacionados <\/h2><div class=\"gb-grid-wrapper gb-grid-wrapper-a20baf7c gb-grid-wrapper-mt-grid\"><div class=\"gb-grid-column gb-grid-column-65ddf67e\"><div class=\"gb-container gb-container-65ddf67e\"><ul><li> <a href=\"https:\/\/exceladvisor.org\/pt\/media-2\/\">Valores m\u00e9dios no Excel com VBA<\/a><\/li><li> <a href=\"https:\/\/exceladvisor.org\/pt\/soma-1\/\">Soma valores no Excel usando VBA<\/a><\/li><li> <a href=\"https:\/\/exceladvisor.org\/pt\/partida-2\/\">Fun\u00e7\u00e3o de correspond\u00eancia em VBA<\/a><\/li><li> <a href=\"https:\/\/exceladvisor.org\/pt\/numero-aleatorio\/\">N\u00fameros aleat\u00f3rios VBA<\/a><\/li><li> <a href=\"https:\/\/exceladvisor.org\/pt\/calcular\/\">C\u00e1lculo VBA<\/a> <\/li><\/ul><\/div><\/div><div class=\"gb-grid-column gb-grid-column-50067b57\"><div class=\"gb-container gb-container-50067b57\"><\/div><\/div><\/div><\/div>","protected":false},"excerpt":{"rendered":"","protected":false},"author":1,"featured_media":0,"parent":0,"menu_order":0,"comment_status":"open","ping_status":"closed","template":"","meta":{"ub_ctt_via":"","footnotes":""},"class_list":["post-670","page","type-page","status-publish","hentry"],"featured_image_src":null,"yoast_head":"<!-- This site is optimized with the Yoast SEO plugin v25.4 - https:\/\/yoast.com\/wordpress\/plugins\/seo\/ -->\n<title>\u25b7 Como obter a data e hora atuais via VBA?<\/title>\n<meta name=\"description\" content=\"Neste tutorial, aprenderemos como obter a data e a hora atual de um VBA. No VBA existe uma fun\u00e7\u00e3o\" \/>\n<meta name=\"robots\" content=\"index, follow, max-snippet:-1, max-image-preview:large, max-video-preview:-1\" \/>\n<link rel=\"canonical\" href=\"https:\/\/exceladvisor.org\/pt\/data-de-hoje-hora-atual\/\" \/>\n<meta property=\"og:locale\" content=\"pt_PT\" \/>\n<meta property=\"og:type\" content=\"article\" \/>\n<meta property=\"og:title\" content=\"\u25b7 Como obter a data e hora atuais via VBA?\" \/>\n<meta property=\"og:description\" content=\"Neste tutorial, aprenderemos como obter a data e a hora atual de um VBA. No VBA existe uma fun\u00e7\u00e3o\" \/>\n<meta property=\"og:url\" content=\"https:\/\/exceladvisor.org\/pt\/data-de-hoje-hora-atual\/\" \/>\n<meta property=\"og:site_name\" content=\"Excel Advisor\" \/>\n<meta property=\"article:modified_time\" content=\"2023-12-06T11:38:35+00:00\" \/>\n<meta property=\"og:image\" content=\"https:\/\/exceladvisor.org\/wp-content\/uploads\/2023\/08\/1-date-daujourdhui-en-vba.png\" \/>\n<meta name=\"twitter:card\" content=\"summary_large_image\" \/>\n<meta name=\"twitter:label1\" content=\"Tempo estimado de leitura\" \/>\n\t<meta name=\"twitter:data1\" content=\"2 minutos\" \/>\n<script type=\"application\/ld+json\" class=\"yoast-schema-graph\">{\"@context\":\"https:\/\/schema.org\",\"@graph\":[{\"@type\":\"WebPage\",\"@id\":\"https:\/\/exceladvisor.org\/pt\/data-de-hoje-hora-atual\/\",\"url\":\"https:\/\/exceladvisor.org\/pt\/data-de-hoje-hora-atual\/\",\"name\":\"\u25b7 Como obter a data e hora atuais via VBA?\",\"isPartOf\":{\"@id\":\"https:\/\/exceladvisor.org\/pt\/#website\"},\"primaryImageOfPage\":{\"@id\":\"https:\/\/exceladvisor.org\/pt\/data-de-hoje-hora-atual\/#primaryimage\"},\"image\":{\"@id\":\"https:\/\/exceladvisor.org\/pt\/data-de-hoje-hora-atual\/#primaryimage\"},\"thumbnailUrl\":\"https:\/\/exceladvisor.org\/wp-content\/uploads\/2023\/08\/1-date-daujourdhui-en-vba.png\",\"datePublished\":\"2023-09-28T23:53:52+00:00\",\"dateModified\":\"2023-12-06T11:38:35+00:00\",\"description\":\"Neste tutorial, aprenderemos como obter a data e a hora atual de um VBA. No VBA existe uma fun\u00e7\u00e3o\",\"breadcrumb\":{\"@id\":\"https:\/\/exceladvisor.org\/pt\/data-de-hoje-hora-atual\/#breadcrumb\"},\"inLanguage\":\"pt-PT\",\"potentialAction\":[{\"@type\":\"ReadAction\",\"target\":[\"https:\/\/exceladvisor.org\/pt\/data-de-hoje-hora-atual\/\"]}]},{\"@type\":\"ImageObject\",\"inLanguage\":\"pt-PT\",\"@id\":\"https:\/\/exceladvisor.org\/pt\/data-de-hoje-hora-atual\/#primaryimage\",\"url\":\"https:\/\/exceladvisor.org\/wp-content\/uploads\/2023\/08\/1-date-daujourdhui-en-vba.png\",\"contentUrl\":\"https:\/\/exceladvisor.org\/wp-content\/uploads\/2023\/08\/1-date-daujourdhui-en-vba.png\"},{\"@type\":\"BreadcrumbList\",\"@id\":\"https:\/\/exceladvisor.org\/pt\/data-de-hoje-hora-atual\/#breadcrumb\",\"itemListElement\":[{\"@type\":\"ListItem\",\"position\":1,\"name\":\"Lar\",\"item\":\"https:\/\/exceladvisor.org\/pt\/\"},{\"@type\":\"ListItem\",\"position\":2,\"name\":\"Como obter a data e hora atuais?\"}]},{\"@type\":\"WebSite\",\"@id\":\"https:\/\/exceladvisor.org\/pt\/#website\",\"url\":\"https:\/\/exceladvisor.org\/pt\/\",\"name\":\"Excel Advisor\",\"description\":\"O seu guia definitivo para dominar os dados!\",\"publisher\":{\"@id\":\"https:\/\/exceladvisor.org\/pt\/#organization\"},\"potentialAction\":[{\"@type\":\"SearchAction\",\"target\":{\"@type\":\"EntryPoint\",\"urlTemplate\":\"https:\/\/exceladvisor.org\/pt\/?s={search_term_string}\"},\"query-input\":{\"@type\":\"PropertyValueSpecification\",\"valueRequired\":true,\"valueName\":\"search_term_string\"}}],\"inLanguage\":\"pt-PT\"},{\"@type\":\"Organization\",\"@id\":\"https:\/\/exceladvisor.org\/pt\/#organization\",\"name\":\"Excel Advisor\",\"url\":\"https:\/\/exceladvisor.org\/pt\/\",\"logo\":{\"@type\":\"ImageObject\",\"inLanguage\":\"pt-PT\",\"@id\":\"https:\/\/exceladvisor.org\/pt\/#\/schema\/logo\/image\/\",\"url\":\"https:\/\/exceladvisor.org\/pt\/wp-content\/uploads\/2023\/12\/exceladvisor.org_.png\",\"contentUrl\":\"https:\/\/exceladvisor.org\/pt\/wp-content\/uploads\/2023\/12\/exceladvisor.org_.png\",\"width\":105,\"height\":36,\"caption\":\"Excel Advisor\"},\"image\":{\"@id\":\"https:\/\/exceladvisor.org\/pt\/#\/schema\/logo\/image\/\"}}]}<\/script>\n<!-- \/ Yoast SEO plugin. -->","yoast_head_json":{"title":"\u25b7 Como obter a data e hora atuais via VBA?","description":"Neste tutorial, aprenderemos como obter a data e a hora atual de um VBA. No VBA existe uma fun\u00e7\u00e3o","robots":{"index":"index","follow":"follow","max-snippet":"max-snippet:-1","max-image-preview":"max-image-preview:large","max-video-preview":"max-video-preview:-1"},"canonical":"https:\/\/exceladvisor.org\/pt\/data-de-hoje-hora-atual\/","og_locale":"pt_PT","og_type":"article","og_title":"\u25b7 Como obter a data e hora atuais via VBA?","og_description":"Neste tutorial, aprenderemos como obter a data e a hora atual de um VBA. No VBA existe uma fun\u00e7\u00e3o","og_url":"https:\/\/exceladvisor.org\/pt\/data-de-hoje-hora-atual\/","og_site_name":"Excel Advisor","article_modified_time":"2023-12-06T11:38:35+00:00","og_image":[{"url":"https:\/\/exceladvisor.org\/wp-content\/uploads\/2023\/08\/1-date-daujourdhui-en-vba.png","type":"","width":"","height":""}],"twitter_card":"summary_large_image","twitter_misc":{"Tempo estimado de leitura":"2 minutos"},"schema":{"@context":"https:\/\/schema.org","@graph":[{"@type":"WebPage","@id":"https:\/\/exceladvisor.org\/pt\/data-de-hoje-hora-atual\/","url":"https:\/\/exceladvisor.org\/pt\/data-de-hoje-hora-atual\/","name":"\u25b7 Como obter a data e hora atuais via VBA?","isPartOf":{"@id":"https:\/\/exceladvisor.org\/pt\/#website"},"primaryImageOfPage":{"@id":"https:\/\/exceladvisor.org\/pt\/data-de-hoje-hora-atual\/#primaryimage"},"image":{"@id":"https:\/\/exceladvisor.org\/pt\/data-de-hoje-hora-atual\/#primaryimage"},"thumbnailUrl":"https:\/\/exceladvisor.org\/wp-content\/uploads\/2023\/08\/1-date-daujourdhui-en-vba.png","datePublished":"2023-09-28T23:53:52+00:00","dateModified":"2023-12-06T11:38:35+00:00","description":"Neste tutorial, aprenderemos como obter a data e a hora atual de um VBA. No VBA existe uma fun\u00e7\u00e3o","breadcrumb":{"@id":"https:\/\/exceladvisor.org\/pt\/data-de-hoje-hora-atual\/#breadcrumb"},"inLanguage":"pt-PT","potentialAction":[{"@type":"ReadAction","target":["https:\/\/exceladvisor.org\/pt\/data-de-hoje-hora-atual\/"]}]},{"@type":"ImageObject","inLanguage":"pt-PT","@id":"https:\/\/exceladvisor.org\/pt\/data-de-hoje-hora-atual\/#primaryimage","url":"https:\/\/exceladvisor.org\/wp-content\/uploads\/2023\/08\/1-date-daujourdhui-en-vba.png","contentUrl":"https:\/\/exceladvisor.org\/wp-content\/uploads\/2023\/08\/1-date-daujourdhui-en-vba.png"},{"@type":"BreadcrumbList","@id":"https:\/\/exceladvisor.org\/pt\/data-de-hoje-hora-atual\/#breadcrumb","itemListElement":[{"@type":"ListItem","position":1,"name":"Lar","item":"https:\/\/exceladvisor.org\/pt\/"},{"@type":"ListItem","position":2,"name":"Como obter a data e hora atuais?"}]},{"@type":"WebSite","@id":"https:\/\/exceladvisor.org\/pt\/#website","url":"https:\/\/exceladvisor.org\/pt\/","name":"Excel Advisor","description":"O seu guia definitivo para dominar os dados!","publisher":{"@id":"https:\/\/exceladvisor.org\/pt\/#organization"},"potentialAction":[{"@type":"SearchAction","target":{"@type":"EntryPoint","urlTemplate":"https:\/\/exceladvisor.org\/pt\/?s={search_term_string}"},"query-input":{"@type":"PropertyValueSpecification","valueRequired":true,"valueName":"search_term_string"}}],"inLanguage":"pt-PT"},{"@type":"Organization","@id":"https:\/\/exceladvisor.org\/pt\/#organization","name":"Excel Advisor","url":"https:\/\/exceladvisor.org\/pt\/","logo":{"@type":"ImageObject","inLanguage":"pt-PT","@id":"https:\/\/exceladvisor.org\/pt\/#\/schema\/logo\/image\/","url":"https:\/\/exceladvisor.org\/pt\/wp-content\/uploads\/2023\/12\/exceladvisor.org_.png","contentUrl":"https:\/\/exceladvisor.org\/pt\/wp-content\/uploads\/2023\/12\/exceladvisor.org_.png","width":105,"height":36,"caption":"Excel Advisor"},"image":{"@id":"https:\/\/exceladvisor.org\/pt\/#\/schema\/logo\/image\/"}}]}},"yoast_meta":{"yoast_wpseo_title":"","yoast_wpseo_metadesc":"","yoast_wpseo_canonical":""},"_links":{"self":[{"href":"https:\/\/exceladvisor.org\/pt\/wp-json\/wp\/v2\/pages\/670","targetHints":{"allow":["GET"]}}],"collection":[{"href":"https:\/\/exceladvisor.org\/pt\/wp-json\/wp\/v2\/pages"}],"about":[{"href":"https:\/\/exceladvisor.org\/pt\/wp-json\/wp\/v2\/types\/page"}],"author":[{"embeddable":true,"href":"https:\/\/exceladvisor.org\/pt\/wp-json\/wp\/v2\/users\/1"}],"replies":[{"embeddable":true,"href":"https:\/\/exceladvisor.org\/pt\/wp-json\/wp\/v2\/comments?post=670"}],"version-history":[{"count":1,"href":"https:\/\/exceladvisor.org\/pt\/wp-json\/wp\/v2\/pages\/670\/revisions"}],"predecessor-version":[{"id":1136,"href":"https:\/\/exceladvisor.org\/pt\/wp-json\/wp\/v2\/pages\/670\/revisions\/1136"}],"wp:attachment":[{"href":"https:\/\/exceladvisor.org\/pt\/wp-json\/wp\/v2\/media?parent=670"}],"curies":[{"name":"wp","href":"https:\/\/api.w.org\/{rel}","templated":true}]}}