{"id":671,"date":"2023-09-28T22:49:35","date_gmt":"2023-09-28T22:49:35","guid":{"rendered":"https:\/\/exceladvisor.org\/pt\/soma-1\/"},"modified":"2023-12-06T11:50:14","modified_gmt":"2023-12-06T11:50:14","slug":"soma-1","status":"publish","type":"page","link":"https:\/\/exceladvisor.org\/pt\/soma-1\/","title":{"rendered":"Como usar o sum no excel via vba?"},"content":{"rendered":"<div class=\"excel-before-content-2\" id=\"excel-19815305\"><script type=\"text\/javascript\">\r\n\tatOptions = {\r\n\t\t'key' : 'c1158f160081d6540a8409e6925dab94',\r\n\t\t'format' : 'iframe',\r\n\t\t'height' : 250,\r\n\t\t'width' : 300,\r\n\t\t'params' : {}\r\n\t};\r\n<\/script>\r\n<script type=\"text\/javascript\" src=\"\/\/www.highperformanceformat.com\/c1158f160081d6540a8409e6925dab94\/invoke.js\"><\/script><\/div><div class=\"excel-before-content\" id=\"excel-472602390\"><script type=\"text\/javascript\">\r\n\tatOptions = {\r\n\t\t'key' : 'c1158f160081d6540a8409e6925dab94',\r\n\t\t'format' : 'iframe',\r\n\t\t'height' : 250,\r\n\t\t'width' : 300,\r\n\t\t'params' : {}\r\n\t};\r\n<\/script>\r\n<script type=\"text\/javascript\" src=\"\/\/www.highperformanceformat.com\/c1158f160081d6540a8409e6925dab94\/invoke.js\"><\/script><\/div> <p>No Excel, voc\u00ea pode usar o VBA para calcular a soma dos valores de um intervalo de c\u00e9lulas ou de v\u00e1rios intervalos. E, neste tutorial, aprenderemos as diferentes maneiras de us\u00e1-lo.<\/p><h2 class=\"wp-block-heading\"> Soma em VBA usando WorksheetFunction<\/h2><p> No VBA, <a href=\"https:\/\/exceladvisor.org\/pt\/funcoes\/\">existem diversas fun\u00e7\u00f5es<\/a> que voc\u00ea pode utilizar, mas n\u00e3o existe uma fun\u00e7\u00e3o espec\u00edfica para essa finalidade. Isso n\u00e3o significa que n\u00e3o possamos fazer uma soma. No VBA, existe uma propriedade chamada <a href=\"https:\/\/exceladvisor.org\/pt\/funcao-de-planilha\/\">WorksheetFunction<\/a> que pode ajud\u00e1-lo a chamar fun\u00e7\u00f5es no c\u00f3digo VBA. <\/p><div class=\"wp-block-image\"><figure class=\"aligncenter size-full is-resized\"><img loading=\"lazy\" decoding=\"async\" class=\"wp-image-61238\" src=\"https:\/\/exceladvisor.org\/wp-content\/uploads\/2023\/08\/1-somme-en-vba-en-utilisant-la-feuille-de-calcul.png\" sizes=\"auto, \" srcset=\"\" alt=\"soma em vba usando planilha\" width=\"463\" height=\"300\"><\/figure><\/div><p> Considere a soma dos valores no intervalo A1:A10.<\/p><ol><li> Primeiro insira a propriedade da fun\u00e7\u00e3o da planilha e selecione a fun\u00e7\u00e3o SUM na lista. <br><img loading=\"lazy\" decoding=\"async\" title=\"2-inserir fun\u00e7\u00e3o de planilha\" src=\"https:\/\/exceladvisor.org\/wp-content\/uploads\/2023\/08\/2-entrez-la-fonction-de-feuille-de-calcul.png\" sizes=\"auto, \" srcset=\"\" alt=\"enter-worksheet-function\" width=\"492\" height=\"298\"><\/li><li> Em seguida, voc\u00ea deve inserir um par\u00eantese inicial, como faz ao inserir uma fun\u00e7\u00e3o na planilha. <br><img loading=\"lazy\" decoding=\"async\" title=\"3 par\u00eanteses iniciais\" src=\"https:\/\/exceladvisor.org\/wp-content\/uploads\/2023\/08\/3-parentheses-ouvrantes.png\" sizes=\"auto, \" srcset=\"\" alt=\"starting-parenthesis\" width=\"454\" height=\"285\"><\/li><li> Depois disso, precisamos usar o <a href=\"https:\/\/exceladvisor.org\/pt\/intervalo-1\/\">objeto range<\/a> para nos referirmos ao intervalo para o qual queremos calcular a soma. <br><img loading=\"lazy\" decoding=\"async\" title=\"4-use-o-objeto-intervalo\" src=\"https:\/\/exceladvisor.org\/wp-content\/uploads\/2023\/08\/4-utiliser-lobjet-range.png\" sizes=\"auto, \" srcset=\"\" alt=\"use-the-range-object\" width=\"515\" height=\"249\"><\/li><li> Ao final, digite um par\u00eantese de fechamento e atribua o valor de retorno da fun\u00e7\u00e3o \u00e0 c\u00e9lula B1. <br><img loading=\"lazy\" decoding=\"async\" title=\"5 par\u00eanteses de fechamento\" src=\"https:\/\/exceladvisor.org\/wp-content\/uploads\/2023\/08\/5-parenthese-fermante.png\" sizes=\"auto, \" srcset=\"\" alt=\"closing-parenthesis\" width=\"653\" height=\"229\"><\/li><\/ol><pre class=\"wp-block-code\"> <code class=\"language-visual-basic\" lang=\"visual-basic\"><strong>Range<\/strong> (\"B1\") = Application.WorksheetFunction.Sum(Range(\"A1:A10\"))<\/code><\/pre><p> Agora ao executar esse c\u00f3digo ele calcula a soma dos valores que voc\u00ea tem no intervalo A1:A10 e <a href=\"https:\/\/exceladvisor.org\/pt\/valor-da-celula\/\">insere o valor na c\u00e9lula<\/a> B1. <\/p><div class=\"wp-block-image\"><figure class=\"aligncenter size-full is-resized\"><img loading=\"lazy\" decoding=\"async\" class=\"wp-image-61243\" src=\"https:\/\/exceladvisor.org\/wp-content\/uploads\/2023\/08\/6-executer-le-code-pour-calculer.png\" sizes=\"auto, \" srcset=\"\" alt=\"execute o c\u00f3digo para calcular\" width=\"722\" height=\"346\"><\/figure><\/div><h2 class=\"wp-block-heading\"> Soma dos valores de uma coluna ou linha inteira<\/h2><p> Neste caso, basta especificar uma linha ou coluna em vez do intervalo que usamos no exemplo anterior.<\/p><pre class=\"wp-block-code\"> <code class=\"language-visual-basic\" lang=\"visual-basic\">' <strong>for<\/strong> the entire column A <strong>Range<\/strong> (\"B1\") = Application.WorksheetFunction.Sum( <strong>Range<\/strong> (\"A:A\")) ' <strong>for<\/strong> entire row 1 <strong>Range<\/strong> (\"B1\") = Application.WorksheetFunction.Sum( <strong>Range<\/strong> (\"1:1\"))<\/code><\/pre><h2 class=\"wp-block-heading\"> Use VBA para adicionar valores de sele\u00e7\u00e3o<\/h2><p> Agora, suponha que voc\u00ea queira somar o valor das c\u00e9lulas selecionadas apenas porque pode usar um c\u00f3digo como este.<\/p><pre class=\"wp-block-code\"> <code class=\"language-visual-basic\" lang=\"visual-basic\"><strong>Sub<\/strong> vba_sum_selection() <strong>Dim<\/strong> sRange <strong>As<\/strong> Range <strong>Dim<\/strong> iSum <strong>As<\/strong> Long <strong>On<\/strong> <strong>Error<\/strong> <strong>GoTo<\/strong> errorHandler <strong>Set<\/strong> sRange = Selection iSum = WorksheetFunction.Sum(Range(sRange.Address)) MsgBox iSum errorHandler: MsgBox \"make sure to select a valid range of cells\" <strong>End<\/strong> <strong>Sub<\/strong><\/code><\/pre><p> No c\u00f3digo acima, usamos a sele\u00e7\u00e3o, depois especificamos na vari\u00e1vel \u201csRange\u201d, depois usamos o endere\u00e7o dessa vari\u00e1vel de intervalo para obter a soma.<\/p><h2 class=\"wp-block-heading\"> Soma VBA de todas as c\u00e9lulas acima<\/h2><p> O c\u00f3digo a seguir extrai todas as c\u00e9lulas e soma os valores e insere o resultado na c\u00e9lula selecionada.<\/p><pre class=\"wp-block-code\"> <code class=\"language-visual-basic\" lang=\"visual-basic\"><strong>Sub<\/strong> vba_auto_sum() <strong>Dim<\/strong> iFirst <strong>As<\/strong> String <strong>Dim<\/strong> iLast <strong>As<\/strong> String <strong>Dim<\/strong> iRange <strong>As<\/strong> Range <strong>On<\/strong> <strong>Error<\/strong> <strong>GoTo<\/strong> errorHandler iFirst = Selection. <strong>End<\/strong> (xlUp). <strong>End<\/strong> (xlUp).Address iLast = Selection. <strong>End<\/strong> (xlUp).Address <strong>Set<\/strong> iRange = Range(iFirst &amp; \":\" &amp; iLast) ActiveCell = WorksheetFunction.Sum(iRange) <strong>Exit<\/strong> <strong>Sub<\/strong> errorHandler: MsgBox \"make sure to select a valid range of cells\" <strong>End<\/strong> <strong>Sub<\/strong><\/code><\/pre><h2 class=\"wp-block-heading\"> Adicione faixa din\u00e2mica usando VBA<\/h2><p> E da mesma forma, voc\u00ea pode usar faixa din\u00e2mica ao usar VBA para adicionar valores.<\/p><pre class=\"wp-block-code\"> <code class=\"language-visual-basic\" lang=\"visual-basic\"><strong>Sub<\/strong> vba_dynamic_range_sum() <strong>Dim<\/strong> iFirst <strong>As<\/strong> String <strong>Dim<\/strong> iLast <strong>As<\/strong> String <strong>Dim<\/strong> iRange <strong>As<\/strong> Range <strong>On<\/strong> <strong>Error<\/strong> <strong>GoTo<\/strong> errorHandler iFirst = Selection.Offset(1, 1).Address iLast = Selection.Offset(5, 5).Address <strong>Set<\/strong> iRange = Range(iFirst &amp; \":\" &amp; iLast) ActiveCell = WorksheetFunction.Sum(iRange) <strong>Exit<\/strong> <strong>Sub<\/strong> errorHandler: MsgBox \"make sure to select a valid range of cells\" <strong>End<\/strong> <strong>Sub<\/strong><\/code><\/pre><h2 class=\"wp-block-heading\"> Adicione uma coluna ou linha din\u00e2mica<\/h2><p> Da mesma forma, se quiser usar uma coluna din\u00e2mica, voc\u00ea pode usar o c\u00f3digo a seguir que pegar\u00e1 a coluna da c\u00e9lula ativa e somar\u00e1 todos os valores que voc\u00ea tem l\u00e1.<\/p><pre class=\"wp-block-code\"> <code class=\"language-visual-basic\" lang=\"visual-basic\"><strong>Sub<\/strong> vba_dynamic_column() <strong>Dim<\/strong> iCol <strong>As<\/strong> Long <strong>On<\/strong> <strong>Error<\/strong> <strong>GoTo<\/strong> errorHandler iCol = ActiveCell.Column MsgBox WorksheetFunction.Sum(Columns(iCol)) <strong>Exit<\/strong> <strong>Sub<\/strong> errorHandler: MsgBox \"make sure to select a valid range of cells\" <strong>End<\/strong> <strong>Sub<\/strong><\/code><\/pre><p> E por uma fileira.<\/p><pre class=\"wp-block-code\"> <code class=\"language-visual-basic\" lang=\"visual-basic\"><strong>Sub<\/strong> vba_dynamic_row() <strong>Dim<\/strong> iRow <strong>As<\/strong> Long <strong>On<\/strong> <strong>Error<\/strong> <strong>GoTo<\/strong> errorHandler iRow = ActiveCell.Row MsgBox WorksheetFunction.Sum(Rows(iCol)) <strong>Exit<\/strong> <strong>Sub<\/strong> errorHandler: MsgBox \"make sure to select a valid range of cells\" <strong>End<\/strong> <strong>Sub<\/strong><\/code><\/pre><h2 class=\"wp-block-heading\"> Use SUMIF com VBA<\/h2><p> Assim como a soma, voc\u00ea pode usar a fun\u00e7\u00e3o SUMIF para adicionar valores com crit\u00e9rios como no exemplo a seguir. <\/p><div class=\"wp-block-image\"><figure class=\"aligncenter size-full is-resized\"><img loading=\"lazy\" decoding=\"async\" class=\"wp-image-61244\" src=\"https:\/\/exceladvisor.org\/wp-content\/uploads\/2023\/08\/7-sumif-avec-vba.png\" sizes=\"auto, \" srcset=\"\" alt=\"sumif-com-vba\" width=\"771\" height=\"332\"><\/figure><\/div><pre class=\"wp-block-code\"> <code class=\"language-visual-basic\" lang=\"visual-basic\">Sub vba_sumif() Dim cRange <strong>As<\/strong> <strong>Range<\/strong> Dim sRange <strong>As<\/strong> <strong>Range<\/strong> <strong>Set<\/strong> cRange = <strong>Range<\/strong> (\"A2:A13\") <strong>Set<\/strong> sRange = <strong>Range<\/strong> (\"B2:B13\") <strong>Range<\/strong> (\"C2\") = _ WorksheetFunction.SumIf(cRange, \"Product B\", sRange) End Sub<\/code><\/pre><div class=\"gb-container gb-container-4db6181c gb-container-mt\"> <a class=\"gb-button gb-button-c5897111 gb-button-text gb-button-mt-button\" href=\"https:\/\/exceladvisor.org\/pt\/vba\/\">O que \u00e9 VBA<\/a><h2 class=\"gb-headline gb-headline-665e5f6b gb-headline-text gb-headline-mt-heading\"> Tutoriais relacionados <\/h2><div class=\"gb-grid-wrapper gb-grid-wrapper-a20baf7c gb-grid-wrapper-mt-grid\"><div class=\"gb-grid-column gb-grid-column-65ddf67e\"><div class=\"gb-container gb-container-65ddf67e\"><ul><li> <a href=\"https:\/\/exceladvisor.org\/pt\/media-2\/\">Valores m\u00e9dios no Excel com VBA<\/a><\/li><li> <a href=\"https:\/\/exceladvisor.org\/pt\/data-de-hoje-hora-atual\/\">Obtenha a data e a hora atual usando VBA<\/a><\/li><li> <a href=\"https:\/\/exceladvisor.org\/pt\/partida-2\/\">Fun\u00e7\u00e3o de correspond\u00eancia em VBA<\/a><\/li><li> <a href=\"https:\/\/exceladvisor.org\/pt\/modo-1\/\">MOD em VBA<\/a><\/li><li> <a href=\"https:\/\/exceladvisor.org\/pt\/numero-aleatorio\/\">N\u00fameros aleat\u00f3rios VBA<\/a> <\/li><\/ul><\/div><\/div><div class=\"gb-grid-column gb-grid-column-50067b57\"><div class=\"gb-container gb-container-50067b57\"><\/div><\/div><\/div><\/div>","protected":false},"excerpt":{"rendered":"","protected":false},"author":1,"featured_media":0,"parent":0,"menu_order":0,"comment_status":"open","ping_status":"closed","template":"","meta":{"ub_ctt_via":"","footnotes":""},"class_list":["post-671","page","type-page","status-publish","hentry"],"featured_image_src":null,"yoast_head":"<!-- This site is optimized with the Yoast SEO plugin v25.4 - https:\/\/yoast.com\/wordpress\/plugins\/seo\/ -->\n<title>Como usar o SUM no Excel via VBA? (Tutorial 2023)<\/title>\n<meta name=\"description\" content=\"Neste tutorial, voc\u00ea aprender\u00e1 como usar VBA para adicionar valores no Excel a partir de um intervalo de c\u00e9lulas, colunas\" \/>\n<meta name=\"robots\" content=\"index, follow, max-snippet:-1, max-image-preview:large, max-video-preview:-1\" \/>\n<link rel=\"canonical\" href=\"https:\/\/exceladvisor.org\/pt\/soma-1\/\" \/>\n<meta property=\"og:locale\" content=\"pt_PT\" \/>\n<meta property=\"og:type\" content=\"article\" \/>\n<meta property=\"og:title\" content=\"Como usar o SUM no Excel via VBA? (Tutorial 2023)\" \/>\n<meta property=\"og:description\" content=\"Neste tutorial, voc\u00ea aprender\u00e1 como usar VBA para adicionar valores no Excel a partir de um intervalo de c\u00e9lulas, colunas\" \/>\n<meta property=\"og:url\" content=\"https:\/\/exceladvisor.org\/pt\/soma-1\/\" \/>\n<meta property=\"og:site_name\" content=\"Excel Advisor\" \/>\n<meta property=\"article:modified_time\" content=\"2023-12-06T11:50:14+00:00\" \/>\n<meta property=\"og:image\" content=\"https:\/\/exceladvisor.org\/wp-content\/uploads\/2023\/08\/1-somme-en-vba-en-utilisant-la-feuille-de-calcul.png\" \/>\n<meta name=\"twitter:card\" content=\"summary_large_image\" \/>\n<meta name=\"twitter:label1\" content=\"Tempo estimado de leitura\" \/>\n\t<meta name=\"twitter:data1\" content=\"4 minutos\" \/>\n<script type=\"application\/ld+json\" class=\"yoast-schema-graph\">{\"@context\":\"https:\/\/schema.org\",\"@graph\":[{\"@type\":\"WebPage\",\"@id\":\"https:\/\/exceladvisor.org\/pt\/soma-1\/\",\"url\":\"https:\/\/exceladvisor.org\/pt\/soma-1\/\",\"name\":\"Como usar o SUM no Excel via VBA? (Tutorial 2023)\",\"isPartOf\":{\"@id\":\"https:\/\/exceladvisor.org\/pt\/#website\"},\"primaryImageOfPage\":{\"@id\":\"https:\/\/exceladvisor.org\/pt\/soma-1\/#primaryimage\"},\"image\":{\"@id\":\"https:\/\/exceladvisor.org\/pt\/soma-1\/#primaryimage\"},\"thumbnailUrl\":\"https:\/\/exceladvisor.org\/wp-content\/uploads\/2023\/08\/1-somme-en-vba-en-utilisant-la-feuille-de-calcul.png\",\"datePublished\":\"2023-09-28T22:49:35+00:00\",\"dateModified\":\"2023-12-06T11:50:14+00:00\",\"description\":\"Neste tutorial, voc\u00ea aprender\u00e1 como usar VBA para adicionar valores no Excel a partir de um intervalo de c\u00e9lulas, colunas\",\"breadcrumb\":{\"@id\":\"https:\/\/exceladvisor.org\/pt\/soma-1\/#breadcrumb\"},\"inLanguage\":\"pt-PT\",\"potentialAction\":[{\"@type\":\"ReadAction\",\"target\":[\"https:\/\/exceladvisor.org\/pt\/soma-1\/\"]}]},{\"@type\":\"ImageObject\",\"inLanguage\":\"pt-PT\",\"@id\":\"https:\/\/exceladvisor.org\/pt\/soma-1\/#primaryimage\",\"url\":\"https:\/\/exceladvisor.org\/wp-content\/uploads\/2023\/08\/1-somme-en-vba-en-utilisant-la-feuille-de-calcul.png\",\"contentUrl\":\"https:\/\/exceladvisor.org\/wp-content\/uploads\/2023\/08\/1-somme-en-vba-en-utilisant-la-feuille-de-calcul.png\"},{\"@type\":\"BreadcrumbList\",\"@id\":\"https:\/\/exceladvisor.org\/pt\/soma-1\/#breadcrumb\",\"itemListElement\":[{\"@type\":\"ListItem\",\"position\":1,\"name\":\"Lar\",\"item\":\"https:\/\/exceladvisor.org\/pt\/\"},{\"@type\":\"ListItem\",\"position\":2,\"name\":\"Como usar o sum no excel via vba?\"}]},{\"@type\":\"WebSite\",\"@id\":\"https:\/\/exceladvisor.org\/pt\/#website\",\"url\":\"https:\/\/exceladvisor.org\/pt\/\",\"name\":\"Excel Advisor\",\"description\":\"O seu guia definitivo para dominar os dados!\",\"publisher\":{\"@id\":\"https:\/\/exceladvisor.org\/pt\/#organization\"},\"potentialAction\":[{\"@type\":\"SearchAction\",\"target\":{\"@type\":\"EntryPoint\",\"urlTemplate\":\"https:\/\/exceladvisor.org\/pt\/?s={search_term_string}\"},\"query-input\":{\"@type\":\"PropertyValueSpecification\",\"valueRequired\":true,\"valueName\":\"search_term_string\"}}],\"inLanguage\":\"pt-PT\"},{\"@type\":\"Organization\",\"@id\":\"https:\/\/exceladvisor.org\/pt\/#organization\",\"name\":\"Excel Advisor\",\"url\":\"https:\/\/exceladvisor.org\/pt\/\",\"logo\":{\"@type\":\"ImageObject\",\"inLanguage\":\"pt-PT\",\"@id\":\"https:\/\/exceladvisor.org\/pt\/#\/schema\/logo\/image\/\",\"url\":\"https:\/\/exceladvisor.org\/pt\/wp-content\/uploads\/2023\/12\/exceladvisor.org_.png\",\"contentUrl\":\"https:\/\/exceladvisor.org\/pt\/wp-content\/uploads\/2023\/12\/exceladvisor.org_.png\",\"width\":105,\"height\":36,\"caption\":\"Excel Advisor\"},\"image\":{\"@id\":\"https:\/\/exceladvisor.org\/pt\/#\/schema\/logo\/image\/\"}}]}<\/script>\n<!-- \/ Yoast SEO plugin. -->","yoast_head_json":{"title":"Como usar o SUM no Excel via VBA? (Tutorial 2023)","description":"Neste tutorial, voc\u00ea aprender\u00e1 como usar VBA para adicionar valores no Excel a partir de um intervalo de c\u00e9lulas, colunas","robots":{"index":"index","follow":"follow","max-snippet":"max-snippet:-1","max-image-preview":"max-image-preview:large","max-video-preview":"max-video-preview:-1"},"canonical":"https:\/\/exceladvisor.org\/pt\/soma-1\/","og_locale":"pt_PT","og_type":"article","og_title":"Como usar o SUM no Excel via VBA? (Tutorial 2023)","og_description":"Neste tutorial, voc\u00ea aprender\u00e1 como usar VBA para adicionar valores no Excel a partir de um intervalo de c\u00e9lulas, colunas","og_url":"https:\/\/exceladvisor.org\/pt\/soma-1\/","og_site_name":"Excel Advisor","article_modified_time":"2023-12-06T11:50:14+00:00","og_image":[{"url":"https:\/\/exceladvisor.org\/wp-content\/uploads\/2023\/08\/1-somme-en-vba-en-utilisant-la-feuille-de-calcul.png","type":"","width":"","height":""}],"twitter_card":"summary_large_image","twitter_misc":{"Tempo estimado de leitura":"4 minutos"},"schema":{"@context":"https:\/\/schema.org","@graph":[{"@type":"WebPage","@id":"https:\/\/exceladvisor.org\/pt\/soma-1\/","url":"https:\/\/exceladvisor.org\/pt\/soma-1\/","name":"Como usar o SUM no Excel via VBA? (Tutorial 2023)","isPartOf":{"@id":"https:\/\/exceladvisor.org\/pt\/#website"},"primaryImageOfPage":{"@id":"https:\/\/exceladvisor.org\/pt\/soma-1\/#primaryimage"},"image":{"@id":"https:\/\/exceladvisor.org\/pt\/soma-1\/#primaryimage"},"thumbnailUrl":"https:\/\/exceladvisor.org\/wp-content\/uploads\/2023\/08\/1-somme-en-vba-en-utilisant-la-feuille-de-calcul.png","datePublished":"2023-09-28T22:49:35+00:00","dateModified":"2023-12-06T11:50:14+00:00","description":"Neste tutorial, voc\u00ea aprender\u00e1 como usar VBA para adicionar valores no Excel a partir de um intervalo de c\u00e9lulas, colunas","breadcrumb":{"@id":"https:\/\/exceladvisor.org\/pt\/soma-1\/#breadcrumb"},"inLanguage":"pt-PT","potentialAction":[{"@type":"ReadAction","target":["https:\/\/exceladvisor.org\/pt\/soma-1\/"]}]},{"@type":"ImageObject","inLanguage":"pt-PT","@id":"https:\/\/exceladvisor.org\/pt\/soma-1\/#primaryimage","url":"https:\/\/exceladvisor.org\/wp-content\/uploads\/2023\/08\/1-somme-en-vba-en-utilisant-la-feuille-de-calcul.png","contentUrl":"https:\/\/exceladvisor.org\/wp-content\/uploads\/2023\/08\/1-somme-en-vba-en-utilisant-la-feuille-de-calcul.png"},{"@type":"BreadcrumbList","@id":"https:\/\/exceladvisor.org\/pt\/soma-1\/#breadcrumb","itemListElement":[{"@type":"ListItem","position":1,"name":"Lar","item":"https:\/\/exceladvisor.org\/pt\/"},{"@type":"ListItem","position":2,"name":"Como usar o sum no excel via vba?"}]},{"@type":"WebSite","@id":"https:\/\/exceladvisor.org\/pt\/#website","url":"https:\/\/exceladvisor.org\/pt\/","name":"Excel Advisor","description":"O seu guia definitivo para dominar os dados!","publisher":{"@id":"https:\/\/exceladvisor.org\/pt\/#organization"},"potentialAction":[{"@type":"SearchAction","target":{"@type":"EntryPoint","urlTemplate":"https:\/\/exceladvisor.org\/pt\/?s={search_term_string}"},"query-input":{"@type":"PropertyValueSpecification","valueRequired":true,"valueName":"search_term_string"}}],"inLanguage":"pt-PT"},{"@type":"Organization","@id":"https:\/\/exceladvisor.org\/pt\/#organization","name":"Excel Advisor","url":"https:\/\/exceladvisor.org\/pt\/","logo":{"@type":"ImageObject","inLanguage":"pt-PT","@id":"https:\/\/exceladvisor.org\/pt\/#\/schema\/logo\/image\/","url":"https:\/\/exceladvisor.org\/pt\/wp-content\/uploads\/2023\/12\/exceladvisor.org_.png","contentUrl":"https:\/\/exceladvisor.org\/pt\/wp-content\/uploads\/2023\/12\/exceladvisor.org_.png","width":105,"height":36,"caption":"Excel Advisor"},"image":{"@id":"https:\/\/exceladvisor.org\/pt\/#\/schema\/logo\/image\/"}}]}},"yoast_meta":{"yoast_wpseo_title":"","yoast_wpseo_metadesc":"","yoast_wpseo_canonical":""},"_links":{"self":[{"href":"https:\/\/exceladvisor.org\/pt\/wp-json\/wp\/v2\/pages\/671","targetHints":{"allow":["GET"]}}],"collection":[{"href":"https:\/\/exceladvisor.org\/pt\/wp-json\/wp\/v2\/pages"}],"about":[{"href":"https:\/\/exceladvisor.org\/pt\/wp-json\/wp\/v2\/types\/page"}],"author":[{"embeddable":true,"href":"https:\/\/exceladvisor.org\/pt\/wp-json\/wp\/v2\/users\/1"}],"replies":[{"embeddable":true,"href":"https:\/\/exceladvisor.org\/pt\/wp-json\/wp\/v2\/comments?post=671"}],"version-history":[{"count":1,"href":"https:\/\/exceladvisor.org\/pt\/wp-json\/wp\/v2\/pages\/671\/revisions"}],"predecessor-version":[{"id":1373,"href":"https:\/\/exceladvisor.org\/pt\/wp-json\/wp\/v2\/pages\/671\/revisions\/1373"}],"wp:attachment":[{"href":"https:\/\/exceladvisor.org\/pt\/wp-json\/wp\/v2\/media?parent=671"}],"curies":[{"name":"wp","href":"https:\/\/api.w.org\/{rel}","templated":true}]}}