{"id":672,"date":"2023-09-28T22:43:00","date_gmt":"2023-09-28T22:43:00","guid":{"rendered":"https:\/\/exceladvisor.org\/pt\/percorrer-o-intervalo\/"},"modified":"2023-12-06T11:38:32","modified_gmt":"2023-12-06T11:38:32","slug":"percorrer-o-intervalo","status":"publish","type":"page","link":"https:\/\/exceladvisor.org\/pt\/percorrer-o-intervalo\/","title":{"rendered":"Como navegar em um intervalo usando vba?"},"content":{"rendered":"<div class=\"excel-before-content-2\" id=\"excel-716948487\"><script type=\"text\/javascript\">\r\n\tatOptions = {\r\n\t\t'key' : 'c1158f160081d6540a8409e6925dab94',\r\n\t\t'format' : 'iframe',\r\n\t\t'height' : 250,\r\n\t\t'width' : 300,\r\n\t\t'params' : {}\r\n\t};\r\n<\/script>\r\n<script type=\"text\/javascript\" src=\"\/\/www.highperformanceformat.com\/c1158f160081d6540a8409e6925dab94\/invoke.js\"><\/script><\/div><div class=\"excel-before-content\" id=\"excel-104308631\"><script type=\"text\/javascript\">\r\n\tatOptions = {\r\n\t\t'key' : 'c1158f160081d6540a8409e6925dab94',\r\n\t\t'format' : 'iframe',\r\n\t\t'height' : 250,\r\n\t\t'width' : 300,\r\n\t\t'params' : {}\r\n\t};\r\n<\/script>\r\n<script type=\"text\/javascript\" src=\"\/\/www.highperformanceformat.com\/c1158f160081d6540a8409e6925dab94\/invoke.js\"><\/script><\/div> <p>Para percorrer um intervalo no VBA, voc\u00ea precisa usar a op\u00e7\u00e3o \u201cFor Each Loop\u201d. Usando esse loop, voc\u00ea pode escrever um c\u00f3digo onde instrui o VBA a percorrer cada c\u00e9lula do intervalo, coluna ou linha e executar uma atividade espec\u00edfica.<\/p><pre class=\"wp-block-code\"> <code class=\"language-visual-basic\" lang=\"visual-basic\"><strong>Sub<\/strong> vba_loop_range() <strong>Dim<\/strong> iCell <strong>As<\/strong> Range <strong>For<\/strong> <strong>Each<\/strong> iCell <strong>In<\/strong> Range(\"A1:A10\").Cells   iCell.Value = \"Yes\" <strong>Next<\/strong> iCell <strong>End<\/strong> <strong>Sub<\/strong><\/code><\/pre><p> Aqui est\u00e3o os passos para caminhar na praia:<\/p><ol><li> Primeiro, declare uma vari\u00e1vel para usar como c\u00e9lula do intervalo a ser repetido. <br><img loading=\"lazy\" decoding=\"async\" title=\"Faixa de 1 loop\" src=\"https:\/\/exceladvisor.org\/wp-content\/uploads\/2023\/08\/1-boucle-a-travers-la-gamme.png\" sizes=\"auto, \" srcset=\"\" alt=\"loop-through-range\" width=\"281\" height=\"277\"><\/li><li> Depois disso, inicie o loop \u201cFor Each\u201d e use a vari\u00e1vel \u201ciCell\u201d para representar cada c\u00e9lula do intervalo durante o loop. <br><img loading=\"lazy\" decoding=\"async\" title=\"Vari\u00e1vel de 2 usos-icell\" src=\"https:\/\/exceladvisor.org\/wp-content\/uploads\/2023\/08\/2-utiliser-la-variable-icecell.png\" sizes=\"auto, \" srcset=\"\" alt=\"use-icell-variable\" width=\"404\" height=\"289\"><\/li><li> Em seguida, voc\u00ea precisa escrever uma linha de c\u00f3digo para realizar uma atividade em cada c\u00e9lula na qual fazemos o loop do intervalo. <br><img loading=\"lazy\" decoding=\"async\" title=\"3-escreva uma linha de c\u00f3digo\" src=\"https:\/\/exceladvisor.org\/wp-content\/uploads\/2023\/08\/3-ecrire-une-ligne-de-code.png\" sizes=\"auto, \" srcset=\"\" alt=\"write-a-line-of-code\" width=\"420\" height=\"356\"><\/li><li> No final, encerre o c\u00f3digo para um loop. <br><img loading=\"lazy\" decoding=\"async\" title=\"4-fim-do-c\u00f3digo-para-um-loop\" src=\"https:\/\/exceladvisor.org\/wp-content\/uploads\/2023\/08\/4-terminer-le-code-pour-une-boucle.png\" sizes=\"auto, \" srcset=\"\" alt=\"end-the-code-for-a-loop\" width=\"418\" height=\"363\"><\/li><\/ol><h2 class=\"wp-block-heading\"> Fa\u00e7a um loop em uma coluna inteira e uma linha usando VBA<\/h2><p> Da mesma forma, voc\u00ea pode iterar cada c\u00e9lula em uma linha usando o c\u00f3digo a seguir, que \u00e9 id\u00eantico ao c\u00f3digo que usamos no exemplo anterior, a \u00fanica diferen\u00e7a \u00e9 o intervalo que especificamos. <\/p><div class=\"wp-block-image\"><figure class=\"aligncenter size-full is-resized\"><img loading=\"lazy\" decoding=\"async\" class=\"wp-image-61538\" src=\"https:\/\/exceladvisor.org\/wp-content\/uploads\/2023\/08\/5-boucles-sur-toute-la-colonne-et-la-ligne.png\" sizes=\"auto, \" srcset=\"\" alt=\"percorrer toda a coluna e linha\" width=\"406\" height=\"344\"><\/figure><\/div><p> Nota: Antes de percorrer uma coluna ou linha inteira, voc\u00ea deve entender que o loop pode levar algum tempo e o Excel pode congelar por alguns minutos.<\/p><pre class=\"wp-block-code\"> <code class=\"language-visual-basic\" lang=\"visual-basic\"><strong>Sub<\/strong> vba_loop_range() <strong>Dim<\/strong> iCell <strong>As<\/strong> Range <strong>For<\/strong> <strong>Each<\/strong> iCell <strong>In<\/strong> Range(\"A:A\").Cells   iCell.Value = \"Yes\" <strong>Next<\/strong> iCell <strong>End<\/strong> <strong>Sub<\/strong><\/code><\/pre><p> E da mesma forma, voc\u00ea pode usar uma linha completa como intervalo a percorrer.<\/p><pre class=\"wp-block-code\"> <code class=\"language-visual-basic\" lang=\"visual-basic\"><strong>Sub<\/strong> vba_loop_range() <strong>Dim<\/strong> iCell <strong>As<\/strong> Range <strong>For<\/strong> <strong>Each<\/strong> iCell <strong>In<\/strong> Range(\"1:1\").Cells   iCell.Value = \"Yes\" <strong>Next<\/strong> iCell <strong>End<\/strong> <strong>Sub<\/strong><\/code><\/pre><h2 class=\"wp-block-heading\"> Loop atrav\u00e9s da faixa din\u00e2mica<\/h2><p> E se voc\u00ea quiser iterar em um intervalo din\u00e2mico de c\u00e9lulas, consulte o c\u00f3digo a seguir. <\/p><div class=\"wp-block-image\"><figure class=\"aligncenter size-full is-resized\"><img loading=\"lazy\" decoding=\"async\" class=\"wp-image-61539\" src=\"https:\/\/exceladvisor.org\/wp-content\/uploads\/2023\/08\/6-boucles-a-travers-la-plage-dynamique.png\" sizes=\"auto, \" srcset=\"\" alt=\"percorrer a faixa din\u00e2mica\" width=\"751\" height=\"469\"><\/figure><\/div><pre class=\"wp-block-code\"> <code class=\"language-visual-basic\" lang=\"visual-basic\"><strong>Sub<\/strong> vba_dynamic_loop_range() <strong>Dim<\/strong> iCell <strong>As<\/strong> Range <strong>Dim<\/strong> iRange1 <strong>As<\/strong> String <strong>Dim<\/strong> iRange2 <strong>As<\/strong> String <strong>Dim<\/strong> rangeName <strong>As<\/strong> String iRange1 = ActiveCell.Address iRange2 = ActiveCell.Offset(5, 5).Address rangeName = iRange1 &amp; \":\" &amp; iRange2 <strong>For<\/strong> <strong>Each<\/strong> iCell <strong>In<\/strong> Range(rangeName).Cells   iCell = \"Yes\" <strong>Next<\/strong> iCell <strong>End<\/strong> <strong>Sub<\/strong><\/code><\/pre><div class=\"gb-container gb-container-4db6181c gb-container-mt\"> <a class=\"gb-button gb-button-c5897111 gb-button-text gb-button-mt-button\" href=\"https:\/\/exceladvisor.org\/pt\/vba\/\">O que \u00e9 VBA<\/a><h2 class=\"gb-headline gb-headline-665e5f6b gb-headline-text gb-headline-mt-heading\"> Tutoriais relacionados <\/h2><div class=\"gb-grid-wrapper gb-grid-wrapper-a20baf7c gb-grid-wrapper-mt-grid\"><div class=\"gb-grid-column gb-grid-column-65ddf67e\"><div class=\"gb-container gb-container-65ddf67e\"><ul><li> <a href=\"https:\/\/exceladvisor.org\/pt\/rotacoes\/\">Loops VBA (do iniciante ao avan\u00e7ado)<\/a><\/li><li> <a href=\"https:\/\/exceladvisor.org\/pt\/selecione-o-caso\/\">Caso selecionado do VBA<\/a><\/li><li> <a href=\"https:\/\/exceladvisor.org\/pt\/fazer-enquanto\/\">Excel VBA Do While Loop e (Do Loop While) \u2013 Um Guia<\/a><\/li><li> <a href=\"https:\/\/exceladvisor.org\/pt\/folhas-de-laco\/\">Percorra todas as planilhas usando VBA no Excel<\/a><\/li><li> <a href=\"https:\/\/exceladvisor.org\/pt\/para-o-circuito\/\">VBA FOR LOOP (para o pr\u00f3ximo, para cada)<\/a> <\/li><\/ul><\/div><\/div><div class=\"gb-grid-column gb-grid-column-50067b57\"><div class=\"gb-container gb-container-50067b57\"><\/div><\/div><\/div><\/div>","protected":false},"excerpt":{"rendered":"","protected":false},"author":1,"featured_media":0,"parent":0,"menu_order":0,"comment_status":"open","ping_status":"closed","template":"","meta":{"ub_ctt_via":"","footnotes":""},"class_list":["post-672","page","type-page","status-publish","hentry"],"featured_image_src":null,"yoast_head":"<!-- This site is optimized with the Yoast SEO plugin v25.4 - https:\/\/yoast.com\/wordpress\/plugins\/seo\/ -->\n<title>Como navegar em um intervalo usando VBA? (Tutorial 2023)<\/title>\n<meta name=\"description\" content=\"Para percorrer um intervalo no VBA, voc\u00ea precisa usar a op\u00e7\u00e3o &quot;For Each Loop&quot;. Usando este loop voc\u00ea pode escrever c\u00f3digo onde...\" \/>\n<meta name=\"robots\" content=\"index, follow, max-snippet:-1, max-image-preview:large, max-video-preview:-1\" \/>\n<link rel=\"canonical\" href=\"https:\/\/exceladvisor.org\/pt\/percorrer-o-intervalo\/\" \/>\n<meta property=\"og:locale\" content=\"pt_PT\" \/>\n<meta property=\"og:type\" content=\"article\" \/>\n<meta property=\"og:title\" content=\"Como navegar em um intervalo usando VBA? (Tutorial 2023)\" \/>\n<meta property=\"og:description\" content=\"Para percorrer um intervalo no VBA, voc\u00ea precisa usar a op\u00e7\u00e3o &quot;For Each Loop&quot;. Usando este loop voc\u00ea pode escrever c\u00f3digo onde...\" \/>\n<meta property=\"og:url\" content=\"https:\/\/exceladvisor.org\/pt\/percorrer-o-intervalo\/\" \/>\n<meta property=\"og:site_name\" content=\"Excel Advisor\" \/>\n<meta property=\"article:modified_time\" content=\"2023-12-06T11:38:32+00:00\" \/>\n<meta property=\"og:image\" content=\"https:\/\/exceladvisor.org\/wp-content\/uploads\/2023\/08\/1-boucle-a-travers-la-gamme.png\" \/>\n<meta name=\"twitter:card\" content=\"summary_large_image\" \/>\n<meta name=\"twitter:label1\" content=\"Tempo estimado de leitura\" \/>\n\t<meta name=\"twitter:data1\" content=\"2 minutos\" \/>\n<script type=\"application\/ld+json\" class=\"yoast-schema-graph\">{\"@context\":\"https:\/\/schema.org\",\"@graph\":[{\"@type\":\"WebPage\",\"@id\":\"https:\/\/exceladvisor.org\/pt\/percorrer-o-intervalo\/\",\"url\":\"https:\/\/exceladvisor.org\/pt\/percorrer-o-intervalo\/\",\"name\":\"Como navegar em um intervalo usando VBA? (Tutorial 2023)\",\"isPartOf\":{\"@id\":\"https:\/\/exceladvisor.org\/pt\/#website\"},\"primaryImageOfPage\":{\"@id\":\"https:\/\/exceladvisor.org\/pt\/percorrer-o-intervalo\/#primaryimage\"},\"image\":{\"@id\":\"https:\/\/exceladvisor.org\/pt\/percorrer-o-intervalo\/#primaryimage\"},\"thumbnailUrl\":\"https:\/\/exceladvisor.org\/wp-content\/uploads\/2023\/08\/1-boucle-a-travers-la-gamme.png\",\"datePublished\":\"2023-09-28T22:43:00+00:00\",\"dateModified\":\"2023-12-06T11:38:32+00:00\",\"description\":\"Para percorrer um intervalo no VBA, voc\u00ea precisa usar a op\u00e7\u00e3o &quot;For Each Loop&quot;. Usando este loop voc\u00ea pode escrever c\u00f3digo onde...\",\"breadcrumb\":{\"@id\":\"https:\/\/exceladvisor.org\/pt\/percorrer-o-intervalo\/#breadcrumb\"},\"inLanguage\":\"pt-PT\",\"potentialAction\":[{\"@type\":\"ReadAction\",\"target\":[\"https:\/\/exceladvisor.org\/pt\/percorrer-o-intervalo\/\"]}]},{\"@type\":\"ImageObject\",\"inLanguage\":\"pt-PT\",\"@id\":\"https:\/\/exceladvisor.org\/pt\/percorrer-o-intervalo\/#primaryimage\",\"url\":\"https:\/\/exceladvisor.org\/wp-content\/uploads\/2023\/08\/1-boucle-a-travers-la-gamme.png\",\"contentUrl\":\"https:\/\/exceladvisor.org\/wp-content\/uploads\/2023\/08\/1-boucle-a-travers-la-gamme.png\"},{\"@type\":\"BreadcrumbList\",\"@id\":\"https:\/\/exceladvisor.org\/pt\/percorrer-o-intervalo\/#breadcrumb\",\"itemListElement\":[{\"@type\":\"ListItem\",\"position\":1,\"name\":\"Lar\",\"item\":\"https:\/\/exceladvisor.org\/pt\/\"},{\"@type\":\"ListItem\",\"position\":2,\"name\":\"Como navegar em um intervalo usando vba?\"}]},{\"@type\":\"WebSite\",\"@id\":\"https:\/\/exceladvisor.org\/pt\/#website\",\"url\":\"https:\/\/exceladvisor.org\/pt\/\",\"name\":\"Excel Advisor\",\"description\":\"O seu guia definitivo para dominar os dados!\",\"publisher\":{\"@id\":\"https:\/\/exceladvisor.org\/pt\/#organization\"},\"potentialAction\":[{\"@type\":\"SearchAction\",\"target\":{\"@type\":\"EntryPoint\",\"urlTemplate\":\"https:\/\/exceladvisor.org\/pt\/?s={search_term_string}\"},\"query-input\":{\"@type\":\"PropertyValueSpecification\",\"valueRequired\":true,\"valueName\":\"search_term_string\"}}],\"inLanguage\":\"pt-PT\"},{\"@type\":\"Organization\",\"@id\":\"https:\/\/exceladvisor.org\/pt\/#organization\",\"name\":\"Excel Advisor\",\"url\":\"https:\/\/exceladvisor.org\/pt\/\",\"logo\":{\"@type\":\"ImageObject\",\"inLanguage\":\"pt-PT\",\"@id\":\"https:\/\/exceladvisor.org\/pt\/#\/schema\/logo\/image\/\",\"url\":\"https:\/\/exceladvisor.org\/pt\/wp-content\/uploads\/2023\/12\/exceladvisor.org_.png\",\"contentUrl\":\"https:\/\/exceladvisor.org\/pt\/wp-content\/uploads\/2023\/12\/exceladvisor.org_.png\",\"width\":105,\"height\":36,\"caption\":\"Excel Advisor\"},\"image\":{\"@id\":\"https:\/\/exceladvisor.org\/pt\/#\/schema\/logo\/image\/\"}}]}<\/script>\n<!-- \/ Yoast SEO plugin. -->","yoast_head_json":{"title":"Como navegar em um intervalo usando VBA? (Tutorial 2023)","description":"Para percorrer um intervalo no VBA, voc\u00ea precisa usar a op\u00e7\u00e3o &quot;For Each Loop&quot;. Usando este loop voc\u00ea pode escrever c\u00f3digo onde...","robots":{"index":"index","follow":"follow","max-snippet":"max-snippet:-1","max-image-preview":"max-image-preview:large","max-video-preview":"max-video-preview:-1"},"canonical":"https:\/\/exceladvisor.org\/pt\/percorrer-o-intervalo\/","og_locale":"pt_PT","og_type":"article","og_title":"Como navegar em um intervalo usando VBA? (Tutorial 2023)","og_description":"Para percorrer um intervalo no VBA, voc\u00ea precisa usar a op\u00e7\u00e3o &quot;For Each Loop&quot;. Usando este loop voc\u00ea pode escrever c\u00f3digo onde...","og_url":"https:\/\/exceladvisor.org\/pt\/percorrer-o-intervalo\/","og_site_name":"Excel Advisor","article_modified_time":"2023-12-06T11:38:32+00:00","og_image":[{"url":"https:\/\/exceladvisor.org\/wp-content\/uploads\/2023\/08\/1-boucle-a-travers-la-gamme.png","type":"","width":"","height":""}],"twitter_card":"summary_large_image","twitter_misc":{"Tempo estimado de leitura":"2 minutos"},"schema":{"@context":"https:\/\/schema.org","@graph":[{"@type":"WebPage","@id":"https:\/\/exceladvisor.org\/pt\/percorrer-o-intervalo\/","url":"https:\/\/exceladvisor.org\/pt\/percorrer-o-intervalo\/","name":"Como navegar em um intervalo usando VBA? (Tutorial 2023)","isPartOf":{"@id":"https:\/\/exceladvisor.org\/pt\/#website"},"primaryImageOfPage":{"@id":"https:\/\/exceladvisor.org\/pt\/percorrer-o-intervalo\/#primaryimage"},"image":{"@id":"https:\/\/exceladvisor.org\/pt\/percorrer-o-intervalo\/#primaryimage"},"thumbnailUrl":"https:\/\/exceladvisor.org\/wp-content\/uploads\/2023\/08\/1-boucle-a-travers-la-gamme.png","datePublished":"2023-09-28T22:43:00+00:00","dateModified":"2023-12-06T11:38:32+00:00","description":"Para percorrer um intervalo no VBA, voc\u00ea precisa usar a op\u00e7\u00e3o &quot;For Each Loop&quot;. Usando este loop voc\u00ea pode escrever c\u00f3digo onde...","breadcrumb":{"@id":"https:\/\/exceladvisor.org\/pt\/percorrer-o-intervalo\/#breadcrumb"},"inLanguage":"pt-PT","potentialAction":[{"@type":"ReadAction","target":["https:\/\/exceladvisor.org\/pt\/percorrer-o-intervalo\/"]}]},{"@type":"ImageObject","inLanguage":"pt-PT","@id":"https:\/\/exceladvisor.org\/pt\/percorrer-o-intervalo\/#primaryimage","url":"https:\/\/exceladvisor.org\/wp-content\/uploads\/2023\/08\/1-boucle-a-travers-la-gamme.png","contentUrl":"https:\/\/exceladvisor.org\/wp-content\/uploads\/2023\/08\/1-boucle-a-travers-la-gamme.png"},{"@type":"BreadcrumbList","@id":"https:\/\/exceladvisor.org\/pt\/percorrer-o-intervalo\/#breadcrumb","itemListElement":[{"@type":"ListItem","position":1,"name":"Lar","item":"https:\/\/exceladvisor.org\/pt\/"},{"@type":"ListItem","position":2,"name":"Como navegar em um intervalo usando vba?"}]},{"@type":"WebSite","@id":"https:\/\/exceladvisor.org\/pt\/#website","url":"https:\/\/exceladvisor.org\/pt\/","name":"Excel Advisor","description":"O seu guia definitivo para dominar os dados!","publisher":{"@id":"https:\/\/exceladvisor.org\/pt\/#organization"},"potentialAction":[{"@type":"SearchAction","target":{"@type":"EntryPoint","urlTemplate":"https:\/\/exceladvisor.org\/pt\/?s={search_term_string}"},"query-input":{"@type":"PropertyValueSpecification","valueRequired":true,"valueName":"search_term_string"}}],"inLanguage":"pt-PT"},{"@type":"Organization","@id":"https:\/\/exceladvisor.org\/pt\/#organization","name":"Excel Advisor","url":"https:\/\/exceladvisor.org\/pt\/","logo":{"@type":"ImageObject","inLanguage":"pt-PT","@id":"https:\/\/exceladvisor.org\/pt\/#\/schema\/logo\/image\/","url":"https:\/\/exceladvisor.org\/pt\/wp-content\/uploads\/2023\/12\/exceladvisor.org_.png","contentUrl":"https:\/\/exceladvisor.org\/pt\/wp-content\/uploads\/2023\/12\/exceladvisor.org_.png","width":105,"height":36,"caption":"Excel Advisor"},"image":{"@id":"https:\/\/exceladvisor.org\/pt\/#\/schema\/logo\/image\/"}}]}},"yoast_meta":{"yoast_wpseo_title":"","yoast_wpseo_metadesc":"","yoast_wpseo_canonical":""},"_links":{"self":[{"href":"https:\/\/exceladvisor.org\/pt\/wp-json\/wp\/v2\/pages\/672","targetHints":{"allow":["GET"]}}],"collection":[{"href":"https:\/\/exceladvisor.org\/pt\/wp-json\/wp\/v2\/pages"}],"about":[{"href":"https:\/\/exceladvisor.org\/pt\/wp-json\/wp\/v2\/types\/page"}],"author":[{"embeddable":true,"href":"https:\/\/exceladvisor.org\/pt\/wp-json\/wp\/v2\/users\/1"}],"replies":[{"embeddable":true,"href":"https:\/\/exceladvisor.org\/pt\/wp-json\/wp\/v2\/comments?post=672"}],"version-history":[{"count":1,"href":"https:\/\/exceladvisor.org\/pt\/wp-json\/wp\/v2\/pages\/672\/revisions"}],"predecessor-version":[{"id":1132,"href":"https:\/\/exceladvisor.org\/pt\/wp-json\/wp\/v2\/pages\/672\/revisions\/1132"}],"wp:attachment":[{"href":"https:\/\/exceladvisor.org\/pt\/wp-json\/wp\/v2\/media?parent=672"}],"curies":[{"name":"wp","href":"https:\/\/api.w.org\/{rel}","templated":true}]}}